{"id":21600,"date":"2025-06-11T13:46:21","date_gmt":"2025-06-11T11:46:21","guid":{"rendered":"https:\/\/demkohome.pl\/?post_type=product&#038;p=21600"},"modified":"2026-04-18T03:16:49","modified_gmt":"2026-04-18T01:16:49","slug":"szafka-kuchenna-abril-30cm","status":"publish","type":"product","link":"https:\/\/demkohome.pl\/en\/product\/szafka-kuchenna-abril-30cm\/","title":{"rendered":"Abril 30cm kitchen cabinet"},"content":{"rendered":"<h3 data-start=\"185\" data-end=\"272\">Abril D30 1D Kitchen Base Cabinet - Sleek Form, Maximum Functionality<\/h3>\n<p data-start=\"274\" data-end=\"598\">Abril D30\/81 1D base cabinet is a practical kitchen built-in module, designed for optimal use of narrow spaces. Thanks to its compact width of 30 cm, it is perfect for hard-to-reach places - in alcoves, at the ends of kitchen runs or as a complement to larger cabinets.<\/p>\n<p data-start=\"600\" data-end=\"948\">The front and body are made of durable laminated board, resistant to moisture and everyday use. Decor in a warm shade of walnut with horizontal grain gives the furniture an elegant, natural look and subtle dynamism. A black handle with a modern, simple shape creates a stylish contrast and emphasizes the contemporary character of the Abril collection.<\/p>\n<p data-start=\"950\" data-end=\"1260\">The interior of the cabinet conceals a practical shelf that divides the space into two functional compartments. This is an ideal place to store spices, dry products, small dishes or kitchen accessories. The door is mounted on sturdy hinges, ensuring durability and smooth, quiet operation.<\/p>\n<p data-start=\"1262\" data-end=\"1530\">This model is sold without a countertop, which gives full freedom of arrangement - it can be easily integrated into the built-in sequence or function as a stand-alone unit. In combination with other elements of the ABRIL collection, it creates a coherent and aesthetically pleasing kitchen space.<\/p>\n<p data-start=\"1887\" data-end=\"2086\">Abril D30\/81 1D is an excellent combination of compact format, functionality and elegant design. Ideal for those looking for a practical solution for a modern kitchen.<\/p>\n<p><img loading=\"lazy\" decoding=\"async\" class=\"alignnone wp-image-12132\" src=\"https:\/\/demkohome.pl\/wp-content\/uploads\/2025\/08\/ABRIL-orzech-180_57-scaled.jpg\" alt=\"\" width=\"2345\" height=\"1336\" \/><\/p>\n<p data-start=\"1887\" data-end=\"2086\">","protected":false},"excerpt":{"rendered":"<p>Szafka Kuchenna Dolna Abril D30 1D \u2013 Smuk\u0142a Forma, Maksymalna Funkcjonalno\u015b\u0107 Szafka dolna Abril D30\/81 1D to praktyczny modu\u0142 zabudowy (&#8230;)<\/p>","protected":false},"featured_media":21602,"comment_status":"open","ping_status":"closed","template":"","meta":{"_acf_changed":false,"inline_featured_image":false},"product_brand":[],"product_cat":[302,294,300,65,107],"product_tag":[],"class_list":{"0":"post-21600","1":"product","2":"type-product","3":"status-publish","4":"has-post-thumbnail","6":"product_cat-kuchnia-pomieszczenia","7":"product_cat-meble","8":"product_cat-meble-kuchenne-meble","9":"product_cat-meble-kuchenne","10":"product_cat-szafki-kuchenne-stojace","11":"product_shipping_class-przesylka-dpd-15-pln","12":"collection-abril","14":"first","15":"instock","16":"shipping-taxable","17":"purchasable","18":"product-type-simple"},"acf":[],"yoast_head":"<!-- This site is optimized with the Yoast SEO plugin v27.4 - https:\/\/yoast.com\/product\/yoast-seo-wordpress\/ -->\n<title>Szafka kuchenna Abril 30cm - Demko Home<\/title>\n<meta name=\"robots\" content=\"index, follow, max-snippet:-1, max-image-preview:large, max-video-preview:-1\" \/>\n<link rel=\"canonical\" href=\"https:\/\/demkohome.pl\/en\/product\/szafka-kuchenna-abril-30cm\/\" \/>\n<meta property=\"og:locale\" content=\"en_US\" \/>\n<meta property=\"og:type\" content=\"article\" \/>\n<meta property=\"og:title\" content=\"Szafka kuchenna Abril 30cm - Demko Home\" \/>\n<meta property=\"og:description\" content=\"Szafka Kuchenna Dolna Abril D30 1D \u2013 Smuk\u0142a Forma, Maksymalna Funkcjonalno\u015b\u0107 Szafka dolna Abril D30\/81 1D to praktyczny modu\u0142 zabudowy (...)\" \/>\n<meta property=\"og:url\" content=\"https:\/\/demkohome.pl\/en\/product\/szafka-kuchenna-abril-30cm\/\" \/>\n<meta property=\"og:site_name\" content=\"Demko Home\" \/>\n<meta property=\"article:modified_time\" content=\"2026-04-18T01:16:49+00:00\" \/>\n<meta property=\"og:image\" content=\"https:\/\/demkohome.pl\/wp-content\/uploads\/2025\/05\/Sz.-kuch.-ABRIL-Dol-30_81-1D-Orzech-5907736147175-zew.jpg\" \/>\n\t<meta property=\"og:image:width\" content=\"2560\" \/>\n\t<meta property=\"og:image:height\" content=\"1707\" \/>\n\t<meta property=\"og:image:type\" content=\"image\/jpeg\" \/>\n<meta name=\"twitter:card\" content=\"summary_large_image\" \/>\n<meta name=\"twitter:label1\" content=\"Est. reading time\" \/>\n\t<meta name=\"twitter:data1\" content=\"2 minutes\" \/>\n<script type=\"application\/ld+json\" class=\"yoast-schema-graph\">{\"@context\":\"https:\\\/\\\/schema.org\",\"@graph\":[{\"@type\":\"WebPage\",\"@id\":\"https:\\\/\\\/demkohome.pl\\\/produkt\\\/szafka-kuchenna-abril-30cm\\\/\",\"url\":\"https:\\\/\\\/demkohome.pl\\\/produkt\\\/szafka-kuchenna-abril-30cm\\\/\",\"name\":\"Szafka kuchenna Abril 30cm - Demko Home\",\"isPartOf\":{\"@id\":\"https:\\\/\\\/demkohome.pl\\\/#website\"},\"primaryImageOfPage\":{\"@id\":\"https:\\\/\\\/demkohome.pl\\\/produkt\\\/szafka-kuchenna-abril-30cm\\\/#primaryimage\"},\"image\":{\"@id\":\"https:\\\/\\\/demkohome.pl\\\/produkt\\\/szafka-kuchenna-abril-30cm\\\/#primaryimage\"},\"thumbnailUrl\":\"https:\\\/\\\/demkohome.pl\\\/wp-content\\\/uploads\\\/2025\\\/05\\\/Sz.-kuch.-ABRIL-Dol-30_81-1D-Orzech-5907736147175-zew.jpg\",\"datePublished\":\"2025-06-11T11:46:21+00:00\",\"dateModified\":\"2026-04-18T01:16:49+00:00\",\"breadcrumb\":{\"@id\":\"https:\\\/\\\/demkohome.pl\\\/produkt\\\/szafka-kuchenna-abril-30cm\\\/#breadcrumb\"},\"inLanguage\":\"en-US\",\"potentialAction\":[{\"@type\":\"ReadAction\",\"target\":[\"https:\\\/\\\/demkohome.pl\\\/produkt\\\/szafka-kuchenna-abril-30cm\\\/\"]}]},{\"@type\":\"ImageObject\",\"inLanguage\":\"en-US\",\"@id\":\"https:\\\/\\\/demkohome.pl\\\/produkt\\\/szafka-kuchenna-abril-30cm\\\/#primaryimage\",\"url\":\"https:\\\/\\\/demkohome.pl\\\/wp-content\\\/uploads\\\/2025\\\/05\\\/Sz.-kuch.-ABRIL-Dol-30_81-1D-Orzech-5907736147175-zew.jpg\",\"contentUrl\":\"https:\\\/\\\/demkohome.pl\\\/wp-content\\\/uploads\\\/2025\\\/05\\\/Sz.-kuch.-ABRIL-Dol-30_81-1D-Orzech-5907736147175-zew.jpg\",\"width\":2560,\"height\":1707},{\"@type\":\"BreadcrumbList\",\"@id\":\"https:\\\/\\\/demkohome.pl\\\/produkt\\\/szafka-kuchenna-abril-30cm\\\/#breadcrumb\",\"itemListElement\":[{\"@type\":\"ListItem\",\"position\":1,\"name\":\"Strona g\u0142\u00f3wna\",\"item\":\"https:\\\/\\\/demkohome.pl\\\/\"},{\"@type\":\"ListItem\",\"position\":2,\"name\":\"Sklep\",\"item\":\"https:\\\/\\\/demkohome.pl\\\/sklep\\\/\"},{\"@type\":\"ListItem\",\"position\":3,\"name\":\"Szafka kuchenna Abril 30cm\"}]},{\"@type\":\"WebSite\",\"@id\":\"https:\\\/\\\/demkohome.pl\\\/#website\",\"url\":\"https:\\\/\\\/demkohome.pl\\\/\",\"name\":\"Demko Home\",\"description\":\"Make it simple\",\"publisher\":{\"@id\":\"https:\\\/\\\/demkohome.pl\\\/#organization\"},\"potentialAction\":[{\"@type\":\"SearchAction\",\"target\":{\"@type\":\"EntryPoint\",\"urlTemplate\":\"https:\\\/\\\/demkohome.pl\\\/?s={search_term_string}\"},\"query-input\":{\"@type\":\"PropertyValueSpecification\",\"valueRequired\":true,\"valueName\":\"search_term_string\"}}],\"inLanguage\":\"en-US\"},{\"@type\":\"Organization\",\"@id\":\"https:\\\/\\\/demkohome.pl\\\/#organization\",\"name\":\"Demko Home\",\"url\":\"https:\\\/\\\/demkohome.pl\\\/\",\"logo\":{\"@type\":\"ImageObject\",\"inLanguage\":\"en-US\",\"@id\":\"https:\\\/\\\/demkohome.pl\\\/#\\\/schema\\\/logo\\\/image\\\/\",\"url\":\"https:\\\/\\\/demkohome.pl\\\/wp-content\\\/uploads\\\/2026\\\/03\\\/cropped-3.png\",\"contentUrl\":\"https:\\\/\\\/demkohome.pl\\\/wp-content\\\/uploads\\\/2026\\\/03\\\/cropped-3.png\",\"width\":250,\"height\":63,\"caption\":\"Demko Home\"},\"image\":{\"@id\":\"https:\\\/\\\/demkohome.pl\\\/#\\\/schema\\\/logo\\\/image\\\/\"}}]}<\/script>\n<!-- \/ Yoast SEO plugin. -->","yoast_head_json":{"title":"Szafka kuchenna Abril 30cm - Demko Home","robots":{"index":"index","follow":"follow","max-snippet":"max-snippet:-1","max-image-preview":"max-image-preview:large","max-video-preview":"max-video-preview:-1"},"canonical":"https:\/\/demkohome.pl\/en\/product\/szafka-kuchenna-abril-30cm\/","og_locale":"en_US","og_type":"article","og_title":"Szafka kuchenna Abril 30cm - Demko Home","og_description":"Szafka Kuchenna Dolna Abril D30 1D \u2013 Smuk\u0142a Forma, Maksymalna Funkcjonalno\u015b\u0107 Szafka dolna Abril D30\/81 1D to praktyczny modu\u0142 zabudowy (...)","og_url":"https:\/\/demkohome.pl\/en\/product\/szafka-kuchenna-abril-30cm\/","og_site_name":"Demko Home","article_modified_time":"2026-04-18T01:16:49+00:00","og_image":[{"width":2560,"height":1707,"url":"https:\/\/demkohome.pl\/wp-content\/uploads\/2025\/05\/Sz.-kuch.-ABRIL-Dol-30_81-1D-Orzech-5907736147175-zew.jpg","type":"image\/jpeg"}],"twitter_card":"summary_large_image","twitter_misc":{"Est. reading time":"2 minutes"},"schema":{"@context":"https:\/\/schema.org","@graph":[{"@type":"WebPage","@id":"https:\/\/demkohome.pl\/produkt\/szafka-kuchenna-abril-30cm\/","url":"https:\/\/demkohome.pl\/produkt\/szafka-kuchenna-abril-30cm\/","name":"Szafka kuchenna Abril 30cm - Demko Home","isPartOf":{"@id":"https:\/\/demkohome.pl\/#website"},"primaryImageOfPage":{"@id":"https:\/\/demkohome.pl\/produkt\/szafka-kuchenna-abril-30cm\/#primaryimage"},"image":{"@id":"https:\/\/demkohome.pl\/produkt\/szafka-kuchenna-abril-30cm\/#primaryimage"},"thumbnailUrl":"https:\/\/demkohome.pl\/wp-content\/uploads\/2025\/05\/Sz.-kuch.-ABRIL-Dol-30_81-1D-Orzech-5907736147175-zew.jpg","datePublished":"2025-06-11T11:46:21+00:00","dateModified":"2026-04-18T01:16:49+00:00","breadcrumb":{"@id":"https:\/\/demkohome.pl\/produkt\/szafka-kuchenna-abril-30cm\/#breadcrumb"},"inLanguage":"en-US","potentialAction":[{"@type":"ReadAction","target":["https:\/\/demkohome.pl\/produkt\/szafka-kuchenna-abril-30cm\/"]}]},{"@type":"ImageObject","inLanguage":"en-US","@id":"https:\/\/demkohome.pl\/produkt\/szafka-kuchenna-abril-30cm\/#primaryimage","url":"https:\/\/demkohome.pl\/wp-content\/uploads\/2025\/05\/Sz.-kuch.-ABRIL-Dol-30_81-1D-Orzech-5907736147175-zew.jpg","contentUrl":"https:\/\/demkohome.pl\/wp-content\/uploads\/2025\/05\/Sz.-kuch.-ABRIL-Dol-30_81-1D-Orzech-5907736147175-zew.jpg","width":2560,"height":1707},{"@type":"BreadcrumbList","@id":"https:\/\/demkohome.pl\/produkt\/szafka-kuchenna-abril-30cm\/#breadcrumb","itemListElement":[{"@type":"ListItem","position":1,"name":"Strona g\u0142\u00f3wna","item":"https:\/\/demkohome.pl\/"},{"@type":"ListItem","position":2,"name":"Sklep","item":"https:\/\/demkohome.pl\/sklep\/"},{"@type":"ListItem","position":3,"name":"Szafka kuchenna Abril 30cm"}]},{"@type":"WebSite","@id":"https:\/\/demkohome.pl\/#website","url":"https:\/\/demkohome.pl\/","name":"Demko Home","description":"Make it simple","publisher":{"@id":"https:\/\/demkohome.pl\/#organization"},"potentialAction":[{"@type":"SearchAction","target":{"@type":"EntryPoint","urlTemplate":"https:\/\/demkohome.pl\/?s={search_term_string}"},"query-input":{"@type":"PropertyValueSpecification","valueRequired":true,"valueName":"search_term_string"}}],"inLanguage":"en-US"},{"@type":"Organization","@id":"https:\/\/demkohome.pl\/#organization","name":"Demko Home","url":"https:\/\/demkohome.pl\/","logo":{"@type":"ImageObject","inLanguage":"en-US","@id":"https:\/\/demkohome.pl\/#\/schema\/logo\/image\/","url":"https:\/\/demkohome.pl\/wp-content\/uploads\/2026\/03\/cropped-3.png","contentUrl":"https:\/\/demkohome.pl\/wp-content\/uploads\/2026\/03\/cropped-3.png","width":250,"height":63,"caption":"Demko Home"},"image":{"@id":"https:\/\/demkohome.pl\/#\/schema\/logo\/image\/"}}]}},"_links":{"self":[{"href":"https:\/\/demkohome.pl\/en\/wp-json\/wp\/v2\/product\/21600","targetHints":{"allow":["GET"]}}],"collection":[{"href":"https:\/\/demkohome.pl\/en\/wp-json\/wp\/v2\/product"}],"about":[{"href":"https:\/\/demkohome.pl\/en\/wp-json\/wp\/v2\/types\/product"}],"replies":[{"embeddable":true,"href":"https:\/\/demkohome.pl\/en\/wp-json\/wp\/v2\/comments?post=21600"}],"wp:featuredmedia":[{"embeddable":true,"href":"https:\/\/demkohome.pl\/en\/wp-json\/wp\/v2\/media\/21602"}],"wp:attachment":[{"href":"https:\/\/demkohome.pl\/en\/wp-json\/wp\/v2\/media?parent=21600"}],"wp:term":[{"taxonomy":"product_brand","embeddable":true,"href":"https:\/\/demkohome.pl\/en\/wp-json\/wp\/v2\/product_brand?post=21600"},{"taxonomy":"product_cat","embeddable":true,"href":"https:\/\/demkohome.pl\/en\/wp-json\/wp\/v2\/product_cat?post=21600"},{"taxonomy":"product_tag","embeddable":true,"href":"https:\/\/demkohome.pl\/en\/wp-json\/wp\/v2\/product_tag?post=21600"}],"curies":[{"name":"wp","href":"https:\/\/api.w.org\/{rel}","templated":true}]}}