{"id":21620,"date":"2025-06-11T08:21:02","date_gmt":"2025-06-11T06:21:02","guid":{"rendered":"https:\/\/demkohome.pl\/?post_type=product&#038;p=21620"},"modified":"2026-04-18T03:16:52","modified_gmt":"2026-04-18T01:16:52","slug":"stojaca-szafka-kuchenna-abril-60-cm-2-drzwi-1-szuflada","status":"publish","type":"product","link":"https:\/\/demkohome.pl\/en\/product\/stojaca-szafka-kuchenna-abril-60-cm-2-drzwi-1-szuflada\/","title":{"rendered":"Abril 60 cm standing kitchen cabinet 2 doors 1 drawer"},"content":{"rendered":"<h3 data-start=\"180\" data-end=\"288\">Abril Kitchen Base Cabinet 60 cm 2D1S - Practical Combination of Drawer and Double-Drawer Space<\/h3>\n<p data-start=\"290\" data-end=\"653\">Abril 60 cm base cabinet with one drawer and two fronts is an excellent choice for a kitchen where both functionality and aesthetics matter. The thoughtful design of the furniture allows you to store a wide range of kitchen accessories - from cutlery and small items in the upper drawer, to pots, bowls and supplies in the spacious lower section.<\/p>\n<p data-start=\"655\" data-end=\"942\">Made of durable laminated board, the cabinet looks elegant thanks to its walnut decor with visible horizontal grain, which imitates natural wood. The warm hue brings coziness to the interior, while the modern black handles add a contemporary touch.<\/p>\n<p data-start=\"944\" data-end=\"1268\">The interior of the cabinet is equipped with a practical shelf, dividing the space into two usable zones. The drawer in the upper part is set on sturdy guides, which ensure smooth and comfortable use. The door hinges are also characterized by durability and quiet closing, which guarantees convenience on a daily basis.<\/p>\n<p data-start=\"1270\" data-end=\"1478\">The cabinet is supplied without a countertop, which allows it to fit in any way you like with the existing build or individual kitchen design. It is a perfect complement to the Abril collection kitchen furniture system.<\/p>\n<p data-start=\"1789\" data-end=\"1991\">Abril 60 cm 2D1S cabinet is a combination of aesthetics and everyday convenience, which will blend into any modern kitchen. It will work well both as a stand-alone piece of furniture and as part of a comprehensive development.<\/p>\n<p><img loading=\"lazy\" decoding=\"async\" class=\"alignnone wp-image-12132\" src=\"https:\/\/demkohome.pl\/wp-content\/uploads\/2025\/08\/ABRIL-orzech-180_57-scaled.jpg\" alt=\"\" width=\"2345\" height=\"1336\" \/><\/p>","protected":false},"excerpt":{"rendered":"<p>Szafka Kuchenna Dolna Abril 60 cm 2D1S \u2013 Praktyczne Po\u0142\u0105czenie Szuflady i Dwuskrzyd\u0142owej Przestrzeni Szafka dolna Abril 60 cm z (&#8230;)<\/p>","protected":false},"featured_media":21621,"comment_status":"open","ping_status":"closed","template":"","meta":{"_acf_changed":false,"inline_featured_image":false},"product_brand":[],"product_cat":[140,302,294,65,106,107],"product_tag":[],"class_list":{"0":"post-21620","1":"product","2":"type-product","3":"status-publish","4":"has-post-thumbnail","6":"product_cat-kuchnia","7":"product_cat-kuchnia-pomieszczenia","8":"product_cat-meble","9":"product_cat-meble-kuchenne","10":"product_cat-szafki-kuchenne","11":"product_cat-szafki-kuchenne-stojace","12":"product_shipping_class-przesylka-dpd-15-pln","13":"collection-abril","15":"first","16":"instock","17":"shipping-taxable","18":"purchasable","19":"product-type-simple"},"acf":[],"yoast_head":"<!-- This site is optimized with the Yoast SEO plugin v27.4 - https:\/\/yoast.com\/product\/yoast-seo-wordpress\/ -->\n<title>Szafka kuchenna stoj\u0105ca Abril 60 cm 2 drzwi 1 szuflada - Demko Home<\/title>\n<meta name=\"robots\" content=\"index, follow, max-snippet:-1, max-image-preview:large, max-video-preview:-1\" \/>\n<link rel=\"canonical\" href=\"https:\/\/demkohome.pl\/en\/product\/stojaca-szafka-kuchenna-abril-60-cm-2-drzwi-1-szuflada\/\" \/>\n<meta property=\"og:locale\" content=\"en_US\" \/>\n<meta property=\"og:type\" content=\"article\" \/>\n<meta property=\"og:title\" content=\"Szafka kuchenna stoj\u0105ca Abril 60 cm 2 drzwi 1 szuflada - Demko Home\" \/>\n<meta property=\"og:description\" content=\"Szafka Kuchenna Dolna Abril 60 cm 2D1S \u2013 Praktyczne Po\u0142\u0105czenie Szuflady i Dwuskrzyd\u0142owej Przestrzeni Szafka dolna Abril 60 cm z (...)\" \/>\n<meta property=\"og:url\" content=\"https:\/\/demkohome.pl\/en\/product\/stojaca-szafka-kuchenna-abril-60-cm-2-drzwi-1-szuflada\/\" \/>\n<meta property=\"og:site_name\" content=\"Demko Home\" \/>\n<meta property=\"article:modified_time\" content=\"2026-04-18T01:16:52+00:00\" \/>\n<meta property=\"og:image\" content=\"https:\/\/demkohome.pl\/wp-content\/uploads\/2025\/05\/Sz.-kuch.-ABRIL-Dol-60_81-2D1S-Orzech-5907736147236-zew.jpg\" \/>\n\t<meta property=\"og:image:width\" content=\"2560\" \/>\n\t<meta property=\"og:image:height\" content=\"1707\" \/>\n\t<meta property=\"og:image:type\" content=\"image\/jpeg\" \/>\n<meta name=\"twitter:card\" content=\"summary_large_image\" \/>\n<meta name=\"twitter:label1\" content=\"Est. reading time\" \/>\n\t<meta name=\"twitter:data1\" content=\"2 minutes\" \/>\n<script type=\"application\/ld+json\" class=\"yoast-schema-graph\">{\"@context\":\"https:\\\/\\\/schema.org\",\"@graph\":[{\"@type\":\"WebPage\",\"@id\":\"https:\\\/\\\/demkohome.pl\\\/produkt\\\/stojaca-szafka-kuchenna-abril-60-cm-2-drzwi-1-szuflada\\\/\",\"url\":\"https:\\\/\\\/demkohome.pl\\\/produkt\\\/stojaca-szafka-kuchenna-abril-60-cm-2-drzwi-1-szuflada\\\/\",\"name\":\"Szafka kuchenna stoj\u0105ca Abril 60 cm 2 drzwi 1 szuflada - Demko Home\",\"isPartOf\":{\"@id\":\"https:\\\/\\\/demkohome.pl\\\/#website\"},\"primaryImageOfPage\":{\"@id\":\"https:\\\/\\\/demkohome.pl\\\/produkt\\\/stojaca-szafka-kuchenna-abril-60-cm-2-drzwi-1-szuflada\\\/#primaryimage\"},\"image\":{\"@id\":\"https:\\\/\\\/demkohome.pl\\\/produkt\\\/stojaca-szafka-kuchenna-abril-60-cm-2-drzwi-1-szuflada\\\/#primaryimage\"},\"thumbnailUrl\":\"https:\\\/\\\/demkohome.pl\\\/wp-content\\\/uploads\\\/2025\\\/05\\\/Sz.-kuch.-ABRIL-Dol-60_81-2D1S-Orzech-5907736147236-zew.jpg\",\"datePublished\":\"2025-06-11T06:21:02+00:00\",\"dateModified\":\"2026-04-18T01:16:52+00:00\",\"breadcrumb\":{\"@id\":\"https:\\\/\\\/demkohome.pl\\\/produkt\\\/stojaca-szafka-kuchenna-abril-60-cm-2-drzwi-1-szuflada\\\/#breadcrumb\"},\"inLanguage\":\"en-US\",\"potentialAction\":[{\"@type\":\"ReadAction\",\"target\":[\"https:\\\/\\\/demkohome.pl\\\/produkt\\\/stojaca-szafka-kuchenna-abril-60-cm-2-drzwi-1-szuflada\\\/\"]}]},{\"@type\":\"ImageObject\",\"inLanguage\":\"en-US\",\"@id\":\"https:\\\/\\\/demkohome.pl\\\/produkt\\\/stojaca-szafka-kuchenna-abril-60-cm-2-drzwi-1-szuflada\\\/#primaryimage\",\"url\":\"https:\\\/\\\/demkohome.pl\\\/wp-content\\\/uploads\\\/2025\\\/05\\\/Sz.-kuch.-ABRIL-Dol-60_81-2D1S-Orzech-5907736147236-zew.jpg\",\"contentUrl\":\"https:\\\/\\\/demkohome.pl\\\/wp-content\\\/uploads\\\/2025\\\/05\\\/Sz.-kuch.-ABRIL-Dol-60_81-2D1S-Orzech-5907736147236-zew.jpg\",\"width\":2560,\"height\":1707},{\"@type\":\"BreadcrumbList\",\"@id\":\"https:\\\/\\\/demkohome.pl\\\/produkt\\\/stojaca-szafka-kuchenna-abril-60-cm-2-drzwi-1-szuflada\\\/#breadcrumb\",\"itemListElement\":[{\"@type\":\"ListItem\",\"position\":1,\"name\":\"Strona g\u0142\u00f3wna\",\"item\":\"https:\\\/\\\/demkohome.pl\\\/\"},{\"@type\":\"ListItem\",\"position\":2,\"name\":\"Sklep\",\"item\":\"https:\\\/\\\/demkohome.pl\\\/sklep\\\/\"},{\"@type\":\"ListItem\",\"position\":3,\"name\":\"Szafka kuchenna stoj\u0105ca Abril 60 cm 2 drzwi 1 szuflada\"}]},{\"@type\":\"WebSite\",\"@id\":\"https:\\\/\\\/demkohome.pl\\\/#website\",\"url\":\"https:\\\/\\\/demkohome.pl\\\/\",\"name\":\"Demko Home\",\"description\":\"Make it simple\",\"publisher\":{\"@id\":\"https:\\\/\\\/demkohome.pl\\\/#organization\"},\"potentialAction\":[{\"@type\":\"SearchAction\",\"target\":{\"@type\":\"EntryPoint\",\"urlTemplate\":\"https:\\\/\\\/demkohome.pl\\\/?s={search_term_string}\"},\"query-input\":{\"@type\":\"PropertyValueSpecification\",\"valueRequired\":true,\"valueName\":\"search_term_string\"}}],\"inLanguage\":\"en-US\"},{\"@type\":\"Organization\",\"@id\":\"https:\\\/\\\/demkohome.pl\\\/#organization\",\"name\":\"Demko Home\",\"url\":\"https:\\\/\\\/demkohome.pl\\\/\",\"logo\":{\"@type\":\"ImageObject\",\"inLanguage\":\"en-US\",\"@id\":\"https:\\\/\\\/demkohome.pl\\\/#\\\/schema\\\/logo\\\/image\\\/\",\"url\":\"https:\\\/\\\/demkohome.pl\\\/wp-content\\\/uploads\\\/2026\\\/03\\\/cropped-3.png\",\"contentUrl\":\"https:\\\/\\\/demkohome.pl\\\/wp-content\\\/uploads\\\/2026\\\/03\\\/cropped-3.png\",\"width\":250,\"height\":63,\"caption\":\"Demko Home\"},\"image\":{\"@id\":\"https:\\\/\\\/demkohome.pl\\\/#\\\/schema\\\/logo\\\/image\\\/\"}}]}<\/script>\n<!-- \/ Yoast SEO plugin. -->","yoast_head_json":{"title":"Szafka kuchenna stoj\u0105ca Abril 60 cm 2 drzwi 1 szuflada - Demko Home","robots":{"index":"index","follow":"follow","max-snippet":"max-snippet:-1","max-image-preview":"max-image-preview:large","max-video-preview":"max-video-preview:-1"},"canonical":"https:\/\/demkohome.pl\/en\/product\/stojaca-szafka-kuchenna-abril-60-cm-2-drzwi-1-szuflada\/","og_locale":"en_US","og_type":"article","og_title":"Szafka kuchenna stoj\u0105ca Abril 60 cm 2 drzwi 1 szuflada - Demko Home","og_description":"Szafka Kuchenna Dolna Abril 60 cm 2D1S \u2013 Praktyczne Po\u0142\u0105czenie Szuflady i Dwuskrzyd\u0142owej Przestrzeni Szafka dolna Abril 60 cm z (...)","og_url":"https:\/\/demkohome.pl\/en\/product\/stojaca-szafka-kuchenna-abril-60-cm-2-drzwi-1-szuflada\/","og_site_name":"Demko Home","article_modified_time":"2026-04-18T01:16:52+00:00","og_image":[{"width":2560,"height":1707,"url":"https:\/\/demkohome.pl\/wp-content\/uploads\/2025\/05\/Sz.-kuch.-ABRIL-Dol-60_81-2D1S-Orzech-5907736147236-zew.jpg","type":"image\/jpeg"}],"twitter_card":"summary_large_image","twitter_misc":{"Est. reading time":"2 minutes"},"schema":{"@context":"https:\/\/schema.org","@graph":[{"@type":"WebPage","@id":"https:\/\/demkohome.pl\/produkt\/stojaca-szafka-kuchenna-abril-60-cm-2-drzwi-1-szuflada\/","url":"https:\/\/demkohome.pl\/produkt\/stojaca-szafka-kuchenna-abril-60-cm-2-drzwi-1-szuflada\/","name":"Szafka kuchenna stoj\u0105ca Abril 60 cm 2 drzwi 1 szuflada - Demko Home","isPartOf":{"@id":"https:\/\/demkohome.pl\/#website"},"primaryImageOfPage":{"@id":"https:\/\/demkohome.pl\/produkt\/stojaca-szafka-kuchenna-abril-60-cm-2-drzwi-1-szuflada\/#primaryimage"},"image":{"@id":"https:\/\/demkohome.pl\/produkt\/stojaca-szafka-kuchenna-abril-60-cm-2-drzwi-1-szuflada\/#primaryimage"},"thumbnailUrl":"https:\/\/demkohome.pl\/wp-content\/uploads\/2025\/05\/Sz.-kuch.-ABRIL-Dol-60_81-2D1S-Orzech-5907736147236-zew.jpg","datePublished":"2025-06-11T06:21:02+00:00","dateModified":"2026-04-18T01:16:52+00:00","breadcrumb":{"@id":"https:\/\/demkohome.pl\/produkt\/stojaca-szafka-kuchenna-abril-60-cm-2-drzwi-1-szuflada\/#breadcrumb"},"inLanguage":"en-US","potentialAction":[{"@type":"ReadAction","target":["https:\/\/demkohome.pl\/produkt\/stojaca-szafka-kuchenna-abril-60-cm-2-drzwi-1-szuflada\/"]}]},{"@type":"ImageObject","inLanguage":"en-US","@id":"https:\/\/demkohome.pl\/produkt\/stojaca-szafka-kuchenna-abril-60-cm-2-drzwi-1-szuflada\/#primaryimage","url":"https:\/\/demkohome.pl\/wp-content\/uploads\/2025\/05\/Sz.-kuch.-ABRIL-Dol-60_81-2D1S-Orzech-5907736147236-zew.jpg","contentUrl":"https:\/\/demkohome.pl\/wp-content\/uploads\/2025\/05\/Sz.-kuch.-ABRIL-Dol-60_81-2D1S-Orzech-5907736147236-zew.jpg","width":2560,"height":1707},{"@type":"BreadcrumbList","@id":"https:\/\/demkohome.pl\/produkt\/stojaca-szafka-kuchenna-abril-60-cm-2-drzwi-1-szuflada\/#breadcrumb","itemListElement":[{"@type":"ListItem","position":1,"name":"Strona g\u0142\u00f3wna","item":"https:\/\/demkohome.pl\/"},{"@type":"ListItem","position":2,"name":"Sklep","item":"https:\/\/demkohome.pl\/sklep\/"},{"@type":"ListItem","position":3,"name":"Szafka kuchenna stoj\u0105ca Abril 60 cm 2 drzwi 1 szuflada"}]},{"@type":"WebSite","@id":"https:\/\/demkohome.pl\/#website","url":"https:\/\/demkohome.pl\/","name":"Demko Home","description":"Make it simple","publisher":{"@id":"https:\/\/demkohome.pl\/#organization"},"potentialAction":[{"@type":"SearchAction","target":{"@type":"EntryPoint","urlTemplate":"https:\/\/demkohome.pl\/?s={search_term_string}"},"query-input":{"@type":"PropertyValueSpecification","valueRequired":true,"valueName":"search_term_string"}}],"inLanguage":"en-US"},{"@type":"Organization","@id":"https:\/\/demkohome.pl\/#organization","name":"Demko Home","url":"https:\/\/demkohome.pl\/","logo":{"@type":"ImageObject","inLanguage":"en-US","@id":"https:\/\/demkohome.pl\/#\/schema\/logo\/image\/","url":"https:\/\/demkohome.pl\/wp-content\/uploads\/2026\/03\/cropped-3.png","contentUrl":"https:\/\/demkohome.pl\/wp-content\/uploads\/2026\/03\/cropped-3.png","width":250,"height":63,"caption":"Demko Home"},"image":{"@id":"https:\/\/demkohome.pl\/#\/schema\/logo\/image\/"}}]}},"_links":{"self":[{"href":"https:\/\/demkohome.pl\/en\/wp-json\/wp\/v2\/product\/21620","targetHints":{"allow":["GET"]}}],"collection":[{"href":"https:\/\/demkohome.pl\/en\/wp-json\/wp\/v2\/product"}],"about":[{"href":"https:\/\/demkohome.pl\/en\/wp-json\/wp\/v2\/types\/product"}],"replies":[{"embeddable":true,"href":"https:\/\/demkohome.pl\/en\/wp-json\/wp\/v2\/comments?post=21620"}],"wp:featuredmedia":[{"embeddable":true,"href":"https:\/\/demkohome.pl\/en\/wp-json\/wp\/v2\/media\/21621"}],"wp:attachment":[{"href":"https:\/\/demkohome.pl\/en\/wp-json\/wp\/v2\/media?parent=21620"}],"wp:term":[{"taxonomy":"product_brand","embeddable":true,"href":"https:\/\/demkohome.pl\/en\/wp-json\/wp\/v2\/product_brand?post=21620"},{"taxonomy":"product_cat","embeddable":true,"href":"https:\/\/demkohome.pl\/en\/wp-json\/wp\/v2\/product_cat?post=21620"},{"taxonomy":"product_tag","embeddable":true,"href":"https:\/\/demkohome.pl\/en\/wp-json\/wp\/v2\/product_tag?post=21620"}],"curies":[{"name":"wp","href":"https:\/\/api.w.org\/{rel}","templated":true}]}}