{"id":2164,"date":"2023-08-28T13:14:32","date_gmt":"2023-08-28T11:14:32","guid":{"rendered":"https:\/\/demkohome.pl\/produkt\/blat-150mm\/"},"modified":"2026-04-18T03:30:55","modified_gmt":"2026-04-18T01:30:55","slug":"laminowany-blat-kuchenny-150-mm","status":"publish","type":"product","link":"https:\/\/demkohome.pl\/en\/product\/laminowany-blat-kuchenny-150-mm\/","title":{"rendered":"Laminated kitchen countertop 150 mm"},"content":{"rendered":"<h2>Laminated kitchen countertop 150 mm<\/h2>\n<div style=\"font-family: 'Noto Sans', sans-serif; font-size: 17px;\">\nThe kitchen countertop with a length of 15 cm creates a reliable work zone, perfectly complementing the kitchen cabinets. It will be perfect as an additional surface in the kitchen, providing high functionality and aesthetic appearance. Made of solid laminated particleboard, it is characterized by increased resistance to mechanical damage. The countertop is available in three different color variants - light atelier concrete, brown wild oak and classic black, which allows it to fit into a variety of kitchen arrangements.<\/p>\n<h3>Industrial dimension of gray: Concrete atelier light<\/h3>\n<p><strong>Dimensions of the kitchen countertop:<\/strong> 15 x 2.8 x 60 cm<br \/>\n<strong>Color and texture:<\/strong> imitating grey concrete<br \/>\n<strong>Description:<\/strong> The neutrality of gray makes it easy to match the countertop with many kitchen arrangements. The bright color optically enlarges the space, perfectly emphasizing the qualities of arrangements with industrial, rustic or modern characteristics.<\/p>\n<h3>\nReliable versatility - Brown color of wild oak<\/h3>\n<p><strong>Dimensions of the kitchen countertop:<\/strong> 15 x 3.8 x 60 cm<br \/>\n<strong>Color and texture:<\/strong> imitating the naturalness of wild oak<br \/>\n<strong>Description:<\/strong> The brown color blends perfectly with a wide range of kitchen compositions, both traditional and modern.<\/p>\n<h3>\nBold elegance - classic black<\/h3>\n<p><strong>Dimensions of the kitchen countertop:<\/strong> 15 x 3.8 x 60 cm<br \/>\n<strong>Color and texture:<\/strong> deep black with a unique texture<br \/>\n<strong>Description:<\/strong> The bold styling highlights the strengths of light kitchen arrangements, creating a contrasting effect, as well as darker furniture proposals, emphasizing the consistency of deep color. Black emphasizes elegance and modernity.<\/p>\n<h3>\nCountertop for kitchen 150 mm - technical information<\/h3>\n<p>Making the top 15 cm thick of laminated particle board<strong> 28 mm<\/strong> (in the case of Atelier Concrete) or<strong> 38 mm<\/strong> (in Wild Oak and Black variants), with additional laminated edges, significantly increases the durability and resistance of the countertop to scratches, and protects the product from the ingress of possible moisture. The sides of the 150 mm kitchen countertop are additionally covered with PVC material, which protects the countertop and affects the extension of its life. The offered countertops do not have holes.\n<\/div>","protected":false},"excerpt":{"rendered":"<p>Laminowany blat kuchenny 150 mm Blat kuchenny o d\u0142ugo\u015bci 15 cm tworzy niezawodn\u0105 stref\u0119 robocz\u0105, idealnie uzupe\u0142niaj\u0105c\u0105 kuchenne szafki. Doskonale (&#8230;)<\/p>","protected":false},"featured_media":8525,"comment_status":"open","ping_status":"closed","template":"","meta":{"_acf_changed":false,"inline_featured_image":false},"product_brand":[],"product_cat":[112,140,65,139],"product_tag":[],"class_list":{"0":"post-2164","1":"product","2":"type-product","3":"status-publish","4":"has-post-thumbnail","6":"product_cat-blaty-kuchenne","7":"product_cat-kuchnia","8":"product_cat-meble-kuchenne","9":"product_cat-pomieszczenia","10":"product_shipping_class-paczka-st-x-1","11":"collection-blat","13":"first","14":"instock","15":"shipping-taxable","16":"purchasable","17":"product-type-variable"},"acf":[],"yoast_head":"<!-- This site is optimized with the Yoast SEO plugin v27.4 - https:\/\/yoast.com\/product\/yoast-seo-wordpress\/ -->\n<title>Laminowany blat kuchenny 150 mm - Demko Home<\/title>\n<meta name=\"robots\" content=\"index, follow, max-snippet:-1, max-image-preview:large, max-video-preview:-1\" \/>\n<link rel=\"canonical\" href=\"https:\/\/demkohome.pl\/en\/product\/laminowany-blat-kuchenny-150-mm\/\" \/>\n<meta property=\"og:locale\" content=\"en_US\" \/>\n<meta property=\"og:type\" content=\"article\" \/>\n<meta property=\"og:title\" content=\"Laminowany blat kuchenny 150 mm - Demko Home\" \/>\n<meta property=\"og:description\" content=\"Laminowany blat kuchenny 150 mm Blat kuchenny o d\u0142ugo\u015bci 15 cm tworzy niezawodn\u0105 stref\u0119 robocz\u0105, idealnie uzupe\u0142niaj\u0105c\u0105 kuchenne szafki. Doskonale (...)\" \/>\n<meta property=\"og:url\" content=\"https:\/\/demkohome.pl\/en\/product\/laminowany-blat-kuchenny-150-mm\/\" \/>\n<meta property=\"og:site_name\" content=\"Demko Home\" \/>\n<meta property=\"article:modified_time\" content=\"2026-04-18T01:30:55+00:00\" \/>\n<meta property=\"og:image\" content=\"https:\/\/demkohome.pl\/wp-content\/uploads\/2023\/08\/Szary-blat-kuchenny-do-szafek-stojacych-plyta-wiorowa-laminowana-kolor-beton-producent-Meble-Okmed-Demko-widok-z-gory.jpg\" \/>\n\t<meta property=\"og:image:width\" content=\"1920\" \/>\n\t<meta property=\"og:image:height\" content=\"1920\" \/>\n\t<meta property=\"og:image:type\" content=\"image\/jpeg\" \/>\n<meta name=\"twitter:card\" content=\"summary_large_image\" \/>\n<meta name=\"twitter:label1\" content=\"Est. reading time\" \/>\n\t<meta name=\"twitter:data1\" content=\"2 minutes\" \/>\n<script type=\"application\/ld+json\" class=\"yoast-schema-graph\">{\"@context\":\"https:\\\/\\\/schema.org\",\"@graph\":[{\"@type\":\"WebPage\",\"@id\":\"https:\\\/\\\/demkohome.pl\\\/produkt\\\/laminowany-blat-kuchenny-150-mm\\\/\",\"url\":\"https:\\\/\\\/demkohome.pl\\\/produkt\\\/laminowany-blat-kuchenny-150-mm\\\/\",\"name\":\"Laminowany blat kuchenny 150 mm - Demko Home\",\"isPartOf\":{\"@id\":\"https:\\\/\\\/demkohome.pl\\\/#website\"},\"primaryImageOfPage\":{\"@id\":\"https:\\\/\\\/demkohome.pl\\\/produkt\\\/laminowany-blat-kuchenny-150-mm\\\/#primaryimage\"},\"image\":{\"@id\":\"https:\\\/\\\/demkohome.pl\\\/produkt\\\/laminowany-blat-kuchenny-150-mm\\\/#primaryimage\"},\"thumbnailUrl\":\"https:\\\/\\\/demkohome.pl\\\/wp-content\\\/uploads\\\/2023\\\/08\\\/Szary-blat-kuchenny-do-szafek-stojacych-plyta-wiorowa-laminowana-kolor-beton-producent-Meble-Okmed-Demko-widok-z-gory.jpg\",\"datePublished\":\"2023-08-28T11:14:32+00:00\",\"dateModified\":\"2026-04-18T01:30:55+00:00\",\"breadcrumb\":{\"@id\":\"https:\\\/\\\/demkohome.pl\\\/produkt\\\/laminowany-blat-kuchenny-150-mm\\\/#breadcrumb\"},\"inLanguage\":\"en-US\",\"potentialAction\":[{\"@type\":\"ReadAction\",\"target\":[\"https:\\\/\\\/demkohome.pl\\\/produkt\\\/laminowany-blat-kuchenny-150-mm\\\/\"]}]},{\"@type\":\"ImageObject\",\"inLanguage\":\"en-US\",\"@id\":\"https:\\\/\\\/demkohome.pl\\\/produkt\\\/laminowany-blat-kuchenny-150-mm\\\/#primaryimage\",\"url\":\"https:\\\/\\\/demkohome.pl\\\/wp-content\\\/uploads\\\/2023\\\/08\\\/Szary-blat-kuchenny-do-szafek-stojacych-plyta-wiorowa-laminowana-kolor-beton-producent-Meble-Okmed-Demko-widok-z-gory.jpg\",\"contentUrl\":\"https:\\\/\\\/demkohome.pl\\\/wp-content\\\/uploads\\\/2023\\\/08\\\/Szary-blat-kuchenny-do-szafek-stojacych-plyta-wiorowa-laminowana-kolor-beton-producent-Meble-Okmed-Demko-widok-z-gory.jpg\",\"width\":1920,\"height\":1920,\"caption\":\"Szary blat kuchenny do szafek stoj\u0105cych p\u0142yta wi\u00f3rowa laminowana kolor beton producent Meble Okmed Demko widok z g\u00f3ry\"},{\"@type\":\"BreadcrumbList\",\"@id\":\"https:\\\/\\\/demkohome.pl\\\/produkt\\\/laminowany-blat-kuchenny-150-mm\\\/#breadcrumb\",\"itemListElement\":[{\"@type\":\"ListItem\",\"position\":1,\"name\":\"Strona g\u0142\u00f3wna\",\"item\":\"https:\\\/\\\/demkohome.pl\\\/\"},{\"@type\":\"ListItem\",\"position\":2,\"name\":\"Sklep\",\"item\":\"https:\\\/\\\/demkohome.pl\\\/sklep\\\/\"},{\"@type\":\"ListItem\",\"position\":3,\"name\":\"Laminowany blat kuchenny 150 mm\"}]},{\"@type\":\"WebSite\",\"@id\":\"https:\\\/\\\/demkohome.pl\\\/#website\",\"url\":\"https:\\\/\\\/demkohome.pl\\\/\",\"name\":\"Demko Home\",\"description\":\"Make it simple\",\"publisher\":{\"@id\":\"https:\\\/\\\/demkohome.pl\\\/#organization\"},\"potentialAction\":[{\"@type\":\"SearchAction\",\"target\":{\"@type\":\"EntryPoint\",\"urlTemplate\":\"https:\\\/\\\/demkohome.pl\\\/?s={search_term_string}\"},\"query-input\":{\"@type\":\"PropertyValueSpecification\",\"valueRequired\":true,\"valueName\":\"search_term_string\"}}],\"inLanguage\":\"en-US\"},{\"@type\":\"Organization\",\"@id\":\"https:\\\/\\\/demkohome.pl\\\/#organization\",\"name\":\"Demko Home\",\"url\":\"https:\\\/\\\/demkohome.pl\\\/\",\"logo\":{\"@type\":\"ImageObject\",\"inLanguage\":\"en-US\",\"@id\":\"https:\\\/\\\/demkohome.pl\\\/#\\\/schema\\\/logo\\\/image\\\/\",\"url\":\"https:\\\/\\\/demkohome.pl\\\/wp-content\\\/uploads\\\/2026\\\/03\\\/cropped-3.png\",\"contentUrl\":\"https:\\\/\\\/demkohome.pl\\\/wp-content\\\/uploads\\\/2026\\\/03\\\/cropped-3.png\",\"width\":250,\"height\":63,\"caption\":\"Demko Home\"},\"image\":{\"@id\":\"https:\\\/\\\/demkohome.pl\\\/#\\\/schema\\\/logo\\\/image\\\/\"}}]}<\/script>\n<!-- \/ Yoast SEO plugin. -->","yoast_head_json":{"title":"Laminowany blat kuchenny 150 mm - Demko Home","robots":{"index":"index","follow":"follow","max-snippet":"max-snippet:-1","max-image-preview":"max-image-preview:large","max-video-preview":"max-video-preview:-1"},"canonical":"https:\/\/demkohome.pl\/en\/product\/laminowany-blat-kuchenny-150-mm\/","og_locale":"en_US","og_type":"article","og_title":"Laminowany blat kuchenny 150 mm - Demko Home","og_description":"Laminowany blat kuchenny 150 mm Blat kuchenny o d\u0142ugo\u015bci 15 cm tworzy niezawodn\u0105 stref\u0119 robocz\u0105, idealnie uzupe\u0142niaj\u0105c\u0105 kuchenne szafki. Doskonale (...)","og_url":"https:\/\/demkohome.pl\/en\/product\/laminowany-blat-kuchenny-150-mm\/","og_site_name":"Demko Home","article_modified_time":"2026-04-18T01:30:55+00:00","og_image":[{"width":1920,"height":1920,"url":"https:\/\/demkohome.pl\/wp-content\/uploads\/2023\/08\/Szary-blat-kuchenny-do-szafek-stojacych-plyta-wiorowa-laminowana-kolor-beton-producent-Meble-Okmed-Demko-widok-z-gory.jpg","type":"image\/jpeg"}],"twitter_card":"summary_large_image","twitter_misc":{"Est. reading time":"2 minutes"},"schema":{"@context":"https:\/\/schema.org","@graph":[{"@type":"WebPage","@id":"https:\/\/demkohome.pl\/produkt\/laminowany-blat-kuchenny-150-mm\/","url":"https:\/\/demkohome.pl\/produkt\/laminowany-blat-kuchenny-150-mm\/","name":"Laminowany blat kuchenny 150 mm - Demko Home","isPartOf":{"@id":"https:\/\/demkohome.pl\/#website"},"primaryImageOfPage":{"@id":"https:\/\/demkohome.pl\/produkt\/laminowany-blat-kuchenny-150-mm\/#primaryimage"},"image":{"@id":"https:\/\/demkohome.pl\/produkt\/laminowany-blat-kuchenny-150-mm\/#primaryimage"},"thumbnailUrl":"https:\/\/demkohome.pl\/wp-content\/uploads\/2023\/08\/Szary-blat-kuchenny-do-szafek-stojacych-plyta-wiorowa-laminowana-kolor-beton-producent-Meble-Okmed-Demko-widok-z-gory.jpg","datePublished":"2023-08-28T11:14:32+00:00","dateModified":"2026-04-18T01:30:55+00:00","breadcrumb":{"@id":"https:\/\/demkohome.pl\/produkt\/laminowany-blat-kuchenny-150-mm\/#breadcrumb"},"inLanguage":"en-US","potentialAction":[{"@type":"ReadAction","target":["https:\/\/demkohome.pl\/produkt\/laminowany-blat-kuchenny-150-mm\/"]}]},{"@type":"ImageObject","inLanguage":"en-US","@id":"https:\/\/demkohome.pl\/produkt\/laminowany-blat-kuchenny-150-mm\/#primaryimage","url":"https:\/\/demkohome.pl\/wp-content\/uploads\/2023\/08\/Szary-blat-kuchenny-do-szafek-stojacych-plyta-wiorowa-laminowana-kolor-beton-producent-Meble-Okmed-Demko-widok-z-gory.jpg","contentUrl":"https:\/\/demkohome.pl\/wp-content\/uploads\/2023\/08\/Szary-blat-kuchenny-do-szafek-stojacych-plyta-wiorowa-laminowana-kolor-beton-producent-Meble-Okmed-Demko-widok-z-gory.jpg","width":1920,"height":1920,"caption":"Szary blat kuchenny do szafek stoj\u0105cych p\u0142yta wi\u00f3rowa laminowana kolor beton producent Meble Okmed Demko widok z g\u00f3ry"},{"@type":"BreadcrumbList","@id":"https:\/\/demkohome.pl\/produkt\/laminowany-blat-kuchenny-150-mm\/#breadcrumb","itemListElement":[{"@type":"ListItem","position":1,"name":"Strona g\u0142\u00f3wna","item":"https:\/\/demkohome.pl\/"},{"@type":"ListItem","position":2,"name":"Sklep","item":"https:\/\/demkohome.pl\/sklep\/"},{"@type":"ListItem","position":3,"name":"Laminowany blat kuchenny 150 mm"}]},{"@type":"WebSite","@id":"https:\/\/demkohome.pl\/#website","url":"https:\/\/demkohome.pl\/","name":"Demko Home","description":"Make it simple","publisher":{"@id":"https:\/\/demkohome.pl\/#organization"},"potentialAction":[{"@type":"SearchAction","target":{"@type":"EntryPoint","urlTemplate":"https:\/\/demkohome.pl\/?s={search_term_string}"},"query-input":{"@type":"PropertyValueSpecification","valueRequired":true,"valueName":"search_term_string"}}],"inLanguage":"en-US"},{"@type":"Organization","@id":"https:\/\/demkohome.pl\/#organization","name":"Demko Home","url":"https:\/\/demkohome.pl\/","logo":{"@type":"ImageObject","inLanguage":"en-US","@id":"https:\/\/demkohome.pl\/#\/schema\/logo\/image\/","url":"https:\/\/demkohome.pl\/wp-content\/uploads\/2026\/03\/cropped-3.png","contentUrl":"https:\/\/demkohome.pl\/wp-content\/uploads\/2026\/03\/cropped-3.png","width":250,"height":63,"caption":"Demko Home"},"image":{"@id":"https:\/\/demkohome.pl\/#\/schema\/logo\/image\/"}}]}},"_links":{"self":[{"href":"https:\/\/demkohome.pl\/en\/wp-json\/wp\/v2\/product\/2164","targetHints":{"allow":["GET"]}}],"collection":[{"href":"https:\/\/demkohome.pl\/en\/wp-json\/wp\/v2\/product"}],"about":[{"href":"https:\/\/demkohome.pl\/en\/wp-json\/wp\/v2\/types\/product"}],"replies":[{"embeddable":true,"href":"https:\/\/demkohome.pl\/en\/wp-json\/wp\/v2\/comments?post=2164"}],"wp:featuredmedia":[{"embeddable":true,"href":"https:\/\/demkohome.pl\/en\/wp-json\/wp\/v2\/media\/8525"}],"wp:attachment":[{"href":"https:\/\/demkohome.pl\/en\/wp-json\/wp\/v2\/media?parent=2164"}],"wp:term":[{"taxonomy":"product_brand","embeddable":true,"href":"https:\/\/demkohome.pl\/en\/wp-json\/wp\/v2\/product_brand?post=2164"},{"taxonomy":"product_cat","embeddable":true,"href":"https:\/\/demkohome.pl\/en\/wp-json\/wp\/v2\/product_cat?post=2164"},{"taxonomy":"product_tag","embeddable":true,"href":"https:\/\/demkohome.pl\/en\/wp-json\/wp\/v2\/product_tag?post=2164"}],"curies":[{"name":"wp","href":"https:\/\/api.w.org\/{rel}","templated":true}]}}