{"id":21651,"date":"2025-06-11T09:33:23","date_gmt":"2025-06-11T07:33:23","guid":{"rendered":"https:\/\/demkohome.pl\/?post_type=product&#038;p=21651"},"modified":"2026-04-18T03:16:52","modified_gmt":"2026-04-18T01:16:52","slug":"wiszaca-szafka-kuchenna-abril-80-cm-2-drzwi","status":"publish","type":"product","link":"https:\/\/demkohome.pl\/en\/product\/wiszaca-szafka-kuchenna-abril-80-cm-2-drzwi\/","title":{"rendered":"Abril kitchen wall cabinet 80 cm 2 Doors"},"content":{"rendered":"<h3 data-start=\"178\" data-end=\"267\">Abril 80 cm 2D Kitchen Top Cabinet - Space, Style and Functionality in One.<\/h3>\n<p data-start=\"269\" data-end=\"595\">Abril 80 cm wall cabinet with two fronts is an ideal choice for those looking for a capacious and stylish kitchen furniture, which will work perfectly as part of the upper development. Its classic form combined with a modern finish makes this piece of furniture fit into any arrangement - from traditional to modern.<\/p>\n<p data-start=\"597\" data-end=\"859\">The body and fronts are made of durable laminated board, resistant to mechanical damage and moisture. Walnut decor with clear grain brings coziness and elegance to the kitchen, and black simple handles add a modern touch to the whole.<\/p>\n<p data-start=\"861\" data-end=\"1199\">Inside the cabinet is a practical shelf, dividing the interior into two spacious storage areas. This is an ideal place for pots, pans, food supplies or larger kitchen accessories. The swing-open door is mounted on sturdy hinges, which guarantees durability, stability and comfort in everyday use. It can function as a stand-alone piece or as part of a larger arrangement from the Abril collection.<\/p>\n<p data-start=\"1810\" data-end=\"1962\">Abril 80 cm 2D top cabinet is a combination of large capacity and elegant design that will help you create a kitchen that is practical and stylish at the same time.<\/p>\n<p><img loading=\"lazy\" decoding=\"async\" class=\"alignnone wp-image-12132\" src=\"https:\/\/demkohome.pl\/wp-content\/uploads\/2025\/08\/ABRIL-orzech-180_57-scaled.jpg\" alt=\"\" width=\"2345\" height=\"1336\" \/><\/p>","protected":false},"excerpt":{"rendered":"<p>Szafka Kuchenna G\u00f3rna Abril 80 cm 2D \u2013 Przestrze\u0144, Styl i Funkcjonalno\u015b\u0107 w Jednym Szafka wisz\u0105ca Abril 80 cm z (&#8230;)<\/p>","protected":false},"featured_media":21652,"comment_status":"open","ping_status":"closed","template":"","meta":{"_acf_changed":false,"inline_featured_image":false},"product_brand":[],"product_cat":[140,302,294,300,65,108],"product_tag":[],"class_list":{"0":"post-21651","1":"product","2":"type-product","3":"status-publish","4":"has-post-thumbnail","6":"product_cat-kuchnia","7":"product_cat-kuchnia-pomieszczenia","8":"product_cat-meble","9":"product_cat-meble-kuchenne-meble","10":"product_cat-meble-kuchenne","11":"product_cat-szafki-kuchenne-wiszace","12":"product_shipping_class-przesylka-dpd-15-pln","13":"collection-abril","15":"first","16":"instock","17":"shipping-taxable","18":"purchasable","19":"product-type-simple"},"acf":[],"yoast_head":"<!-- This site is optimized with the Yoast SEO plugin v27.4 - https:\/\/yoast.com\/product\/yoast-seo-wordpress\/ -->\n<title>Szafka kuchenna wisz\u0105ca Abril 80 cm 2 Drzwi - Demko Home<\/title>\n<meta name=\"robots\" content=\"index, follow, max-snippet:-1, max-image-preview:large, max-video-preview:-1\" \/>\n<link rel=\"canonical\" href=\"https:\/\/demkohome.pl\/en\/product\/wiszaca-szafka-kuchenna-abril-80-cm-2-drzwi\/\" \/>\n<meta property=\"og:locale\" content=\"en_US\" \/>\n<meta property=\"og:type\" content=\"article\" \/>\n<meta property=\"og:title\" content=\"Szafka kuchenna wisz\u0105ca Abril 80 cm 2 Drzwi - Demko Home\" \/>\n<meta property=\"og:description\" content=\"Szafka Kuchenna G\u00f3rna Abril 80 cm 2D \u2013 Przestrze\u0144, Styl i Funkcjonalno\u015b\u0107 w Jednym Szafka wisz\u0105ca Abril 80 cm z (...)\" \/>\n<meta property=\"og:url\" content=\"https:\/\/demkohome.pl\/en\/product\/wiszaca-szafka-kuchenna-abril-80-cm-2-drzwi\/\" \/>\n<meta property=\"og:site_name\" content=\"Demko Home\" \/>\n<meta property=\"article:modified_time\" content=\"2026-04-18T01:16:52+00:00\" \/>\n<meta property=\"og:image\" content=\"https:\/\/demkohome.pl\/wp-content\/uploads\/2025\/05\/Sz.-kuch.-ABRIL-Gora-80_72-2D-Orzech-5907736174362-zew.jpg\" \/>\n\t<meta property=\"og:image:width\" content=\"2560\" \/>\n\t<meta property=\"og:image:height\" content=\"1707\" \/>\n\t<meta property=\"og:image:type\" content=\"image\/jpeg\" \/>\n<meta name=\"twitter:card\" content=\"summary_large_image\" \/>\n<meta name=\"twitter:label1\" content=\"Est. reading time\" \/>\n\t<meta name=\"twitter:data1\" content=\"2 minutes\" \/>\n<script type=\"application\/ld+json\" class=\"yoast-schema-graph\">{\"@context\":\"https:\\\/\\\/schema.org\",\"@graph\":[{\"@type\":\"WebPage\",\"@id\":\"https:\\\/\\\/demkohome.pl\\\/produkt\\\/wiszaca-szafka-kuchenna-abril-80-cm-2-drzwi\\\/\",\"url\":\"https:\\\/\\\/demkohome.pl\\\/produkt\\\/wiszaca-szafka-kuchenna-abril-80-cm-2-drzwi\\\/\",\"name\":\"Szafka kuchenna wisz\u0105ca Abril 80 cm 2 Drzwi - Demko Home\",\"isPartOf\":{\"@id\":\"https:\\\/\\\/demkohome.pl\\\/#website\"},\"primaryImageOfPage\":{\"@id\":\"https:\\\/\\\/demkohome.pl\\\/produkt\\\/wiszaca-szafka-kuchenna-abril-80-cm-2-drzwi\\\/#primaryimage\"},\"image\":{\"@id\":\"https:\\\/\\\/demkohome.pl\\\/produkt\\\/wiszaca-szafka-kuchenna-abril-80-cm-2-drzwi\\\/#primaryimage\"},\"thumbnailUrl\":\"https:\\\/\\\/demkohome.pl\\\/wp-content\\\/uploads\\\/2025\\\/05\\\/Sz.-kuch.-ABRIL-Gora-80_72-2D-Orzech-5907736174362-zew.jpg\",\"datePublished\":\"2025-06-11T07:33:23+00:00\",\"dateModified\":\"2026-04-18T01:16:52+00:00\",\"breadcrumb\":{\"@id\":\"https:\\\/\\\/demkohome.pl\\\/produkt\\\/wiszaca-szafka-kuchenna-abril-80-cm-2-drzwi\\\/#breadcrumb\"},\"inLanguage\":\"en-US\",\"potentialAction\":[{\"@type\":\"ReadAction\",\"target\":[\"https:\\\/\\\/demkohome.pl\\\/produkt\\\/wiszaca-szafka-kuchenna-abril-80-cm-2-drzwi\\\/\"]}]},{\"@type\":\"ImageObject\",\"inLanguage\":\"en-US\",\"@id\":\"https:\\\/\\\/demkohome.pl\\\/produkt\\\/wiszaca-szafka-kuchenna-abril-80-cm-2-drzwi\\\/#primaryimage\",\"url\":\"https:\\\/\\\/demkohome.pl\\\/wp-content\\\/uploads\\\/2025\\\/05\\\/Sz.-kuch.-ABRIL-Gora-80_72-2D-Orzech-5907736174362-zew.jpg\",\"contentUrl\":\"https:\\\/\\\/demkohome.pl\\\/wp-content\\\/uploads\\\/2025\\\/05\\\/Sz.-kuch.-ABRIL-Gora-80_72-2D-Orzech-5907736174362-zew.jpg\",\"width\":2560,\"height\":1707},{\"@type\":\"BreadcrumbList\",\"@id\":\"https:\\\/\\\/demkohome.pl\\\/produkt\\\/wiszaca-szafka-kuchenna-abril-80-cm-2-drzwi\\\/#breadcrumb\",\"itemListElement\":[{\"@type\":\"ListItem\",\"position\":1,\"name\":\"Strona g\u0142\u00f3wna\",\"item\":\"https:\\\/\\\/demkohome.pl\\\/\"},{\"@type\":\"ListItem\",\"position\":2,\"name\":\"Sklep\",\"item\":\"https:\\\/\\\/demkohome.pl\\\/sklep\\\/\"},{\"@type\":\"ListItem\",\"position\":3,\"name\":\"Szafka kuchenna wisz\u0105ca Abril 80 cm 2 Drzwi\"}]},{\"@type\":\"WebSite\",\"@id\":\"https:\\\/\\\/demkohome.pl\\\/#website\",\"url\":\"https:\\\/\\\/demkohome.pl\\\/\",\"name\":\"Demko Home\",\"description\":\"Make it simple\",\"publisher\":{\"@id\":\"https:\\\/\\\/demkohome.pl\\\/#organization\"},\"potentialAction\":[{\"@type\":\"SearchAction\",\"target\":{\"@type\":\"EntryPoint\",\"urlTemplate\":\"https:\\\/\\\/demkohome.pl\\\/?s={search_term_string}\"},\"query-input\":{\"@type\":\"PropertyValueSpecification\",\"valueRequired\":true,\"valueName\":\"search_term_string\"}}],\"inLanguage\":\"en-US\"},{\"@type\":\"Organization\",\"@id\":\"https:\\\/\\\/demkohome.pl\\\/#organization\",\"name\":\"Demko Home\",\"url\":\"https:\\\/\\\/demkohome.pl\\\/\",\"logo\":{\"@type\":\"ImageObject\",\"inLanguage\":\"en-US\",\"@id\":\"https:\\\/\\\/demkohome.pl\\\/#\\\/schema\\\/logo\\\/image\\\/\",\"url\":\"https:\\\/\\\/demkohome.pl\\\/wp-content\\\/uploads\\\/2026\\\/03\\\/cropped-3.png\",\"contentUrl\":\"https:\\\/\\\/demkohome.pl\\\/wp-content\\\/uploads\\\/2026\\\/03\\\/cropped-3.png\",\"width\":250,\"height\":63,\"caption\":\"Demko Home\"},\"image\":{\"@id\":\"https:\\\/\\\/demkohome.pl\\\/#\\\/schema\\\/logo\\\/image\\\/\"}}]}<\/script>\n<!-- \/ Yoast SEO plugin. -->","yoast_head_json":{"title":"Szafka kuchenna wisz\u0105ca Abril 80 cm 2 Drzwi - Demko Home","robots":{"index":"index","follow":"follow","max-snippet":"max-snippet:-1","max-image-preview":"max-image-preview:large","max-video-preview":"max-video-preview:-1"},"canonical":"https:\/\/demkohome.pl\/en\/product\/wiszaca-szafka-kuchenna-abril-80-cm-2-drzwi\/","og_locale":"en_US","og_type":"article","og_title":"Szafka kuchenna wisz\u0105ca Abril 80 cm 2 Drzwi - Demko Home","og_description":"Szafka Kuchenna G\u00f3rna Abril 80 cm 2D \u2013 Przestrze\u0144, Styl i Funkcjonalno\u015b\u0107 w Jednym Szafka wisz\u0105ca Abril 80 cm z (...)","og_url":"https:\/\/demkohome.pl\/en\/product\/wiszaca-szafka-kuchenna-abril-80-cm-2-drzwi\/","og_site_name":"Demko Home","article_modified_time":"2026-04-18T01:16:52+00:00","og_image":[{"width":2560,"height":1707,"url":"https:\/\/demkohome.pl\/wp-content\/uploads\/2025\/05\/Sz.-kuch.-ABRIL-Gora-80_72-2D-Orzech-5907736174362-zew.jpg","type":"image\/jpeg"}],"twitter_card":"summary_large_image","twitter_misc":{"Est. reading time":"2 minutes"},"schema":{"@context":"https:\/\/schema.org","@graph":[{"@type":"WebPage","@id":"https:\/\/demkohome.pl\/produkt\/wiszaca-szafka-kuchenna-abril-80-cm-2-drzwi\/","url":"https:\/\/demkohome.pl\/produkt\/wiszaca-szafka-kuchenna-abril-80-cm-2-drzwi\/","name":"Szafka kuchenna wisz\u0105ca Abril 80 cm 2 Drzwi - Demko Home","isPartOf":{"@id":"https:\/\/demkohome.pl\/#website"},"primaryImageOfPage":{"@id":"https:\/\/demkohome.pl\/produkt\/wiszaca-szafka-kuchenna-abril-80-cm-2-drzwi\/#primaryimage"},"image":{"@id":"https:\/\/demkohome.pl\/produkt\/wiszaca-szafka-kuchenna-abril-80-cm-2-drzwi\/#primaryimage"},"thumbnailUrl":"https:\/\/demkohome.pl\/wp-content\/uploads\/2025\/05\/Sz.-kuch.-ABRIL-Gora-80_72-2D-Orzech-5907736174362-zew.jpg","datePublished":"2025-06-11T07:33:23+00:00","dateModified":"2026-04-18T01:16:52+00:00","breadcrumb":{"@id":"https:\/\/demkohome.pl\/produkt\/wiszaca-szafka-kuchenna-abril-80-cm-2-drzwi\/#breadcrumb"},"inLanguage":"en-US","potentialAction":[{"@type":"ReadAction","target":["https:\/\/demkohome.pl\/produkt\/wiszaca-szafka-kuchenna-abril-80-cm-2-drzwi\/"]}]},{"@type":"ImageObject","inLanguage":"en-US","@id":"https:\/\/demkohome.pl\/produkt\/wiszaca-szafka-kuchenna-abril-80-cm-2-drzwi\/#primaryimage","url":"https:\/\/demkohome.pl\/wp-content\/uploads\/2025\/05\/Sz.-kuch.-ABRIL-Gora-80_72-2D-Orzech-5907736174362-zew.jpg","contentUrl":"https:\/\/demkohome.pl\/wp-content\/uploads\/2025\/05\/Sz.-kuch.-ABRIL-Gora-80_72-2D-Orzech-5907736174362-zew.jpg","width":2560,"height":1707},{"@type":"BreadcrumbList","@id":"https:\/\/demkohome.pl\/produkt\/wiszaca-szafka-kuchenna-abril-80-cm-2-drzwi\/#breadcrumb","itemListElement":[{"@type":"ListItem","position":1,"name":"Strona g\u0142\u00f3wna","item":"https:\/\/demkohome.pl\/"},{"@type":"ListItem","position":2,"name":"Sklep","item":"https:\/\/demkohome.pl\/sklep\/"},{"@type":"ListItem","position":3,"name":"Szafka kuchenna wisz\u0105ca Abril 80 cm 2 Drzwi"}]},{"@type":"WebSite","@id":"https:\/\/demkohome.pl\/#website","url":"https:\/\/demkohome.pl\/","name":"Demko Home","description":"Make it simple","publisher":{"@id":"https:\/\/demkohome.pl\/#organization"},"potentialAction":[{"@type":"SearchAction","target":{"@type":"EntryPoint","urlTemplate":"https:\/\/demkohome.pl\/?s={search_term_string}"},"query-input":{"@type":"PropertyValueSpecification","valueRequired":true,"valueName":"search_term_string"}}],"inLanguage":"en-US"},{"@type":"Organization","@id":"https:\/\/demkohome.pl\/#organization","name":"Demko Home","url":"https:\/\/demkohome.pl\/","logo":{"@type":"ImageObject","inLanguage":"en-US","@id":"https:\/\/demkohome.pl\/#\/schema\/logo\/image\/","url":"https:\/\/demkohome.pl\/wp-content\/uploads\/2026\/03\/cropped-3.png","contentUrl":"https:\/\/demkohome.pl\/wp-content\/uploads\/2026\/03\/cropped-3.png","width":250,"height":63,"caption":"Demko Home"},"image":{"@id":"https:\/\/demkohome.pl\/#\/schema\/logo\/image\/"}}]}},"_links":{"self":[{"href":"https:\/\/demkohome.pl\/en\/wp-json\/wp\/v2\/product\/21651","targetHints":{"allow":["GET"]}}],"collection":[{"href":"https:\/\/demkohome.pl\/en\/wp-json\/wp\/v2\/product"}],"about":[{"href":"https:\/\/demkohome.pl\/en\/wp-json\/wp\/v2\/types\/product"}],"replies":[{"embeddable":true,"href":"https:\/\/demkohome.pl\/en\/wp-json\/wp\/v2\/comments?post=21651"}],"wp:featuredmedia":[{"embeddable":true,"href":"https:\/\/demkohome.pl\/en\/wp-json\/wp\/v2\/media\/21652"}],"wp:attachment":[{"href":"https:\/\/demkohome.pl\/en\/wp-json\/wp\/v2\/media?parent=21651"}],"wp:term":[{"taxonomy":"product_brand","embeddable":true,"href":"https:\/\/demkohome.pl\/en\/wp-json\/wp\/v2\/product_brand?post=21651"},{"taxonomy":"product_cat","embeddable":true,"href":"https:\/\/demkohome.pl\/en\/wp-json\/wp\/v2\/product_cat?post=21651"},{"taxonomy":"product_tag","embeddable":true,"href":"https:\/\/demkohome.pl\/en\/wp-json\/wp\/v2\/product_tag?post=21651"}],"curies":[{"name":"wp","href":"https:\/\/api.w.org\/{rel}","templated":true}]}}