{"id":2184,"date":"2023-08-28T13:14:34","date_gmt":"2023-08-28T11:14:34","guid":{"rendered":"https:\/\/demkohome.pl\/produkt\/blat-1000mm\/"},"modified":"2026-04-28T15:30:42","modified_gmt":"2026-04-28T13:30:42","slug":"laminowany-blat-kuchenny-1000-mm","status":"publish","type":"product","link":"https:\/\/demkohome.pl\/en\/product\/laminowany-blat-kuchenny-1000-mm\/","title":{"rendered":"Laminated kitchen countertop 1000 mm"},"content":{"rendered":"<h2>Kitchen countertop 1000 mm<\/h2>\n<div style=\"font-family: 'Noto Sans', sans-serif; font-size: 17px;\">\nThe proposal for a kitchen countertop with a length of 1 m is a functional complement to standing kitchen cabinets with a total width of 100 cm. The resulting worktop workspace made of solid particleboard, laminated to further increase the resistance of the product to abrasions, scratches and other mechanical damage - is a stylish solution that fits into any kitchen arrangement. High durability of the kitchen countertop is maintained for all three available color variants: light concrete atelier, brown wild oak natural and classic black. The thickness of the countertop for light atelier concrete is 28m, while the thickness of the panels of the other two color options is 38mm.<\/p>\n<h3><strong>Concrete atelier light - industrial style in gray colors<\/strong><\/h3>\n<ul>\n<li>Dimensions: 100 x 2.8 x 60 cm<\/li>\n<li>Chipboard, laminated to imitate the color and texture of concrete<\/li>\n<li>The natural nature of the gray allows the countertop to match a wide range of kitchen furniture arrangements.<\/li>\n<li>The brightness of the color optically enlarges the space of the room.<\/li>\n<li>It fits perfectly in kitchens with an industrial, modern or rustic style.<\/li>\n<\/ul>\n<h3><strong>Wild oak - a universal note of brown<\/strong><\/h3>\n<ul>\n<li>Dimensions: 100 x 3.8 x 60 cm<\/li>\n<li>Particleboard, laminated to imitate the color and texture of wild natural oak<\/li>\n<li>Brown color implemented in furniture compositions - evokes naturalness and warmth, and fits into numerous kitchen arrangements.<\/li>\n<\/ul>\n<h3><strong>Deep black - a timeless dimension of elegance<\/strong><\/h3>\n<ul>\n<li>Dimensions: 100 x 3.8 x 60 cm<\/li>\n<li>Chipboard, laminated with deep black color with unique texture<\/li>\n<li>Bold styling that fits both bright kitchen arrangements based on the effect of contrast and darker compositions using the effect of cohesion.<\/li>\n<li>Introduces a feeling of elegance and modernity<\/li>\n<\/ul>\n<h3><strong>Countertop for kitchen 1000 mm - technical information<\/strong><\/h3>\n<p>The use of laminated particle board with a thickness of 28 mm (Concrete Atelier) or 38 mm (Wild Oak and Black) with additional, laminated edges increases the durability and scratch resistance of the countertop, while protecting the product from getting moisture inside. The sides of the proposed 1m kitchen countertop are covered with PVC material, further protecting the product and extending its life. The 100 cm kitchen countertops do not have holes.\n<\/p><\/div>\n<p>&nbsp;<\/p>","protected":false},"excerpt":{"rendered":"<p>Blat kuchenny 1000 mm Propozycja blatu kuchennego o d\u0142ugo\u015bci 1 m jest funkcjonalnym uzupe\u0142nieniem stoj\u0105cych szafek kuchennych o ca\u0142kowitej szeroko\u015bci (&#8230;)<\/p>","protected":false},"featured_media":8525,"comment_status":"open","ping_status":"closed","template":"","meta":{"_acf_changed":false,"inline_featured_image":false},"product_brand":[],"product_cat":[112,140,65,139],"product_tag":[],"class_list":{"0":"post-2184","1":"product","2":"type-product","3":"status-publish","4":"has-post-thumbnail","6":"product_cat-blaty-kuchenne","7":"product_cat-kuchnia","8":"product_cat-meble-kuchenne","9":"product_cat-pomieszczenia","10":"product_shipping_class-paczka-st-x-1","11":"collection-blat","13":"first","14":"instock","15":"shipping-taxable","16":"purchasable","17":"product-type-variable"},"acf":[],"yoast_head":"<!-- This site is optimized with the Yoast SEO plugin v27.4 - https:\/\/yoast.com\/product\/yoast-seo-wordpress\/ -->\n<title>Laminowany blat kuchenny 1000 mm - Demko Home<\/title>\n<meta name=\"robots\" content=\"index, follow, max-snippet:-1, max-image-preview:large, max-video-preview:-1\" \/>\n<link rel=\"canonical\" href=\"https:\/\/demkohome.pl\/en\/product\/laminowany-blat-kuchenny-1000-mm\/\" \/>\n<meta property=\"og:locale\" content=\"en_US\" \/>\n<meta property=\"og:type\" content=\"article\" \/>\n<meta property=\"og:title\" content=\"Laminowany blat kuchenny 1000 mm - Demko Home\" \/>\n<meta property=\"og:description\" content=\"Blat kuchenny 1000 mm Propozycja blatu kuchennego o d\u0142ugo\u015bci 1 m jest funkcjonalnym uzupe\u0142nieniem stoj\u0105cych szafek kuchennych o ca\u0142kowitej szeroko\u015bci (...)\" \/>\n<meta property=\"og:url\" content=\"https:\/\/demkohome.pl\/en\/product\/laminowany-blat-kuchenny-1000-mm\/\" \/>\n<meta property=\"og:site_name\" content=\"Demko Home\" \/>\n<meta property=\"article:modified_time\" content=\"2026-04-28T13:30:42+00:00\" \/>\n<meta property=\"og:image\" content=\"https:\/\/demkohome.pl\/wp-content\/uploads\/2023\/08\/Szary-blat-kuchenny-do-szafek-stojacych-plyta-wiorowa-laminowana-kolor-beton-producent-Meble-Okmed-Demko-widok-z-gory.jpg\" \/>\n\t<meta property=\"og:image:width\" content=\"1920\" \/>\n\t<meta property=\"og:image:height\" content=\"1920\" \/>\n\t<meta property=\"og:image:type\" content=\"image\/jpeg\" \/>\n<meta name=\"twitter:card\" content=\"summary_large_image\" \/>\n<meta name=\"twitter:label1\" content=\"Est. reading time\" \/>\n\t<meta name=\"twitter:data1\" content=\"3 minutes\" \/>\n<script type=\"application\/ld+json\" class=\"yoast-schema-graph\">{\"@context\":\"https:\\\/\\\/schema.org\",\"@graph\":[{\"@type\":\"WebPage\",\"@id\":\"https:\\\/\\\/demkohome.pl\\\/produkt\\\/laminowany-blat-kuchenny-1000-mm\\\/\",\"url\":\"https:\\\/\\\/demkohome.pl\\\/produkt\\\/laminowany-blat-kuchenny-1000-mm\\\/\",\"name\":\"Laminowany blat kuchenny 1000 mm - Demko Home\",\"isPartOf\":{\"@id\":\"https:\\\/\\\/demkohome.pl\\\/#website\"},\"primaryImageOfPage\":{\"@id\":\"https:\\\/\\\/demkohome.pl\\\/produkt\\\/laminowany-blat-kuchenny-1000-mm\\\/#primaryimage\"},\"image\":{\"@id\":\"https:\\\/\\\/demkohome.pl\\\/produkt\\\/laminowany-blat-kuchenny-1000-mm\\\/#primaryimage\"},\"thumbnailUrl\":\"https:\\\/\\\/demkohome.pl\\\/wp-content\\\/uploads\\\/2023\\\/08\\\/Szary-blat-kuchenny-do-szafek-stojacych-plyta-wiorowa-laminowana-kolor-beton-producent-Meble-Okmed-Demko-widok-z-gory.jpg\",\"datePublished\":\"2023-08-28T11:14:34+00:00\",\"dateModified\":\"2026-04-28T13:30:42+00:00\",\"breadcrumb\":{\"@id\":\"https:\\\/\\\/demkohome.pl\\\/produkt\\\/laminowany-blat-kuchenny-1000-mm\\\/#breadcrumb\"},\"inLanguage\":\"en-US\",\"potentialAction\":[{\"@type\":\"ReadAction\",\"target\":[\"https:\\\/\\\/demkohome.pl\\\/produkt\\\/laminowany-blat-kuchenny-1000-mm\\\/\"]}]},{\"@type\":\"ImageObject\",\"inLanguage\":\"en-US\",\"@id\":\"https:\\\/\\\/demkohome.pl\\\/produkt\\\/laminowany-blat-kuchenny-1000-mm\\\/#primaryimage\",\"url\":\"https:\\\/\\\/demkohome.pl\\\/wp-content\\\/uploads\\\/2023\\\/08\\\/Szary-blat-kuchenny-do-szafek-stojacych-plyta-wiorowa-laminowana-kolor-beton-producent-Meble-Okmed-Demko-widok-z-gory.jpg\",\"contentUrl\":\"https:\\\/\\\/demkohome.pl\\\/wp-content\\\/uploads\\\/2023\\\/08\\\/Szary-blat-kuchenny-do-szafek-stojacych-plyta-wiorowa-laminowana-kolor-beton-producent-Meble-Okmed-Demko-widok-z-gory.jpg\",\"width\":1920,\"height\":1920,\"caption\":\"Szary blat kuchenny do szafek stoj\u0105cych p\u0142yta wi\u00f3rowa laminowana kolor beton producent Meble Okmed Demko widok z g\u00f3ry\"},{\"@type\":\"BreadcrumbList\",\"@id\":\"https:\\\/\\\/demkohome.pl\\\/produkt\\\/laminowany-blat-kuchenny-1000-mm\\\/#breadcrumb\",\"itemListElement\":[{\"@type\":\"ListItem\",\"position\":1,\"name\":\"Strona g\u0142\u00f3wna\",\"item\":\"https:\\\/\\\/demkohome.pl\\\/\"},{\"@type\":\"ListItem\",\"position\":2,\"name\":\"Sklep\",\"item\":\"https:\\\/\\\/demkohome.pl\\\/sklep\\\/\"},{\"@type\":\"ListItem\",\"position\":3,\"name\":\"Laminowany blat kuchenny 1000 mm\"}]},{\"@type\":\"WebSite\",\"@id\":\"https:\\\/\\\/demkohome.pl\\\/#website\",\"url\":\"https:\\\/\\\/demkohome.pl\\\/\",\"name\":\"Demko Home\",\"description\":\"Make it simple\",\"publisher\":{\"@id\":\"https:\\\/\\\/demkohome.pl\\\/#organization\"},\"potentialAction\":[{\"@type\":\"SearchAction\",\"target\":{\"@type\":\"EntryPoint\",\"urlTemplate\":\"https:\\\/\\\/demkohome.pl\\\/?s={search_term_string}\"},\"query-input\":{\"@type\":\"PropertyValueSpecification\",\"valueRequired\":true,\"valueName\":\"search_term_string\"}}],\"inLanguage\":\"en-US\"},{\"@type\":\"Organization\",\"@id\":\"https:\\\/\\\/demkohome.pl\\\/#organization\",\"name\":\"Demko Home\",\"url\":\"https:\\\/\\\/demkohome.pl\\\/\",\"logo\":{\"@type\":\"ImageObject\",\"inLanguage\":\"en-US\",\"@id\":\"https:\\\/\\\/demkohome.pl\\\/#\\\/schema\\\/logo\\\/image\\\/\",\"url\":\"https:\\\/\\\/demkohome.pl\\\/wp-content\\\/uploads\\\/2026\\\/03\\\/cropped-3.png\",\"contentUrl\":\"https:\\\/\\\/demkohome.pl\\\/wp-content\\\/uploads\\\/2026\\\/03\\\/cropped-3.png\",\"width\":250,\"height\":63,\"caption\":\"Demko Home\"},\"image\":{\"@id\":\"https:\\\/\\\/demkohome.pl\\\/#\\\/schema\\\/logo\\\/image\\\/\"}}]}<\/script>\n<!-- \/ Yoast SEO plugin. -->","yoast_head_json":{"title":"Laminowany blat kuchenny 1000 mm - Demko Home","robots":{"index":"index","follow":"follow","max-snippet":"max-snippet:-1","max-image-preview":"max-image-preview:large","max-video-preview":"max-video-preview:-1"},"canonical":"https:\/\/demkohome.pl\/en\/product\/laminowany-blat-kuchenny-1000-mm\/","og_locale":"en_US","og_type":"article","og_title":"Laminowany blat kuchenny 1000 mm - Demko Home","og_description":"Blat kuchenny 1000 mm Propozycja blatu kuchennego o d\u0142ugo\u015bci 1 m jest funkcjonalnym uzupe\u0142nieniem stoj\u0105cych szafek kuchennych o ca\u0142kowitej szeroko\u015bci (...)","og_url":"https:\/\/demkohome.pl\/en\/product\/laminowany-blat-kuchenny-1000-mm\/","og_site_name":"Demko Home","article_modified_time":"2026-04-28T13:30:42+00:00","og_image":[{"width":1920,"height":1920,"url":"https:\/\/demkohome.pl\/wp-content\/uploads\/2023\/08\/Szary-blat-kuchenny-do-szafek-stojacych-plyta-wiorowa-laminowana-kolor-beton-producent-Meble-Okmed-Demko-widok-z-gory.jpg","type":"image\/jpeg"}],"twitter_card":"summary_large_image","twitter_misc":{"Est. reading time":"3 minutes"},"schema":{"@context":"https:\/\/schema.org","@graph":[{"@type":"WebPage","@id":"https:\/\/demkohome.pl\/produkt\/laminowany-blat-kuchenny-1000-mm\/","url":"https:\/\/demkohome.pl\/produkt\/laminowany-blat-kuchenny-1000-mm\/","name":"Laminowany blat kuchenny 1000 mm - Demko Home","isPartOf":{"@id":"https:\/\/demkohome.pl\/#website"},"primaryImageOfPage":{"@id":"https:\/\/demkohome.pl\/produkt\/laminowany-blat-kuchenny-1000-mm\/#primaryimage"},"image":{"@id":"https:\/\/demkohome.pl\/produkt\/laminowany-blat-kuchenny-1000-mm\/#primaryimage"},"thumbnailUrl":"https:\/\/demkohome.pl\/wp-content\/uploads\/2023\/08\/Szary-blat-kuchenny-do-szafek-stojacych-plyta-wiorowa-laminowana-kolor-beton-producent-Meble-Okmed-Demko-widok-z-gory.jpg","datePublished":"2023-08-28T11:14:34+00:00","dateModified":"2026-04-28T13:30:42+00:00","breadcrumb":{"@id":"https:\/\/demkohome.pl\/produkt\/laminowany-blat-kuchenny-1000-mm\/#breadcrumb"},"inLanguage":"en-US","potentialAction":[{"@type":"ReadAction","target":["https:\/\/demkohome.pl\/produkt\/laminowany-blat-kuchenny-1000-mm\/"]}]},{"@type":"ImageObject","inLanguage":"en-US","@id":"https:\/\/demkohome.pl\/produkt\/laminowany-blat-kuchenny-1000-mm\/#primaryimage","url":"https:\/\/demkohome.pl\/wp-content\/uploads\/2023\/08\/Szary-blat-kuchenny-do-szafek-stojacych-plyta-wiorowa-laminowana-kolor-beton-producent-Meble-Okmed-Demko-widok-z-gory.jpg","contentUrl":"https:\/\/demkohome.pl\/wp-content\/uploads\/2023\/08\/Szary-blat-kuchenny-do-szafek-stojacych-plyta-wiorowa-laminowana-kolor-beton-producent-Meble-Okmed-Demko-widok-z-gory.jpg","width":1920,"height":1920,"caption":"Szary blat kuchenny do szafek stoj\u0105cych p\u0142yta wi\u00f3rowa laminowana kolor beton producent Meble Okmed Demko widok z g\u00f3ry"},{"@type":"BreadcrumbList","@id":"https:\/\/demkohome.pl\/produkt\/laminowany-blat-kuchenny-1000-mm\/#breadcrumb","itemListElement":[{"@type":"ListItem","position":1,"name":"Strona g\u0142\u00f3wna","item":"https:\/\/demkohome.pl\/"},{"@type":"ListItem","position":2,"name":"Sklep","item":"https:\/\/demkohome.pl\/sklep\/"},{"@type":"ListItem","position":3,"name":"Laminowany blat kuchenny 1000 mm"}]},{"@type":"WebSite","@id":"https:\/\/demkohome.pl\/#website","url":"https:\/\/demkohome.pl\/","name":"Demko Home","description":"Make it simple","publisher":{"@id":"https:\/\/demkohome.pl\/#organization"},"potentialAction":[{"@type":"SearchAction","target":{"@type":"EntryPoint","urlTemplate":"https:\/\/demkohome.pl\/?s={search_term_string}"},"query-input":{"@type":"PropertyValueSpecification","valueRequired":true,"valueName":"search_term_string"}}],"inLanguage":"en-US"},{"@type":"Organization","@id":"https:\/\/demkohome.pl\/#organization","name":"Demko Home","url":"https:\/\/demkohome.pl\/","logo":{"@type":"ImageObject","inLanguage":"en-US","@id":"https:\/\/demkohome.pl\/#\/schema\/logo\/image\/","url":"https:\/\/demkohome.pl\/wp-content\/uploads\/2026\/03\/cropped-3.png","contentUrl":"https:\/\/demkohome.pl\/wp-content\/uploads\/2026\/03\/cropped-3.png","width":250,"height":63,"caption":"Demko Home"},"image":{"@id":"https:\/\/demkohome.pl\/#\/schema\/logo\/image\/"}}]}},"_links":{"self":[{"href":"https:\/\/demkohome.pl\/en\/wp-json\/wp\/v2\/product\/2184","targetHints":{"allow":["GET"]}}],"collection":[{"href":"https:\/\/demkohome.pl\/en\/wp-json\/wp\/v2\/product"}],"about":[{"href":"https:\/\/demkohome.pl\/en\/wp-json\/wp\/v2\/types\/product"}],"replies":[{"embeddable":true,"href":"https:\/\/demkohome.pl\/en\/wp-json\/wp\/v2\/comments?post=2184"}],"wp:featuredmedia":[{"embeddable":true,"href":"https:\/\/demkohome.pl\/en\/wp-json\/wp\/v2\/media\/8525"}],"wp:attachment":[{"href":"https:\/\/demkohome.pl\/en\/wp-json\/wp\/v2\/media?parent=2184"}],"wp:term":[{"taxonomy":"product_brand","embeddable":true,"href":"https:\/\/demkohome.pl\/en\/wp-json\/wp\/v2\/product_brand?post=2184"},{"taxonomy":"product_cat","embeddable":true,"href":"https:\/\/demkohome.pl\/en\/wp-json\/wp\/v2\/product_cat?post=2184"},{"taxonomy":"product_tag","embeddable":true,"href":"https:\/\/demkohome.pl\/en\/wp-json\/wp\/v2\/product_tag?post=2184"}],"curies":[{"name":"wp","href":"https:\/\/api.w.org\/{rel}","templated":true}]}}