{"id":21880,"date":"2025-05-28T17:54:11","date_gmt":"2025-05-28T15:54:11","guid":{"rendered":"https:\/\/demkohome.pl\/?post_type=product&#038;p=21880"},"modified":"2026-04-28T21:20:40","modified_gmt":"2026-04-28T19:20:40","slug":"komoda-padua-light-1","status":"publish","type":"product","link":"https:\/\/demkohome.pl\/en\/product\/komoda-padua-light-1\/","title":{"rendered":"Padua Light bedside table"},"content":{"rendered":"<p data-sourcepos=\"3:1-3:57\">Padua Light Bedside Cabinet - A Ray of Freshness in Your Home<\/p>\n<p data-sourcepos=\"5:1-5:358\">Let the Padua Light cabinet bring an air of subtle elegance and calm harmony to your interior. Its pristine white surface like a canvas illuminates the space, adding lightness and visual purity. Imagine how it gently reflects light, creating a cozy and relaxing atmosphere in your bedroom, living room or hallway.<\/p>\n<p data-sourcepos=\"7:1-7:500\">Designed with functionality and aesthetics in mind, the nightstand offers practical storage without overwhelming the space. Its neat dimensions (600 mm wide, 400 mm deep and 370 mm high) allow you to arrange it easily even in more intimate rooms. In it you can deposit soft sweaters, favorite books, bedding to wrap up for sleep, or other small items that you want to have always at hand, while hidden from view.<\/p>\n<p data-sourcepos=\"9:1-9:276\">The simple yet sophisticated form of the nightstand makes it easily blend into a variety of design styles - from modern minimalism to Scandinavian coziness to classic elegance. The lack of unnecessary ornamentation emphasizes its clean lines and timeless character.<\/p>\n<p data-sourcepos=\"11:1-11:300\">Feel how Padua Light 1 becomes not only a practical piece of furniture, but also a subtle decorative element that adds a unique charm to your home. It is a piece of furniture that with its delicacy brings a sense of order and tranquility to your surroundings, creating the perfect backdrop for your everyday moments.<\/p>","protected":false},"excerpt":{"rendered":"<p>Szafka nocna Padua Light \u2013 Promie\u0144 \u015awie\u017co\u015bci w Twoim Domu Pozw\u00f3l, by szafka Padua Light wnios\u0142a do Twojego wn\u0119trza powiew (&#8230;)<\/p>","protected":false},"featured_media":21882,"comment_status":"open","ping_status":"closed","template":"","meta":{"_acf_changed":false,"inline_featured_image":false},"product_brand":[],"product_cat":[128,294,127,307,144,141,506,130,308],"product_tag":[],"class_list":{"0":"post-21880","1":"product","2":"type-product","3":"status-publish","4":"has-post-thumbnail","6":"product_cat-komody","7":"product_cat-meble","8":"product_cat-meble-pokojowe","9":"product_cat-meble-pokojowe-meble","10":"product_cat-pokoj","11":"product_cat-salon","12":"product_cat-sypialnie","13":"product_cat-szafki","14":"product_cat-szafki-meble-pokojowe-meble","15":"product_shipping_class-paczka-nst-x-1","16":"collection-padua-light","18":"first","19":"instock","20":"sale","21":"shipping-taxable","22":"purchasable","23":"product-type-simple"},"acf":[],"yoast_head":"<!-- This site is optimized with the Yoast SEO plugin v27.4 - https:\/\/yoast.com\/product\/yoast-seo-wordpress\/ -->\n<title>Szafka nocna Padua Light - Demko Home<\/title>\n<meta name=\"robots\" content=\"index, follow, max-snippet:-1, max-image-preview:large, max-video-preview:-1\" \/>\n<link rel=\"canonical\" href=\"https:\/\/demkohome.pl\/en\/product\/komoda-padua-light-1\/\" \/>\n<meta property=\"og:locale\" content=\"en_US\" \/>\n<meta property=\"og:type\" content=\"article\" \/>\n<meta property=\"og:title\" content=\"Szafka nocna Padua Light - Demko Home\" \/>\n<meta property=\"og:description\" content=\"Szafka nocna Padua Light \u2013 Promie\u0144 \u015awie\u017co\u015bci w Twoim Domu Pozw\u00f3l, by szafka Padua Light wnios\u0142a do Twojego wn\u0119trza powiew (...)\" \/>\n<meta property=\"og:url\" content=\"https:\/\/demkohome.pl\/en\/product\/komoda-padua-light-1\/\" \/>\n<meta property=\"og:site_name\" content=\"Demko Home\" \/>\n<meta property=\"article:modified_time\" content=\"2026-04-28T19:20:40+00:00\" \/>\n<meta property=\"og:image\" content=\"https:\/\/demkohome.pl\/wp-content\/uploads\/2025\/05\/PAUDA-LIGHT-1-scaled-e1751615609219.jpg\" \/>\n\t<meta property=\"og:image:width\" content=\"1865\" \/>\n\t<meta property=\"og:image:height\" content=\"1706\" \/>\n\t<meta property=\"og:image:type\" content=\"image\/jpeg\" \/>\n<meta name=\"twitter:card\" content=\"summary_large_image\" \/>\n<meta name=\"twitter:label1\" content=\"Est. reading time\" \/>\n\t<meta name=\"twitter:data1\" content=\"2 minutes\" \/>\n<script type=\"application\/ld+json\" class=\"yoast-schema-graph\">{\"@context\":\"https:\\\/\\\/schema.org\",\"@graph\":[{\"@type\":\"WebPage\",\"@id\":\"https:\\\/\\\/demkohome.pl\\\/produkt\\\/komoda-padua-light-1\\\/\",\"url\":\"https:\\\/\\\/demkohome.pl\\\/produkt\\\/komoda-padua-light-1\\\/\",\"name\":\"Szafka nocna Padua Light - Demko Home\",\"isPartOf\":{\"@id\":\"https:\\\/\\\/demkohome.pl\\\/#website\"},\"primaryImageOfPage\":{\"@id\":\"https:\\\/\\\/demkohome.pl\\\/produkt\\\/komoda-padua-light-1\\\/#primaryimage\"},\"image\":{\"@id\":\"https:\\\/\\\/demkohome.pl\\\/produkt\\\/komoda-padua-light-1\\\/#primaryimage\"},\"thumbnailUrl\":\"https:\\\/\\\/demkohome.pl\\\/wp-content\\\/uploads\\\/2025\\\/05\\\/PAUDA-LIGHT-1-scaled-e1751615609219.jpg\",\"datePublished\":\"2025-05-28T15:54:11+00:00\",\"dateModified\":\"2026-04-28T19:20:40+00:00\",\"breadcrumb\":{\"@id\":\"https:\\\/\\\/demkohome.pl\\\/produkt\\\/komoda-padua-light-1\\\/#breadcrumb\"},\"inLanguage\":\"en-US\",\"potentialAction\":[{\"@type\":\"ReadAction\",\"target\":[\"https:\\\/\\\/demkohome.pl\\\/produkt\\\/komoda-padua-light-1\\\/\"]}]},{\"@type\":\"ImageObject\",\"inLanguage\":\"en-US\",\"@id\":\"https:\\\/\\\/demkohome.pl\\\/produkt\\\/komoda-padua-light-1\\\/#primaryimage\",\"url\":\"https:\\\/\\\/demkohome.pl\\\/wp-content\\\/uploads\\\/2025\\\/05\\\/PAUDA-LIGHT-1-scaled-e1751615609219.jpg\",\"contentUrl\":\"https:\\\/\\\/demkohome.pl\\\/wp-content\\\/uploads\\\/2025\\\/05\\\/PAUDA-LIGHT-1-scaled-e1751615609219.jpg\",\"width\":1865,\"height\":1706},{\"@type\":\"BreadcrumbList\",\"@id\":\"https:\\\/\\\/demkohome.pl\\\/produkt\\\/komoda-padua-light-1\\\/#breadcrumb\",\"itemListElement\":[{\"@type\":\"ListItem\",\"position\":1,\"name\":\"Strona g\u0142\u00f3wna\",\"item\":\"https:\\\/\\\/demkohome.pl\\\/\"},{\"@type\":\"ListItem\",\"position\":2,\"name\":\"Sklep\",\"item\":\"https:\\\/\\\/demkohome.pl\\\/sklep\\\/\"},{\"@type\":\"ListItem\",\"position\":3,\"name\":\"Szafka nocna Padua Light\"}]},{\"@type\":\"WebSite\",\"@id\":\"https:\\\/\\\/demkohome.pl\\\/#website\",\"url\":\"https:\\\/\\\/demkohome.pl\\\/\",\"name\":\"Demko Home\",\"description\":\"Make it simple\",\"publisher\":{\"@id\":\"https:\\\/\\\/demkohome.pl\\\/#organization\"},\"potentialAction\":[{\"@type\":\"SearchAction\",\"target\":{\"@type\":\"EntryPoint\",\"urlTemplate\":\"https:\\\/\\\/demkohome.pl\\\/?s={search_term_string}\"},\"query-input\":{\"@type\":\"PropertyValueSpecification\",\"valueRequired\":true,\"valueName\":\"search_term_string\"}}],\"inLanguage\":\"en-US\"},{\"@type\":\"Organization\",\"@id\":\"https:\\\/\\\/demkohome.pl\\\/#organization\",\"name\":\"Demko Home\",\"url\":\"https:\\\/\\\/demkohome.pl\\\/\",\"logo\":{\"@type\":\"ImageObject\",\"inLanguage\":\"en-US\",\"@id\":\"https:\\\/\\\/demkohome.pl\\\/#\\\/schema\\\/logo\\\/image\\\/\",\"url\":\"https:\\\/\\\/demkohome.pl\\\/wp-content\\\/uploads\\\/2026\\\/03\\\/cropped-3.png\",\"contentUrl\":\"https:\\\/\\\/demkohome.pl\\\/wp-content\\\/uploads\\\/2026\\\/03\\\/cropped-3.png\",\"width\":250,\"height\":63,\"caption\":\"Demko Home\"},\"image\":{\"@id\":\"https:\\\/\\\/demkohome.pl\\\/#\\\/schema\\\/logo\\\/image\\\/\"}}]}<\/script>\n<!-- \/ Yoast SEO plugin. -->","yoast_head_json":{"title":"Szafka nocna Padua Light - Demko Home","robots":{"index":"index","follow":"follow","max-snippet":"max-snippet:-1","max-image-preview":"max-image-preview:large","max-video-preview":"max-video-preview:-1"},"canonical":"https:\/\/demkohome.pl\/en\/product\/komoda-padua-light-1\/","og_locale":"en_US","og_type":"article","og_title":"Szafka nocna Padua Light - Demko Home","og_description":"Szafka nocna Padua Light \u2013 Promie\u0144 \u015awie\u017co\u015bci w Twoim Domu Pozw\u00f3l, by szafka Padua Light wnios\u0142a do Twojego wn\u0119trza powiew (...)","og_url":"https:\/\/demkohome.pl\/en\/product\/komoda-padua-light-1\/","og_site_name":"Demko Home","article_modified_time":"2026-04-28T19:20:40+00:00","og_image":[{"width":1865,"height":1706,"url":"https:\/\/demkohome.pl\/wp-content\/uploads\/2025\/05\/PAUDA-LIGHT-1-scaled-e1751615609219.jpg","type":"image\/jpeg"}],"twitter_card":"summary_large_image","twitter_misc":{"Est. reading time":"2 minutes"},"schema":{"@context":"https:\/\/schema.org","@graph":[{"@type":"WebPage","@id":"https:\/\/demkohome.pl\/produkt\/komoda-padua-light-1\/","url":"https:\/\/demkohome.pl\/produkt\/komoda-padua-light-1\/","name":"Szafka nocna Padua Light - Demko Home","isPartOf":{"@id":"https:\/\/demkohome.pl\/#website"},"primaryImageOfPage":{"@id":"https:\/\/demkohome.pl\/produkt\/komoda-padua-light-1\/#primaryimage"},"image":{"@id":"https:\/\/demkohome.pl\/produkt\/komoda-padua-light-1\/#primaryimage"},"thumbnailUrl":"https:\/\/demkohome.pl\/wp-content\/uploads\/2025\/05\/PAUDA-LIGHT-1-scaled-e1751615609219.jpg","datePublished":"2025-05-28T15:54:11+00:00","dateModified":"2026-04-28T19:20:40+00:00","breadcrumb":{"@id":"https:\/\/demkohome.pl\/produkt\/komoda-padua-light-1\/#breadcrumb"},"inLanguage":"en-US","potentialAction":[{"@type":"ReadAction","target":["https:\/\/demkohome.pl\/produkt\/komoda-padua-light-1\/"]}]},{"@type":"ImageObject","inLanguage":"en-US","@id":"https:\/\/demkohome.pl\/produkt\/komoda-padua-light-1\/#primaryimage","url":"https:\/\/demkohome.pl\/wp-content\/uploads\/2025\/05\/PAUDA-LIGHT-1-scaled-e1751615609219.jpg","contentUrl":"https:\/\/demkohome.pl\/wp-content\/uploads\/2025\/05\/PAUDA-LIGHT-1-scaled-e1751615609219.jpg","width":1865,"height":1706},{"@type":"BreadcrumbList","@id":"https:\/\/demkohome.pl\/produkt\/komoda-padua-light-1\/#breadcrumb","itemListElement":[{"@type":"ListItem","position":1,"name":"Strona g\u0142\u00f3wna","item":"https:\/\/demkohome.pl\/"},{"@type":"ListItem","position":2,"name":"Sklep","item":"https:\/\/demkohome.pl\/sklep\/"},{"@type":"ListItem","position":3,"name":"Szafka nocna Padua Light"}]},{"@type":"WebSite","@id":"https:\/\/demkohome.pl\/#website","url":"https:\/\/demkohome.pl\/","name":"Demko Home","description":"Make it simple","publisher":{"@id":"https:\/\/demkohome.pl\/#organization"},"potentialAction":[{"@type":"SearchAction","target":{"@type":"EntryPoint","urlTemplate":"https:\/\/demkohome.pl\/?s={search_term_string}"},"query-input":{"@type":"PropertyValueSpecification","valueRequired":true,"valueName":"search_term_string"}}],"inLanguage":"en-US"},{"@type":"Organization","@id":"https:\/\/demkohome.pl\/#organization","name":"Demko Home","url":"https:\/\/demkohome.pl\/","logo":{"@type":"ImageObject","inLanguage":"en-US","@id":"https:\/\/demkohome.pl\/#\/schema\/logo\/image\/","url":"https:\/\/demkohome.pl\/wp-content\/uploads\/2026\/03\/cropped-3.png","contentUrl":"https:\/\/demkohome.pl\/wp-content\/uploads\/2026\/03\/cropped-3.png","width":250,"height":63,"caption":"Demko Home"},"image":{"@id":"https:\/\/demkohome.pl\/#\/schema\/logo\/image\/"}}]}},"_links":{"self":[{"href":"https:\/\/demkohome.pl\/en\/wp-json\/wp\/v2\/product\/21880","targetHints":{"allow":["GET"]}}],"collection":[{"href":"https:\/\/demkohome.pl\/en\/wp-json\/wp\/v2\/product"}],"about":[{"href":"https:\/\/demkohome.pl\/en\/wp-json\/wp\/v2\/types\/product"}],"replies":[{"embeddable":true,"href":"https:\/\/demkohome.pl\/en\/wp-json\/wp\/v2\/comments?post=21880"}],"wp:featuredmedia":[{"embeddable":true,"href":"https:\/\/demkohome.pl\/en\/wp-json\/wp\/v2\/media\/21882"}],"wp:attachment":[{"href":"https:\/\/demkohome.pl\/en\/wp-json\/wp\/v2\/media?parent=21880"}],"wp:term":[{"taxonomy":"product_brand","embeddable":true,"href":"https:\/\/demkohome.pl\/en\/wp-json\/wp\/v2\/product_brand?post=21880"},{"taxonomy":"product_cat","embeddable":true,"href":"https:\/\/demkohome.pl\/en\/wp-json\/wp\/v2\/product_cat?post=21880"},{"taxonomy":"product_tag","embeddable":true,"href":"https:\/\/demkohome.pl\/en\/wp-json\/wp\/v2\/product_tag?post=21880"}],"curies":[{"name":"wp","href":"https:\/\/api.w.org\/{rel}","templated":true}]}}