{"id":21883,"date":"2025-05-28T17:55:10","date_gmt":"2025-05-28T15:55:10","guid":{"rendered":"https:\/\/demkohome.pl\/?post_type=product&#038;p=21883"},"modified":"2026-04-28T21:20:40","modified_gmt":"2026-04-28T19:20:40","slug":"komoda-padua-light-2","status":"publish","type":"product","link":"https:\/\/demkohome.pl\/en\/product\/komoda-padua-light-2\/","title":{"rendered":"Padua Light 2 chest of drawers"},"content":{"rendered":"<p data-sourcepos=\"3:1-3:59\">Padua Light 2 chest of drawers - More Space, Same Charm<\/p>\n<p data-sourcepos=\"5:1-5:271\">Welcome to a world of subtle elegance and even greater functionality with the Padua Light 2 dresser. Continuing the line of clean design, this dresser in a shade of pristine white spreads an aura of freshness and tranquility around it, becoming a sophisticated accent to your interior.<\/p>\n<p data-sourcepos=\"7:1-7:364\">Its more spacious dimensions (1000 mm wide, 800 mm high and 370 mm deep) open up new possibilities for organizing your space. Imagine how gracefully it will accommodate your neatly folded clothes, your collection of favorite books, or any other treasures you wish to keep close to you, while maintaining harmony and order in your surroundings.<\/p>\n<p data-sourcepos=\"9:1-9:329\">Like its predecessor, the Padua Light 2 impresses with a simplicity of form that easily harmonizes with a variety of styles - from modern minimalism to cozy Scandinavian design to timeless classics. Its smooth white surface is like a serene backdrop that subtly enhances the character of your room.<\/p>\n<p data-sourcepos=\"11:1-11:240\">Let the Padua Light 2 dresser bring even more space and sophisticated style to your home. It is a piece of furniture that with its presence adds lightness and elegance to the interior, creating an atmosphere conducive to relaxation and well-being.<\/p>","protected":false},"excerpt":{"rendered":"<p>Komoda Padua Light 2 \u2013 Wi\u0119cej Przestrzeni, Ten Sam Urok Witaj w \u015bwiecie subtelnej elegancji i jeszcze wi\u0119kszej funkcjonalno\u015bci z (&#8230;)<\/p>","protected":false},"featured_media":508790,"comment_status":"open","ping_status":"closed","template":"","meta":{"_acf_changed":false,"inline_featured_image":false},"product_brand":[],"product_cat":[128,294,127,307,144,308],"product_tag":[],"class_list":{"0":"post-21883","1":"product","2":"type-product","3":"status-publish","4":"has-post-thumbnail","6":"product_cat-komody","7":"product_cat-meble","8":"product_cat-meble-pokojowe","9":"product_cat-meble-pokojowe-meble","10":"product_cat-pokoj","11":"product_cat-szafki-meble-pokojowe-meble","12":"product_shipping_class-paczka-nst-x-2","13":"collection-padua-light","15":"first","16":"instock","17":"sale","18":"shipping-taxable","19":"purchasable","20":"product-type-simple"},"acf":[],"yoast_head":"<!-- This site is optimized with the Yoast SEO plugin v27.4 - https:\/\/yoast.com\/product\/yoast-seo-wordpress\/ -->\n<title>Komoda Padua Light 2 - Demko Home<\/title>\n<meta name=\"robots\" content=\"index, follow, max-snippet:-1, max-image-preview:large, max-video-preview:-1\" \/>\n<link rel=\"canonical\" href=\"https:\/\/demkohome.pl\/en\/product\/komoda-padua-light-2\/\" \/>\n<meta property=\"og:locale\" content=\"en_US\" \/>\n<meta property=\"og:type\" content=\"article\" \/>\n<meta property=\"og:title\" content=\"Komoda Padua Light 2 - Demko Home\" \/>\n<meta property=\"og:description\" content=\"Komoda Padua Light 2 \u2013 Wi\u0119cej Przestrzeni, Ten Sam Urok Witaj w \u015bwiecie subtelnej elegancji i jeszcze wi\u0119kszej funkcjonalno\u015bci z (...)\" \/>\n<meta property=\"og:url\" content=\"https:\/\/demkohome.pl\/en\/product\/komoda-padua-light-2\/\" \/>\n<meta property=\"og:site_name\" content=\"Demko Home\" \/>\n<meta property=\"article:modified_time\" content=\"2026-04-28T19:20:40+00:00\" \/>\n<meta property=\"og:image\" content=\"https:\/\/demkohome.pl\/wp-content\/uploads\/2025\/05\/Gemini_Generated_Image_9aba7c9aba7c9aba.png\" \/>\n\t<meta property=\"og:image:width\" content=\"1063\" \/>\n\t<meta property=\"og:image:height\" content=\"1063\" \/>\n\t<meta property=\"og:image:type\" content=\"image\/png\" \/>\n<meta name=\"twitter:card\" content=\"summary_large_image\" \/>\n<meta name=\"twitter:label1\" content=\"Est. reading time\" \/>\n\t<meta name=\"twitter:data1\" content=\"2 minutes\" \/>\n<script type=\"application\/ld+json\" class=\"yoast-schema-graph\">{\"@context\":\"https:\\\/\\\/schema.org\",\"@graph\":[{\"@type\":\"WebPage\",\"@id\":\"https:\\\/\\\/demkohome.pl\\\/produkt\\\/komoda-padua-light-2\\\/\",\"url\":\"https:\\\/\\\/demkohome.pl\\\/produkt\\\/komoda-padua-light-2\\\/\",\"name\":\"Komoda Padua Light 2 - Demko Home\",\"isPartOf\":{\"@id\":\"https:\\\/\\\/demkohome.pl\\\/#website\"},\"primaryImageOfPage\":{\"@id\":\"https:\\\/\\\/demkohome.pl\\\/produkt\\\/komoda-padua-light-2\\\/#primaryimage\"},\"image\":{\"@id\":\"https:\\\/\\\/demkohome.pl\\\/produkt\\\/komoda-padua-light-2\\\/#primaryimage\"},\"thumbnailUrl\":\"https:\\\/\\\/demkohome.pl\\\/wp-content\\\/uploads\\\/2025\\\/05\\\/Gemini_Generated_Image_9aba7c9aba7c9aba.png\",\"datePublished\":\"2025-05-28T15:55:10+00:00\",\"dateModified\":\"2026-04-28T19:20:40+00:00\",\"breadcrumb\":{\"@id\":\"https:\\\/\\\/demkohome.pl\\\/produkt\\\/komoda-padua-light-2\\\/#breadcrumb\"},\"inLanguage\":\"en-US\",\"potentialAction\":[{\"@type\":\"ReadAction\",\"target\":[\"https:\\\/\\\/demkohome.pl\\\/produkt\\\/komoda-padua-light-2\\\/\"]}]},{\"@type\":\"ImageObject\",\"inLanguage\":\"en-US\",\"@id\":\"https:\\\/\\\/demkohome.pl\\\/produkt\\\/komoda-padua-light-2\\\/#primaryimage\",\"url\":\"https:\\\/\\\/demkohome.pl\\\/wp-content\\\/uploads\\\/2025\\\/05\\\/Gemini_Generated_Image_9aba7c9aba7c9aba.png\",\"contentUrl\":\"https:\\\/\\\/demkohome.pl\\\/wp-content\\\/uploads\\\/2025\\\/05\\\/Gemini_Generated_Image_9aba7c9aba7c9aba.png\",\"width\":1063,\"height\":1063},{\"@type\":\"BreadcrumbList\",\"@id\":\"https:\\\/\\\/demkohome.pl\\\/produkt\\\/komoda-padua-light-2\\\/#breadcrumb\",\"itemListElement\":[{\"@type\":\"ListItem\",\"position\":1,\"name\":\"Strona g\u0142\u00f3wna\",\"item\":\"https:\\\/\\\/demkohome.pl\\\/\"},{\"@type\":\"ListItem\",\"position\":2,\"name\":\"Sklep\",\"item\":\"https:\\\/\\\/demkohome.pl\\\/sklep\\\/\"},{\"@type\":\"ListItem\",\"position\":3,\"name\":\"Komoda Padua Light 2\"}]},{\"@type\":\"WebSite\",\"@id\":\"https:\\\/\\\/demkohome.pl\\\/#website\",\"url\":\"https:\\\/\\\/demkohome.pl\\\/\",\"name\":\"Demko Home\",\"description\":\"Make it simple\",\"publisher\":{\"@id\":\"https:\\\/\\\/demkohome.pl\\\/#organization\"},\"potentialAction\":[{\"@type\":\"SearchAction\",\"target\":{\"@type\":\"EntryPoint\",\"urlTemplate\":\"https:\\\/\\\/demkohome.pl\\\/?s={search_term_string}\"},\"query-input\":{\"@type\":\"PropertyValueSpecification\",\"valueRequired\":true,\"valueName\":\"search_term_string\"}}],\"inLanguage\":\"en-US\"},{\"@type\":\"Organization\",\"@id\":\"https:\\\/\\\/demkohome.pl\\\/#organization\",\"name\":\"Demko Home\",\"url\":\"https:\\\/\\\/demkohome.pl\\\/\",\"logo\":{\"@type\":\"ImageObject\",\"inLanguage\":\"en-US\",\"@id\":\"https:\\\/\\\/demkohome.pl\\\/#\\\/schema\\\/logo\\\/image\\\/\",\"url\":\"https:\\\/\\\/demkohome.pl\\\/wp-content\\\/uploads\\\/2026\\\/03\\\/cropped-3.png\",\"contentUrl\":\"https:\\\/\\\/demkohome.pl\\\/wp-content\\\/uploads\\\/2026\\\/03\\\/cropped-3.png\",\"width\":250,\"height\":63,\"caption\":\"Demko Home\"},\"image\":{\"@id\":\"https:\\\/\\\/demkohome.pl\\\/#\\\/schema\\\/logo\\\/image\\\/\"}}]}<\/script>\n<!-- \/ Yoast SEO plugin. -->","yoast_head_json":{"title":"Komoda Padua Light 2 - Demko Home","robots":{"index":"index","follow":"follow","max-snippet":"max-snippet:-1","max-image-preview":"max-image-preview:large","max-video-preview":"max-video-preview:-1"},"canonical":"https:\/\/demkohome.pl\/en\/product\/komoda-padua-light-2\/","og_locale":"en_US","og_type":"article","og_title":"Komoda Padua Light 2 - Demko Home","og_description":"Komoda Padua Light 2 \u2013 Wi\u0119cej Przestrzeni, Ten Sam Urok Witaj w \u015bwiecie subtelnej elegancji i jeszcze wi\u0119kszej funkcjonalno\u015bci z (...)","og_url":"https:\/\/demkohome.pl\/en\/product\/komoda-padua-light-2\/","og_site_name":"Demko Home","article_modified_time":"2026-04-28T19:20:40+00:00","og_image":[{"width":1063,"height":1063,"url":"https:\/\/demkohome.pl\/wp-content\/uploads\/2025\/05\/Gemini_Generated_Image_9aba7c9aba7c9aba.png","type":"image\/png"}],"twitter_card":"summary_large_image","twitter_misc":{"Est. reading time":"2 minutes"},"schema":{"@context":"https:\/\/schema.org","@graph":[{"@type":"WebPage","@id":"https:\/\/demkohome.pl\/produkt\/komoda-padua-light-2\/","url":"https:\/\/demkohome.pl\/produkt\/komoda-padua-light-2\/","name":"Komoda Padua Light 2 - Demko Home","isPartOf":{"@id":"https:\/\/demkohome.pl\/#website"},"primaryImageOfPage":{"@id":"https:\/\/demkohome.pl\/produkt\/komoda-padua-light-2\/#primaryimage"},"image":{"@id":"https:\/\/demkohome.pl\/produkt\/komoda-padua-light-2\/#primaryimage"},"thumbnailUrl":"https:\/\/demkohome.pl\/wp-content\/uploads\/2025\/05\/Gemini_Generated_Image_9aba7c9aba7c9aba.png","datePublished":"2025-05-28T15:55:10+00:00","dateModified":"2026-04-28T19:20:40+00:00","breadcrumb":{"@id":"https:\/\/demkohome.pl\/produkt\/komoda-padua-light-2\/#breadcrumb"},"inLanguage":"en-US","potentialAction":[{"@type":"ReadAction","target":["https:\/\/demkohome.pl\/produkt\/komoda-padua-light-2\/"]}]},{"@type":"ImageObject","inLanguage":"en-US","@id":"https:\/\/demkohome.pl\/produkt\/komoda-padua-light-2\/#primaryimage","url":"https:\/\/demkohome.pl\/wp-content\/uploads\/2025\/05\/Gemini_Generated_Image_9aba7c9aba7c9aba.png","contentUrl":"https:\/\/demkohome.pl\/wp-content\/uploads\/2025\/05\/Gemini_Generated_Image_9aba7c9aba7c9aba.png","width":1063,"height":1063},{"@type":"BreadcrumbList","@id":"https:\/\/demkohome.pl\/produkt\/komoda-padua-light-2\/#breadcrumb","itemListElement":[{"@type":"ListItem","position":1,"name":"Strona g\u0142\u00f3wna","item":"https:\/\/demkohome.pl\/"},{"@type":"ListItem","position":2,"name":"Sklep","item":"https:\/\/demkohome.pl\/sklep\/"},{"@type":"ListItem","position":3,"name":"Komoda Padua Light 2"}]},{"@type":"WebSite","@id":"https:\/\/demkohome.pl\/#website","url":"https:\/\/demkohome.pl\/","name":"Demko Home","description":"Make it simple","publisher":{"@id":"https:\/\/demkohome.pl\/#organization"},"potentialAction":[{"@type":"SearchAction","target":{"@type":"EntryPoint","urlTemplate":"https:\/\/demkohome.pl\/?s={search_term_string}"},"query-input":{"@type":"PropertyValueSpecification","valueRequired":true,"valueName":"search_term_string"}}],"inLanguage":"en-US"},{"@type":"Organization","@id":"https:\/\/demkohome.pl\/#organization","name":"Demko Home","url":"https:\/\/demkohome.pl\/","logo":{"@type":"ImageObject","inLanguage":"en-US","@id":"https:\/\/demkohome.pl\/#\/schema\/logo\/image\/","url":"https:\/\/demkohome.pl\/wp-content\/uploads\/2026\/03\/cropped-3.png","contentUrl":"https:\/\/demkohome.pl\/wp-content\/uploads\/2026\/03\/cropped-3.png","width":250,"height":63,"caption":"Demko Home"},"image":{"@id":"https:\/\/demkohome.pl\/#\/schema\/logo\/image\/"}}]}},"_links":{"self":[{"href":"https:\/\/demkohome.pl\/en\/wp-json\/wp\/v2\/product\/21883","targetHints":{"allow":["GET"]}}],"collection":[{"href":"https:\/\/demkohome.pl\/en\/wp-json\/wp\/v2\/product"}],"about":[{"href":"https:\/\/demkohome.pl\/en\/wp-json\/wp\/v2\/types\/product"}],"replies":[{"embeddable":true,"href":"https:\/\/demkohome.pl\/en\/wp-json\/wp\/v2\/comments?post=21883"}],"wp:featuredmedia":[{"embeddable":true,"href":"https:\/\/demkohome.pl\/en\/wp-json\/wp\/v2\/media\/508790"}],"wp:attachment":[{"href":"https:\/\/demkohome.pl\/en\/wp-json\/wp\/v2\/media?parent=21883"}],"wp:term":[{"taxonomy":"product_brand","embeddable":true,"href":"https:\/\/demkohome.pl\/en\/wp-json\/wp\/v2\/product_brand?post=21883"},{"taxonomy":"product_cat","embeddable":true,"href":"https:\/\/demkohome.pl\/en\/wp-json\/wp\/v2\/product_cat?post=21883"},{"taxonomy":"product_tag","embeddable":true,"href":"https:\/\/demkohome.pl\/en\/wp-json\/wp\/v2\/product_tag?post=21883"}],"curies":[{"name":"wp","href":"https:\/\/api.w.org\/{rel}","templated":true}]}}