{"id":21888,"date":"2025-05-28T17:50:55","date_gmt":"2025-05-28T15:50:55","guid":{"rendered":"https:\/\/demkohome.pl\/?post_type=product&#038;p=21888"},"modified":"2026-04-28T21:20:40","modified_gmt":"2026-04-28T19:20:40","slug":"komoda-padua-light-4","status":"publish","type":"product","link":"https:\/\/demkohome.pl\/en\/product\/komoda-padua-light-4\/","title":{"rendered":"Padua Light 4 chest of drawers"},"content":{"rendered":"<p data-sourcepos=\"3:1-3:81\"><strong>Let your space blossom into harmony with our dresser.<\/strong><\/p>\n<p data-sourcepos=\"5:1-5:264\">This graceful dresser in pure white exudes subtle elegance that will transform your interior with ease. Its modern design, characterized by straight lines and smooth surfaces, brings a sense of freshness and spaciousness to the room.<\/p>\n<p data-sourcepos=\"7:1-7:203\">Behind its stylish appearance is a functional interior that will happily organize your items. Thanks to it, you will easily keep things in order, and every trinket will find its perfect place.<\/p>\n<p data-sourcepos=\"9:1-9:297\">Imagine how beautiful it will look in your living room, becoming a sophisticated design element. Maybe it will decorate your bedroom, adding a note of modern delicacy and tranquility. No matter where you place it, it will bring with it an atmosphere of harmony and visual lightness.<\/p>\n<p data-sourcepos=\"11:1-11:134\">This white dresser is not only a practical piece of furniture, it is a subtle accent that will wrap your space with an aura of calm and elegance every day.<\/p>","protected":false},"excerpt":{"rendered":"<p>Pozw\u00f3l, by Twoja przestrze\u0144 rozkwit\u0142a harmoni\u0105 dzi\u0119ki naszej komodzie. Ta pe\u0142na wdzi\u0119ku komoda w kolorze czystej bieli emanuje subteln\u0105 elegancj\u0105, (&#8230;)<\/p>","protected":false},"featured_media":508799,"comment_status":"open","ping_status":"closed","template":"","meta":{"_acf_changed":false,"inline_featured_image":false},"product_brand":[],"product_cat":[128,294,127,307,144,139,130,308],"product_tag":[],"class_list":{"0":"post-21888","1":"product","2":"type-product","3":"status-publish","4":"has-post-thumbnail","6":"product_cat-komody","7":"product_cat-meble","8":"product_cat-meble-pokojowe","9":"product_cat-meble-pokojowe-meble","10":"product_cat-pokoj","11":"product_cat-pomieszczenia","12":"product_cat-szafki","13":"product_cat-szafki-meble-pokojowe-meble","14":"product_shipping_class-paczka-nst-x-2","15":"collection-padua-light","17":"first","18":"instock","19":"sale","20":"shipping-taxable","21":"purchasable","22":"product-type-simple"},"acf":[],"yoast_head":"<!-- This site is optimized with the Yoast SEO plugin v27.4 - https:\/\/yoast.com\/product\/yoast-seo-wordpress\/ -->\n<title>Komoda Padua Light 4 - Demko Home<\/title>\n<meta name=\"robots\" content=\"index, follow, max-snippet:-1, max-image-preview:large, max-video-preview:-1\" \/>\n<link rel=\"canonical\" href=\"https:\/\/demkohome.pl\/en\/product\/komoda-padua-light-4\/\" \/>\n<meta property=\"og:locale\" content=\"en_US\" \/>\n<meta property=\"og:type\" content=\"article\" \/>\n<meta property=\"og:title\" content=\"Komoda Padua Light 4 - Demko Home\" \/>\n<meta property=\"og:description\" content=\"Pozw\u00f3l, by Twoja przestrze\u0144 rozkwit\u0142a harmoni\u0105 dzi\u0119ki naszej komodzie. Ta pe\u0142na wdzi\u0119ku komoda w kolorze czystej bieli emanuje subteln\u0105 elegancj\u0105, (...)\" \/>\n<meta property=\"og:url\" content=\"https:\/\/demkohome.pl\/en\/product\/komoda-padua-light-4\/\" \/>\n<meta property=\"og:site_name\" content=\"Demko Home\" \/>\n<meta property=\"article:modified_time\" content=\"2026-04-28T19:20:40+00:00\" \/>\n<meta property=\"og:image\" content=\"https:\/\/demkohome.pl\/wp-content\/uploads\/2025\/05\/Gemini_Generated_Image_nsd0wgnsd0wgnsd0-1024x1024.png\" \/>\n\t<meta property=\"og:image:width\" content=\"1024\" \/>\n\t<meta property=\"og:image:height\" content=\"1024\" \/>\n\t<meta property=\"og:image:type\" content=\"image\/png\" \/>\n<meta name=\"twitter:card\" content=\"summary_large_image\" \/>\n<meta name=\"twitter:label1\" content=\"Est. reading time\" \/>\n\t<meta name=\"twitter:data1\" content=\"2 minutes\" \/>\n<script type=\"application\/ld+json\" class=\"yoast-schema-graph\">{\"@context\":\"https:\\\/\\\/schema.org\",\"@graph\":[{\"@type\":\"WebPage\",\"@id\":\"https:\\\/\\\/demkohome.pl\\\/produkt\\\/komoda-padua-light-4\\\/\",\"url\":\"https:\\\/\\\/demkohome.pl\\\/produkt\\\/komoda-padua-light-4\\\/\",\"name\":\"Komoda Padua Light 4 - Demko Home\",\"isPartOf\":{\"@id\":\"https:\\\/\\\/demkohome.pl\\\/#website\"},\"primaryImageOfPage\":{\"@id\":\"https:\\\/\\\/demkohome.pl\\\/produkt\\\/komoda-padua-light-4\\\/#primaryimage\"},\"image\":{\"@id\":\"https:\\\/\\\/demkohome.pl\\\/produkt\\\/komoda-padua-light-4\\\/#primaryimage\"},\"thumbnailUrl\":\"https:\\\/\\\/demkohome.pl\\\/wp-content\\\/uploads\\\/2025\\\/05\\\/Gemini_Generated_Image_nsd0wgnsd0wgnsd0.png\",\"datePublished\":\"2025-05-28T15:50:55+00:00\",\"dateModified\":\"2026-04-28T19:20:40+00:00\",\"breadcrumb\":{\"@id\":\"https:\\\/\\\/demkohome.pl\\\/produkt\\\/komoda-padua-light-4\\\/#breadcrumb\"},\"inLanguage\":\"en-US\",\"potentialAction\":[{\"@type\":\"ReadAction\",\"target\":[\"https:\\\/\\\/demkohome.pl\\\/produkt\\\/komoda-padua-light-4\\\/\"]}]},{\"@type\":\"ImageObject\",\"inLanguage\":\"en-US\",\"@id\":\"https:\\\/\\\/demkohome.pl\\\/produkt\\\/komoda-padua-light-4\\\/#primaryimage\",\"url\":\"https:\\\/\\\/demkohome.pl\\\/wp-content\\\/uploads\\\/2025\\\/05\\\/Gemini_Generated_Image_nsd0wgnsd0wgnsd0.png\",\"contentUrl\":\"https:\\\/\\\/demkohome.pl\\\/wp-content\\\/uploads\\\/2025\\\/05\\\/Gemini_Generated_Image_nsd0wgnsd0wgnsd0.png\",\"width\":1507,\"height\":1507},{\"@type\":\"BreadcrumbList\",\"@id\":\"https:\\\/\\\/demkohome.pl\\\/produkt\\\/komoda-padua-light-4\\\/#breadcrumb\",\"itemListElement\":[{\"@type\":\"ListItem\",\"position\":1,\"name\":\"Strona g\u0142\u00f3wna\",\"item\":\"https:\\\/\\\/demkohome.pl\\\/\"},{\"@type\":\"ListItem\",\"position\":2,\"name\":\"Sklep\",\"item\":\"https:\\\/\\\/demkohome.pl\\\/sklep\\\/\"},{\"@type\":\"ListItem\",\"position\":3,\"name\":\"Komoda Padua Light 4\"}]},{\"@type\":\"WebSite\",\"@id\":\"https:\\\/\\\/demkohome.pl\\\/#website\",\"url\":\"https:\\\/\\\/demkohome.pl\\\/\",\"name\":\"Demko Home\",\"description\":\"Make it simple\",\"publisher\":{\"@id\":\"https:\\\/\\\/demkohome.pl\\\/#organization\"},\"potentialAction\":[{\"@type\":\"SearchAction\",\"target\":{\"@type\":\"EntryPoint\",\"urlTemplate\":\"https:\\\/\\\/demkohome.pl\\\/?s={search_term_string}\"},\"query-input\":{\"@type\":\"PropertyValueSpecification\",\"valueRequired\":true,\"valueName\":\"search_term_string\"}}],\"inLanguage\":\"en-US\"},{\"@type\":\"Organization\",\"@id\":\"https:\\\/\\\/demkohome.pl\\\/#organization\",\"name\":\"Demko Home\",\"url\":\"https:\\\/\\\/demkohome.pl\\\/\",\"logo\":{\"@type\":\"ImageObject\",\"inLanguage\":\"en-US\",\"@id\":\"https:\\\/\\\/demkohome.pl\\\/#\\\/schema\\\/logo\\\/image\\\/\",\"url\":\"https:\\\/\\\/demkohome.pl\\\/wp-content\\\/uploads\\\/2026\\\/03\\\/cropped-3.png\",\"contentUrl\":\"https:\\\/\\\/demkohome.pl\\\/wp-content\\\/uploads\\\/2026\\\/03\\\/cropped-3.png\",\"width\":250,\"height\":63,\"caption\":\"Demko Home\"},\"image\":{\"@id\":\"https:\\\/\\\/demkohome.pl\\\/#\\\/schema\\\/logo\\\/image\\\/\"}}]}<\/script>\n<!-- \/ Yoast SEO plugin. -->","yoast_head_json":{"title":"Komoda Padua Light 4 - Demko Home","robots":{"index":"index","follow":"follow","max-snippet":"max-snippet:-1","max-image-preview":"max-image-preview:large","max-video-preview":"max-video-preview:-1"},"canonical":"https:\/\/demkohome.pl\/en\/product\/komoda-padua-light-4\/","og_locale":"en_US","og_type":"article","og_title":"Komoda Padua Light 4 - Demko Home","og_description":"Pozw\u00f3l, by Twoja przestrze\u0144 rozkwit\u0142a harmoni\u0105 dzi\u0119ki naszej komodzie. Ta pe\u0142na wdzi\u0119ku komoda w kolorze czystej bieli emanuje subteln\u0105 elegancj\u0105, (...)","og_url":"https:\/\/demkohome.pl\/en\/product\/komoda-padua-light-4\/","og_site_name":"Demko Home","article_modified_time":"2026-04-28T19:20:40+00:00","og_image":[{"width":1024,"height":1024,"url":"https:\/\/demkohome.pl\/wp-content\/uploads\/2025\/05\/Gemini_Generated_Image_nsd0wgnsd0wgnsd0-1024x1024.png","type":"image\/png"}],"twitter_card":"summary_large_image","twitter_misc":{"Est. reading time":"2 minutes"},"schema":{"@context":"https:\/\/schema.org","@graph":[{"@type":"WebPage","@id":"https:\/\/demkohome.pl\/produkt\/komoda-padua-light-4\/","url":"https:\/\/demkohome.pl\/produkt\/komoda-padua-light-4\/","name":"Komoda Padua Light 4 - Demko Home","isPartOf":{"@id":"https:\/\/demkohome.pl\/#website"},"primaryImageOfPage":{"@id":"https:\/\/demkohome.pl\/produkt\/komoda-padua-light-4\/#primaryimage"},"image":{"@id":"https:\/\/demkohome.pl\/produkt\/komoda-padua-light-4\/#primaryimage"},"thumbnailUrl":"https:\/\/demkohome.pl\/wp-content\/uploads\/2025\/05\/Gemini_Generated_Image_nsd0wgnsd0wgnsd0.png","datePublished":"2025-05-28T15:50:55+00:00","dateModified":"2026-04-28T19:20:40+00:00","breadcrumb":{"@id":"https:\/\/demkohome.pl\/produkt\/komoda-padua-light-4\/#breadcrumb"},"inLanguage":"en-US","potentialAction":[{"@type":"ReadAction","target":["https:\/\/demkohome.pl\/produkt\/komoda-padua-light-4\/"]}]},{"@type":"ImageObject","inLanguage":"en-US","@id":"https:\/\/demkohome.pl\/produkt\/komoda-padua-light-4\/#primaryimage","url":"https:\/\/demkohome.pl\/wp-content\/uploads\/2025\/05\/Gemini_Generated_Image_nsd0wgnsd0wgnsd0.png","contentUrl":"https:\/\/demkohome.pl\/wp-content\/uploads\/2025\/05\/Gemini_Generated_Image_nsd0wgnsd0wgnsd0.png","width":1507,"height":1507},{"@type":"BreadcrumbList","@id":"https:\/\/demkohome.pl\/produkt\/komoda-padua-light-4\/#breadcrumb","itemListElement":[{"@type":"ListItem","position":1,"name":"Strona g\u0142\u00f3wna","item":"https:\/\/demkohome.pl\/"},{"@type":"ListItem","position":2,"name":"Sklep","item":"https:\/\/demkohome.pl\/sklep\/"},{"@type":"ListItem","position":3,"name":"Komoda Padua Light 4"}]},{"@type":"WebSite","@id":"https:\/\/demkohome.pl\/#website","url":"https:\/\/demkohome.pl\/","name":"Demko Home","description":"Make it simple","publisher":{"@id":"https:\/\/demkohome.pl\/#organization"},"potentialAction":[{"@type":"SearchAction","target":{"@type":"EntryPoint","urlTemplate":"https:\/\/demkohome.pl\/?s={search_term_string}"},"query-input":{"@type":"PropertyValueSpecification","valueRequired":true,"valueName":"search_term_string"}}],"inLanguage":"en-US"},{"@type":"Organization","@id":"https:\/\/demkohome.pl\/#organization","name":"Demko Home","url":"https:\/\/demkohome.pl\/","logo":{"@type":"ImageObject","inLanguage":"en-US","@id":"https:\/\/demkohome.pl\/#\/schema\/logo\/image\/","url":"https:\/\/demkohome.pl\/wp-content\/uploads\/2026\/03\/cropped-3.png","contentUrl":"https:\/\/demkohome.pl\/wp-content\/uploads\/2026\/03\/cropped-3.png","width":250,"height":63,"caption":"Demko Home"},"image":{"@id":"https:\/\/demkohome.pl\/#\/schema\/logo\/image\/"}}]}},"_links":{"self":[{"href":"https:\/\/demkohome.pl\/en\/wp-json\/wp\/v2\/product\/21888","targetHints":{"allow":["GET"]}}],"collection":[{"href":"https:\/\/demkohome.pl\/en\/wp-json\/wp\/v2\/product"}],"about":[{"href":"https:\/\/demkohome.pl\/en\/wp-json\/wp\/v2\/types\/product"}],"replies":[{"embeddable":true,"href":"https:\/\/demkohome.pl\/en\/wp-json\/wp\/v2\/comments?post=21888"}],"wp:featuredmedia":[{"embeddable":true,"href":"https:\/\/demkohome.pl\/en\/wp-json\/wp\/v2\/media\/508799"}],"wp:attachment":[{"href":"https:\/\/demkohome.pl\/en\/wp-json\/wp\/v2\/media?parent=21888"}],"wp:term":[{"taxonomy":"product_brand","embeddable":true,"href":"https:\/\/demkohome.pl\/en\/wp-json\/wp\/v2\/product_brand?post=21888"},{"taxonomy":"product_cat","embeddable":true,"href":"https:\/\/demkohome.pl\/en\/wp-json\/wp\/v2\/product_cat?post=21888"},{"taxonomy":"product_tag","embeddable":true,"href":"https:\/\/demkohome.pl\/en\/wp-json\/wp\/v2\/product_tag?post=21888"}],"curies":[{"name":"wp","href":"https:\/\/api.w.org\/{rel}","templated":true}]}}