{"id":21899,"date":"2025-05-28T17:38:34","date_gmt":"2025-05-28T15:38:34","guid":{"rendered":"https:\/\/demkohome.pl\/?post_type=product&#038;p=21899"},"modified":"2026-04-28T21:20:41","modified_gmt":"2026-04-28T19:20:41","slug":"komoda-pico","status":"publish","type":"product","link":"https:\/\/demkohome.pl\/en\/product\/komoda-pico\/","title":{"rendered":"Pico chest of drawers"},"content":{"rendered":"<p data-sourcepos=\"3:1-3:416\">Immerse yourself in a world of subtle elegance and practical design with the Pico dresser in a warm San Remo shade. This unique piece of furniture exudes simplicity that will gracefully transform your interior, bringing an atmosphere of tranquility and natural beauty. The neutral hue inspired by light wood blends perfectly with a variety of design styles, from Scandinavian restraint to cozy rustic charm.<\/p>\n<p data-sourcepos=\"5:1-5:507\">The Pico chest of drawers is not only an aesthetically pleasing accessory, but above all a smart solution for organizing your space. Behind two sturdy doors are capacious shelves that will easily organize your clothes, documents, decorations and other personal items. With its clever dimensions of 800 mm wide, 860 mm high and 350 mm deep, the chest of drawers will fit perfectly into the hallway without dominating the space.<\/p>\n<p data-sourcepos=\"7:1-7:292\">Careful workmanship with high-quality materials ensures the durability and stability of the furniture for many years of use. Solid construction and attention to the smallest details testify to the high standard of the product. Pico chest of drawers is an investment that combines functionality and sophisticated style.<\/p>\n<p data-sourcepos=\"9:1-9:210\">Discover harmony and order in your home with the Pico San Remo dresser. Order today and enjoy the beauty and practicality of this unique piece of furniture, which will subtly emphasize the character of your interior.<\/p>","protected":false},"excerpt":{"rendered":"<p>Zanurz si\u0119 w \u015bwiecie subtelnej elegancji i praktycznego designu z komod\u0105 Pico w ciep\u0142ym odcieniu San Remo. Ten wyj\u0105tkowy mebel (&#8230;)<\/p>","protected":false},"featured_media":21900,"comment_status":"open","ping_status":"closed","template":"","meta":{"_acf_changed":false,"inline_featured_image":false},"product_brand":[],"product_cat":[295,142,298,296],"product_tag":[],"class_list":{"0":"post-21899","1":"product","2":"type-product","3":"status-publish","4":"has-post-thumbnail","6":"product_cat-meble-do-przedpokoju","7":"product_cat-przedpokoj","8":"product_cat-przedpokoje-kolekcje","9":"product_cat-zestawy-mebli-do-przedpokoju-meble-do-przedpokoju","10":"product_shipping_class-paczka-nst-x-1","11":"collection-pico","13":"first","14":"instock","15":"sale","16":"shipping-taxable","17":"purchasable","18":"product-type-simple"},"acf":[],"yoast_head":"<!-- This site is optimized with the Yoast SEO plugin v27.4 - https:\/\/yoast.com\/product\/yoast-seo-wordpress\/ -->\n<title>Komoda Pico - Demko Home<\/title>\n<meta name=\"robots\" content=\"index, follow, max-snippet:-1, max-image-preview:large, max-video-preview:-1\" \/>\n<link rel=\"canonical\" href=\"https:\/\/demkohome.pl\/en\/product\/komoda-pico\/\" \/>\n<meta property=\"og:locale\" content=\"en_US\" \/>\n<meta property=\"og:type\" content=\"article\" \/>\n<meta property=\"og:title\" content=\"Komoda Pico - Demko Home\" \/>\n<meta property=\"og:description\" content=\"Zanurz si\u0119 w \u015bwiecie subtelnej elegancji i praktycznego designu z komod\u0105 Pico w ciep\u0142ym odcieniu San Remo. Ten wyj\u0105tkowy mebel (...)\" \/>\n<meta property=\"og:url\" content=\"https:\/\/demkohome.pl\/en\/product\/komoda-pico\/\" \/>\n<meta property=\"og:site_name\" content=\"Demko Home\" \/>\n<meta property=\"article:modified_time\" content=\"2026-04-28T19:20:41+00:00\" \/>\n<meta property=\"og:image\" content=\"https:\/\/demkohome.pl\/wp-content\/uploads\/2025\/05\/PICO-Komoda-36008A42-SAN_REMO.jpg\" \/>\n\t<meta property=\"og:image:width\" content=\"1280\" \/>\n\t<meta property=\"og:image:height\" content=\"1280\" \/>\n\t<meta property=\"og:image:type\" content=\"image\/jpeg\" \/>\n<meta name=\"twitter:card\" content=\"summary_large_image\" \/>\n<meta name=\"twitter:label1\" content=\"Est. reading time\" \/>\n\t<meta name=\"twitter:data1\" content=\"2 minutes\" \/>\n<script type=\"application\/ld+json\" class=\"yoast-schema-graph\">{\"@context\":\"https:\\\/\\\/schema.org\",\"@graph\":[{\"@type\":\"WebPage\",\"@id\":\"https:\\\/\\\/demkohome.pl\\\/produkt\\\/komoda-pico\\\/\",\"url\":\"https:\\\/\\\/demkohome.pl\\\/produkt\\\/komoda-pico\\\/\",\"name\":\"Komoda Pico - Demko Home\",\"isPartOf\":{\"@id\":\"https:\\\/\\\/demkohome.pl\\\/#website\"},\"primaryImageOfPage\":{\"@id\":\"https:\\\/\\\/demkohome.pl\\\/produkt\\\/komoda-pico\\\/#primaryimage\"},\"image\":{\"@id\":\"https:\\\/\\\/demkohome.pl\\\/produkt\\\/komoda-pico\\\/#primaryimage\"},\"thumbnailUrl\":\"https:\\\/\\\/demkohome.pl\\\/wp-content\\\/uploads\\\/2025\\\/05\\\/PICO-Komoda-36008A42-SAN_REMO-e1753703724657.jpg\",\"datePublished\":\"2025-05-28T15:38:34+00:00\",\"dateModified\":\"2026-04-28T19:20:41+00:00\",\"breadcrumb\":{\"@id\":\"https:\\\/\\\/demkohome.pl\\\/produkt\\\/komoda-pico\\\/#breadcrumb\"},\"inLanguage\":\"en-US\",\"potentialAction\":[{\"@type\":\"ReadAction\",\"target\":[\"https:\\\/\\\/demkohome.pl\\\/produkt\\\/komoda-pico\\\/\"]}]},{\"@type\":\"ImageObject\",\"inLanguage\":\"en-US\",\"@id\":\"https:\\\/\\\/demkohome.pl\\\/produkt\\\/komoda-pico\\\/#primaryimage\",\"url\":\"https:\\\/\\\/demkohome.pl\\\/wp-content\\\/uploads\\\/2025\\\/05\\\/PICO-Komoda-36008A42-SAN_REMO-e1753703724657.jpg\",\"contentUrl\":\"https:\\\/\\\/demkohome.pl\\\/wp-content\\\/uploads\\\/2025\\\/05\\\/PICO-Komoda-36008A42-SAN_REMO-e1753703724657.jpg\",\"width\":1280,\"height\":1280,\"caption\":\"komoda do przedpokoju Pico san remo\"},{\"@type\":\"BreadcrumbList\",\"@id\":\"https:\\\/\\\/demkohome.pl\\\/produkt\\\/komoda-pico\\\/#breadcrumb\",\"itemListElement\":[{\"@type\":\"ListItem\",\"position\":1,\"name\":\"Strona g\u0142\u00f3wna\",\"item\":\"https:\\\/\\\/demkohome.pl\\\/\"},{\"@type\":\"ListItem\",\"position\":2,\"name\":\"Sklep\",\"item\":\"https:\\\/\\\/demkohome.pl\\\/sklep\\\/\"},{\"@type\":\"ListItem\",\"position\":3,\"name\":\"Komoda Pico\"}]},{\"@type\":\"WebSite\",\"@id\":\"https:\\\/\\\/demkohome.pl\\\/#website\",\"url\":\"https:\\\/\\\/demkohome.pl\\\/\",\"name\":\"Demko Home\",\"description\":\"Make it simple\",\"publisher\":{\"@id\":\"https:\\\/\\\/demkohome.pl\\\/#organization\"},\"potentialAction\":[{\"@type\":\"SearchAction\",\"target\":{\"@type\":\"EntryPoint\",\"urlTemplate\":\"https:\\\/\\\/demkohome.pl\\\/?s={search_term_string}\"},\"query-input\":{\"@type\":\"PropertyValueSpecification\",\"valueRequired\":true,\"valueName\":\"search_term_string\"}}],\"inLanguage\":\"en-US\"},{\"@type\":\"Organization\",\"@id\":\"https:\\\/\\\/demkohome.pl\\\/#organization\",\"name\":\"Demko Home\",\"url\":\"https:\\\/\\\/demkohome.pl\\\/\",\"logo\":{\"@type\":\"ImageObject\",\"inLanguage\":\"en-US\",\"@id\":\"https:\\\/\\\/demkohome.pl\\\/#\\\/schema\\\/logo\\\/image\\\/\",\"url\":\"https:\\\/\\\/demkohome.pl\\\/wp-content\\\/uploads\\\/2026\\\/03\\\/cropped-3.png\",\"contentUrl\":\"https:\\\/\\\/demkohome.pl\\\/wp-content\\\/uploads\\\/2026\\\/03\\\/cropped-3.png\",\"width\":250,\"height\":63,\"caption\":\"Demko Home\"},\"image\":{\"@id\":\"https:\\\/\\\/demkohome.pl\\\/#\\\/schema\\\/logo\\\/image\\\/\"}}]}<\/script>\n<!-- \/ Yoast SEO plugin. -->","yoast_head_json":{"title":"Komoda Pico - Demko Home","robots":{"index":"index","follow":"follow","max-snippet":"max-snippet:-1","max-image-preview":"max-image-preview:large","max-video-preview":"max-video-preview:-1"},"canonical":"https:\/\/demkohome.pl\/en\/product\/komoda-pico\/","og_locale":"en_US","og_type":"article","og_title":"Komoda Pico - Demko Home","og_description":"Zanurz si\u0119 w \u015bwiecie subtelnej elegancji i praktycznego designu z komod\u0105 Pico w ciep\u0142ym odcieniu San Remo. Ten wyj\u0105tkowy mebel (...)","og_url":"https:\/\/demkohome.pl\/en\/product\/komoda-pico\/","og_site_name":"Demko Home","article_modified_time":"2026-04-28T19:20:41+00:00","og_image":[{"width":1280,"height":1280,"url":"https:\/\/demkohome.pl\/wp-content\/uploads\/2025\/05\/PICO-Komoda-36008A42-SAN_REMO.jpg","type":"image\/jpeg"}],"twitter_card":"summary_large_image","twitter_misc":{"Est. reading time":"2 minutes"},"schema":{"@context":"https:\/\/schema.org","@graph":[{"@type":"WebPage","@id":"https:\/\/demkohome.pl\/produkt\/komoda-pico\/","url":"https:\/\/demkohome.pl\/produkt\/komoda-pico\/","name":"Komoda Pico - Demko Home","isPartOf":{"@id":"https:\/\/demkohome.pl\/#website"},"primaryImageOfPage":{"@id":"https:\/\/demkohome.pl\/produkt\/komoda-pico\/#primaryimage"},"image":{"@id":"https:\/\/demkohome.pl\/produkt\/komoda-pico\/#primaryimage"},"thumbnailUrl":"https:\/\/demkohome.pl\/wp-content\/uploads\/2025\/05\/PICO-Komoda-36008A42-SAN_REMO-e1753703724657.jpg","datePublished":"2025-05-28T15:38:34+00:00","dateModified":"2026-04-28T19:20:41+00:00","breadcrumb":{"@id":"https:\/\/demkohome.pl\/produkt\/komoda-pico\/#breadcrumb"},"inLanguage":"en-US","potentialAction":[{"@type":"ReadAction","target":["https:\/\/demkohome.pl\/produkt\/komoda-pico\/"]}]},{"@type":"ImageObject","inLanguage":"en-US","@id":"https:\/\/demkohome.pl\/produkt\/komoda-pico\/#primaryimage","url":"https:\/\/demkohome.pl\/wp-content\/uploads\/2025\/05\/PICO-Komoda-36008A42-SAN_REMO-e1753703724657.jpg","contentUrl":"https:\/\/demkohome.pl\/wp-content\/uploads\/2025\/05\/PICO-Komoda-36008A42-SAN_REMO-e1753703724657.jpg","width":1280,"height":1280,"caption":"komoda do przedpokoju Pico san remo"},{"@type":"BreadcrumbList","@id":"https:\/\/demkohome.pl\/produkt\/komoda-pico\/#breadcrumb","itemListElement":[{"@type":"ListItem","position":1,"name":"Strona g\u0142\u00f3wna","item":"https:\/\/demkohome.pl\/"},{"@type":"ListItem","position":2,"name":"Sklep","item":"https:\/\/demkohome.pl\/sklep\/"},{"@type":"ListItem","position":3,"name":"Komoda Pico"}]},{"@type":"WebSite","@id":"https:\/\/demkohome.pl\/#website","url":"https:\/\/demkohome.pl\/","name":"Demko Home","description":"Make it simple","publisher":{"@id":"https:\/\/demkohome.pl\/#organization"},"potentialAction":[{"@type":"SearchAction","target":{"@type":"EntryPoint","urlTemplate":"https:\/\/demkohome.pl\/?s={search_term_string}"},"query-input":{"@type":"PropertyValueSpecification","valueRequired":true,"valueName":"search_term_string"}}],"inLanguage":"en-US"},{"@type":"Organization","@id":"https:\/\/demkohome.pl\/#organization","name":"Demko Home","url":"https:\/\/demkohome.pl\/","logo":{"@type":"ImageObject","inLanguage":"en-US","@id":"https:\/\/demkohome.pl\/#\/schema\/logo\/image\/","url":"https:\/\/demkohome.pl\/wp-content\/uploads\/2026\/03\/cropped-3.png","contentUrl":"https:\/\/demkohome.pl\/wp-content\/uploads\/2026\/03\/cropped-3.png","width":250,"height":63,"caption":"Demko Home"},"image":{"@id":"https:\/\/demkohome.pl\/#\/schema\/logo\/image\/"}}]}},"_links":{"self":[{"href":"https:\/\/demkohome.pl\/en\/wp-json\/wp\/v2\/product\/21899","targetHints":{"allow":["GET"]}}],"collection":[{"href":"https:\/\/demkohome.pl\/en\/wp-json\/wp\/v2\/product"}],"about":[{"href":"https:\/\/demkohome.pl\/en\/wp-json\/wp\/v2\/types\/product"}],"replies":[{"embeddable":true,"href":"https:\/\/demkohome.pl\/en\/wp-json\/wp\/v2\/comments?post=21899"}],"wp:featuredmedia":[{"embeddable":true,"href":"https:\/\/demkohome.pl\/en\/wp-json\/wp\/v2\/media\/21900"}],"wp:attachment":[{"href":"https:\/\/demkohome.pl\/en\/wp-json\/wp\/v2\/media?parent=21899"}],"wp:term":[{"taxonomy":"product_brand","embeddable":true,"href":"https:\/\/demkohome.pl\/en\/wp-json\/wp\/v2\/product_brand?post=21899"},{"taxonomy":"product_cat","embeddable":true,"href":"https:\/\/demkohome.pl\/en\/wp-json\/wp\/v2\/product_cat?post=21899"},{"taxonomy":"product_tag","embeddable":true,"href":"https:\/\/demkohome.pl\/en\/wp-json\/wp\/v2\/product_tag?post=21899"}],"curies":[{"name":"wp","href":"https:\/\/api.w.org\/{rel}","templated":true}]}}