{"id":21950,"date":"2025-05-28T17:37:14","date_gmt":"2025-05-28T15:37:14","guid":{"rendered":"https:\/\/demkohome.pl\/?post_type=product&#038;p=21950"},"modified":"2026-04-28T21:20:41","modified_gmt":"2026-04-28T19:20:41","slug":"lustro-pico","status":"publish","type":"product","link":"https:\/\/demkohome.pl\/en\/product\/lustro-pico\/","title":{"rendered":"Pico Mirror"},"content":{"rendered":"<p data-sourcepos=\"3:1-3:410\">Wrap your interior in subtle radiance and optical lightness with the elegant Pico mirror in a warm shade of San Remo. This meticulously crafted decorative piece exudes simplicity and natural charm, fitting perfectly into a variety of design styles, from minimalist to nature-inspired. Its versatile aesthetic in light wood color brings harmony and a cozy atmosphere to the room.<\/p>\n<p data-sourcepos=\"5:1-5:469\">The Pico San Remo mirror SP-PIC-LUS-54\/008\/A4\/2-SR is not only a practical object for everyday use, but also a sophisticated detail that will emphasize the character of your space. Thanks to its optimal dimensions of 800 mm wide, 700 mm high and just 20 mm deep, it will fit perfectly in any room, subtly complementing it. The mirror's smooth surface effectively reflects light, naturally brightening the interior and creating the impression of more space.<\/p>\n<p data-sourcepos=\"7:1-7:372\">The use of high-quality materials and precise finishing of the frame in the shade of San Remo guarantee the durability and aesthetic appearance of the mirror for many years. The solid construction ensures stability, and the careful details highlight the attention to every aspect of the product. The Pico mirror is a thoughtful choice for those who appreciate the combination of functionality and subtle design.<\/p>\n<p data-sourcepos=\"9:1-9:209\">Bring more light and space into your home with the Pico San Remo mirror. Order today this unique decorative piece that will gracefully adorn your walls, adding elegance and timeless style.<\/p>","protected":false},"excerpt":{"rendered":"<p>Otul swoje wn\u0119trze subtelnym blaskiem i optyczn\u0105 lekko\u015bci\u0105 za spraw\u0105 eleganckiego lustra Pico w ciep\u0142ym odcieniu San Remo. Ten starannie (&#8230;)<\/p>","protected":false},"featured_media":111872,"comment_status":"open","ping_status":"closed","template":"","meta":{"_acf_changed":false,"inline_featured_image":false},"product_brand":[],"product_cat":[123,295,142,27],"product_tag":[],"class_list":{"0":"post-21950","1":"product","2":"type-product","3":"status-publish","4":"has-post-thumbnail","6":"product_cat-lustra-do-przedpokoju","7":"product_cat-meble-do-przedpokoju","8":"product_cat-przedpokoj","9":"product_cat-przedpokoje","10":"product_shipping_class-paczka-nst-x-1","11":"collection-pico","13":"first","14":"instock","15":"sale","16":"shipping-taxable","17":"purchasable","18":"product-type-simple"},"acf":[],"yoast_head":"<!-- This site is optimized with the Yoast SEO plugin v27.4 - https:\/\/yoast.com\/product\/yoast-seo-wordpress\/ -->\n<title>Lustro Pico - Demko Home<\/title>\n<meta name=\"robots\" content=\"index, follow, max-snippet:-1, max-image-preview:large, max-video-preview:-1\" \/>\n<link rel=\"canonical\" href=\"https:\/\/demkohome.pl\/en\/product\/lustro-pico\/\" \/>\n<meta property=\"og:locale\" content=\"en_US\" \/>\n<meta property=\"og:type\" content=\"article\" \/>\n<meta property=\"og:title\" content=\"Lustro Pico - Demko Home\" \/>\n<meta property=\"og:description\" content=\"Otul swoje wn\u0119trze subtelnym blaskiem i optyczn\u0105 lekko\u015bci\u0105 za spraw\u0105 eleganckiego lustra Pico w ciep\u0142ym odcieniu San Remo. Ten starannie (...)\" \/>\n<meta property=\"og:url\" content=\"https:\/\/demkohome.pl\/en\/product\/lustro-pico\/\" \/>\n<meta property=\"og:site_name\" content=\"Demko Home\" \/>\n<meta property=\"article:modified_time\" content=\"2026-04-28T19:20:41+00:00\" \/>\n<meta property=\"og:image\" content=\"https:\/\/demkohome.pl\/wp-content\/uploads\/2025\/05\/Projekt-bez-nazwy-34.png\" \/>\n\t<meta property=\"og:image:width\" content=\"2048\" \/>\n\t<meta property=\"og:image:height\" content=\"1536\" \/>\n\t<meta property=\"og:image:type\" content=\"image\/png\" \/>\n<meta name=\"twitter:card\" content=\"summary_large_image\" \/>\n<meta name=\"twitter:label1\" content=\"Est. reading time\" \/>\n\t<meta name=\"twitter:data1\" content=\"2 minutes\" \/>\n<script type=\"application\/ld+json\" class=\"yoast-schema-graph\">{\"@context\":\"https:\\\/\\\/schema.org\",\"@graph\":[{\"@type\":\"WebPage\",\"@id\":\"https:\\\/\\\/demkohome.pl\\\/produkt\\\/lustro-pico\\\/\",\"url\":\"https:\\\/\\\/demkohome.pl\\\/produkt\\\/lustro-pico\\\/\",\"name\":\"Lustro Pico - Demko Home\",\"isPartOf\":{\"@id\":\"https:\\\/\\\/demkohome.pl\\\/#website\"},\"primaryImageOfPage\":{\"@id\":\"https:\\\/\\\/demkohome.pl\\\/produkt\\\/lustro-pico\\\/#primaryimage\"},\"image\":{\"@id\":\"https:\\\/\\\/demkohome.pl\\\/produkt\\\/lustro-pico\\\/#primaryimage\"},\"thumbnailUrl\":\"https:\\\/\\\/demkohome.pl\\\/wp-content\\\/uploads\\\/2025\\\/05\\\/Projekt-bez-nazwy-34.png\",\"datePublished\":\"2025-05-28T15:37:14+00:00\",\"dateModified\":\"2026-04-28T19:20:41+00:00\",\"breadcrumb\":{\"@id\":\"https:\\\/\\\/demkohome.pl\\\/produkt\\\/lustro-pico\\\/#breadcrumb\"},\"inLanguage\":\"en-US\",\"potentialAction\":[{\"@type\":\"ReadAction\",\"target\":[\"https:\\\/\\\/demkohome.pl\\\/produkt\\\/lustro-pico\\\/\"]}]},{\"@type\":\"ImageObject\",\"inLanguage\":\"en-US\",\"@id\":\"https:\\\/\\\/demkohome.pl\\\/produkt\\\/lustro-pico\\\/#primaryimage\",\"url\":\"https:\\\/\\\/demkohome.pl\\\/wp-content\\\/uploads\\\/2025\\\/05\\\/Projekt-bez-nazwy-34.png\",\"contentUrl\":\"https:\\\/\\\/demkohome.pl\\\/wp-content\\\/uploads\\\/2025\\\/05\\\/Projekt-bez-nazwy-34.png\",\"width\":2048,\"height\":1536,\"caption\":\"lustro do przedpokoju san remo\"},{\"@type\":\"BreadcrumbList\",\"@id\":\"https:\\\/\\\/demkohome.pl\\\/produkt\\\/lustro-pico\\\/#breadcrumb\",\"itemListElement\":[{\"@type\":\"ListItem\",\"position\":1,\"name\":\"Strona g\u0142\u00f3wna\",\"item\":\"https:\\\/\\\/demkohome.pl\\\/\"},{\"@type\":\"ListItem\",\"position\":2,\"name\":\"Sklep\",\"item\":\"https:\\\/\\\/demkohome.pl\\\/sklep\\\/\"},{\"@type\":\"ListItem\",\"position\":3,\"name\":\"Lustro Pico\"}]},{\"@type\":\"WebSite\",\"@id\":\"https:\\\/\\\/demkohome.pl\\\/#website\",\"url\":\"https:\\\/\\\/demkohome.pl\\\/\",\"name\":\"Demko Home\",\"description\":\"Make it simple\",\"publisher\":{\"@id\":\"https:\\\/\\\/demkohome.pl\\\/#organization\"},\"potentialAction\":[{\"@type\":\"SearchAction\",\"target\":{\"@type\":\"EntryPoint\",\"urlTemplate\":\"https:\\\/\\\/demkohome.pl\\\/?s={search_term_string}\"},\"query-input\":{\"@type\":\"PropertyValueSpecification\",\"valueRequired\":true,\"valueName\":\"search_term_string\"}}],\"inLanguage\":\"en-US\"},{\"@type\":\"Organization\",\"@id\":\"https:\\\/\\\/demkohome.pl\\\/#organization\",\"name\":\"Demko Home\",\"url\":\"https:\\\/\\\/demkohome.pl\\\/\",\"logo\":{\"@type\":\"ImageObject\",\"inLanguage\":\"en-US\",\"@id\":\"https:\\\/\\\/demkohome.pl\\\/#\\\/schema\\\/logo\\\/image\\\/\",\"url\":\"https:\\\/\\\/demkohome.pl\\\/wp-content\\\/uploads\\\/2026\\\/03\\\/cropped-3.png\",\"contentUrl\":\"https:\\\/\\\/demkohome.pl\\\/wp-content\\\/uploads\\\/2026\\\/03\\\/cropped-3.png\",\"width\":250,\"height\":63,\"caption\":\"Demko Home\"},\"image\":{\"@id\":\"https:\\\/\\\/demkohome.pl\\\/#\\\/schema\\\/logo\\\/image\\\/\"}}]}<\/script>\n<!-- \/ Yoast SEO plugin. -->","yoast_head_json":{"title":"Lustro Pico - Demko Home","robots":{"index":"index","follow":"follow","max-snippet":"max-snippet:-1","max-image-preview":"max-image-preview:large","max-video-preview":"max-video-preview:-1"},"canonical":"https:\/\/demkohome.pl\/en\/product\/lustro-pico\/","og_locale":"en_US","og_type":"article","og_title":"Lustro Pico - Demko Home","og_description":"Otul swoje wn\u0119trze subtelnym blaskiem i optyczn\u0105 lekko\u015bci\u0105 za spraw\u0105 eleganckiego lustra Pico w ciep\u0142ym odcieniu San Remo. Ten starannie (...)","og_url":"https:\/\/demkohome.pl\/en\/product\/lustro-pico\/","og_site_name":"Demko Home","article_modified_time":"2026-04-28T19:20:41+00:00","og_image":[{"width":2048,"height":1536,"url":"https:\/\/demkohome.pl\/wp-content\/uploads\/2025\/05\/Projekt-bez-nazwy-34.png","type":"image\/png"}],"twitter_card":"summary_large_image","twitter_misc":{"Est. reading time":"2 minutes"},"schema":{"@context":"https:\/\/schema.org","@graph":[{"@type":"WebPage","@id":"https:\/\/demkohome.pl\/produkt\/lustro-pico\/","url":"https:\/\/demkohome.pl\/produkt\/lustro-pico\/","name":"Lustro Pico - Demko Home","isPartOf":{"@id":"https:\/\/demkohome.pl\/#website"},"primaryImageOfPage":{"@id":"https:\/\/demkohome.pl\/produkt\/lustro-pico\/#primaryimage"},"image":{"@id":"https:\/\/demkohome.pl\/produkt\/lustro-pico\/#primaryimage"},"thumbnailUrl":"https:\/\/demkohome.pl\/wp-content\/uploads\/2025\/05\/Projekt-bez-nazwy-34.png","datePublished":"2025-05-28T15:37:14+00:00","dateModified":"2026-04-28T19:20:41+00:00","breadcrumb":{"@id":"https:\/\/demkohome.pl\/produkt\/lustro-pico\/#breadcrumb"},"inLanguage":"en-US","potentialAction":[{"@type":"ReadAction","target":["https:\/\/demkohome.pl\/produkt\/lustro-pico\/"]}]},{"@type":"ImageObject","inLanguage":"en-US","@id":"https:\/\/demkohome.pl\/produkt\/lustro-pico\/#primaryimage","url":"https:\/\/demkohome.pl\/wp-content\/uploads\/2025\/05\/Projekt-bez-nazwy-34.png","contentUrl":"https:\/\/demkohome.pl\/wp-content\/uploads\/2025\/05\/Projekt-bez-nazwy-34.png","width":2048,"height":1536,"caption":"lustro do przedpokoju san remo"},{"@type":"BreadcrumbList","@id":"https:\/\/demkohome.pl\/produkt\/lustro-pico\/#breadcrumb","itemListElement":[{"@type":"ListItem","position":1,"name":"Strona g\u0142\u00f3wna","item":"https:\/\/demkohome.pl\/"},{"@type":"ListItem","position":2,"name":"Sklep","item":"https:\/\/demkohome.pl\/sklep\/"},{"@type":"ListItem","position":3,"name":"Lustro Pico"}]},{"@type":"WebSite","@id":"https:\/\/demkohome.pl\/#website","url":"https:\/\/demkohome.pl\/","name":"Demko Home","description":"Make it simple","publisher":{"@id":"https:\/\/demkohome.pl\/#organization"},"potentialAction":[{"@type":"SearchAction","target":{"@type":"EntryPoint","urlTemplate":"https:\/\/demkohome.pl\/?s={search_term_string}"},"query-input":{"@type":"PropertyValueSpecification","valueRequired":true,"valueName":"search_term_string"}}],"inLanguage":"en-US"},{"@type":"Organization","@id":"https:\/\/demkohome.pl\/#organization","name":"Demko Home","url":"https:\/\/demkohome.pl\/","logo":{"@type":"ImageObject","inLanguage":"en-US","@id":"https:\/\/demkohome.pl\/#\/schema\/logo\/image\/","url":"https:\/\/demkohome.pl\/wp-content\/uploads\/2026\/03\/cropped-3.png","contentUrl":"https:\/\/demkohome.pl\/wp-content\/uploads\/2026\/03\/cropped-3.png","width":250,"height":63,"caption":"Demko Home"},"image":{"@id":"https:\/\/demkohome.pl\/#\/schema\/logo\/image\/"}}]}},"_links":{"self":[{"href":"https:\/\/demkohome.pl\/en\/wp-json\/wp\/v2\/product\/21950","targetHints":{"allow":["GET"]}}],"collection":[{"href":"https:\/\/demkohome.pl\/en\/wp-json\/wp\/v2\/product"}],"about":[{"href":"https:\/\/demkohome.pl\/en\/wp-json\/wp\/v2\/types\/product"}],"replies":[{"embeddable":true,"href":"https:\/\/demkohome.pl\/en\/wp-json\/wp\/v2\/comments?post=21950"}],"wp:featuredmedia":[{"embeddable":true,"href":"https:\/\/demkohome.pl\/en\/wp-json\/wp\/v2\/media\/111872"}],"wp:attachment":[{"href":"https:\/\/demkohome.pl\/en\/wp-json\/wp\/v2\/media?parent=21950"}],"wp:term":[{"taxonomy":"product_brand","embeddable":true,"href":"https:\/\/demkohome.pl\/en\/wp-json\/wp\/v2\/product_brand?post=21950"},{"taxonomy":"product_cat","embeddable":true,"href":"https:\/\/demkohome.pl\/en\/wp-json\/wp\/v2\/product_cat?post=21950"},{"taxonomy":"product_tag","embeddable":true,"href":"https:\/\/demkohome.pl\/en\/wp-json\/wp\/v2\/product_tag?post=21950"}],"curies":[{"name":"wp","href":"https:\/\/api.w.org\/{rel}","templated":true}]}}