{"id":21955,"date":"2025-05-28T17:36:07","date_gmt":"2025-05-28T15:36:07","guid":{"rendered":"https:\/\/demkohome.pl\/?post_type=product&#038;p=21955"},"modified":"2026-04-18T21:20:52","modified_gmt":"2026-04-18T19:20:52","slug":"szafa-pico","status":"publish","type":"product","link":"https:\/\/demkohome.pl\/en\/product\/szafa-pico\/","title":{"rendered":"Pico closet"},"content":{"rendered":"<p data-sourcepos=\"3:1-3:405\">Invite harmony and order into your hallway with the elegant Pico closet in a warm San Remo shade. This functional piece of furniture combines subtle design and practical storage solutions to create a cozy and orderly welcome to your home. The natural light wood color scheme brings calm and timeless elegance to the interior, blending perfectly with a variety of design styles.<\/p>\n<p data-sourcepos=\"5:1-5:438\">The Pico San Remo closet SP-PIC-SZA-70\/008\/A4\/2-SR is intelligently designed to make the most of your hallway space. Its slim but tall form, measuring 600 mm wide, 1980 mm high and 350 mm deep, offers a surprisingly roomy interior for storing jackets, coats, shoes and other essential accessories, helping to keep you organized and free to move about as soon as you cross the threshold of your home.<\/p>\n<p data-sourcepos=\"7:1-7:369\">Made with attention to detail and quality materials, the Pico cabinet guarantees durability and aesthetic appearance for many years of use. Solid construction and careful finishing in San Remo color emphasize its elegant character. The Pico closet is a thoughtful choice for those who appreciate both functionality and subtle design in their hallway.<\/p>\n<p data-sourcepos=\"9:1-9:256\">Create a welcoming and organized space in your hallway with the practical and stylish Pico San Remo closet. Order this unique piece of furniture today, which will gracefully complement your entryway's design while offering valuable storage space.<\/p>","protected":false},"excerpt":{"rendered":"<p>Zapro\u015b do swojego przedpokoju harmoni\u0119 i porz\u0105dek z eleganck\u0105 szaf\u0105 Pico w ciep\u0142ym odcieniu San Remo. Ten funkcjonalny mebel \u0142\u0105czy (&#8230;)<\/p>","protected":false},"featured_media":111869,"comment_status":"open","ping_status":"closed","template":"","meta":{"_acf_changed":false,"inline_featured_image":false},"product_brand":[],"product_cat":[294,295,142,27,122],"product_tag":[],"class_list":{"0":"post-21955","1":"product","2":"type-product","3":"status-publish","4":"has-post-thumbnail","6":"product_cat-meble","7":"product_cat-meble-do-przedpokoju","8":"product_cat-przedpokoj","9":"product_cat-przedpokoje","10":"product_cat-szafy-do-przedpokoju","11":"product_shipping_class-paleta-225cm-x-60cm","12":"collection-pico","14":"first","15":"outofstock","16":"sale","17":"shipping-taxable","18":"purchasable","19":"product-type-simple"},"acf":[],"yoast_head":"<!-- This site is optimized with the Yoast SEO plugin v27.4 - https:\/\/yoast.com\/product\/yoast-seo-wordpress\/ -->\n<title>Szafa Pico - Demko Home<\/title>\n<meta name=\"robots\" content=\"index, follow, max-snippet:-1, max-image-preview:large, max-video-preview:-1\" \/>\n<link rel=\"canonical\" href=\"https:\/\/demkohome.pl\/en\/product\/szafa-pico\/\" \/>\n<meta property=\"og:locale\" content=\"en_US\" \/>\n<meta property=\"og:type\" content=\"article\" \/>\n<meta property=\"og:title\" content=\"Szafa Pico - Demko Home\" \/>\n<meta property=\"og:description\" content=\"Zapro\u015b do swojego przedpokoju harmoni\u0119 i porz\u0105dek z eleganck\u0105 szaf\u0105 Pico w ciep\u0142ym odcieniu San Remo. Ten funkcjonalny mebel \u0142\u0105czy (...)\" \/>\n<meta property=\"og:url\" content=\"https:\/\/demkohome.pl\/en\/product\/szafa-pico\/\" \/>\n<meta property=\"og:site_name\" content=\"Demko Home\" \/>\n<meta property=\"article:modified_time\" content=\"2026-04-18T19:20:52+00:00\" \/>\n<meta property=\"og:image\" content=\"https:\/\/demkohome.pl\/wp-content\/uploads\/2025\/05\/Projekt-bez-nazwy-33.png\" \/>\n\t<meta property=\"og:image:width\" content=\"2048\" \/>\n\t<meta property=\"og:image:height\" content=\"1536\" \/>\n\t<meta property=\"og:image:type\" content=\"image\/png\" \/>\n<meta name=\"twitter:card\" content=\"summary_large_image\" \/>\n<meta name=\"twitter:label1\" content=\"Est. reading time\" \/>\n\t<meta name=\"twitter:data1\" content=\"2 minutes\" \/>\n<script type=\"application\/ld+json\" class=\"yoast-schema-graph\">{\"@context\":\"https:\\\/\\\/schema.org\",\"@graph\":[{\"@type\":\"WebPage\",\"@id\":\"https:\\\/\\\/demkohome.pl\\\/produkt\\\/szafa-pico\\\/\",\"url\":\"https:\\\/\\\/demkohome.pl\\\/produkt\\\/szafa-pico\\\/\",\"name\":\"Szafa Pico - Demko Home\",\"isPartOf\":{\"@id\":\"https:\\\/\\\/demkohome.pl\\\/#website\"},\"primaryImageOfPage\":{\"@id\":\"https:\\\/\\\/demkohome.pl\\\/produkt\\\/szafa-pico\\\/#primaryimage\"},\"image\":{\"@id\":\"https:\\\/\\\/demkohome.pl\\\/produkt\\\/szafa-pico\\\/#primaryimage\"},\"thumbnailUrl\":\"https:\\\/\\\/demkohome.pl\\\/wp-content\\\/uploads\\\/2025\\\/05\\\/Projekt-bez-nazwy-33.png\",\"datePublished\":\"2025-05-28T15:36:07+00:00\",\"dateModified\":\"2026-04-18T19:20:52+00:00\",\"breadcrumb\":{\"@id\":\"https:\\\/\\\/demkohome.pl\\\/produkt\\\/szafa-pico\\\/#breadcrumb\"},\"inLanguage\":\"en-US\",\"potentialAction\":[{\"@type\":\"ReadAction\",\"target\":[\"https:\\\/\\\/demkohome.pl\\\/produkt\\\/szafa-pico\\\/\"]}]},{\"@type\":\"ImageObject\",\"inLanguage\":\"en-US\",\"@id\":\"https:\\\/\\\/demkohome.pl\\\/produkt\\\/szafa-pico\\\/#primaryimage\",\"url\":\"https:\\\/\\\/demkohome.pl\\\/wp-content\\\/uploads\\\/2025\\\/05\\\/Projekt-bez-nazwy-33.png\",\"contentUrl\":\"https:\\\/\\\/demkohome.pl\\\/wp-content\\\/uploads\\\/2025\\\/05\\\/Projekt-bez-nazwy-33.png\",\"width\":2048,\"height\":1536,\"caption\":\"Szafa do przedpokoju PICO san remo\"},{\"@type\":\"BreadcrumbList\",\"@id\":\"https:\\\/\\\/demkohome.pl\\\/produkt\\\/szafa-pico\\\/#breadcrumb\",\"itemListElement\":[{\"@type\":\"ListItem\",\"position\":1,\"name\":\"Strona g\u0142\u00f3wna\",\"item\":\"https:\\\/\\\/demkohome.pl\\\/\"},{\"@type\":\"ListItem\",\"position\":2,\"name\":\"Sklep\",\"item\":\"https:\\\/\\\/demkohome.pl\\\/sklep\\\/\"},{\"@type\":\"ListItem\",\"position\":3,\"name\":\"Szafa Pico\"}]},{\"@type\":\"WebSite\",\"@id\":\"https:\\\/\\\/demkohome.pl\\\/#website\",\"url\":\"https:\\\/\\\/demkohome.pl\\\/\",\"name\":\"Demko Home\",\"description\":\"Make it simple\",\"publisher\":{\"@id\":\"https:\\\/\\\/demkohome.pl\\\/#organization\"},\"potentialAction\":[{\"@type\":\"SearchAction\",\"target\":{\"@type\":\"EntryPoint\",\"urlTemplate\":\"https:\\\/\\\/demkohome.pl\\\/?s={search_term_string}\"},\"query-input\":{\"@type\":\"PropertyValueSpecification\",\"valueRequired\":true,\"valueName\":\"search_term_string\"}}],\"inLanguage\":\"en-US\"},{\"@type\":\"Organization\",\"@id\":\"https:\\\/\\\/demkohome.pl\\\/#organization\",\"name\":\"Demko Home\",\"url\":\"https:\\\/\\\/demkohome.pl\\\/\",\"logo\":{\"@type\":\"ImageObject\",\"inLanguage\":\"en-US\",\"@id\":\"https:\\\/\\\/demkohome.pl\\\/#\\\/schema\\\/logo\\\/image\\\/\",\"url\":\"https:\\\/\\\/demkohome.pl\\\/wp-content\\\/uploads\\\/2026\\\/03\\\/cropped-3.png\",\"contentUrl\":\"https:\\\/\\\/demkohome.pl\\\/wp-content\\\/uploads\\\/2026\\\/03\\\/cropped-3.png\",\"width\":250,\"height\":63,\"caption\":\"Demko Home\"},\"image\":{\"@id\":\"https:\\\/\\\/demkohome.pl\\\/#\\\/schema\\\/logo\\\/image\\\/\"}}]}<\/script>\n<!-- \/ Yoast SEO plugin. -->","yoast_head_json":{"title":"Szafa Pico - Demko Home","robots":{"index":"index","follow":"follow","max-snippet":"max-snippet:-1","max-image-preview":"max-image-preview:large","max-video-preview":"max-video-preview:-1"},"canonical":"https:\/\/demkohome.pl\/en\/product\/szafa-pico\/","og_locale":"en_US","og_type":"article","og_title":"Szafa Pico - Demko Home","og_description":"Zapro\u015b do swojego przedpokoju harmoni\u0119 i porz\u0105dek z eleganck\u0105 szaf\u0105 Pico w ciep\u0142ym odcieniu San Remo. Ten funkcjonalny mebel \u0142\u0105czy (...)","og_url":"https:\/\/demkohome.pl\/en\/product\/szafa-pico\/","og_site_name":"Demko Home","article_modified_time":"2026-04-18T19:20:52+00:00","og_image":[{"width":2048,"height":1536,"url":"https:\/\/demkohome.pl\/wp-content\/uploads\/2025\/05\/Projekt-bez-nazwy-33.png","type":"image\/png"}],"twitter_card":"summary_large_image","twitter_misc":{"Est. reading time":"2 minutes"},"schema":{"@context":"https:\/\/schema.org","@graph":[{"@type":"WebPage","@id":"https:\/\/demkohome.pl\/produkt\/szafa-pico\/","url":"https:\/\/demkohome.pl\/produkt\/szafa-pico\/","name":"Szafa Pico - Demko Home","isPartOf":{"@id":"https:\/\/demkohome.pl\/#website"},"primaryImageOfPage":{"@id":"https:\/\/demkohome.pl\/produkt\/szafa-pico\/#primaryimage"},"image":{"@id":"https:\/\/demkohome.pl\/produkt\/szafa-pico\/#primaryimage"},"thumbnailUrl":"https:\/\/demkohome.pl\/wp-content\/uploads\/2025\/05\/Projekt-bez-nazwy-33.png","datePublished":"2025-05-28T15:36:07+00:00","dateModified":"2026-04-18T19:20:52+00:00","breadcrumb":{"@id":"https:\/\/demkohome.pl\/produkt\/szafa-pico\/#breadcrumb"},"inLanguage":"en-US","potentialAction":[{"@type":"ReadAction","target":["https:\/\/demkohome.pl\/produkt\/szafa-pico\/"]}]},{"@type":"ImageObject","inLanguage":"en-US","@id":"https:\/\/demkohome.pl\/produkt\/szafa-pico\/#primaryimage","url":"https:\/\/demkohome.pl\/wp-content\/uploads\/2025\/05\/Projekt-bez-nazwy-33.png","contentUrl":"https:\/\/demkohome.pl\/wp-content\/uploads\/2025\/05\/Projekt-bez-nazwy-33.png","width":2048,"height":1536,"caption":"Szafa do przedpokoju PICO san remo"},{"@type":"BreadcrumbList","@id":"https:\/\/demkohome.pl\/produkt\/szafa-pico\/#breadcrumb","itemListElement":[{"@type":"ListItem","position":1,"name":"Strona g\u0142\u00f3wna","item":"https:\/\/demkohome.pl\/"},{"@type":"ListItem","position":2,"name":"Sklep","item":"https:\/\/demkohome.pl\/sklep\/"},{"@type":"ListItem","position":3,"name":"Szafa Pico"}]},{"@type":"WebSite","@id":"https:\/\/demkohome.pl\/#website","url":"https:\/\/demkohome.pl\/","name":"Demko Home","description":"Make it simple","publisher":{"@id":"https:\/\/demkohome.pl\/#organization"},"potentialAction":[{"@type":"SearchAction","target":{"@type":"EntryPoint","urlTemplate":"https:\/\/demkohome.pl\/?s={search_term_string}"},"query-input":{"@type":"PropertyValueSpecification","valueRequired":true,"valueName":"search_term_string"}}],"inLanguage":"en-US"},{"@type":"Organization","@id":"https:\/\/demkohome.pl\/#organization","name":"Demko Home","url":"https:\/\/demkohome.pl\/","logo":{"@type":"ImageObject","inLanguage":"en-US","@id":"https:\/\/demkohome.pl\/#\/schema\/logo\/image\/","url":"https:\/\/demkohome.pl\/wp-content\/uploads\/2026\/03\/cropped-3.png","contentUrl":"https:\/\/demkohome.pl\/wp-content\/uploads\/2026\/03\/cropped-3.png","width":250,"height":63,"caption":"Demko Home"},"image":{"@id":"https:\/\/demkohome.pl\/#\/schema\/logo\/image\/"}}]}},"_links":{"self":[{"href":"https:\/\/demkohome.pl\/en\/wp-json\/wp\/v2\/product\/21955","targetHints":{"allow":["GET"]}}],"collection":[{"href":"https:\/\/demkohome.pl\/en\/wp-json\/wp\/v2\/product"}],"about":[{"href":"https:\/\/demkohome.pl\/en\/wp-json\/wp\/v2\/types\/product"}],"replies":[{"embeddable":true,"href":"https:\/\/demkohome.pl\/en\/wp-json\/wp\/v2\/comments?post=21955"}],"wp:featuredmedia":[{"embeddable":true,"href":"https:\/\/demkohome.pl\/en\/wp-json\/wp\/v2\/media\/111869"}],"wp:attachment":[{"href":"https:\/\/demkohome.pl\/en\/wp-json\/wp\/v2\/media?parent=21955"}],"wp:term":[{"taxonomy":"product_brand","embeddable":true,"href":"https:\/\/demkohome.pl\/en\/wp-json\/wp\/v2\/product_brand?post=21955"},{"taxonomy":"product_cat","embeddable":true,"href":"https:\/\/demkohome.pl\/en\/wp-json\/wp\/v2\/product_cat?post=21955"},{"taxonomy":"product_tag","embeddable":true,"href":"https:\/\/demkohome.pl\/en\/wp-json\/wp\/v2\/product_tag?post=21955"}],"curies":[{"name":"wp","href":"https:\/\/api.w.org\/{rel}","templated":true}]}}