{"id":2196,"date":"2023-08-28T13:14:35","date_gmt":"2023-08-28T11:14:35","guid":{"rendered":"https:\/\/demkohome.pl\/produkt\/blat-1600mm\/"},"modified":"2026-04-28T15:30:22","modified_gmt":"2026-04-28T13:30:22","slug":"laminowany-blat-kuchenny-1600-mm","status":"publish","type":"product","link":"https:\/\/demkohome.pl\/en\/product\/laminowany-blat-kuchenny-1600-mm\/","title":{"rendered":"Laminated kitchen countertop 1600 mm"},"content":{"rendered":"<h2>1600 mm kitchen countertops<\/h2>\n<div style=\"font-family: 'Noto Sans', sans-serif; font-size: 17px;\">\nThanks to the laminated finish and the robust thickness of the particleboard from which it is made: 28 mm or 38 mm, the kitchen countertops are extremely resistant to everyday use, including scratches, heat, moisture or stains. The aesthetic appearance of the countertop and its solid construction make it the perfect centerpiece of any kitchen arrangement. The proposed countertop with a working space of 160 cm is available in three different color variants, which perfectly harmonize with a variety of interior styles. Shades of light atelier concrete, brown wild oak and classic black are options that allow you to create an extremely practical and aesthetically pleasing workspace in any kitchen.<\/p>\n<h3>Bright concrete atelier:<\/h3>\n<ul>\n<li>Laminated chipboard dimensions: 160 x 2.8 x 60 cm<\/li>\n<li>The light shade of concrete gives the arrangement a modern and industrial look.<\/li>\n<li>The neutrality of the color harmonizes with different colors of walls, furniture and accessories.<\/li>\n<li>It optically enlarges the kitchen space, adding lightness.<\/li>\n<li>Easy to clean, makes it easy to keep the kitchen in order.<\/li>\n<\/ul>\n<h3><strong>Wild Oak Natural:<\/strong><\/h3>\n<ul>\n<li>Laminated chipboard dimensions: 160 x 3.8 x 60 cm<\/li>\n<li>A natural look that brings warmth and coziness to the kitchen, ideal for rustic or Scandinavian styled compositions.<\/li>\n<li>The brown shade adds elegance and class to any interior, creating a harmonious atmosphere.<\/li>\n<\/ul>\n<h3><strong>Classic black:\u00a0<\/strong><\/h3>\n<ul>\n<li>Laminated chipboard dimensions: 160 x 3.8 x 60 cm<\/li>\n<li>Timeless, classic black, adds distinction and chicness to the entire kitchen arrangement.<\/li>\n<li>Contrasting with bright elements, it creates striking compositions and emphasizes their unique character.<\/li>\n<li>Perfect for both modern and classic kitchens, where it can be both a contrasting accent and a harmonious complement to the whole.<\/li>\n<\/ul>\n<h3>Laminated kitchen countertop 160 cm - technical details<\/h3>\n<p>The 160 cm long tabletop has a laminated work surface and laminated edging, ensuring the durability of the entire product and unique aesthetics. Its back edge has been carefully finished with technical edging, ensuring a solid and precise fit. The sides of the countertop have been additionally protected with PVC, protecting it from damage and increasing its resistance to scuffs and scratches. The kitchen countertop does not have holes.\n<\/p><\/div>","protected":false},"excerpt":{"rendered":"<p>Blaty kuchenne 1600 mm Dzi\u0119ki wyko\u0144czeniu laminowanemu i solidnej grubo\u015bci p\u0142yty wi\u00f3rowej z kt\u00f3rego jest wykonany: 28 mm lub 38 (&#8230;)<\/p>","protected":false},"featured_media":8525,"comment_status":"open","ping_status":"closed","template":"","meta":{"_acf_changed":false,"inline_featured_image":false},"product_brand":[],"product_cat":[112,140,65,139],"product_tag":[],"class_list":{"0":"post-2196","1":"product","2":"type-product","3":"status-publish","4":"has-post-thumbnail","6":"product_cat-blaty-kuchenne","7":"product_cat-kuchnia","8":"product_cat-meble-kuchenne","9":"product_cat-pomieszczenia","10":"product_shipping_class-paczka-nst-x-1","11":"collection-blat","13":"first","14":"instock","15":"shipping-taxable","16":"purchasable","17":"product-type-variable"},"acf":[],"yoast_head":"<!-- This site is optimized with the Yoast SEO plugin v27.4 - https:\/\/yoast.com\/product\/yoast-seo-wordpress\/ -->\n<title>Laminowany blat kuchenny 1600 mm - Demko Home<\/title>\n<meta name=\"robots\" content=\"index, follow, max-snippet:-1, max-image-preview:large, max-video-preview:-1\" \/>\n<link rel=\"canonical\" href=\"https:\/\/demkohome.pl\/en\/product\/laminowany-blat-kuchenny-1600-mm\/\" \/>\n<meta property=\"og:locale\" content=\"en_US\" \/>\n<meta property=\"og:type\" content=\"article\" \/>\n<meta property=\"og:title\" content=\"Laminowany blat kuchenny 1600 mm - Demko Home\" \/>\n<meta property=\"og:description\" content=\"Blaty kuchenne 1600 mm Dzi\u0119ki wyko\u0144czeniu laminowanemu i solidnej grubo\u015bci p\u0142yty wi\u00f3rowej z kt\u00f3rego jest wykonany: 28 mm lub 38 (...)\" \/>\n<meta property=\"og:url\" content=\"https:\/\/demkohome.pl\/en\/product\/laminowany-blat-kuchenny-1600-mm\/\" \/>\n<meta property=\"og:site_name\" content=\"Demko Home\" \/>\n<meta property=\"article:modified_time\" content=\"2026-04-28T13:30:22+00:00\" \/>\n<meta property=\"og:image\" content=\"https:\/\/demkohome.pl\/wp-content\/uploads\/2023\/08\/Szary-blat-kuchenny-do-szafek-stojacych-plyta-wiorowa-laminowana-kolor-beton-producent-Meble-Okmed-Demko-widok-z-gory.jpg\" \/>\n\t<meta property=\"og:image:width\" content=\"1920\" \/>\n\t<meta property=\"og:image:height\" content=\"1920\" \/>\n\t<meta property=\"og:image:type\" content=\"image\/jpeg\" \/>\n<meta name=\"twitter:card\" content=\"summary_large_image\" \/>\n<meta name=\"twitter:label1\" content=\"Est. reading time\" \/>\n\t<meta name=\"twitter:data1\" content=\"3 minutes\" \/>\n<script type=\"application\/ld+json\" class=\"yoast-schema-graph\">{\"@context\":\"https:\\\/\\\/schema.org\",\"@graph\":[{\"@type\":\"WebPage\",\"@id\":\"https:\\\/\\\/demkohome.pl\\\/produkt\\\/laminowany-blat-kuchenny-1600-mm\\\/\",\"url\":\"https:\\\/\\\/demkohome.pl\\\/produkt\\\/laminowany-blat-kuchenny-1600-mm\\\/\",\"name\":\"Laminowany blat kuchenny 1600 mm - Demko Home\",\"isPartOf\":{\"@id\":\"https:\\\/\\\/demkohome.pl\\\/#website\"},\"primaryImageOfPage\":{\"@id\":\"https:\\\/\\\/demkohome.pl\\\/produkt\\\/laminowany-blat-kuchenny-1600-mm\\\/#primaryimage\"},\"image\":{\"@id\":\"https:\\\/\\\/demkohome.pl\\\/produkt\\\/laminowany-blat-kuchenny-1600-mm\\\/#primaryimage\"},\"thumbnailUrl\":\"https:\\\/\\\/demkohome.pl\\\/wp-content\\\/uploads\\\/2023\\\/08\\\/Szary-blat-kuchenny-do-szafek-stojacych-plyta-wiorowa-laminowana-kolor-beton-producent-Meble-Okmed-Demko-widok-z-gory.jpg\",\"datePublished\":\"2023-08-28T11:14:35+00:00\",\"dateModified\":\"2026-04-28T13:30:22+00:00\",\"breadcrumb\":{\"@id\":\"https:\\\/\\\/demkohome.pl\\\/produkt\\\/laminowany-blat-kuchenny-1600-mm\\\/#breadcrumb\"},\"inLanguage\":\"en-US\",\"potentialAction\":[{\"@type\":\"ReadAction\",\"target\":[\"https:\\\/\\\/demkohome.pl\\\/produkt\\\/laminowany-blat-kuchenny-1600-mm\\\/\"]}]},{\"@type\":\"ImageObject\",\"inLanguage\":\"en-US\",\"@id\":\"https:\\\/\\\/demkohome.pl\\\/produkt\\\/laminowany-blat-kuchenny-1600-mm\\\/#primaryimage\",\"url\":\"https:\\\/\\\/demkohome.pl\\\/wp-content\\\/uploads\\\/2023\\\/08\\\/Szary-blat-kuchenny-do-szafek-stojacych-plyta-wiorowa-laminowana-kolor-beton-producent-Meble-Okmed-Demko-widok-z-gory.jpg\",\"contentUrl\":\"https:\\\/\\\/demkohome.pl\\\/wp-content\\\/uploads\\\/2023\\\/08\\\/Szary-blat-kuchenny-do-szafek-stojacych-plyta-wiorowa-laminowana-kolor-beton-producent-Meble-Okmed-Demko-widok-z-gory.jpg\",\"width\":1920,\"height\":1920,\"caption\":\"Szary blat kuchenny do szafek stoj\u0105cych p\u0142yta wi\u00f3rowa laminowana kolor beton producent Meble Okmed Demko widok z g\u00f3ry\"},{\"@type\":\"BreadcrumbList\",\"@id\":\"https:\\\/\\\/demkohome.pl\\\/produkt\\\/laminowany-blat-kuchenny-1600-mm\\\/#breadcrumb\",\"itemListElement\":[{\"@type\":\"ListItem\",\"position\":1,\"name\":\"Strona g\u0142\u00f3wna\",\"item\":\"https:\\\/\\\/demkohome.pl\\\/\"},{\"@type\":\"ListItem\",\"position\":2,\"name\":\"Sklep\",\"item\":\"https:\\\/\\\/demkohome.pl\\\/sklep\\\/\"},{\"@type\":\"ListItem\",\"position\":3,\"name\":\"Laminowany blat kuchenny 1600 mm\"}]},{\"@type\":\"WebSite\",\"@id\":\"https:\\\/\\\/demkohome.pl\\\/#website\",\"url\":\"https:\\\/\\\/demkohome.pl\\\/\",\"name\":\"Demko Home\",\"description\":\"Make it simple\",\"publisher\":{\"@id\":\"https:\\\/\\\/demkohome.pl\\\/#organization\"},\"potentialAction\":[{\"@type\":\"SearchAction\",\"target\":{\"@type\":\"EntryPoint\",\"urlTemplate\":\"https:\\\/\\\/demkohome.pl\\\/?s={search_term_string}\"},\"query-input\":{\"@type\":\"PropertyValueSpecification\",\"valueRequired\":true,\"valueName\":\"search_term_string\"}}],\"inLanguage\":\"en-US\"},{\"@type\":\"Organization\",\"@id\":\"https:\\\/\\\/demkohome.pl\\\/#organization\",\"name\":\"Demko Home\",\"url\":\"https:\\\/\\\/demkohome.pl\\\/\",\"logo\":{\"@type\":\"ImageObject\",\"inLanguage\":\"en-US\",\"@id\":\"https:\\\/\\\/demkohome.pl\\\/#\\\/schema\\\/logo\\\/image\\\/\",\"url\":\"https:\\\/\\\/demkohome.pl\\\/wp-content\\\/uploads\\\/2026\\\/03\\\/cropped-3.png\",\"contentUrl\":\"https:\\\/\\\/demkohome.pl\\\/wp-content\\\/uploads\\\/2026\\\/03\\\/cropped-3.png\",\"width\":250,\"height\":63,\"caption\":\"Demko Home\"},\"image\":{\"@id\":\"https:\\\/\\\/demkohome.pl\\\/#\\\/schema\\\/logo\\\/image\\\/\"}}]}<\/script>\n<!-- \/ Yoast SEO plugin. -->","yoast_head_json":{"title":"Laminowany blat kuchenny 1600 mm - Demko Home","robots":{"index":"index","follow":"follow","max-snippet":"max-snippet:-1","max-image-preview":"max-image-preview:large","max-video-preview":"max-video-preview:-1"},"canonical":"https:\/\/demkohome.pl\/en\/product\/laminowany-blat-kuchenny-1600-mm\/","og_locale":"en_US","og_type":"article","og_title":"Laminowany blat kuchenny 1600 mm - Demko Home","og_description":"Blaty kuchenne 1600 mm Dzi\u0119ki wyko\u0144czeniu laminowanemu i solidnej grubo\u015bci p\u0142yty wi\u00f3rowej z kt\u00f3rego jest wykonany: 28 mm lub 38 (...)","og_url":"https:\/\/demkohome.pl\/en\/product\/laminowany-blat-kuchenny-1600-mm\/","og_site_name":"Demko Home","article_modified_time":"2026-04-28T13:30:22+00:00","og_image":[{"width":1920,"height":1920,"url":"https:\/\/demkohome.pl\/wp-content\/uploads\/2023\/08\/Szary-blat-kuchenny-do-szafek-stojacych-plyta-wiorowa-laminowana-kolor-beton-producent-Meble-Okmed-Demko-widok-z-gory.jpg","type":"image\/jpeg"}],"twitter_card":"summary_large_image","twitter_misc":{"Est. reading time":"3 minutes"},"schema":{"@context":"https:\/\/schema.org","@graph":[{"@type":"WebPage","@id":"https:\/\/demkohome.pl\/produkt\/laminowany-blat-kuchenny-1600-mm\/","url":"https:\/\/demkohome.pl\/produkt\/laminowany-blat-kuchenny-1600-mm\/","name":"Laminowany blat kuchenny 1600 mm - Demko Home","isPartOf":{"@id":"https:\/\/demkohome.pl\/#website"},"primaryImageOfPage":{"@id":"https:\/\/demkohome.pl\/produkt\/laminowany-blat-kuchenny-1600-mm\/#primaryimage"},"image":{"@id":"https:\/\/demkohome.pl\/produkt\/laminowany-blat-kuchenny-1600-mm\/#primaryimage"},"thumbnailUrl":"https:\/\/demkohome.pl\/wp-content\/uploads\/2023\/08\/Szary-blat-kuchenny-do-szafek-stojacych-plyta-wiorowa-laminowana-kolor-beton-producent-Meble-Okmed-Demko-widok-z-gory.jpg","datePublished":"2023-08-28T11:14:35+00:00","dateModified":"2026-04-28T13:30:22+00:00","breadcrumb":{"@id":"https:\/\/demkohome.pl\/produkt\/laminowany-blat-kuchenny-1600-mm\/#breadcrumb"},"inLanguage":"en-US","potentialAction":[{"@type":"ReadAction","target":["https:\/\/demkohome.pl\/produkt\/laminowany-blat-kuchenny-1600-mm\/"]}]},{"@type":"ImageObject","inLanguage":"en-US","@id":"https:\/\/demkohome.pl\/produkt\/laminowany-blat-kuchenny-1600-mm\/#primaryimage","url":"https:\/\/demkohome.pl\/wp-content\/uploads\/2023\/08\/Szary-blat-kuchenny-do-szafek-stojacych-plyta-wiorowa-laminowana-kolor-beton-producent-Meble-Okmed-Demko-widok-z-gory.jpg","contentUrl":"https:\/\/demkohome.pl\/wp-content\/uploads\/2023\/08\/Szary-blat-kuchenny-do-szafek-stojacych-plyta-wiorowa-laminowana-kolor-beton-producent-Meble-Okmed-Demko-widok-z-gory.jpg","width":1920,"height":1920,"caption":"Szary blat kuchenny do szafek stoj\u0105cych p\u0142yta wi\u00f3rowa laminowana kolor beton producent Meble Okmed Demko widok z g\u00f3ry"},{"@type":"BreadcrumbList","@id":"https:\/\/demkohome.pl\/produkt\/laminowany-blat-kuchenny-1600-mm\/#breadcrumb","itemListElement":[{"@type":"ListItem","position":1,"name":"Strona g\u0142\u00f3wna","item":"https:\/\/demkohome.pl\/"},{"@type":"ListItem","position":2,"name":"Sklep","item":"https:\/\/demkohome.pl\/sklep\/"},{"@type":"ListItem","position":3,"name":"Laminowany blat kuchenny 1600 mm"}]},{"@type":"WebSite","@id":"https:\/\/demkohome.pl\/#website","url":"https:\/\/demkohome.pl\/","name":"Demko Home","description":"Make it simple","publisher":{"@id":"https:\/\/demkohome.pl\/#organization"},"potentialAction":[{"@type":"SearchAction","target":{"@type":"EntryPoint","urlTemplate":"https:\/\/demkohome.pl\/?s={search_term_string}"},"query-input":{"@type":"PropertyValueSpecification","valueRequired":true,"valueName":"search_term_string"}}],"inLanguage":"en-US"},{"@type":"Organization","@id":"https:\/\/demkohome.pl\/#organization","name":"Demko Home","url":"https:\/\/demkohome.pl\/","logo":{"@type":"ImageObject","inLanguage":"en-US","@id":"https:\/\/demkohome.pl\/#\/schema\/logo\/image\/","url":"https:\/\/demkohome.pl\/wp-content\/uploads\/2026\/03\/cropped-3.png","contentUrl":"https:\/\/demkohome.pl\/wp-content\/uploads\/2026\/03\/cropped-3.png","width":250,"height":63,"caption":"Demko Home"},"image":{"@id":"https:\/\/demkohome.pl\/#\/schema\/logo\/image\/"}}]}},"_links":{"self":[{"href":"https:\/\/demkohome.pl\/en\/wp-json\/wp\/v2\/product\/2196","targetHints":{"allow":["GET"]}}],"collection":[{"href":"https:\/\/demkohome.pl\/en\/wp-json\/wp\/v2\/product"}],"about":[{"href":"https:\/\/demkohome.pl\/en\/wp-json\/wp\/v2\/types\/product"}],"replies":[{"embeddable":true,"href":"https:\/\/demkohome.pl\/en\/wp-json\/wp\/v2\/comments?post=2196"}],"wp:featuredmedia":[{"embeddable":true,"href":"https:\/\/demkohome.pl\/en\/wp-json\/wp\/v2\/media\/8525"}],"wp:attachment":[{"href":"https:\/\/demkohome.pl\/en\/wp-json\/wp\/v2\/media?parent=2196"}],"wp:term":[{"taxonomy":"product_brand","embeddable":true,"href":"https:\/\/demkohome.pl\/en\/wp-json\/wp\/v2\/product_brand?post=2196"},{"taxonomy":"product_cat","embeddable":true,"href":"https:\/\/demkohome.pl\/en\/wp-json\/wp\/v2\/product_cat?post=2196"},{"taxonomy":"product_tag","embeddable":true,"href":"https:\/\/demkohome.pl\/en\/wp-json\/wp\/v2\/product_tag?post=2196"}],"curies":[{"name":"wp","href":"https:\/\/api.w.org\/{rel}","templated":true}]}}