{"id":2204,"date":"2023-08-28T13:14:36","date_gmt":"2023-08-28T11:14:36","guid":{"rendered":"https:\/\/demkohome.pl\/produkt\/blat-200cm\/"},"modified":"2026-04-28T15:30:09","modified_gmt":"2026-04-28T13:30:09","slug":"laminowany-blat-kuchenny-2000-mm","status":"publish","type":"product","link":"https:\/\/demkohome.pl\/en\/product\/laminowany-blat-kuchenny-2000-mm\/","title":{"rendered":"Laminated kitchen countertop 2000 mm"},"content":{"rendered":"<h2>Kitchen worktops 2000 mm<\/h2>\n<div style=\"font-family: 'Noto Sans', sans-serif; font-size: 17px;\">Kitchen worktop with a length of 200 cm is the perfect finish for a set of kitchen cabinets with a total width of 200 cm as well. The variety of available color variants of the countertop and its functional finish perfectly harmonize with the simple form of the solids of kitchen cabinets. The product is available in three colors: Atelier Concrete, Natural Wild Oak and Black, which makes it possible to properly match the countertop to different interior styles and design ideas.<\/p>\n<h3>Concrete Atelier - the industrial elegance of gray<\/h3>\n<p>The color variant \"Concrete Atelier\" is made of high-quality 28 mm thick laminated board, perfectly imitating the structure of concrete. The texture and coloring of the worktop workspace give the kitchen a distinct character in light shades of gray. This solution is perfect for interiors in modern, industrial or rustic style, where a note of rawness of concrete adds a subtle industrial aesthetic to the arrangement.<\/p>\n<h3><strong>Wild oak - the color of natural beauty<\/strong><\/h3>\n<p>The 200 cm long kitchen cabinet top in \"Wild Oak\" color brings warmth to the kitchen, giving it a natural coziness and homeliness. The 38 mm thick laminated board perfectly imitates the texture and natural coloring of wild oak, creating a friendly atmosphere close to nature in the kitchen. Thanks to its color, the \"wild oak\" countertop blends well with both modern and traditional design styles, allowing you to create harmonious and elegant kitchen interiors.<\/p>\n<h3><strong>Deep black - minimalist form, timeless aesthetics<\/strong><\/h3>\n<p>The countertop made of black laminated board with a thickness of 38 mm adds elegance and modernity to the kitchen. Its deep, dark color gives the room an exclusive character, which can be especially attractive in minimalist or modern arrangements. Thanks to its universal hue, such a countertop blends well with both light and dark colors, giving great freedom in the design of the kitchen interior.<\/p>\n<h3><strong>Countertop for kitchen 2000 mm - technical information<\/strong><\/h3>\n<p>The 200 cm long kitchen worktop is a practical solution also due to its technical qualities. It is made of high-quality laminated board with a thickness of 28 mm (Concrete Atelier) or 38 mm (Wild Oak and Black). In addition, the laminated edges increase the durability of the countertop, its aesthetics and prevent moisture from getting into it. The sides of the kitchen countertop are covered with PVC material, which further protects the product, extends its life and durability. Thus, the high quality of 200 cm kitchen countertops guarantees long-lasting and satisfactory use, while maintaining high aesthetic standards.<\/p>\n<\/div>","protected":false},"excerpt":{"rendered":"<p>Blaty kuchenne 2000 mm Blat kuchenny o d\u0142ugo\u015bci 200 cm stanowi idealne wyko\u0144czenie zestawu szafek kuchennych o \u0142\u0105cznej szeroko\u015bci r\u00f3wnie\u017c (&#8230;)<\/p>","protected":false},"featured_media":8525,"comment_status":"open","ping_status":"closed","template":"","meta":{"_acf_changed":false,"inline_featured_image":false},"product_brand":[],"product_cat":[112,140,65,139],"product_tag":[],"class_list":{"0":"post-2204","1":"product","2":"type-product","3":"status-publish","4":"has-post-thumbnail","6":"product_cat-blaty-kuchenne","7":"product_cat-kuchnia","8":"product_cat-meble-kuchenne","9":"product_cat-pomieszczenia","10":"product_shipping_class-paleta-210cm-x-80cm","11":"collection-blat","13":"first","14":"onbackorder","15":"shipping-taxable","16":"purchasable","17":"product-type-variable"},"acf":[],"yoast_head":"<!-- This site is optimized with the Yoast SEO plugin v27.4 - https:\/\/yoast.com\/product\/yoast-seo-wordpress\/ -->\n<title>Laminowany blat kuchenny 2000 mm - Demko Home<\/title>\n<meta name=\"robots\" content=\"index, follow, max-snippet:-1, max-image-preview:large, max-video-preview:-1\" \/>\n<link rel=\"canonical\" href=\"https:\/\/demkohome.pl\/en\/product\/laminowany-blat-kuchenny-2000-mm\/\" \/>\n<meta property=\"og:locale\" content=\"en_US\" \/>\n<meta property=\"og:type\" content=\"article\" \/>\n<meta property=\"og:title\" content=\"Laminowany blat kuchenny 2000 mm - Demko Home\" \/>\n<meta property=\"og:description\" content=\"Blaty kuchenne 2000 mm Blat kuchenny o d\u0142ugo\u015bci 200 cm stanowi idealne wyko\u0144czenie zestawu szafek kuchennych o \u0142\u0105cznej szeroko\u015bci r\u00f3wnie\u017c (...)\" \/>\n<meta property=\"og:url\" content=\"https:\/\/demkohome.pl\/en\/product\/laminowany-blat-kuchenny-2000-mm\/\" \/>\n<meta property=\"og:site_name\" content=\"Demko Home\" \/>\n<meta property=\"article:modified_time\" content=\"2026-04-28T13:30:09+00:00\" \/>\n<meta property=\"og:image\" content=\"https:\/\/demkohome.pl\/wp-content\/uploads\/2023\/08\/Szary-blat-kuchenny-do-szafek-stojacych-plyta-wiorowa-laminowana-kolor-beton-producent-Meble-Okmed-Demko-widok-z-gory.jpg\" \/>\n\t<meta property=\"og:image:width\" content=\"1920\" \/>\n\t<meta property=\"og:image:height\" content=\"1920\" \/>\n\t<meta property=\"og:image:type\" content=\"image\/jpeg\" \/>\n<meta name=\"twitter:card\" content=\"summary_large_image\" \/>\n<meta name=\"twitter:label1\" content=\"Est. reading time\" \/>\n\t<meta name=\"twitter:data1\" content=\"3 minutes\" \/>\n<script type=\"application\/ld+json\" class=\"yoast-schema-graph\">{\"@context\":\"https:\\\/\\\/schema.org\",\"@graph\":[{\"@type\":\"WebPage\",\"@id\":\"https:\\\/\\\/demkohome.pl\\\/produkt\\\/laminowany-blat-kuchenny-2000-mm\\\/\",\"url\":\"https:\\\/\\\/demkohome.pl\\\/produkt\\\/laminowany-blat-kuchenny-2000-mm\\\/\",\"name\":\"Laminowany blat kuchenny 2000 mm - Demko Home\",\"isPartOf\":{\"@id\":\"https:\\\/\\\/demkohome.pl\\\/#website\"},\"primaryImageOfPage\":{\"@id\":\"https:\\\/\\\/demkohome.pl\\\/produkt\\\/laminowany-blat-kuchenny-2000-mm\\\/#primaryimage\"},\"image\":{\"@id\":\"https:\\\/\\\/demkohome.pl\\\/produkt\\\/laminowany-blat-kuchenny-2000-mm\\\/#primaryimage\"},\"thumbnailUrl\":\"https:\\\/\\\/demkohome.pl\\\/wp-content\\\/uploads\\\/2023\\\/08\\\/Szary-blat-kuchenny-do-szafek-stojacych-plyta-wiorowa-laminowana-kolor-beton-producent-Meble-Okmed-Demko-widok-z-gory.jpg\",\"datePublished\":\"2023-08-28T11:14:36+00:00\",\"dateModified\":\"2026-04-28T13:30:09+00:00\",\"breadcrumb\":{\"@id\":\"https:\\\/\\\/demkohome.pl\\\/produkt\\\/laminowany-blat-kuchenny-2000-mm\\\/#breadcrumb\"},\"inLanguage\":\"en-US\",\"potentialAction\":[{\"@type\":\"ReadAction\",\"target\":[\"https:\\\/\\\/demkohome.pl\\\/produkt\\\/laminowany-blat-kuchenny-2000-mm\\\/\"]}]},{\"@type\":\"ImageObject\",\"inLanguage\":\"en-US\",\"@id\":\"https:\\\/\\\/demkohome.pl\\\/produkt\\\/laminowany-blat-kuchenny-2000-mm\\\/#primaryimage\",\"url\":\"https:\\\/\\\/demkohome.pl\\\/wp-content\\\/uploads\\\/2023\\\/08\\\/Szary-blat-kuchenny-do-szafek-stojacych-plyta-wiorowa-laminowana-kolor-beton-producent-Meble-Okmed-Demko-widok-z-gory.jpg\",\"contentUrl\":\"https:\\\/\\\/demkohome.pl\\\/wp-content\\\/uploads\\\/2023\\\/08\\\/Szary-blat-kuchenny-do-szafek-stojacych-plyta-wiorowa-laminowana-kolor-beton-producent-Meble-Okmed-Demko-widok-z-gory.jpg\",\"width\":1920,\"height\":1920,\"caption\":\"Szary blat kuchenny do szafek stoj\u0105cych p\u0142yta wi\u00f3rowa laminowana kolor beton producent Meble Okmed Demko widok z g\u00f3ry\"},{\"@type\":\"BreadcrumbList\",\"@id\":\"https:\\\/\\\/demkohome.pl\\\/produkt\\\/laminowany-blat-kuchenny-2000-mm\\\/#breadcrumb\",\"itemListElement\":[{\"@type\":\"ListItem\",\"position\":1,\"name\":\"Strona g\u0142\u00f3wna\",\"item\":\"https:\\\/\\\/demkohome.pl\\\/\"},{\"@type\":\"ListItem\",\"position\":2,\"name\":\"Sklep\",\"item\":\"https:\\\/\\\/demkohome.pl\\\/sklep\\\/\"},{\"@type\":\"ListItem\",\"position\":3,\"name\":\"Laminowany blat kuchenny 2000 mm\"}]},{\"@type\":\"WebSite\",\"@id\":\"https:\\\/\\\/demkohome.pl\\\/#website\",\"url\":\"https:\\\/\\\/demkohome.pl\\\/\",\"name\":\"Demko Home\",\"description\":\"Make it simple\",\"publisher\":{\"@id\":\"https:\\\/\\\/demkohome.pl\\\/#organization\"},\"potentialAction\":[{\"@type\":\"SearchAction\",\"target\":{\"@type\":\"EntryPoint\",\"urlTemplate\":\"https:\\\/\\\/demkohome.pl\\\/?s={search_term_string}\"},\"query-input\":{\"@type\":\"PropertyValueSpecification\",\"valueRequired\":true,\"valueName\":\"search_term_string\"}}],\"inLanguage\":\"en-US\"},{\"@type\":\"Organization\",\"@id\":\"https:\\\/\\\/demkohome.pl\\\/#organization\",\"name\":\"Demko Home\",\"url\":\"https:\\\/\\\/demkohome.pl\\\/\",\"logo\":{\"@type\":\"ImageObject\",\"inLanguage\":\"en-US\",\"@id\":\"https:\\\/\\\/demkohome.pl\\\/#\\\/schema\\\/logo\\\/image\\\/\",\"url\":\"https:\\\/\\\/demkohome.pl\\\/wp-content\\\/uploads\\\/2026\\\/03\\\/cropped-3.png\",\"contentUrl\":\"https:\\\/\\\/demkohome.pl\\\/wp-content\\\/uploads\\\/2026\\\/03\\\/cropped-3.png\",\"width\":250,\"height\":63,\"caption\":\"Demko Home\"},\"image\":{\"@id\":\"https:\\\/\\\/demkohome.pl\\\/#\\\/schema\\\/logo\\\/image\\\/\"}}]}<\/script>\n<!-- \/ Yoast SEO plugin. -->","yoast_head_json":{"title":"Laminowany blat kuchenny 2000 mm - Demko Home","robots":{"index":"index","follow":"follow","max-snippet":"max-snippet:-1","max-image-preview":"max-image-preview:large","max-video-preview":"max-video-preview:-1"},"canonical":"https:\/\/demkohome.pl\/en\/product\/laminowany-blat-kuchenny-2000-mm\/","og_locale":"en_US","og_type":"article","og_title":"Laminowany blat kuchenny 2000 mm - Demko Home","og_description":"Blaty kuchenne 2000 mm Blat kuchenny o d\u0142ugo\u015bci 200 cm stanowi idealne wyko\u0144czenie zestawu szafek kuchennych o \u0142\u0105cznej szeroko\u015bci r\u00f3wnie\u017c (...)","og_url":"https:\/\/demkohome.pl\/en\/product\/laminowany-blat-kuchenny-2000-mm\/","og_site_name":"Demko Home","article_modified_time":"2026-04-28T13:30:09+00:00","og_image":[{"width":1920,"height":1920,"url":"https:\/\/demkohome.pl\/wp-content\/uploads\/2023\/08\/Szary-blat-kuchenny-do-szafek-stojacych-plyta-wiorowa-laminowana-kolor-beton-producent-Meble-Okmed-Demko-widok-z-gory.jpg","type":"image\/jpeg"}],"twitter_card":"summary_large_image","twitter_misc":{"Est. reading time":"3 minutes"},"schema":{"@context":"https:\/\/schema.org","@graph":[{"@type":"WebPage","@id":"https:\/\/demkohome.pl\/produkt\/laminowany-blat-kuchenny-2000-mm\/","url":"https:\/\/demkohome.pl\/produkt\/laminowany-blat-kuchenny-2000-mm\/","name":"Laminowany blat kuchenny 2000 mm - Demko Home","isPartOf":{"@id":"https:\/\/demkohome.pl\/#website"},"primaryImageOfPage":{"@id":"https:\/\/demkohome.pl\/produkt\/laminowany-blat-kuchenny-2000-mm\/#primaryimage"},"image":{"@id":"https:\/\/demkohome.pl\/produkt\/laminowany-blat-kuchenny-2000-mm\/#primaryimage"},"thumbnailUrl":"https:\/\/demkohome.pl\/wp-content\/uploads\/2023\/08\/Szary-blat-kuchenny-do-szafek-stojacych-plyta-wiorowa-laminowana-kolor-beton-producent-Meble-Okmed-Demko-widok-z-gory.jpg","datePublished":"2023-08-28T11:14:36+00:00","dateModified":"2026-04-28T13:30:09+00:00","breadcrumb":{"@id":"https:\/\/demkohome.pl\/produkt\/laminowany-blat-kuchenny-2000-mm\/#breadcrumb"},"inLanguage":"en-US","potentialAction":[{"@type":"ReadAction","target":["https:\/\/demkohome.pl\/produkt\/laminowany-blat-kuchenny-2000-mm\/"]}]},{"@type":"ImageObject","inLanguage":"en-US","@id":"https:\/\/demkohome.pl\/produkt\/laminowany-blat-kuchenny-2000-mm\/#primaryimage","url":"https:\/\/demkohome.pl\/wp-content\/uploads\/2023\/08\/Szary-blat-kuchenny-do-szafek-stojacych-plyta-wiorowa-laminowana-kolor-beton-producent-Meble-Okmed-Demko-widok-z-gory.jpg","contentUrl":"https:\/\/demkohome.pl\/wp-content\/uploads\/2023\/08\/Szary-blat-kuchenny-do-szafek-stojacych-plyta-wiorowa-laminowana-kolor-beton-producent-Meble-Okmed-Demko-widok-z-gory.jpg","width":1920,"height":1920,"caption":"Szary blat kuchenny do szafek stoj\u0105cych p\u0142yta wi\u00f3rowa laminowana kolor beton producent Meble Okmed Demko widok z g\u00f3ry"},{"@type":"BreadcrumbList","@id":"https:\/\/demkohome.pl\/produkt\/laminowany-blat-kuchenny-2000-mm\/#breadcrumb","itemListElement":[{"@type":"ListItem","position":1,"name":"Strona g\u0142\u00f3wna","item":"https:\/\/demkohome.pl\/"},{"@type":"ListItem","position":2,"name":"Sklep","item":"https:\/\/demkohome.pl\/sklep\/"},{"@type":"ListItem","position":3,"name":"Laminowany blat kuchenny 2000 mm"}]},{"@type":"WebSite","@id":"https:\/\/demkohome.pl\/#website","url":"https:\/\/demkohome.pl\/","name":"Demko Home","description":"Make it simple","publisher":{"@id":"https:\/\/demkohome.pl\/#organization"},"potentialAction":[{"@type":"SearchAction","target":{"@type":"EntryPoint","urlTemplate":"https:\/\/demkohome.pl\/?s={search_term_string}"},"query-input":{"@type":"PropertyValueSpecification","valueRequired":true,"valueName":"search_term_string"}}],"inLanguage":"en-US"},{"@type":"Organization","@id":"https:\/\/demkohome.pl\/#organization","name":"Demko Home","url":"https:\/\/demkohome.pl\/","logo":{"@type":"ImageObject","inLanguage":"en-US","@id":"https:\/\/demkohome.pl\/#\/schema\/logo\/image\/","url":"https:\/\/demkohome.pl\/wp-content\/uploads\/2026\/03\/cropped-3.png","contentUrl":"https:\/\/demkohome.pl\/wp-content\/uploads\/2026\/03\/cropped-3.png","width":250,"height":63,"caption":"Demko Home"},"image":{"@id":"https:\/\/demkohome.pl\/#\/schema\/logo\/image\/"}}]}},"_links":{"self":[{"href":"https:\/\/demkohome.pl\/en\/wp-json\/wp\/v2\/product\/2204","targetHints":{"allow":["GET"]}}],"collection":[{"href":"https:\/\/demkohome.pl\/en\/wp-json\/wp\/v2\/product"}],"about":[{"href":"https:\/\/demkohome.pl\/en\/wp-json\/wp\/v2\/types\/product"}],"replies":[{"embeddable":true,"href":"https:\/\/demkohome.pl\/en\/wp-json\/wp\/v2\/comments?post=2204"}],"wp:featuredmedia":[{"embeddable":true,"href":"https:\/\/demkohome.pl\/en\/wp-json\/wp\/v2\/media\/8525"}],"wp:attachment":[{"href":"https:\/\/demkohome.pl\/en\/wp-json\/wp\/v2\/media?parent=2204"}],"wp:term":[{"taxonomy":"product_brand","embeddable":true,"href":"https:\/\/demkohome.pl\/en\/wp-json\/wp\/v2\/product_brand?post=2204"},{"taxonomy":"product_cat","embeddable":true,"href":"https:\/\/demkohome.pl\/en\/wp-json\/wp\/v2\/product_cat?post=2204"},{"taxonomy":"product_tag","embeddable":true,"href":"https:\/\/demkohome.pl\/en\/wp-json\/wp\/v2\/product_tag?post=2204"}],"curies":[{"name":"wp","href":"https:\/\/api.w.org\/{rel}","templated":true}]}}