{"id":22121,"date":"2025-05-28T15:37:37","date_gmt":"2025-05-28T13:37:37","guid":{"rendered":"https:\/\/demkohome.pl\/?post_type=product&#038;p=22121"},"modified":"2026-04-17T09:16:45","modified_gmt":"2026-04-17T07:16:45","slug":"komoda-can-can","status":"publish","type":"product","link":"https:\/\/demkohome.pl\/en\/product\/komoda-can-can\/","title":{"rendered":"Can Can 1 chest of drawers"},"content":{"rendered":"<h2 data-sourcepos=\"3:1-3:62\">Discover harmony and functionality with the San Remo chest of drawers \/ White<\/h2>\n<p data-sourcepos=\"5:1-5:285\">Stop for a moment and let your gaze rest on this graceful dresser. In its subtle San Remo color scheme, broken by the freshness of the white fronts, you will find peace and harmony that will bring an air of natural warmth and Scandinavian lightness to your home.<\/p>\n<p data-sourcepos=\"7:1-7:471\">This charming chest of drawers is not only a beautiful piece of furniture, but more importantly an extremely practical solution for your space. The carefully designed drawers and capacious cabinets will easily accommodate your treasures, from clothes to small accessories, helping you stay organized and enjoy a tidy environment. Smooth, minimalist handles add a modern touch, and the sturdy construction ensures that it will accompany you for years to come.<\/p>\n<p data-sourcepos=\"9:1-9:309\">Imagine how it will perfectly blend into your bedroom, living room or hallway, becoming not only a functional piece of furniture, but also a subtle decoration. Its universal design makes it easy to match it with a variety of design styles, adding a touch of cozy elegance to any interior.<\/p>\n<p data-sourcepos=\"11:1-11:34\">Details that will charm you:<\/p>\n<ul data-sourcepos=\"13:1-17:0\">\n<li data-sourcepos=\"13:1-13:113\">Colors<strong>:<\/strong> The warm shade of San Remo combined with the pure white of the fronts creates a soothing and stylish composition.<\/li>\n<li data-sourcepos=\"14:1-14:130\">Functionality<strong>:<\/strong> Practical drawers and cabinets offer plenty of storage space, helping to organize the space.<\/li>\n<li data-sourcepos=\"15:1-15:129\">Design<strong>:<\/strong> The simple, elegant form with minimalist handles fits in with modern trends, adding subtlety to the interior.<\/li>\n<li data-sourcepos=\"16:1-17:0\">Versatility<strong>:<\/strong> It will be ideal for a variety of rooms, from the bedroom to the living room, bringing harmony and style to each of them.<\/li>\n<\/ul>\n<p data-sourcepos=\"18:1-18:243\">Let this charming San Remo \/ White dresser bring a touch of tranquility and elegance to your home. It is a piece of furniture that combines the beauty of simplicity with extraordinary functionality, creating a space where you will enjoy spending time.<\/p>","protected":false},"excerpt":{"rendered":"<p>Odkryj harmoni\u0119 i funkcjonalno\u015b\u0107 z komod\u0105 San Remo \/ Bia\u0142y Zatrzymaj si\u0119 na chwil\u0119 i pozw\u00f3l, by Twoje spojrzenie spocz\u0119\u0142o (&#8230;)<\/p>","protected":false},"featured_media":22122,"comment_status":"open","ping_status":"closed","template":"","meta":{"_acf_changed":false,"inline_featured_image":false},"product_brand":[],"product_cat":[128,144,142,141],"product_tag":[],"class_list":{"0":"post-22121","1":"product","2":"type-product","3":"status-publish","4":"has-post-thumbnail","6":"product_cat-komody","7":"product_cat-pokoj","8":"product_cat-przedpokoj","9":"product_cat-salon","10":"product_shipping_class-przesylka-dpd-15-pln","11":"collection-back-to-study","12":"collection-can-can","14":"first","15":"instock","16":"sale","17":"shipping-taxable","18":"purchasable","19":"product-type-simple"},"acf":[],"yoast_head":"<!-- This site is optimized with the Yoast SEO plugin v27.4 - https:\/\/yoast.com\/product\/yoast-seo-wordpress\/ -->\n<title>Komoda Can Can 1 - Demko Home<\/title>\n<meta name=\"robots\" content=\"index, follow, max-snippet:-1, max-image-preview:large, max-video-preview:-1\" \/>\n<link rel=\"canonical\" href=\"https:\/\/demkohome.pl\/en\/product\/komoda-can-can\/\" \/>\n<meta property=\"og:locale\" content=\"en_US\" \/>\n<meta property=\"og:type\" content=\"article\" \/>\n<meta property=\"og:title\" content=\"Komoda Can Can 1 - Demko Home\" \/>\n<meta property=\"og:description\" content=\"Odkryj harmoni\u0119 i funkcjonalno\u015b\u0107 z komod\u0105 San Remo \/ Bia\u0142y Zatrzymaj si\u0119 na chwil\u0119 i pozw\u00f3l, by Twoje spojrzenie spocz\u0119\u0142o (...)\" \/>\n<meta property=\"og:url\" content=\"https:\/\/demkohome.pl\/en\/product\/komoda-can-can\/\" \/>\n<meta property=\"og:site_name\" content=\"Demko Home\" \/>\n<meta property=\"article:modified_time\" content=\"2026-04-17T07:16:45+00:00\" \/>\n<meta property=\"og:image\" content=\"https:\/\/demkohome.pl\/wp-content\/uploads\/2025\/05\/CAN-CAN-1-36-641-68-2-DAB_SO-BIALY_SQ-2-scaled.jpg\" \/>\n\t<meta property=\"og:image:width\" content=\"2560\" \/>\n\t<meta property=\"og:image:height\" content=\"2560\" \/>\n\t<meta property=\"og:image:type\" content=\"image\/jpeg\" \/>\n<meta name=\"twitter:card\" content=\"summary_large_image\" \/>\n<meta name=\"twitter:label1\" content=\"Est. reading time\" \/>\n\t<meta name=\"twitter:data1\" content=\"2 minutes\" \/>\n<script type=\"application\/ld+json\" class=\"yoast-schema-graph\">{\"@context\":\"https:\\\/\\\/schema.org\",\"@graph\":[{\"@type\":\"WebPage\",\"@id\":\"https:\\\/\\\/demkohome.pl\\\/produkt\\\/komoda-can-can\\\/\",\"url\":\"https:\\\/\\\/demkohome.pl\\\/produkt\\\/komoda-can-can\\\/\",\"name\":\"Komoda Can Can 1 - Demko Home\",\"isPartOf\":{\"@id\":\"https:\\\/\\\/demkohome.pl\\\/#website\"},\"primaryImageOfPage\":{\"@id\":\"https:\\\/\\\/demkohome.pl\\\/produkt\\\/komoda-can-can\\\/#primaryimage\"},\"image\":{\"@id\":\"https:\\\/\\\/demkohome.pl\\\/produkt\\\/komoda-can-can\\\/#primaryimage\"},\"thumbnailUrl\":\"https:\\\/\\\/demkohome.pl\\\/wp-content\\\/uploads\\\/2025\\\/05\\\/CAN-CAN-1-36-641-68-2-DAB_SO-BIALY_SQ-2-scaled.jpg\",\"datePublished\":\"2025-05-28T13:37:37+00:00\",\"dateModified\":\"2026-04-17T07:16:45+00:00\",\"breadcrumb\":{\"@id\":\"https:\\\/\\\/demkohome.pl\\\/produkt\\\/komoda-can-can\\\/#breadcrumb\"},\"inLanguage\":\"en-US\",\"potentialAction\":[{\"@type\":\"ReadAction\",\"target\":[\"https:\\\/\\\/demkohome.pl\\\/produkt\\\/komoda-can-can\\\/\"]}]},{\"@type\":\"ImageObject\",\"inLanguage\":\"en-US\",\"@id\":\"https:\\\/\\\/demkohome.pl\\\/produkt\\\/komoda-can-can\\\/#primaryimage\",\"url\":\"https:\\\/\\\/demkohome.pl\\\/wp-content\\\/uploads\\\/2025\\\/05\\\/CAN-CAN-1-36-641-68-2-DAB_SO-BIALY_SQ-2-scaled.jpg\",\"contentUrl\":\"https:\\\/\\\/demkohome.pl\\\/wp-content\\\/uploads\\\/2025\\\/05\\\/CAN-CAN-1-36-641-68-2-DAB_SO-BIALY_SQ-2-scaled.jpg\",\"width\":2560,\"height\":2560},{\"@type\":\"BreadcrumbList\",\"@id\":\"https:\\\/\\\/demkohome.pl\\\/produkt\\\/komoda-can-can\\\/#breadcrumb\",\"itemListElement\":[{\"@type\":\"ListItem\",\"position\":1,\"name\":\"Strona g\u0142\u00f3wna\",\"item\":\"https:\\\/\\\/demkohome.pl\\\/\"},{\"@type\":\"ListItem\",\"position\":2,\"name\":\"Sklep\",\"item\":\"https:\\\/\\\/demkohome.pl\\\/sklep\\\/\"},{\"@type\":\"ListItem\",\"position\":3,\"name\":\"Komoda Can Can 1\"}]},{\"@type\":\"WebSite\",\"@id\":\"https:\\\/\\\/demkohome.pl\\\/#website\",\"url\":\"https:\\\/\\\/demkohome.pl\\\/\",\"name\":\"Demko Home\",\"description\":\"Make it simple\",\"publisher\":{\"@id\":\"https:\\\/\\\/demkohome.pl\\\/#organization\"},\"potentialAction\":[{\"@type\":\"SearchAction\",\"target\":{\"@type\":\"EntryPoint\",\"urlTemplate\":\"https:\\\/\\\/demkohome.pl\\\/?s={search_term_string}\"},\"query-input\":{\"@type\":\"PropertyValueSpecification\",\"valueRequired\":true,\"valueName\":\"search_term_string\"}}],\"inLanguage\":\"en-US\"},{\"@type\":\"Organization\",\"@id\":\"https:\\\/\\\/demkohome.pl\\\/#organization\",\"name\":\"Demko Home\",\"url\":\"https:\\\/\\\/demkohome.pl\\\/\",\"logo\":{\"@type\":\"ImageObject\",\"inLanguage\":\"en-US\",\"@id\":\"https:\\\/\\\/demkohome.pl\\\/#\\\/schema\\\/logo\\\/image\\\/\",\"url\":\"https:\\\/\\\/demkohome.pl\\\/wp-content\\\/uploads\\\/2026\\\/03\\\/cropped-3.png\",\"contentUrl\":\"https:\\\/\\\/demkohome.pl\\\/wp-content\\\/uploads\\\/2026\\\/03\\\/cropped-3.png\",\"width\":250,\"height\":63,\"caption\":\"Demko Home\"},\"image\":{\"@id\":\"https:\\\/\\\/demkohome.pl\\\/#\\\/schema\\\/logo\\\/image\\\/\"}}]}<\/script>\n<!-- \/ Yoast SEO plugin. -->","yoast_head_json":{"title":"Komoda Can Can 1 - Demko Home","robots":{"index":"index","follow":"follow","max-snippet":"max-snippet:-1","max-image-preview":"max-image-preview:large","max-video-preview":"max-video-preview:-1"},"canonical":"https:\/\/demkohome.pl\/en\/product\/komoda-can-can\/","og_locale":"en_US","og_type":"article","og_title":"Komoda Can Can 1 - Demko Home","og_description":"Odkryj harmoni\u0119 i funkcjonalno\u015b\u0107 z komod\u0105 San Remo \/ Bia\u0142y Zatrzymaj si\u0119 na chwil\u0119 i pozw\u00f3l, by Twoje spojrzenie spocz\u0119\u0142o (...)","og_url":"https:\/\/demkohome.pl\/en\/product\/komoda-can-can\/","og_site_name":"Demko Home","article_modified_time":"2026-04-17T07:16:45+00:00","og_image":[{"width":2560,"height":2560,"url":"https:\/\/demkohome.pl\/wp-content\/uploads\/2025\/05\/CAN-CAN-1-36-641-68-2-DAB_SO-BIALY_SQ-2-scaled.jpg","type":"image\/jpeg"}],"twitter_card":"summary_large_image","twitter_misc":{"Est. reading time":"2 minutes"},"schema":{"@context":"https:\/\/schema.org","@graph":[{"@type":"WebPage","@id":"https:\/\/demkohome.pl\/produkt\/komoda-can-can\/","url":"https:\/\/demkohome.pl\/produkt\/komoda-can-can\/","name":"Komoda Can Can 1 - Demko Home","isPartOf":{"@id":"https:\/\/demkohome.pl\/#website"},"primaryImageOfPage":{"@id":"https:\/\/demkohome.pl\/produkt\/komoda-can-can\/#primaryimage"},"image":{"@id":"https:\/\/demkohome.pl\/produkt\/komoda-can-can\/#primaryimage"},"thumbnailUrl":"https:\/\/demkohome.pl\/wp-content\/uploads\/2025\/05\/CAN-CAN-1-36-641-68-2-DAB_SO-BIALY_SQ-2-scaled.jpg","datePublished":"2025-05-28T13:37:37+00:00","dateModified":"2026-04-17T07:16:45+00:00","breadcrumb":{"@id":"https:\/\/demkohome.pl\/produkt\/komoda-can-can\/#breadcrumb"},"inLanguage":"en-US","potentialAction":[{"@type":"ReadAction","target":["https:\/\/demkohome.pl\/produkt\/komoda-can-can\/"]}]},{"@type":"ImageObject","inLanguage":"en-US","@id":"https:\/\/demkohome.pl\/produkt\/komoda-can-can\/#primaryimage","url":"https:\/\/demkohome.pl\/wp-content\/uploads\/2025\/05\/CAN-CAN-1-36-641-68-2-DAB_SO-BIALY_SQ-2-scaled.jpg","contentUrl":"https:\/\/demkohome.pl\/wp-content\/uploads\/2025\/05\/CAN-CAN-1-36-641-68-2-DAB_SO-BIALY_SQ-2-scaled.jpg","width":2560,"height":2560},{"@type":"BreadcrumbList","@id":"https:\/\/demkohome.pl\/produkt\/komoda-can-can\/#breadcrumb","itemListElement":[{"@type":"ListItem","position":1,"name":"Strona g\u0142\u00f3wna","item":"https:\/\/demkohome.pl\/"},{"@type":"ListItem","position":2,"name":"Sklep","item":"https:\/\/demkohome.pl\/sklep\/"},{"@type":"ListItem","position":3,"name":"Komoda Can Can 1"}]},{"@type":"WebSite","@id":"https:\/\/demkohome.pl\/#website","url":"https:\/\/demkohome.pl\/","name":"Demko Home","description":"Make it simple","publisher":{"@id":"https:\/\/demkohome.pl\/#organization"},"potentialAction":[{"@type":"SearchAction","target":{"@type":"EntryPoint","urlTemplate":"https:\/\/demkohome.pl\/?s={search_term_string}"},"query-input":{"@type":"PropertyValueSpecification","valueRequired":true,"valueName":"search_term_string"}}],"inLanguage":"en-US"},{"@type":"Organization","@id":"https:\/\/demkohome.pl\/#organization","name":"Demko Home","url":"https:\/\/demkohome.pl\/","logo":{"@type":"ImageObject","inLanguage":"en-US","@id":"https:\/\/demkohome.pl\/#\/schema\/logo\/image\/","url":"https:\/\/demkohome.pl\/wp-content\/uploads\/2026\/03\/cropped-3.png","contentUrl":"https:\/\/demkohome.pl\/wp-content\/uploads\/2026\/03\/cropped-3.png","width":250,"height":63,"caption":"Demko Home"},"image":{"@id":"https:\/\/demkohome.pl\/#\/schema\/logo\/image\/"}}]}},"_links":{"self":[{"href":"https:\/\/demkohome.pl\/en\/wp-json\/wp\/v2\/product\/22121","targetHints":{"allow":["GET"]}}],"collection":[{"href":"https:\/\/demkohome.pl\/en\/wp-json\/wp\/v2\/product"}],"about":[{"href":"https:\/\/demkohome.pl\/en\/wp-json\/wp\/v2\/types\/product"}],"replies":[{"embeddable":true,"href":"https:\/\/demkohome.pl\/en\/wp-json\/wp\/v2\/comments?post=22121"}],"wp:featuredmedia":[{"embeddable":true,"href":"https:\/\/demkohome.pl\/en\/wp-json\/wp\/v2\/media\/22122"}],"wp:attachment":[{"href":"https:\/\/demkohome.pl\/en\/wp-json\/wp\/v2\/media?parent=22121"}],"wp:term":[{"taxonomy":"product_brand","embeddable":true,"href":"https:\/\/demkohome.pl\/en\/wp-json\/wp\/v2\/product_brand?post=22121"},{"taxonomy":"product_cat","embeddable":true,"href":"https:\/\/demkohome.pl\/en\/wp-json\/wp\/v2\/product_cat?post=22121"},{"taxonomy":"product_tag","embeddable":true,"href":"https:\/\/demkohome.pl\/en\/wp-json\/wp\/v2\/product_tag?post=22121"}],"curies":[{"name":"wp","href":"https:\/\/api.w.org\/{rel}","templated":true}]}}