{"id":22132,"date":"2025-05-28T15:59:00","date_gmt":"2025-05-28T13:59:00","guid":{"rendered":"https:\/\/demkohome.pl\/?post_type=product&#038;p=22132"},"modified":"2026-04-29T21:20:50","modified_gmt":"2026-04-29T19:20:50","slug":"szafka-rtv-can-can","status":"publish","type":"product","link":"https:\/\/demkohome.pl\/en\/product\/szafka-rtv-can-can\/","title":{"rendered":"Can RTV Cabinet"},"content":{"rendered":"<h2 data-sourcepos=\"3:1-3:98\">RTV Cabinet Can San Remo \/ White - modern elegance and functionality for your living room<\/h2>\n<p data-sourcepos=\"5:1-5:405\">Discover the perfect combination of style and practicality with the Can Can RTV cabinet in a subtle San Remo \/ White variant. The warm shade of San Remo in harmony with the pure white fronts creates a piece of furniture that will bring an air of modern elegance and cozy atmosphere to your living room. This is the perfect solution that will not only display your media equipment, but also provide additional storage space.<\/p>\n<p data-sourcepos=\"7:1-7:395\">The Can Can RTV cabinet was designed with functionality in mind. The open shelves are ideal for a set-top box, game console or other electronic devices, providing easy access and adequate ventilation. Two capacious drawers, hidden behind smooth white fronts, will allow you to hide remotes, cables, DVDs or other accessories, helping to keep your entertainment area tidy.<\/p>\n<p data-sourcepos=\"9:1-9:369\">The simple, geometric form of the Can Can RTV cabinet fits perfectly into modern interior design trends. Subtle silver handles add to its elegance, while its solid construction guarantees stability and durability for years. Its universal design makes it easy to match it with other furniture and decorative elements in your living room, creating a consistent and stylish arrangement.<\/p>\n<p data-sourcepos=\"11:1-11:54\">Discover the advantages of the San Remo \/ White Can RTV cabinet:<\/p>\n<ul data-sourcepos=\"13:1-17:0\">\n<li data-sourcepos=\"13:1-13:101\">Stylish color combination<strong>:<\/strong> San Remo decor and white fronts create a modern and elegant look.<\/li>\n<li data-sourcepos=\"14:1-14:120\">Functional space: Open shelves for electronics and drawers for accessories provide practical storage.<\/li>\n<li data-sourcepos=\"15:1-15:106\">Modern design: the simple form and subtle handles blend perfectly with modern interiors.<\/li>\n<li data-sourcepos=\"16:1-17:0\">Sturdy construction: High-quality materials guarantee the durability and stability of the furniture.<\/li>\n<\/ul>\n<p data-sourcepos=\"18:1-18:257\">Choose the Can Can San Remo \/ White RTV cabinet and create a stylish and functional space for relaxation and entertainment in your living room. This is a piece of furniture that combines modern design with practical solutions, perfectly meeting the needs of the modern home.<\/p>","protected":false},"excerpt":{"rendered":"<p>Szafka RTV Can Can San Remo \/ Bia\u0142y \u2013 nowoczesna elegancja i funkcjonalno\u015b\u0107 dla Twojego salonu Odkryj idealne po\u0142\u0105czenie stylu (&#8230;)<\/p>","protected":false},"featured_media":31963,"comment_status":"open","ping_status":"closed","template":"","meta":{"_acf_changed":false,"inline_featured_image":false},"product_brand":[],"product_cat":[128,127,307,144,141,308,130],"product_tag":[],"class_list":{"0":"post-22132","1":"product","2":"type-product","3":"status-publish","4":"has-post-thumbnail","6":"product_cat-komody","7":"product_cat-meble-pokojowe","8":"product_cat-meble-pokojowe-meble","9":"product_cat-pokoj","10":"product_cat-salon","11":"product_cat-szafki-meble-pokojowe-meble","12":"product_cat-szafki","13":"product_shipping_class-przesylka-dpd-50-pln","14":"collection-can-can","16":"first","17":"outofstock","18":"sale","19":"shipping-taxable","20":"purchasable","21":"product-type-simple"},"acf":[],"yoast_head":"<!-- This site is optimized with the Yoast SEO plugin v27.4 - https:\/\/yoast.com\/product\/yoast-seo-wordpress\/ -->\n<title>Szafka RTV Can Can - Demko Home<\/title>\n<meta name=\"robots\" content=\"index, follow, max-snippet:-1, max-image-preview:large, max-video-preview:-1\" \/>\n<link rel=\"canonical\" href=\"https:\/\/demkohome.pl\/en\/product\/szafka-rtv-can-can\/\" \/>\n<meta property=\"og:locale\" content=\"en_US\" \/>\n<meta property=\"og:type\" content=\"article\" \/>\n<meta property=\"og:title\" content=\"Szafka RTV Can Can - Demko Home\" \/>\n<meta property=\"og:description\" content=\"Szafka RTV Can Can San Remo \/ Bia\u0142y \u2013 nowoczesna elegancja i funkcjonalno\u015b\u0107 dla Twojego salonu Odkryj idealne po\u0142\u0105czenie stylu (...)\" \/>\n<meta property=\"og:url\" content=\"https:\/\/demkohome.pl\/en\/product\/szafka-rtv-can-can\/\" \/>\n<meta property=\"og:site_name\" content=\"Demko Home\" \/>\n<meta property=\"article:modified_time\" content=\"2026-04-29T19:20:50+00:00\" \/>\n<meta property=\"og:image\" content=\"https:\/\/demkohome.pl\/wp-content\/uploads\/2025\/05\/CAN-CAN-6-45-646-68-2-DAB_SO-BIALY_SQ-2-scaled.jpg\" \/>\n\t<meta property=\"og:image:width\" content=\"2560\" \/>\n\t<meta property=\"og:image:height\" content=\"2560\" \/>\n\t<meta property=\"og:image:type\" content=\"image\/jpeg\" \/>\n<meta name=\"twitter:card\" content=\"summary_large_image\" \/>\n<meta name=\"twitter:label1\" content=\"Est. reading time\" \/>\n\t<meta name=\"twitter:data1\" content=\"2 minutes\" \/>\n<script type=\"application\/ld+json\" class=\"yoast-schema-graph\">{\"@context\":\"https:\\\/\\\/schema.org\",\"@graph\":[{\"@type\":\"WebPage\",\"@id\":\"https:\\\/\\\/demkohome.pl\\\/produkt\\\/szafka-rtv-can-can\\\/\",\"url\":\"https:\\\/\\\/demkohome.pl\\\/produkt\\\/szafka-rtv-can-can\\\/\",\"name\":\"Szafka RTV Can Can - Demko Home\",\"isPartOf\":{\"@id\":\"https:\\\/\\\/demkohome.pl\\\/#website\"},\"primaryImageOfPage\":{\"@id\":\"https:\\\/\\\/demkohome.pl\\\/produkt\\\/szafka-rtv-can-can\\\/#primaryimage\"},\"image\":{\"@id\":\"https:\\\/\\\/demkohome.pl\\\/produkt\\\/szafka-rtv-can-can\\\/#primaryimage\"},\"thumbnailUrl\":\"https:\\\/\\\/demkohome.pl\\\/wp-content\\\/uploads\\\/2025\\\/05\\\/CAN-CAN-6-45-646-68-2-DAB_SO-BIALY_SQ-2-scaled.jpg\",\"datePublished\":\"2025-05-28T13:59:00+00:00\",\"dateModified\":\"2026-04-29T19:20:50+00:00\",\"breadcrumb\":{\"@id\":\"https:\\\/\\\/demkohome.pl\\\/produkt\\\/szafka-rtv-can-can\\\/#breadcrumb\"},\"inLanguage\":\"en-US\",\"potentialAction\":[{\"@type\":\"ReadAction\",\"target\":[\"https:\\\/\\\/demkohome.pl\\\/produkt\\\/szafka-rtv-can-can\\\/\"]}]},{\"@type\":\"ImageObject\",\"inLanguage\":\"en-US\",\"@id\":\"https:\\\/\\\/demkohome.pl\\\/produkt\\\/szafka-rtv-can-can\\\/#primaryimage\",\"url\":\"https:\\\/\\\/demkohome.pl\\\/wp-content\\\/uploads\\\/2025\\\/05\\\/CAN-CAN-6-45-646-68-2-DAB_SO-BIALY_SQ-2-scaled.jpg\",\"contentUrl\":\"https:\\\/\\\/demkohome.pl\\\/wp-content\\\/uploads\\\/2025\\\/05\\\/CAN-CAN-6-45-646-68-2-DAB_SO-BIALY_SQ-2-scaled.jpg\",\"width\":2560,\"height\":2560},{\"@type\":\"BreadcrumbList\",\"@id\":\"https:\\\/\\\/demkohome.pl\\\/produkt\\\/szafka-rtv-can-can\\\/#breadcrumb\",\"itemListElement\":[{\"@type\":\"ListItem\",\"position\":1,\"name\":\"Strona g\u0142\u00f3wna\",\"item\":\"https:\\\/\\\/demkohome.pl\\\/\"},{\"@type\":\"ListItem\",\"position\":2,\"name\":\"Sklep\",\"item\":\"https:\\\/\\\/demkohome.pl\\\/sklep\\\/\"},{\"@type\":\"ListItem\",\"position\":3,\"name\":\"Szafka RTV Can Can\"}]},{\"@type\":\"WebSite\",\"@id\":\"https:\\\/\\\/demkohome.pl\\\/#website\",\"url\":\"https:\\\/\\\/demkohome.pl\\\/\",\"name\":\"Demko Home\",\"description\":\"Make it simple\",\"publisher\":{\"@id\":\"https:\\\/\\\/demkohome.pl\\\/#organization\"},\"potentialAction\":[{\"@type\":\"SearchAction\",\"target\":{\"@type\":\"EntryPoint\",\"urlTemplate\":\"https:\\\/\\\/demkohome.pl\\\/?s={search_term_string}\"},\"query-input\":{\"@type\":\"PropertyValueSpecification\",\"valueRequired\":true,\"valueName\":\"search_term_string\"}}],\"inLanguage\":\"en-US\"},{\"@type\":\"Organization\",\"@id\":\"https:\\\/\\\/demkohome.pl\\\/#organization\",\"name\":\"Demko Home\",\"url\":\"https:\\\/\\\/demkohome.pl\\\/\",\"logo\":{\"@type\":\"ImageObject\",\"inLanguage\":\"en-US\",\"@id\":\"https:\\\/\\\/demkohome.pl\\\/#\\\/schema\\\/logo\\\/image\\\/\",\"url\":\"https:\\\/\\\/demkohome.pl\\\/wp-content\\\/uploads\\\/2026\\\/03\\\/cropped-3.png\",\"contentUrl\":\"https:\\\/\\\/demkohome.pl\\\/wp-content\\\/uploads\\\/2026\\\/03\\\/cropped-3.png\",\"width\":250,\"height\":63,\"caption\":\"Demko Home\"},\"image\":{\"@id\":\"https:\\\/\\\/demkohome.pl\\\/#\\\/schema\\\/logo\\\/image\\\/\"}}]}<\/script>\n<!-- \/ Yoast SEO plugin. -->","yoast_head_json":{"title":"Szafka RTV Can Can - Demko Home","robots":{"index":"index","follow":"follow","max-snippet":"max-snippet:-1","max-image-preview":"max-image-preview:large","max-video-preview":"max-video-preview:-1"},"canonical":"https:\/\/demkohome.pl\/en\/product\/szafka-rtv-can-can\/","og_locale":"en_US","og_type":"article","og_title":"Szafka RTV Can Can - Demko Home","og_description":"Szafka RTV Can Can San Remo \/ Bia\u0142y \u2013 nowoczesna elegancja i funkcjonalno\u015b\u0107 dla Twojego salonu Odkryj idealne po\u0142\u0105czenie stylu (...)","og_url":"https:\/\/demkohome.pl\/en\/product\/szafka-rtv-can-can\/","og_site_name":"Demko Home","article_modified_time":"2026-04-29T19:20:50+00:00","og_image":[{"width":2560,"height":2560,"url":"https:\/\/demkohome.pl\/wp-content\/uploads\/2025\/05\/CAN-CAN-6-45-646-68-2-DAB_SO-BIALY_SQ-2-scaled.jpg","type":"image\/jpeg"}],"twitter_card":"summary_large_image","twitter_misc":{"Est. reading time":"2 minutes"},"schema":{"@context":"https:\/\/schema.org","@graph":[{"@type":"WebPage","@id":"https:\/\/demkohome.pl\/produkt\/szafka-rtv-can-can\/","url":"https:\/\/demkohome.pl\/produkt\/szafka-rtv-can-can\/","name":"Szafka RTV Can Can - Demko Home","isPartOf":{"@id":"https:\/\/demkohome.pl\/#website"},"primaryImageOfPage":{"@id":"https:\/\/demkohome.pl\/produkt\/szafka-rtv-can-can\/#primaryimage"},"image":{"@id":"https:\/\/demkohome.pl\/produkt\/szafka-rtv-can-can\/#primaryimage"},"thumbnailUrl":"https:\/\/demkohome.pl\/wp-content\/uploads\/2025\/05\/CAN-CAN-6-45-646-68-2-DAB_SO-BIALY_SQ-2-scaled.jpg","datePublished":"2025-05-28T13:59:00+00:00","dateModified":"2026-04-29T19:20:50+00:00","breadcrumb":{"@id":"https:\/\/demkohome.pl\/produkt\/szafka-rtv-can-can\/#breadcrumb"},"inLanguage":"en-US","potentialAction":[{"@type":"ReadAction","target":["https:\/\/demkohome.pl\/produkt\/szafka-rtv-can-can\/"]}]},{"@type":"ImageObject","inLanguage":"en-US","@id":"https:\/\/demkohome.pl\/produkt\/szafka-rtv-can-can\/#primaryimage","url":"https:\/\/demkohome.pl\/wp-content\/uploads\/2025\/05\/CAN-CAN-6-45-646-68-2-DAB_SO-BIALY_SQ-2-scaled.jpg","contentUrl":"https:\/\/demkohome.pl\/wp-content\/uploads\/2025\/05\/CAN-CAN-6-45-646-68-2-DAB_SO-BIALY_SQ-2-scaled.jpg","width":2560,"height":2560},{"@type":"BreadcrumbList","@id":"https:\/\/demkohome.pl\/produkt\/szafka-rtv-can-can\/#breadcrumb","itemListElement":[{"@type":"ListItem","position":1,"name":"Strona g\u0142\u00f3wna","item":"https:\/\/demkohome.pl\/"},{"@type":"ListItem","position":2,"name":"Sklep","item":"https:\/\/demkohome.pl\/sklep\/"},{"@type":"ListItem","position":3,"name":"Szafka RTV Can Can"}]},{"@type":"WebSite","@id":"https:\/\/demkohome.pl\/#website","url":"https:\/\/demkohome.pl\/","name":"Demko Home","description":"Make it simple","publisher":{"@id":"https:\/\/demkohome.pl\/#organization"},"potentialAction":[{"@type":"SearchAction","target":{"@type":"EntryPoint","urlTemplate":"https:\/\/demkohome.pl\/?s={search_term_string}"},"query-input":{"@type":"PropertyValueSpecification","valueRequired":true,"valueName":"search_term_string"}}],"inLanguage":"en-US"},{"@type":"Organization","@id":"https:\/\/demkohome.pl\/#organization","name":"Demko Home","url":"https:\/\/demkohome.pl\/","logo":{"@type":"ImageObject","inLanguage":"en-US","@id":"https:\/\/demkohome.pl\/#\/schema\/logo\/image\/","url":"https:\/\/demkohome.pl\/wp-content\/uploads\/2026\/03\/cropped-3.png","contentUrl":"https:\/\/demkohome.pl\/wp-content\/uploads\/2026\/03\/cropped-3.png","width":250,"height":63,"caption":"Demko Home"},"image":{"@id":"https:\/\/demkohome.pl\/#\/schema\/logo\/image\/"}}]}},"_links":{"self":[{"href":"https:\/\/demkohome.pl\/en\/wp-json\/wp\/v2\/product\/22132","targetHints":{"allow":["GET"]}}],"collection":[{"href":"https:\/\/demkohome.pl\/en\/wp-json\/wp\/v2\/product"}],"about":[{"href":"https:\/\/demkohome.pl\/en\/wp-json\/wp\/v2\/types\/product"}],"replies":[{"embeddable":true,"href":"https:\/\/demkohome.pl\/en\/wp-json\/wp\/v2\/comments?post=22132"}],"wp:featuredmedia":[{"embeddable":true,"href":"https:\/\/demkohome.pl\/en\/wp-json\/wp\/v2\/media\/31963"}],"wp:attachment":[{"href":"https:\/\/demkohome.pl\/en\/wp-json\/wp\/v2\/media?parent=22132"}],"wp:term":[{"taxonomy":"product_brand","embeddable":true,"href":"https:\/\/demkohome.pl\/en\/wp-json\/wp\/v2\/product_brand?post=22132"},{"taxonomy":"product_cat","embeddable":true,"href":"https:\/\/demkohome.pl\/en\/wp-json\/wp\/v2\/product_cat?post=22132"},{"taxonomy":"product_tag","embeddable":true,"href":"https:\/\/demkohome.pl\/en\/wp-json\/wp\/v2\/product_tag?post=22132"}],"curies":[{"name":"wp","href":"https:\/\/api.w.org\/{rel}","templated":true}]}}