{"id":2291,"date":"2023-08-28T13:14:46","date_gmt":"2023-08-28T11:14:46","guid":{"rendered":"https:\/\/demkohome.pl\/produkt\/przedpokoj-bridge\/"},"modified":"2026-04-30T11:44:48","modified_gmt":"2026-04-30T09:44:48","slug":"przedpokoj-bridge","status":"publish","type":"product","link":"https:\/\/demkohome.pl\/en\/product\/przedpokoj-bridge\/","title":{"rendered":"Bridge hallway"},"content":{"rendered":"<div style=\"font-family: 'Noto Sans', sans-serif; font-size: 17px;\">\n<h2>Bridge closet - multifunctionality in unique aesthetics<\/h2>\n<p>The Bridge hallway set (37.5 x 192.5 x 123 cm) is available in two color styles: Sonoma oak with white fronts; and Matera, which add modern style to the home space. The set consists of three pieces:<\/p>\n<ul>\n<li>Spacious mirror (90.4 cm x 77.3 cm).<\/li>\n<li>A capacious dresser with drawers.<\/li>\n<li>An open closet with a rod, two shoe shelves and hangers.<\/li>\n<\/ul>\n<p>The wardrobe closet, located on the right side, is equipped with black hangers to prevent clothes from slipping off and a practical bar for hanging outerwear. The open design of the closet will also facilitate access to coats and jackets, and on rainy days it will help dry clothes faster. The functionality of the closet is complemented by two shelves for shoes.<\/p>\n<p>A large mirror not only allows you to quickly check your appearance before going out, but also optically brightens and enlarges even small rooms. The space below the mirror allows you to put everyday trinkets such as perfume, handbags or keys, making it easier to prepare for going out. The wide drawer below the mirror, allows you to store the most necessary accessories such as umbrellas, hats, gloves or shoe polish. Thanks to it, you will have all the items you need to get ready to go out at your fingertips. Numerous shelves covered behind the doors of the two dresser cabinets provide ample space for storing footwear and are accessible to all household members, including the youngest, guaranteeing comfortable use for the whole family. The color scheme of the set harmonizes perfectly with rooms in traditional, minimalist or Scandinavian style, making the set a universal solution for any hallway.<\/p>\n<h3>One-door chest of drawers with a shelf in composition with additional products from the Vega collection<\/h3>\n<p><img decoding=\"async\" style=\"width: 100%; border-radius: 5px; box-shadow: 0px 0px 5px rgba(0, 0, 0, 0.1); display: block; object-fit: cover; margin-top: 30px; margin-bottom: 30px;\" src=\"https:\/\/demkohome.pl\/wp-content\/uploads\/2024\/04\/Poziome-Aranzacja-Przedpokoj-BRIDGE-G-MATERA-aranzacja-zamknieta-4250006116403.jpg\" alt=\"Zdj\u0119cie 1\" \/><\/p>\n<h3>Ordering and shipping<\/h3>\n<ul>\n<li>The proposal includes the Bridge set: a mirror, a chest of drawers and a closet packed in 3 packages.<\/li>\n<li>Necessary installation accessories with instructions.<\/li>\n<li>We sell the products as a set - individual items are not available separately.<\/li>\n<\/ul>\n<\/div>\n<p>&nbsp;<\/p>","protected":false},"excerpt":{"rendered":"<p>Garderoba Bridge &#8211; wielofunkcyjno\u015b\u0107 w unikalnej estetyce Zestaw do przedpokoju Bridge (37.5 x 192.5 x 123 cm) dost\u0119pny jest w (&#8230;)<\/p>","protected":false},"featured_media":10408,"comment_status":"open","ping_status":"closed","template":"","meta":{"_acf_changed":false,"inline_featured_image":false},"product_brand":[],"product_cat":[27,126],"product_tag":[],"class_list":{"0":"post-2291","1":"product","2":"type-product","3":"status-publish","4":"has-post-thumbnail","6":"product_cat-przedpokoje","7":"product_cat-zestawy-mebli-do-przedpokoju","8":"product_shipping_class-paczka-nst-x-3","9":"collection-bridge","11":"first","12":"instock","13":"shipping-taxable","14":"purchasable","15":"product-type-variable"},"acf":[],"yoast_head":"<!-- This site is optimized with the Yoast SEO plugin v27.4 - https:\/\/yoast.com\/product\/yoast-seo-wordpress\/ -->\n<title>Przedpok\u00f3j Bridge - Demko Home<\/title>\n<meta name=\"robots\" content=\"index, follow, max-snippet:-1, max-image-preview:large, max-video-preview:-1\" \/>\n<link rel=\"canonical\" href=\"https:\/\/demkohome.pl\/en\/product\/przedpokoj-bridge\/\" \/>\n<meta property=\"og:locale\" content=\"en_US\" \/>\n<meta property=\"og:type\" content=\"article\" \/>\n<meta property=\"og:title\" content=\"Przedpok\u00f3j Bridge - Demko Home\" \/>\n<meta property=\"og:description\" content=\"Garderoba Bridge &#8211; wielofunkcyjno\u015b\u0107 w unikalnej estetyce Zestaw do przedpokoju Bridge (37.5 x 192.5 x 123 cm) dost\u0119pny jest w (...)\" \/>\n<meta property=\"og:url\" content=\"https:\/\/demkohome.pl\/en\/product\/przedpokoj-bridge\/\" \/>\n<meta property=\"og:site_name\" content=\"Demko Home\" \/>\n<meta property=\"article:modified_time\" content=\"2026-04-30T09:44:48+00:00\" \/>\n<meta property=\"og:image\" content=\"https:\/\/demkohome.pl\/wp-content\/uploads\/2023\/08\/Garderoba-Bridge-wersja-ciemna-madera-Okmed-Demko.jpg\" \/>\n\t<meta property=\"og:image:width\" content=\"1024\" \/>\n\t<meta property=\"og:image:height\" content=\"1024\" \/>\n\t<meta property=\"og:image:type\" content=\"image\/jpeg\" \/>\n<meta name=\"twitter:card\" content=\"summary_large_image\" \/>\n<meta name=\"twitter:label1\" content=\"Est. reading time\" \/>\n\t<meta name=\"twitter:data1\" content=\"3 minutes\" \/>\n<script type=\"application\/ld+json\" class=\"yoast-schema-graph\">{\"@context\":\"https:\\\/\\\/schema.org\",\"@graph\":[{\"@type\":\"WebPage\",\"@id\":\"https:\\\/\\\/demkohome.pl\\\/produkt\\\/przedpokoj-bridge\\\/\",\"url\":\"https:\\\/\\\/demkohome.pl\\\/produkt\\\/przedpokoj-bridge\\\/\",\"name\":\"Przedpok\u00f3j Bridge - Demko Home\",\"isPartOf\":{\"@id\":\"https:\\\/\\\/demkohome.pl\\\/#website\"},\"primaryImageOfPage\":{\"@id\":\"https:\\\/\\\/demkohome.pl\\\/produkt\\\/przedpokoj-bridge\\\/#primaryimage\"},\"image\":{\"@id\":\"https:\\\/\\\/demkohome.pl\\\/produkt\\\/przedpokoj-bridge\\\/#primaryimage\"},\"thumbnailUrl\":\"https:\\\/\\\/demkohome.pl\\\/wp-content\\\/uploads\\\/2023\\\/08\\\/Garderoba-Bridge-wersja-ciemna-madera-Okmed-Demko.jpg\",\"datePublished\":\"2023-08-28T11:14:46+00:00\",\"dateModified\":\"2026-04-30T09:44:48+00:00\",\"breadcrumb\":{\"@id\":\"https:\\\/\\\/demkohome.pl\\\/produkt\\\/przedpokoj-bridge\\\/#breadcrumb\"},\"inLanguage\":\"en-US\",\"potentialAction\":[{\"@type\":\"ReadAction\",\"target\":[\"https:\\\/\\\/demkohome.pl\\\/produkt\\\/przedpokoj-bridge\\\/\"]}]},{\"@type\":\"ImageObject\",\"inLanguage\":\"en-US\",\"@id\":\"https:\\\/\\\/demkohome.pl\\\/produkt\\\/przedpokoj-bridge\\\/#primaryimage\",\"url\":\"https:\\\/\\\/demkohome.pl\\\/wp-content\\\/uploads\\\/2023\\\/08\\\/Garderoba-Bridge-wersja-ciemna-madera-Okmed-Demko.jpg\",\"contentUrl\":\"https:\\\/\\\/demkohome.pl\\\/wp-content\\\/uploads\\\/2023\\\/08\\\/Garderoba-Bridge-wersja-ciemna-madera-Okmed-Demko.jpg\",\"width\":1024,\"height\":1024,\"caption\":\"Garderoba Bridge wersja ciemna madera Okmed Demko\"},{\"@type\":\"BreadcrumbList\",\"@id\":\"https:\\\/\\\/demkohome.pl\\\/produkt\\\/przedpokoj-bridge\\\/#breadcrumb\",\"itemListElement\":[{\"@type\":\"ListItem\",\"position\":1,\"name\":\"Strona g\u0142\u00f3wna\",\"item\":\"https:\\\/\\\/demkohome.pl\\\/\"},{\"@type\":\"ListItem\",\"position\":2,\"name\":\"Sklep\",\"item\":\"https:\\\/\\\/demkohome.pl\\\/sklep\\\/\"},{\"@type\":\"ListItem\",\"position\":3,\"name\":\"Przedpok\u00f3j Bridge\"}]},{\"@type\":\"WebSite\",\"@id\":\"https:\\\/\\\/demkohome.pl\\\/#website\",\"url\":\"https:\\\/\\\/demkohome.pl\\\/\",\"name\":\"Demko Home\",\"description\":\"Make it simple\",\"publisher\":{\"@id\":\"https:\\\/\\\/demkohome.pl\\\/#organization\"},\"potentialAction\":[{\"@type\":\"SearchAction\",\"target\":{\"@type\":\"EntryPoint\",\"urlTemplate\":\"https:\\\/\\\/demkohome.pl\\\/?s={search_term_string}\"},\"query-input\":{\"@type\":\"PropertyValueSpecification\",\"valueRequired\":true,\"valueName\":\"search_term_string\"}}],\"inLanguage\":\"en-US\"},{\"@type\":\"Organization\",\"@id\":\"https:\\\/\\\/demkohome.pl\\\/#organization\",\"name\":\"Demko Home\",\"url\":\"https:\\\/\\\/demkohome.pl\\\/\",\"logo\":{\"@type\":\"ImageObject\",\"inLanguage\":\"en-US\",\"@id\":\"https:\\\/\\\/demkohome.pl\\\/#\\\/schema\\\/logo\\\/image\\\/\",\"url\":\"https:\\\/\\\/demkohome.pl\\\/wp-content\\\/uploads\\\/2026\\\/03\\\/cropped-3.png\",\"contentUrl\":\"https:\\\/\\\/demkohome.pl\\\/wp-content\\\/uploads\\\/2026\\\/03\\\/cropped-3.png\",\"width\":250,\"height\":63,\"caption\":\"Demko Home\"},\"image\":{\"@id\":\"https:\\\/\\\/demkohome.pl\\\/#\\\/schema\\\/logo\\\/image\\\/\"}}]}<\/script>\n<!-- \/ Yoast SEO plugin. -->","yoast_head_json":{"title":"Przedpok\u00f3j Bridge - Demko Home","robots":{"index":"index","follow":"follow","max-snippet":"max-snippet:-1","max-image-preview":"max-image-preview:large","max-video-preview":"max-video-preview:-1"},"canonical":"https:\/\/demkohome.pl\/en\/product\/przedpokoj-bridge\/","og_locale":"en_US","og_type":"article","og_title":"Przedpok\u00f3j Bridge - Demko Home","og_description":"Garderoba Bridge &#8211; wielofunkcyjno\u015b\u0107 w unikalnej estetyce Zestaw do przedpokoju Bridge (37.5 x 192.5 x 123 cm) dost\u0119pny jest w (...)","og_url":"https:\/\/demkohome.pl\/en\/product\/przedpokoj-bridge\/","og_site_name":"Demko Home","article_modified_time":"2026-04-30T09:44:48+00:00","og_image":[{"width":1024,"height":1024,"url":"https:\/\/demkohome.pl\/wp-content\/uploads\/2023\/08\/Garderoba-Bridge-wersja-ciemna-madera-Okmed-Demko.jpg","type":"image\/jpeg"}],"twitter_card":"summary_large_image","twitter_misc":{"Est. reading time":"3 minutes"},"schema":{"@context":"https:\/\/schema.org","@graph":[{"@type":"WebPage","@id":"https:\/\/demkohome.pl\/produkt\/przedpokoj-bridge\/","url":"https:\/\/demkohome.pl\/produkt\/przedpokoj-bridge\/","name":"Przedpok\u00f3j Bridge - Demko Home","isPartOf":{"@id":"https:\/\/demkohome.pl\/#website"},"primaryImageOfPage":{"@id":"https:\/\/demkohome.pl\/produkt\/przedpokoj-bridge\/#primaryimage"},"image":{"@id":"https:\/\/demkohome.pl\/produkt\/przedpokoj-bridge\/#primaryimage"},"thumbnailUrl":"https:\/\/demkohome.pl\/wp-content\/uploads\/2023\/08\/Garderoba-Bridge-wersja-ciemna-madera-Okmed-Demko.jpg","datePublished":"2023-08-28T11:14:46+00:00","dateModified":"2026-04-30T09:44:48+00:00","breadcrumb":{"@id":"https:\/\/demkohome.pl\/produkt\/przedpokoj-bridge\/#breadcrumb"},"inLanguage":"en-US","potentialAction":[{"@type":"ReadAction","target":["https:\/\/demkohome.pl\/produkt\/przedpokoj-bridge\/"]}]},{"@type":"ImageObject","inLanguage":"en-US","@id":"https:\/\/demkohome.pl\/produkt\/przedpokoj-bridge\/#primaryimage","url":"https:\/\/demkohome.pl\/wp-content\/uploads\/2023\/08\/Garderoba-Bridge-wersja-ciemna-madera-Okmed-Demko.jpg","contentUrl":"https:\/\/demkohome.pl\/wp-content\/uploads\/2023\/08\/Garderoba-Bridge-wersja-ciemna-madera-Okmed-Demko.jpg","width":1024,"height":1024,"caption":"Garderoba Bridge wersja ciemna madera Okmed Demko"},{"@type":"BreadcrumbList","@id":"https:\/\/demkohome.pl\/produkt\/przedpokoj-bridge\/#breadcrumb","itemListElement":[{"@type":"ListItem","position":1,"name":"Strona g\u0142\u00f3wna","item":"https:\/\/demkohome.pl\/"},{"@type":"ListItem","position":2,"name":"Sklep","item":"https:\/\/demkohome.pl\/sklep\/"},{"@type":"ListItem","position":3,"name":"Przedpok\u00f3j Bridge"}]},{"@type":"WebSite","@id":"https:\/\/demkohome.pl\/#website","url":"https:\/\/demkohome.pl\/","name":"Demko Home","description":"Make it simple","publisher":{"@id":"https:\/\/demkohome.pl\/#organization"},"potentialAction":[{"@type":"SearchAction","target":{"@type":"EntryPoint","urlTemplate":"https:\/\/demkohome.pl\/?s={search_term_string}"},"query-input":{"@type":"PropertyValueSpecification","valueRequired":true,"valueName":"search_term_string"}}],"inLanguage":"en-US"},{"@type":"Organization","@id":"https:\/\/demkohome.pl\/#organization","name":"Demko Home","url":"https:\/\/demkohome.pl\/","logo":{"@type":"ImageObject","inLanguage":"en-US","@id":"https:\/\/demkohome.pl\/#\/schema\/logo\/image\/","url":"https:\/\/demkohome.pl\/wp-content\/uploads\/2026\/03\/cropped-3.png","contentUrl":"https:\/\/demkohome.pl\/wp-content\/uploads\/2026\/03\/cropped-3.png","width":250,"height":63,"caption":"Demko Home"},"image":{"@id":"https:\/\/demkohome.pl\/#\/schema\/logo\/image\/"}}]}},"_links":{"self":[{"href":"https:\/\/demkohome.pl\/en\/wp-json\/wp\/v2\/product\/2291","targetHints":{"allow":["GET"]}}],"collection":[{"href":"https:\/\/demkohome.pl\/en\/wp-json\/wp\/v2\/product"}],"about":[{"href":"https:\/\/demkohome.pl\/en\/wp-json\/wp\/v2\/types\/product"}],"replies":[{"embeddable":true,"href":"https:\/\/demkohome.pl\/en\/wp-json\/wp\/v2\/comments?post=2291"}],"wp:featuredmedia":[{"embeddable":true,"href":"https:\/\/demkohome.pl\/en\/wp-json\/wp\/v2\/media\/10408"}],"wp:attachment":[{"href":"https:\/\/demkohome.pl\/en\/wp-json\/wp\/v2\/media?parent=2291"}],"wp:term":[{"taxonomy":"product_brand","embeddable":true,"href":"https:\/\/demkohome.pl\/en\/wp-json\/wp\/v2\/product_brand?post=2291"},{"taxonomy":"product_cat","embeddable":true,"href":"https:\/\/demkohome.pl\/en\/wp-json\/wp\/v2\/product_cat?post=2291"},{"taxonomy":"product_tag","embeddable":true,"href":"https:\/\/demkohome.pl\/en\/wp-json\/wp\/v2\/product_tag?post=2291"}],"curies":[{"name":"wp","href":"https:\/\/api.w.org\/{rel}","templated":true}]}}