{"id":23077,"date":"2025-05-21T11:36:25","date_gmt":"2025-05-21T09:36:25","guid":{"rendered":"https:\/\/demkohome.pl\/?post_type=product&#038;p=23077"},"modified":"2025-12-05T09:31:12","modified_gmt":"2025-12-05T08:31:12","slug":"lozko-basic-200x200cm","status":"publish","type":"product","link":"https:\/\/demkohome.pl\/en\/product\/lozko-basic-200x200cm\/","title":{"rendered":"Basic bed 200x200cm"},"content":{"rendered":"<h3 data-start=\"0\" data-end=\"56\">Basic bed - elegance and comfort in your bedroom<\/h3>\n<p data-start=\"58\" data-end=\"477\">The Basic bed is an option for people who are looking for a combination of modern style and everyday comfort. Its simple and elegant form makes it fit perfectly into any interior design, from classic to modern. The high, upholstered headrest in a fashionable bottle-green color not only adds a unique character to the interior, but also provides comfortable support during reading or evening rest.<\/p>\n<p data-start=\"479\" data-end=\"851\">The bed's solid construction guarantees durability and stability, while the soft-to-the-touch upholstery fabric gives it a cozy, elegant look. Thanks to its universal design, the Basic bed blends perfectly with a variety of accessories, creating a cohesive and stylish bedroom space. It is an ideal choice for those who appreciate comfort, functionality and timeless furniture design.<\/p>\n<p data-start=\"853\" data-end=\"934\">The Basic bed is an investment in comfortable sleep and beautiful design for your bedroom.<\/p>\n<p data-start=\"853\" data-end=\"934\"><img loading=\"lazy\" decoding=\"async\" class=\"alignnone wp-image-180539 size-full\" src=\"https:\/\/demkohome.pl\/wp-content\/uploads\/2025\/09\/MAGIC-VELVET-2221-1.jpg\" alt=\"\" width=\"1469\" height=\"979\" srcset=\"https:\/\/demkohome.pl\/wp-content\/uploads\/2025\/09\/MAGIC-VELVET-2221-1.jpg 1469w, https:\/\/demkohome.pl\/wp-content\/uploads\/2025\/09\/MAGIC-VELVET-2221-1-300x200.jpg 300w, https:\/\/demkohome.pl\/wp-content\/uploads\/2025\/09\/MAGIC-VELVET-2221-1-1024x682.jpg 1024w, https:\/\/demkohome.pl\/wp-content\/uploads\/2025\/09\/MAGIC-VELVET-2221-1-768x512.jpg 768w, https:\/\/demkohome.pl\/wp-content\/uploads\/2025\/09\/MAGIC-VELVET-2221-1-18x12.jpg 18w, https:\/\/demkohome.pl\/wp-content\/uploads\/2025\/09\/MAGIC-VELVET-2221-1-600x400.jpg 600w\" sizes=\"auto, (max-width: 1469px) 100vw, 1469px\" \/><\/p>","protected":false},"excerpt":{"rendered":"<p>\u0141\u00f3\u017cko Basic \u2013 elegancja i wygoda w Twojej sypialni \u0141\u00f3\u017cko Basic to propozycja dla os\u00f3b, kt\u00f3re poszukuj\u0105 po\u0142\u0105czenia nowoczesnego stylu (&#8230;)<\/p>","protected":false},"featured_media":180535,"comment_status":"open","ping_status":"closed","template":"","meta":{"_acf_changed":false,"inline_featured_image":false},"product_brand":[],"product_cat":[433,144,139],"product_tag":[],"class_list":{"0":"post-23077","1":"product","2":"type-product","3":"status-publish","4":"has-post-thumbnail","6":"product_cat-lozka","7":"product_cat-pokoj","8":"product_cat-pomieszczenia","9":"product_shipping_class-sofy-3os","11":"first","12":"instock","13":"shipping-taxable","14":"purchasable","15":"product-type-variable"},"acf":[],"yoast_head":"<!-- This site is optimized with the Yoast SEO plugin v27.4 - https:\/\/yoast.com\/product\/yoast-seo-wordpress\/ -->\n<title>\u0141\u00f3\u017cko Basic 200x200cm - Demko Home<\/title>\n<meta name=\"robots\" content=\"index, follow, max-snippet:-1, max-image-preview:large, max-video-preview:-1\" \/>\n<link rel=\"canonical\" href=\"https:\/\/demkohome.pl\/en\/product\/lozko-basic-200x200cm\/\" \/>\n<meta property=\"og:locale\" content=\"en_US\" \/>\n<meta property=\"og:type\" content=\"article\" \/>\n<meta property=\"og:title\" content=\"\u0141\u00f3\u017cko Basic 200x200cm - Demko Home\" \/>\n<meta property=\"og:description\" content=\"\u0141\u00f3\u017cko Basic \u2013 elegancja i wygoda w Twojej sypialni \u0141\u00f3\u017cko Basic to propozycja dla os\u00f3b, kt\u00f3re poszukuj\u0105 po\u0142\u0105czenia nowoczesnego stylu (...)\" \/>\n<meta property=\"og:url\" content=\"https:\/\/demkohome.pl\/en\/product\/lozko-basic-200x200cm\/\" \/>\n<meta property=\"og:site_name\" content=\"Demko Home\" \/>\n<meta property=\"article:modified_time\" content=\"2025-12-05T08:31:12+00:00\" \/>\n<meta property=\"og:image\" content=\"https:\/\/demkohome.pl\/wp-content\/uploads\/2025\/09\/1756981171075.png\" \/>\n\t<meta property=\"og:image:width\" content=\"1248\" \/>\n\t<meta property=\"og:image:height\" content=\"832\" \/>\n\t<meta property=\"og:image:type\" content=\"image\/png\" \/>\n<meta name=\"twitter:card\" content=\"summary_large_image\" \/>\n<meta name=\"twitter:label1\" content=\"Est. reading time\" \/>\n\t<meta name=\"twitter:data1\" content=\"2 minutes\" \/>\n<script type=\"application\/ld+json\" class=\"yoast-schema-graph\">{\"@context\":\"https:\\\/\\\/schema.org\",\"@graph\":[{\"@type\":\"WebPage\",\"@id\":\"https:\\\/\\\/demkohome.pl\\\/produkt\\\/lozko-basic-200x200cm\\\/\",\"url\":\"https:\\\/\\\/demkohome.pl\\\/produkt\\\/lozko-basic-200x200cm\\\/\",\"name\":\"\u0141\u00f3\u017cko Basic 200x200cm - Demko Home\",\"isPartOf\":{\"@id\":\"https:\\\/\\\/demkohome.pl\\\/#website\"},\"primaryImageOfPage\":{\"@id\":\"https:\\\/\\\/demkohome.pl\\\/produkt\\\/lozko-basic-200x200cm\\\/#primaryimage\"},\"image\":{\"@id\":\"https:\\\/\\\/demkohome.pl\\\/produkt\\\/lozko-basic-200x200cm\\\/#primaryimage\"},\"thumbnailUrl\":\"https:\\\/\\\/demkohome.pl\\\/wp-content\\\/uploads\\\/2025\\\/09\\\/1756981171075.png\",\"datePublished\":\"2025-05-21T09:36:25+00:00\",\"dateModified\":\"2025-12-05T08:31:12+00:00\",\"breadcrumb\":{\"@id\":\"https:\\\/\\\/demkohome.pl\\\/produkt\\\/lozko-basic-200x200cm\\\/#breadcrumb\"},\"inLanguage\":\"en-US\",\"potentialAction\":[{\"@type\":\"ReadAction\",\"target\":[\"https:\\\/\\\/demkohome.pl\\\/produkt\\\/lozko-basic-200x200cm\\\/\"]}]},{\"@type\":\"ImageObject\",\"inLanguage\":\"en-US\",\"@id\":\"https:\\\/\\\/demkohome.pl\\\/produkt\\\/lozko-basic-200x200cm\\\/#primaryimage\",\"url\":\"https:\\\/\\\/demkohome.pl\\\/wp-content\\\/uploads\\\/2025\\\/09\\\/1756981171075.png\",\"contentUrl\":\"https:\\\/\\\/demkohome.pl\\\/wp-content\\\/uploads\\\/2025\\\/09\\\/1756981171075.png\",\"width\":1248,\"height\":832},{\"@type\":\"BreadcrumbList\",\"@id\":\"https:\\\/\\\/demkohome.pl\\\/produkt\\\/lozko-basic-200x200cm\\\/#breadcrumb\",\"itemListElement\":[{\"@type\":\"ListItem\",\"position\":1,\"name\":\"Strona g\u0142\u00f3wna\",\"item\":\"https:\\\/\\\/demkohome.pl\\\/\"},{\"@type\":\"ListItem\",\"position\":2,\"name\":\"Sklep\",\"item\":\"https:\\\/\\\/demkohome.pl\\\/sklep\\\/\"},{\"@type\":\"ListItem\",\"position\":3,\"name\":\"\u0141\u00f3\u017cko Basic 200x200cm\"}]},{\"@type\":\"WebSite\",\"@id\":\"https:\\\/\\\/demkohome.pl\\\/#website\",\"url\":\"https:\\\/\\\/demkohome.pl\\\/\",\"name\":\"Demko Home\",\"description\":\"Make it simple\",\"publisher\":{\"@id\":\"https:\\\/\\\/demkohome.pl\\\/#organization\"},\"potentialAction\":[{\"@type\":\"SearchAction\",\"target\":{\"@type\":\"EntryPoint\",\"urlTemplate\":\"https:\\\/\\\/demkohome.pl\\\/?s={search_term_string}\"},\"query-input\":{\"@type\":\"PropertyValueSpecification\",\"valueRequired\":true,\"valueName\":\"search_term_string\"}}],\"inLanguage\":\"en-US\"},{\"@type\":\"Organization\",\"@id\":\"https:\\\/\\\/demkohome.pl\\\/#organization\",\"name\":\"Demko Home\",\"url\":\"https:\\\/\\\/demkohome.pl\\\/\",\"logo\":{\"@type\":\"ImageObject\",\"inLanguage\":\"en-US\",\"@id\":\"https:\\\/\\\/demkohome.pl\\\/#\\\/schema\\\/logo\\\/image\\\/\",\"url\":\"https:\\\/\\\/demkohome.pl\\\/wp-content\\\/uploads\\\/2026\\\/03\\\/cropped-3.png\",\"contentUrl\":\"https:\\\/\\\/demkohome.pl\\\/wp-content\\\/uploads\\\/2026\\\/03\\\/cropped-3.png\",\"width\":250,\"height\":63,\"caption\":\"Demko Home\"},\"image\":{\"@id\":\"https:\\\/\\\/demkohome.pl\\\/#\\\/schema\\\/logo\\\/image\\\/\"}}]}<\/script>\n<!-- \/ Yoast SEO plugin. -->","yoast_head_json":{"title":"\u0141\u00f3\u017cko Basic 200x200cm - Demko Home","robots":{"index":"index","follow":"follow","max-snippet":"max-snippet:-1","max-image-preview":"max-image-preview:large","max-video-preview":"max-video-preview:-1"},"canonical":"https:\/\/demkohome.pl\/en\/product\/lozko-basic-200x200cm\/","og_locale":"en_US","og_type":"article","og_title":"\u0141\u00f3\u017cko Basic 200x200cm - Demko Home","og_description":"\u0141\u00f3\u017cko Basic \u2013 elegancja i wygoda w Twojej sypialni \u0141\u00f3\u017cko Basic to propozycja dla os\u00f3b, kt\u00f3re poszukuj\u0105 po\u0142\u0105czenia nowoczesnego stylu (...)","og_url":"https:\/\/demkohome.pl\/en\/product\/lozko-basic-200x200cm\/","og_site_name":"Demko Home","article_modified_time":"2025-12-05T08:31:12+00:00","og_image":[{"width":1248,"height":832,"url":"https:\/\/demkohome.pl\/wp-content\/uploads\/2025\/09\/1756981171075.png","type":"image\/png"}],"twitter_card":"summary_large_image","twitter_misc":{"Est. reading time":"2 minutes"},"schema":{"@context":"https:\/\/schema.org","@graph":[{"@type":"WebPage","@id":"https:\/\/demkohome.pl\/produkt\/lozko-basic-200x200cm\/","url":"https:\/\/demkohome.pl\/produkt\/lozko-basic-200x200cm\/","name":"\u0141\u00f3\u017cko Basic 200x200cm - Demko Home","isPartOf":{"@id":"https:\/\/demkohome.pl\/#website"},"primaryImageOfPage":{"@id":"https:\/\/demkohome.pl\/produkt\/lozko-basic-200x200cm\/#primaryimage"},"image":{"@id":"https:\/\/demkohome.pl\/produkt\/lozko-basic-200x200cm\/#primaryimage"},"thumbnailUrl":"https:\/\/demkohome.pl\/wp-content\/uploads\/2025\/09\/1756981171075.png","datePublished":"2025-05-21T09:36:25+00:00","dateModified":"2025-12-05T08:31:12+00:00","breadcrumb":{"@id":"https:\/\/demkohome.pl\/produkt\/lozko-basic-200x200cm\/#breadcrumb"},"inLanguage":"en-US","potentialAction":[{"@type":"ReadAction","target":["https:\/\/demkohome.pl\/produkt\/lozko-basic-200x200cm\/"]}]},{"@type":"ImageObject","inLanguage":"en-US","@id":"https:\/\/demkohome.pl\/produkt\/lozko-basic-200x200cm\/#primaryimage","url":"https:\/\/demkohome.pl\/wp-content\/uploads\/2025\/09\/1756981171075.png","contentUrl":"https:\/\/demkohome.pl\/wp-content\/uploads\/2025\/09\/1756981171075.png","width":1248,"height":832},{"@type":"BreadcrumbList","@id":"https:\/\/demkohome.pl\/produkt\/lozko-basic-200x200cm\/#breadcrumb","itemListElement":[{"@type":"ListItem","position":1,"name":"Strona g\u0142\u00f3wna","item":"https:\/\/demkohome.pl\/"},{"@type":"ListItem","position":2,"name":"Sklep","item":"https:\/\/demkohome.pl\/sklep\/"},{"@type":"ListItem","position":3,"name":"\u0141\u00f3\u017cko Basic 200x200cm"}]},{"@type":"WebSite","@id":"https:\/\/demkohome.pl\/#website","url":"https:\/\/demkohome.pl\/","name":"Demko Home","description":"Make it simple","publisher":{"@id":"https:\/\/demkohome.pl\/#organization"},"potentialAction":[{"@type":"SearchAction","target":{"@type":"EntryPoint","urlTemplate":"https:\/\/demkohome.pl\/?s={search_term_string}"},"query-input":{"@type":"PropertyValueSpecification","valueRequired":true,"valueName":"search_term_string"}}],"inLanguage":"en-US"},{"@type":"Organization","@id":"https:\/\/demkohome.pl\/#organization","name":"Demko Home","url":"https:\/\/demkohome.pl\/","logo":{"@type":"ImageObject","inLanguage":"en-US","@id":"https:\/\/demkohome.pl\/#\/schema\/logo\/image\/","url":"https:\/\/demkohome.pl\/wp-content\/uploads\/2026\/03\/cropped-3.png","contentUrl":"https:\/\/demkohome.pl\/wp-content\/uploads\/2026\/03\/cropped-3.png","width":250,"height":63,"caption":"Demko Home"},"image":{"@id":"https:\/\/demkohome.pl\/#\/schema\/logo\/image\/"}}]}},"_links":{"self":[{"href":"https:\/\/demkohome.pl\/en\/wp-json\/wp\/v2\/product\/23077","targetHints":{"allow":["GET"]}}],"collection":[{"href":"https:\/\/demkohome.pl\/en\/wp-json\/wp\/v2\/product"}],"about":[{"href":"https:\/\/demkohome.pl\/en\/wp-json\/wp\/v2\/types\/product"}],"replies":[{"embeddable":true,"href":"https:\/\/demkohome.pl\/en\/wp-json\/wp\/v2\/comments?post=23077"}],"wp:featuredmedia":[{"embeddable":true,"href":"https:\/\/demkohome.pl\/en\/wp-json\/wp\/v2\/media\/180535"}],"wp:attachment":[{"href":"https:\/\/demkohome.pl\/en\/wp-json\/wp\/v2\/media?parent=23077"}],"wp:term":[{"taxonomy":"product_brand","embeddable":true,"href":"https:\/\/demkohome.pl\/en\/wp-json\/wp\/v2\/product_brand?post=23077"},{"taxonomy":"product_cat","embeddable":true,"href":"https:\/\/demkohome.pl\/en\/wp-json\/wp\/v2\/product_cat?post=23077"},{"taxonomy":"product_tag","embeddable":true,"href":"https:\/\/demkohome.pl\/en\/wp-json\/wp\/v2\/product_tag?post=23077"}],"curies":[{"name":"wp","href":"https:\/\/api.w.org\/{rel}","templated":true}]}}