{"id":2308,"date":"2023-08-28T13:14:48","date_gmt":"2023-08-28T11:14:48","guid":{"rendered":"https:\/\/demkohome.pl\/produkt\/biurko-primus-1\/"},"modified":"2026-04-20T03:29:31","modified_gmt":"2026-04-20T01:29:31","slug":"biurko-szuflada-na-klucz-prymus-1","status":"publish","type":"product","link":"https:\/\/demkohome.pl\/en\/product\/biurko-szuflada-na-klucz-prymus-1\/","title":{"rendered":"Prymus 1 desk"},"content":{"rendered":"<div style=\"font-family: 'Noto Sans', sans-serif; font-size: 17px;\">\n<h2>Desk with key drawer<\/h2>\n<p>Prymus 1 (110 x 75 x 65 cm) is a functional desk that will add a unique style to your room, office, study or studio. Available in two color versions: classic white and shades of Sonoma oak, it will perfectly suit both classic arrangements and more modern ones. In addition to a practical top with ample working space, the desk has 3 capacious drawers for organizing documents, books and the most necessary accessories. In addition, the first of the drawers has a built-in lock, with a key lock option - allowing you to store valuable or confidential items. Thanks to its solid, stable construction made of 16 mm thick wood-based laminated board, the Primus 1 desk guarantees reliability for many seasons. The open design of the desk, without a built-in back, guarantees users freedom of movement and comfort while working. As a result, the legs are not restricted or pressed into the desk panels, ensuring comfort even during prolonged work. In addition, refined details such as milled drawer fronts, precise finishing, and durable ball slides affect the high practicality of the furniture, its ergonomics and comfort of use. Desk Prymus 1 - in other words, a combination of functionality, style and quality, which will meet the expectations of even the most demanding users.<\/p>\n<h3>White desk or brown desk? Which variant suits you better?<\/h3>\n<p>The Prymus 1 desk was deliberately designed in two color arrangements, white and brown: Sonoma Oak, to meet the aesthetic expectations of both children and adults. The white desk was created with girls in mind. The furniture fits perfectly into bright and delicate children's rooms, adding charm and elegance. The Sonoma oak-colored variant, on the other hand, was created for universal room decoration, which suits both boys' rooms and more neutral interiors. Regardless of the choice of color scheme, the Prymus 1 desk is the perfect place to study, work at the computer or perform a variety of office duties.<\/p>\n<div class=\"container\">\n<div class=\"row\">\n<h3>Order and delivery<\/h3>\n<p>The offer includes:<\/p>\n<ul>\n<li>Prymus 1 desk delivered in two packages<\/li>\n<li>Instructions and accessories necessary for self-assembly at home<\/li>\n<\/ul>\n<\/div>\n<\/div>\n<\/div>","protected":false},"excerpt":{"rendered":"<p>Biurko z szuflad\u0105 na klucz Prymus 1 (110 x 75 x 65 cm) to funkcjonalne biurko, kt\u00f3re nada unikalnego stylu (&#8230;)<\/p>","protected":false},"featured_media":12026,"comment_status":"open","ping_status":"closed","template":"","meta":{"_acf_changed":false,"inline_featured_image":false},"product_brand":[],"product_cat":[134,145,121,133,137,144,139],"product_tag":[],"class_list":{"0":"post-2308","1":"product","2":"type-product","3":"status-publish","4":"has-post-thumbnail","6":"product_cat-biurka","7":"product_cat-biuro","8":"product_cat-garderoby-do-przedpokoju","9":"product_cat-meble-biurowe","10":"product_cat-meble-systemowe","11":"product_cat-pokoj","12":"product_cat-pomieszczenia","13":"product_shipping_class-paczka-nst-paczka-st","14":"collection-back-to-study","15":"collection-prymus","17":"first","18":"instock","19":"shipping-taxable","20":"purchasable","21":"product-type-variable"},"acf":[],"yoast_head":"<!-- This site is optimized with the Yoast SEO plugin v27.4 - https:\/\/yoast.com\/product\/yoast-seo-wordpress\/ -->\n<title>Biurko Prymus 1 - Demko Home<\/title>\n<meta name=\"robots\" content=\"index, follow, max-snippet:-1, max-image-preview:large, max-video-preview:-1\" \/>\n<link rel=\"canonical\" href=\"https:\/\/demkohome.pl\/en\/product\/biurko-szuflada-na-klucz-prymus-1\/\" \/>\n<meta property=\"og:locale\" content=\"en_US\" \/>\n<meta property=\"og:type\" content=\"article\" \/>\n<meta property=\"og:title\" content=\"Biurko Prymus 1 - Demko Home\" \/>\n<meta property=\"og:description\" content=\"Biurko z szuflad\u0105 na klucz Prymus 1 (110 x 75 x 65 cm) to funkcjonalne biurko, kt\u00f3re nada unikalnego stylu (...)\" \/>\n<meta property=\"og:url\" content=\"https:\/\/demkohome.pl\/en\/product\/biurko-szuflada-na-klucz-prymus-1\/\" \/>\n<meta property=\"og:site_name\" content=\"Demko Home\" \/>\n<meta property=\"article:modified_time\" content=\"2026-04-20T01:29:31+00:00\" \/>\n<meta property=\"og:image\" content=\"https:\/\/demkohome.pl\/wp-content\/uploads\/2023\/08\/DSC01975a-1-e1723639836340.jpg\" \/>\n\t<meta property=\"og:image:width\" content=\"1646\" \/>\n\t<meta property=\"og:image:height\" content=\"1284\" \/>\n\t<meta property=\"og:image:type\" content=\"image\/jpeg\" \/>\n<meta name=\"twitter:card\" content=\"summary_large_image\" \/>\n<meta name=\"twitter:label1\" content=\"Est. reading time\" \/>\n\t<meta name=\"twitter:data1\" content=\"3 minutes\" \/>\n<script type=\"application\/ld+json\" class=\"yoast-schema-graph\">{\"@context\":\"https:\\\/\\\/schema.org\",\"@graph\":[{\"@type\":\"WebPage\",\"@id\":\"https:\\\/\\\/demkohome.pl\\\/produkt\\\/biurko-szuflada-na-klucz-prymus-1\\\/\",\"url\":\"https:\\\/\\\/demkohome.pl\\\/produkt\\\/biurko-szuflada-na-klucz-prymus-1\\\/\",\"name\":\"Biurko Prymus 1 - Demko Home\",\"isPartOf\":{\"@id\":\"https:\\\/\\\/demkohome.pl\\\/#website\"},\"primaryImageOfPage\":{\"@id\":\"https:\\\/\\\/demkohome.pl\\\/produkt\\\/biurko-szuflada-na-klucz-prymus-1\\\/#primaryimage\"},\"image\":{\"@id\":\"https:\\\/\\\/demkohome.pl\\\/produkt\\\/biurko-szuflada-na-klucz-prymus-1\\\/#primaryimage\"},\"thumbnailUrl\":\"https:\\\/\\\/demkohome.pl\\\/wp-content\\\/uploads\\\/2023\\\/08\\\/DSC01975a-1-e1723639836340.jpg\",\"datePublished\":\"2023-08-28T11:14:48+00:00\",\"dateModified\":\"2026-04-20T01:29:31+00:00\",\"breadcrumb\":{\"@id\":\"https:\\\/\\\/demkohome.pl\\\/produkt\\\/biurko-szuflada-na-klucz-prymus-1\\\/#breadcrumb\"},\"inLanguage\":\"en-US\",\"potentialAction\":[{\"@type\":\"ReadAction\",\"target\":[\"https:\\\/\\\/demkohome.pl\\\/produkt\\\/biurko-szuflada-na-klucz-prymus-1\\\/\"]}]},{\"@type\":\"ImageObject\",\"inLanguage\":\"en-US\",\"@id\":\"https:\\\/\\\/demkohome.pl\\\/produkt\\\/biurko-szuflada-na-klucz-prymus-1\\\/#primaryimage\",\"url\":\"https:\\\/\\\/demkohome.pl\\\/wp-content\\\/uploads\\\/2023\\\/08\\\/DSC01975a-1-e1723639836340.jpg\",\"contentUrl\":\"https:\\\/\\\/demkohome.pl\\\/wp-content\\\/uploads\\\/2023\\\/08\\\/DSC01975a-1-e1723639836340.jpg\",\"width\":1646,\"height\":1284,\"caption\":\"Bia\u0142e biurko dla dziewczynki Primus 1 z szuflada na klucz i i p\u00f3\u0142k\u0105 kolor biel Okmed Demko\"},{\"@type\":\"BreadcrumbList\",\"@id\":\"https:\\\/\\\/demkohome.pl\\\/produkt\\\/biurko-szuflada-na-klucz-prymus-1\\\/#breadcrumb\",\"itemListElement\":[{\"@type\":\"ListItem\",\"position\":1,\"name\":\"Strona g\u0142\u00f3wna\",\"item\":\"https:\\\/\\\/demkohome.pl\\\/\"},{\"@type\":\"ListItem\",\"position\":2,\"name\":\"Sklep\",\"item\":\"https:\\\/\\\/demkohome.pl\\\/sklep\\\/\"},{\"@type\":\"ListItem\",\"position\":3,\"name\":\"Biurko Prymus 1\"}]},{\"@type\":\"WebSite\",\"@id\":\"https:\\\/\\\/demkohome.pl\\\/#website\",\"url\":\"https:\\\/\\\/demkohome.pl\\\/\",\"name\":\"Demko Home\",\"description\":\"Make it simple\",\"publisher\":{\"@id\":\"https:\\\/\\\/demkohome.pl\\\/#organization\"},\"potentialAction\":[{\"@type\":\"SearchAction\",\"target\":{\"@type\":\"EntryPoint\",\"urlTemplate\":\"https:\\\/\\\/demkohome.pl\\\/?s={search_term_string}\"},\"query-input\":{\"@type\":\"PropertyValueSpecification\",\"valueRequired\":true,\"valueName\":\"search_term_string\"}}],\"inLanguage\":\"en-US\"},{\"@type\":\"Organization\",\"@id\":\"https:\\\/\\\/demkohome.pl\\\/#organization\",\"name\":\"Demko Home\",\"url\":\"https:\\\/\\\/demkohome.pl\\\/\",\"logo\":{\"@type\":\"ImageObject\",\"inLanguage\":\"en-US\",\"@id\":\"https:\\\/\\\/demkohome.pl\\\/#\\\/schema\\\/logo\\\/image\\\/\",\"url\":\"https:\\\/\\\/demkohome.pl\\\/wp-content\\\/uploads\\\/2026\\\/03\\\/cropped-3.png\",\"contentUrl\":\"https:\\\/\\\/demkohome.pl\\\/wp-content\\\/uploads\\\/2026\\\/03\\\/cropped-3.png\",\"width\":250,\"height\":63,\"caption\":\"Demko Home\"},\"image\":{\"@id\":\"https:\\\/\\\/demkohome.pl\\\/#\\\/schema\\\/logo\\\/image\\\/\"}}]}<\/script>\n<!-- \/ Yoast SEO plugin. -->","yoast_head_json":{"title":"Prymus 1 desk - Demko Home","robots":{"index":"index","follow":"follow","max-snippet":"max-snippet:-1","max-image-preview":"max-image-preview:large","max-video-preview":"max-video-preview:-1"},"canonical":"https:\/\/demkohome.pl\/en\/product\/biurko-szuflada-na-klucz-prymus-1\/","og_locale":"en_US","og_type":"article","og_title":"Biurko Prymus 1 - Demko Home","og_description":"Biurko z szuflad\u0105 na klucz Prymus 1 (110 x 75 x 65 cm) to funkcjonalne biurko, kt\u00f3re nada unikalnego stylu (...)","og_url":"https:\/\/demkohome.pl\/en\/product\/biurko-szuflada-na-klucz-prymus-1\/","og_site_name":"Demko Home","article_modified_time":"2026-04-20T01:29:31+00:00","og_image":[{"width":1646,"height":1284,"url":"https:\/\/demkohome.pl\/wp-content\/uploads\/2023\/08\/DSC01975a-1-e1723639836340.jpg","type":"image\/jpeg"}],"twitter_card":"summary_large_image","twitter_misc":{"Est. reading time":"3 minutes"},"schema":{"@context":"https:\/\/schema.org","@graph":[{"@type":"WebPage","@id":"https:\/\/demkohome.pl\/produkt\/biurko-szuflada-na-klucz-prymus-1\/","url":"https:\/\/demkohome.pl\/produkt\/biurko-szuflada-na-klucz-prymus-1\/","name":"Prymus 1 desk - Demko Home","isPartOf":{"@id":"https:\/\/demkohome.pl\/#website"},"primaryImageOfPage":{"@id":"https:\/\/demkohome.pl\/produkt\/biurko-szuflada-na-klucz-prymus-1\/#primaryimage"},"image":{"@id":"https:\/\/demkohome.pl\/produkt\/biurko-szuflada-na-klucz-prymus-1\/#primaryimage"},"thumbnailUrl":"https:\/\/demkohome.pl\/wp-content\/uploads\/2023\/08\/DSC01975a-1-e1723639836340.jpg","datePublished":"2023-08-28T11:14:48+00:00","dateModified":"2026-04-20T01:29:31+00:00","breadcrumb":{"@id":"https:\/\/demkohome.pl\/produkt\/biurko-szuflada-na-klucz-prymus-1\/#breadcrumb"},"inLanguage":"en-US","potentialAction":[{"@type":"ReadAction","target":["https:\/\/demkohome.pl\/produkt\/biurko-szuflada-na-klucz-prymus-1\/"]}]},{"@type":"ImageObject","inLanguage":"en-US","@id":"https:\/\/demkohome.pl\/produkt\/biurko-szuflada-na-klucz-prymus-1\/#primaryimage","url":"https:\/\/demkohome.pl\/wp-content\/uploads\/2023\/08\/DSC01975a-1-e1723639836340.jpg","contentUrl":"https:\/\/demkohome.pl\/wp-content\/uploads\/2023\/08\/DSC01975a-1-e1723639836340.jpg","width":1646,"height":1284,"caption":"Bia\u0142e biurko dla dziewczynki Primus 1 z szuflada na klucz i i p\u00f3\u0142k\u0105 kolor biel Okmed Demko"},{"@type":"BreadcrumbList","@id":"https:\/\/demkohome.pl\/produkt\/biurko-szuflada-na-klucz-prymus-1\/#breadcrumb","itemListElement":[{"@type":"ListItem","position":1,"name":"Strona g\u0142\u00f3wna","item":"https:\/\/demkohome.pl\/"},{"@type":"ListItem","position":2,"name":"Sklep","item":"https:\/\/demkohome.pl\/sklep\/"},{"@type":"ListItem","position":3,"name":"Biurko Prymus 1"}]},{"@type":"WebSite","@id":"https:\/\/demkohome.pl\/#website","url":"https:\/\/demkohome.pl\/","name":"Demko Home","description":"Make it simple","publisher":{"@id":"https:\/\/demkohome.pl\/#organization"},"potentialAction":[{"@type":"SearchAction","target":{"@type":"EntryPoint","urlTemplate":"https:\/\/demkohome.pl\/?s={search_term_string}"},"query-input":{"@type":"PropertyValueSpecification","valueRequired":true,"valueName":"search_term_string"}}],"inLanguage":"en-US"},{"@type":"Organization","@id":"https:\/\/demkohome.pl\/#organization","name":"Demko Home","url":"https:\/\/demkohome.pl\/","logo":{"@type":"ImageObject","inLanguage":"en-US","@id":"https:\/\/demkohome.pl\/#\/schema\/logo\/image\/","url":"https:\/\/demkohome.pl\/wp-content\/uploads\/2026\/03\/cropped-3.png","contentUrl":"https:\/\/demkohome.pl\/wp-content\/uploads\/2026\/03\/cropped-3.png","width":250,"height":63,"caption":"Demko Home"},"image":{"@id":"https:\/\/demkohome.pl\/#\/schema\/logo\/image\/"}}]}},"_links":{"self":[{"href":"https:\/\/demkohome.pl\/en\/wp-json\/wp\/v2\/product\/2308","targetHints":{"allow":["GET"]}}],"collection":[{"href":"https:\/\/demkohome.pl\/en\/wp-json\/wp\/v2\/product"}],"about":[{"href":"https:\/\/demkohome.pl\/en\/wp-json\/wp\/v2\/types\/product"}],"replies":[{"embeddable":true,"href":"https:\/\/demkohome.pl\/en\/wp-json\/wp\/v2\/comments?post=2308"}],"wp:featuredmedia":[{"embeddable":true,"href":"https:\/\/demkohome.pl\/en\/wp-json\/wp\/v2\/media\/12026"}],"wp:attachment":[{"href":"https:\/\/demkohome.pl\/en\/wp-json\/wp\/v2\/media?parent=2308"}],"wp:term":[{"taxonomy":"product_brand","embeddable":true,"href":"https:\/\/demkohome.pl\/en\/wp-json\/wp\/v2\/product_brand?post=2308"},{"taxonomy":"product_cat","embeddable":true,"href":"https:\/\/demkohome.pl\/en\/wp-json\/wp\/v2\/product_cat?post=2308"},{"taxonomy":"product_tag","embeddable":true,"href":"https:\/\/demkohome.pl\/en\/wp-json\/wp\/v2\/product_tag?post=2308"}],"curies":[{"name":"wp","href":"https:\/\/api.w.org\/{rel}","templated":true}]}}