{"id":2330,"date":"2023-08-28T13:14:51","date_gmt":"2023-08-28T11:14:51","guid":{"rendered":"https:\/\/demkohome.pl\/produkt\/zestaw-entra\/"},"modified":"2026-04-20T03:29:22","modified_gmt":"2026-04-20T01:29:22","slug":"garderoba-entra","status":"publish","type":"product","link":"https:\/\/demkohome.pl\/en\/product\/garderoba-entra\/","title":{"rendered":"Entra hallway"},"content":{"rendered":"<div style=\"font-family: 'Noto Sans', sans-serif; font-size: 17px;\">\n<h2>Elegance and functionality: Entra closet<\/h2>\n<p>Entra closet is a comprehensive solution to organize the storage of outerwear and a wide range of accessories in one place. Thanks to the open design of the closet, you will be able to effectively dry your clothes after a rainy day. The ability to hang clothes on white hangers will ensure that clothes will not slip, and a convenient bar will allow you to hang outerwear. Large mirrors, which are part of the set, will not only allow you to easily check your appearance before going out, but also optically brighten and enlarge even a small space. The abundant number of shelves in the set will allow you to store your shoes and provide easy access for household members of all ages, which increases the comfort of the hallway for everyone. The color scheme of the set blends perfectly with traditional, minimalist or Scandinavian style interiors, giving the hallway elegance and functionality. Moreover, the functional storage compartment will allow you to organize and store various accessories that like to get lost. Finding shoe polish, umbrellas, hats, scarves and gloves will no longer be a challenge, as all the necessary accessories will always be at hand.<\/p>\n<p>By choosing Entra closet, you will bring modern and practical design to your home space. Entra furniture set will be perfect for both the dressing room and the hallway.<\/p>\n<\/div>","protected":false},"excerpt":{"rendered":"<p>Elegancja i funkcjonalno\u015b\u0107: Garderoba Entra Garderoba Entra to kompleksowe rozwi\u0105zanie pozwalaj\u0105ce uporz\u0105dkowa\u0107 przechowywanie odzie\u017cy wierzchniej i\u00a0 szerokiej gamy akcesori\u00f3w w (&#8230;)<\/p>","protected":false},"featured_media":8566,"comment_status":"open","ping_status":"closed","template":"","meta":{"_acf_changed":false,"inline_featured_image":false},"product_brand":[],"product_cat":[27,126],"product_tag":[],"class_list":{"0":"post-2330","1":"product","2":"type-product","3":"status-publish","4":"has-post-thumbnail","6":"product_cat-przedpokoje","7":"product_cat-zestawy-mebli-do-przedpokoju","8":"product_shipping_class-paczka-nst-x-2-paczka-st","9":"collection-entra","11":"first","12":"outofstock","13":"shipping-taxable","14":"purchasable","15":"product-type-variable","16":"has-default-attributes"},"acf":[],"yoast_head":"<!-- This site is optimized with the Yoast SEO plugin v27.4 - https:\/\/yoast.com\/product\/yoast-seo-wordpress\/ -->\n<title>Przedpok\u00f3j Entra - Demko Home<\/title>\n<meta name=\"robots\" content=\"index, follow, max-snippet:-1, max-image-preview:large, max-video-preview:-1\" \/>\n<link rel=\"canonical\" href=\"https:\/\/demkohome.pl\/en\/product\/garderoba-entra\/\" \/>\n<meta property=\"og:locale\" content=\"en_US\" \/>\n<meta property=\"og:type\" content=\"article\" \/>\n<meta property=\"og:title\" content=\"Przedpok\u00f3j Entra - Demko Home\" \/>\n<meta property=\"og:description\" content=\"Elegancja i funkcjonalno\u015b\u0107: Garderoba Entra Garderoba Entra to kompleksowe rozwi\u0105zanie pozwalaj\u0105ce uporz\u0105dkowa\u0107 przechowywanie odzie\u017cy wierzchniej i\u00a0 szerokiej gamy akcesori\u00f3w w (...)\" \/>\n<meta property=\"og:url\" content=\"https:\/\/demkohome.pl\/en\/product\/garderoba-entra\/\" \/>\n<meta property=\"og:site_name\" content=\"Demko Home\" \/>\n<meta property=\"article:modified_time\" content=\"2026-04-20T01:29:22+00:00\" \/>\n<meta property=\"og:image\" content=\"https:\/\/demkohome.pl\/wp-content\/uploads\/2023\/08\/Garderoba-Entra-biala-aranzacja-na-bialym-tle-Okmed-Demko.jpg\" \/>\n\t<meta property=\"og:image:width\" content=\"1920\" \/>\n\t<meta property=\"og:image:height\" content=\"1920\" \/>\n\t<meta property=\"og:image:type\" content=\"image\/jpeg\" \/>\n<meta name=\"twitter:card\" content=\"summary_large_image\" \/>\n<meta name=\"twitter:label1\" content=\"Est. reading time\" \/>\n\t<meta name=\"twitter:data1\" content=\"2 minutes\" \/>\n<script type=\"application\/ld+json\" class=\"yoast-schema-graph\">{\"@context\":\"https:\\\/\\\/schema.org\",\"@graph\":[{\"@type\":\"WebPage\",\"@id\":\"https:\\\/\\\/demkohome.pl\\\/produkt\\\/garderoba-entra\\\/\",\"url\":\"https:\\\/\\\/demkohome.pl\\\/produkt\\\/garderoba-entra\\\/\",\"name\":\"Przedpok\u00f3j Entra - Demko Home\",\"isPartOf\":{\"@id\":\"https:\\\/\\\/demkohome.pl\\\/#website\"},\"primaryImageOfPage\":{\"@id\":\"https:\\\/\\\/demkohome.pl\\\/produkt\\\/garderoba-entra\\\/#primaryimage\"},\"image\":{\"@id\":\"https:\\\/\\\/demkohome.pl\\\/produkt\\\/garderoba-entra\\\/#primaryimage\"},\"thumbnailUrl\":\"https:\\\/\\\/demkohome.pl\\\/wp-content\\\/uploads\\\/2023\\\/08\\\/Garderoba-Entra-biala-aranzacja-na-bialym-tle-Okmed-Demko.jpg\",\"datePublished\":\"2023-08-28T11:14:51+00:00\",\"dateModified\":\"2026-04-20T01:29:22+00:00\",\"breadcrumb\":{\"@id\":\"https:\\\/\\\/demkohome.pl\\\/produkt\\\/garderoba-entra\\\/#breadcrumb\"},\"inLanguage\":\"en-US\",\"potentialAction\":[{\"@type\":\"ReadAction\",\"target\":[\"https:\\\/\\\/demkohome.pl\\\/produkt\\\/garderoba-entra\\\/\"]}]},{\"@type\":\"ImageObject\",\"inLanguage\":\"en-US\",\"@id\":\"https:\\\/\\\/demkohome.pl\\\/produkt\\\/garderoba-entra\\\/#primaryimage\",\"url\":\"https:\\\/\\\/demkohome.pl\\\/wp-content\\\/uploads\\\/2023\\\/08\\\/Garderoba-Entra-biala-aranzacja-na-bialym-tle-Okmed-Demko.jpg\",\"contentUrl\":\"https:\\\/\\\/demkohome.pl\\\/wp-content\\\/uploads\\\/2023\\\/08\\\/Garderoba-Entra-biala-aranzacja-na-bialym-tle-Okmed-Demko.jpg\",\"width\":1920,\"height\":1920,\"caption\":\"Garderoba Entra biala aranzacja na bialym tle Okmed Demko\"},{\"@type\":\"BreadcrumbList\",\"@id\":\"https:\\\/\\\/demkohome.pl\\\/produkt\\\/garderoba-entra\\\/#breadcrumb\",\"itemListElement\":[{\"@type\":\"ListItem\",\"position\":1,\"name\":\"Strona g\u0142\u00f3wna\",\"item\":\"https:\\\/\\\/demkohome.pl\\\/\"},{\"@type\":\"ListItem\",\"position\":2,\"name\":\"Sklep\",\"item\":\"https:\\\/\\\/demkohome.pl\\\/sklep\\\/\"},{\"@type\":\"ListItem\",\"position\":3,\"name\":\"Przedpok\u00f3j Entra\"}]},{\"@type\":\"WebSite\",\"@id\":\"https:\\\/\\\/demkohome.pl\\\/#website\",\"url\":\"https:\\\/\\\/demkohome.pl\\\/\",\"name\":\"Demko Home\",\"description\":\"Make it simple\",\"publisher\":{\"@id\":\"https:\\\/\\\/demkohome.pl\\\/#organization\"},\"potentialAction\":[{\"@type\":\"SearchAction\",\"target\":{\"@type\":\"EntryPoint\",\"urlTemplate\":\"https:\\\/\\\/demkohome.pl\\\/?s={search_term_string}\"},\"query-input\":{\"@type\":\"PropertyValueSpecification\",\"valueRequired\":true,\"valueName\":\"search_term_string\"}}],\"inLanguage\":\"en-US\"},{\"@type\":\"Organization\",\"@id\":\"https:\\\/\\\/demkohome.pl\\\/#organization\",\"name\":\"Demko Home\",\"url\":\"https:\\\/\\\/demkohome.pl\\\/\",\"logo\":{\"@type\":\"ImageObject\",\"inLanguage\":\"en-US\",\"@id\":\"https:\\\/\\\/demkohome.pl\\\/#\\\/schema\\\/logo\\\/image\\\/\",\"url\":\"https:\\\/\\\/demkohome.pl\\\/wp-content\\\/uploads\\\/2026\\\/03\\\/cropped-3.png\",\"contentUrl\":\"https:\\\/\\\/demkohome.pl\\\/wp-content\\\/uploads\\\/2026\\\/03\\\/cropped-3.png\",\"width\":250,\"height\":63,\"caption\":\"Demko Home\"},\"image\":{\"@id\":\"https:\\\/\\\/demkohome.pl\\\/#\\\/schema\\\/logo\\\/image\\\/\"}}]}<\/script>\n<!-- \/ Yoast SEO plugin. -->","yoast_head_json":{"title":"Przedpok\u00f3j Entra - Demko Home","robots":{"index":"index","follow":"follow","max-snippet":"max-snippet:-1","max-image-preview":"max-image-preview:large","max-video-preview":"max-video-preview:-1"},"canonical":"https:\/\/demkohome.pl\/en\/product\/garderoba-entra\/","og_locale":"en_US","og_type":"article","og_title":"Przedpok\u00f3j Entra - Demko Home","og_description":"Elegancja i funkcjonalno\u015b\u0107: Garderoba Entra Garderoba Entra to kompleksowe rozwi\u0105zanie pozwalaj\u0105ce uporz\u0105dkowa\u0107 przechowywanie odzie\u017cy wierzchniej i\u00a0 szerokiej gamy akcesori\u00f3w w (...)","og_url":"https:\/\/demkohome.pl\/en\/product\/garderoba-entra\/","og_site_name":"Demko Home","article_modified_time":"2026-04-20T01:29:22+00:00","og_image":[{"width":1920,"height":1920,"url":"https:\/\/demkohome.pl\/wp-content\/uploads\/2023\/08\/Garderoba-Entra-biala-aranzacja-na-bialym-tle-Okmed-Demko.jpg","type":"image\/jpeg"}],"twitter_card":"summary_large_image","twitter_misc":{"Est. reading time":"2 minutes"},"schema":{"@context":"https:\/\/schema.org","@graph":[{"@type":"WebPage","@id":"https:\/\/demkohome.pl\/produkt\/garderoba-entra\/","url":"https:\/\/demkohome.pl\/produkt\/garderoba-entra\/","name":"Przedpok\u00f3j Entra - Demko Home","isPartOf":{"@id":"https:\/\/demkohome.pl\/#website"},"primaryImageOfPage":{"@id":"https:\/\/demkohome.pl\/produkt\/garderoba-entra\/#primaryimage"},"image":{"@id":"https:\/\/demkohome.pl\/produkt\/garderoba-entra\/#primaryimage"},"thumbnailUrl":"https:\/\/demkohome.pl\/wp-content\/uploads\/2023\/08\/Garderoba-Entra-biala-aranzacja-na-bialym-tle-Okmed-Demko.jpg","datePublished":"2023-08-28T11:14:51+00:00","dateModified":"2026-04-20T01:29:22+00:00","breadcrumb":{"@id":"https:\/\/demkohome.pl\/produkt\/garderoba-entra\/#breadcrumb"},"inLanguage":"en-US","potentialAction":[{"@type":"ReadAction","target":["https:\/\/demkohome.pl\/produkt\/garderoba-entra\/"]}]},{"@type":"ImageObject","inLanguage":"en-US","@id":"https:\/\/demkohome.pl\/produkt\/garderoba-entra\/#primaryimage","url":"https:\/\/demkohome.pl\/wp-content\/uploads\/2023\/08\/Garderoba-Entra-biala-aranzacja-na-bialym-tle-Okmed-Demko.jpg","contentUrl":"https:\/\/demkohome.pl\/wp-content\/uploads\/2023\/08\/Garderoba-Entra-biala-aranzacja-na-bialym-tle-Okmed-Demko.jpg","width":1920,"height":1920,"caption":"Garderoba Entra biala aranzacja na bialym tle Okmed Demko"},{"@type":"BreadcrumbList","@id":"https:\/\/demkohome.pl\/produkt\/garderoba-entra\/#breadcrumb","itemListElement":[{"@type":"ListItem","position":1,"name":"Strona g\u0142\u00f3wna","item":"https:\/\/demkohome.pl\/"},{"@type":"ListItem","position":2,"name":"Sklep","item":"https:\/\/demkohome.pl\/sklep\/"},{"@type":"ListItem","position":3,"name":"Przedpok\u00f3j Entra"}]},{"@type":"WebSite","@id":"https:\/\/demkohome.pl\/#website","url":"https:\/\/demkohome.pl\/","name":"Demko Home","description":"Make it simple","publisher":{"@id":"https:\/\/demkohome.pl\/#organization"},"potentialAction":[{"@type":"SearchAction","target":{"@type":"EntryPoint","urlTemplate":"https:\/\/demkohome.pl\/?s={search_term_string}"},"query-input":{"@type":"PropertyValueSpecification","valueRequired":true,"valueName":"search_term_string"}}],"inLanguage":"en-US"},{"@type":"Organization","@id":"https:\/\/demkohome.pl\/#organization","name":"Demko Home","url":"https:\/\/demkohome.pl\/","logo":{"@type":"ImageObject","inLanguage":"en-US","@id":"https:\/\/demkohome.pl\/#\/schema\/logo\/image\/","url":"https:\/\/demkohome.pl\/wp-content\/uploads\/2026\/03\/cropped-3.png","contentUrl":"https:\/\/demkohome.pl\/wp-content\/uploads\/2026\/03\/cropped-3.png","width":250,"height":63,"caption":"Demko Home"},"image":{"@id":"https:\/\/demkohome.pl\/#\/schema\/logo\/image\/"}}]}},"_links":{"self":[{"href":"https:\/\/demkohome.pl\/en\/wp-json\/wp\/v2\/product\/2330","targetHints":{"allow":["GET"]}}],"collection":[{"href":"https:\/\/demkohome.pl\/en\/wp-json\/wp\/v2\/product"}],"about":[{"href":"https:\/\/demkohome.pl\/en\/wp-json\/wp\/v2\/types\/product"}],"replies":[{"embeddable":true,"href":"https:\/\/demkohome.pl\/en\/wp-json\/wp\/v2\/comments?post=2330"}],"wp:featuredmedia":[{"embeddable":true,"href":"https:\/\/demkohome.pl\/en\/wp-json\/wp\/v2\/media\/8566"}],"wp:attachment":[{"href":"https:\/\/demkohome.pl\/en\/wp-json\/wp\/v2\/media?parent=2330"}],"wp:term":[{"taxonomy":"product_brand","embeddable":true,"href":"https:\/\/demkohome.pl\/en\/wp-json\/wp\/v2\/product_brand?post=2330"},{"taxonomy":"product_cat","embeddable":true,"href":"https:\/\/demkohome.pl\/en\/wp-json\/wp\/v2\/product_cat?post=2330"},{"taxonomy":"product_tag","embeddable":true,"href":"https:\/\/demkohome.pl\/en\/wp-json\/wp\/v2\/product_tag?post=2330"}],"curies":[{"name":"wp","href":"https:\/\/api.w.org\/{rel}","templated":true}]}}