{"id":2388,"date":"2023-08-28T13:14:58","date_gmt":"2023-08-28T11:14:58","guid":{"rendered":"https:\/\/demkohome.pl\/produkt\/biurko-narozne\/"},"modified":"2026-04-17T11:17:51","modified_gmt":"2026-04-17T09:17:51","slug":"duze-biurko-narozne-slash","status":"publish","type":"product","link":"https:\/\/demkohome.pl\/en\/product\/duze-biurko-narozne-slash\/","title":{"rendered":"Slash corner desk"},"content":{"rendered":"<h2>Large Slash corner desk - create a comfortable space to work or study<\/h2>\n<p><span style=\"font-family: 'Noto Sans',sans-serif; color: #111111; font-size: 17px;\"><br \/>\nThe Slash corner desk is available in 67 \u00d7 160 \u00d7 77 cm, and in three color options: elegant white, modern concrete and classic oak. The design of the desk consists of two solids connected in the shape of the letter L, which allows optimal use of the available space. The corner desk is also equipped with four open shelves, two Slash pull-out bins matching the shelves, and two lockable cabinets, making it easy to store documents, books and other essential items, while keeping the room tidy and organized. In addition, the cabinets in the desk were deliberately designed with lockable doors. This functionality was intended to be able to hide any items that could introduce a feeling of disorder, while allowing the room to remain elegant and harmonious.  The desk was designed to allow self-assembly of the part with cabinets on the right, or on the left - according to the needs of use. The spacious top provides a comfortable workspace, suitable for computer work, office duties or study, which is equally useful for both adults and children.<\/span><\/p>\n<details>\n<summary>Click to read more<\/summary>\n<p><img loading=\"lazy\" decoding=\"async\" class=\"alignnone wp-image-12132 size-full\" src=\"https:\/\/demkohome.pl\/wp-content\/uploads\/2023\/08\/DSC01723_PSMS16v2-Beton-3440-1-scaled.jpg\" alt=\"\" width=\"2560\" height=\"1459\" srcset=\"https:\/\/demkohome.pl\/wp-content\/uploads\/2023\/08\/DSC01723_PSMS16v2-Beton-3440-1-scaled.jpg 2560w, https:\/\/demkohome.pl\/wp-content\/uploads\/2023\/08\/DSC01723_PSMS16v2-Beton-3440-1-300x171.jpg 300w, https:\/\/demkohome.pl\/wp-content\/uploads\/2023\/08\/DSC01723_PSMS16v2-Beton-3440-1-1024x583.jpg 1024w, https:\/\/demkohome.pl\/wp-content\/uploads\/2023\/08\/DSC01723_PSMS16v2-Beton-3440-1-768x438.jpg 768w, https:\/\/demkohome.pl\/wp-content\/uploads\/2023\/08\/DSC01723_PSMS16v2-Beton-3440-1-1536x875.jpg 1536w, https:\/\/demkohome.pl\/wp-content\/uploads\/2023\/08\/DSC01723_PSMS16v2-Beton-3440-1-2048x1167.jpg 2048w, https:\/\/demkohome.pl\/wp-content\/uploads\/2023\/08\/DSC01723_PSMS16v2-Beton-3440-1-600x342.jpg 600w\" sizes=\"auto, (max-width: 2560px) 100vw, 2560px\" \/><\/p>\n<h3>Fashionable corner desk that combines design with functionality<\/h3>\n<p><span style=\"font-family: 'Noto Sans',sans-serif; color: #111111; font-size: 17px;\"><br \/>\nThe ideal desk is one that combines convenience of use and interesting design. It should create a space that is comfortable to use, in which it will be pleasant to perform daily duties. Choosing our Slash corner desk, you can count on it. Thanks to its corner design, the piece of furniture perfectly separates the work zone, no matter where you place it. It also allows you to make clever use of space, combining in one piece of furniture a large, conveniently usable tabletop, two shelves and as many as four capacious cabinets.<\/span><\/p>\n<h3>Corner desk with expanded storage system<\/h3>\n<p><span style=\"font-family: 'Noto Sans',sans-serif; color: #111111; font-size: 17px;\"><br \/>\nThere's no denying that keeping a desk in impeccable order can be a really big challenge - regardless of whether it's used by an adult or a child. Wondering if it's even possible to get rid of desk clutter? As possible - when designing the Slash corner desk, we decided to find a way to do it! Thus, we equipped it with a system of capacious cabinets and practical shelves. Thanks to this, the things you need are always at hand, and organizing the workspace after work is instant. What's more, you can expand the furniture with additional bookcases and drawers from the Slash collection, available in our e-store. A desk where there is always order? With us you have it at your fingertips!<\/span><\/p>\n<h3>Large corner desk ideal for office and children's room<\/h3>\n<p><span style=\"font-family: 'Noto Sans',sans-serif; color: #111111; font-size: 17px;\"><br \/>\nSlash is a large corner desk that will meet the expectations of even the most demanding, regardless of age. Therefore, it will be perfect for both the office and home office or children's room. The large top will provide comfort while working or studying, and the roomy cabinets will make it easier to organize documents or textbooks. Choose Slash desk and see for yourself that creating a practical workspace can be really easy.<\/span><span style=\"font-family: 'Noto Sans',sans-serif; color: #111111; font-size: 17px;\">.<\/span><\/p>\n<p><img loading=\"lazy\" decoding=\"async\" class=\"alignnone wp-image-11935 size-full\" src=\"https:\/\/demkohome.pl\/wp-content\/uploads\/2023\/08\/DSC01843_PSMS16v2-Bialy-3440-scaled.jpg\" alt=\"Du\u017ce bia\u0142e biurko dla dziewczynki lub do biura Slash kolor bia\u0142y Okmed Demko aran\u017cacja\" width=\"2560\" height=\"1706\" srcset=\"https:\/\/demkohome.pl\/wp-content\/uploads\/2023\/08\/DSC01843_PSMS16v2-Bialy-3440-scaled.jpg 2560w, https:\/\/demkohome.pl\/wp-content\/uploads\/2023\/08\/DSC01843_PSMS16v2-Bialy-3440-300x200.jpg 300w, https:\/\/demkohome.pl\/wp-content\/uploads\/2023\/08\/DSC01843_PSMS16v2-Bialy-3440-1024x682.jpg 1024w, https:\/\/demkohome.pl\/wp-content\/uploads\/2023\/08\/DSC01843_PSMS16v2-Bialy-3440-768x512.jpg 768w, https:\/\/demkohome.pl\/wp-content\/uploads\/2023\/08\/DSC01843_PSMS16v2-Bialy-3440-1536x1023.jpg 1536w, https:\/\/demkohome.pl\/wp-content\/uploads\/2023\/08\/DSC01843_PSMS16v2-Bialy-3440-2048x1365.jpg 2048w, https:\/\/demkohome.pl\/wp-content\/uploads\/2023\/08\/DSC01843_PSMS16v2-Bialy-3440-600x400.jpg 600w\" sizes=\"auto, (max-width: 2560px) 100vw, 2560px\" \/><\/p>\n<h3>Spacious Slash corner desk - 3 color variants to match you and your interior<\/h3>\n<p><span style=\"font-family: 'Noto Sans',sans-serif; color: #111111; font-size: 17px;\"><br \/>\nWe are well aware that the perfect interior does not mean the same thing for everyone. We also took this into account when designing the Slash corner desk. As a result, it is available for you in as many as three trendy colors - white, Chicago concrete and San Remo oak. This way you can easily match the right variant to you and your interior. Do you dream of a modern, industrial, Scandinavian or maybe glamour arrangement? Realize your vision with the Slash desk - choose your favorite color and create a space that will please your eye and express your individual style.<\/span><\/p>\n<h3>Corner desk for girls and boys<\/h3>\n<p><span style=\"font-family: 'Noto Sans',sans-serif; color: #111111; font-size: 17px;\"><br \/>\nThe product is available in three color variants as part of the design of a study, office, or children's room. The color variant for girls includes a desk in white, while for boys it is proposed San Remo oak or Chicago concrete. With this choice, each child can personalize their study or play space according to their own preferences, while creating an aesthetically pleasing space that features high functionality.<\/span><\/p>\n<p><img loading=\"lazy\" decoding=\"async\" class=\"wp-image-12130 size-full\" src=\"https:\/\/demkohome.pl\/wp-content\/uploads\/2023\/08\/DSCF9567-HDRv2-SanRemo-3440-scaled.jpg\" alt=\"Biurko slash front aran\u017cacja dla ch\u0142opca do biura meble okmed demko demko home\" width=\"2560\" height=\"1979\" srcset=\"https:\/\/demkohome.pl\/wp-content\/uploads\/2023\/08\/DSCF9567-HDRv2-SanRemo-3440-scaled.jpg 2560w, https:\/\/demkohome.pl\/wp-content\/uploads\/2023\/08\/DSCF9567-HDRv2-SanRemo-3440-300x232.jpg 300w, https:\/\/demkohome.pl\/wp-content\/uploads\/2023\/08\/DSCF9567-HDRv2-SanRemo-3440-1024x792.jpg 1024w, https:\/\/demkohome.pl\/wp-content\/uploads\/2023\/08\/DSCF9567-HDRv2-SanRemo-3440-768x594.jpg 768w, https:\/\/demkohome.pl\/wp-content\/uploads\/2023\/08\/DSCF9567-HDRv2-SanRemo-3440-1536x1187.jpg 1536w, https:\/\/demkohome.pl\/wp-content\/uploads\/2023\/08\/DSCF9567-HDRv2-SanRemo-3440-2048x1583.jpg 2048w, https:\/\/demkohome.pl\/wp-content\/uploads\/2023\/08\/DSCF9567-HDRv2-SanRemo-3440-600x464.jpg 600w\" sizes=\"auto, (max-width: 2560px) 100vw, 2560px\" \/><\/p>\n<h4>Corner desk white - practical design and universal color<\/h4>\n<p><span style=\"font-family: 'Noto Sans',sans-serif; color: #111111; font-size: 17px;\"><br \/>\nAs it is widely known, in a pleasant to the eye space you work better. That's why we created the stylish yet versatile white Slash corner desk. White, as a neutral color, will perfectly fit into almost any space. It presents itself very neatly and professionally, and at the same time provides visual lightness, so that the desk does not optically weigh down the entire arrangement. So with the white Slash corner desk you can easily create a workspace in your favorite style. Do you prefer Scandinavian style, modern minimalism, or maybe the glamour of glamour decor?<\/span><\/p>\n<h4>Slash concrete Chicago corner desk - trendy design for lofts and beyond<\/h4>\n<p><span style=\"font-family: 'Noto Sans',sans-serif; color: #111111; font-size: 17px;\"><br \/>\nThe gray corner desk maintained in concrete optics is an ideal option for all lovers of fashionable design. Thanks to such a color scheme, your office will gain character and elegance, which will certainly not escape the attention of all visitors. Our Slash concrete Chicago corner desk is an option that is both distinctive and universal. The classic white present in it fits almost anywhere and visually does not weigh down the space. In turn, the optics of concrete adds a fashionable flair to the furniture, making it a designer accessory even ideal for modern and industrial interiors.<\/span><\/p>\n<h4>Functional corner desk San Remo oak - soothing wood look for harmony<\/h4>\n<p><span style=\"font-family: 'Noto Sans',sans-serif; color: #111111; font-size: 17px;\"><br \/>\nDo you appreciate classic solutions that never go out of style? Then our Slash corner desk in San Remo oak color should be a hit for you. One of its greatest assets is its modern yet subtle design. Thanks to the use of panels in the color of natural wood, the furniture introduces elegance and harmony, which is very important in an office space. This allows you to create a real soothing atmosphere that calms and promotes concentration. So whether you want to furnish an office or a study corner for your kid, the San Remo oak corner desk should prove to be an ideal choice - order it and see for yourself!<\/span><\/p>\n<p><img loading=\"lazy\" decoding=\"async\" class=\"wp-image-12147 size-full\" src=\"https:\/\/demkohome.pl\/wp-content\/uploads\/2023\/08\/DSC01900_PSMS16-SanRemo-3440-scaled.jpg\" alt=\"biurko slash pok\u00f3j dzieci\u0119cy aran\u017cacja meble okmed demko demko home san remo\" width=\"2560\" height=\"1706\" srcset=\"https:\/\/demkohome.pl\/wp-content\/uploads\/2023\/08\/DSC01900_PSMS16-SanRemo-3440-scaled.jpg 2560w, https:\/\/demkohome.pl\/wp-content\/uploads\/2023\/08\/DSC01900_PSMS16-SanRemo-3440-300x200.jpg 300w, https:\/\/demkohome.pl\/wp-content\/uploads\/2023\/08\/DSC01900_PSMS16-SanRemo-3440-1024x683.jpg 1024w, https:\/\/demkohome.pl\/wp-content\/uploads\/2023\/08\/DSC01900_PSMS16-SanRemo-3440-768x512.jpg 768w, https:\/\/demkohome.pl\/wp-content\/uploads\/2023\/08\/DSC01900_PSMS16-SanRemo-3440-1536x1024.jpg 1536w, https:\/\/demkohome.pl\/wp-content\/uploads\/2023\/08\/DSC01900_PSMS16-SanRemo-3440-2048x1365.jpg 2048w, https:\/\/demkohome.pl\/wp-content\/uploads\/2023\/08\/DSC01900_PSMS16-SanRemo-3440-600x400.jpg 600w\" sizes=\"auto, (max-width: 2560px) 100vw, 2560px\" \/><\/p>\n<h4>Designer corner desk that you will appreciate for its quality and attractive price<\/h4>\n<p><span style=\"font-family: 'Noto Sans',sans-serif; color: #111111; font-size: 17px;\"><br \/>\nEveryone deserves a comfortable space to work or study. Consequently, the furniture that makes it up should be available for every budget. We subscribe to this philosophy and are confident that our Slash corner desk will surprise you with its affordable price. Of course, we also know that a desk is generally a piece of furniture that is used very intensively. That's why we made sure that an attractive price goes hand in hand with high quality. It will provide you with solid, laminated boards, as well as refined edges made of durable PVC. Decorate your office space without compromises - our Slash corner desk is a perfect example that functional and designer furniture does not have to cost a fortune!<\/span><\/p>\n<p>&nbsp;<\/p>\n<h3>The kit includes<\/h3>\n<p><span style=\"font-family: 'Noto Sans',sans-serif; color: #111111; font-size: 17px;\"><br \/>\nAfter purchasing the product, you will receive:<\/span><\/p>\n<ul style=\"font-family: 'Noto Sans',sans-serif; color: #111111; font-size: 17px;\">\n<li>Slash corner desk, consisting of three packages sent by courier<\/li>\n<li>assembly instructions in Polish<\/li>\n<li>accessories necessary for self-assembly<\/li>\n<\/ul>\n<p><span style=\"font-family: 'Noto Sans',sans-serif; color: #111111; font-size: 17px;\">\u00a0<\/span><\/p>\n<\/details>","protected":false},"excerpt":{"rendered":"<p>The set includes:<\/p>\n<p>L-shaped corner desk<\/p>\n<p>Dimensions: 67 \u00d7 160 \u00d7 77 cm<\/p>\n<p>The package includes: instructions for self-assembly and a set of necessary tools.<\/p>","protected":false},"featured_media":11938,"comment_status":"open","ping_status":"closed","template":"","meta":{"_acf_changed":false,"inline_featured_image":false},"product_brand":[],"product_cat":[134,145,133,137,144,139],"product_tag":[],"class_list":{"0":"post-2388","1":"product","2":"type-product","3":"status-publish","4":"has-post-thumbnail","6":"product_cat-biurka","7":"product_cat-biuro","8":"product_cat-meble-biurowe","9":"product_cat-meble-systemowe","10":"product_cat-pokoj","11":"product_cat-pomieszczenia","12":"product_shipping_class-paczka-nst-x-2-paczka-st","13":"collection-back-to-study","14":"collection-slash","16":"first","17":"instock","18":"shipping-taxable","19":"purchasable","20":"product-type-variable","21":"has-default-attributes"},"acf":[],"yoast_head":"<!-- This site is optimized with the Yoast SEO plugin v27.4 - https:\/\/yoast.com\/product\/yoast-seo-wordpress\/ -->\n<title>Biurko naro\u017cne - szare \/ bia\u0142e \/ san remo | SLASH | MEBLE-OKMED<\/title>\n<meta name=\"robots\" content=\"index, follow, max-snippet:-1, max-image-preview:large, max-video-preview:-1\" \/>\n<link rel=\"canonical\" href=\"https:\/\/demkohome.pl\/en\/product\/duze-biurko-narozne-slash\/\" \/>\n<meta property=\"og:locale\" content=\"en_US\" \/>\n<meta property=\"og:type\" content=\"article\" \/>\n<meta property=\"og:title\" content=\"Biurko naro\u017cne - szare \/ bia\u0142e \/ san remo | SLASH | MEBLE-OKMED\" \/>\n<meta property=\"og:description\" content=\"Zestaw zawiera:  Biurko naro\u017cne w kszta\u0142cie litery L  Wymiary: 67 \u00d7 160 \u00d7 77 cm  W paczce znajduj\u0105 si\u0119: instrukcja do samodzielnego monta\u017cu oraz zestaw niezb\u0119dnych do tego narz\u0119dzi.\" \/>\n<meta property=\"og:url\" content=\"https:\/\/demkohome.pl\/en\/product\/duze-biurko-narozne-slash\/\" \/>\n<meta property=\"og:site_name\" content=\"Demko Home\" \/>\n<meta property=\"article:modified_time\" content=\"2026-04-17T09:17:51+00:00\" \/>\n<meta property=\"og:image\" content=\"https:\/\/demkohome.pl\/wp-content\/uploads\/2023\/08\/DSC01843_PSMS16v2-San-Remo-3440-scaled.jpg\" \/>\n\t<meta property=\"og:image:width\" content=\"2560\" \/>\n\t<meta property=\"og:image:height\" content=\"1706\" \/>\n\t<meta property=\"og:image:type\" content=\"image\/jpeg\" \/>\n<meta name=\"twitter:card\" content=\"summary_large_image\" \/>\n<meta name=\"twitter:label1\" content=\"Est. reading time\" \/>\n\t<meta name=\"twitter:data1\" content=\"10 minutes\" \/>\n<script type=\"application\/ld+json\" class=\"yoast-schema-graph\">{\"@context\":\"https:\\\/\\\/schema.org\",\"@graph\":[{\"@type\":\"WebPage\",\"@id\":\"https:\\\/\\\/demkohome.pl\\\/produkt\\\/duze-biurko-narozne-slash\\\/\",\"url\":\"https:\\\/\\\/demkohome.pl\\\/produkt\\\/duze-biurko-narozne-slash\\\/\",\"name\":\"Biurko naro\u017cne - szare \\\/ bia\u0142e \\\/ san remo | SLASH | MEBLE-OKMED\",\"isPartOf\":{\"@id\":\"https:\\\/\\\/demkohome.pl\\\/#website\"},\"primaryImageOfPage\":{\"@id\":\"https:\\\/\\\/demkohome.pl\\\/produkt\\\/duze-biurko-narozne-slash\\\/#primaryimage\"},\"image\":{\"@id\":\"https:\\\/\\\/demkohome.pl\\\/produkt\\\/duze-biurko-narozne-slash\\\/#primaryimage\"},\"thumbnailUrl\":\"https:\\\/\\\/demkohome.pl\\\/wp-content\\\/uploads\\\/2023\\\/08\\\/DSC01843_PSMS16v2-San-Remo-3440-scaled.jpg\",\"datePublished\":\"2023-08-28T11:14:58+00:00\",\"dateModified\":\"2026-04-17T09:17:51+00:00\",\"breadcrumb\":{\"@id\":\"https:\\\/\\\/demkohome.pl\\\/produkt\\\/duze-biurko-narozne-slash\\\/#breadcrumb\"},\"inLanguage\":\"en-US\",\"potentialAction\":[{\"@type\":\"ReadAction\",\"target\":[\"https:\\\/\\\/demkohome.pl\\\/produkt\\\/duze-biurko-narozne-slash\\\/\"]}]},{\"@type\":\"ImageObject\",\"inLanguage\":\"en-US\",\"@id\":\"https:\\\/\\\/demkohome.pl\\\/produkt\\\/duze-biurko-narozne-slash\\\/#primaryimage\",\"url\":\"https:\\\/\\\/demkohome.pl\\\/wp-content\\\/uploads\\\/2023\\\/08\\\/DSC01843_PSMS16v2-San-Remo-3440-scaled.jpg\",\"contentUrl\":\"https:\\\/\\\/demkohome.pl\\\/wp-content\\\/uploads\\\/2023\\\/08\\\/DSC01843_PSMS16v2-San-Remo-3440-scaled.jpg\",\"width\":2560,\"height\":1706,\"caption\":\"Du\u017ce biurko do biura dla ch\u0142opca Slash kolor sonoma Okmed Demko aran\u017cacja\"},{\"@type\":\"BreadcrumbList\",\"@id\":\"https:\\\/\\\/demkohome.pl\\\/produkt\\\/duze-biurko-narozne-slash\\\/#breadcrumb\",\"itemListElement\":[{\"@type\":\"ListItem\",\"position\":1,\"name\":\"Strona g\u0142\u00f3wna\",\"item\":\"https:\\\/\\\/demkohome.pl\\\/\"},{\"@type\":\"ListItem\",\"position\":2,\"name\":\"Sklep\",\"item\":\"https:\\\/\\\/demkohome.pl\\\/sklep\\\/\"},{\"@type\":\"ListItem\",\"position\":3,\"name\":\"Biurko naro\u017cne Slash\"}]},{\"@type\":\"WebSite\",\"@id\":\"https:\\\/\\\/demkohome.pl\\\/#website\",\"url\":\"https:\\\/\\\/demkohome.pl\\\/\",\"name\":\"Demko Home\",\"description\":\"Make it simple\",\"publisher\":{\"@id\":\"https:\\\/\\\/demkohome.pl\\\/#organization\"},\"potentialAction\":[{\"@type\":\"SearchAction\",\"target\":{\"@type\":\"EntryPoint\",\"urlTemplate\":\"https:\\\/\\\/demkohome.pl\\\/?s={search_term_string}\"},\"query-input\":{\"@type\":\"PropertyValueSpecification\",\"valueRequired\":true,\"valueName\":\"search_term_string\"}}],\"inLanguage\":\"en-US\"},{\"@type\":\"Organization\",\"@id\":\"https:\\\/\\\/demkohome.pl\\\/#organization\",\"name\":\"Demko Home\",\"url\":\"https:\\\/\\\/demkohome.pl\\\/\",\"logo\":{\"@type\":\"ImageObject\",\"inLanguage\":\"en-US\",\"@id\":\"https:\\\/\\\/demkohome.pl\\\/#\\\/schema\\\/logo\\\/image\\\/\",\"url\":\"https:\\\/\\\/demkohome.pl\\\/wp-content\\\/uploads\\\/2026\\\/03\\\/cropped-3.png\",\"contentUrl\":\"https:\\\/\\\/demkohome.pl\\\/wp-content\\\/uploads\\\/2026\\\/03\\\/cropped-3.png\",\"width\":250,\"height\":63,\"caption\":\"Demko Home\"},\"image\":{\"@id\":\"https:\\\/\\\/demkohome.pl\\\/#\\\/schema\\\/logo\\\/image\\\/\"}}]}<\/script>\n<!-- \/ Yoast SEO plugin. -->","yoast_head_json":{"title":"Corner desk - grey \/ white \/ san remo | SLASH | MEBLE-OKMED","robots":{"index":"index","follow":"follow","max-snippet":"max-snippet:-1","max-image-preview":"max-image-preview:large","max-video-preview":"max-video-preview:-1"},"canonical":"https:\/\/demkohome.pl\/en\/product\/duze-biurko-narozne-slash\/","og_locale":"en_US","og_type":"article","og_title":"Biurko naro\u017cne - szare \/ bia\u0142e \/ san remo | SLASH | MEBLE-OKMED","og_description":"Zestaw zawiera:  Biurko naro\u017cne w kszta\u0142cie litery L  Wymiary: 67 \u00d7 160 \u00d7 77 cm  W paczce znajduj\u0105 si\u0119: instrukcja do samodzielnego monta\u017cu oraz zestaw niezb\u0119dnych do tego narz\u0119dzi.","og_url":"https:\/\/demkohome.pl\/en\/product\/duze-biurko-narozne-slash\/","og_site_name":"Demko Home","article_modified_time":"2026-04-17T09:17:51+00:00","og_image":[{"width":2560,"height":1706,"url":"https:\/\/demkohome.pl\/wp-content\/uploads\/2023\/08\/DSC01843_PSMS16v2-San-Remo-3440-scaled.jpg","type":"image\/jpeg"}],"twitter_card":"summary_large_image","twitter_misc":{"Est. reading time":"10 minutes"},"schema":{"@context":"https:\/\/schema.org","@graph":[{"@type":"WebPage","@id":"https:\/\/demkohome.pl\/produkt\/duze-biurko-narozne-slash\/","url":"https:\/\/demkohome.pl\/produkt\/duze-biurko-narozne-slash\/","name":"Corner desk - grey \/ white \/ san remo | SLASH | MEBLE-OKMED","isPartOf":{"@id":"https:\/\/demkohome.pl\/#website"},"primaryImageOfPage":{"@id":"https:\/\/demkohome.pl\/produkt\/duze-biurko-narozne-slash\/#primaryimage"},"image":{"@id":"https:\/\/demkohome.pl\/produkt\/duze-biurko-narozne-slash\/#primaryimage"},"thumbnailUrl":"https:\/\/demkohome.pl\/wp-content\/uploads\/2023\/08\/DSC01843_PSMS16v2-San-Remo-3440-scaled.jpg","datePublished":"2023-08-28T11:14:58+00:00","dateModified":"2026-04-17T09:17:51+00:00","breadcrumb":{"@id":"https:\/\/demkohome.pl\/produkt\/duze-biurko-narozne-slash\/#breadcrumb"},"inLanguage":"en-US","potentialAction":[{"@type":"ReadAction","target":["https:\/\/demkohome.pl\/produkt\/duze-biurko-narozne-slash\/"]}]},{"@type":"ImageObject","inLanguage":"en-US","@id":"https:\/\/demkohome.pl\/produkt\/duze-biurko-narozne-slash\/#primaryimage","url":"https:\/\/demkohome.pl\/wp-content\/uploads\/2023\/08\/DSC01843_PSMS16v2-San-Remo-3440-scaled.jpg","contentUrl":"https:\/\/demkohome.pl\/wp-content\/uploads\/2023\/08\/DSC01843_PSMS16v2-San-Remo-3440-scaled.jpg","width":2560,"height":1706,"caption":"Du\u017ce biurko do biura dla ch\u0142opca Slash kolor sonoma Okmed Demko aran\u017cacja"},{"@type":"BreadcrumbList","@id":"https:\/\/demkohome.pl\/produkt\/duze-biurko-narozne-slash\/#breadcrumb","itemListElement":[{"@type":"ListItem","position":1,"name":"Strona g\u0142\u00f3wna","item":"https:\/\/demkohome.pl\/"},{"@type":"ListItem","position":2,"name":"Sklep","item":"https:\/\/demkohome.pl\/sklep\/"},{"@type":"ListItem","position":3,"name":"Biurko naro\u017cne Slash"}]},{"@type":"WebSite","@id":"https:\/\/demkohome.pl\/#website","url":"https:\/\/demkohome.pl\/","name":"Demko Home","description":"Make it simple","publisher":{"@id":"https:\/\/demkohome.pl\/#organization"},"potentialAction":[{"@type":"SearchAction","target":{"@type":"EntryPoint","urlTemplate":"https:\/\/demkohome.pl\/?s={search_term_string}"},"query-input":{"@type":"PropertyValueSpecification","valueRequired":true,"valueName":"search_term_string"}}],"inLanguage":"en-US"},{"@type":"Organization","@id":"https:\/\/demkohome.pl\/#organization","name":"Demko Home","url":"https:\/\/demkohome.pl\/","logo":{"@type":"ImageObject","inLanguage":"en-US","@id":"https:\/\/demkohome.pl\/#\/schema\/logo\/image\/","url":"https:\/\/demkohome.pl\/wp-content\/uploads\/2026\/03\/cropped-3.png","contentUrl":"https:\/\/demkohome.pl\/wp-content\/uploads\/2026\/03\/cropped-3.png","width":250,"height":63,"caption":"Demko Home"},"image":{"@id":"https:\/\/demkohome.pl\/#\/schema\/logo\/image\/"}}]}},"_links":{"self":[{"href":"https:\/\/demkohome.pl\/en\/wp-json\/wp\/v2\/product\/2388","targetHints":{"allow":["GET"]}}],"collection":[{"href":"https:\/\/demkohome.pl\/en\/wp-json\/wp\/v2\/product"}],"about":[{"href":"https:\/\/demkohome.pl\/en\/wp-json\/wp\/v2\/types\/product"}],"replies":[{"embeddable":true,"href":"https:\/\/demkohome.pl\/en\/wp-json\/wp\/v2\/comments?post=2388"}],"wp:featuredmedia":[{"embeddable":true,"href":"https:\/\/demkohome.pl\/en\/wp-json\/wp\/v2\/media\/11938"}],"wp:attachment":[{"href":"https:\/\/demkohome.pl\/en\/wp-json\/wp\/v2\/media?parent=2388"}],"wp:term":[{"taxonomy":"product_brand","embeddable":true,"href":"https:\/\/demkohome.pl\/en\/wp-json\/wp\/v2\/product_brand?post=2388"},{"taxonomy":"product_cat","embeddable":true,"href":"https:\/\/demkohome.pl\/en\/wp-json\/wp\/v2\/product_cat?post=2388"},{"taxonomy":"product_tag","embeddable":true,"href":"https:\/\/demkohome.pl\/en\/wp-json\/wp\/v2\/product_tag?post=2388"}],"curies":[{"name":"wp","href":"https:\/\/api.w.org\/{rel}","templated":true}]}}