{"id":2404,"date":"2023-08-28T13:15:00","date_gmt":"2023-08-28T11:15:00","guid":{"rendered":"https:\/\/demkohome.pl\/produkt\/pojemnik-slash\/"},"modified":"2026-04-22T09:29:01","modified_gmt":"2026-04-22T07:29:01","slug":"pojemnik-biurowy-slash","status":"publish","type":"product","link":"https:\/\/demkohome.pl\/en\/product\/pojemnik-biurowy-slash\/","title":{"rendered":"Slash office container"},"content":{"rendered":"<div style=\"font-family: 'Noto Sans', sans-serif; font-size: 17px;\">\n<h3>Slash document container - keeping things efficiently organized<\/h3>\n<p>The Slash container is a multifunctional organizer designed for storing and organizing office supplies and documents. It is a compatible complement to all the bookcases in the Slash collection, whose shelves are sized to fit the Slash office container. Available in three colors: concrete, white and San Remo brown, and simple in design, this container works well for storing both office supplies and personal belongings. The ergonomic, contoured fronts of the product make it easy to retrieve the container, for example, from a bookcase or other place, which increases its functionality and aesthetic value. The Slash container effectively helps keep your closet, closet, room or office tidy.<\/p>\n<h3>Slash office container - technical information<\/h3>\n<p>The body and fronts of the Slash office container (measuring 35.5 x 33.5 x 32.2 cm) are made of sturdy 16 mm thick laminated chipboard, while the edges are made of durable PVC material. The use of these technological solutions was intended to increase the container's resistance to abrasion and damage while facilitating its daily functionality. A 2.5 mm thick HDF board was used as the bottom of the container. The fronts are available in three color variants, while the rest of the structure is designed in white.<\/p>\n<p>The kit includes instructions and the necessary tools for self-assembly.<\/p>\n<\/div>\n<p>&nbsp;<\/p>","protected":false},"excerpt":{"rendered":"<p>Pojemnik na dokumenty Slash &#8211; skuteczne utrzymanie porz\u0105dku Pojemnik Slash to wielofunkcyjny organizer stworzony z my\u015bl\u0105 o przechowywaniu i organizowaniu (&#8230;)<\/p>","protected":false},"featured_media":8559,"comment_status":"open","ping_status":"closed","template":"","meta":{"_acf_changed":false,"inline_featured_image":false},"product_brand":[],"product_cat":[145,136,144,139],"product_tag":[],"class_list":{"0":"post-2404","1":"product","2":"type-product","3":"status-publish","4":"has-post-thumbnail","6":"product_cat-biuro","7":"product_cat-kontenerki","8":"product_cat-pokoj","9":"product_cat-pomieszczenia","10":"product_shipping_class-paczka-st-x-1","11":"collection-back-to-study","12":"collection-slash","14":"first","15":"instock","16":"shipping-taxable","17":"purchasable","18":"product-type-variable","19":"has-default-attributes"},"acf":[],"yoast_head":"<!-- This site is optimized with the Yoast SEO plugin v27.4 - https:\/\/yoast.com\/product\/yoast-seo-wordpress\/ -->\n<title>Pojemnik biurowy Slash - Demko Home<\/title>\n<meta name=\"robots\" content=\"index, follow, max-snippet:-1, max-image-preview:large, max-video-preview:-1\" \/>\n<link rel=\"canonical\" href=\"https:\/\/demkohome.pl\/en\/product\/pojemnik-biurowy-slash\/\" \/>\n<meta property=\"og:locale\" content=\"en_US\" \/>\n<meta property=\"og:type\" content=\"article\" \/>\n<meta property=\"og:title\" content=\"Pojemnik biurowy Slash - Demko Home\" \/>\n<meta property=\"og:description\" content=\"Pojemnik na dokumenty Slash &#8211; skuteczne utrzymanie porz\u0105dku Pojemnik Slash to wielofunkcyjny organizer stworzony z my\u015bl\u0105 o przechowywaniu i organizowaniu (...)\" \/>\n<meta property=\"og:url\" content=\"https:\/\/demkohome.pl\/en\/product\/pojemnik-biurowy-slash\/\" \/>\n<meta property=\"og:site_name\" content=\"Demko Home\" \/>\n<meta property=\"article:modified_time\" content=\"2026-04-22T07:29:01+00:00\" \/>\n<meta property=\"og:image\" content=\"https:\/\/demkohome.pl\/wp-content\/uploads\/2023\/08\/Pojemnik-biurowy-Slash-kolor-braz-San-Remo-Meble-Okmed-Demko.png\" \/>\n\t<meta property=\"og:image:width\" content=\"1920\" \/>\n\t<meta property=\"og:image:height\" content=\"1920\" \/>\n\t<meta property=\"og:image:type\" content=\"image\/png\" \/>\n<meta name=\"twitter:card\" content=\"summary_large_image\" \/>\n<meta name=\"twitter:label1\" content=\"Est. reading time\" \/>\n\t<meta name=\"twitter:data1\" content=\"4 minutes\" \/>\n<script type=\"application\/ld+json\" class=\"yoast-schema-graph\">{\"@context\":\"https:\\\/\\\/schema.org\",\"@graph\":[{\"@type\":\"WebPage\",\"@id\":\"https:\\\/\\\/demkohome.pl\\\/produkt\\\/pojemnik-biurowy-slash\\\/\",\"url\":\"https:\\\/\\\/demkohome.pl\\\/produkt\\\/pojemnik-biurowy-slash\\\/\",\"name\":\"Pojemnik biurowy Slash - Demko Home\",\"isPartOf\":{\"@id\":\"https:\\\/\\\/demkohome.pl\\\/#website\"},\"primaryImageOfPage\":{\"@id\":\"https:\\\/\\\/demkohome.pl\\\/produkt\\\/pojemnik-biurowy-slash\\\/#primaryimage\"},\"image\":{\"@id\":\"https:\\\/\\\/demkohome.pl\\\/produkt\\\/pojemnik-biurowy-slash\\\/#primaryimage\"},\"thumbnailUrl\":\"https:\\\/\\\/demkohome.pl\\\/wp-content\\\/uploads\\\/2023\\\/08\\\/Pojemnik-biurowy-Slash-kolor-braz-San-Remo-Meble-Okmed-Demko.png\",\"datePublished\":\"2023-08-28T11:15:00+00:00\",\"dateModified\":\"2026-04-22T07:29:01+00:00\",\"breadcrumb\":{\"@id\":\"https:\\\/\\\/demkohome.pl\\\/produkt\\\/pojemnik-biurowy-slash\\\/#breadcrumb\"},\"inLanguage\":\"en-US\",\"potentialAction\":[{\"@type\":\"ReadAction\",\"target\":[\"https:\\\/\\\/demkohome.pl\\\/produkt\\\/pojemnik-biurowy-slash\\\/\"]}]},{\"@type\":\"ImageObject\",\"inLanguage\":\"en-US\",\"@id\":\"https:\\\/\\\/demkohome.pl\\\/produkt\\\/pojemnik-biurowy-slash\\\/#primaryimage\",\"url\":\"https:\\\/\\\/demkohome.pl\\\/wp-content\\\/uploads\\\/2023\\\/08\\\/Pojemnik-biurowy-Slash-kolor-braz-San-Remo-Meble-Okmed-Demko.png\",\"contentUrl\":\"https:\\\/\\\/demkohome.pl\\\/wp-content\\\/uploads\\\/2023\\\/08\\\/Pojemnik-biurowy-Slash-kolor-braz-San-Remo-Meble-Okmed-Demko.png\",\"width\":1920,\"height\":1920,\"caption\":\"Pojemnik biurowy Slash kolor braz San Remo Meble Okmed Demko\"},{\"@type\":\"BreadcrumbList\",\"@id\":\"https:\\\/\\\/demkohome.pl\\\/produkt\\\/pojemnik-biurowy-slash\\\/#breadcrumb\",\"itemListElement\":[{\"@type\":\"ListItem\",\"position\":1,\"name\":\"Strona g\u0142\u00f3wna\",\"item\":\"https:\\\/\\\/demkohome.pl\\\/\"},{\"@type\":\"ListItem\",\"position\":2,\"name\":\"Sklep\",\"item\":\"https:\\\/\\\/demkohome.pl\\\/sklep\\\/\"},{\"@type\":\"ListItem\",\"position\":3,\"name\":\"Pojemnik biurowy Slash\"}]},{\"@type\":\"WebSite\",\"@id\":\"https:\\\/\\\/demkohome.pl\\\/#website\",\"url\":\"https:\\\/\\\/demkohome.pl\\\/\",\"name\":\"Demko Home\",\"description\":\"Make it simple\",\"publisher\":{\"@id\":\"https:\\\/\\\/demkohome.pl\\\/#organization\"},\"potentialAction\":[{\"@type\":\"SearchAction\",\"target\":{\"@type\":\"EntryPoint\",\"urlTemplate\":\"https:\\\/\\\/demkohome.pl\\\/?s={search_term_string}\"},\"query-input\":{\"@type\":\"PropertyValueSpecification\",\"valueRequired\":true,\"valueName\":\"search_term_string\"}}],\"inLanguage\":\"en-US\"},{\"@type\":\"Organization\",\"@id\":\"https:\\\/\\\/demkohome.pl\\\/#organization\",\"name\":\"Demko Home\",\"url\":\"https:\\\/\\\/demkohome.pl\\\/\",\"logo\":{\"@type\":\"ImageObject\",\"inLanguage\":\"en-US\",\"@id\":\"https:\\\/\\\/demkohome.pl\\\/#\\\/schema\\\/logo\\\/image\\\/\",\"url\":\"https:\\\/\\\/demkohome.pl\\\/wp-content\\\/uploads\\\/2026\\\/03\\\/cropped-3.png\",\"contentUrl\":\"https:\\\/\\\/demkohome.pl\\\/wp-content\\\/uploads\\\/2026\\\/03\\\/cropped-3.png\",\"width\":250,\"height\":63,\"caption\":\"Demko Home\"},\"image\":{\"@id\":\"https:\\\/\\\/demkohome.pl\\\/#\\\/schema\\\/logo\\\/image\\\/\"}}]}<\/script>\n<!-- \/ Yoast SEO plugin. -->","yoast_head_json":{"title":"Pojemnik biurowy Slash - Demko Home","robots":{"index":"index","follow":"follow","max-snippet":"max-snippet:-1","max-image-preview":"max-image-preview:large","max-video-preview":"max-video-preview:-1"},"canonical":"https:\/\/demkohome.pl\/en\/product\/pojemnik-biurowy-slash\/","og_locale":"en_US","og_type":"article","og_title":"Pojemnik biurowy Slash - Demko Home","og_description":"Pojemnik na dokumenty Slash &#8211; skuteczne utrzymanie porz\u0105dku Pojemnik Slash to wielofunkcyjny organizer stworzony z my\u015bl\u0105 o przechowywaniu i organizowaniu (...)","og_url":"https:\/\/demkohome.pl\/en\/product\/pojemnik-biurowy-slash\/","og_site_name":"Demko Home","article_modified_time":"2026-04-22T07:29:01+00:00","og_image":[{"width":1920,"height":1920,"url":"https:\/\/demkohome.pl\/wp-content\/uploads\/2023\/08\/Pojemnik-biurowy-Slash-kolor-braz-San-Remo-Meble-Okmed-Demko.png","type":"image\/png"}],"twitter_card":"summary_large_image","twitter_misc":{"Est. reading time":"4 minutes"},"schema":{"@context":"https:\/\/schema.org","@graph":[{"@type":"WebPage","@id":"https:\/\/demkohome.pl\/produkt\/pojemnik-biurowy-slash\/","url":"https:\/\/demkohome.pl\/produkt\/pojemnik-biurowy-slash\/","name":"Pojemnik biurowy Slash - Demko Home","isPartOf":{"@id":"https:\/\/demkohome.pl\/#website"},"primaryImageOfPage":{"@id":"https:\/\/demkohome.pl\/produkt\/pojemnik-biurowy-slash\/#primaryimage"},"image":{"@id":"https:\/\/demkohome.pl\/produkt\/pojemnik-biurowy-slash\/#primaryimage"},"thumbnailUrl":"https:\/\/demkohome.pl\/wp-content\/uploads\/2023\/08\/Pojemnik-biurowy-Slash-kolor-braz-San-Remo-Meble-Okmed-Demko.png","datePublished":"2023-08-28T11:15:00+00:00","dateModified":"2026-04-22T07:29:01+00:00","breadcrumb":{"@id":"https:\/\/demkohome.pl\/produkt\/pojemnik-biurowy-slash\/#breadcrumb"},"inLanguage":"en-US","potentialAction":[{"@type":"ReadAction","target":["https:\/\/demkohome.pl\/produkt\/pojemnik-biurowy-slash\/"]}]},{"@type":"ImageObject","inLanguage":"en-US","@id":"https:\/\/demkohome.pl\/produkt\/pojemnik-biurowy-slash\/#primaryimage","url":"https:\/\/demkohome.pl\/wp-content\/uploads\/2023\/08\/Pojemnik-biurowy-Slash-kolor-braz-San-Remo-Meble-Okmed-Demko.png","contentUrl":"https:\/\/demkohome.pl\/wp-content\/uploads\/2023\/08\/Pojemnik-biurowy-Slash-kolor-braz-San-Remo-Meble-Okmed-Demko.png","width":1920,"height":1920,"caption":"Pojemnik biurowy Slash kolor braz San Remo Meble Okmed Demko"},{"@type":"BreadcrumbList","@id":"https:\/\/demkohome.pl\/produkt\/pojemnik-biurowy-slash\/#breadcrumb","itemListElement":[{"@type":"ListItem","position":1,"name":"Strona g\u0142\u00f3wna","item":"https:\/\/demkohome.pl\/"},{"@type":"ListItem","position":2,"name":"Sklep","item":"https:\/\/demkohome.pl\/sklep\/"},{"@type":"ListItem","position":3,"name":"Pojemnik biurowy Slash"}]},{"@type":"WebSite","@id":"https:\/\/demkohome.pl\/#website","url":"https:\/\/demkohome.pl\/","name":"Demko Home","description":"Make it simple","publisher":{"@id":"https:\/\/demkohome.pl\/#organization"},"potentialAction":[{"@type":"SearchAction","target":{"@type":"EntryPoint","urlTemplate":"https:\/\/demkohome.pl\/?s={search_term_string}"},"query-input":{"@type":"PropertyValueSpecification","valueRequired":true,"valueName":"search_term_string"}}],"inLanguage":"en-US"},{"@type":"Organization","@id":"https:\/\/demkohome.pl\/#organization","name":"Demko Home","url":"https:\/\/demkohome.pl\/","logo":{"@type":"ImageObject","inLanguage":"en-US","@id":"https:\/\/demkohome.pl\/#\/schema\/logo\/image\/","url":"https:\/\/demkohome.pl\/wp-content\/uploads\/2026\/03\/cropped-3.png","contentUrl":"https:\/\/demkohome.pl\/wp-content\/uploads\/2026\/03\/cropped-3.png","width":250,"height":63,"caption":"Demko Home"},"image":{"@id":"https:\/\/demkohome.pl\/#\/schema\/logo\/image\/"}}]}},"_links":{"self":[{"href":"https:\/\/demkohome.pl\/en\/wp-json\/wp\/v2\/product\/2404","targetHints":{"allow":["GET"]}}],"collection":[{"href":"https:\/\/demkohome.pl\/en\/wp-json\/wp\/v2\/product"}],"about":[{"href":"https:\/\/demkohome.pl\/en\/wp-json\/wp\/v2\/types\/product"}],"replies":[{"embeddable":true,"href":"https:\/\/demkohome.pl\/en\/wp-json\/wp\/v2\/comments?post=2404"}],"wp:featuredmedia":[{"embeddable":true,"href":"https:\/\/demkohome.pl\/en\/wp-json\/wp\/v2\/media\/8559"}],"wp:attachment":[{"href":"https:\/\/demkohome.pl\/en\/wp-json\/wp\/v2\/media?parent=2404"}],"wp:term":[{"taxonomy":"product_brand","embeddable":true,"href":"https:\/\/demkohome.pl\/en\/wp-json\/wp\/v2\/product_brand?post=2404"},{"taxonomy":"product_cat","embeddable":true,"href":"https:\/\/demkohome.pl\/en\/wp-json\/wp\/v2\/product_cat?post=2404"},{"taxonomy":"product_tag","embeddable":true,"href":"https:\/\/demkohome.pl\/en\/wp-json\/wp\/v2\/product_tag?post=2404"}],"curies":[{"name":"wp","href":"https:\/\/api.w.org\/{rel}","templated":true}]}}