{"id":33468,"date":"2025-05-30T11:27:57","date_gmt":"2025-05-30T09:27:57","guid":{"rendered":"https:\/\/demkohome.pl\/?post_type=product&#038;p=33468"},"modified":"2026-04-24T15:16:40","modified_gmt":"2026-04-24T13:16:40","slug":"segment-pokojowy-lotus","status":"publish","type":"product","link":"https:\/\/demkohome.pl\/en\/product\/segment-pokojowy-lotus\/","title":{"rendered":"Lotus room segment"},"content":{"rendered":"<h3 data-start=\"89\" data-end=\"155\">Lotus room sectional - modern elegance and functionality<\/h3>\n<p data-start=\"157\" data-end=\"481\">The Lotus room sectional is a combination of modern design and the warmth of natural wood, which fits perfectly into the design of contemporary living rooms. The set consists of hanging display cabinets, RTV chest of drawers and a wall shelf - each part has been designed with aesthetics, ergonomics and practical storage in mind.<\/p>\n<p data-start=\"483\" data-end=\"782\">Hanging showcases, equipped with illuminated niches, are ideal for displaying decorations or favorite china, adding a cozy atmosphere to the interior. RTV dresser with a wide top will accommodate even a large TV, and capacious drawers and cabinets will allow you to organize electronics and household accessories.<\/p>\n<p data-start=\"784\" data-end=\"984\">The set is made of high quality materials: natural wood decor carcasses and fronts contrast with smooth, matte graphite-colored elements, which gives the whole set a unique character.<\/p>\n<p data-start=\"1242\" data-end=\"1399\">Lotus segment is a proposal for people who appreciate minimalist style, functionality and high quality of workmanship. An excellent choice for modern interiors.<\/p>","protected":false},"excerpt":{"rendered":"<p>Segment pokojowy Lotus \u2013 nowoczesna elegancja i funkcjonalno\u015b\u0107 Segment pokojowy Lotus to po\u0142\u0105czenie nowoczesnego wzornictwa z ciep\u0142em naturalnego drewna, kt\u00f3re (&#8230;)<\/p>","protected":false},"featured_media":517949,"comment_status":"open","ping_status":"closed","template":"","meta":{"_acf_changed":false,"inline_featured_image":false},"product_brand":[],"product_cat":[150,153],"product_tag":[],"class_list":{"0":"post-33468","1":"product","2":"type-product","3":"status-publish","4":"has-post-thumbnail","6":"product_cat-mebloscianki","7":"product_cat-mebloscianki-rtv","8":"product_shipping_class-paleta-200-cm-x-80cm","9":"collection-lotus","10":"collection-segmenty-pokojowe","12":"first","13":"instock","14":"sale","15":"shipping-taxable","16":"purchasable","17":"product-type-simple"},"acf":[],"yoast_head":"<!-- This site is optimized with the Yoast SEO plugin v27.4 - https:\/\/yoast.com\/product\/yoast-seo-wordpress\/ -->\n<title>Segment pokojowy Lotus - Demko Home<\/title>\n<meta name=\"robots\" content=\"index, follow, max-snippet:-1, max-image-preview:large, max-video-preview:-1\" \/>\n<link rel=\"canonical\" href=\"https:\/\/demkohome.pl\/en\/product\/segment-pokojowy-lotus\/\" \/>\n<meta property=\"og:locale\" content=\"en_US\" \/>\n<meta property=\"og:type\" content=\"article\" \/>\n<meta property=\"og:title\" content=\"Segment pokojowy Lotus - Demko Home\" \/>\n<meta property=\"og:description\" content=\"Segment pokojowy Lotus \u2013 nowoczesna elegancja i funkcjonalno\u015b\u0107 Segment pokojowy Lotus to po\u0142\u0105czenie nowoczesnego wzornictwa z ciep\u0142em naturalnego drewna, kt\u00f3re (...)\" \/>\n<meta property=\"og:url\" content=\"https:\/\/demkohome.pl\/en\/product\/segment-pokojowy-lotus\/\" \/>\n<meta property=\"og:site_name\" content=\"Demko Home\" \/>\n<meta property=\"article:modified_time\" content=\"2026-04-24T13:16:40+00:00\" \/>\n<meta property=\"og:image\" content=\"https:\/\/demkohome.pl\/wp-content\/uploads\/2025\/05\/LOTUS-PACKSHOT-1024x687.png\" \/>\n\t<meta property=\"og:image:width\" content=\"1024\" \/>\n\t<meta property=\"og:image:height\" content=\"687\" \/>\n\t<meta property=\"og:image:type\" content=\"image\/png\" \/>\n<meta name=\"twitter:card\" content=\"summary_large_image\" \/>\n<meta name=\"twitter:label1\" content=\"Est. reading time\" \/>\n\t<meta name=\"twitter:data1\" content=\"2 minutes\" \/>\n<script type=\"application\/ld+json\" class=\"yoast-schema-graph\">{\"@context\":\"https:\\\/\\\/schema.org\",\"@graph\":[{\"@type\":\"WebPage\",\"@id\":\"https:\\\/\\\/demkohome.pl\\\/produkt\\\/segment-pokojowy-lotus\\\/\",\"url\":\"https:\\\/\\\/demkohome.pl\\\/produkt\\\/segment-pokojowy-lotus\\\/\",\"name\":\"Segment pokojowy Lotus - Demko Home\",\"isPartOf\":{\"@id\":\"https:\\\/\\\/demkohome.pl\\\/#website\"},\"primaryImageOfPage\":{\"@id\":\"https:\\\/\\\/demkohome.pl\\\/produkt\\\/segment-pokojowy-lotus\\\/#primaryimage\"},\"image\":{\"@id\":\"https:\\\/\\\/demkohome.pl\\\/produkt\\\/segment-pokojowy-lotus\\\/#primaryimage\"},\"thumbnailUrl\":\"https:\\\/\\\/demkohome.pl\\\/wp-content\\\/uploads\\\/2025\\\/05\\\/LOTUS-PACKSHOT.png\",\"datePublished\":\"2025-05-30T09:27:57+00:00\",\"dateModified\":\"2026-04-24T13:16:40+00:00\",\"breadcrumb\":{\"@id\":\"https:\\\/\\\/demkohome.pl\\\/produkt\\\/segment-pokojowy-lotus\\\/#breadcrumb\"},\"inLanguage\":\"en-US\",\"potentialAction\":[{\"@type\":\"ReadAction\",\"target\":[\"https:\\\/\\\/demkohome.pl\\\/produkt\\\/segment-pokojowy-lotus\\\/\"]}]},{\"@type\":\"ImageObject\",\"inLanguage\":\"en-US\",\"@id\":\"https:\\\/\\\/demkohome.pl\\\/produkt\\\/segment-pokojowy-lotus\\\/#primaryimage\",\"url\":\"https:\\\/\\\/demkohome.pl\\\/wp-content\\\/uploads\\\/2025\\\/05\\\/LOTUS-PACKSHOT.png\",\"contentUrl\":\"https:\\\/\\\/demkohome.pl\\\/wp-content\\\/uploads\\\/2025\\\/05\\\/LOTUS-PACKSHOT.png\",\"width\":2528,\"height\":1696},{\"@type\":\"BreadcrumbList\",\"@id\":\"https:\\\/\\\/demkohome.pl\\\/produkt\\\/segment-pokojowy-lotus\\\/#breadcrumb\",\"itemListElement\":[{\"@type\":\"ListItem\",\"position\":1,\"name\":\"Strona g\u0142\u00f3wna\",\"item\":\"https:\\\/\\\/demkohome.pl\\\/\"},{\"@type\":\"ListItem\",\"position\":2,\"name\":\"Sklep\",\"item\":\"https:\\\/\\\/demkohome.pl\\\/sklep\\\/\"},{\"@type\":\"ListItem\",\"position\":3,\"name\":\"Segment pokojowy Lotus\"}]},{\"@type\":\"WebSite\",\"@id\":\"https:\\\/\\\/demkohome.pl\\\/#website\",\"url\":\"https:\\\/\\\/demkohome.pl\\\/\",\"name\":\"Demko Home\",\"description\":\"Make it simple\",\"publisher\":{\"@id\":\"https:\\\/\\\/demkohome.pl\\\/#organization\"},\"potentialAction\":[{\"@type\":\"SearchAction\",\"target\":{\"@type\":\"EntryPoint\",\"urlTemplate\":\"https:\\\/\\\/demkohome.pl\\\/?s={search_term_string}\"},\"query-input\":{\"@type\":\"PropertyValueSpecification\",\"valueRequired\":true,\"valueName\":\"search_term_string\"}}],\"inLanguage\":\"en-US\"},{\"@type\":\"Organization\",\"@id\":\"https:\\\/\\\/demkohome.pl\\\/#organization\",\"name\":\"Demko Home\",\"url\":\"https:\\\/\\\/demkohome.pl\\\/\",\"logo\":{\"@type\":\"ImageObject\",\"inLanguage\":\"en-US\",\"@id\":\"https:\\\/\\\/demkohome.pl\\\/#\\\/schema\\\/logo\\\/image\\\/\",\"url\":\"https:\\\/\\\/demkohome.pl\\\/wp-content\\\/uploads\\\/2026\\\/03\\\/cropped-3.png\",\"contentUrl\":\"https:\\\/\\\/demkohome.pl\\\/wp-content\\\/uploads\\\/2026\\\/03\\\/cropped-3.png\",\"width\":250,\"height\":63,\"caption\":\"Demko Home\"},\"image\":{\"@id\":\"https:\\\/\\\/demkohome.pl\\\/#\\\/schema\\\/logo\\\/image\\\/\"}}]}<\/script>\n<!-- \/ Yoast SEO plugin. -->","yoast_head_json":{"title":"Segment pokojowy Lotus - Demko Home","robots":{"index":"index","follow":"follow","max-snippet":"max-snippet:-1","max-image-preview":"max-image-preview:large","max-video-preview":"max-video-preview:-1"},"canonical":"https:\/\/demkohome.pl\/en\/product\/segment-pokojowy-lotus\/","og_locale":"en_US","og_type":"article","og_title":"Segment pokojowy Lotus - Demko Home","og_description":"Segment pokojowy Lotus \u2013 nowoczesna elegancja i funkcjonalno\u015b\u0107 Segment pokojowy Lotus to po\u0142\u0105czenie nowoczesnego wzornictwa z ciep\u0142em naturalnego drewna, kt\u00f3re (...)","og_url":"https:\/\/demkohome.pl\/en\/product\/segment-pokojowy-lotus\/","og_site_name":"Demko Home","article_modified_time":"2026-04-24T13:16:40+00:00","og_image":[{"width":1024,"height":687,"url":"https:\/\/demkohome.pl\/wp-content\/uploads\/2025\/05\/LOTUS-PACKSHOT-1024x687.png","type":"image\/png"}],"twitter_card":"summary_large_image","twitter_misc":{"Est. reading time":"2 minutes"},"schema":{"@context":"https:\/\/schema.org","@graph":[{"@type":"WebPage","@id":"https:\/\/demkohome.pl\/produkt\/segment-pokojowy-lotus\/","url":"https:\/\/demkohome.pl\/produkt\/segment-pokojowy-lotus\/","name":"Segment pokojowy Lotus - Demko Home","isPartOf":{"@id":"https:\/\/demkohome.pl\/#website"},"primaryImageOfPage":{"@id":"https:\/\/demkohome.pl\/produkt\/segment-pokojowy-lotus\/#primaryimage"},"image":{"@id":"https:\/\/demkohome.pl\/produkt\/segment-pokojowy-lotus\/#primaryimage"},"thumbnailUrl":"https:\/\/demkohome.pl\/wp-content\/uploads\/2025\/05\/LOTUS-PACKSHOT.png","datePublished":"2025-05-30T09:27:57+00:00","dateModified":"2026-04-24T13:16:40+00:00","breadcrumb":{"@id":"https:\/\/demkohome.pl\/produkt\/segment-pokojowy-lotus\/#breadcrumb"},"inLanguage":"en-US","potentialAction":[{"@type":"ReadAction","target":["https:\/\/demkohome.pl\/produkt\/segment-pokojowy-lotus\/"]}]},{"@type":"ImageObject","inLanguage":"en-US","@id":"https:\/\/demkohome.pl\/produkt\/segment-pokojowy-lotus\/#primaryimage","url":"https:\/\/demkohome.pl\/wp-content\/uploads\/2025\/05\/LOTUS-PACKSHOT.png","contentUrl":"https:\/\/demkohome.pl\/wp-content\/uploads\/2025\/05\/LOTUS-PACKSHOT.png","width":2528,"height":1696},{"@type":"BreadcrumbList","@id":"https:\/\/demkohome.pl\/produkt\/segment-pokojowy-lotus\/#breadcrumb","itemListElement":[{"@type":"ListItem","position":1,"name":"Strona g\u0142\u00f3wna","item":"https:\/\/demkohome.pl\/"},{"@type":"ListItem","position":2,"name":"Sklep","item":"https:\/\/demkohome.pl\/sklep\/"},{"@type":"ListItem","position":3,"name":"Segment pokojowy Lotus"}]},{"@type":"WebSite","@id":"https:\/\/demkohome.pl\/#website","url":"https:\/\/demkohome.pl\/","name":"Demko Home","description":"Make it simple","publisher":{"@id":"https:\/\/demkohome.pl\/#organization"},"potentialAction":[{"@type":"SearchAction","target":{"@type":"EntryPoint","urlTemplate":"https:\/\/demkohome.pl\/?s={search_term_string}"},"query-input":{"@type":"PropertyValueSpecification","valueRequired":true,"valueName":"search_term_string"}}],"inLanguage":"en-US"},{"@type":"Organization","@id":"https:\/\/demkohome.pl\/#organization","name":"Demko Home","url":"https:\/\/demkohome.pl\/","logo":{"@type":"ImageObject","inLanguage":"en-US","@id":"https:\/\/demkohome.pl\/#\/schema\/logo\/image\/","url":"https:\/\/demkohome.pl\/wp-content\/uploads\/2026\/03\/cropped-3.png","contentUrl":"https:\/\/demkohome.pl\/wp-content\/uploads\/2026\/03\/cropped-3.png","width":250,"height":63,"caption":"Demko Home"},"image":{"@id":"https:\/\/demkohome.pl\/#\/schema\/logo\/image\/"}}]}},"_links":{"self":[{"href":"https:\/\/demkohome.pl\/en\/wp-json\/wp\/v2\/product\/33468","targetHints":{"allow":["GET"]}}],"collection":[{"href":"https:\/\/demkohome.pl\/en\/wp-json\/wp\/v2\/product"}],"about":[{"href":"https:\/\/demkohome.pl\/en\/wp-json\/wp\/v2\/types\/product"}],"replies":[{"embeddable":true,"href":"https:\/\/demkohome.pl\/en\/wp-json\/wp\/v2\/comments?post=33468"}],"wp:featuredmedia":[{"embeddable":true,"href":"https:\/\/demkohome.pl\/en\/wp-json\/wp\/v2\/media\/517949"}],"wp:attachment":[{"href":"https:\/\/demkohome.pl\/en\/wp-json\/wp\/v2\/media?parent=33468"}],"wp:term":[{"taxonomy":"product_brand","embeddable":true,"href":"https:\/\/demkohome.pl\/en\/wp-json\/wp\/v2\/product_brand?post=33468"},{"taxonomy":"product_cat","embeddable":true,"href":"https:\/\/demkohome.pl\/en\/wp-json\/wp\/v2\/product_cat?post=33468"},{"taxonomy":"product_tag","embeddable":true,"href":"https:\/\/demkohome.pl\/en\/wp-json\/wp\/v2\/product_tag?post=33468"}],"curies":[{"name":"wp","href":"https:\/\/api.w.org\/{rel}","templated":true}]}}