{"id":34694,"date":"2025-06-04T14:19:07","date_gmt":"2025-06-04T12:19:07","guid":{"rendered":"https:\/\/demkohome.pl\/?post_type=product&#038;p=34694"},"modified":"2025-12-05T09:08:42","modified_gmt":"2025-12-05T08:08:42","slug":"naroznik-ambro-u","status":"publish","type":"product","link":"https:\/\/demkohome.pl\/en\/product\/naroznik-ambro-u\/","title":{"rendered":"Ambro U corner sofa"},"content":{"rendered":"<h3 data-start=\"131\" data-end=\"199\"><strong data-start=\"135\" data-end=\"199\">Ambro U corner sofa - a space of comfort in a modern edition<\/strong><\/h3>\n<p data-start=\"201\" data-end=\"535\">The Ambro U from Demko Home is for those who appreciate maximum comfort, a large seating area and a sleek, modern design. This impressive U-shaped corner sofa will perfectly fill a spacious living room, offering a comfortable place for daily relaxation, meetings with loved ones and evening lounging. With a width of as much as 303 cm and a depth of 140 cm, this model offers an exceptionally large sleeping area - 271 \u00d7 130 cm, which you can easily obtain thanks to the fold-out sleeping function. Convenient mechanism and bedding container make Ambro U also prove itself as a practical bed for guests.<\/p>\n<p data-start=\"847\" data-end=\"1081\">The structure of the corner sofa is made of solid wood and particle board, which guarantees durability and stability. The filling of T30 foam and corrugated spring provides adequate support, seating comfort and resistance to deformation. Ambro U corner sofa is a freestanding model - it has an upholstered back, which allows you to set it anywhere in the room, even in the middle of the living room. Additional features include five double-sided zippered backrest cushions - easy to remove and keep clean. The whole set is complemented by low, black plastic legs with a height of 4.5 cm.<\/p>\n<p><img loading=\"lazy\" decoding=\"async\" class=\"alignnone wp-image-12132\" src=\"https:\/\/demkohome.pl\/wp-content\/uploads\/2025\/06\/poso-100-4-scaled.jpg\" alt=\"\" width=\"2345\" height=\"1336\" \/><\/p>\n<p><strong>The most important features of the Ambro U corner:<\/strong><\/p>\n<ul data-start=\"1491\" data-end=\"1880\">\n<li data-start=\"1491\" data-end=\"1548\">\n<p data-start=\"1493\" data-end=\"1548\">U-type corner - ideal for larger spaces<\/p>\n<\/li>\n<li data-start=\"1549\" data-end=\"1612\">\n<p data-start=\"1551\" data-end=\"1612\">Sleeping surface 271 \u00d7 130 cm - comfortable and spacious<\/p>\n<\/li>\n<li data-start=\"1613\" data-end=\"1656\">\n<p data-start=\"1615\" data-end=\"1656\">Sleeping function + bedding container<\/p>\n<\/li>\n<li data-start=\"1657\" data-end=\"1715\">\n<p data-start=\"1659\" data-end=\"1715\">Comfortable seat: T30 foam + corrugated spring<\/p>\n<\/li>\n<li data-start=\"1716\" data-end=\"1768\">\n<p data-start=\"1718\" data-end=\"1768\">5 backrest cushions with zipper - double-sided<\/p>\n<\/li>\n<li data-start=\"1769\" data-end=\"1836\">\n<p data-start=\"1771\" data-end=\"1836\">Freestanding - upholstered back allows for any positioning<\/p>\n<\/li>\n<li data-start=\"1837\" data-end=\"1880\">\n<p data-start=\"1839\" data-end=\"1880\">Solid wood and board construction<\/p>\n<\/li>\n<\/ul>","protected":false},"excerpt":{"rendered":"<p>Naro\u017cnik Ambro U \u2013 przestrze\u0144 komfortu w nowoczesnym wydaniu Ambro U od Demko Home to propozycja dla tych, kt\u00f3rzy ceni\u0105 (&#8230;)<\/p>","protected":false},"featured_media":34716,"comment_status":"open","ping_status":"closed","template":"","meta":{"_acf_changed":false,"inline_featured_image":false},"product_brand":[],"product_cat":[294,127,307,434,362,309,139,141],"product_tag":[],"class_list":{"0":"post-34694","1":"product","2":"type-product","3":"status-publish","4":"has-post-thumbnail","6":"product_cat-meble","7":"product_cat-meble-pokojowe","8":"product_cat-meble-pokojowe-meble","9":"product_cat-narozniki-tapicerowane","10":"product_cat-narozniki","11":"product_cat-pokoje-dzienne","12":"product_cat-pomieszczenia","13":"product_cat-salon","14":"product_shipping_class-naroznik-duzy-300x200cm","15":"collection-ambro","17":"first","18":"instock","19":"shipping-taxable","20":"purchasable","21":"product-type-variable","22":"has-default-attributes"},"acf":[],"yoast_head":"<!-- This site is optimized with the Yoast SEO plugin v27.4 - https:\/\/yoast.com\/product\/yoast-seo-wordpress\/ -->\n<title>Naro\u017cnik Ambro U - Demko Home<\/title>\n<meta name=\"robots\" content=\"index, follow, max-snippet:-1, max-image-preview:large, max-video-preview:-1\" \/>\n<link rel=\"canonical\" href=\"https:\/\/demkohome.pl\/en\/product\/naroznik-ambro-u\/\" \/>\n<meta property=\"og:locale\" content=\"en_US\" \/>\n<meta property=\"og:type\" content=\"article\" \/>\n<meta property=\"og:title\" content=\"Naro\u017cnik Ambro U - Demko Home\" \/>\n<meta property=\"og:description\" content=\"Naro\u017cnik Ambro U \u2013 przestrze\u0144 komfortu w nowoczesnym wydaniu Ambro U od Demko Home to propozycja dla tych, kt\u00f3rzy ceni\u0105 (...)\" \/>\n<meta property=\"og:url\" content=\"https:\/\/demkohome.pl\/en\/product\/naroznik-ambro-u\/\" \/>\n<meta property=\"og:site_name\" content=\"Demko Home\" \/>\n<meta property=\"article:modified_time\" content=\"2025-12-05T08:08:42+00:00\" \/>\n<meta property=\"og:image\" content=\"https:\/\/demkohome.pl\/wp-content\/uploads\/2025\/06\/poso-02-1-scaled.jpg\" \/>\n\t<meta property=\"og:image:width\" content=\"2560\" \/>\n\t<meta property=\"og:image:height\" content=\"1800\" \/>\n\t<meta property=\"og:image:type\" content=\"image\/jpeg\" \/>\n<meta name=\"twitter:card\" content=\"summary_large_image\" \/>\n<meta name=\"twitter:label1\" content=\"Est. reading time\" \/>\n\t<meta name=\"twitter:data1\" content=\"3 minutes\" \/>\n<script type=\"application\/ld+json\" class=\"yoast-schema-graph\">{\"@context\":\"https:\\\/\\\/schema.org\",\"@graph\":[{\"@type\":\"WebPage\",\"@id\":\"https:\\\/\\\/demkohome.pl\\\/produkt\\\/naroznik-ambro-u\\\/\",\"url\":\"https:\\\/\\\/demkohome.pl\\\/produkt\\\/naroznik-ambro-u\\\/\",\"name\":\"Naro\u017cnik Ambro U - Demko Home\",\"isPartOf\":{\"@id\":\"https:\\\/\\\/demkohome.pl\\\/#website\"},\"primaryImageOfPage\":{\"@id\":\"https:\\\/\\\/demkohome.pl\\\/produkt\\\/naroznik-ambro-u\\\/#primaryimage\"},\"image\":{\"@id\":\"https:\\\/\\\/demkohome.pl\\\/produkt\\\/naroznik-ambro-u\\\/#primaryimage\"},\"thumbnailUrl\":\"https:\\\/\\\/demkohome.pl\\\/wp-content\\\/uploads\\\/2025\\\/06\\\/poso-02-1-scaled.jpg\",\"datePublished\":\"2025-06-04T12:19:07+00:00\",\"dateModified\":\"2025-12-05T08:08:42+00:00\",\"breadcrumb\":{\"@id\":\"https:\\\/\\\/demkohome.pl\\\/produkt\\\/naroznik-ambro-u\\\/#breadcrumb\"},\"inLanguage\":\"en-US\",\"potentialAction\":[{\"@type\":\"ReadAction\",\"target\":[\"https:\\\/\\\/demkohome.pl\\\/produkt\\\/naroznik-ambro-u\\\/\"]}]},{\"@type\":\"ImageObject\",\"inLanguage\":\"en-US\",\"@id\":\"https:\\\/\\\/demkohome.pl\\\/produkt\\\/naroznik-ambro-u\\\/#primaryimage\",\"url\":\"https:\\\/\\\/demkohome.pl\\\/wp-content\\\/uploads\\\/2025\\\/06\\\/poso-02-1-scaled.jpg\",\"contentUrl\":\"https:\\\/\\\/demkohome.pl\\\/wp-content\\\/uploads\\\/2025\\\/06\\\/poso-02-1-scaled.jpg\",\"width\":2560,\"height\":1800,\"caption\":\"Ambro U \u2013 naro\u017cnik typu U od Demko Home z funkcj\u0105 spania, pojemnikiem i pi\u0119cioma poduszkami oparciowymi\"},{\"@type\":\"BreadcrumbList\",\"@id\":\"https:\\\/\\\/demkohome.pl\\\/produkt\\\/naroznik-ambro-u\\\/#breadcrumb\",\"itemListElement\":[{\"@type\":\"ListItem\",\"position\":1,\"name\":\"Strona g\u0142\u00f3wna\",\"item\":\"https:\\\/\\\/demkohome.pl\\\/\"},{\"@type\":\"ListItem\",\"position\":2,\"name\":\"Sklep\",\"item\":\"https:\\\/\\\/demkohome.pl\\\/sklep\\\/\"},{\"@type\":\"ListItem\",\"position\":3,\"name\":\"Naro\u017cnik Ambro U\"}]},{\"@type\":\"WebSite\",\"@id\":\"https:\\\/\\\/demkohome.pl\\\/#website\",\"url\":\"https:\\\/\\\/demkohome.pl\\\/\",\"name\":\"Demko Home\",\"description\":\"Make it simple\",\"publisher\":{\"@id\":\"https:\\\/\\\/demkohome.pl\\\/#organization\"},\"potentialAction\":[{\"@type\":\"SearchAction\",\"target\":{\"@type\":\"EntryPoint\",\"urlTemplate\":\"https:\\\/\\\/demkohome.pl\\\/?s={search_term_string}\"},\"query-input\":{\"@type\":\"PropertyValueSpecification\",\"valueRequired\":true,\"valueName\":\"search_term_string\"}}],\"inLanguage\":\"en-US\"},{\"@type\":\"Organization\",\"@id\":\"https:\\\/\\\/demkohome.pl\\\/#organization\",\"name\":\"Demko Home\",\"url\":\"https:\\\/\\\/demkohome.pl\\\/\",\"logo\":{\"@type\":\"ImageObject\",\"inLanguage\":\"en-US\",\"@id\":\"https:\\\/\\\/demkohome.pl\\\/#\\\/schema\\\/logo\\\/image\\\/\",\"url\":\"https:\\\/\\\/demkohome.pl\\\/wp-content\\\/uploads\\\/2026\\\/03\\\/cropped-3.png\",\"contentUrl\":\"https:\\\/\\\/demkohome.pl\\\/wp-content\\\/uploads\\\/2026\\\/03\\\/cropped-3.png\",\"width\":250,\"height\":63,\"caption\":\"Demko Home\"},\"image\":{\"@id\":\"https:\\\/\\\/demkohome.pl\\\/#\\\/schema\\\/logo\\\/image\\\/\"}}]}<\/script>\n<!-- \/ Yoast SEO plugin. -->","yoast_head_json":{"title":"Naro\u017cnik Ambro U - Demko Home","robots":{"index":"index","follow":"follow","max-snippet":"max-snippet:-1","max-image-preview":"max-image-preview:large","max-video-preview":"max-video-preview:-1"},"canonical":"https:\/\/demkohome.pl\/en\/product\/naroznik-ambro-u\/","og_locale":"en_US","og_type":"article","og_title":"Naro\u017cnik Ambro U - Demko Home","og_description":"Naro\u017cnik Ambro U \u2013 przestrze\u0144 komfortu w nowoczesnym wydaniu Ambro U od Demko Home to propozycja dla tych, kt\u00f3rzy ceni\u0105 (...)","og_url":"https:\/\/demkohome.pl\/en\/product\/naroznik-ambro-u\/","og_site_name":"Demko Home","article_modified_time":"2025-12-05T08:08:42+00:00","og_image":[{"width":2560,"height":1800,"url":"https:\/\/demkohome.pl\/wp-content\/uploads\/2025\/06\/poso-02-1-scaled.jpg","type":"image\/jpeg"}],"twitter_card":"summary_large_image","twitter_misc":{"Est. reading time":"3 minutes"},"schema":{"@context":"https:\/\/schema.org","@graph":[{"@type":"WebPage","@id":"https:\/\/demkohome.pl\/produkt\/naroznik-ambro-u\/","url":"https:\/\/demkohome.pl\/produkt\/naroznik-ambro-u\/","name":"Naro\u017cnik Ambro U - Demko Home","isPartOf":{"@id":"https:\/\/demkohome.pl\/#website"},"primaryImageOfPage":{"@id":"https:\/\/demkohome.pl\/produkt\/naroznik-ambro-u\/#primaryimage"},"image":{"@id":"https:\/\/demkohome.pl\/produkt\/naroznik-ambro-u\/#primaryimage"},"thumbnailUrl":"https:\/\/demkohome.pl\/wp-content\/uploads\/2025\/06\/poso-02-1-scaled.jpg","datePublished":"2025-06-04T12:19:07+00:00","dateModified":"2025-12-05T08:08:42+00:00","breadcrumb":{"@id":"https:\/\/demkohome.pl\/produkt\/naroznik-ambro-u\/#breadcrumb"},"inLanguage":"en-US","potentialAction":[{"@type":"ReadAction","target":["https:\/\/demkohome.pl\/produkt\/naroznik-ambro-u\/"]}]},{"@type":"ImageObject","inLanguage":"en-US","@id":"https:\/\/demkohome.pl\/produkt\/naroznik-ambro-u\/#primaryimage","url":"https:\/\/demkohome.pl\/wp-content\/uploads\/2025\/06\/poso-02-1-scaled.jpg","contentUrl":"https:\/\/demkohome.pl\/wp-content\/uploads\/2025\/06\/poso-02-1-scaled.jpg","width":2560,"height":1800,"caption":"Ambro U \u2013 naro\u017cnik typu U od Demko Home z funkcj\u0105 spania, pojemnikiem i pi\u0119cioma poduszkami oparciowymi"},{"@type":"BreadcrumbList","@id":"https:\/\/demkohome.pl\/produkt\/naroznik-ambro-u\/#breadcrumb","itemListElement":[{"@type":"ListItem","position":1,"name":"Strona g\u0142\u00f3wna","item":"https:\/\/demkohome.pl\/"},{"@type":"ListItem","position":2,"name":"Sklep","item":"https:\/\/demkohome.pl\/sklep\/"},{"@type":"ListItem","position":3,"name":"Naro\u017cnik Ambro U"}]},{"@type":"WebSite","@id":"https:\/\/demkohome.pl\/#website","url":"https:\/\/demkohome.pl\/","name":"Demko Home","description":"Make it simple","publisher":{"@id":"https:\/\/demkohome.pl\/#organization"},"potentialAction":[{"@type":"SearchAction","target":{"@type":"EntryPoint","urlTemplate":"https:\/\/demkohome.pl\/?s={search_term_string}"},"query-input":{"@type":"PropertyValueSpecification","valueRequired":true,"valueName":"search_term_string"}}],"inLanguage":"en-US"},{"@type":"Organization","@id":"https:\/\/demkohome.pl\/#organization","name":"Demko Home","url":"https:\/\/demkohome.pl\/","logo":{"@type":"ImageObject","inLanguage":"en-US","@id":"https:\/\/demkohome.pl\/#\/schema\/logo\/image\/","url":"https:\/\/demkohome.pl\/wp-content\/uploads\/2026\/03\/cropped-3.png","contentUrl":"https:\/\/demkohome.pl\/wp-content\/uploads\/2026\/03\/cropped-3.png","width":250,"height":63,"caption":"Demko Home"},"image":{"@id":"https:\/\/demkohome.pl\/#\/schema\/logo\/image\/"}}]}},"_links":{"self":[{"href":"https:\/\/demkohome.pl\/en\/wp-json\/wp\/v2\/product\/34694","targetHints":{"allow":["GET"]}}],"collection":[{"href":"https:\/\/demkohome.pl\/en\/wp-json\/wp\/v2\/product"}],"about":[{"href":"https:\/\/demkohome.pl\/en\/wp-json\/wp\/v2\/types\/product"}],"replies":[{"embeddable":true,"href":"https:\/\/demkohome.pl\/en\/wp-json\/wp\/v2\/comments?post=34694"}],"wp:featuredmedia":[{"embeddable":true,"href":"https:\/\/demkohome.pl\/en\/wp-json\/wp\/v2\/media\/34716"}],"wp:attachment":[{"href":"https:\/\/demkohome.pl\/en\/wp-json\/wp\/v2\/media?parent=34694"}],"wp:term":[{"taxonomy":"product_brand","embeddable":true,"href":"https:\/\/demkohome.pl\/en\/wp-json\/wp\/v2\/product_brand?post=34694"},{"taxonomy":"product_cat","embeddable":true,"href":"https:\/\/demkohome.pl\/en\/wp-json\/wp\/v2\/product_cat?post=34694"},{"taxonomy":"product_tag","embeddable":true,"href":"https:\/\/demkohome.pl\/en\/wp-json\/wp\/v2\/product_tag?post=34694"}],"curies":[{"name":"wp","href":"https:\/\/api.w.org\/{rel}","templated":true}]}}