{"id":375,"date":"2023-08-24T22:29:00","date_gmt":"2023-08-24T20:29:00","guid":{"rendered":"https:\/\/demkohome.pl\/produkt\/szafka-kuchenna-dolna-45-cm-zmywarka-carballo\/"},"modified":"2026-05-17T03:32:41","modified_gmt":"2026-05-17T01:32:41","slug":"panel-zabudowy-zmywarki-45-cm-szafka-dolna-carballo","status":"publish","type":"product","link":"https:\/\/demkohome.pl\/en\/product\/panel-zabudowy-zmywarki-45-cm-szafka-dolna-carballo\/","title":{"rendered":"Panel for built-in dishwasher 45 cm kitchen cabinet standing Carballo"},"content":{"rendered":"<div style=\"font-family: 'Noto Sans', sans-serif; font-size: 17px;\">\n<h2>Dishwasher built-in panel - a simple way to harmonious arrangement<\/h2>\n<p>A modern kitchen without a dishwasher? It's hard to imagine. So is the accumulation of household appliances in a small space. Although they are now very aesthetically pleasing, in small and medium-sized kitchens they can intensify the impression of chaos. An interesting proposal for all those who want to control the arrangement and make it coherent, we have prepared a panel for built-in dishwashers. This practical element corresponds to the dimensions of a narrow dishwasher: 45 x 81 cm and is designed for direct installation on the door of built-in appliances.<\/p>\n<h3>A functional detail that transforms the interior<\/h3>\n<p>Cohesive kitchen design is a real interior design hit. Such a solution until recently reigned supreme in small and narrow kitchens and kitchens open to the living room. Nowadays, owners of spacious rooms also opt for coherent kitchen buildings. Wondering how to achieve the effect of harmonious decoration? Decide on a dishwasher built-in panel. Installation of a functional detail positively affects the character and usability of the room. The panel for built-in dishwasher was made of laminated particleboard. This is a material that is characterized by increased resistance to mechanical damage and moisture. A huge advantage of this element is a comfortable, wide enough handle and properly protected edges.<\/p>\n<h4>How to choose a panel for a built-in dishwasher?<\/h4>\n<p>The built-in dishwasher panel should match the door of the appliance and the rest of the kitchen cabinet. Properly selected and installed, it will resemble the 45 cm lower kitchen cabinet to an illusion.<\/p>\n<h3>Built-in dishwasher panel in the Carballo collection<\/h3>\n<p>The dishwasher built-in panel comes from the Carballo modular furniture collection and is designed for installation in the lower kitchen cabinet. It is a fashionable and very practical alternative to the 45 cm standing kitchen cabinet. Like the other elements of the proposed line, it is characterized by an interesting combination of colors and minimalist design. The beautiful coloring of the board is complemented by sparing black details - the handle and specially exposed edges. The beauty of Warmia oak is highlighted by an elegant matte finish.<\/p>\n<\/div>","protected":false},"excerpt":{"rendered":"<p>Dishwasher built-in panel - a simple way to harmonious arrangement Modern kitchen without a dishwasher? It's hard to imagine. Just like (...)<\/p>","protected":false},"featured_media":10191,"comment_status":"open","ping_status":"closed","template":"","meta":{"_acf_changed":false,"inline_featured_image":false},"product_brand":[],"product_cat":[115,140,65,137,139,106,107],"product_tag":[],"class_list":{"0":"post-375","1":"product","2":"type-product","3":"status-publish","4":"has-post-thumbnail","6":"product_cat-carballo","7":"product_cat-kuchnia","8":"product_cat-meble-kuchenne","9":"product_cat-meble-systemowe","10":"product_cat-pomieszczenia","11":"product_cat-szafki-kuchenne","12":"product_cat-szafki-kuchenne-stojace","13":"product_shipping_class-przesylka-dpd-15-pln","14":"collection-carballo","16":"first","17":"instock","18":"shipping-taxable","19":"purchasable","20":"product-type-variable","21":"has-default-attributes"},"acf":[],"yoast_head":"<!-- This site is optimized with the Yoast SEO plugin v27.6 - https:\/\/yoast.com\/product\/yoast-seo-wordpress\/ -->\n<title>Panel do zabudowy zmywarki 45 cm szafka kuchenna stoj\u0105ca Carballo - Demko Home<\/title>\n<meta name=\"robots\" content=\"index, follow, max-snippet:-1, max-image-preview:large, max-video-preview:-1\" \/>\n<link rel=\"canonical\" href=\"https:\/\/demkohome.pl\/en\/product\/panel-zabudowy-zmywarki-45-cm-szafka-dolna-carballo\/\" \/>\n<meta property=\"og:locale\" content=\"en_US\" \/>\n<meta property=\"og:type\" content=\"article\" \/>\n<meta property=\"og:title\" content=\"Panel do zabudowy zmywarki 45 cm szafka kuchenna stoj\u0105ca Carballo - Demko Home\" \/>\n<meta property=\"og:description\" content=\"Panel do zabudowy zmywarki \u2014 prosty spos\u00f3b na harmonijn\u0105 aran\u017cacj\u0119 Wsp\u00f3\u0142czesna kuchnia bez zmywarki? Trudno to sobie wyobrazi\u0107. Podobnie jak (...)\" \/>\n<meta property=\"og:url\" content=\"https:\/\/demkohome.pl\/en\/product\/panel-zabudowy-zmywarki-45-cm-szafka-dolna-carballo\/\" \/>\n<meta property=\"og:site_name\" content=\"Demko Home\" \/>\n<meta property=\"article:modified_time\" content=\"2026-05-17T01:32:41+00:00\" \/>\n<meta property=\"og:image\" content=\"https:\/\/demkohome.pl\/wp-content\/uploads\/2023\/08\/Panel-zmywarki-45-cm-Carballo-Meble-Okmed-Demko.jpg\" \/>\n\t<meta property=\"og:image:width\" content=\"1024\" \/>\n\t<meta property=\"og:image:height\" content=\"1024\" \/>\n\t<meta property=\"og:image:type\" content=\"image\/jpeg\" \/>\n<meta name=\"twitter:card\" content=\"summary_large_image\" \/>\n<meta name=\"twitter:label1\" content=\"Est. reading time\" \/>\n\t<meta name=\"twitter:data1\" content=\"3 minutes\" \/>\n<script type=\"application\/ld+json\" class=\"yoast-schema-graph\">{\"@context\":\"https:\\\/\\\/schema.org\",\"@graph\":[{\"@type\":\"WebPage\",\"@id\":\"https:\\\/\\\/demkohome.pl\\\/produkt\\\/panel-zabudowy-zmywarki-45-cm-szafka-dolna-carballo\\\/\",\"url\":\"https:\\\/\\\/demkohome.pl\\\/produkt\\\/panel-zabudowy-zmywarki-45-cm-szafka-dolna-carballo\\\/\",\"name\":\"Panel do zabudowy zmywarki 45 cm szafka kuchenna stoj\u0105ca Carballo - Demko Home\",\"isPartOf\":{\"@id\":\"https:\\\/\\\/demkohome.pl\\\/#website\"},\"primaryImageOfPage\":{\"@id\":\"https:\\\/\\\/demkohome.pl\\\/produkt\\\/panel-zabudowy-zmywarki-45-cm-szafka-dolna-carballo\\\/#primaryimage\"},\"image\":{\"@id\":\"https:\\\/\\\/demkohome.pl\\\/produkt\\\/panel-zabudowy-zmywarki-45-cm-szafka-dolna-carballo\\\/#primaryimage\"},\"thumbnailUrl\":\"https:\\\/\\\/demkohome.pl\\\/wp-content\\\/uploads\\\/2023\\\/08\\\/Panel-zmywarki-45-cm-Carballo-Meble-Okmed-Demko.jpg\",\"datePublished\":\"2023-08-24T20:29:00+00:00\",\"dateModified\":\"2026-05-17T01:32:41+00:00\",\"breadcrumb\":{\"@id\":\"https:\\\/\\\/demkohome.pl\\\/produkt\\\/panel-zabudowy-zmywarki-45-cm-szafka-dolna-carballo\\\/#breadcrumb\"},\"inLanguage\":\"en-US\",\"potentialAction\":[{\"@type\":\"ReadAction\",\"target\":[\"https:\\\/\\\/demkohome.pl\\\/produkt\\\/panel-zabudowy-zmywarki-45-cm-szafka-dolna-carballo\\\/\"]}]},{\"@type\":\"ImageObject\",\"inLanguage\":\"en-US\",\"@id\":\"https:\\\/\\\/demkohome.pl\\\/produkt\\\/panel-zabudowy-zmywarki-45-cm-szafka-dolna-carballo\\\/#primaryimage\",\"url\":\"https:\\\/\\\/demkohome.pl\\\/wp-content\\\/uploads\\\/2023\\\/08\\\/Panel-zmywarki-45-cm-Carballo-Meble-Okmed-Demko.jpg\",\"contentUrl\":\"https:\\\/\\\/demkohome.pl\\\/wp-content\\\/uploads\\\/2023\\\/08\\\/Panel-zmywarki-45-cm-Carballo-Meble-Okmed-Demko.jpg\",\"width\":1024,\"height\":1024,\"caption\":\"Panel zmywarki 45 cm Carballo Meble Okmed Demko\"},{\"@type\":\"BreadcrumbList\",\"@id\":\"https:\\\/\\\/demkohome.pl\\\/produkt\\\/panel-zabudowy-zmywarki-45-cm-szafka-dolna-carballo\\\/#breadcrumb\",\"itemListElement\":[{\"@type\":\"ListItem\",\"position\":1,\"name\":\"Strona g\u0142\u00f3wna\",\"item\":\"https:\\\/\\\/demkohome.pl\\\/\"},{\"@type\":\"ListItem\",\"position\":2,\"name\":\"Sklep\",\"item\":\"https:\\\/\\\/demkohome.pl\\\/sklep\\\/\"},{\"@type\":\"ListItem\",\"position\":3,\"name\":\"Panel do zabudowy zmywarki 45 cm szafka kuchenna stoj\u0105ca Carballo\"}]},{\"@type\":\"WebSite\",\"@id\":\"https:\\\/\\\/demkohome.pl\\\/#website\",\"url\":\"https:\\\/\\\/demkohome.pl\\\/\",\"name\":\"Demko Home\",\"description\":\"Make it simple\",\"publisher\":{\"@id\":\"https:\\\/\\\/demkohome.pl\\\/#organization\"},\"potentialAction\":[{\"@type\":\"SearchAction\",\"target\":{\"@type\":\"EntryPoint\",\"urlTemplate\":\"https:\\\/\\\/demkohome.pl\\\/?s={search_term_string}\"},\"query-input\":{\"@type\":\"PropertyValueSpecification\",\"valueRequired\":true,\"valueName\":\"search_term_string\"}}],\"inLanguage\":\"en-US\"},{\"@type\":\"Organization\",\"@id\":\"https:\\\/\\\/demkohome.pl\\\/#organization\",\"name\":\"Demko Home\",\"url\":\"https:\\\/\\\/demkohome.pl\\\/\",\"logo\":{\"@type\":\"ImageObject\",\"inLanguage\":\"en-US\",\"@id\":\"https:\\\/\\\/demkohome.pl\\\/#\\\/schema\\\/logo\\\/image\\\/\",\"url\":\"https:\\\/\\\/demkohome.pl\\\/wp-content\\\/uploads\\\/2026\\\/03\\\/cropped-3.png\",\"contentUrl\":\"https:\\\/\\\/demkohome.pl\\\/wp-content\\\/uploads\\\/2026\\\/03\\\/cropped-3.png\",\"width\":250,\"height\":63,\"caption\":\"Demko Home\"},\"image\":{\"@id\":\"https:\\\/\\\/demkohome.pl\\\/#\\\/schema\\\/logo\\\/image\\\/\"}}]}<\/script>\n<!-- \/ Yoast SEO plugin. -->","yoast_head_json":{"title":"Built-in dishwasher panel 45 cm standing kitchen cabinet Carballo - Demko Home","robots":{"index":"index","follow":"follow","max-snippet":"max-snippet:-1","max-image-preview":"max-image-preview:large","max-video-preview":"max-video-preview:-1"},"canonical":"https:\/\/demkohome.pl\/en\/product\/panel-zabudowy-zmywarki-45-cm-szafka-dolna-carballo\/","og_locale":"en_US","og_type":"article","og_title":"Panel do zabudowy zmywarki 45 cm szafka kuchenna stoj\u0105ca Carballo - Demko Home","og_description":"Panel do zabudowy zmywarki \u2014 prosty spos\u00f3b na harmonijn\u0105 aran\u017cacj\u0119 Wsp\u00f3\u0142czesna kuchnia bez zmywarki? Trudno to sobie wyobrazi\u0107. Podobnie jak (...)","og_url":"https:\/\/demkohome.pl\/en\/product\/panel-zabudowy-zmywarki-45-cm-szafka-dolna-carballo\/","og_site_name":"Demko Home","article_modified_time":"2026-05-17T01:32:41+00:00","og_image":[{"width":1024,"height":1024,"url":"https:\/\/demkohome.pl\/wp-content\/uploads\/2023\/08\/Panel-zmywarki-45-cm-Carballo-Meble-Okmed-Demko.jpg","type":"image\/jpeg"}],"twitter_card":"summary_large_image","twitter_misc":{"Est. reading time":"3 minutes"},"schema":{"@context":"https:\/\/schema.org","@graph":[{"@type":"WebPage","@id":"https:\/\/demkohome.pl\/produkt\/panel-zabudowy-zmywarki-45-cm-szafka-dolna-carballo\/","url":"https:\/\/demkohome.pl\/produkt\/panel-zabudowy-zmywarki-45-cm-szafka-dolna-carballo\/","name":"Built-in dishwasher panel 45 cm standing kitchen cabinet Carballo - Demko Home","isPartOf":{"@id":"https:\/\/demkohome.pl\/#website"},"primaryImageOfPage":{"@id":"https:\/\/demkohome.pl\/produkt\/panel-zabudowy-zmywarki-45-cm-szafka-dolna-carballo\/#primaryimage"},"image":{"@id":"https:\/\/demkohome.pl\/produkt\/panel-zabudowy-zmywarki-45-cm-szafka-dolna-carballo\/#primaryimage"},"thumbnailUrl":"https:\/\/demkohome.pl\/wp-content\/uploads\/2023\/08\/Panel-zmywarki-45-cm-Carballo-Meble-Okmed-Demko.jpg","datePublished":"2023-08-24T20:29:00+00:00","dateModified":"2026-05-17T01:32:41+00:00","breadcrumb":{"@id":"https:\/\/demkohome.pl\/produkt\/panel-zabudowy-zmywarki-45-cm-szafka-dolna-carballo\/#breadcrumb"},"inLanguage":"en-US","potentialAction":[{"@type":"ReadAction","target":["https:\/\/demkohome.pl\/produkt\/panel-zabudowy-zmywarki-45-cm-szafka-dolna-carballo\/"]}]},{"@type":"ImageObject","inLanguage":"en-US","@id":"https:\/\/demkohome.pl\/produkt\/panel-zabudowy-zmywarki-45-cm-szafka-dolna-carballo\/#primaryimage","url":"https:\/\/demkohome.pl\/wp-content\/uploads\/2023\/08\/Panel-zmywarki-45-cm-Carballo-Meble-Okmed-Demko.jpg","contentUrl":"https:\/\/demkohome.pl\/wp-content\/uploads\/2023\/08\/Panel-zmywarki-45-cm-Carballo-Meble-Okmed-Demko.jpg","width":1024,"height":1024,"caption":"Panel zmywarki 45 cm Carballo Meble Okmed Demko"},{"@type":"BreadcrumbList","@id":"https:\/\/demkohome.pl\/produkt\/panel-zabudowy-zmywarki-45-cm-szafka-dolna-carballo\/#breadcrumb","itemListElement":[{"@type":"ListItem","position":1,"name":"Strona g\u0142\u00f3wna","item":"https:\/\/demkohome.pl\/"},{"@type":"ListItem","position":2,"name":"Sklep","item":"https:\/\/demkohome.pl\/sklep\/"},{"@type":"ListItem","position":3,"name":"Panel do zabudowy zmywarki 45 cm szafka kuchenna stoj\u0105ca Carballo"}]},{"@type":"WebSite","@id":"https:\/\/demkohome.pl\/#website","url":"https:\/\/demkohome.pl\/","name":"Demko Home","description":"Make it simple","publisher":{"@id":"https:\/\/demkohome.pl\/#organization"},"potentialAction":[{"@type":"SearchAction","target":{"@type":"EntryPoint","urlTemplate":"https:\/\/demkohome.pl\/?s={search_term_string}"},"query-input":{"@type":"PropertyValueSpecification","valueRequired":true,"valueName":"search_term_string"}}],"inLanguage":"en-US"},{"@type":"Organization","@id":"https:\/\/demkohome.pl\/#organization","name":"Demko Home","url":"https:\/\/demkohome.pl\/","logo":{"@type":"ImageObject","inLanguage":"en-US","@id":"https:\/\/demkohome.pl\/#\/schema\/logo\/image\/","url":"https:\/\/demkohome.pl\/wp-content\/uploads\/2026\/03\/cropped-3.png","contentUrl":"https:\/\/demkohome.pl\/wp-content\/uploads\/2026\/03\/cropped-3.png","width":250,"height":63,"caption":"Demko Home"},"image":{"@id":"https:\/\/demkohome.pl\/#\/schema\/logo\/image\/"}}]}},"_links":{"self":[{"href":"https:\/\/demkohome.pl\/en\/wp-json\/wp\/v2\/product\/375","targetHints":{"allow":["GET"]}}],"collection":[{"href":"https:\/\/demkohome.pl\/en\/wp-json\/wp\/v2\/product"}],"about":[{"href":"https:\/\/demkohome.pl\/en\/wp-json\/wp\/v2\/types\/product"}],"replies":[{"embeddable":true,"href":"https:\/\/demkohome.pl\/en\/wp-json\/wp\/v2\/comments?post=375"}],"wp:featuredmedia":[{"embeddable":true,"href":"https:\/\/demkohome.pl\/en\/wp-json\/wp\/v2\/media\/10191"}],"wp:attachment":[{"href":"https:\/\/demkohome.pl\/en\/wp-json\/wp\/v2\/media?parent=375"}],"wp:term":[{"taxonomy":"product_brand","embeddable":true,"href":"https:\/\/demkohome.pl\/en\/wp-json\/wp\/v2\/product_brand?post=375"},{"taxonomy":"product_cat","embeddable":true,"href":"https:\/\/demkohome.pl\/en\/wp-json\/wp\/v2\/product_cat?post=375"},{"taxonomy":"product_tag","embeddable":true,"href":"https:\/\/demkohome.pl\/en\/wp-json\/wp\/v2\/product_tag?post=375"}],"curies":[{"name":"wp","href":"https:\/\/api.w.org\/{rel}","templated":true}]}}