{"id":37957,"date":"2025-06-06T11:08:10","date_gmt":"2025-06-06T09:08:10","guid":{"rendered":"https:\/\/demkohome.pl\/?post_type=product&#038;p=37957"},"modified":"2025-12-05T08:31:30","modified_gmt":"2025-12-05T07:31:30","slug":"sofa-molly","status":"publish","type":"product","link":"https:\/\/demkohome.pl\/en\/product\/sofa-molly\/","title":{"rendered":"Molly sofa"},"content":{"rendered":"<p>Molly sofa - comfort, style and practicality in one<\/p>\n<p>Molly sofa from Demko Home is a modern and functional proposition for those who appreciate comfort, solid workmanship and aesthetic appearance. Thanks to its well-thought-out construction and harmonious design, it will be perfect for the living room, as well as for a guest room or youth room.<\/p>\n<p>The external dimensions of the sofa are 257 cm wide, 121 cm deep and 96 cm high, making it a spacious and presentable piece of furniture for everyday relaxation. If necessary, the sofa easily transforms into a comfortable bed - the sleeping surface of 200 \u00d7 145 cm will easily accommodate two people. The automatic assisted unfolding system used makes the transformation into night mode quick and intuitive.<\/p>\n<p>The interior of the seat is made of a combination of T30 and HR30 foam and B-spring, which ensures high resilience, comfort and resistance to deformation even with intensive use. The sofa also has a roomy linen storage compartment, which will be perfect for storing comforters, pillows or other textiles.<\/p>\n<p>The two large back cushions and two decorative pillows included in the set have been filled with milled foam with silicone - soft, yet well-supportive for the back.<\/p>\n<p>Molly sofa is also a freestanding piece of furniture - the back is finished in the same fabric as the rest of the furniture - so it can be placed anywhere in the room, not just against the wall. The whole is complemented by 4.5 cm high plastic legs, which are durable, stable and easy to keep clean.<\/p>\n<p><img loading=\"lazy\" decoding=\"async\" src=\"https:\/\/demkohome.pl\/wp-content\/uploads\/2025\/06\/Molly_i_int-2-scaled.jpg\" alt=\"Sofa Molly Demko Homw\" width=\"2560\" height=\"1920\" \/> <strong style=\"font-size: 16px;\" data-start=\"1743\" data-end=\"1780\">Why choose the Molly sofa?<\/strong><\/p>\n<p>&nbsp;<\/p>\n<ul>\n<li data-start=\"1781\" data-end=\"1835\">Sleeping function with a comfortable surface of 200 \u00d7 145 cm<\/li>\n<li><p>Automat for easy unfolding<\/li>\n<\/ul>\n<p>&nbsp;<\/p>\n<ul>\n<li>Bedding storage included<\/li>\n<li>HR30 foam and B-type spring - high seat comfort<\/li>\n<li>Includes 2 backrest pillows and 2 decorative pillows<\/li>\n<li>Freestanding - with upholstered backrest<\/li>\n<li>Modern, timeless design<\/li>\n<\/ul>","protected":false},"excerpt":{"rendered":"<p>Sofa Molly \u2013 komfort, styl i praktyczno\u015b\u0107 w jednym Sofa Molly od Demko Home to nowoczesna i funkcjonalna propozycja dla (&#8230;)<\/p>","protected":false},"featured_media":37971,"comment_status":"open","ping_status":"closed","template":"","meta":{"_acf_changed":false,"inline_featured_image":false},"product_brand":[],"product_cat":[307,127,139,141,383,432],"product_tag":[],"class_list":{"0":"post-37957","1":"product","2":"type-product","3":"status-publish","4":"has-post-thumbnail","6":"product_cat-meble-pokojowe-meble","7":"product_cat-meble-pokojowe","8":"product_cat-pomieszczenia","9":"product_cat-salon","10":"product_cat-sofy","11":"product_cat-sofy-meble-pokojowe","12":"product_shipping_class-sofy-3os","13":"collection-molly","15":"first","16":"instock","17":"shipping-taxable","18":"purchasable","19":"product-type-variable","20":"has-default-attributes"},"acf":[],"yoast_head":"<!-- This site is optimized with the Yoast SEO plugin v27.4 - https:\/\/yoast.com\/product\/yoast-seo-wordpress\/ -->\n<title>Sofa Molly - Demko Home<\/title>\n<meta name=\"robots\" content=\"index, follow, max-snippet:-1, max-image-preview:large, max-video-preview:-1\" \/>\n<link rel=\"canonical\" href=\"https:\/\/demkohome.pl\/en\/product\/sofa-molly\/\" \/>\n<meta property=\"og:locale\" content=\"en_US\" \/>\n<meta property=\"og:type\" content=\"article\" \/>\n<meta property=\"og:title\" content=\"Sofa Molly - Demko Home\" \/>\n<meta property=\"og:description\" content=\"Sofa Molly \u2013 komfort, styl i praktyczno\u015b\u0107 w jednym Sofa Molly od Demko Home to nowoczesna i funkcjonalna propozycja dla (...)\" \/>\n<meta property=\"og:url\" content=\"https:\/\/demkohome.pl\/en\/product\/sofa-molly\/\" \/>\n<meta property=\"og:site_name\" content=\"Demko Home\" \/>\n<meta property=\"article:modified_time\" content=\"2025-12-05T07:31:30+00:00\" \/>\n<meta property=\"og:image\" content=\"https:\/\/demkohome.pl\/wp-content\/uploads\/2025\/06\/Molly_i-scaled.jpg\" \/>\n\t<meta property=\"og:image:width\" content=\"2560\" \/>\n\t<meta property=\"og:image:height\" content=\"1920\" \/>\n\t<meta property=\"og:image:type\" content=\"image\/jpeg\" \/>\n<meta name=\"twitter:card\" content=\"summary_large_image\" \/>\n<meta name=\"twitter:label1\" content=\"Est. reading time\" \/>\n\t<meta name=\"twitter:data1\" content=\"3 minutes\" \/>\n<script type=\"application\/ld+json\" class=\"yoast-schema-graph\">{\"@context\":\"https:\\\/\\\/schema.org\",\"@graph\":[{\"@type\":\"WebPage\",\"@id\":\"https:\\\/\\\/demkohome.pl\\\/produkt\\\/sofa-molly\\\/\",\"url\":\"https:\\\/\\\/demkohome.pl\\\/produkt\\\/sofa-molly\\\/\",\"name\":\"Sofa Molly - Demko Home\",\"isPartOf\":{\"@id\":\"https:\\\/\\\/demkohome.pl\\\/#website\"},\"primaryImageOfPage\":{\"@id\":\"https:\\\/\\\/demkohome.pl\\\/produkt\\\/sofa-molly\\\/#primaryimage\"},\"image\":{\"@id\":\"https:\\\/\\\/demkohome.pl\\\/produkt\\\/sofa-molly\\\/#primaryimage\"},\"thumbnailUrl\":\"https:\\\/\\\/demkohome.pl\\\/wp-content\\\/uploads\\\/2025\\\/06\\\/Molly_i-scaled.jpg\",\"datePublished\":\"2025-06-06T09:08:10+00:00\",\"dateModified\":\"2025-12-05T07:31:30+00:00\",\"breadcrumb\":{\"@id\":\"https:\\\/\\\/demkohome.pl\\\/produkt\\\/sofa-molly\\\/#breadcrumb\"},\"inLanguage\":\"en-US\",\"potentialAction\":[{\"@type\":\"ReadAction\",\"target\":[\"https:\\\/\\\/demkohome.pl\\\/produkt\\\/sofa-molly\\\/\"]}]},{\"@type\":\"ImageObject\",\"inLanguage\":\"en-US\",\"@id\":\"https:\\\/\\\/demkohome.pl\\\/produkt\\\/sofa-molly\\\/#primaryimage\",\"url\":\"https:\\\/\\\/demkohome.pl\\\/wp-content\\\/uploads\\\/2025\\\/06\\\/Molly_i-scaled.jpg\",\"contentUrl\":\"https:\\\/\\\/demkohome.pl\\\/wp-content\\\/uploads\\\/2025\\\/06\\\/Molly_i-scaled.jpg\",\"width\":2560,\"height\":1920,\"caption\":\"Sofa Molly od Demko Home \u2013 po\u0142\u0105czenie komfortu i elegancji. Model z funkcj\u0105 spania, pojemnikiem na po\u015bciel i praktycznym systemem rozk\u0142adania.\"},{\"@type\":\"BreadcrumbList\",\"@id\":\"https:\\\/\\\/demkohome.pl\\\/produkt\\\/sofa-molly\\\/#breadcrumb\",\"itemListElement\":[{\"@type\":\"ListItem\",\"position\":1,\"name\":\"Strona g\u0142\u00f3wna\",\"item\":\"https:\\\/\\\/demkohome.pl\\\/\"},{\"@type\":\"ListItem\",\"position\":2,\"name\":\"Sklep\",\"item\":\"https:\\\/\\\/demkohome.pl\\\/sklep\\\/\"},{\"@type\":\"ListItem\",\"position\":3,\"name\":\"Sofa Molly\"}]},{\"@type\":\"WebSite\",\"@id\":\"https:\\\/\\\/demkohome.pl\\\/#website\",\"url\":\"https:\\\/\\\/demkohome.pl\\\/\",\"name\":\"Demko Home\",\"description\":\"Make it simple\",\"publisher\":{\"@id\":\"https:\\\/\\\/demkohome.pl\\\/#organization\"},\"potentialAction\":[{\"@type\":\"SearchAction\",\"target\":{\"@type\":\"EntryPoint\",\"urlTemplate\":\"https:\\\/\\\/demkohome.pl\\\/?s={search_term_string}\"},\"query-input\":{\"@type\":\"PropertyValueSpecification\",\"valueRequired\":true,\"valueName\":\"search_term_string\"}}],\"inLanguage\":\"en-US\"},{\"@type\":\"Organization\",\"@id\":\"https:\\\/\\\/demkohome.pl\\\/#organization\",\"name\":\"Demko Home\",\"url\":\"https:\\\/\\\/demkohome.pl\\\/\",\"logo\":{\"@type\":\"ImageObject\",\"inLanguage\":\"en-US\",\"@id\":\"https:\\\/\\\/demkohome.pl\\\/#\\\/schema\\\/logo\\\/image\\\/\",\"url\":\"https:\\\/\\\/demkohome.pl\\\/wp-content\\\/uploads\\\/2026\\\/03\\\/cropped-3.png\",\"contentUrl\":\"https:\\\/\\\/demkohome.pl\\\/wp-content\\\/uploads\\\/2026\\\/03\\\/cropped-3.png\",\"width\":250,\"height\":63,\"caption\":\"Demko Home\"},\"image\":{\"@id\":\"https:\\\/\\\/demkohome.pl\\\/#\\\/schema\\\/logo\\\/image\\\/\"}}]}<\/script>\n<!-- \/ Yoast SEO plugin. -->","yoast_head_json":{"title":"Sofa Molly - Demko Home","robots":{"index":"index","follow":"follow","max-snippet":"max-snippet:-1","max-image-preview":"max-image-preview:large","max-video-preview":"max-video-preview:-1"},"canonical":"https:\/\/demkohome.pl\/en\/product\/sofa-molly\/","og_locale":"en_US","og_type":"article","og_title":"Sofa Molly - Demko Home","og_description":"Sofa Molly \u2013 komfort, styl i praktyczno\u015b\u0107 w jednym Sofa Molly od Demko Home to nowoczesna i funkcjonalna propozycja dla (...)","og_url":"https:\/\/demkohome.pl\/en\/product\/sofa-molly\/","og_site_name":"Demko Home","article_modified_time":"2025-12-05T07:31:30+00:00","og_image":[{"width":2560,"height":1920,"url":"https:\/\/demkohome.pl\/wp-content\/uploads\/2025\/06\/Molly_i-scaled.jpg","type":"image\/jpeg"}],"twitter_card":"summary_large_image","twitter_misc":{"Est. reading time":"3 minutes"},"schema":{"@context":"https:\/\/schema.org","@graph":[{"@type":"WebPage","@id":"https:\/\/demkohome.pl\/produkt\/sofa-molly\/","url":"https:\/\/demkohome.pl\/produkt\/sofa-molly\/","name":"Sofa Molly - Demko Home","isPartOf":{"@id":"https:\/\/demkohome.pl\/#website"},"primaryImageOfPage":{"@id":"https:\/\/demkohome.pl\/produkt\/sofa-molly\/#primaryimage"},"image":{"@id":"https:\/\/demkohome.pl\/produkt\/sofa-molly\/#primaryimage"},"thumbnailUrl":"https:\/\/demkohome.pl\/wp-content\/uploads\/2025\/06\/Molly_i-scaled.jpg","datePublished":"2025-06-06T09:08:10+00:00","dateModified":"2025-12-05T07:31:30+00:00","breadcrumb":{"@id":"https:\/\/demkohome.pl\/produkt\/sofa-molly\/#breadcrumb"},"inLanguage":"en-US","potentialAction":[{"@type":"ReadAction","target":["https:\/\/demkohome.pl\/produkt\/sofa-molly\/"]}]},{"@type":"ImageObject","inLanguage":"en-US","@id":"https:\/\/demkohome.pl\/produkt\/sofa-molly\/#primaryimage","url":"https:\/\/demkohome.pl\/wp-content\/uploads\/2025\/06\/Molly_i-scaled.jpg","contentUrl":"https:\/\/demkohome.pl\/wp-content\/uploads\/2025\/06\/Molly_i-scaled.jpg","width":2560,"height":1920,"caption":"Sofa Molly od Demko Home \u2013 po\u0142\u0105czenie komfortu i elegancji. Model z funkcj\u0105 spania, pojemnikiem na po\u015bciel i praktycznym systemem rozk\u0142adania."},{"@type":"BreadcrumbList","@id":"https:\/\/demkohome.pl\/produkt\/sofa-molly\/#breadcrumb","itemListElement":[{"@type":"ListItem","position":1,"name":"Strona g\u0142\u00f3wna","item":"https:\/\/demkohome.pl\/"},{"@type":"ListItem","position":2,"name":"Sklep","item":"https:\/\/demkohome.pl\/sklep\/"},{"@type":"ListItem","position":3,"name":"Sofa Molly"}]},{"@type":"WebSite","@id":"https:\/\/demkohome.pl\/#website","url":"https:\/\/demkohome.pl\/","name":"Demko Home","description":"Make it simple","publisher":{"@id":"https:\/\/demkohome.pl\/#organization"},"potentialAction":[{"@type":"SearchAction","target":{"@type":"EntryPoint","urlTemplate":"https:\/\/demkohome.pl\/?s={search_term_string}"},"query-input":{"@type":"PropertyValueSpecification","valueRequired":true,"valueName":"search_term_string"}}],"inLanguage":"en-US"},{"@type":"Organization","@id":"https:\/\/demkohome.pl\/#organization","name":"Demko Home","url":"https:\/\/demkohome.pl\/","logo":{"@type":"ImageObject","inLanguage":"en-US","@id":"https:\/\/demkohome.pl\/#\/schema\/logo\/image\/","url":"https:\/\/demkohome.pl\/wp-content\/uploads\/2026\/03\/cropped-3.png","contentUrl":"https:\/\/demkohome.pl\/wp-content\/uploads\/2026\/03\/cropped-3.png","width":250,"height":63,"caption":"Demko Home"},"image":{"@id":"https:\/\/demkohome.pl\/#\/schema\/logo\/image\/"}}]}},"_links":{"self":[{"href":"https:\/\/demkohome.pl\/en\/wp-json\/wp\/v2\/product\/37957","targetHints":{"allow":["GET"]}}],"collection":[{"href":"https:\/\/demkohome.pl\/en\/wp-json\/wp\/v2\/product"}],"about":[{"href":"https:\/\/demkohome.pl\/en\/wp-json\/wp\/v2\/types\/product"}],"replies":[{"embeddable":true,"href":"https:\/\/demkohome.pl\/en\/wp-json\/wp\/v2\/comments?post=37957"}],"wp:featuredmedia":[{"embeddable":true,"href":"https:\/\/demkohome.pl\/en\/wp-json\/wp\/v2\/media\/37971"}],"wp:attachment":[{"href":"https:\/\/demkohome.pl\/en\/wp-json\/wp\/v2\/media?parent=37957"}],"wp:term":[{"taxonomy":"product_brand","embeddable":true,"href":"https:\/\/demkohome.pl\/en\/wp-json\/wp\/v2\/product_brand?post=37957"},{"taxonomy":"product_cat","embeddable":true,"href":"https:\/\/demkohome.pl\/en\/wp-json\/wp\/v2\/product_cat?post=37957"},{"taxonomy":"product_tag","embeddable":true,"href":"https:\/\/demkohome.pl\/en\/wp-json\/wp\/v2\/product_tag?post=37957"}],"curies":[{"name":"wp","href":"https:\/\/api.w.org\/{rel}","templated":true}]}}