{"id":398,"date":"2023-08-24T22:30:00","date_gmt":"2023-08-24T20:30:00","guid":{"rendered":"https:\/\/demkohome.pl\/produkt\/szafka-kuchenna-dolna-60-cm-zmywarka-carballo\/"},"modified":"2026-05-17T03:32:28","modified_gmt":"2026-05-17T01:32:28","slug":"panel-zabudowy-zmywarki-60-cm-zmywarka-carballo","status":"publish","type":"product","link":"https:\/\/demkohome.pl\/en\/product\/panel-zabudowy-zmywarki-60-cm-zmywarka-carballo\/","title":{"rendered":"Panel for built-in dishwasher 60 cm standing kitchen cabinet Carballo"},"content":{"rendered":"<div style=\"font-family: 'Noto Sans', sans-serif; font-size: 17px;\">\n<h2>Panel for built-in dishwasher 60 cm - a practical alternative to a dishwasher cabinet<\/h2>\n<p>Can a dishwasher stand in a cabinet? Yes, but such a solution does not always work in kitchens where every centimeter counts. Nevertheless, do you care about a consistent kitchen design? Decide on a panel for built-in dishwasher 60 cm. This is a practical alternative to a 60 cm dishwasher cabinet and a simple way to create a harmonious interior. Due to its dimensions: 60 x 81 cm, it precisely adheres to the door of the appliance. It also remains consistent with the rest of the kitchen furniture.<\/p>\n<h3>Dishwasher built-in panel: simple design, many benefits<\/h3>\n<p>Interior decorators are sure. The modern kitchen is all about functionality, minimalism and interesting colors. The answer to such requirements is the proposed dishwasher built-in panel. This is a project in which a beautifully colored laminated particleboard adopts a very simple design. The original character of Warmia oak is emphasized by black details - handles and edges. The material used makes this panel resistant to mechanical damage and moisture.<\/p>\n<h3>Elegant detail in your kitchen<\/h3>\n<p>Domestic appliances are an integral part of any kitchen. However, many people choose to have them built-in. That's why the 60 cm built-in dishwasher panel has appeared in our offer. The elegant detail is a perfect complement to the lower kitchen built-in. It is designed for dishwashers with a hidden control panel. The modern built-in dishwasher panel is an eye-catcher. Next to such a combination of colors you can not pass indifferently. This is a proposal that will look especially good in modern, classic and loft styles.<\/p>\n<h3>Panel for built-in dishwasher 60 cm in the collection of system furniture Carballo<\/h3>\n<p>Panel for built-in dishwasher 60 cm is a proposal that we have prepared as part of the Carballo system furniture collection. The striking detail in the kitchen development is deceptively similar to the 60 cm dishwasher cabinet. Match the other elements of the proposed line and create a kitchen that suits you.<\/p>\n<\/div>","protected":false},"excerpt":{"rendered":"<p>Panel do zabudowy zmywarki 60 cm \u2014 praktyczna alternatywa dla szafki pod zmywark\u0119 Czy zmywarka mo\u017ce sta\u0107 w szafce? Tak, (&#8230;)<\/p>","protected":false},"featured_media":8614,"comment_status":"open","ping_status":"closed","template":"","meta":{"_acf_changed":false,"inline_featured_image":false},"product_brand":[],"product_cat":[115,140,65,137,139,106,107],"product_tag":[],"class_list":{"0":"post-398","1":"product","2":"type-product","3":"status-publish","4":"has-post-thumbnail","6":"product_cat-carballo","7":"product_cat-kuchnia","8":"product_cat-meble-kuchenne","9":"product_cat-meble-systemowe","10":"product_cat-pomieszczenia","11":"product_cat-szafki-kuchenne","12":"product_cat-szafki-kuchenne-stojace","13":"product_shipping_class-przesylka-dpd-15-pln","14":"collection-carballo","16":"first","17":"instock","18":"shipping-taxable","19":"purchasable","20":"product-type-variable","21":"has-default-attributes"},"acf":[],"yoast_head":"<!-- This site is optimized with the Yoast SEO plugin v27.6 - https:\/\/yoast.com\/product\/yoast-seo-wordpress\/ -->\n<title>Panel do zabudowy zmywarki 60 cm szafka kuchenna stoj\u0105ca Carballo - Demko Home<\/title>\n<meta name=\"robots\" content=\"index, follow, max-snippet:-1, max-image-preview:large, max-video-preview:-1\" \/>\n<link rel=\"canonical\" href=\"https:\/\/demkohome.pl\/en\/product\/panel-zabudowy-zmywarki-60-cm-zmywarka-carballo\/\" \/>\n<meta property=\"og:locale\" content=\"en_US\" \/>\n<meta property=\"og:type\" content=\"article\" \/>\n<meta property=\"og:title\" content=\"Panel do zabudowy zmywarki 60 cm szafka kuchenna stoj\u0105ca Carballo - Demko Home\" \/>\n<meta property=\"og:description\" content=\"Panel do zabudowy zmywarki 60 cm \u2014 praktyczna alternatywa dla szafki pod zmywark\u0119 Czy zmywarka mo\u017ce sta\u0107 w szafce? Tak, (...)\" \/>\n<meta property=\"og:url\" content=\"https:\/\/demkohome.pl\/en\/product\/panel-zabudowy-zmywarki-60-cm-zmywarka-carballo\/\" \/>\n<meta property=\"og:site_name\" content=\"Demko Home\" \/>\n<meta property=\"article:modified_time\" content=\"2026-05-17T01:32:28+00:00\" \/>\n<meta property=\"og:image\" content=\"https:\/\/demkohome.pl\/wp-content\/uploads\/2023\/08\/Panel-do-zabudowy-zmywarki-60-cm-Carballo-Okmed-Demko.jpg\" \/>\n\t<meta property=\"og:image:width\" content=\"1920\" \/>\n\t<meta property=\"og:image:height\" content=\"1920\" \/>\n\t<meta property=\"og:image:type\" content=\"image\/jpeg\" \/>\n<meta name=\"twitter:card\" content=\"summary_large_image\" \/>\n<meta name=\"twitter:label1\" content=\"Est. reading time\" \/>\n\t<meta name=\"twitter:data1\" content=\"3 minutes\" \/>\n<script type=\"application\/ld+json\" class=\"yoast-schema-graph\">{\"@context\":\"https:\\\/\\\/schema.org\",\"@graph\":[{\"@type\":\"WebPage\",\"@id\":\"https:\\\/\\\/demkohome.pl\\\/produkt\\\/panel-zabudowy-zmywarki-60-cm-zmywarka-carballo\\\/\",\"url\":\"https:\\\/\\\/demkohome.pl\\\/produkt\\\/panel-zabudowy-zmywarki-60-cm-zmywarka-carballo\\\/\",\"name\":\"Panel do zabudowy zmywarki 60 cm szafka kuchenna stoj\u0105ca Carballo - Demko Home\",\"isPartOf\":{\"@id\":\"https:\\\/\\\/demkohome.pl\\\/#website\"},\"primaryImageOfPage\":{\"@id\":\"https:\\\/\\\/demkohome.pl\\\/produkt\\\/panel-zabudowy-zmywarki-60-cm-zmywarka-carballo\\\/#primaryimage\"},\"image\":{\"@id\":\"https:\\\/\\\/demkohome.pl\\\/produkt\\\/panel-zabudowy-zmywarki-60-cm-zmywarka-carballo\\\/#primaryimage\"},\"thumbnailUrl\":\"https:\\\/\\\/demkohome.pl\\\/wp-content\\\/uploads\\\/2023\\\/08\\\/Panel-do-zabudowy-zmywarki-60-cm-Carballo-Okmed-Demko.jpg\",\"datePublished\":\"2023-08-24T20:30:00+00:00\",\"dateModified\":\"2026-05-17T01:32:28+00:00\",\"breadcrumb\":{\"@id\":\"https:\\\/\\\/demkohome.pl\\\/produkt\\\/panel-zabudowy-zmywarki-60-cm-zmywarka-carballo\\\/#breadcrumb\"},\"inLanguage\":\"en-US\",\"potentialAction\":[{\"@type\":\"ReadAction\",\"target\":[\"https:\\\/\\\/demkohome.pl\\\/produkt\\\/panel-zabudowy-zmywarki-60-cm-zmywarka-carballo\\\/\"]}]},{\"@type\":\"ImageObject\",\"inLanguage\":\"en-US\",\"@id\":\"https:\\\/\\\/demkohome.pl\\\/produkt\\\/panel-zabudowy-zmywarki-60-cm-zmywarka-carballo\\\/#primaryimage\",\"url\":\"https:\\\/\\\/demkohome.pl\\\/wp-content\\\/uploads\\\/2023\\\/08\\\/Panel-do-zabudowy-zmywarki-60-cm-Carballo-Okmed-Demko.jpg\",\"contentUrl\":\"https:\\\/\\\/demkohome.pl\\\/wp-content\\\/uploads\\\/2023\\\/08\\\/Panel-do-zabudowy-zmywarki-60-cm-Carballo-Okmed-Demko.jpg\",\"width\":1920,\"height\":1920,\"caption\":\"Panel do zabudowy zmywarki 60 cm \u2014 praktyczna alternatywa dla szafki pod zmywark\u0119 Okmed Demko\"},{\"@type\":\"BreadcrumbList\",\"@id\":\"https:\\\/\\\/demkohome.pl\\\/produkt\\\/panel-zabudowy-zmywarki-60-cm-zmywarka-carballo\\\/#breadcrumb\",\"itemListElement\":[{\"@type\":\"ListItem\",\"position\":1,\"name\":\"Strona g\u0142\u00f3wna\",\"item\":\"https:\\\/\\\/demkohome.pl\\\/\"},{\"@type\":\"ListItem\",\"position\":2,\"name\":\"Sklep\",\"item\":\"https:\\\/\\\/demkohome.pl\\\/sklep\\\/\"},{\"@type\":\"ListItem\",\"position\":3,\"name\":\"Panel do zabudowy zmywarki 60 cm szafka kuchenna stoj\u0105ca Carballo\"}]},{\"@type\":\"WebSite\",\"@id\":\"https:\\\/\\\/demkohome.pl\\\/#website\",\"url\":\"https:\\\/\\\/demkohome.pl\\\/\",\"name\":\"Demko Home\",\"description\":\"Make it simple\",\"publisher\":{\"@id\":\"https:\\\/\\\/demkohome.pl\\\/#organization\"},\"potentialAction\":[{\"@type\":\"SearchAction\",\"target\":{\"@type\":\"EntryPoint\",\"urlTemplate\":\"https:\\\/\\\/demkohome.pl\\\/?s={search_term_string}\"},\"query-input\":{\"@type\":\"PropertyValueSpecification\",\"valueRequired\":true,\"valueName\":\"search_term_string\"}}],\"inLanguage\":\"en-US\"},{\"@type\":\"Organization\",\"@id\":\"https:\\\/\\\/demkohome.pl\\\/#organization\",\"name\":\"Demko Home\",\"url\":\"https:\\\/\\\/demkohome.pl\\\/\",\"logo\":{\"@type\":\"ImageObject\",\"inLanguage\":\"en-US\",\"@id\":\"https:\\\/\\\/demkohome.pl\\\/#\\\/schema\\\/logo\\\/image\\\/\",\"url\":\"https:\\\/\\\/demkohome.pl\\\/wp-content\\\/uploads\\\/2026\\\/03\\\/cropped-3.png\",\"contentUrl\":\"https:\\\/\\\/demkohome.pl\\\/wp-content\\\/uploads\\\/2026\\\/03\\\/cropped-3.png\",\"width\":250,\"height\":63,\"caption\":\"Demko Home\"},\"image\":{\"@id\":\"https:\\\/\\\/demkohome.pl\\\/#\\\/schema\\\/logo\\\/image\\\/\"}}]}<\/script>\n<!-- \/ Yoast SEO plugin. -->","yoast_head_json":{"title":"Panel do zabudowy zmywarki 60 cm szafka kuchenna stoj\u0105ca Carballo - Demko Home","robots":{"index":"index","follow":"follow","max-snippet":"max-snippet:-1","max-image-preview":"max-image-preview:large","max-video-preview":"max-video-preview:-1"},"canonical":"https:\/\/demkohome.pl\/en\/product\/panel-zabudowy-zmywarki-60-cm-zmywarka-carballo\/","og_locale":"en_US","og_type":"article","og_title":"Panel do zabudowy zmywarki 60 cm szafka kuchenna stoj\u0105ca Carballo - Demko Home","og_description":"Panel do zabudowy zmywarki 60 cm \u2014 praktyczna alternatywa dla szafki pod zmywark\u0119 Czy zmywarka mo\u017ce sta\u0107 w szafce? Tak, (...)","og_url":"https:\/\/demkohome.pl\/en\/product\/panel-zabudowy-zmywarki-60-cm-zmywarka-carballo\/","og_site_name":"Demko Home","article_modified_time":"2026-05-17T01:32:28+00:00","og_image":[{"width":1920,"height":1920,"url":"https:\/\/demkohome.pl\/wp-content\/uploads\/2023\/08\/Panel-do-zabudowy-zmywarki-60-cm-Carballo-Okmed-Demko.jpg","type":"image\/jpeg"}],"twitter_card":"summary_large_image","twitter_misc":{"Est. reading time":"3 minutes"},"schema":{"@context":"https:\/\/schema.org","@graph":[{"@type":"WebPage","@id":"https:\/\/demkohome.pl\/produkt\/panel-zabudowy-zmywarki-60-cm-zmywarka-carballo\/","url":"https:\/\/demkohome.pl\/produkt\/panel-zabudowy-zmywarki-60-cm-zmywarka-carballo\/","name":"Panel do zabudowy zmywarki 60 cm szafka kuchenna stoj\u0105ca Carballo - Demko Home","isPartOf":{"@id":"https:\/\/demkohome.pl\/#website"},"primaryImageOfPage":{"@id":"https:\/\/demkohome.pl\/produkt\/panel-zabudowy-zmywarki-60-cm-zmywarka-carballo\/#primaryimage"},"image":{"@id":"https:\/\/demkohome.pl\/produkt\/panel-zabudowy-zmywarki-60-cm-zmywarka-carballo\/#primaryimage"},"thumbnailUrl":"https:\/\/demkohome.pl\/wp-content\/uploads\/2023\/08\/Panel-do-zabudowy-zmywarki-60-cm-Carballo-Okmed-Demko.jpg","datePublished":"2023-08-24T20:30:00+00:00","dateModified":"2026-05-17T01:32:28+00:00","breadcrumb":{"@id":"https:\/\/demkohome.pl\/produkt\/panel-zabudowy-zmywarki-60-cm-zmywarka-carballo\/#breadcrumb"},"inLanguage":"en-US","potentialAction":[{"@type":"ReadAction","target":["https:\/\/demkohome.pl\/produkt\/panel-zabudowy-zmywarki-60-cm-zmywarka-carballo\/"]}]},{"@type":"ImageObject","inLanguage":"en-US","@id":"https:\/\/demkohome.pl\/produkt\/panel-zabudowy-zmywarki-60-cm-zmywarka-carballo\/#primaryimage","url":"https:\/\/demkohome.pl\/wp-content\/uploads\/2023\/08\/Panel-do-zabudowy-zmywarki-60-cm-Carballo-Okmed-Demko.jpg","contentUrl":"https:\/\/demkohome.pl\/wp-content\/uploads\/2023\/08\/Panel-do-zabudowy-zmywarki-60-cm-Carballo-Okmed-Demko.jpg","width":1920,"height":1920,"caption":"Panel do zabudowy zmywarki 60 cm \u2014 praktyczna alternatywa dla szafki pod zmywark\u0119 Okmed Demko"},{"@type":"BreadcrumbList","@id":"https:\/\/demkohome.pl\/produkt\/panel-zabudowy-zmywarki-60-cm-zmywarka-carballo\/#breadcrumb","itemListElement":[{"@type":"ListItem","position":1,"name":"Strona g\u0142\u00f3wna","item":"https:\/\/demkohome.pl\/"},{"@type":"ListItem","position":2,"name":"Sklep","item":"https:\/\/demkohome.pl\/sklep\/"},{"@type":"ListItem","position":3,"name":"Panel do zabudowy zmywarki 60 cm szafka kuchenna stoj\u0105ca Carballo"}]},{"@type":"WebSite","@id":"https:\/\/demkohome.pl\/#website","url":"https:\/\/demkohome.pl\/","name":"Demko Home","description":"Make it simple","publisher":{"@id":"https:\/\/demkohome.pl\/#organization"},"potentialAction":[{"@type":"SearchAction","target":{"@type":"EntryPoint","urlTemplate":"https:\/\/demkohome.pl\/?s={search_term_string}"},"query-input":{"@type":"PropertyValueSpecification","valueRequired":true,"valueName":"search_term_string"}}],"inLanguage":"en-US"},{"@type":"Organization","@id":"https:\/\/demkohome.pl\/#organization","name":"Demko Home","url":"https:\/\/demkohome.pl\/","logo":{"@type":"ImageObject","inLanguage":"en-US","@id":"https:\/\/demkohome.pl\/#\/schema\/logo\/image\/","url":"https:\/\/demkohome.pl\/wp-content\/uploads\/2026\/03\/cropped-3.png","contentUrl":"https:\/\/demkohome.pl\/wp-content\/uploads\/2026\/03\/cropped-3.png","width":250,"height":63,"caption":"Demko Home"},"image":{"@id":"https:\/\/demkohome.pl\/#\/schema\/logo\/image\/"}}]}},"_links":{"self":[{"href":"https:\/\/demkohome.pl\/en\/wp-json\/wp\/v2\/product\/398","targetHints":{"allow":["GET"]}}],"collection":[{"href":"https:\/\/demkohome.pl\/en\/wp-json\/wp\/v2\/product"}],"about":[{"href":"https:\/\/demkohome.pl\/en\/wp-json\/wp\/v2\/types\/product"}],"replies":[{"embeddable":true,"href":"https:\/\/demkohome.pl\/en\/wp-json\/wp\/v2\/comments?post=398"}],"wp:featuredmedia":[{"embeddable":true,"href":"https:\/\/demkohome.pl\/en\/wp-json\/wp\/v2\/media\/8614"}],"wp:attachment":[{"href":"https:\/\/demkohome.pl\/en\/wp-json\/wp\/v2\/media?parent=398"}],"wp:term":[{"taxonomy":"product_brand","embeddable":true,"href":"https:\/\/demkohome.pl\/en\/wp-json\/wp\/v2\/product_brand?post=398"},{"taxonomy":"product_cat","embeddable":true,"href":"https:\/\/demkohome.pl\/en\/wp-json\/wp\/v2\/product_cat?post=398"},{"taxonomy":"product_tag","embeddable":true,"href":"https:\/\/demkohome.pl\/en\/wp-json\/wp\/v2\/product_tag?post=398"}],"curies":[{"name":"wp","href":"https:\/\/api.w.org\/{rel}","templated":true}]}}