{"id":401,"date":"2023-08-24T22:30:00","date_gmt":"2023-08-24T20:30:00","guid":{"rendered":"https:\/\/demkohome.pl\/produkt\/szafka-kuchenna-dolna-80-cm-carballo\/"},"modified":"2026-04-23T09:32:33","modified_gmt":"2026-04-23T07:32:33","slug":"szafka-kuchenna-dolna-80-cm-carballo","status":"publish","type":"product","link":"https:\/\/demkohome.pl\/en\/product\/szafka-kuchenna-dolna-80-cm-carballo\/","title":{"rendered":"Standing kitchen cabinet 80 cm Carballo"},"content":{"rendered":"<div style=\"font-family: 'Noto Sans', sans-serif; font-size: 17px;\">\n<h2>Lower kitchen cabinet 80 cm in the color of Oak Warmia<\/h2>\n<p>Standing kitchen cabinet 80 cm with is an indispensable element of elegance and functional kitchen. Made of solid 16 mm thick laminated chipboard in the shade of natural wood Oak Warmia, it exudes not only functionality, but also sophisticated style. Subtle black edges of the solids and elegant handles perfectly match the color of the wood, creating an atmosphere of harmony and unique aesthetics throughout the kitchen space. Hinges with silent closing ensure smooth and noiseless closing of the cabinets, emphasizing the high quality of workmanship. PVC edging guarantees durability and resistance to damage, while emphasizing the elegant appearance of the furniture. Additional matte finishes on the fronts allow you to freely adapt the cabinet to a variety of room arrangements, giving them a unique charm and exceptional style that impresses from the first glance. The entire product was created in accordance with FSC standards, which demonstrates concern for the environment and attention to sustainability. Lower kitchen cabinet 80 cm in the color of Oak Warmia is, in other words, a must-have for any practical culinary space.<\/p>\n<h3>Kitchen base cabinet 80 cm - synonymous with capacity and multifunctionality<\/h3>\n<p>The 80 cm wide base kitchen cabinet is a true synonym for the capacity and multifunctionality of any kitchen. Thanks to its spacious design, it offers plenty of storage space for a variety of kitchen accessories, utensils and groceries, while providing easy access to them for daily kitchen work. Its versatile use means that it can be used both as a storage space for kitchen accessories, as well as a spacious work surface for convenient food preparation.<\/p>\n<h3>Create your own composition of the Carballo kitchen segment: the modular nature of the 80 cm standing cabinet<\/h3>\n<p>The Carballo kitchen furniture collection is the quintessential example of flexibility in arranging culinary spaces. Thanks to the modular approach to design, the customer has the ability to tailor the collection's cabinets to the specific dimensions and layout of their kitchen. Whether the kitchen space is large or small, rectangular or irregular, the modularity of the Carballo collection allows for the creation of an optimal furniture layout that perfectly suits the client's individual needs and preferences. In addition, the ability to easily expand the set in the future makes the Carballo collection provide not only up-to-date, but also long-lasting solutions, allowing the kitchen to evolve with the needs of the household. The 80 cm wide standing kitchen cabinet is potentially the first step towards creating a functional and aesthetically pleasing kitchen, enhanced by Carballo's customized cabinetry for the space.<\/p>\n<\/div>","protected":false},"excerpt":{"rendered":"<p>Dolna szafka kuchenna 80 cm w kolorze D\u0105b Warmia Szafka kuchenna stoj\u0105ca 80 cm z to niezast\u0105piony element elegancji i (&#8230;)<\/p>","protected":false},"featured_media":8616,"comment_status":"open","ping_status":"closed","template":"","meta":{"_acf_changed":false,"inline_featured_image":false},"product_brand":[],"product_cat":[115,140,65,137,139,106,107],"product_tag":[],"class_list":{"0":"post-401","1":"product","2":"type-product","3":"status-publish","4":"has-post-thumbnail","6":"product_cat-carballo","7":"product_cat-kuchnia","8":"product_cat-meble-kuchenne","9":"product_cat-meble-systemowe","10":"product_cat-pomieszczenia","11":"product_cat-szafki-kuchenne","12":"product_cat-szafki-kuchenne-stojace","13":"product_shipping_class-przesylka-dpd-15-pln","14":"collection-carballo","16":"first","17":"instock","18":"shipping-taxable","19":"purchasable","20":"product-type-variable","21":"has-default-attributes"},"acf":[],"yoast_head":"<!-- This site is optimized with the Yoast SEO plugin v27.4 - https:\/\/yoast.com\/product\/yoast-seo-wordpress\/ -->\n<title>Szafka kuchenna stoj\u0105ca 80 cm Carballo - Demko Home<\/title>\n<meta name=\"robots\" content=\"index, follow, max-snippet:-1, max-image-preview:large, max-video-preview:-1\" \/>\n<link rel=\"canonical\" href=\"https:\/\/demkohome.pl\/en\/product\/szafka-kuchenna-dolna-80-cm-carballo\/\" \/>\n<meta property=\"og:locale\" content=\"en_US\" \/>\n<meta property=\"og:type\" content=\"article\" \/>\n<meta property=\"og:title\" content=\"Szafka kuchenna stoj\u0105ca 80 cm Carballo - Demko Home\" \/>\n<meta property=\"og:description\" content=\"Dolna szafka kuchenna 80 cm w kolorze D\u0105b Warmia Szafka kuchenna stoj\u0105ca 80 cm z to niezast\u0105piony element elegancji i (...)\" \/>\n<meta property=\"og:url\" content=\"https:\/\/demkohome.pl\/en\/product\/szafka-kuchenna-dolna-80-cm-carballo\/\" \/>\n<meta property=\"og:site_name\" content=\"Demko Home\" \/>\n<meta property=\"article:modified_time\" content=\"2026-04-23T07:32:33+00:00\" \/>\n<meta property=\"og:image\" content=\"https:\/\/demkohome.pl\/wp-content\/uploads\/2023\/08\/Szafka-kuchenna-stojaca-80-cm-Carballo-Dab-Warmia-Czarne-obrzeza-Okmed-Demko.jpg\" \/>\n\t<meta property=\"og:image:width\" content=\"1920\" \/>\n\t<meta property=\"og:image:height\" content=\"1920\" \/>\n\t<meta property=\"og:image:type\" content=\"image\/jpeg\" \/>\n<meta name=\"twitter:card\" content=\"summary_large_image\" \/>\n<meta name=\"twitter:label1\" content=\"Est. reading time\" \/>\n\t<meta name=\"twitter:data1\" content=\"4 minutes\" \/>\n<script type=\"application\/ld+json\" class=\"yoast-schema-graph\">{\"@context\":\"https:\\\/\\\/schema.org\",\"@graph\":[{\"@type\":\"WebPage\",\"@id\":\"https:\\\/\\\/demkohome.pl\\\/produkt\\\/szafka-kuchenna-dolna-80-cm-carballo\\\/\",\"url\":\"https:\\\/\\\/demkohome.pl\\\/produkt\\\/szafka-kuchenna-dolna-80-cm-carballo\\\/\",\"name\":\"Szafka kuchenna stoj\u0105ca 80 cm Carballo - Demko Home\",\"isPartOf\":{\"@id\":\"https:\\\/\\\/demkohome.pl\\\/#website\"},\"primaryImageOfPage\":{\"@id\":\"https:\\\/\\\/demkohome.pl\\\/produkt\\\/szafka-kuchenna-dolna-80-cm-carballo\\\/#primaryimage\"},\"image\":{\"@id\":\"https:\\\/\\\/demkohome.pl\\\/produkt\\\/szafka-kuchenna-dolna-80-cm-carballo\\\/#primaryimage\"},\"thumbnailUrl\":\"https:\\\/\\\/demkohome.pl\\\/wp-content\\\/uploads\\\/2023\\\/08\\\/Szafka-kuchenna-stojaca-80-cm-Carballo-Dab-Warmia-Czarne-obrzeza-Okmed-Demko.jpg\",\"datePublished\":\"2023-08-24T20:30:00+00:00\",\"dateModified\":\"2026-04-23T07:32:33+00:00\",\"breadcrumb\":{\"@id\":\"https:\\\/\\\/demkohome.pl\\\/produkt\\\/szafka-kuchenna-dolna-80-cm-carballo\\\/#breadcrumb\"},\"inLanguage\":\"en-US\",\"potentialAction\":[{\"@type\":\"ReadAction\",\"target\":[\"https:\\\/\\\/demkohome.pl\\\/produkt\\\/szafka-kuchenna-dolna-80-cm-carballo\\\/\"]}]},{\"@type\":\"ImageObject\",\"inLanguage\":\"en-US\",\"@id\":\"https:\\\/\\\/demkohome.pl\\\/produkt\\\/szafka-kuchenna-dolna-80-cm-carballo\\\/#primaryimage\",\"url\":\"https:\\\/\\\/demkohome.pl\\\/wp-content\\\/uploads\\\/2023\\\/08\\\/Szafka-kuchenna-stojaca-80-cm-Carballo-Dab-Warmia-Czarne-obrzeza-Okmed-Demko.jpg\",\"contentUrl\":\"https:\\\/\\\/demkohome.pl\\\/wp-content\\\/uploads\\\/2023\\\/08\\\/Szafka-kuchenna-stojaca-80-cm-Carballo-Dab-Warmia-Czarne-obrzeza-Okmed-Demko.jpg\",\"width\":1920,\"height\":1920,\"caption\":\"Szafka kuchenna stoj\u0105ca 80 cm Carballo Dab Warmia Czarne obrzeza Okmed Demko\"},{\"@type\":\"BreadcrumbList\",\"@id\":\"https:\\\/\\\/demkohome.pl\\\/produkt\\\/szafka-kuchenna-dolna-80-cm-carballo\\\/#breadcrumb\",\"itemListElement\":[{\"@type\":\"ListItem\",\"position\":1,\"name\":\"Strona g\u0142\u00f3wna\",\"item\":\"https:\\\/\\\/demkohome.pl\\\/\"},{\"@type\":\"ListItem\",\"position\":2,\"name\":\"Sklep\",\"item\":\"https:\\\/\\\/demkohome.pl\\\/sklep\\\/\"},{\"@type\":\"ListItem\",\"position\":3,\"name\":\"Szafka kuchenna stoj\u0105ca 80 cm Carballo\"}]},{\"@type\":\"WebSite\",\"@id\":\"https:\\\/\\\/demkohome.pl\\\/#website\",\"url\":\"https:\\\/\\\/demkohome.pl\\\/\",\"name\":\"Demko Home\",\"description\":\"Make it simple\",\"publisher\":{\"@id\":\"https:\\\/\\\/demkohome.pl\\\/#organization\"},\"potentialAction\":[{\"@type\":\"SearchAction\",\"target\":{\"@type\":\"EntryPoint\",\"urlTemplate\":\"https:\\\/\\\/demkohome.pl\\\/?s={search_term_string}\"},\"query-input\":{\"@type\":\"PropertyValueSpecification\",\"valueRequired\":true,\"valueName\":\"search_term_string\"}}],\"inLanguage\":\"en-US\"},{\"@type\":\"Organization\",\"@id\":\"https:\\\/\\\/demkohome.pl\\\/#organization\",\"name\":\"Demko Home\",\"url\":\"https:\\\/\\\/demkohome.pl\\\/\",\"logo\":{\"@type\":\"ImageObject\",\"inLanguage\":\"en-US\",\"@id\":\"https:\\\/\\\/demkohome.pl\\\/#\\\/schema\\\/logo\\\/image\\\/\",\"url\":\"https:\\\/\\\/demkohome.pl\\\/wp-content\\\/uploads\\\/2026\\\/03\\\/cropped-3.png\",\"contentUrl\":\"https:\\\/\\\/demkohome.pl\\\/wp-content\\\/uploads\\\/2026\\\/03\\\/cropped-3.png\",\"width\":250,\"height\":63,\"caption\":\"Demko Home\"},\"image\":{\"@id\":\"https:\\\/\\\/demkohome.pl\\\/#\\\/schema\\\/logo\\\/image\\\/\"}}]}<\/script>\n<!-- \/ Yoast SEO plugin. -->","yoast_head_json":{"title":"Szafka kuchenna stoj\u0105ca 80 cm Carballo - Demko Home","robots":{"index":"index","follow":"follow","max-snippet":"max-snippet:-1","max-image-preview":"max-image-preview:large","max-video-preview":"max-video-preview:-1"},"canonical":"https:\/\/demkohome.pl\/en\/product\/szafka-kuchenna-dolna-80-cm-carballo\/","og_locale":"en_US","og_type":"article","og_title":"Szafka kuchenna stoj\u0105ca 80 cm Carballo - Demko Home","og_description":"Dolna szafka kuchenna 80 cm w kolorze D\u0105b Warmia Szafka kuchenna stoj\u0105ca 80 cm z to niezast\u0105piony element elegancji i (...)","og_url":"https:\/\/demkohome.pl\/en\/product\/szafka-kuchenna-dolna-80-cm-carballo\/","og_site_name":"Demko Home","article_modified_time":"2026-04-23T07:32:33+00:00","og_image":[{"width":1920,"height":1920,"url":"https:\/\/demkohome.pl\/wp-content\/uploads\/2023\/08\/Szafka-kuchenna-stojaca-80-cm-Carballo-Dab-Warmia-Czarne-obrzeza-Okmed-Demko.jpg","type":"image\/jpeg"}],"twitter_card":"summary_large_image","twitter_misc":{"Est. reading time":"4 minutes"},"schema":{"@context":"https:\/\/schema.org","@graph":[{"@type":"WebPage","@id":"https:\/\/demkohome.pl\/produkt\/szafka-kuchenna-dolna-80-cm-carballo\/","url":"https:\/\/demkohome.pl\/produkt\/szafka-kuchenna-dolna-80-cm-carballo\/","name":"Szafka kuchenna stoj\u0105ca 80 cm Carballo - Demko Home","isPartOf":{"@id":"https:\/\/demkohome.pl\/#website"},"primaryImageOfPage":{"@id":"https:\/\/demkohome.pl\/produkt\/szafka-kuchenna-dolna-80-cm-carballo\/#primaryimage"},"image":{"@id":"https:\/\/demkohome.pl\/produkt\/szafka-kuchenna-dolna-80-cm-carballo\/#primaryimage"},"thumbnailUrl":"https:\/\/demkohome.pl\/wp-content\/uploads\/2023\/08\/Szafka-kuchenna-stojaca-80-cm-Carballo-Dab-Warmia-Czarne-obrzeza-Okmed-Demko.jpg","datePublished":"2023-08-24T20:30:00+00:00","dateModified":"2026-04-23T07:32:33+00:00","breadcrumb":{"@id":"https:\/\/demkohome.pl\/produkt\/szafka-kuchenna-dolna-80-cm-carballo\/#breadcrumb"},"inLanguage":"en-US","potentialAction":[{"@type":"ReadAction","target":["https:\/\/demkohome.pl\/produkt\/szafka-kuchenna-dolna-80-cm-carballo\/"]}]},{"@type":"ImageObject","inLanguage":"en-US","@id":"https:\/\/demkohome.pl\/produkt\/szafka-kuchenna-dolna-80-cm-carballo\/#primaryimage","url":"https:\/\/demkohome.pl\/wp-content\/uploads\/2023\/08\/Szafka-kuchenna-stojaca-80-cm-Carballo-Dab-Warmia-Czarne-obrzeza-Okmed-Demko.jpg","contentUrl":"https:\/\/demkohome.pl\/wp-content\/uploads\/2023\/08\/Szafka-kuchenna-stojaca-80-cm-Carballo-Dab-Warmia-Czarne-obrzeza-Okmed-Demko.jpg","width":1920,"height":1920,"caption":"Szafka kuchenna stoj\u0105ca 80 cm Carballo Dab Warmia Czarne obrzeza Okmed Demko"},{"@type":"BreadcrumbList","@id":"https:\/\/demkohome.pl\/produkt\/szafka-kuchenna-dolna-80-cm-carballo\/#breadcrumb","itemListElement":[{"@type":"ListItem","position":1,"name":"Strona g\u0142\u00f3wna","item":"https:\/\/demkohome.pl\/"},{"@type":"ListItem","position":2,"name":"Sklep","item":"https:\/\/demkohome.pl\/sklep\/"},{"@type":"ListItem","position":3,"name":"Szafka kuchenna stoj\u0105ca 80 cm Carballo"}]},{"@type":"WebSite","@id":"https:\/\/demkohome.pl\/#website","url":"https:\/\/demkohome.pl\/","name":"Demko Home","description":"Make it simple","publisher":{"@id":"https:\/\/demkohome.pl\/#organization"},"potentialAction":[{"@type":"SearchAction","target":{"@type":"EntryPoint","urlTemplate":"https:\/\/demkohome.pl\/?s={search_term_string}"},"query-input":{"@type":"PropertyValueSpecification","valueRequired":true,"valueName":"search_term_string"}}],"inLanguage":"en-US"},{"@type":"Organization","@id":"https:\/\/demkohome.pl\/#organization","name":"Demko Home","url":"https:\/\/demkohome.pl\/","logo":{"@type":"ImageObject","inLanguage":"en-US","@id":"https:\/\/demkohome.pl\/#\/schema\/logo\/image\/","url":"https:\/\/demkohome.pl\/wp-content\/uploads\/2026\/03\/cropped-3.png","contentUrl":"https:\/\/demkohome.pl\/wp-content\/uploads\/2026\/03\/cropped-3.png","width":250,"height":63,"caption":"Demko Home"},"image":{"@id":"https:\/\/demkohome.pl\/#\/schema\/logo\/image\/"}}]}},"_links":{"self":[{"href":"https:\/\/demkohome.pl\/en\/wp-json\/wp\/v2\/product\/401","targetHints":{"allow":["GET"]}}],"collection":[{"href":"https:\/\/demkohome.pl\/en\/wp-json\/wp\/v2\/product"}],"about":[{"href":"https:\/\/demkohome.pl\/en\/wp-json\/wp\/v2\/types\/product"}],"replies":[{"embeddable":true,"href":"https:\/\/demkohome.pl\/en\/wp-json\/wp\/v2\/comments?post=401"}],"wp:featuredmedia":[{"embeddable":true,"href":"https:\/\/demkohome.pl\/en\/wp-json\/wp\/v2\/media\/8616"}],"wp:attachment":[{"href":"https:\/\/demkohome.pl\/en\/wp-json\/wp\/v2\/media?parent=401"}],"wp:term":[{"taxonomy":"product_brand","embeddable":true,"href":"https:\/\/demkohome.pl\/en\/wp-json\/wp\/v2\/product_brand?post=401"},{"taxonomy":"product_cat","embeddable":true,"href":"https:\/\/demkohome.pl\/en\/wp-json\/wp\/v2\/product_cat?post=401"},{"taxonomy":"product_tag","embeddable":true,"href":"https:\/\/demkohome.pl\/en\/wp-json\/wp\/v2\/product_tag?post=401"}],"curies":[{"name":"wp","href":"https:\/\/api.w.org\/{rel}","templated":true}]}}