{"id":406,"date":"2023-08-24T22:30:00","date_gmt":"2023-08-24T20:30:00","guid":{"rendered":"https:\/\/demkohome.pl\/produkt\/szafka-kuchenna-narozna-dolna-90x90-cm-carballo\/"},"modified":"2026-04-19T09:32:16","modified_gmt":"2026-04-19T07:32:16","slug":"szafka-kuchenna-narozna-stojaca-90x90-cm-carballo","status":"publish","type":"product","link":"https:\/\/demkohome.pl\/en\/product\/szafka-kuchenna-narozna-stojaca-90x90-cm-carballo\/","title":{"rendered":"Corner standing kitchen cabinet 90 x 90 cm Carballo"},"content":{"rendered":"<div style=\"font-family: 'Noto Sans', sans-serif; font-size: 17px;\">\n<h2>Corner kitchen cabinet 90 cm - a functional solution for a fashionable kitchen<\/h2>\n<p>How to functionally develop the junction of two strings of kitchen fittings? The corner, which is characteristic mainly for rooms of small and medium size, is one of the most problematic places in the kitchen. If you want to tame the arrangement chaos, opt for a 90 cm corner kitchen cabinet from the Carballo collection. This is a piece of furniture that cannot be denied practical features. Simple, but well-thought-out construction, the characteristic design of this line and only the necessary details make it one of the most popular ways to use corners. The potential of the corner cabinet will also be appreciated by owners of a kitchen open to the living room.<\/p>\n<h3>Corner kitchen cabinet 90 cm - more storage space and a large worktop<\/h3>\n<p>The proposed corner kitchen cabinet 90 cm is a simple way to fill a small interior. This piece of furniture, characterized by a simple minimalist body, provides ample storage space. Due to the lack of shelves, it can be the basis for innovative solutions for organizing space. The advantage of the corner cabinet from the Carballo collection is also the lack of tops and a strip connecting the tops. This treatment is intentional and determines the greater functionality of the furniture. Among other things, it allows you to precisely match it with the rest of the built-in elements. Ultimately, the corner cabinet provides a large working space and increases the comfort of the room.<\/p>\n<h3>Cabinet from the Carballo collection - a convenient solution in style<\/h3>\n<p>A well-developed corner is especially important in rooms of small and medium size. Choosing a 90 cm corner kitchen cabinet, you will achieve the effect you are aiming for. The furniture boasts functionality, durability and relatively high resistance to mechanical damage. Made of laminated particleboard, it impresses with an elegant matte finish and original colors. The noble character of the Warmia oak is highlighted by black details with a simple form. Kitchen corner 90 cm is part of the system collection and can function as a standalone piece of furniture or a modular cabinet.<\/p>\n<\/div>","protected":false},"excerpt":{"rendered":"<p>Szafka kuchenna naro\u017cna 90 cm \u2014 funkcjonalne rozwi\u0105zanie dla modnej kuchni Jak funkcjonalnie zagospodarowa\u0107 styk dw\u00f3ch ci\u0105g\u00f3w zabudowy kuchennej? Naro\u017cnik, (&#8230;)<\/p>","protected":false},"featured_media":8622,"comment_status":"open","ping_status":"closed","template":"","meta":{"_acf_changed":false,"inline_featured_image":false},"product_brand":[],"product_cat":[115,140,65,137,139,106,109,107],"product_tag":[],"class_list":{"0":"post-406","1":"product","2":"type-product","3":"status-publish","4":"has-post-thumbnail","6":"product_cat-carballo","7":"product_cat-kuchnia","8":"product_cat-meble-kuchenne","9":"product_cat-meble-systemowe","10":"product_cat-pomieszczenia","11":"product_cat-szafki-kuchenne","12":"product_cat-szafki-kuchenne-narozne","13":"product_cat-szafki-kuchenne-stojace","14":"product_shipping_class-przesylka-dpd-50-pln","15":"collection-carballo","17":"first","18":"instock","19":"shipping-taxable","20":"purchasable","21":"product-type-variable","22":"has-default-attributes"},"acf":[],"yoast_head":"<!-- This site is optimized with the Yoast SEO plugin v27.4 - https:\/\/yoast.com\/product\/yoast-seo-wordpress\/ -->\n<title>Szafka kuchenna naro\u017cna stoj\u0105ca 90 x 90 cm Carballo - Demko Home<\/title>\n<meta name=\"robots\" content=\"index, follow, max-snippet:-1, max-image-preview:large, max-video-preview:-1\" \/>\n<link rel=\"canonical\" href=\"https:\/\/demkohome.pl\/en\/product\/szafka-kuchenna-narozna-stojaca-90x90-cm-carballo\/\" \/>\n<meta property=\"og:locale\" content=\"en_US\" \/>\n<meta property=\"og:type\" content=\"article\" \/>\n<meta property=\"og:title\" content=\"Szafka kuchenna naro\u017cna stoj\u0105ca 90 x 90 cm Carballo - Demko Home\" \/>\n<meta property=\"og:description\" content=\"Szafka kuchenna naro\u017cna 90 cm \u2014 funkcjonalne rozwi\u0105zanie dla modnej kuchni Jak funkcjonalnie zagospodarowa\u0107 styk dw\u00f3ch ci\u0105g\u00f3w zabudowy kuchennej? Naro\u017cnik, (...)\" \/>\n<meta property=\"og:url\" content=\"https:\/\/demkohome.pl\/en\/product\/szafka-kuchenna-narozna-stojaca-90x90-cm-carballo\/\" \/>\n<meta property=\"og:site_name\" content=\"Demko Home\" \/>\n<meta property=\"article:modified_time\" content=\"2026-04-19T07:32:16+00:00\" \/>\n<meta property=\"og:image\" content=\"https:\/\/demkohome.pl\/wp-content\/uploads\/2023\/08\/Szafka-kuchenna-narozna-stojaca-90-x-90-cm-Carballo-Dab-warmia-czern-Okmed-Demko.jpg\" \/>\n\t<meta property=\"og:image:width\" content=\"1920\" \/>\n\t<meta property=\"og:image:height\" content=\"1440\" \/>\n\t<meta property=\"og:image:type\" content=\"image\/jpeg\" \/>\n<meta name=\"twitter:card\" content=\"summary_large_image\" \/>\n<meta name=\"twitter:label1\" content=\"Est. reading time\" \/>\n\t<meta name=\"twitter:data1\" content=\"3 minutes\" \/>\n<script type=\"application\/ld+json\" class=\"yoast-schema-graph\">{\"@context\":\"https:\\\/\\\/schema.org\",\"@graph\":[{\"@type\":\"WebPage\",\"@id\":\"https:\\\/\\\/demkohome.pl\\\/produkt\\\/szafka-kuchenna-narozna-stojaca-90x90-cm-carballo\\\/\",\"url\":\"https:\\\/\\\/demkohome.pl\\\/produkt\\\/szafka-kuchenna-narozna-stojaca-90x90-cm-carballo\\\/\",\"name\":\"Szafka kuchenna naro\u017cna stoj\u0105ca 90 x 90 cm Carballo - Demko Home\",\"isPartOf\":{\"@id\":\"https:\\\/\\\/demkohome.pl\\\/#website\"},\"primaryImageOfPage\":{\"@id\":\"https:\\\/\\\/demkohome.pl\\\/produkt\\\/szafka-kuchenna-narozna-stojaca-90x90-cm-carballo\\\/#primaryimage\"},\"image\":{\"@id\":\"https:\\\/\\\/demkohome.pl\\\/produkt\\\/szafka-kuchenna-narozna-stojaca-90x90-cm-carballo\\\/#primaryimage\"},\"thumbnailUrl\":\"https:\\\/\\\/demkohome.pl\\\/wp-content\\\/uploads\\\/2023\\\/08\\\/Szafka-kuchenna-narozna-stojaca-90-x-90-cm-Carballo-Dab-warmia-czern-Okmed-Demko.jpg\",\"datePublished\":\"2023-08-24T20:30:00+00:00\",\"dateModified\":\"2026-04-19T07:32:16+00:00\",\"breadcrumb\":{\"@id\":\"https:\\\/\\\/demkohome.pl\\\/produkt\\\/szafka-kuchenna-narozna-stojaca-90x90-cm-carballo\\\/#breadcrumb\"},\"inLanguage\":\"en-US\",\"potentialAction\":[{\"@type\":\"ReadAction\",\"target\":[\"https:\\\/\\\/demkohome.pl\\\/produkt\\\/szafka-kuchenna-narozna-stojaca-90x90-cm-carballo\\\/\"]}]},{\"@type\":\"ImageObject\",\"inLanguage\":\"en-US\",\"@id\":\"https:\\\/\\\/demkohome.pl\\\/produkt\\\/szafka-kuchenna-narozna-stojaca-90x90-cm-carballo\\\/#primaryimage\",\"url\":\"https:\\\/\\\/demkohome.pl\\\/wp-content\\\/uploads\\\/2023\\\/08\\\/Szafka-kuchenna-narozna-stojaca-90-x-90-cm-Carballo-Dab-warmia-czern-Okmed-Demko.jpg\",\"contentUrl\":\"https:\\\/\\\/demkohome.pl\\\/wp-content\\\/uploads\\\/2023\\\/08\\\/Szafka-kuchenna-narozna-stojaca-90-x-90-cm-Carballo-Dab-warmia-czern-Okmed-Demko.jpg\",\"width\":1920,\"height\":1440,\"caption\":\"Szafka kuchenna naro\u017cna stoj\u0105ca 90 x 90 cm Carballo Dab warmia czern Okmed Demko\"},{\"@type\":\"BreadcrumbList\",\"@id\":\"https:\\\/\\\/demkohome.pl\\\/produkt\\\/szafka-kuchenna-narozna-stojaca-90x90-cm-carballo\\\/#breadcrumb\",\"itemListElement\":[{\"@type\":\"ListItem\",\"position\":1,\"name\":\"Strona g\u0142\u00f3wna\",\"item\":\"https:\\\/\\\/demkohome.pl\\\/\"},{\"@type\":\"ListItem\",\"position\":2,\"name\":\"Sklep\",\"item\":\"https:\\\/\\\/demkohome.pl\\\/sklep\\\/\"},{\"@type\":\"ListItem\",\"position\":3,\"name\":\"Szafka kuchenna naro\u017cna stoj\u0105ca 90 x 90 cm Carballo\"}]},{\"@type\":\"WebSite\",\"@id\":\"https:\\\/\\\/demkohome.pl\\\/#website\",\"url\":\"https:\\\/\\\/demkohome.pl\\\/\",\"name\":\"Demko Home\",\"description\":\"Make it simple\",\"publisher\":{\"@id\":\"https:\\\/\\\/demkohome.pl\\\/#organization\"},\"potentialAction\":[{\"@type\":\"SearchAction\",\"target\":{\"@type\":\"EntryPoint\",\"urlTemplate\":\"https:\\\/\\\/demkohome.pl\\\/?s={search_term_string}\"},\"query-input\":{\"@type\":\"PropertyValueSpecification\",\"valueRequired\":true,\"valueName\":\"search_term_string\"}}],\"inLanguage\":\"en-US\"},{\"@type\":\"Organization\",\"@id\":\"https:\\\/\\\/demkohome.pl\\\/#organization\",\"name\":\"Demko Home\",\"url\":\"https:\\\/\\\/demkohome.pl\\\/\",\"logo\":{\"@type\":\"ImageObject\",\"inLanguage\":\"en-US\",\"@id\":\"https:\\\/\\\/demkohome.pl\\\/#\\\/schema\\\/logo\\\/image\\\/\",\"url\":\"https:\\\/\\\/demkohome.pl\\\/wp-content\\\/uploads\\\/2026\\\/03\\\/cropped-3.png\",\"contentUrl\":\"https:\\\/\\\/demkohome.pl\\\/wp-content\\\/uploads\\\/2026\\\/03\\\/cropped-3.png\",\"width\":250,\"height\":63,\"caption\":\"Demko Home\"},\"image\":{\"@id\":\"https:\\\/\\\/demkohome.pl\\\/#\\\/schema\\\/logo\\\/image\\\/\"}}]}<\/script>\n<!-- \/ Yoast SEO plugin. -->","yoast_head_json":{"title":"Szafka kuchenna naro\u017cna stoj\u0105ca 90 x 90 cm Carballo - Demko Home","robots":{"index":"index","follow":"follow","max-snippet":"max-snippet:-1","max-image-preview":"max-image-preview:large","max-video-preview":"max-video-preview:-1"},"canonical":"https:\/\/demkohome.pl\/en\/product\/szafka-kuchenna-narozna-stojaca-90x90-cm-carballo\/","og_locale":"en_US","og_type":"article","og_title":"Szafka kuchenna naro\u017cna stoj\u0105ca 90 x 90 cm Carballo - Demko Home","og_description":"Szafka kuchenna naro\u017cna 90 cm \u2014 funkcjonalne rozwi\u0105zanie dla modnej kuchni Jak funkcjonalnie zagospodarowa\u0107 styk dw\u00f3ch ci\u0105g\u00f3w zabudowy kuchennej? Naro\u017cnik, (...)","og_url":"https:\/\/demkohome.pl\/en\/product\/szafka-kuchenna-narozna-stojaca-90x90-cm-carballo\/","og_site_name":"Demko Home","article_modified_time":"2026-04-19T07:32:16+00:00","og_image":[{"width":1920,"height":1440,"url":"https:\/\/demkohome.pl\/wp-content\/uploads\/2023\/08\/Szafka-kuchenna-narozna-stojaca-90-x-90-cm-Carballo-Dab-warmia-czern-Okmed-Demko.jpg","type":"image\/jpeg"}],"twitter_card":"summary_large_image","twitter_misc":{"Est. reading time":"3 minutes"},"schema":{"@context":"https:\/\/schema.org","@graph":[{"@type":"WebPage","@id":"https:\/\/demkohome.pl\/produkt\/szafka-kuchenna-narozna-stojaca-90x90-cm-carballo\/","url":"https:\/\/demkohome.pl\/produkt\/szafka-kuchenna-narozna-stojaca-90x90-cm-carballo\/","name":"Szafka kuchenna naro\u017cna stoj\u0105ca 90 x 90 cm Carballo - Demko Home","isPartOf":{"@id":"https:\/\/demkohome.pl\/#website"},"primaryImageOfPage":{"@id":"https:\/\/demkohome.pl\/produkt\/szafka-kuchenna-narozna-stojaca-90x90-cm-carballo\/#primaryimage"},"image":{"@id":"https:\/\/demkohome.pl\/produkt\/szafka-kuchenna-narozna-stojaca-90x90-cm-carballo\/#primaryimage"},"thumbnailUrl":"https:\/\/demkohome.pl\/wp-content\/uploads\/2023\/08\/Szafka-kuchenna-narozna-stojaca-90-x-90-cm-Carballo-Dab-warmia-czern-Okmed-Demko.jpg","datePublished":"2023-08-24T20:30:00+00:00","dateModified":"2026-04-19T07:32:16+00:00","breadcrumb":{"@id":"https:\/\/demkohome.pl\/produkt\/szafka-kuchenna-narozna-stojaca-90x90-cm-carballo\/#breadcrumb"},"inLanguage":"en-US","potentialAction":[{"@type":"ReadAction","target":["https:\/\/demkohome.pl\/produkt\/szafka-kuchenna-narozna-stojaca-90x90-cm-carballo\/"]}]},{"@type":"ImageObject","inLanguage":"en-US","@id":"https:\/\/demkohome.pl\/produkt\/szafka-kuchenna-narozna-stojaca-90x90-cm-carballo\/#primaryimage","url":"https:\/\/demkohome.pl\/wp-content\/uploads\/2023\/08\/Szafka-kuchenna-narozna-stojaca-90-x-90-cm-Carballo-Dab-warmia-czern-Okmed-Demko.jpg","contentUrl":"https:\/\/demkohome.pl\/wp-content\/uploads\/2023\/08\/Szafka-kuchenna-narozna-stojaca-90-x-90-cm-Carballo-Dab-warmia-czern-Okmed-Demko.jpg","width":1920,"height":1440,"caption":"Szafka kuchenna naro\u017cna stoj\u0105ca 90 x 90 cm Carballo Dab warmia czern Okmed Demko"},{"@type":"BreadcrumbList","@id":"https:\/\/demkohome.pl\/produkt\/szafka-kuchenna-narozna-stojaca-90x90-cm-carballo\/#breadcrumb","itemListElement":[{"@type":"ListItem","position":1,"name":"Strona g\u0142\u00f3wna","item":"https:\/\/demkohome.pl\/"},{"@type":"ListItem","position":2,"name":"Sklep","item":"https:\/\/demkohome.pl\/sklep\/"},{"@type":"ListItem","position":3,"name":"Szafka kuchenna naro\u017cna stoj\u0105ca 90 x 90 cm Carballo"}]},{"@type":"WebSite","@id":"https:\/\/demkohome.pl\/#website","url":"https:\/\/demkohome.pl\/","name":"Demko Home","description":"Make it simple","publisher":{"@id":"https:\/\/demkohome.pl\/#organization"},"potentialAction":[{"@type":"SearchAction","target":{"@type":"EntryPoint","urlTemplate":"https:\/\/demkohome.pl\/?s={search_term_string}"},"query-input":{"@type":"PropertyValueSpecification","valueRequired":true,"valueName":"search_term_string"}}],"inLanguage":"en-US"},{"@type":"Organization","@id":"https:\/\/demkohome.pl\/#organization","name":"Demko Home","url":"https:\/\/demkohome.pl\/","logo":{"@type":"ImageObject","inLanguage":"en-US","@id":"https:\/\/demkohome.pl\/#\/schema\/logo\/image\/","url":"https:\/\/demkohome.pl\/wp-content\/uploads\/2026\/03\/cropped-3.png","contentUrl":"https:\/\/demkohome.pl\/wp-content\/uploads\/2026\/03\/cropped-3.png","width":250,"height":63,"caption":"Demko Home"},"image":{"@id":"https:\/\/demkohome.pl\/#\/schema\/logo\/image\/"}}]}},"_links":{"self":[{"href":"https:\/\/demkohome.pl\/en\/wp-json\/wp\/v2\/product\/406","targetHints":{"allow":["GET"]}}],"collection":[{"href":"https:\/\/demkohome.pl\/en\/wp-json\/wp\/v2\/product"}],"about":[{"href":"https:\/\/demkohome.pl\/en\/wp-json\/wp\/v2\/types\/product"}],"replies":[{"embeddable":true,"href":"https:\/\/demkohome.pl\/en\/wp-json\/wp\/v2\/comments?post=406"}],"wp:featuredmedia":[{"embeddable":true,"href":"https:\/\/demkohome.pl\/en\/wp-json\/wp\/v2\/media\/8622"}],"wp:attachment":[{"href":"https:\/\/demkohome.pl\/en\/wp-json\/wp\/v2\/media?parent=406"}],"wp:term":[{"taxonomy":"product_brand","embeddable":true,"href":"https:\/\/demkohome.pl\/en\/wp-json\/wp\/v2\/product_brand?post=406"},{"taxonomy":"product_cat","embeddable":true,"href":"https:\/\/demkohome.pl\/en\/wp-json\/wp\/v2\/product_cat?post=406"},{"taxonomy":"product_tag","embeddable":true,"href":"https:\/\/demkohome.pl\/en\/wp-json\/wp\/v2\/product_tag?post=406"}],"curies":[{"name":"wp","href":"https:\/\/api.w.org\/{rel}","templated":true}]}}