{"id":415635,"date":"2025-10-21T09:11:35","date_gmt":"2025-10-21T07:11:35","guid":{"rendered":"https:\/\/demkohome.pl\/?post_type=product&#038;p=415635"},"modified":"2025-12-08T13:30:33","modified_gmt":"2025-12-08T12:30:33","slug":"materac-adamo","status":"publish","type":"product","link":"https:\/\/demkohome.pl\/en\/product\/materac-adamo\/","title":{"rendered":"Adamo mattress"},"content":{"rendered":"<p data-start=\"0\" data-end=\"443\">Adamo spring mattress is a classic bonell model, which combines durability, comfort and high quality workmanship. The construction based on bonell springs provides even support for the entire body, adapting to its natural curves and guaranteeing a peaceful sleep without the effect of collapse. The felt used is a solid insulating layer, strengthening the entire structure and protecting the interior of the mattress from deformation.<\/p>\n<p data-start=\"445\" data-end=\"945\">The Adamo is a double-sided mattress, which allows it to be rotated regularly and thus prolongs its life. The cover made of microfiber quilted with 80 gsm oat is pleasant to the touch, breathable and equipped with a zipper, so it can be easily removed and washed at 40\u00b0C. The whole thing is complemented by anti-allergenic and anti-fungal properties, which ensure proper hygiene and safe sleep, especially for those sensitive to dust and dust mites.<\/p>\n<p data-start=\"947\" data-end=\"1271\">The mattress has a hardness of H3, which means it is medium firm - an ideal compromise between softness and stable support for the spine. Its height is about 17 cm, which makes it a practical solution for both bedrooms and guest rooms. It is available in a wide range of sizes: from 80\u00d7200 all the way up to 200\u00d7200 cm.<\/p>\n<p data-start=\"1273\" data-end=\"1431\" data-is-last-node=\"\" data-is-only-node=\"\">Adamo is an option for people who are looking for a solid, airy mattress with a classic design that guarantees comfort and freshness for years to come.<\/p>","protected":false},"excerpt":{"rendered":"<p>Materac spr\u0119\u017cynowy Adamo to klasyczny model typu bonell, kt\u00f3ry \u0142\u0105czy w sobie trwa\u0142o\u015b\u0107, wygod\u0119 i wysok\u0105 jako\u015b\u0107 wykonania. Konstrukcja oparta (&#8230;)<\/p>","protected":false},"featured_media":415660,"comment_status":"open","ping_status":"closed","template":"","meta":{"_acf_changed":false,"inline_featured_image":false},"product_brand":[],"product_cat":[435],"product_tag":[],"class_list":{"0":"post-415635","1":"product","2":"type-product","3":"status-publish","4":"has-post-thumbnail","6":"product_cat-materace","7":"product_shipping_class-dostawa-za-free-wliczona-w-cene-produktu","8":"collection-adamo","10":"first","11":"instock","12":"shipping-taxable","13":"purchasable","14":"product-type-variable","15":"has-default-attributes"},"acf":[],"yoast_head":"<!-- This site is optimized with the Yoast SEO plugin v27.4 - https:\/\/yoast.com\/product\/yoast-seo-wordpress\/ -->\n<title>Materac Adamo - Demko Home<\/title>\n<meta name=\"robots\" content=\"index, follow, max-snippet:-1, max-image-preview:large, max-video-preview:-1\" \/>\n<link rel=\"canonical\" href=\"https:\/\/demkohome.pl\/en\/product\/materac-adamo\/\" \/>\n<meta property=\"og:locale\" content=\"en_US\" \/>\n<meta property=\"og:type\" content=\"article\" \/>\n<meta property=\"og:title\" content=\"Materac Adamo - Demko Home\" \/>\n<meta property=\"og:description\" content=\"Materac spr\u0119\u017cynowy Adamo to klasyczny model typu bonell, kt\u00f3ry \u0142\u0105czy w sobie trwa\u0142o\u015b\u0107, wygod\u0119 i wysok\u0105 jako\u015b\u0107 wykonania. Konstrukcja oparta (...)\" \/>\n<meta property=\"og:url\" content=\"https:\/\/demkohome.pl\/en\/product\/materac-adamo\/\" \/>\n<meta property=\"og:site_name\" content=\"Demko Home\" \/>\n<meta property=\"article:modified_time\" content=\"2025-12-08T12:30:33+00:00\" \/>\n<meta property=\"og:image\" content=\"https:\/\/demkohome.pl\/wp-content\/uploads\/2025\/10\/454b8fff-6b10-4059-bc05-0255269150d4.jpg\" \/>\n\t<meta property=\"og:image:width\" content=\"626\" \/>\n\t<meta property=\"og:image:height\" content=\"418\" \/>\n\t<meta property=\"og:image:type\" content=\"image\/jpeg\" \/>\n<meta name=\"twitter:card\" content=\"summary_large_image\" \/>\n<meta name=\"twitter:label1\" content=\"Est. reading time\" \/>\n\t<meta name=\"twitter:data1\" content=\"2 minutes\" \/>\n<script type=\"application\/ld+json\" class=\"yoast-schema-graph\">{\"@context\":\"https:\\\/\\\/schema.org\",\"@graph\":[{\"@type\":\"WebPage\",\"@id\":\"https:\\\/\\\/demkohome.pl\\\/produkt\\\/materac-adamo\\\/\",\"url\":\"https:\\\/\\\/demkohome.pl\\\/produkt\\\/materac-adamo\\\/\",\"name\":\"Materac Adamo - Demko Home\",\"isPartOf\":{\"@id\":\"https:\\\/\\\/demkohome.pl\\\/#website\"},\"primaryImageOfPage\":{\"@id\":\"https:\\\/\\\/demkohome.pl\\\/produkt\\\/materac-adamo\\\/#primaryimage\"},\"image\":{\"@id\":\"https:\\\/\\\/demkohome.pl\\\/produkt\\\/materac-adamo\\\/#primaryimage\"},\"thumbnailUrl\":\"https:\\\/\\\/demkohome.pl\\\/wp-content\\\/uploads\\\/2025\\\/10\\\/454b8fff-6b10-4059-bc05-0255269150d4.jpg\",\"datePublished\":\"2025-10-21T07:11:35+00:00\",\"dateModified\":\"2025-12-08T12:30:33+00:00\",\"breadcrumb\":{\"@id\":\"https:\\\/\\\/demkohome.pl\\\/produkt\\\/materac-adamo\\\/#breadcrumb\"},\"inLanguage\":\"en-US\",\"potentialAction\":[{\"@type\":\"ReadAction\",\"target\":[\"https:\\\/\\\/demkohome.pl\\\/produkt\\\/materac-adamo\\\/\"]}]},{\"@type\":\"ImageObject\",\"inLanguage\":\"en-US\",\"@id\":\"https:\\\/\\\/demkohome.pl\\\/produkt\\\/materac-adamo\\\/#primaryimage\",\"url\":\"https:\\\/\\\/demkohome.pl\\\/wp-content\\\/uploads\\\/2025\\\/10\\\/454b8fff-6b10-4059-bc05-0255269150d4.jpg\",\"contentUrl\":\"https:\\\/\\\/demkohome.pl\\\/wp-content\\\/uploads\\\/2025\\\/10\\\/454b8fff-6b10-4059-bc05-0255269150d4.jpg\",\"width\":626,\"height\":418},{\"@type\":\"BreadcrumbList\",\"@id\":\"https:\\\/\\\/demkohome.pl\\\/produkt\\\/materac-adamo\\\/#breadcrumb\",\"itemListElement\":[{\"@type\":\"ListItem\",\"position\":1,\"name\":\"Strona g\u0142\u00f3wna\",\"item\":\"https:\\\/\\\/demkohome.pl\\\/\"},{\"@type\":\"ListItem\",\"position\":2,\"name\":\"Sklep\",\"item\":\"https:\\\/\\\/demkohome.pl\\\/sklep\\\/\"},{\"@type\":\"ListItem\",\"position\":3,\"name\":\"Materac Adamo\"}]},{\"@type\":\"WebSite\",\"@id\":\"https:\\\/\\\/demkohome.pl\\\/#website\",\"url\":\"https:\\\/\\\/demkohome.pl\\\/\",\"name\":\"Demko Home\",\"description\":\"Make it simple\",\"publisher\":{\"@id\":\"https:\\\/\\\/demkohome.pl\\\/#organization\"},\"potentialAction\":[{\"@type\":\"SearchAction\",\"target\":{\"@type\":\"EntryPoint\",\"urlTemplate\":\"https:\\\/\\\/demkohome.pl\\\/?s={search_term_string}\"},\"query-input\":{\"@type\":\"PropertyValueSpecification\",\"valueRequired\":true,\"valueName\":\"search_term_string\"}}],\"inLanguage\":\"en-US\"},{\"@type\":\"Organization\",\"@id\":\"https:\\\/\\\/demkohome.pl\\\/#organization\",\"name\":\"Demko Home\",\"url\":\"https:\\\/\\\/demkohome.pl\\\/\",\"logo\":{\"@type\":\"ImageObject\",\"inLanguage\":\"en-US\",\"@id\":\"https:\\\/\\\/demkohome.pl\\\/#\\\/schema\\\/logo\\\/image\\\/\",\"url\":\"https:\\\/\\\/demkohome.pl\\\/wp-content\\\/uploads\\\/2026\\\/03\\\/cropped-3.png\",\"contentUrl\":\"https:\\\/\\\/demkohome.pl\\\/wp-content\\\/uploads\\\/2026\\\/03\\\/cropped-3.png\",\"width\":250,\"height\":63,\"caption\":\"Demko Home\"},\"image\":{\"@id\":\"https:\\\/\\\/demkohome.pl\\\/#\\\/schema\\\/logo\\\/image\\\/\"}}]}<\/script>\n<!-- \/ Yoast SEO plugin. -->","yoast_head_json":{"title":"Materac Adamo - Demko Home","robots":{"index":"index","follow":"follow","max-snippet":"max-snippet:-1","max-image-preview":"max-image-preview:large","max-video-preview":"max-video-preview:-1"},"canonical":"https:\/\/demkohome.pl\/en\/product\/materac-adamo\/","og_locale":"en_US","og_type":"article","og_title":"Materac Adamo - Demko Home","og_description":"Materac spr\u0119\u017cynowy Adamo to klasyczny model typu bonell, kt\u00f3ry \u0142\u0105czy w sobie trwa\u0142o\u015b\u0107, wygod\u0119 i wysok\u0105 jako\u015b\u0107 wykonania. Konstrukcja oparta (...)","og_url":"https:\/\/demkohome.pl\/en\/product\/materac-adamo\/","og_site_name":"Demko Home","article_modified_time":"2025-12-08T12:30:33+00:00","og_image":[{"width":626,"height":418,"url":"https:\/\/demkohome.pl\/wp-content\/uploads\/2025\/10\/454b8fff-6b10-4059-bc05-0255269150d4.jpg","type":"image\/jpeg"}],"twitter_card":"summary_large_image","twitter_misc":{"Est. reading time":"2 minutes"},"schema":{"@context":"https:\/\/schema.org","@graph":[{"@type":"WebPage","@id":"https:\/\/demkohome.pl\/produkt\/materac-adamo\/","url":"https:\/\/demkohome.pl\/produkt\/materac-adamo\/","name":"Materac Adamo - Demko Home","isPartOf":{"@id":"https:\/\/demkohome.pl\/#website"},"primaryImageOfPage":{"@id":"https:\/\/demkohome.pl\/produkt\/materac-adamo\/#primaryimage"},"image":{"@id":"https:\/\/demkohome.pl\/produkt\/materac-adamo\/#primaryimage"},"thumbnailUrl":"https:\/\/demkohome.pl\/wp-content\/uploads\/2025\/10\/454b8fff-6b10-4059-bc05-0255269150d4.jpg","datePublished":"2025-10-21T07:11:35+00:00","dateModified":"2025-12-08T12:30:33+00:00","breadcrumb":{"@id":"https:\/\/demkohome.pl\/produkt\/materac-adamo\/#breadcrumb"},"inLanguage":"en-US","potentialAction":[{"@type":"ReadAction","target":["https:\/\/demkohome.pl\/produkt\/materac-adamo\/"]}]},{"@type":"ImageObject","inLanguage":"en-US","@id":"https:\/\/demkohome.pl\/produkt\/materac-adamo\/#primaryimage","url":"https:\/\/demkohome.pl\/wp-content\/uploads\/2025\/10\/454b8fff-6b10-4059-bc05-0255269150d4.jpg","contentUrl":"https:\/\/demkohome.pl\/wp-content\/uploads\/2025\/10\/454b8fff-6b10-4059-bc05-0255269150d4.jpg","width":626,"height":418},{"@type":"BreadcrumbList","@id":"https:\/\/demkohome.pl\/produkt\/materac-adamo\/#breadcrumb","itemListElement":[{"@type":"ListItem","position":1,"name":"Strona g\u0142\u00f3wna","item":"https:\/\/demkohome.pl\/"},{"@type":"ListItem","position":2,"name":"Sklep","item":"https:\/\/demkohome.pl\/sklep\/"},{"@type":"ListItem","position":3,"name":"Materac Adamo"}]},{"@type":"WebSite","@id":"https:\/\/demkohome.pl\/#website","url":"https:\/\/demkohome.pl\/","name":"Demko Home","description":"Make it simple","publisher":{"@id":"https:\/\/demkohome.pl\/#organization"},"potentialAction":[{"@type":"SearchAction","target":{"@type":"EntryPoint","urlTemplate":"https:\/\/demkohome.pl\/?s={search_term_string}"},"query-input":{"@type":"PropertyValueSpecification","valueRequired":true,"valueName":"search_term_string"}}],"inLanguage":"en-US"},{"@type":"Organization","@id":"https:\/\/demkohome.pl\/#organization","name":"Demko Home","url":"https:\/\/demkohome.pl\/","logo":{"@type":"ImageObject","inLanguage":"en-US","@id":"https:\/\/demkohome.pl\/#\/schema\/logo\/image\/","url":"https:\/\/demkohome.pl\/wp-content\/uploads\/2026\/03\/cropped-3.png","contentUrl":"https:\/\/demkohome.pl\/wp-content\/uploads\/2026\/03\/cropped-3.png","width":250,"height":63,"caption":"Demko Home"},"image":{"@id":"https:\/\/demkohome.pl\/#\/schema\/logo\/image\/"}}]}},"_links":{"self":[{"href":"https:\/\/demkohome.pl\/en\/wp-json\/wp\/v2\/product\/415635","targetHints":{"allow":["GET"]}}],"collection":[{"href":"https:\/\/demkohome.pl\/en\/wp-json\/wp\/v2\/product"}],"about":[{"href":"https:\/\/demkohome.pl\/en\/wp-json\/wp\/v2\/types\/product"}],"replies":[{"embeddable":true,"href":"https:\/\/demkohome.pl\/en\/wp-json\/wp\/v2\/comments?post=415635"}],"wp:featuredmedia":[{"embeddable":true,"href":"https:\/\/demkohome.pl\/en\/wp-json\/wp\/v2\/media\/415660"}],"wp:attachment":[{"href":"https:\/\/demkohome.pl\/en\/wp-json\/wp\/v2\/media?parent=415635"}],"wp:term":[{"taxonomy":"product_brand","embeddable":true,"href":"https:\/\/demkohome.pl\/en\/wp-json\/wp\/v2\/product_brand?post=415635"},{"taxonomy":"product_cat","embeddable":true,"href":"https:\/\/demkohome.pl\/en\/wp-json\/wp\/v2\/product_cat?post=415635"},{"taxonomy":"product_tag","embeddable":true,"href":"https:\/\/demkohome.pl\/en\/wp-json\/wp\/v2\/product_tag?post=415635"}],"curies":[{"name":"wp","href":"https:\/\/api.w.org\/{rel}","templated":true}]}}