{"id":416,"date":"2023-08-24T22:30:00","date_gmt":"2023-08-24T20:30:00","guid":{"rendered":"https:\/\/demkohome.pl\/produkt\/szafka-kuchenna-gorna-40-cm-carballo\/"},"modified":"2026-04-23T09:32:19","modified_gmt":"2026-04-23T07:32:19","slug":"szafka-kuchenna-gorna-40-cm-carballo","status":"publish","type":"product","link":"https:\/\/demkohome.pl\/en\/product\/szafka-kuchenna-gorna-40-cm-carballo\/","title":{"rendered":"Kitchen wall cabinet 40 cm Carballo"},"content":{"rendered":"<div style=\"font-family: 'Noto Sans', sans-serif; font-size: 17px;\">\n<h2>Kitchen wall cabinet 40 cm - a way to ingeniously use free space<\/h2>\n<p>The arrangement of a modern kitchen is based on the skillful use of free space. The standard is, among other things, the upper built-in. Although this is a popular solution, it still raises concerns. Owners of small spaces often give up hanging cabinets because they want to avoid the impression of clutter. The 40 cm hanging kitchen cabinet from the Carballo collection is proof of the huge potential of such a solution. The simple form, the deliberate abandonment of unnecessary details and the small size of the furniture: 40 x 30 x 72 cm allow to achieve an interesting result in small and spacious interiors.<\/p>\n<h3>Cabinet from the Carballo collection - the perfect solution for small rooms<\/h3>\n<p>How to decorate a small kitchen with ideas? Decide on a 40 cm top kitchen cabinet. Thanks to it you will use the potential of a room with a small area. The furniture was designed for interiors where functionality counts. Among other things, it has no fixed shelves and uses a silent closing system. You will receive the proposed cabinet in a set with a universal door. This item is designed to be installed on the right or left side.<\/p>\n<h3>Stylish interior with 40 cm top kitchen cabinet<\/h3>\n<p>The 40 cm top kitchen cabinet subtly smuggles in the hottest interior trends. The furniture is made of durable laminated particleboard with a matte finish. It is a solution designed for modern and classic interiors. Due to the unique color combination, the proposed cabinet can be seen as a peculiar variation on the loft style. The original beauty of Warmia oak is highlighted by sparing black details. The furniture is synonymous with modern design, functionality and special attention to reliable quality. .<\/p>\n<h3>Unlimited arrangement possibilities with the Carballo collection<\/h3>\n<p>The 40 cm hanging top cabinet comes from the Carballo modular furniture collection. It can complement the basic set. It is seen as an inspiring starting point for simple and more elaborate configurations, and enjoys enduring popularity. This is a model that you can use as a free-hanging cabinet or a modular cabinet.<\/p>\n<\/div>","protected":false},"excerpt":{"rendered":"<p>Szafka kuchenna wisz\u0105ca 40 cm \u2014 spos\u00f3b na pomys\u0142owe wykorzystanie wolnej przestrzeni Aran\u017cacja nowoczesnej kuchni polega na umiej\u0119tnym wykorzystaniu wolnego (&#8230;)<\/p>","protected":false},"featured_media":8627,"comment_status":"open","ping_status":"closed","template":"","meta":{"_acf_changed":false,"inline_featured_image":false},"product_brand":[],"product_cat":[115,140,65,137,139,106,108],"product_tag":[],"class_list":{"0":"post-416","1":"product","2":"type-product","3":"status-publish","4":"has-post-thumbnail","6":"product_cat-carballo","7":"product_cat-kuchnia","8":"product_cat-meble-kuchenne","9":"product_cat-meble-systemowe","10":"product_cat-pomieszczenia","11":"product_cat-szafki-kuchenne","12":"product_cat-szafki-kuchenne-wiszace","13":"product_shipping_class-przesylka-dpd-15-pln","14":"collection-carballo","16":"first","17":"instock","18":"shipping-taxable","19":"purchasable","20":"product-type-variable","21":"has-default-attributes"},"acf":[],"yoast_head":"<!-- This site is optimized with the Yoast SEO plugin v27.4 - https:\/\/yoast.com\/product\/yoast-seo-wordpress\/ -->\n<title>Szafka kuchenna wisz\u0105ca 40 cm Carballo - Demko Home<\/title>\n<meta name=\"robots\" content=\"index, follow, max-snippet:-1, max-image-preview:large, max-video-preview:-1\" \/>\n<link rel=\"canonical\" href=\"https:\/\/demkohome.pl\/en\/product\/szafka-kuchenna-gorna-40-cm-carballo\/\" \/>\n<meta property=\"og:locale\" content=\"en_US\" \/>\n<meta property=\"og:type\" content=\"article\" \/>\n<meta property=\"og:title\" content=\"Szafka kuchenna wisz\u0105ca 40 cm Carballo - Demko Home\" \/>\n<meta property=\"og:description\" content=\"Szafka kuchenna wisz\u0105ca 40 cm \u2014 spos\u00f3b na pomys\u0142owe wykorzystanie wolnej przestrzeni Aran\u017cacja nowoczesnej kuchni polega na umiej\u0119tnym wykorzystaniu wolnego (...)\" \/>\n<meta property=\"og:url\" content=\"https:\/\/demkohome.pl\/en\/product\/szafka-kuchenna-gorna-40-cm-carballo\/\" \/>\n<meta property=\"og:site_name\" content=\"Demko Home\" \/>\n<meta property=\"article:modified_time\" content=\"2026-04-23T07:32:19+00:00\" \/>\n<meta property=\"og:image\" content=\"https:\/\/demkohome.pl\/wp-content\/uploads\/2023\/08\/Szafka-kuchenna-wiszaca-40-cm-Carballo.jpg\" \/>\n\t<meta property=\"og:image:width\" content=\"1920\" \/>\n\t<meta property=\"og:image:height\" content=\"1920\" \/>\n\t<meta property=\"og:image:type\" content=\"image\/jpeg\" \/>\n<meta name=\"twitter:card\" content=\"summary_large_image\" \/>\n<meta name=\"twitter:label1\" content=\"Est. reading time\" \/>\n\t<meta name=\"twitter:data1\" content=\"3 minutes\" \/>\n<script type=\"application\/ld+json\" class=\"yoast-schema-graph\">{\"@context\":\"https:\\\/\\\/schema.org\",\"@graph\":[{\"@type\":\"WebPage\",\"@id\":\"https:\\\/\\\/demkohome.pl\\\/produkt\\\/szafka-kuchenna-gorna-40-cm-carballo\\\/\",\"url\":\"https:\\\/\\\/demkohome.pl\\\/produkt\\\/szafka-kuchenna-gorna-40-cm-carballo\\\/\",\"name\":\"Szafka kuchenna wisz\u0105ca 40 cm Carballo - Demko Home\",\"isPartOf\":{\"@id\":\"https:\\\/\\\/demkohome.pl\\\/#website\"},\"primaryImageOfPage\":{\"@id\":\"https:\\\/\\\/demkohome.pl\\\/produkt\\\/szafka-kuchenna-gorna-40-cm-carballo\\\/#primaryimage\"},\"image\":{\"@id\":\"https:\\\/\\\/demkohome.pl\\\/produkt\\\/szafka-kuchenna-gorna-40-cm-carballo\\\/#primaryimage\"},\"thumbnailUrl\":\"https:\\\/\\\/demkohome.pl\\\/wp-content\\\/uploads\\\/2023\\\/08\\\/Szafka-kuchenna-wiszaca-40-cm-Carballo.jpg\",\"datePublished\":\"2023-08-24T20:30:00+00:00\",\"dateModified\":\"2026-04-23T07:32:19+00:00\",\"breadcrumb\":{\"@id\":\"https:\\\/\\\/demkohome.pl\\\/produkt\\\/szafka-kuchenna-gorna-40-cm-carballo\\\/#breadcrumb\"},\"inLanguage\":\"en-US\",\"potentialAction\":[{\"@type\":\"ReadAction\",\"target\":[\"https:\\\/\\\/demkohome.pl\\\/produkt\\\/szafka-kuchenna-gorna-40-cm-carballo\\\/\"]}]},{\"@type\":\"ImageObject\",\"inLanguage\":\"en-US\",\"@id\":\"https:\\\/\\\/demkohome.pl\\\/produkt\\\/szafka-kuchenna-gorna-40-cm-carballo\\\/#primaryimage\",\"url\":\"https:\\\/\\\/demkohome.pl\\\/wp-content\\\/uploads\\\/2023\\\/08\\\/Szafka-kuchenna-wiszaca-40-cm-Carballo.jpg\",\"contentUrl\":\"https:\\\/\\\/demkohome.pl\\\/wp-content\\\/uploads\\\/2023\\\/08\\\/Szafka-kuchenna-wiszaca-40-cm-Carballo.jpg\",\"width\":1920,\"height\":1920,\"caption\":\"Szafka kuchenna wisz\u0105ca 40 cm Carballo\"},{\"@type\":\"BreadcrumbList\",\"@id\":\"https:\\\/\\\/demkohome.pl\\\/produkt\\\/szafka-kuchenna-gorna-40-cm-carballo\\\/#breadcrumb\",\"itemListElement\":[{\"@type\":\"ListItem\",\"position\":1,\"name\":\"Strona g\u0142\u00f3wna\",\"item\":\"https:\\\/\\\/demkohome.pl\\\/\"},{\"@type\":\"ListItem\",\"position\":2,\"name\":\"Sklep\",\"item\":\"https:\\\/\\\/demkohome.pl\\\/sklep\\\/\"},{\"@type\":\"ListItem\",\"position\":3,\"name\":\"Szafka kuchenna wisz\u0105ca 40 cm Carballo\"}]},{\"@type\":\"WebSite\",\"@id\":\"https:\\\/\\\/demkohome.pl\\\/#website\",\"url\":\"https:\\\/\\\/demkohome.pl\\\/\",\"name\":\"Demko Home\",\"description\":\"Make it simple\",\"publisher\":{\"@id\":\"https:\\\/\\\/demkohome.pl\\\/#organization\"},\"potentialAction\":[{\"@type\":\"SearchAction\",\"target\":{\"@type\":\"EntryPoint\",\"urlTemplate\":\"https:\\\/\\\/demkohome.pl\\\/?s={search_term_string}\"},\"query-input\":{\"@type\":\"PropertyValueSpecification\",\"valueRequired\":true,\"valueName\":\"search_term_string\"}}],\"inLanguage\":\"en-US\"},{\"@type\":\"Organization\",\"@id\":\"https:\\\/\\\/demkohome.pl\\\/#organization\",\"name\":\"Demko Home\",\"url\":\"https:\\\/\\\/demkohome.pl\\\/\",\"logo\":{\"@type\":\"ImageObject\",\"inLanguage\":\"en-US\",\"@id\":\"https:\\\/\\\/demkohome.pl\\\/#\\\/schema\\\/logo\\\/image\\\/\",\"url\":\"https:\\\/\\\/demkohome.pl\\\/wp-content\\\/uploads\\\/2026\\\/03\\\/cropped-3.png\",\"contentUrl\":\"https:\\\/\\\/demkohome.pl\\\/wp-content\\\/uploads\\\/2026\\\/03\\\/cropped-3.png\",\"width\":250,\"height\":63,\"caption\":\"Demko Home\"},\"image\":{\"@id\":\"https:\\\/\\\/demkohome.pl\\\/#\\\/schema\\\/logo\\\/image\\\/\"}}]}<\/script>\n<!-- \/ Yoast SEO plugin. -->","yoast_head_json":{"title":"Szafka kuchenna wisz\u0105ca 40 cm Carballo - Demko Home","robots":{"index":"index","follow":"follow","max-snippet":"max-snippet:-1","max-image-preview":"max-image-preview:large","max-video-preview":"max-video-preview:-1"},"canonical":"https:\/\/demkohome.pl\/en\/product\/szafka-kuchenna-gorna-40-cm-carballo\/","og_locale":"en_US","og_type":"article","og_title":"Szafka kuchenna wisz\u0105ca 40 cm Carballo - Demko Home","og_description":"Szafka kuchenna wisz\u0105ca 40 cm \u2014 spos\u00f3b na pomys\u0142owe wykorzystanie wolnej przestrzeni Aran\u017cacja nowoczesnej kuchni polega na umiej\u0119tnym wykorzystaniu wolnego (...)","og_url":"https:\/\/demkohome.pl\/en\/product\/szafka-kuchenna-gorna-40-cm-carballo\/","og_site_name":"Demko Home","article_modified_time":"2026-04-23T07:32:19+00:00","og_image":[{"width":1920,"height":1920,"url":"https:\/\/demkohome.pl\/wp-content\/uploads\/2023\/08\/Szafka-kuchenna-wiszaca-40-cm-Carballo.jpg","type":"image\/jpeg"}],"twitter_card":"summary_large_image","twitter_misc":{"Est. reading time":"3 minutes"},"schema":{"@context":"https:\/\/schema.org","@graph":[{"@type":"WebPage","@id":"https:\/\/demkohome.pl\/produkt\/szafka-kuchenna-gorna-40-cm-carballo\/","url":"https:\/\/demkohome.pl\/produkt\/szafka-kuchenna-gorna-40-cm-carballo\/","name":"Szafka kuchenna wisz\u0105ca 40 cm Carballo - Demko Home","isPartOf":{"@id":"https:\/\/demkohome.pl\/#website"},"primaryImageOfPage":{"@id":"https:\/\/demkohome.pl\/produkt\/szafka-kuchenna-gorna-40-cm-carballo\/#primaryimage"},"image":{"@id":"https:\/\/demkohome.pl\/produkt\/szafka-kuchenna-gorna-40-cm-carballo\/#primaryimage"},"thumbnailUrl":"https:\/\/demkohome.pl\/wp-content\/uploads\/2023\/08\/Szafka-kuchenna-wiszaca-40-cm-Carballo.jpg","datePublished":"2023-08-24T20:30:00+00:00","dateModified":"2026-04-23T07:32:19+00:00","breadcrumb":{"@id":"https:\/\/demkohome.pl\/produkt\/szafka-kuchenna-gorna-40-cm-carballo\/#breadcrumb"},"inLanguage":"en-US","potentialAction":[{"@type":"ReadAction","target":["https:\/\/demkohome.pl\/produkt\/szafka-kuchenna-gorna-40-cm-carballo\/"]}]},{"@type":"ImageObject","inLanguage":"en-US","@id":"https:\/\/demkohome.pl\/produkt\/szafka-kuchenna-gorna-40-cm-carballo\/#primaryimage","url":"https:\/\/demkohome.pl\/wp-content\/uploads\/2023\/08\/Szafka-kuchenna-wiszaca-40-cm-Carballo.jpg","contentUrl":"https:\/\/demkohome.pl\/wp-content\/uploads\/2023\/08\/Szafka-kuchenna-wiszaca-40-cm-Carballo.jpg","width":1920,"height":1920,"caption":"Szafka kuchenna wisz\u0105ca 40 cm Carballo"},{"@type":"BreadcrumbList","@id":"https:\/\/demkohome.pl\/produkt\/szafka-kuchenna-gorna-40-cm-carballo\/#breadcrumb","itemListElement":[{"@type":"ListItem","position":1,"name":"Strona g\u0142\u00f3wna","item":"https:\/\/demkohome.pl\/"},{"@type":"ListItem","position":2,"name":"Sklep","item":"https:\/\/demkohome.pl\/sklep\/"},{"@type":"ListItem","position":3,"name":"Szafka kuchenna wisz\u0105ca 40 cm Carballo"}]},{"@type":"WebSite","@id":"https:\/\/demkohome.pl\/#website","url":"https:\/\/demkohome.pl\/","name":"Demko Home","description":"Make it simple","publisher":{"@id":"https:\/\/demkohome.pl\/#organization"},"potentialAction":[{"@type":"SearchAction","target":{"@type":"EntryPoint","urlTemplate":"https:\/\/demkohome.pl\/?s={search_term_string}"},"query-input":{"@type":"PropertyValueSpecification","valueRequired":true,"valueName":"search_term_string"}}],"inLanguage":"en-US"},{"@type":"Organization","@id":"https:\/\/demkohome.pl\/#organization","name":"Demko Home","url":"https:\/\/demkohome.pl\/","logo":{"@type":"ImageObject","inLanguage":"en-US","@id":"https:\/\/demkohome.pl\/#\/schema\/logo\/image\/","url":"https:\/\/demkohome.pl\/wp-content\/uploads\/2026\/03\/cropped-3.png","contentUrl":"https:\/\/demkohome.pl\/wp-content\/uploads\/2026\/03\/cropped-3.png","width":250,"height":63,"caption":"Demko Home"},"image":{"@id":"https:\/\/demkohome.pl\/#\/schema\/logo\/image\/"}}]}},"_links":{"self":[{"href":"https:\/\/demkohome.pl\/en\/wp-json\/wp\/v2\/product\/416","targetHints":{"allow":["GET"]}}],"collection":[{"href":"https:\/\/demkohome.pl\/en\/wp-json\/wp\/v2\/product"}],"about":[{"href":"https:\/\/demkohome.pl\/en\/wp-json\/wp\/v2\/types\/product"}],"replies":[{"embeddable":true,"href":"https:\/\/demkohome.pl\/en\/wp-json\/wp\/v2\/comments?post=416"}],"wp:featuredmedia":[{"embeddable":true,"href":"https:\/\/demkohome.pl\/en\/wp-json\/wp\/v2\/media\/8627"}],"wp:attachment":[{"href":"https:\/\/demkohome.pl\/en\/wp-json\/wp\/v2\/media?parent=416"}],"wp:term":[{"taxonomy":"product_brand","embeddable":true,"href":"https:\/\/demkohome.pl\/en\/wp-json\/wp\/v2\/product_brand?post=416"},{"taxonomy":"product_cat","embeddable":true,"href":"https:\/\/demkohome.pl\/en\/wp-json\/wp\/v2\/product_cat?post=416"},{"taxonomy":"product_tag","embeddable":true,"href":"https:\/\/demkohome.pl\/en\/wp-json\/wp\/v2\/product_tag?post=416"}],"curies":[{"name":"wp","href":"https:\/\/api.w.org\/{rel}","templated":true}]}}