{"id":416161,"date":"2025-10-21T10:33:43","date_gmt":"2025-10-21T08:33:43","guid":{"rendered":"https:\/\/demkohome.pl\/?post_type=product&#038;p=416161"},"modified":"2025-10-24T08:57:32","modified_gmt":"2025-10-24T06:57:32","slug":"materac-camilo","status":"publish","type":"product","link":"https:\/\/demkohome.pl\/en\/product\/materac-camilo\/","title":{"rendered":"Camilo mattress"},"content":{"rendered":"<p>Camilo mattress is a modern pocket model, which combines point elasticity with high comfort. It was designed for people who appreciate springy yet soft body support. Its construction is based on a system of pocket springs of the Pocket type with 7 zones of hardness, which respond independently to pressure, providing a perfect fit to the natural curves of the spine and even distribution of body weight.<\/p>\n<p>On both sides of the spring insert is polyurethane foam with a thickness of 3 cm, which guarantees softness and elasticity of the surface. An additional felt spacer increases the durability of the mattress and separates the springs from the foam layers, which prevents them from puncturing and improves the stability of the structure.<\/p>\n<p>The mattress is equipped with a microfiber cover quilted with 80 gsm oat, which is pleasant to the touch, breathable and expandable, so it can be washed at 40\u00b0C. The material used in the cover has anti-allergic and anti-fungal properties, making the Camilo a safe choice also for allergy sufferers and people with sensitive skin.<\/p>\n<p>The firmness of the mattress is specified as H2, or medium-soft, which provides gentle and springy support, ideal for those with lower weight or who prefer a softer sleeping surface. The height of the mattress is about 18 cm, making it a versatile and comfortable choice for most beds.<\/p>\n<p>Available in a wide range of sizes from 80\u00d7200 to 200\u00d7200 cm, the Camilo mattress is an option for those looking for harmony between comfort, durability and aesthetics at a reasonable price.<\/p>","protected":false},"excerpt":{"rendered":"<p>Materac Camilo to nowoczesny model kieszeniowy, kt\u00f3ry \u0142\u0105czy elastyczno\u015b\u0107 punktow\u0105 z wysokim komfortem u\u017cytkowania. Zosta\u0142 zaprojektowany z my\u015bl\u0105 o osobach, (&#8230;)<\/p>","protected":false},"featured_media":416162,"comment_status":"open","ping_status":"closed","template":"","meta":{"_acf_changed":false,"inline_featured_image":false},"product_brand":[],"product_cat":[435],"product_tag":[],"class_list":{"0":"post-416161","1":"product","2":"type-product","3":"status-publish","4":"has-post-thumbnail","6":"product_cat-materace","7":"product_shipping_class-dostawa-za-free-wliczona-w-cene-produktu","8":"collection-camilo","10":"first","11":"instock","12":"shipping-taxable","13":"purchasable","14":"product-type-variable"},"acf":[],"yoast_head":"<!-- This site is optimized with the Yoast SEO plugin v27.4 - https:\/\/yoast.com\/product\/yoast-seo-wordpress\/ -->\n<title>Materac Camilo - Demko Home<\/title>\n<meta name=\"robots\" content=\"index, follow, max-snippet:-1, max-image-preview:large, max-video-preview:-1\" \/>\n<link rel=\"canonical\" href=\"https:\/\/demkohome.pl\/en\/product\/materac-camilo\/\" \/>\n<meta property=\"og:locale\" content=\"en_US\" \/>\n<meta property=\"og:type\" content=\"article\" \/>\n<meta property=\"og:title\" content=\"Materac Camilo - Demko Home\" \/>\n<meta property=\"og:description\" content=\"Materac Camilo to nowoczesny model kieszeniowy, kt\u00f3ry \u0142\u0105czy elastyczno\u015b\u0107 punktow\u0105 z wysokim komfortem u\u017cytkowania. Zosta\u0142 zaprojektowany z my\u015bl\u0105 o osobach, (...)\" \/>\n<meta property=\"og:url\" content=\"https:\/\/demkohome.pl\/en\/product\/materac-camilo\/\" \/>\n<meta property=\"og:site_name\" content=\"Demko Home\" \/>\n<meta property=\"article:modified_time\" content=\"2025-10-24T06:57:32+00:00\" \/>\n<meta property=\"og:image\" content=\"https:\/\/demkohome.pl\/wp-content\/uploads\/2025\/10\/40898844-4e1b-4eed-bbf3-5348e31e8272.jpg\" \/>\n\t<meta property=\"og:image:width\" content=\"626\" \/>\n\t<meta property=\"og:image:height\" content=\"418\" \/>\n\t<meta property=\"og:image:type\" content=\"image\/jpeg\" \/>\n<meta name=\"twitter:card\" content=\"summary_large_image\" \/>\n<meta name=\"twitter:label1\" content=\"Est. reading time\" \/>\n\t<meta name=\"twitter:data1\" content=\"2 minutes\" \/>\n<script type=\"application\/ld+json\" class=\"yoast-schema-graph\">{\"@context\":\"https:\\\/\\\/schema.org\",\"@graph\":[{\"@type\":\"WebPage\",\"@id\":\"https:\\\/\\\/demkohome.pl\\\/produkt\\\/materac-camilo\\\/\",\"url\":\"https:\\\/\\\/demkohome.pl\\\/produkt\\\/materac-camilo\\\/\",\"name\":\"Materac Camilo - Demko Home\",\"isPartOf\":{\"@id\":\"https:\\\/\\\/demkohome.pl\\\/#website\"},\"primaryImageOfPage\":{\"@id\":\"https:\\\/\\\/demkohome.pl\\\/produkt\\\/materac-camilo\\\/#primaryimage\"},\"image\":{\"@id\":\"https:\\\/\\\/demkohome.pl\\\/produkt\\\/materac-camilo\\\/#primaryimage\"},\"thumbnailUrl\":\"https:\\\/\\\/demkohome.pl\\\/wp-content\\\/uploads\\\/2025\\\/10\\\/40898844-4e1b-4eed-bbf3-5348e31e8272.jpg\",\"datePublished\":\"2025-10-21T08:33:43+00:00\",\"dateModified\":\"2025-10-24T06:57:32+00:00\",\"breadcrumb\":{\"@id\":\"https:\\\/\\\/demkohome.pl\\\/produkt\\\/materac-camilo\\\/#breadcrumb\"},\"inLanguage\":\"en-US\",\"potentialAction\":[{\"@type\":\"ReadAction\",\"target\":[\"https:\\\/\\\/demkohome.pl\\\/produkt\\\/materac-camilo\\\/\"]}]},{\"@type\":\"ImageObject\",\"inLanguage\":\"en-US\",\"@id\":\"https:\\\/\\\/demkohome.pl\\\/produkt\\\/materac-camilo\\\/#primaryimage\",\"url\":\"https:\\\/\\\/demkohome.pl\\\/wp-content\\\/uploads\\\/2025\\\/10\\\/40898844-4e1b-4eed-bbf3-5348e31e8272.jpg\",\"contentUrl\":\"https:\\\/\\\/demkohome.pl\\\/wp-content\\\/uploads\\\/2025\\\/10\\\/40898844-4e1b-4eed-bbf3-5348e31e8272.jpg\",\"width\":626,\"height\":418},{\"@type\":\"BreadcrumbList\",\"@id\":\"https:\\\/\\\/demkohome.pl\\\/produkt\\\/materac-camilo\\\/#breadcrumb\",\"itemListElement\":[{\"@type\":\"ListItem\",\"position\":1,\"name\":\"Strona g\u0142\u00f3wna\",\"item\":\"https:\\\/\\\/demkohome.pl\\\/\"},{\"@type\":\"ListItem\",\"position\":2,\"name\":\"Sklep\",\"item\":\"https:\\\/\\\/demkohome.pl\\\/sklep\\\/\"},{\"@type\":\"ListItem\",\"position\":3,\"name\":\"Materac Camilo\"}]},{\"@type\":\"WebSite\",\"@id\":\"https:\\\/\\\/demkohome.pl\\\/#website\",\"url\":\"https:\\\/\\\/demkohome.pl\\\/\",\"name\":\"Demko Home\",\"description\":\"Make it simple\",\"publisher\":{\"@id\":\"https:\\\/\\\/demkohome.pl\\\/#organization\"},\"potentialAction\":[{\"@type\":\"SearchAction\",\"target\":{\"@type\":\"EntryPoint\",\"urlTemplate\":\"https:\\\/\\\/demkohome.pl\\\/?s={search_term_string}\"},\"query-input\":{\"@type\":\"PropertyValueSpecification\",\"valueRequired\":true,\"valueName\":\"search_term_string\"}}],\"inLanguage\":\"en-US\"},{\"@type\":\"Organization\",\"@id\":\"https:\\\/\\\/demkohome.pl\\\/#organization\",\"name\":\"Demko Home\",\"url\":\"https:\\\/\\\/demkohome.pl\\\/\",\"logo\":{\"@type\":\"ImageObject\",\"inLanguage\":\"en-US\",\"@id\":\"https:\\\/\\\/demkohome.pl\\\/#\\\/schema\\\/logo\\\/image\\\/\",\"url\":\"https:\\\/\\\/demkohome.pl\\\/wp-content\\\/uploads\\\/2026\\\/03\\\/cropped-3.png\",\"contentUrl\":\"https:\\\/\\\/demkohome.pl\\\/wp-content\\\/uploads\\\/2026\\\/03\\\/cropped-3.png\",\"width\":250,\"height\":63,\"caption\":\"Demko Home\"},\"image\":{\"@id\":\"https:\\\/\\\/demkohome.pl\\\/#\\\/schema\\\/logo\\\/image\\\/\"}}]}<\/script>\n<!-- \/ Yoast SEO plugin. -->","yoast_head_json":{"title":"Materac Camilo - Demko Home","robots":{"index":"index","follow":"follow","max-snippet":"max-snippet:-1","max-image-preview":"max-image-preview:large","max-video-preview":"max-video-preview:-1"},"canonical":"https:\/\/demkohome.pl\/en\/product\/materac-camilo\/","og_locale":"en_US","og_type":"article","og_title":"Materac Camilo - Demko Home","og_description":"Materac Camilo to nowoczesny model kieszeniowy, kt\u00f3ry \u0142\u0105czy elastyczno\u015b\u0107 punktow\u0105 z wysokim komfortem u\u017cytkowania. Zosta\u0142 zaprojektowany z my\u015bl\u0105 o osobach, (...)","og_url":"https:\/\/demkohome.pl\/en\/product\/materac-camilo\/","og_site_name":"Demko Home","article_modified_time":"2025-10-24T06:57:32+00:00","og_image":[{"width":626,"height":418,"url":"https:\/\/demkohome.pl\/wp-content\/uploads\/2025\/10\/40898844-4e1b-4eed-bbf3-5348e31e8272.jpg","type":"image\/jpeg"}],"twitter_card":"summary_large_image","twitter_misc":{"Est. reading time":"2 minutes"},"schema":{"@context":"https:\/\/schema.org","@graph":[{"@type":"WebPage","@id":"https:\/\/demkohome.pl\/produkt\/materac-camilo\/","url":"https:\/\/demkohome.pl\/produkt\/materac-camilo\/","name":"Materac Camilo - Demko Home","isPartOf":{"@id":"https:\/\/demkohome.pl\/#website"},"primaryImageOfPage":{"@id":"https:\/\/demkohome.pl\/produkt\/materac-camilo\/#primaryimage"},"image":{"@id":"https:\/\/demkohome.pl\/produkt\/materac-camilo\/#primaryimage"},"thumbnailUrl":"https:\/\/demkohome.pl\/wp-content\/uploads\/2025\/10\/40898844-4e1b-4eed-bbf3-5348e31e8272.jpg","datePublished":"2025-10-21T08:33:43+00:00","dateModified":"2025-10-24T06:57:32+00:00","breadcrumb":{"@id":"https:\/\/demkohome.pl\/produkt\/materac-camilo\/#breadcrumb"},"inLanguage":"en-US","potentialAction":[{"@type":"ReadAction","target":["https:\/\/demkohome.pl\/produkt\/materac-camilo\/"]}]},{"@type":"ImageObject","inLanguage":"en-US","@id":"https:\/\/demkohome.pl\/produkt\/materac-camilo\/#primaryimage","url":"https:\/\/demkohome.pl\/wp-content\/uploads\/2025\/10\/40898844-4e1b-4eed-bbf3-5348e31e8272.jpg","contentUrl":"https:\/\/demkohome.pl\/wp-content\/uploads\/2025\/10\/40898844-4e1b-4eed-bbf3-5348e31e8272.jpg","width":626,"height":418},{"@type":"BreadcrumbList","@id":"https:\/\/demkohome.pl\/produkt\/materac-camilo\/#breadcrumb","itemListElement":[{"@type":"ListItem","position":1,"name":"Strona g\u0142\u00f3wna","item":"https:\/\/demkohome.pl\/"},{"@type":"ListItem","position":2,"name":"Sklep","item":"https:\/\/demkohome.pl\/sklep\/"},{"@type":"ListItem","position":3,"name":"Materac Camilo"}]},{"@type":"WebSite","@id":"https:\/\/demkohome.pl\/#website","url":"https:\/\/demkohome.pl\/","name":"Demko Home","description":"Make it simple","publisher":{"@id":"https:\/\/demkohome.pl\/#organization"},"potentialAction":[{"@type":"SearchAction","target":{"@type":"EntryPoint","urlTemplate":"https:\/\/demkohome.pl\/?s={search_term_string}"},"query-input":{"@type":"PropertyValueSpecification","valueRequired":true,"valueName":"search_term_string"}}],"inLanguage":"en-US"},{"@type":"Organization","@id":"https:\/\/demkohome.pl\/#organization","name":"Demko Home","url":"https:\/\/demkohome.pl\/","logo":{"@type":"ImageObject","inLanguage":"en-US","@id":"https:\/\/demkohome.pl\/#\/schema\/logo\/image\/","url":"https:\/\/demkohome.pl\/wp-content\/uploads\/2026\/03\/cropped-3.png","contentUrl":"https:\/\/demkohome.pl\/wp-content\/uploads\/2026\/03\/cropped-3.png","width":250,"height":63,"caption":"Demko Home"},"image":{"@id":"https:\/\/demkohome.pl\/#\/schema\/logo\/image\/"}}]}},"_links":{"self":[{"href":"https:\/\/demkohome.pl\/en\/wp-json\/wp\/v2\/product\/416161","targetHints":{"allow":["GET"]}}],"collection":[{"href":"https:\/\/demkohome.pl\/en\/wp-json\/wp\/v2\/product"}],"about":[{"href":"https:\/\/demkohome.pl\/en\/wp-json\/wp\/v2\/types\/product"}],"replies":[{"embeddable":true,"href":"https:\/\/demkohome.pl\/en\/wp-json\/wp\/v2\/comments?post=416161"}],"wp:featuredmedia":[{"embeddable":true,"href":"https:\/\/demkohome.pl\/en\/wp-json\/wp\/v2\/media\/416162"}],"wp:attachment":[{"href":"https:\/\/demkohome.pl\/en\/wp-json\/wp\/v2\/media?parent=416161"}],"wp:term":[{"taxonomy":"product_brand","embeddable":true,"href":"https:\/\/demkohome.pl\/en\/wp-json\/wp\/v2\/product_brand?post=416161"},{"taxonomy":"product_cat","embeddable":true,"href":"https:\/\/demkohome.pl\/en\/wp-json\/wp\/v2\/product_cat?post=416161"},{"taxonomy":"product_tag","embeddable":true,"href":"https:\/\/demkohome.pl\/en\/wp-json\/wp\/v2\/product_tag?post=416161"}],"curies":[{"name":"wp","href":"https:\/\/api.w.org\/{rel}","templated":true}]}}