{"id":41780,"date":"2025-07-02T09:35:13","date_gmt":"2025-07-02T07:35:13","guid":{"rendered":"https:\/\/demkohome.pl\/?post_type=product&#038;p=41780"},"modified":"2026-04-18T03:16:49","modified_gmt":"2026-04-18T01:16:49","slug":"przedpokoj-roma","status":"publish","type":"product","link":"https:\/\/demkohome.pl\/en\/product\/przedpokoj-roma\/","title":{"rendered":"Roma hallway"},"content":{"rendered":"<h3 data-start=\"0\" data-end=\"140\">Przedpok\u00f3j Roma to nowoczesny zestaw mebli, kt\u00f3ry \u0142\u0105czy funkcjonalno\u015b\u0107 z wyrazistym designem inspirowanym aktualnymi trendami wn\u0119trzarskimi.<\/h3>\n<p data-start=\"142\" data-end=\"422\">Zaprojektowany z my\u015bl\u0105 o wygodnej organizacji przestrzeni wej\u015bciowej, pozwala na uporz\u0105dkowanie odzie\u017cy, obuwia oraz codziennych akcesori\u00f3w. Dzi\u0119ki przemy\u015blanemu uk\u0142adowi element\u00f3w u\u0142atwia utrzymanie porz\u0105dku i sprawia, \u017ce przedpok\u00f3j staje si\u0119 bardziej praktyczny i uporz\u0105dkowany.<\/p>\n<p data-start=\"424\" data-end=\"647\">Charakterystycznym elementem kolekcji s\u0105 fronty w dekorze jode\u0142ki, kt\u00f3re nadaj\u0105 meblom elegancji i subtelnej dekoracyjno\u015bci. Wz\u00f3r ten wprowadza do wn\u0119trza rytm i g\u0142\u0119bi\u0119, jednocze\u015bnie zachowuj\u0105c nowoczesny charakter ca\u0142o\u015bci.<\/p>\n<p data-start=\"649\" data-end=\"943\">Czarny korpus w po\u0142\u0105czeniu z jasnymi frontami tworzy wyrazisty kontrast, podkre\u015blaj\u0105c <strong>loftowy<\/strong> styl zestawu i nadaj\u0105c mu nowoczesnego wyrazu. Takie zestawienie kolorystyczne sprawia, \u017ce meble doskonale komponuj\u0105 si\u0119 zar\u00f3wno z aran\u017cacjami nowoczesnymi, industrialnymi, jak i bardziej stonowanymi.<\/p>\n<p data-start=\"945\" data-end=\"1125\">Minimalistyczna forma oraz staranne wyko\u0144czenie sprawiaj\u0105, \u017ce zestaw prezentuje si\u0119 lekko i elegancko, a jednocze\u015bnie pozostaje praktycznym rozwi\u0105zaniem do codziennego u\u017cytkowania.<\/p>\n<p data-start=\"1127\" data-end=\"1287\" data-is-last-node=\"\" data-is-only-node=\"\"><strong>Roma to propozycja dla os\u00f3b, kt\u00f3re szukaj\u0105 funkcjonalnych i stylowych mebli do przedpokoju, dopasowanych do wsp\u00f3\u0142czesnych wn\u0119trz i r\u00f3\u017cnych styl\u00f3w aran\u017cacyjnych.<\/strong><\/p>\n<p>&nbsp;<\/p>\n<h4 data-start=\"680\" data-end=\"734\"><span style=\"color: #000000;\">Product Dimensions:<\/span><\/h4>\n<table class=\"o-product-features\" role=\"presentation\">\n<tbody>\n<tr class=\"m-product-attr-row\">\n<th class=\"m-product-attr-row__name\" scope=\"row\">\n<h6>Produkt po z\u0142o\u017ceniu: szeroko\u015b\u0107 (w cm)<\/h6>\n<\/th>\n<td class=\"m-product-attr-row__value\">\n<h6>133<\/h6>\n<\/td>\n<\/tr>\n<tr class=\"m-product-attr-row\">\n<th class=\"m-product-attr-row__name\" scope=\"row\">\n<h6>Produkt po z\u0142o\u017ceniu: g\u0142\u0119boko\u015b\u0107 (w cm)<\/h6>\n<\/th>\n<td class=\"m-product-attr-row__value\">\n<h6>56<\/h6>\n<\/td>\n<\/tr>\n<tr class=\"m-product-attr-row\">\n<th class=\"m-product-attr-row__name\" scope=\"row\">\n<h6>Produkt po z\u0142o\u017ceniu: wysoko\u015b\u0107 (w cm)<\/h6>\n<\/th>\n<td class=\"m-product-attr-row__value\">\n<h6>190<\/h6>\n<\/td>\n<\/tr>\n<tr class=\"m-product-attr-row\">\n<th class=\"m-product-attr-row__name\" scope=\"row\">\n<h6>Produkt w opakowaniu: waga (w kg)<\/h6>\n<\/th>\n<td class=\"m-product-attr-row__value\">\n<h6>68<\/h6>\n<\/td>\n<\/tr>\n<\/tbody>\n<\/table>\n<p data-start=\"1127\" data-end=\"1287\" data-is-last-node=\"\" data-is-only-node=\"\"><strong><br \/>\n<img loading=\"lazy\" decoding=\"async\" class=\"alignleft wp-image-746846\" src=\"https:\/\/demkohome.pl\/wp-content\/uploads\/2025\/07\/81-cm-4000-x-2048-px-6-240x300.png\" alt=\"\" width=\"610\" height=\"763\" srcset=\"https:\/\/demkohome.pl\/wp-content\/uploads\/2025\/07\/81-cm-4000-x-2048-px-6-240x300.png 240w, https:\/\/demkohome.pl\/wp-content\/uploads\/2025\/07\/81-cm-4000-x-2048-px-6-819x1024.png 819w, https:\/\/demkohome.pl\/wp-content\/uploads\/2025\/07\/81-cm-4000-x-2048-px-6-768x960.png 768w, https:\/\/demkohome.pl\/wp-content\/uploads\/2025\/07\/81-cm-4000-x-2048-px-6-10x12.png 10w, https:\/\/demkohome.pl\/wp-content\/uploads\/2025\/07\/81-cm-4000-x-2048-px-6-300x375.png 300w, https:\/\/demkohome.pl\/wp-content\/uploads\/2025\/07\/81-cm-4000-x-2048-px-6-600x750.png 600w, https:\/\/demkohome.pl\/wp-content\/uploads\/2025\/07\/81-cm-4000-x-2048-px-6.png 1080w\" sizes=\"auto, (max-width: 610px) 100vw, 610px\" \/><br \/>\n<\/strong><\/p>","protected":false},"excerpt":{"rendered":"<p>Przedpok\u00f3j Roma to nowoczesny zestaw mebli, kt\u00f3ry \u0142\u0105czy funkcjonalno\u015b\u0107 z wyrazistym designem inspirowanym aktualnymi trendami wn\u0119trzarskimi. Zaprojektowany z my\u015bl\u0105 o (&#8230;)<\/p>","protected":false},"featured_media":41786,"comment_status":"open","ping_status":"closed","template":"","meta":{"_acf_changed":false,"inline_featured_image":false},"product_brand":[],"product_cat":[124,294,295,142,27,122,125,126,296],"product_tag":[],"class_list":{"0":"post-41780","1":"product","2":"type-product","3":"status-publish","4":"has-post-thumbnail","6":"product_cat-lawki-do-przedpokoju","7":"product_cat-meble","8":"product_cat-meble-do-przedpokoju","9":"product_cat-przedpokoj","10":"product_cat-przedpokoje","11":"product_cat-szafy-do-przedpokoju","12":"product_cat-wieszaki-do-przedpokoju","13":"product_cat-zestawy-mebli-do-przedpokoju","14":"product_cat-zestawy-mebli-do-przedpokoju-meble-do-przedpokoju","15":"product_shipping_class-paleta-200-cm-x-80cm","16":"collection-roma-pr","18":"first","19":"instock","20":"shipping-taxable","21":"purchasable","22":"product-type-simple"},"acf":[],"yoast_head":"<!-- This site is optimized with the Yoast SEO plugin v27.4 - https:\/\/yoast.com\/product\/yoast-seo-wordpress\/ -->\n<title>Przedpok\u00f3j Roma - Demko Home<\/title>\n<meta name=\"description\" content=\"Przedpok\u00f3j Roma marki Demko Home to wyrazisty i nowoczesny zestaw meblowy, kt\u00f3ry wprowadza do wn\u0119trza harmoni\u0119 funkcjonalno\u015bci i estetyki.\" \/>\n<meta name=\"robots\" content=\"index, follow, max-snippet:-1, max-image-preview:large, max-video-preview:-1\" \/>\n<link rel=\"canonical\" href=\"https:\/\/demkohome.pl\/en\/product\/przedpokoj-roma\/\" \/>\n<meta property=\"og:locale\" content=\"en_US\" \/>\n<meta property=\"og:type\" content=\"article\" \/>\n<meta property=\"og:title\" content=\"Przedpok\u00f3j Roma - Demko Home\" \/>\n<meta property=\"og:description\" content=\"Przedpok\u00f3j Roma marki Demko Home to wyrazisty i nowoczesny zestaw meblowy, kt\u00f3ry wprowadza do wn\u0119trza harmoni\u0119 funkcjonalno\u015bci i estetyki.\" \/>\n<meta property=\"og:url\" content=\"https:\/\/demkohome.pl\/en\/product\/przedpokoj-roma\/\" \/>\n<meta property=\"og:site_name\" content=\"Demko Home\" \/>\n<meta property=\"article:modified_time\" content=\"2026-04-18T01:16:49+00:00\" \/>\n<meta property=\"og:image\" content=\"https:\/\/demkohome.pl\/wp-content\/uploads\/2025\/06\/Przedpokoj-ROMA-JodelkaCzarnyFSC_1-skos-scaled.jpg\" \/>\n\t<meta property=\"og:image:width\" content=\"1707\" \/>\n\t<meta property=\"og:image:height\" content=\"2560\" \/>\n\t<meta property=\"og:image:type\" content=\"image\/jpeg\" \/>\n<meta name=\"twitter:card\" content=\"summary_large_image\" \/>\n<meta name=\"twitter:label1\" content=\"Est. reading time\" \/>\n\t<meta name=\"twitter:data1\" content=\"2 minutes\" \/>\n<script type=\"application\/ld+json\" class=\"yoast-schema-graph\">{\"@context\":\"https:\\\/\\\/schema.org\",\"@graph\":[{\"@type\":\"WebPage\",\"@id\":\"https:\\\/\\\/demkohome.pl\\\/produkt\\\/przedpokoj-roma\\\/\",\"url\":\"https:\\\/\\\/demkohome.pl\\\/produkt\\\/przedpokoj-roma\\\/\",\"name\":\"Przedpok\u00f3j Roma - Demko Home\",\"isPartOf\":{\"@id\":\"https:\\\/\\\/demkohome.pl\\\/#website\"},\"primaryImageOfPage\":{\"@id\":\"https:\\\/\\\/demkohome.pl\\\/produkt\\\/przedpokoj-roma\\\/#primaryimage\"},\"image\":{\"@id\":\"https:\\\/\\\/demkohome.pl\\\/produkt\\\/przedpokoj-roma\\\/#primaryimage\"},\"thumbnailUrl\":\"https:\\\/\\\/demkohome.pl\\\/wp-content\\\/uploads\\\/2025\\\/06\\\/Przedpokoj-ROMA-JodelkaCzarnyFSC_1-skos-scaled.jpg\",\"datePublished\":\"2025-07-02T07:35:13+00:00\",\"dateModified\":\"2026-04-18T01:16:49+00:00\",\"description\":\"Przedpok\u00f3j Roma marki Demko Home to wyrazisty i nowoczesny zestaw meblowy, kt\u00f3ry wprowadza do wn\u0119trza harmoni\u0119 funkcjonalno\u015bci i estetyki.\",\"breadcrumb\":{\"@id\":\"https:\\\/\\\/demkohome.pl\\\/produkt\\\/przedpokoj-roma\\\/#breadcrumb\"},\"inLanguage\":\"en-US\",\"potentialAction\":[{\"@type\":\"ReadAction\",\"target\":[\"https:\\\/\\\/demkohome.pl\\\/produkt\\\/przedpokoj-roma\\\/\"]}]},{\"@type\":\"ImageObject\",\"inLanguage\":\"en-US\",\"@id\":\"https:\\\/\\\/demkohome.pl\\\/produkt\\\/przedpokoj-roma\\\/#primaryimage\",\"url\":\"https:\\\/\\\/demkohome.pl\\\/wp-content\\\/uploads\\\/2025\\\/06\\\/Przedpokoj-ROMA-JodelkaCzarnyFSC_1-skos-scaled.jpg\",\"contentUrl\":\"https:\\\/\\\/demkohome.pl\\\/wp-content\\\/uploads\\\/2025\\\/06\\\/Przedpokoj-ROMA-JodelkaCzarnyFSC_1-skos-scaled.jpg\",\"width\":1707,\"height\":2560,\"caption\":\"Przedpok\u00f3j ROMA Jode\u0142ka Czarny FSC Demko Home\"},{\"@type\":\"BreadcrumbList\",\"@id\":\"https:\\\/\\\/demkohome.pl\\\/produkt\\\/przedpokoj-roma\\\/#breadcrumb\",\"itemListElement\":[{\"@type\":\"ListItem\",\"position\":1,\"name\":\"Strona g\u0142\u00f3wna\",\"item\":\"https:\\\/\\\/demkohome.pl\\\/\"},{\"@type\":\"ListItem\",\"position\":2,\"name\":\"Sklep\",\"item\":\"https:\\\/\\\/demkohome.pl\\\/sklep\\\/\"},{\"@type\":\"ListItem\",\"position\":3,\"name\":\"Przedpok\u00f3j Roma\"}]},{\"@type\":\"WebSite\",\"@id\":\"https:\\\/\\\/demkohome.pl\\\/#website\",\"url\":\"https:\\\/\\\/demkohome.pl\\\/\",\"name\":\"Demko Home\",\"description\":\"Make it simple\",\"publisher\":{\"@id\":\"https:\\\/\\\/demkohome.pl\\\/#organization\"},\"potentialAction\":[{\"@type\":\"SearchAction\",\"target\":{\"@type\":\"EntryPoint\",\"urlTemplate\":\"https:\\\/\\\/demkohome.pl\\\/?s={search_term_string}\"},\"query-input\":{\"@type\":\"PropertyValueSpecification\",\"valueRequired\":true,\"valueName\":\"search_term_string\"}}],\"inLanguage\":\"en-US\"},{\"@type\":\"Organization\",\"@id\":\"https:\\\/\\\/demkohome.pl\\\/#organization\",\"name\":\"Demko Home\",\"url\":\"https:\\\/\\\/demkohome.pl\\\/\",\"logo\":{\"@type\":\"ImageObject\",\"inLanguage\":\"en-US\",\"@id\":\"https:\\\/\\\/demkohome.pl\\\/#\\\/schema\\\/logo\\\/image\\\/\",\"url\":\"https:\\\/\\\/demkohome.pl\\\/wp-content\\\/uploads\\\/2026\\\/03\\\/cropped-3.png\",\"contentUrl\":\"https:\\\/\\\/demkohome.pl\\\/wp-content\\\/uploads\\\/2026\\\/03\\\/cropped-3.png\",\"width\":250,\"height\":63,\"caption\":\"Demko Home\"},\"image\":{\"@id\":\"https:\\\/\\\/demkohome.pl\\\/#\\\/schema\\\/logo\\\/image\\\/\"}}]}<\/script>\n<!-- \/ Yoast SEO plugin. -->","yoast_head_json":{"title":"Przedpok\u00f3j Roma - Demko Home","description":"Przedpok\u00f3j Roma marki Demko Home to wyrazisty i nowoczesny zestaw meblowy, kt\u00f3ry wprowadza do wn\u0119trza harmoni\u0119 funkcjonalno\u015bci i estetyki.","robots":{"index":"index","follow":"follow","max-snippet":"max-snippet:-1","max-image-preview":"max-image-preview:large","max-video-preview":"max-video-preview:-1"},"canonical":"https:\/\/demkohome.pl\/en\/product\/przedpokoj-roma\/","og_locale":"en_US","og_type":"article","og_title":"Przedpok\u00f3j Roma - Demko Home","og_description":"Przedpok\u00f3j Roma marki Demko Home to wyrazisty i nowoczesny zestaw meblowy, kt\u00f3ry wprowadza do wn\u0119trza harmoni\u0119 funkcjonalno\u015bci i estetyki.","og_url":"https:\/\/demkohome.pl\/en\/product\/przedpokoj-roma\/","og_site_name":"Demko Home","article_modified_time":"2026-04-18T01:16:49+00:00","og_image":[{"width":1707,"height":2560,"url":"https:\/\/demkohome.pl\/wp-content\/uploads\/2025\/06\/Przedpokoj-ROMA-JodelkaCzarnyFSC_1-skos-scaled.jpg","type":"image\/jpeg"}],"twitter_card":"summary_large_image","twitter_misc":{"Est. reading time":"2 minutes"},"schema":{"@context":"https:\/\/schema.org","@graph":[{"@type":"WebPage","@id":"https:\/\/demkohome.pl\/produkt\/przedpokoj-roma\/","url":"https:\/\/demkohome.pl\/produkt\/przedpokoj-roma\/","name":"Przedpok\u00f3j Roma - Demko Home","isPartOf":{"@id":"https:\/\/demkohome.pl\/#website"},"primaryImageOfPage":{"@id":"https:\/\/demkohome.pl\/produkt\/przedpokoj-roma\/#primaryimage"},"image":{"@id":"https:\/\/demkohome.pl\/produkt\/przedpokoj-roma\/#primaryimage"},"thumbnailUrl":"https:\/\/demkohome.pl\/wp-content\/uploads\/2025\/06\/Przedpokoj-ROMA-JodelkaCzarnyFSC_1-skos-scaled.jpg","datePublished":"2025-07-02T07:35:13+00:00","dateModified":"2026-04-18T01:16:49+00:00","description":"Przedpok\u00f3j Roma marki Demko Home to wyrazisty i nowoczesny zestaw meblowy, kt\u00f3ry wprowadza do wn\u0119trza harmoni\u0119 funkcjonalno\u015bci i estetyki.","breadcrumb":{"@id":"https:\/\/demkohome.pl\/produkt\/przedpokoj-roma\/#breadcrumb"},"inLanguage":"en-US","potentialAction":[{"@type":"ReadAction","target":["https:\/\/demkohome.pl\/produkt\/przedpokoj-roma\/"]}]},{"@type":"ImageObject","inLanguage":"en-US","@id":"https:\/\/demkohome.pl\/produkt\/przedpokoj-roma\/#primaryimage","url":"https:\/\/demkohome.pl\/wp-content\/uploads\/2025\/06\/Przedpokoj-ROMA-JodelkaCzarnyFSC_1-skos-scaled.jpg","contentUrl":"https:\/\/demkohome.pl\/wp-content\/uploads\/2025\/06\/Przedpokoj-ROMA-JodelkaCzarnyFSC_1-skos-scaled.jpg","width":1707,"height":2560,"caption":"Przedpok\u00f3j ROMA Jode\u0142ka Czarny FSC Demko Home"},{"@type":"BreadcrumbList","@id":"https:\/\/demkohome.pl\/produkt\/przedpokoj-roma\/#breadcrumb","itemListElement":[{"@type":"ListItem","position":1,"name":"Strona g\u0142\u00f3wna","item":"https:\/\/demkohome.pl\/"},{"@type":"ListItem","position":2,"name":"Sklep","item":"https:\/\/demkohome.pl\/sklep\/"},{"@type":"ListItem","position":3,"name":"Przedpok\u00f3j Roma"}]},{"@type":"WebSite","@id":"https:\/\/demkohome.pl\/#website","url":"https:\/\/demkohome.pl\/","name":"Demko Home","description":"Make it simple","publisher":{"@id":"https:\/\/demkohome.pl\/#organization"},"potentialAction":[{"@type":"SearchAction","target":{"@type":"EntryPoint","urlTemplate":"https:\/\/demkohome.pl\/?s={search_term_string}"},"query-input":{"@type":"PropertyValueSpecification","valueRequired":true,"valueName":"search_term_string"}}],"inLanguage":"en-US"},{"@type":"Organization","@id":"https:\/\/demkohome.pl\/#organization","name":"Demko Home","url":"https:\/\/demkohome.pl\/","logo":{"@type":"ImageObject","inLanguage":"en-US","@id":"https:\/\/demkohome.pl\/#\/schema\/logo\/image\/","url":"https:\/\/demkohome.pl\/wp-content\/uploads\/2026\/03\/cropped-3.png","contentUrl":"https:\/\/demkohome.pl\/wp-content\/uploads\/2026\/03\/cropped-3.png","width":250,"height":63,"caption":"Demko Home"},"image":{"@id":"https:\/\/demkohome.pl\/#\/schema\/logo\/image\/"}}]}},"_links":{"self":[{"href":"https:\/\/demkohome.pl\/en\/wp-json\/wp\/v2\/product\/41780","targetHints":{"allow":["GET"]}}],"collection":[{"href":"https:\/\/demkohome.pl\/en\/wp-json\/wp\/v2\/product"}],"about":[{"href":"https:\/\/demkohome.pl\/en\/wp-json\/wp\/v2\/types\/product"}],"replies":[{"embeddable":true,"href":"https:\/\/demkohome.pl\/en\/wp-json\/wp\/v2\/comments?post=41780"}],"wp:featuredmedia":[{"embeddable":true,"href":"https:\/\/demkohome.pl\/en\/wp-json\/wp\/v2\/media\/41786"}],"wp:attachment":[{"href":"https:\/\/demkohome.pl\/en\/wp-json\/wp\/v2\/media?parent=41780"}],"wp:term":[{"taxonomy":"product_brand","embeddable":true,"href":"https:\/\/demkohome.pl\/en\/wp-json\/wp\/v2\/product_brand?post=41780"},{"taxonomy":"product_cat","embeddable":true,"href":"https:\/\/demkohome.pl\/en\/wp-json\/wp\/v2\/product_cat?post=41780"},{"taxonomy":"product_tag","embeddable":true,"href":"https:\/\/demkohome.pl\/en\/wp-json\/wp\/v2\/product_tag?post=41780"}],"curies":[{"name":"wp","href":"https:\/\/api.w.org\/{rel}","templated":true}]}}