{"id":41794,"date":"2025-06-26T11:30:05","date_gmt":"2025-06-26T09:30:05","guid":{"rendered":"https:\/\/demkohome.pl\/?post_type=product&#038;p=41794"},"modified":"2026-04-18T03:16:49","modified_gmt":"2026-04-18T01:16:49","slug":"szafa-roma","status":"publish","type":"product","link":"https:\/\/demkohome.pl\/en\/product\/szafa-roma\/","title":{"rendered":"Roma closet"},"content":{"rendered":"<h3 data-start=\"0\" data-end=\"128\">Szafa Roma to nowoczesny mebel, kt\u00f3ry \u0142\u0105czy funkcjonalno\u015b\u0107 z wyrazistym designem inspirowanym aktualnymi trendami wn\u0119trzarskimi.<\/h3>\n<p data-start=\"130\" data-end=\"411\">Zosta\u0142a zaprojektowana z my\u015bl\u0105 o wygodnym przechowywaniu odzie\u017cy oraz estetycznym uzupe\u0142nieniu przestrzeni w sypialni, garderobie lub przedpokoju. Przemy\u015blany uk\u0142ad wn\u0119trza zapewnia miejsce zar\u00f3wno na ubrania wisz\u0105ce, jak i sk\u0142adane, co u\u0142atwia organizacj\u0119 i codzienne u\u017cytkowanie.<\/p>\n<p data-start=\"413\" data-end=\"634\">Charakterystycznym elementem szafy s\u0105 fronty w dekorze jode\u0142ki, kt\u00f3re nadaj\u0105 meblowi elegancji i subtelnej dekoracyjno\u015bci. Wz\u00f3r ten wprowadza do wn\u0119trza rytm i g\u0142\u0119bi\u0119, jednocze\u015bnie podkre\u015blaj\u0105c nowoczesny charakter bry\u0142y.<\/p>\n<p data-start=\"636\" data-end=\"905\">Czarny korpus stanowi wyra\u017any kontrast dla jasnych front\u00f3w, nadaj\u0105c szafie <strong>loftowego<\/strong> wyrazu i podkre\u015blaj\u0105c jej unikalny styl. Takie zestawienie kolorystyczne sprawia, \u017ce mebel doskonale wpisuje si\u0119 zar\u00f3wno w aran\u017cacje <strong>nowoczesne, industrialne, jak i bardziej stonowane<\/strong>.<\/p>\n<p data-start=\"907\" data-end=\"1089\">Minimalistyczna forma oraz staranne wyko\u0144czenie sprawiaj\u0105, \u017ce szafa prezentuje si\u0119 elegancko i lekko, a jednocze\u015bnie pozostaje praktycznym rozwi\u0105zaniem do przechowywania na co dzie\u0144.<\/p>\n<p data-start=\"1091\" data-end=\"1270\" data-is-last-node=\"\" data-is-only-node=\"\"><strong>Roma to propozycja dla os\u00f3b, kt\u00f3re szukaj\u0105 pojemnej i stylowej szafy, \u0142\u0105cz\u0105cej modny wygl\u0105d z funkcjonalno\u015bci\u0105, dopasowanej do wsp\u00f3\u0142czesnych wn\u0119trz i r\u00f3\u017cnych styl\u00f3w aran\u017cacyjnych.<\/strong><\/p>\n<p><img loading=\"lazy\" decoding=\"async\" class=\"alignnone wp-image-746764 size-full\" src=\"https:\/\/demkohome.pl\/wp-content\/uploads\/2025\/12\/Aranzacja-sypialniana-1-scaled.jpg\" alt=\"\" width=\"2560\" height=\"1873\" srcset=\"https:\/\/demkohome.pl\/wp-content\/uploads\/2025\/12\/Aranzacja-sypialniana-1-scaled.jpg 2560w, https:\/\/demkohome.pl\/wp-content\/uploads\/2025\/12\/Aranzacja-sypialniana-1-300x220.jpg 300w, https:\/\/demkohome.pl\/wp-content\/uploads\/2025\/12\/Aranzacja-sypialniana-1-1024x749.jpg 1024w, https:\/\/demkohome.pl\/wp-content\/uploads\/2025\/12\/Aranzacja-sypialniana-1-768x562.jpg 768w, https:\/\/demkohome.pl\/wp-content\/uploads\/2025\/12\/Aranzacja-sypialniana-1-1536x1124.jpg 1536w, https:\/\/demkohome.pl\/wp-content\/uploads\/2025\/12\/Aranzacja-sypialniana-1-2048x1499.jpg 2048w, https:\/\/demkohome.pl\/wp-content\/uploads\/2025\/12\/Aranzacja-sypialniana-1-16x12.jpg 16w, https:\/\/demkohome.pl\/wp-content\/uploads\/2025\/12\/Aranzacja-sypialniana-1-600x439.jpg 600w\" sizes=\"auto, (max-width: 2560px) 100vw, 2560px\" \/><\/p>\n<p>&nbsp;<\/p>\n<h4 data-start=\"680\" data-end=\"734\"><span style=\"color: #000000;\">Product Dimensions:<\/span><\/h4>\n<table class=\"o-product-features\" role=\"presentation\">\n<tbody>\n<tr class=\"m-product-attr-row\">\n<th class=\"m-product-attr-row__name\" scope=\"row\">\n<h6>Produkt po z\u0142o\u017ceniu: szeroko\u015b\u0107 (w cm)<\/h6>\n<\/th>\n<td class=\"m-product-attr-row__value\">\n<h6>100<\/h6>\n<\/td>\n<\/tr>\n<tr class=\"m-product-attr-row\">\n<th class=\"m-product-attr-row__name\" scope=\"row\">\n<h6>Produkt po z\u0142o\u017ceniu: g\u0142\u0119boko\u015b\u0107 (w cm)<\/h6>\n<\/th>\n<td class=\"m-product-attr-row__value\">\n<h6>56<\/h6>\n<\/td>\n<\/tr>\n<tr class=\"m-product-attr-row\">\n<th class=\"m-product-attr-row__name\" scope=\"row\">\n<h6>Produkt po z\u0142o\u017ceniu: wysoko\u015b\u0107 (w cm)<\/h6>\n<\/th>\n<td class=\"m-product-attr-row__value\">\n<h6>190<\/h6>\n<\/td>\n<\/tr>\n<tr class=\"m-product-attr-row\">\n<th class=\"m-product-attr-row__name\" scope=\"row\">\n<h6>Produkt w opakowaniu: waga (w kg)<\/h6>\n<\/th>\n<td class=\"m-product-attr-row__value\">\n<h6>81<\/h6>\n<\/td>\n<\/tr>\n<\/tbody>\n<\/table>\n<p data-start=\"1091\" data-end=\"1270\" data-is-last-node=\"\" data-is-only-node=\"\"><strong><br \/>\n<img loading=\"lazy\" decoding=\"async\" class=\"alignleft wp-image-746768\" src=\"https:\/\/demkohome.pl\/wp-content\/uploads\/2025\/06\/81-cm-4000-x-2048-px-4-240x300.png\" alt=\"\" width=\"610\" height=\"763\" srcset=\"https:\/\/demkohome.pl\/wp-content\/uploads\/2025\/06\/81-cm-4000-x-2048-px-4-240x300.png 240w, https:\/\/demkohome.pl\/wp-content\/uploads\/2025\/06\/81-cm-4000-x-2048-px-4-819x1024.png 819w, https:\/\/demkohome.pl\/wp-content\/uploads\/2025\/06\/81-cm-4000-x-2048-px-4-768x960.png 768w, https:\/\/demkohome.pl\/wp-content\/uploads\/2025\/06\/81-cm-4000-x-2048-px-4-10x12.png 10w, https:\/\/demkohome.pl\/wp-content\/uploads\/2025\/06\/81-cm-4000-x-2048-px-4-300x375.png 300w, https:\/\/demkohome.pl\/wp-content\/uploads\/2025\/06\/81-cm-4000-x-2048-px-4-600x750.png 600w, https:\/\/demkohome.pl\/wp-content\/uploads\/2025\/06\/81-cm-4000-x-2048-px-4.png 1080w\" sizes=\"auto, (max-width: 610px) 100vw, 610px\" \/><br \/>\n<\/strong><\/p>","protected":false},"excerpt":{"rendered":"<p>Szafa Roma to nowoczesny mebel, kt\u00f3ry \u0142\u0105czy funkcjonalno\u015b\u0107 z wyrazistym designem inspirowanym aktualnymi trendami wn\u0119trzarskimi. Zosta\u0142a zaprojektowana z my\u015bl\u0105 o (&#8230;)<\/p>","protected":false},"featured_media":41797,"comment_status":"open","ping_status":"closed","template":"","meta":{"_acf_changed":false,"inline_featured_image":false},"product_brand":[],"product_cat":[294,127,307,144,132],"product_tag":[],"class_list":{"0":"post-41794","1":"product","2":"type-product","3":"status-publish","4":"has-post-thumbnail","6":"product_cat-meble","7":"product_cat-meble-pokojowe","8":"product_cat-meble-pokojowe-meble","9":"product_cat-pokoj","10":"product_cat-szafy","11":"product_shipping_class-paleta-200-cm-x-80cm","12":"collection-roma-pokoj","14":"first","15":"instock","16":"shipping-taxable","17":"purchasable","18":"product-type-simple"},"acf":[],"yoast_head":"<!-- This site is optimized with the Yoast SEO plugin v27.4 - https:\/\/yoast.com\/product\/yoast-seo-wordpress\/ -->\n<title>Szafa Roma - Demko Home<\/title>\n<meta name=\"description\" content=\"Szafa Roma to nowoczesny mebel, kt\u00f3ry \u0142\u0105czy funkcjonalno\u015b\u0107 z wyrazistym designem inspirowanym aktualnymi trendami wn\u0119trzarskimi.\" \/>\n<meta name=\"robots\" content=\"index, follow, max-snippet:-1, max-image-preview:large, max-video-preview:-1\" \/>\n<link rel=\"canonical\" href=\"https:\/\/demkohome.pl\/en\/product\/szafa-roma\/\" \/>\n<meta property=\"og:locale\" content=\"en_US\" \/>\n<meta property=\"og:type\" content=\"article\" \/>\n<meta property=\"og:title\" content=\"Szafa Roma jode\u0142ka\" \/>\n<meta property=\"og:description\" content=\"Szafa Roma to nowoczesny mebel, kt\u00f3ry \u0142\u0105czy funkcjonalno\u015b\u0107 z wyrazistym designem inspirowanym aktualnymi trendami wn\u0119trzarskimi.\" \/>\n<meta property=\"og:url\" content=\"https:\/\/demkohome.pl\/en\/product\/szafa-roma\/\" \/>\n<meta property=\"og:site_name\" content=\"Demko Home\" \/>\n<meta property=\"article:modified_time\" content=\"2026-04-18T01:16:49+00:00\" \/>\n<meta property=\"og:image\" content=\"https:\/\/demkohome.pl\/wp-content\/uploads\/2025\/06\/Sz.-pok.-ROMA-Szafa-D2S2-JodelkaCzarnyFSC_1-5907736146932-scaled.jpg\" \/>\n\t<meta property=\"og:image:width\" content=\"1707\" \/>\n\t<meta property=\"og:image:height\" content=\"2560\" \/>\n\t<meta property=\"og:image:type\" content=\"image\/jpeg\" \/>\n<meta name=\"twitter:card\" content=\"summary_large_image\" \/>\n<meta name=\"twitter:title\" content=\"Szafa Roma jode\u0142ka\" \/>\n<meta name=\"twitter:description\" content=\"Szafa Roma to nowoczesny mebel, kt\u00f3ry \u0142\u0105czy funkcjonalno\u015b\u0107 z wyrazistym designem inspirowanym aktualnymi trendami wn\u0119trzarskimi.\" \/>\n<meta name=\"twitter:image\" content=\"https:\/\/demkohome.pl\/wp-content\/uploads\/2025\/06\/Sz.-pok.-ROMA-Szafa-D2S2-JodelkaCzarnyFSC_1-5907736146932-scaled.jpg\" \/>\n<meta name=\"twitter:label1\" content=\"Est. reading time\" \/>\n\t<meta name=\"twitter:data1\" content=\"3 minutes\" \/>\n<script type=\"application\/ld+json\" class=\"yoast-schema-graph\">{\"@context\":\"https:\\\/\\\/schema.org\",\"@graph\":[{\"@type\":\"WebPage\",\"@id\":\"https:\\\/\\\/demkohome.pl\\\/produkt\\\/szafa-roma\\\/\",\"url\":\"https:\\\/\\\/demkohome.pl\\\/produkt\\\/szafa-roma\\\/\",\"name\":\"Szafa Roma - Demko Home\",\"isPartOf\":{\"@id\":\"https:\\\/\\\/demkohome.pl\\\/#website\"},\"primaryImageOfPage\":{\"@id\":\"https:\\\/\\\/demkohome.pl\\\/produkt\\\/szafa-roma\\\/#primaryimage\"},\"image\":{\"@id\":\"https:\\\/\\\/demkohome.pl\\\/produkt\\\/szafa-roma\\\/#primaryimage\"},\"thumbnailUrl\":\"https:\\\/\\\/demkohome.pl\\\/wp-content\\\/uploads\\\/2025\\\/06\\\/Sz.-pok.-ROMA-Szafa-D2S2-JodelkaCzarnyFSC_1-5907736146932-scaled.jpg\",\"datePublished\":\"2025-06-26T09:30:05+00:00\",\"dateModified\":\"2026-04-18T01:16:49+00:00\",\"description\":\"Szafa Roma to nowoczesny mebel, kt\u00f3ry \u0142\u0105czy funkcjonalno\u015b\u0107 z wyrazistym designem inspirowanym aktualnymi trendami wn\u0119trzarskimi.\",\"breadcrumb\":{\"@id\":\"https:\\\/\\\/demkohome.pl\\\/produkt\\\/szafa-roma\\\/#breadcrumb\"},\"inLanguage\":\"en-US\",\"potentialAction\":[{\"@type\":\"ReadAction\",\"target\":[\"https:\\\/\\\/demkohome.pl\\\/produkt\\\/szafa-roma\\\/\"]}]},{\"@type\":\"ImageObject\",\"inLanguage\":\"en-US\",\"@id\":\"https:\\\/\\\/demkohome.pl\\\/produkt\\\/szafa-roma\\\/#primaryimage\",\"url\":\"https:\\\/\\\/demkohome.pl\\\/wp-content\\\/uploads\\\/2025\\\/06\\\/Sz.-pok.-ROMA-Szafa-D2S2-JodelkaCzarnyFSC_1-5907736146932-scaled.jpg\",\"contentUrl\":\"https:\\\/\\\/demkohome.pl\\\/wp-content\\\/uploads\\\/2025\\\/06\\\/Sz.-pok.-ROMA-Szafa-D2S2-JodelkaCzarnyFSC_1-5907736146932-scaled.jpg\",\"width\":1707,\"height\":2560,\"caption\":\"Szafa ROMA D2S2 Jode\u0142ka Czarny z certyfikatem FSC Demko Home\"},{\"@type\":\"BreadcrumbList\",\"@id\":\"https:\\\/\\\/demkohome.pl\\\/produkt\\\/szafa-roma\\\/#breadcrumb\",\"itemListElement\":[{\"@type\":\"ListItem\",\"position\":1,\"name\":\"Strona g\u0142\u00f3wna\",\"item\":\"https:\\\/\\\/demkohome.pl\\\/\"},{\"@type\":\"ListItem\",\"position\":2,\"name\":\"Sklep\",\"item\":\"https:\\\/\\\/demkohome.pl\\\/sklep\\\/\"},{\"@type\":\"ListItem\",\"position\":3,\"name\":\"Szafa Roma\"}]},{\"@type\":\"WebSite\",\"@id\":\"https:\\\/\\\/demkohome.pl\\\/#website\",\"url\":\"https:\\\/\\\/demkohome.pl\\\/\",\"name\":\"Demko Home\",\"description\":\"Make it simple\",\"publisher\":{\"@id\":\"https:\\\/\\\/demkohome.pl\\\/#organization\"},\"potentialAction\":[{\"@type\":\"SearchAction\",\"target\":{\"@type\":\"EntryPoint\",\"urlTemplate\":\"https:\\\/\\\/demkohome.pl\\\/?s={search_term_string}\"},\"query-input\":{\"@type\":\"PropertyValueSpecification\",\"valueRequired\":true,\"valueName\":\"search_term_string\"}}],\"inLanguage\":\"en-US\"},{\"@type\":\"Organization\",\"@id\":\"https:\\\/\\\/demkohome.pl\\\/#organization\",\"name\":\"Demko Home\",\"url\":\"https:\\\/\\\/demkohome.pl\\\/\",\"logo\":{\"@type\":\"ImageObject\",\"inLanguage\":\"en-US\",\"@id\":\"https:\\\/\\\/demkohome.pl\\\/#\\\/schema\\\/logo\\\/image\\\/\",\"url\":\"https:\\\/\\\/demkohome.pl\\\/wp-content\\\/uploads\\\/2026\\\/03\\\/cropped-3.png\",\"contentUrl\":\"https:\\\/\\\/demkohome.pl\\\/wp-content\\\/uploads\\\/2026\\\/03\\\/cropped-3.png\",\"width\":250,\"height\":63,\"caption\":\"Demko Home\"},\"image\":{\"@id\":\"https:\\\/\\\/demkohome.pl\\\/#\\\/schema\\\/logo\\\/image\\\/\"}}]}<\/script>\n<!-- \/ Yoast SEO plugin. -->","yoast_head_json":{"title":"Szafa Roma - Demko Home","description":"Szafa Roma to nowoczesny mebel, kt\u00f3ry \u0142\u0105czy funkcjonalno\u015b\u0107 z wyrazistym designem inspirowanym aktualnymi trendami wn\u0119trzarskimi.","robots":{"index":"index","follow":"follow","max-snippet":"max-snippet:-1","max-image-preview":"max-image-preview:large","max-video-preview":"max-video-preview:-1"},"canonical":"https:\/\/demkohome.pl\/en\/product\/szafa-roma\/","og_locale":"en_US","og_type":"article","og_title":"Szafa Roma jode\u0142ka","og_description":"Szafa Roma to nowoczesny mebel, kt\u00f3ry \u0142\u0105czy funkcjonalno\u015b\u0107 z wyrazistym designem inspirowanym aktualnymi trendami wn\u0119trzarskimi.","og_url":"https:\/\/demkohome.pl\/en\/product\/szafa-roma\/","og_site_name":"Demko Home","article_modified_time":"2026-04-18T01:16:49+00:00","og_image":[{"width":1707,"height":2560,"url":"https:\/\/demkohome.pl\/wp-content\/uploads\/2025\/06\/Sz.-pok.-ROMA-Szafa-D2S2-JodelkaCzarnyFSC_1-5907736146932-scaled.jpg","type":"image\/jpeg"}],"twitter_card":"summary_large_image","twitter_title":"Szafa Roma jode\u0142ka","twitter_description":"Szafa Roma to nowoczesny mebel, kt\u00f3ry \u0142\u0105czy funkcjonalno\u015b\u0107 z wyrazistym designem inspirowanym aktualnymi trendami wn\u0119trzarskimi.","twitter_image":"https:\/\/demkohome.pl\/wp-content\/uploads\/2025\/06\/Sz.-pok.-ROMA-Szafa-D2S2-JodelkaCzarnyFSC_1-5907736146932-scaled.jpg","twitter_misc":{"Est. reading time":"3 minutes"},"schema":{"@context":"https:\/\/schema.org","@graph":[{"@type":"WebPage","@id":"https:\/\/demkohome.pl\/produkt\/szafa-roma\/","url":"https:\/\/demkohome.pl\/produkt\/szafa-roma\/","name":"Szafa Roma - Demko Home","isPartOf":{"@id":"https:\/\/demkohome.pl\/#website"},"primaryImageOfPage":{"@id":"https:\/\/demkohome.pl\/produkt\/szafa-roma\/#primaryimage"},"image":{"@id":"https:\/\/demkohome.pl\/produkt\/szafa-roma\/#primaryimage"},"thumbnailUrl":"https:\/\/demkohome.pl\/wp-content\/uploads\/2025\/06\/Sz.-pok.-ROMA-Szafa-D2S2-JodelkaCzarnyFSC_1-5907736146932-scaled.jpg","datePublished":"2025-06-26T09:30:05+00:00","dateModified":"2026-04-18T01:16:49+00:00","description":"Szafa Roma to nowoczesny mebel, kt\u00f3ry \u0142\u0105czy funkcjonalno\u015b\u0107 z wyrazistym designem inspirowanym aktualnymi trendami wn\u0119trzarskimi.","breadcrumb":{"@id":"https:\/\/demkohome.pl\/produkt\/szafa-roma\/#breadcrumb"},"inLanguage":"en-US","potentialAction":[{"@type":"ReadAction","target":["https:\/\/demkohome.pl\/produkt\/szafa-roma\/"]}]},{"@type":"ImageObject","inLanguage":"en-US","@id":"https:\/\/demkohome.pl\/produkt\/szafa-roma\/#primaryimage","url":"https:\/\/demkohome.pl\/wp-content\/uploads\/2025\/06\/Sz.-pok.-ROMA-Szafa-D2S2-JodelkaCzarnyFSC_1-5907736146932-scaled.jpg","contentUrl":"https:\/\/demkohome.pl\/wp-content\/uploads\/2025\/06\/Sz.-pok.-ROMA-Szafa-D2S2-JodelkaCzarnyFSC_1-5907736146932-scaled.jpg","width":1707,"height":2560,"caption":"Szafa ROMA D2S2 Jode\u0142ka Czarny z certyfikatem FSC Demko Home"},{"@type":"BreadcrumbList","@id":"https:\/\/demkohome.pl\/produkt\/szafa-roma\/#breadcrumb","itemListElement":[{"@type":"ListItem","position":1,"name":"Strona g\u0142\u00f3wna","item":"https:\/\/demkohome.pl\/"},{"@type":"ListItem","position":2,"name":"Sklep","item":"https:\/\/demkohome.pl\/sklep\/"},{"@type":"ListItem","position":3,"name":"Szafa Roma"}]},{"@type":"WebSite","@id":"https:\/\/demkohome.pl\/#website","url":"https:\/\/demkohome.pl\/","name":"Demko Home","description":"Make it simple","publisher":{"@id":"https:\/\/demkohome.pl\/#organization"},"potentialAction":[{"@type":"SearchAction","target":{"@type":"EntryPoint","urlTemplate":"https:\/\/demkohome.pl\/?s={search_term_string}"},"query-input":{"@type":"PropertyValueSpecification","valueRequired":true,"valueName":"search_term_string"}}],"inLanguage":"en-US"},{"@type":"Organization","@id":"https:\/\/demkohome.pl\/#organization","name":"Demko Home","url":"https:\/\/demkohome.pl\/","logo":{"@type":"ImageObject","inLanguage":"en-US","@id":"https:\/\/demkohome.pl\/#\/schema\/logo\/image\/","url":"https:\/\/demkohome.pl\/wp-content\/uploads\/2026\/03\/cropped-3.png","contentUrl":"https:\/\/demkohome.pl\/wp-content\/uploads\/2026\/03\/cropped-3.png","width":250,"height":63,"caption":"Demko Home"},"image":{"@id":"https:\/\/demkohome.pl\/#\/schema\/logo\/image\/"}}]}},"_links":{"self":[{"href":"https:\/\/demkohome.pl\/en\/wp-json\/wp\/v2\/product\/41794","targetHints":{"allow":["GET"]}}],"collection":[{"href":"https:\/\/demkohome.pl\/en\/wp-json\/wp\/v2\/product"}],"about":[{"href":"https:\/\/demkohome.pl\/en\/wp-json\/wp\/v2\/types\/product"}],"replies":[{"embeddable":true,"href":"https:\/\/demkohome.pl\/en\/wp-json\/wp\/v2\/comments?post=41794"}],"wp:featuredmedia":[{"embeddable":true,"href":"https:\/\/demkohome.pl\/en\/wp-json\/wp\/v2\/media\/41797"}],"wp:attachment":[{"href":"https:\/\/demkohome.pl\/en\/wp-json\/wp\/v2\/media?parent=41794"}],"wp:term":[{"taxonomy":"product_brand","embeddable":true,"href":"https:\/\/demkohome.pl\/en\/wp-json\/wp\/v2\/product_brand?post=41794"},{"taxonomy":"product_cat","embeddable":true,"href":"https:\/\/demkohome.pl\/en\/wp-json\/wp\/v2\/product_cat?post=41794"},{"taxonomy":"product_tag","embeddable":true,"href":"https:\/\/demkohome.pl\/en\/wp-json\/wp\/v2\/product_tag?post=41794"}],"curies":[{"name":"wp","href":"https:\/\/api.w.org\/{rel}","templated":true}]}}