{"id":421,"date":"2023-08-24T22:30:00","date_gmt":"2023-08-24T20:30:00","guid":{"rendered":"https:\/\/demkohome.pl\/produkt\/szafka-kuchenna-gorna-60-cm-okap-carballo\/"},"modified":"2026-04-23T09:32:15","modified_gmt":"2026-04-23T07:32:15","slug":"szafka-kuchenna-gorna-60-cm-okap-carballo","status":"publish","type":"product","link":"https:\/\/demkohome.pl\/en\/product\/szafka-kuchenna-gorna-60-cm-okap-carballo\/","title":{"rendered":"Kitchen wall cabinet 60 cm above the hood Carballo"},"content":{"rendered":"<div style=\"font-family: 'Noto Sans', sans-serif; font-size: 17px;\">\n<h2>Cabinet under the hood - a must for a functional kitchen design<\/h2>\n<p>Are you looking for an idea for functionality and great kitchen design? Decide on a cabinet under the hood from the Carballo collection of modular furniture. The simple form that characterizes the product will fill the free space, providing the arrangement with a visually attractive and not exaggerated character. The effect of lightness will be enhanced by the lack of unnecessary details. Standard dimensions: 60 x 30 x 36 cm will allow you to use the space as intended, even in rooms with a small area.<\/p>\n<h3>Cabinet over the hood - a clever way to use space<\/h3>\n<p>A beautifully arranged kitchen pleases the eye and whets the appetite. It is worth enhancing this effect by taking care of the details of the arrangement, especially in terms of the housing or installation of household appliances. How to make the hood create a coherent whole with the rest of the kitchen's built-in elements? Discover the potential of the Carballo cabinet designed to help you achieve the result you are aiming for. The proposed piece of furniture attracts attention with its simple body and a number of practical solutions. The upward-opening door emphasizes the modern character of the hood cabinet, and the quiet-closing mechanism significantly increases the comfort of use. This clever use of space is not without impact on the functionality of the kitchen. From now on, the spices and accessories you use most often can be within easy reach.<\/p>\n<h3>Carballo hood cabinet - kitchen according to your idea<\/h3>\n<p>With Okmed Furniture you can decorate your kitchen according to your own ideas. The 60 cm eaves cabinet smuggles the hottest trends of the season and remains faithful to the classics. Simple minimalist body beautifully harmonizes with the original coloration. The character of the Warmia oak is additionally emphasized by sparing black details. It is thanks to them that the furniture looks good in styles inspired by loft aesthetics. Due to the colors of the laminated particleboard used and its matte finish, the 60 cm eaves cabinet can be part of modern and classic arrangements. The cabinet comes from the Carballo system furniture collection and is a tailor-made solution for your kitchen. It can be used as a free-hanging cabinet or a modular cabinet.<\/p>\n<\/div>","protected":false},"excerpt":{"rendered":"<p>Szafka pod okap \u2014 obowi\u0105zkowy element funkcjonalnej zabudowy kuchennej Szukasz pomys\u0142u na funkcjonalno\u015b\u0107 i \u015bwietny wygl\u0105d kuchni? Zdecyduj si\u0119 na (&#8230;)<\/p>","protected":false},"featured_media":8630,"comment_status":"open","ping_status":"closed","template":"","meta":{"_acf_changed":false,"inline_featured_image":false},"product_brand":[],"product_cat":[115,140,65,137,139,106,108],"product_tag":[],"class_list":{"0":"post-421","1":"product","2":"type-product","3":"status-publish","4":"has-post-thumbnail","6":"product_cat-carballo","7":"product_cat-kuchnia","8":"product_cat-meble-kuchenne","9":"product_cat-meble-systemowe","10":"product_cat-pomieszczenia","11":"product_cat-szafki-kuchenne","12":"product_cat-szafki-kuchenne-wiszace","13":"product_shipping_class-przesylka-dpd-15-pln","14":"collection-carballo","16":"first","17":"instock","18":"shipping-taxable","19":"purchasable","20":"product-type-variable","21":"has-default-attributes"},"acf":[],"yoast_head":"<!-- This site is optimized with the Yoast SEO plugin v27.4 - https:\/\/yoast.com\/product\/yoast-seo-wordpress\/ -->\n<title>Szafka kuchenna wisz\u0105ca 60 cm nad okap Carballo - Demko Home<\/title>\n<meta name=\"robots\" content=\"index, follow, max-snippet:-1, max-image-preview:large, max-video-preview:-1\" \/>\n<link rel=\"canonical\" href=\"https:\/\/demkohome.pl\/en\/product\/szafka-kuchenna-gorna-60-cm-okap-carballo\/\" \/>\n<meta property=\"og:locale\" content=\"en_US\" \/>\n<meta property=\"og:type\" content=\"article\" \/>\n<meta property=\"og:title\" content=\"Szafka kuchenna wisz\u0105ca 60 cm nad okap Carballo - Demko Home\" \/>\n<meta property=\"og:description\" content=\"Szafka pod okap \u2014 obowi\u0105zkowy element funkcjonalnej zabudowy kuchennej Szukasz pomys\u0142u na funkcjonalno\u015b\u0107 i \u015bwietny wygl\u0105d kuchni? Zdecyduj si\u0119 na (...)\" \/>\n<meta property=\"og:url\" content=\"https:\/\/demkohome.pl\/en\/product\/szafka-kuchenna-gorna-60-cm-okap-carballo\/\" \/>\n<meta property=\"og:site_name\" content=\"Demko Home\" \/>\n<meta property=\"article:modified_time\" content=\"2026-04-23T07:32:15+00:00\" \/>\n<meta property=\"og:image\" content=\"https:\/\/demkohome.pl\/wp-content\/uploads\/2023\/08\/Szafka-kuchenna-wiszaca-60-cm-nad-okap-Carballo-pod-zabudowe-okapu-Okmed-Demko.jpg\" \/>\n\t<meta property=\"og:image:width\" content=\"1920\" \/>\n\t<meta property=\"og:image:height\" content=\"1920\" \/>\n\t<meta property=\"og:image:type\" content=\"image\/jpeg\" \/>\n<meta name=\"twitter:card\" content=\"summary_large_image\" \/>\n<meta name=\"twitter:label1\" content=\"Est. reading time\" \/>\n\t<meta name=\"twitter:data1\" content=\"3 minutes\" \/>\n<script type=\"application\/ld+json\" class=\"yoast-schema-graph\">{\"@context\":\"https:\\\/\\\/schema.org\",\"@graph\":[{\"@type\":\"WebPage\",\"@id\":\"https:\\\/\\\/demkohome.pl\\\/produkt\\\/szafka-kuchenna-gorna-60-cm-okap-carballo\\\/\",\"url\":\"https:\\\/\\\/demkohome.pl\\\/produkt\\\/szafka-kuchenna-gorna-60-cm-okap-carballo\\\/\",\"name\":\"Szafka kuchenna wisz\u0105ca 60 cm nad okap Carballo - Demko Home\",\"isPartOf\":{\"@id\":\"https:\\\/\\\/demkohome.pl\\\/#website\"},\"primaryImageOfPage\":{\"@id\":\"https:\\\/\\\/demkohome.pl\\\/produkt\\\/szafka-kuchenna-gorna-60-cm-okap-carballo\\\/#primaryimage\"},\"image\":{\"@id\":\"https:\\\/\\\/demkohome.pl\\\/produkt\\\/szafka-kuchenna-gorna-60-cm-okap-carballo\\\/#primaryimage\"},\"thumbnailUrl\":\"https:\\\/\\\/demkohome.pl\\\/wp-content\\\/uploads\\\/2023\\\/08\\\/Szafka-kuchenna-wiszaca-60-cm-nad-okap-Carballo-pod-zabudowe-okapu-Okmed-Demko.jpg\",\"datePublished\":\"2023-08-24T20:30:00+00:00\",\"dateModified\":\"2026-04-23T07:32:15+00:00\",\"breadcrumb\":{\"@id\":\"https:\\\/\\\/demkohome.pl\\\/produkt\\\/szafka-kuchenna-gorna-60-cm-okap-carballo\\\/#breadcrumb\"},\"inLanguage\":\"en-US\",\"potentialAction\":[{\"@type\":\"ReadAction\",\"target\":[\"https:\\\/\\\/demkohome.pl\\\/produkt\\\/szafka-kuchenna-gorna-60-cm-okap-carballo\\\/\"]}]},{\"@type\":\"ImageObject\",\"inLanguage\":\"en-US\",\"@id\":\"https:\\\/\\\/demkohome.pl\\\/produkt\\\/szafka-kuchenna-gorna-60-cm-okap-carballo\\\/#primaryimage\",\"url\":\"https:\\\/\\\/demkohome.pl\\\/wp-content\\\/uploads\\\/2023\\\/08\\\/Szafka-kuchenna-wiszaca-60-cm-nad-okap-Carballo-pod-zabudowe-okapu-Okmed-Demko.jpg\",\"contentUrl\":\"https:\\\/\\\/demkohome.pl\\\/wp-content\\\/uploads\\\/2023\\\/08\\\/Szafka-kuchenna-wiszaca-60-cm-nad-okap-Carballo-pod-zabudowe-okapu-Okmed-Demko.jpg\",\"width\":1920,\"height\":1920,\"caption\":\"Szafka kuchenna wisz\u0105ca 60 cm nad okap Carballo pod zabudowe okapu Okmed Demko\"},{\"@type\":\"BreadcrumbList\",\"@id\":\"https:\\\/\\\/demkohome.pl\\\/produkt\\\/szafka-kuchenna-gorna-60-cm-okap-carballo\\\/#breadcrumb\",\"itemListElement\":[{\"@type\":\"ListItem\",\"position\":1,\"name\":\"Strona g\u0142\u00f3wna\",\"item\":\"https:\\\/\\\/demkohome.pl\\\/\"},{\"@type\":\"ListItem\",\"position\":2,\"name\":\"Sklep\",\"item\":\"https:\\\/\\\/demkohome.pl\\\/sklep\\\/\"},{\"@type\":\"ListItem\",\"position\":3,\"name\":\"Szafka kuchenna wisz\u0105ca 60 cm nad okap Carballo\"}]},{\"@type\":\"WebSite\",\"@id\":\"https:\\\/\\\/demkohome.pl\\\/#website\",\"url\":\"https:\\\/\\\/demkohome.pl\\\/\",\"name\":\"Demko Home\",\"description\":\"Make it simple\",\"publisher\":{\"@id\":\"https:\\\/\\\/demkohome.pl\\\/#organization\"},\"potentialAction\":[{\"@type\":\"SearchAction\",\"target\":{\"@type\":\"EntryPoint\",\"urlTemplate\":\"https:\\\/\\\/demkohome.pl\\\/?s={search_term_string}\"},\"query-input\":{\"@type\":\"PropertyValueSpecification\",\"valueRequired\":true,\"valueName\":\"search_term_string\"}}],\"inLanguage\":\"en-US\"},{\"@type\":\"Organization\",\"@id\":\"https:\\\/\\\/demkohome.pl\\\/#organization\",\"name\":\"Demko Home\",\"url\":\"https:\\\/\\\/demkohome.pl\\\/\",\"logo\":{\"@type\":\"ImageObject\",\"inLanguage\":\"en-US\",\"@id\":\"https:\\\/\\\/demkohome.pl\\\/#\\\/schema\\\/logo\\\/image\\\/\",\"url\":\"https:\\\/\\\/demkohome.pl\\\/wp-content\\\/uploads\\\/2026\\\/03\\\/cropped-3.png\",\"contentUrl\":\"https:\\\/\\\/demkohome.pl\\\/wp-content\\\/uploads\\\/2026\\\/03\\\/cropped-3.png\",\"width\":250,\"height\":63,\"caption\":\"Demko Home\"},\"image\":{\"@id\":\"https:\\\/\\\/demkohome.pl\\\/#\\\/schema\\\/logo\\\/image\\\/\"}}]}<\/script>\n<!-- \/ Yoast SEO plugin. -->","yoast_head_json":{"title":"Szafka kuchenna wisz\u0105ca 60 cm nad okap Carballo - Demko Home","robots":{"index":"index","follow":"follow","max-snippet":"max-snippet:-1","max-image-preview":"max-image-preview:large","max-video-preview":"max-video-preview:-1"},"canonical":"https:\/\/demkohome.pl\/en\/product\/szafka-kuchenna-gorna-60-cm-okap-carballo\/","og_locale":"en_US","og_type":"article","og_title":"Szafka kuchenna wisz\u0105ca 60 cm nad okap Carballo - Demko Home","og_description":"Szafka pod okap \u2014 obowi\u0105zkowy element funkcjonalnej zabudowy kuchennej Szukasz pomys\u0142u na funkcjonalno\u015b\u0107 i \u015bwietny wygl\u0105d kuchni? Zdecyduj si\u0119 na (...)","og_url":"https:\/\/demkohome.pl\/en\/product\/szafka-kuchenna-gorna-60-cm-okap-carballo\/","og_site_name":"Demko Home","article_modified_time":"2026-04-23T07:32:15+00:00","og_image":[{"width":1920,"height":1920,"url":"https:\/\/demkohome.pl\/wp-content\/uploads\/2023\/08\/Szafka-kuchenna-wiszaca-60-cm-nad-okap-Carballo-pod-zabudowe-okapu-Okmed-Demko.jpg","type":"image\/jpeg"}],"twitter_card":"summary_large_image","twitter_misc":{"Est. reading time":"3 minutes"},"schema":{"@context":"https:\/\/schema.org","@graph":[{"@type":"WebPage","@id":"https:\/\/demkohome.pl\/produkt\/szafka-kuchenna-gorna-60-cm-okap-carballo\/","url":"https:\/\/demkohome.pl\/produkt\/szafka-kuchenna-gorna-60-cm-okap-carballo\/","name":"Szafka kuchenna wisz\u0105ca 60 cm nad okap Carballo - Demko Home","isPartOf":{"@id":"https:\/\/demkohome.pl\/#website"},"primaryImageOfPage":{"@id":"https:\/\/demkohome.pl\/produkt\/szafka-kuchenna-gorna-60-cm-okap-carballo\/#primaryimage"},"image":{"@id":"https:\/\/demkohome.pl\/produkt\/szafka-kuchenna-gorna-60-cm-okap-carballo\/#primaryimage"},"thumbnailUrl":"https:\/\/demkohome.pl\/wp-content\/uploads\/2023\/08\/Szafka-kuchenna-wiszaca-60-cm-nad-okap-Carballo-pod-zabudowe-okapu-Okmed-Demko.jpg","datePublished":"2023-08-24T20:30:00+00:00","dateModified":"2026-04-23T07:32:15+00:00","breadcrumb":{"@id":"https:\/\/demkohome.pl\/produkt\/szafka-kuchenna-gorna-60-cm-okap-carballo\/#breadcrumb"},"inLanguage":"en-US","potentialAction":[{"@type":"ReadAction","target":["https:\/\/demkohome.pl\/produkt\/szafka-kuchenna-gorna-60-cm-okap-carballo\/"]}]},{"@type":"ImageObject","inLanguage":"en-US","@id":"https:\/\/demkohome.pl\/produkt\/szafka-kuchenna-gorna-60-cm-okap-carballo\/#primaryimage","url":"https:\/\/demkohome.pl\/wp-content\/uploads\/2023\/08\/Szafka-kuchenna-wiszaca-60-cm-nad-okap-Carballo-pod-zabudowe-okapu-Okmed-Demko.jpg","contentUrl":"https:\/\/demkohome.pl\/wp-content\/uploads\/2023\/08\/Szafka-kuchenna-wiszaca-60-cm-nad-okap-Carballo-pod-zabudowe-okapu-Okmed-Demko.jpg","width":1920,"height":1920,"caption":"Szafka kuchenna wisz\u0105ca 60 cm nad okap Carballo pod zabudowe okapu Okmed Demko"},{"@type":"BreadcrumbList","@id":"https:\/\/demkohome.pl\/produkt\/szafka-kuchenna-gorna-60-cm-okap-carballo\/#breadcrumb","itemListElement":[{"@type":"ListItem","position":1,"name":"Strona g\u0142\u00f3wna","item":"https:\/\/demkohome.pl\/"},{"@type":"ListItem","position":2,"name":"Sklep","item":"https:\/\/demkohome.pl\/sklep\/"},{"@type":"ListItem","position":3,"name":"Szafka kuchenna wisz\u0105ca 60 cm nad okap Carballo"}]},{"@type":"WebSite","@id":"https:\/\/demkohome.pl\/#website","url":"https:\/\/demkohome.pl\/","name":"Demko Home","description":"Make it simple","publisher":{"@id":"https:\/\/demkohome.pl\/#organization"},"potentialAction":[{"@type":"SearchAction","target":{"@type":"EntryPoint","urlTemplate":"https:\/\/demkohome.pl\/?s={search_term_string}"},"query-input":{"@type":"PropertyValueSpecification","valueRequired":true,"valueName":"search_term_string"}}],"inLanguage":"en-US"},{"@type":"Organization","@id":"https:\/\/demkohome.pl\/#organization","name":"Demko Home","url":"https:\/\/demkohome.pl\/","logo":{"@type":"ImageObject","inLanguage":"en-US","@id":"https:\/\/demkohome.pl\/#\/schema\/logo\/image\/","url":"https:\/\/demkohome.pl\/wp-content\/uploads\/2026\/03\/cropped-3.png","contentUrl":"https:\/\/demkohome.pl\/wp-content\/uploads\/2026\/03\/cropped-3.png","width":250,"height":63,"caption":"Demko Home"},"image":{"@id":"https:\/\/demkohome.pl\/#\/schema\/logo\/image\/"}}]}},"_links":{"self":[{"href":"https:\/\/demkohome.pl\/en\/wp-json\/wp\/v2\/product\/421","targetHints":{"allow":["GET"]}}],"collection":[{"href":"https:\/\/demkohome.pl\/en\/wp-json\/wp\/v2\/product"}],"about":[{"href":"https:\/\/demkohome.pl\/en\/wp-json\/wp\/v2\/types\/product"}],"replies":[{"embeddable":true,"href":"https:\/\/demkohome.pl\/en\/wp-json\/wp\/v2\/comments?post=421"}],"wp:featuredmedia":[{"embeddable":true,"href":"https:\/\/demkohome.pl\/en\/wp-json\/wp\/v2\/media\/8630"}],"wp:attachment":[{"href":"https:\/\/demkohome.pl\/en\/wp-json\/wp\/v2\/media?parent=421"}],"wp:term":[{"taxonomy":"product_brand","embeddable":true,"href":"https:\/\/demkohome.pl\/en\/wp-json\/wp\/v2\/product_brand?post=421"},{"taxonomy":"product_cat","embeddable":true,"href":"https:\/\/demkohome.pl\/en\/wp-json\/wp\/v2\/product_cat?post=421"},{"taxonomy":"product_tag","embeddable":true,"href":"https:\/\/demkohome.pl\/en\/wp-json\/wp\/v2\/product_tag?post=421"}],"curies":[{"name":"wp","href":"https:\/\/api.w.org\/{rel}","templated":true}]}}