{"id":436,"date":"2023-08-24T22:30:00","date_gmt":"2023-08-24T20:30:00","guid":{"rendered":"https:\/\/demkohome.pl\/produkt\/szafka-kuchenna-narozna-gorna-60x60-cm-carballo\/"},"modified":"2026-04-19T09:31:50","modified_gmt":"2026-04-19T07:31:50","slug":"szafka-kuchenna-narozna-gorna-60x60-cm-carballo","status":"publish","type":"product","link":"https:\/\/demkohome.pl\/en\/product\/szafka-kuchenna-narozna-gorna-60x60-cm-carballo\/","title":{"rendered":"Corner kitchen wall cabinet 60 x 60 cm Carballo"},"content":{"rendered":"<div style=\"font-family: 'Noto Sans', sans-serif; font-size: 17px;\">\n<h2>Top corner kitchen cabinet from the Carballo collection - an attractive solution for any kitchen<\/h2>\n<p>Do you want to practically build a corner? Decide on a kitchen top corner cabinet from the Carballo collection and achieve the effect you want. The furniture in the standard size of 60 x 60 x 72 cm will fit precisely into the corner. It will also allow you to optimally manage small and medium space. Installation of the corner cabinet will increase the usable area of the interior and translate into its functionality.<\/p>\n<h3>Carballo built-in corner kitchen wall cabinet<\/h3>\n<p>In the kitchen, do you like to have your spices and necessary accessories at your fingertips? Don't give up on upper cabinets. High cabinets, standard and corner, will allow you to use the free space above the countertop and optically enlarge the room. Skillfully planned arrangement will make daily use of the furniture really comfortable. When choosing a corner kitchen wall cabinet from the Carballo collection, remember to buy two 30 cm base cabinets. This is necessary so that the hanging corner overlaps with the standing corner.<\/p>\n<h3>Functional solutions in the Carballo corner cabinet<\/h3>\n<p>The proposed corner kitchen upper cabinet is a proposal addressed to people who appreciate functional solutions. In the author's model we have used a number of practical solutions: a silent closing mechanism, a capacious shelf and edges protected with durable PVC material. An unquestionable advantage of the proposed cabinet is good quality material. We made it entirely from solid laminated particleboard.<\/p>\n<h3>Impressive kitchen design thanks to Carballo modular furniture collection<\/h3>\n<p>The upper kitchen corner comes from the Carballo collection of system furniture. It includes many built-in cabinets and allows you to arrange the kitchen in any configuration. The upper corner cabinet is an additional cabinet. It complements the set and clearly increases the number of possible arrangement compositions. The Carballo collection was designed with modern and classic interiors in mind. The successful combination of beautifully colored laminated particleboard and black edging made it possible to use the corner kitchen upper cabinet also in the arrangement of loft and industrial interiors. The characteristic beauty of Warmia oak is emphasized by sparing details, including minimalist handles, made of durable plastic.<\/p>\n<\/div>","protected":false},"excerpt":{"rendered":"<p>G\u00f3rna szafka naro\u017cna kuchenna z kolekcji Carballo \u2014 atrakcyjne rozwi\u0105zanie do ka\u017cdej kuchni Chcesz praktycznie zabudowa\u0107 naro\u017cnik? Zdecyduj si\u0119 na (&#8230;)<\/p>","protected":false},"featured_media":8638,"comment_status":"open","ping_status":"closed","template":"","meta":{"_acf_changed":false,"inline_featured_image":false},"product_brand":[],"product_cat":[115,140,65,137,139,106,108],"product_tag":[],"class_list":{"0":"post-436","1":"product","2":"type-product","3":"status-publish","4":"has-post-thumbnail","6":"product_cat-carballo","7":"product_cat-kuchnia","8":"product_cat-meble-kuchenne","9":"product_cat-meble-systemowe","10":"product_cat-pomieszczenia","11":"product_cat-szafki-kuchenne","12":"product_cat-szafki-kuchenne-wiszace","13":"product_shipping_class-przesylka-dpd-15-pln","14":"collection-carballo","16":"first","17":"instock","18":"shipping-taxable","19":"purchasable","20":"product-type-variable","21":"has-default-attributes"},"acf":[],"yoast_head":"<!-- This site is optimized with the Yoast SEO plugin v27.4 - https:\/\/yoast.com\/product\/yoast-seo-wordpress\/ -->\n<title>Szafka kuchenna naro\u017cna wisz\u0105ca 60 x 60 cm Carballo - Demko Home<\/title>\n<meta name=\"robots\" content=\"index, follow, max-snippet:-1, max-image-preview:large, max-video-preview:-1\" \/>\n<link rel=\"canonical\" href=\"https:\/\/demkohome.pl\/en\/product\/szafka-kuchenna-narozna-gorna-60x60-cm-carballo\/\" \/>\n<meta property=\"og:locale\" content=\"en_US\" \/>\n<meta property=\"og:type\" content=\"article\" \/>\n<meta property=\"og:title\" content=\"Szafka kuchenna naro\u017cna wisz\u0105ca 60 x 60 cm Carballo - Demko Home\" \/>\n<meta property=\"og:description\" content=\"G\u00f3rna szafka naro\u017cna kuchenna z kolekcji Carballo \u2014 atrakcyjne rozwi\u0105zanie do ka\u017cdej kuchni Chcesz praktycznie zabudowa\u0107 naro\u017cnik? Zdecyduj si\u0119 na (...)\" \/>\n<meta property=\"og:url\" content=\"https:\/\/demkohome.pl\/en\/product\/szafka-kuchenna-narozna-gorna-60x60-cm-carballo\/\" \/>\n<meta property=\"og:site_name\" content=\"Demko Home\" \/>\n<meta property=\"article:modified_time\" content=\"2026-04-19T07:31:50+00:00\" \/>\n<meta property=\"og:image\" content=\"https:\/\/demkohome.pl\/wp-content\/uploads\/2023\/08\/Szafka-kuchenna-narozna-wiszaca-60-x-60-cm-Carballo-Meble-kuchenne-od-Okmed-Demko.jpg\" \/>\n\t<meta property=\"og:image:width\" content=\"1920\" \/>\n\t<meta property=\"og:image:height\" content=\"1920\" \/>\n\t<meta property=\"og:image:type\" content=\"image\/jpeg\" \/>\n<meta name=\"twitter:card\" content=\"summary_large_image\" \/>\n<meta name=\"twitter:label1\" content=\"Est. reading time\" \/>\n\t<meta name=\"twitter:data1\" content=\"3 minutes\" \/>\n<script type=\"application\/ld+json\" class=\"yoast-schema-graph\">{\"@context\":\"https:\\\/\\\/schema.org\",\"@graph\":[{\"@type\":\"WebPage\",\"@id\":\"https:\\\/\\\/demkohome.pl\\\/produkt\\\/szafka-kuchenna-narozna-gorna-60x60-cm-carballo\\\/\",\"url\":\"https:\\\/\\\/demkohome.pl\\\/produkt\\\/szafka-kuchenna-narozna-gorna-60x60-cm-carballo\\\/\",\"name\":\"Szafka kuchenna naro\u017cna wisz\u0105ca 60 x 60 cm Carballo - Demko Home\",\"isPartOf\":{\"@id\":\"https:\\\/\\\/demkohome.pl\\\/#website\"},\"primaryImageOfPage\":{\"@id\":\"https:\\\/\\\/demkohome.pl\\\/produkt\\\/szafka-kuchenna-narozna-gorna-60x60-cm-carballo\\\/#primaryimage\"},\"image\":{\"@id\":\"https:\\\/\\\/demkohome.pl\\\/produkt\\\/szafka-kuchenna-narozna-gorna-60x60-cm-carballo\\\/#primaryimage\"},\"thumbnailUrl\":\"https:\\\/\\\/demkohome.pl\\\/wp-content\\\/uploads\\\/2023\\\/08\\\/Szafka-kuchenna-narozna-wiszaca-60-x-60-cm-Carballo-Meble-kuchenne-od-Okmed-Demko.jpg\",\"datePublished\":\"2023-08-24T20:30:00+00:00\",\"dateModified\":\"2026-04-19T07:31:50+00:00\",\"breadcrumb\":{\"@id\":\"https:\\\/\\\/demkohome.pl\\\/produkt\\\/szafka-kuchenna-narozna-gorna-60x60-cm-carballo\\\/#breadcrumb\"},\"inLanguage\":\"en-US\",\"potentialAction\":[{\"@type\":\"ReadAction\",\"target\":[\"https:\\\/\\\/demkohome.pl\\\/produkt\\\/szafka-kuchenna-narozna-gorna-60x60-cm-carballo\\\/\"]}]},{\"@type\":\"ImageObject\",\"inLanguage\":\"en-US\",\"@id\":\"https:\\\/\\\/demkohome.pl\\\/produkt\\\/szafka-kuchenna-narozna-gorna-60x60-cm-carballo\\\/#primaryimage\",\"url\":\"https:\\\/\\\/demkohome.pl\\\/wp-content\\\/uploads\\\/2023\\\/08\\\/Szafka-kuchenna-narozna-wiszaca-60-x-60-cm-Carballo-Meble-kuchenne-od-Okmed-Demko.jpg\",\"contentUrl\":\"https:\\\/\\\/demkohome.pl\\\/wp-content\\\/uploads\\\/2023\\\/08\\\/Szafka-kuchenna-narozna-wiszaca-60-x-60-cm-Carballo-Meble-kuchenne-od-Okmed-Demko.jpg\",\"width\":1920,\"height\":1920,\"caption\":\"Szafka kuchenna naro\u017cna wisz\u0105ca 60 x 60 cm Carballo Meble kuchenne od Okmed Demko\"},{\"@type\":\"BreadcrumbList\",\"@id\":\"https:\\\/\\\/demkohome.pl\\\/produkt\\\/szafka-kuchenna-narozna-gorna-60x60-cm-carballo\\\/#breadcrumb\",\"itemListElement\":[{\"@type\":\"ListItem\",\"position\":1,\"name\":\"Strona g\u0142\u00f3wna\",\"item\":\"https:\\\/\\\/demkohome.pl\\\/\"},{\"@type\":\"ListItem\",\"position\":2,\"name\":\"Sklep\",\"item\":\"https:\\\/\\\/demkohome.pl\\\/sklep\\\/\"},{\"@type\":\"ListItem\",\"position\":3,\"name\":\"Szafka kuchenna naro\u017cna wisz\u0105ca 60 x 60 cm Carballo\"}]},{\"@type\":\"WebSite\",\"@id\":\"https:\\\/\\\/demkohome.pl\\\/#website\",\"url\":\"https:\\\/\\\/demkohome.pl\\\/\",\"name\":\"Demko Home\",\"description\":\"Make it simple\",\"publisher\":{\"@id\":\"https:\\\/\\\/demkohome.pl\\\/#organization\"},\"potentialAction\":[{\"@type\":\"SearchAction\",\"target\":{\"@type\":\"EntryPoint\",\"urlTemplate\":\"https:\\\/\\\/demkohome.pl\\\/?s={search_term_string}\"},\"query-input\":{\"@type\":\"PropertyValueSpecification\",\"valueRequired\":true,\"valueName\":\"search_term_string\"}}],\"inLanguage\":\"en-US\"},{\"@type\":\"Organization\",\"@id\":\"https:\\\/\\\/demkohome.pl\\\/#organization\",\"name\":\"Demko Home\",\"url\":\"https:\\\/\\\/demkohome.pl\\\/\",\"logo\":{\"@type\":\"ImageObject\",\"inLanguage\":\"en-US\",\"@id\":\"https:\\\/\\\/demkohome.pl\\\/#\\\/schema\\\/logo\\\/image\\\/\",\"url\":\"https:\\\/\\\/demkohome.pl\\\/wp-content\\\/uploads\\\/2026\\\/03\\\/cropped-3.png\",\"contentUrl\":\"https:\\\/\\\/demkohome.pl\\\/wp-content\\\/uploads\\\/2026\\\/03\\\/cropped-3.png\",\"width\":250,\"height\":63,\"caption\":\"Demko Home\"},\"image\":{\"@id\":\"https:\\\/\\\/demkohome.pl\\\/#\\\/schema\\\/logo\\\/image\\\/\"}}]}<\/script>\n<!-- \/ Yoast SEO plugin. -->","yoast_head_json":{"title":"Szafka kuchenna naro\u017cna wisz\u0105ca 60 x 60 cm Carballo - Demko Home","robots":{"index":"index","follow":"follow","max-snippet":"max-snippet:-1","max-image-preview":"max-image-preview:large","max-video-preview":"max-video-preview:-1"},"canonical":"https:\/\/demkohome.pl\/en\/product\/szafka-kuchenna-narozna-gorna-60x60-cm-carballo\/","og_locale":"en_US","og_type":"article","og_title":"Szafka kuchenna naro\u017cna wisz\u0105ca 60 x 60 cm Carballo - Demko Home","og_description":"G\u00f3rna szafka naro\u017cna kuchenna z kolekcji Carballo \u2014 atrakcyjne rozwi\u0105zanie do ka\u017cdej kuchni Chcesz praktycznie zabudowa\u0107 naro\u017cnik? Zdecyduj si\u0119 na (...)","og_url":"https:\/\/demkohome.pl\/en\/product\/szafka-kuchenna-narozna-gorna-60x60-cm-carballo\/","og_site_name":"Demko Home","article_modified_time":"2026-04-19T07:31:50+00:00","og_image":[{"width":1920,"height":1920,"url":"https:\/\/demkohome.pl\/wp-content\/uploads\/2023\/08\/Szafka-kuchenna-narozna-wiszaca-60-x-60-cm-Carballo-Meble-kuchenne-od-Okmed-Demko.jpg","type":"image\/jpeg"}],"twitter_card":"summary_large_image","twitter_misc":{"Est. reading time":"3 minutes"},"schema":{"@context":"https:\/\/schema.org","@graph":[{"@type":"WebPage","@id":"https:\/\/demkohome.pl\/produkt\/szafka-kuchenna-narozna-gorna-60x60-cm-carballo\/","url":"https:\/\/demkohome.pl\/produkt\/szafka-kuchenna-narozna-gorna-60x60-cm-carballo\/","name":"Szafka kuchenna naro\u017cna wisz\u0105ca 60 x 60 cm Carballo - Demko Home","isPartOf":{"@id":"https:\/\/demkohome.pl\/#website"},"primaryImageOfPage":{"@id":"https:\/\/demkohome.pl\/produkt\/szafka-kuchenna-narozna-gorna-60x60-cm-carballo\/#primaryimage"},"image":{"@id":"https:\/\/demkohome.pl\/produkt\/szafka-kuchenna-narozna-gorna-60x60-cm-carballo\/#primaryimage"},"thumbnailUrl":"https:\/\/demkohome.pl\/wp-content\/uploads\/2023\/08\/Szafka-kuchenna-narozna-wiszaca-60-x-60-cm-Carballo-Meble-kuchenne-od-Okmed-Demko.jpg","datePublished":"2023-08-24T20:30:00+00:00","dateModified":"2026-04-19T07:31:50+00:00","breadcrumb":{"@id":"https:\/\/demkohome.pl\/produkt\/szafka-kuchenna-narozna-gorna-60x60-cm-carballo\/#breadcrumb"},"inLanguage":"en-US","potentialAction":[{"@type":"ReadAction","target":["https:\/\/demkohome.pl\/produkt\/szafka-kuchenna-narozna-gorna-60x60-cm-carballo\/"]}]},{"@type":"ImageObject","inLanguage":"en-US","@id":"https:\/\/demkohome.pl\/produkt\/szafka-kuchenna-narozna-gorna-60x60-cm-carballo\/#primaryimage","url":"https:\/\/demkohome.pl\/wp-content\/uploads\/2023\/08\/Szafka-kuchenna-narozna-wiszaca-60-x-60-cm-Carballo-Meble-kuchenne-od-Okmed-Demko.jpg","contentUrl":"https:\/\/demkohome.pl\/wp-content\/uploads\/2023\/08\/Szafka-kuchenna-narozna-wiszaca-60-x-60-cm-Carballo-Meble-kuchenne-od-Okmed-Demko.jpg","width":1920,"height":1920,"caption":"Szafka kuchenna naro\u017cna wisz\u0105ca 60 x 60 cm Carballo Meble kuchenne od Okmed Demko"},{"@type":"BreadcrumbList","@id":"https:\/\/demkohome.pl\/produkt\/szafka-kuchenna-narozna-gorna-60x60-cm-carballo\/#breadcrumb","itemListElement":[{"@type":"ListItem","position":1,"name":"Strona g\u0142\u00f3wna","item":"https:\/\/demkohome.pl\/"},{"@type":"ListItem","position":2,"name":"Sklep","item":"https:\/\/demkohome.pl\/sklep\/"},{"@type":"ListItem","position":3,"name":"Szafka kuchenna naro\u017cna wisz\u0105ca 60 x 60 cm Carballo"}]},{"@type":"WebSite","@id":"https:\/\/demkohome.pl\/#website","url":"https:\/\/demkohome.pl\/","name":"Demko Home","description":"Make it simple","publisher":{"@id":"https:\/\/demkohome.pl\/#organization"},"potentialAction":[{"@type":"SearchAction","target":{"@type":"EntryPoint","urlTemplate":"https:\/\/demkohome.pl\/?s={search_term_string}"},"query-input":{"@type":"PropertyValueSpecification","valueRequired":true,"valueName":"search_term_string"}}],"inLanguage":"en-US"},{"@type":"Organization","@id":"https:\/\/demkohome.pl\/#organization","name":"Demko Home","url":"https:\/\/demkohome.pl\/","logo":{"@type":"ImageObject","inLanguage":"en-US","@id":"https:\/\/demkohome.pl\/#\/schema\/logo\/image\/","url":"https:\/\/demkohome.pl\/wp-content\/uploads\/2026\/03\/cropped-3.png","contentUrl":"https:\/\/demkohome.pl\/wp-content\/uploads\/2026\/03\/cropped-3.png","width":250,"height":63,"caption":"Demko Home"},"image":{"@id":"https:\/\/demkohome.pl\/#\/schema\/logo\/image\/"}}]}},"_links":{"self":[{"href":"https:\/\/demkohome.pl\/en\/wp-json\/wp\/v2\/product\/436","targetHints":{"allow":["GET"]}}],"collection":[{"href":"https:\/\/demkohome.pl\/en\/wp-json\/wp\/v2\/product"}],"about":[{"href":"https:\/\/demkohome.pl\/en\/wp-json\/wp\/v2\/types\/product"}],"replies":[{"embeddable":true,"href":"https:\/\/demkohome.pl\/en\/wp-json\/wp\/v2\/comments?post=436"}],"wp:featuredmedia":[{"embeddable":true,"href":"https:\/\/demkohome.pl\/en\/wp-json\/wp\/v2\/media\/8638"}],"wp:attachment":[{"href":"https:\/\/demkohome.pl\/en\/wp-json\/wp\/v2\/media?parent=436"}],"wp:term":[{"taxonomy":"product_brand","embeddable":true,"href":"https:\/\/demkohome.pl\/en\/wp-json\/wp\/v2\/product_brand?post=436"},{"taxonomy":"product_cat","embeddable":true,"href":"https:\/\/demkohome.pl\/en\/wp-json\/wp\/v2\/product_cat?post=436"},{"taxonomy":"product_tag","embeddable":true,"href":"https:\/\/demkohome.pl\/en\/wp-json\/wp\/v2\/product_tag?post=436"}],"curies":[{"name":"wp","href":"https:\/\/api.w.org\/{rel}","templated":true}]}}