{"id":446,"date":"2023-08-24T22:30:00","date_gmt":"2023-08-24T20:30:00","guid":{"rendered":"https:\/\/demkohome.pl\/produkt\/kolekcja-mebli-kuchennych-dalia\/"},"modified":"2026-04-14T15:21:59","modified_gmt":"2026-04-14T13:21:59","slug":"kolekcja-mebli-kuchennych-dalia","status":"publish","type":"product","link":"https:\/\/demkohome.pl\/en\/product\/kolekcja-mebli-kuchennych-dalia\/","title":{"rendered":"Kitchen furniture set 200 cm Dalia"},"content":{"rendered":"<div style=\"font-family: 'Noto Sans', sans-serif; font-size: 17px;\">\n<h2>Dalia kitchen furniture - make your dream of a modern kitchen come true<\/h2>\n<p>Modern kitchens are becoming increasingly popular not without reason. After all, arrangements of this nature perfectly combine stylish design and functionality, which is very important on a daily basis. A perfect example of such a combination is our Dalia kitchen furniture. The set consists of 6 cabinets with simple, pleasing to the eye forms. The furniture fits perfectly into the modern style, bringing designer freshness and harmony to the interior. What's more, each cabinet also offers you a carefully thought-out, capacious interior. This allows you to make maximum use of the available space and easily fit all the necessary equipment and accessories in the kitchen. The set is sold without a countertop, which can be purchased <a href=\"https:\/\/demkohome.pl\/en\/product-category\/meble-kuchenne\/blaty-kuchenne\/\">here<\/a>.<\/p>\n<h3>Dalia kitchen - bet on an elegant duet of white and gray<\/h3>\n<p>Kitchen design is certainly not one of those that changes every few years. At Okmed Furniture we are aware of this, which is why we have made sure that our Dalia kitchen has a touch of timelessness. The set is maintained in two elegant shades that will never go out of fashion, namely pure white and stylish graphite. Gray kitchen furniture fits into almost any modern apartment. Equally versatile are the high-gloss finished white fronts present in the Dalia set. White reflects light, so it optically brightens and enlarges the interior. Thus, the juxtaposition of these two colors makes Dalia kitchen furniture a fashionable, yet timeless option that will work perfectly in both smaller and larger rooms.<\/p>\n<h3>Dalia kitchen furniture - a set that you can expand with additional cabinets<\/h3>\n<div class=\"container\">\n<div class=\"row\"><img decoding=\"async\" style=\"width: 100%; border-radius: 5px; box-shadow: 0px 0px 5px rgba(0, 0, 0, 0.1); display: block; object-fit: cover; margin-top: 30px; margin-bottom: 30px;\" src=\"https:\/\/demkohome.pl\/wp-content\/uploads\/2024\/01\/Kolekcja-mebli-kuchennych-DALIA-aranzacja-rozbudowana-Meble-Okmed-2.jpg\" alt=\"Zdj\u0119cie 1\" \/><\/div>\n<\/div>\n<\/div>\n<div style=\"font-family: 'Noto Sans', sans-serif; font-size: 17px;\">\n<p>Dalia graphite kitchen furniture set is an option ideal for a small kitchen, but not only. In a small room, the set allows you to create a practical kitchen located on one wall. Such a layout provides a comfortable working space, and at the same time works well in interiors with different layouts. What's more, the wall cabinets present in the set are as high as 92 cm, so they allow you to build up the wall to the ceiling, increasing the amount of storage space and functionality of the entire arrangement. Do you have a larger kitchen to arrange? No problem - just expand the Dalia set with additional cabinets available in our offer, and it will work perfectly even in a room with a really large area. So this is a flexible set, which you can easily adjust to your needs, as well as the size and layout of your kitchen.<\/p>\n<h3>Solid kitchen furniture with white acrylic fronts - high-quality materials and modern accessories<\/h3>\n<p>Based on years of experience, we produce furniture that stands out not only for its fashionable design, but also for its uncompromising quality. The Dalia set is an excellent example of this. This kitchen furniture with fronts in white acrylic was made of damage- and moisture-resistant board. So you can be sure that they will maintain their excellent condition for a long time. What's more, the set is finished with a handleless opening system for the cabinets, GTV slides and hydraulic hinges with silent closing, high plinths and PVC edging. In a word, the Dalia kitchen is modern in every way - choose it and see for yourself that it will allow you to create a truly designer and at the same time truly functional interior!<\/p>\n<\/div>","protected":false},"excerpt":{"rendered":"<p>Meble kuchenne Dalia \u2013 spe\u0142nij swoje marzenie o nowoczesnej kuchni Nowoczesne kuchnie nie bez przyczyny ciesz\u0105 si\u0119 coraz wi\u0119ksz\u0105 popularno\u015bci\u0105. (&#8230;)<\/p>","protected":false},"featured_media":136372,"comment_status":"open","ping_status":"closed","template":"","meta":{"_acf_changed":false,"inline_featured_image":false},"product_brand":[],"product_cat":[65,110],"product_tag":[],"class_list":{"0":"post-446","1":"product","2":"type-product","3":"status-publish","4":"has-post-thumbnail","6":"product_cat-meble-kuchenne","7":"product_cat-zestawy-mebli-kuchennych","8":"product_shipping_class-paleta-120cmx80cm","9":"collection-dalia","11":"first","12":"instock","13":"shipping-taxable","14":"purchasable","15":"product-type-simple"},"acf":[],"yoast_head":"<!-- This site is optimized with the Yoast SEO plugin v27.4 - https:\/\/yoast.com\/product\/yoast-seo-wordpress\/ -->\n<title>Zestaw mebli kuchennych 200 cm Dalia - Demko Home<\/title>\n<meta name=\"robots\" content=\"index, follow, max-snippet:-1, max-image-preview:large, max-video-preview:-1\" \/>\n<link rel=\"canonical\" href=\"https:\/\/demkohome.pl\/en\/product\/kolekcja-mebli-kuchennych-dalia\/\" \/>\n<meta property=\"og:locale\" content=\"en_US\" \/>\n<meta property=\"og:type\" content=\"article\" \/>\n<meta property=\"og:title\" content=\"Zestaw mebli kuchennych 200 cm Dalia - Demko Home\" \/>\n<meta property=\"og:description\" content=\"Meble kuchenne Dalia \u2013 spe\u0142nij swoje marzenie o nowoczesnej kuchni Nowoczesne kuchnie nie bez przyczyny ciesz\u0105 si\u0119 coraz wi\u0119ksz\u0105 popularno\u015bci\u0105. (...)\" \/>\n<meta property=\"og:url\" content=\"https:\/\/demkohome.pl\/en\/product\/kolekcja-mebli-kuchennych-dalia\/\" \/>\n<meta property=\"og:site_name\" content=\"Demko Home\" \/>\n<meta property=\"article:modified_time\" content=\"2026-04-14T13:21:59+00:00\" \/>\n<meta property=\"og:image\" content=\"https:\/\/demkohome.pl\/wp-content\/uploads\/2025\/08\/DALIA-aranzacja-zestaw-1024x683.jpg\" \/>\n\t<meta property=\"og:image:width\" content=\"1024\" \/>\n\t<meta property=\"og:image:height\" content=\"683\" \/>\n\t<meta property=\"og:image:type\" content=\"image\/jpeg\" \/>\n<meta name=\"twitter:card\" content=\"summary_large_image\" \/>\n<meta name=\"twitter:label1\" content=\"Est. reading time\" \/>\n\t<meta name=\"twitter:data1\" content=\"5 minutes\" \/>\n<script type=\"application\/ld+json\" class=\"yoast-schema-graph\">{\"@context\":\"https:\\\/\\\/schema.org\",\"@graph\":[{\"@type\":\"WebPage\",\"@id\":\"https:\\\/\\\/demkohome.pl\\\/produkt\\\/kolekcja-mebli-kuchennych-dalia\\\/\",\"url\":\"https:\\\/\\\/demkohome.pl\\\/produkt\\\/kolekcja-mebli-kuchennych-dalia\\\/\",\"name\":\"Zestaw mebli kuchennych 200 cm Dalia - Demko Home\",\"isPartOf\":{\"@id\":\"https:\\\/\\\/demkohome.pl\\\/#website\"},\"primaryImageOfPage\":{\"@id\":\"https:\\\/\\\/demkohome.pl\\\/produkt\\\/kolekcja-mebli-kuchennych-dalia\\\/#primaryimage\"},\"image\":{\"@id\":\"https:\\\/\\\/demkohome.pl\\\/produkt\\\/kolekcja-mebli-kuchennych-dalia\\\/#primaryimage\"},\"thumbnailUrl\":\"https:\\\/\\\/demkohome.pl\\\/wp-content\\\/uploads\\\/2025\\\/08\\\/DALIA-aranzacja-zestaw.jpg\",\"datePublished\":\"2023-08-24T20:30:00+00:00\",\"dateModified\":\"2026-04-14T13:21:59+00:00\",\"breadcrumb\":{\"@id\":\"https:\\\/\\\/demkohome.pl\\\/produkt\\\/kolekcja-mebli-kuchennych-dalia\\\/#breadcrumb\"},\"inLanguage\":\"en-US\",\"potentialAction\":[{\"@type\":\"ReadAction\",\"target\":[\"https:\\\/\\\/demkohome.pl\\\/produkt\\\/kolekcja-mebli-kuchennych-dalia\\\/\"]}]},{\"@type\":\"ImageObject\",\"inLanguage\":\"en-US\",\"@id\":\"https:\\\/\\\/demkohome.pl\\\/produkt\\\/kolekcja-mebli-kuchennych-dalia\\\/#primaryimage\",\"url\":\"https:\\\/\\\/demkohome.pl\\\/wp-content\\\/uploads\\\/2025\\\/08\\\/DALIA-aranzacja-zestaw.jpg\",\"contentUrl\":\"https:\\\/\\\/demkohome.pl\\\/wp-content\\\/uploads\\\/2025\\\/08\\\/DALIA-aranzacja-zestaw.jpg\",\"width\":2560,\"height\":1707},{\"@type\":\"BreadcrumbList\",\"@id\":\"https:\\\/\\\/demkohome.pl\\\/produkt\\\/kolekcja-mebli-kuchennych-dalia\\\/#breadcrumb\",\"itemListElement\":[{\"@type\":\"ListItem\",\"position\":1,\"name\":\"Strona g\u0142\u00f3wna\",\"item\":\"https:\\\/\\\/demkohome.pl\\\/\"},{\"@type\":\"ListItem\",\"position\":2,\"name\":\"Sklep\",\"item\":\"https:\\\/\\\/demkohome.pl\\\/sklep\\\/\"},{\"@type\":\"ListItem\",\"position\":3,\"name\":\"Zestaw mebli kuchennych 200 cm Dalia\"}]},{\"@type\":\"WebSite\",\"@id\":\"https:\\\/\\\/demkohome.pl\\\/#website\",\"url\":\"https:\\\/\\\/demkohome.pl\\\/\",\"name\":\"Demko Home\",\"description\":\"Make it simple\",\"publisher\":{\"@id\":\"https:\\\/\\\/demkohome.pl\\\/#organization\"},\"potentialAction\":[{\"@type\":\"SearchAction\",\"target\":{\"@type\":\"EntryPoint\",\"urlTemplate\":\"https:\\\/\\\/demkohome.pl\\\/?s={search_term_string}\"},\"query-input\":{\"@type\":\"PropertyValueSpecification\",\"valueRequired\":true,\"valueName\":\"search_term_string\"}}],\"inLanguage\":\"en-US\"},{\"@type\":\"Organization\",\"@id\":\"https:\\\/\\\/demkohome.pl\\\/#organization\",\"name\":\"Demko Home\",\"url\":\"https:\\\/\\\/demkohome.pl\\\/\",\"logo\":{\"@type\":\"ImageObject\",\"inLanguage\":\"en-US\",\"@id\":\"https:\\\/\\\/demkohome.pl\\\/#\\\/schema\\\/logo\\\/image\\\/\",\"url\":\"https:\\\/\\\/demkohome.pl\\\/wp-content\\\/uploads\\\/2026\\\/03\\\/cropped-3.png\",\"contentUrl\":\"https:\\\/\\\/demkohome.pl\\\/wp-content\\\/uploads\\\/2026\\\/03\\\/cropped-3.png\",\"width\":250,\"height\":63,\"caption\":\"Demko Home\"},\"image\":{\"@id\":\"https:\\\/\\\/demkohome.pl\\\/#\\\/schema\\\/logo\\\/image\\\/\"}}]}<\/script>\n<!-- \/ Yoast SEO plugin. -->","yoast_head_json":{"title":"Zestaw mebli kuchennych 200 cm Dalia - Demko Home","robots":{"index":"index","follow":"follow","max-snippet":"max-snippet:-1","max-image-preview":"max-image-preview:large","max-video-preview":"max-video-preview:-1"},"canonical":"https:\/\/demkohome.pl\/en\/product\/kolekcja-mebli-kuchennych-dalia\/","og_locale":"en_US","og_type":"article","og_title":"Zestaw mebli kuchennych 200 cm Dalia - Demko Home","og_description":"Meble kuchenne Dalia \u2013 spe\u0142nij swoje marzenie o nowoczesnej kuchni Nowoczesne kuchnie nie bez przyczyny ciesz\u0105 si\u0119 coraz wi\u0119ksz\u0105 popularno\u015bci\u0105. (...)","og_url":"https:\/\/demkohome.pl\/en\/product\/kolekcja-mebli-kuchennych-dalia\/","og_site_name":"Demko Home","article_modified_time":"2026-04-14T13:21:59+00:00","og_image":[{"width":1024,"height":683,"url":"https:\/\/demkohome.pl\/wp-content\/uploads\/2025\/08\/DALIA-aranzacja-zestaw-1024x683.jpg","type":"image\/jpeg"}],"twitter_card":"summary_large_image","twitter_misc":{"Est. reading time":"5 minutes"},"schema":{"@context":"https:\/\/schema.org","@graph":[{"@type":"WebPage","@id":"https:\/\/demkohome.pl\/produkt\/kolekcja-mebli-kuchennych-dalia\/","url":"https:\/\/demkohome.pl\/produkt\/kolekcja-mebli-kuchennych-dalia\/","name":"Zestaw mebli kuchennych 200 cm Dalia - Demko Home","isPartOf":{"@id":"https:\/\/demkohome.pl\/#website"},"primaryImageOfPage":{"@id":"https:\/\/demkohome.pl\/produkt\/kolekcja-mebli-kuchennych-dalia\/#primaryimage"},"image":{"@id":"https:\/\/demkohome.pl\/produkt\/kolekcja-mebli-kuchennych-dalia\/#primaryimage"},"thumbnailUrl":"https:\/\/demkohome.pl\/wp-content\/uploads\/2025\/08\/DALIA-aranzacja-zestaw.jpg","datePublished":"2023-08-24T20:30:00+00:00","dateModified":"2026-04-14T13:21:59+00:00","breadcrumb":{"@id":"https:\/\/demkohome.pl\/produkt\/kolekcja-mebli-kuchennych-dalia\/#breadcrumb"},"inLanguage":"en-US","potentialAction":[{"@type":"ReadAction","target":["https:\/\/demkohome.pl\/produkt\/kolekcja-mebli-kuchennych-dalia\/"]}]},{"@type":"ImageObject","inLanguage":"en-US","@id":"https:\/\/demkohome.pl\/produkt\/kolekcja-mebli-kuchennych-dalia\/#primaryimage","url":"https:\/\/demkohome.pl\/wp-content\/uploads\/2025\/08\/DALIA-aranzacja-zestaw.jpg","contentUrl":"https:\/\/demkohome.pl\/wp-content\/uploads\/2025\/08\/DALIA-aranzacja-zestaw.jpg","width":2560,"height":1707},{"@type":"BreadcrumbList","@id":"https:\/\/demkohome.pl\/produkt\/kolekcja-mebli-kuchennych-dalia\/#breadcrumb","itemListElement":[{"@type":"ListItem","position":1,"name":"Strona g\u0142\u00f3wna","item":"https:\/\/demkohome.pl\/"},{"@type":"ListItem","position":2,"name":"Sklep","item":"https:\/\/demkohome.pl\/sklep\/"},{"@type":"ListItem","position":3,"name":"Zestaw mebli kuchennych 200 cm Dalia"}]},{"@type":"WebSite","@id":"https:\/\/demkohome.pl\/#website","url":"https:\/\/demkohome.pl\/","name":"Demko Home","description":"Make it simple","publisher":{"@id":"https:\/\/demkohome.pl\/#organization"},"potentialAction":[{"@type":"SearchAction","target":{"@type":"EntryPoint","urlTemplate":"https:\/\/demkohome.pl\/?s={search_term_string}"},"query-input":{"@type":"PropertyValueSpecification","valueRequired":true,"valueName":"search_term_string"}}],"inLanguage":"en-US"},{"@type":"Organization","@id":"https:\/\/demkohome.pl\/#organization","name":"Demko Home","url":"https:\/\/demkohome.pl\/","logo":{"@type":"ImageObject","inLanguage":"en-US","@id":"https:\/\/demkohome.pl\/#\/schema\/logo\/image\/","url":"https:\/\/demkohome.pl\/wp-content\/uploads\/2026\/03\/cropped-3.png","contentUrl":"https:\/\/demkohome.pl\/wp-content\/uploads\/2026\/03\/cropped-3.png","width":250,"height":63,"caption":"Demko Home"},"image":{"@id":"https:\/\/demkohome.pl\/#\/schema\/logo\/image\/"}}]}},"_links":{"self":[{"href":"https:\/\/demkohome.pl\/en\/wp-json\/wp\/v2\/product\/446","targetHints":{"allow":["GET"]}}],"collection":[{"href":"https:\/\/demkohome.pl\/en\/wp-json\/wp\/v2\/product"}],"about":[{"href":"https:\/\/demkohome.pl\/en\/wp-json\/wp\/v2\/types\/product"}],"replies":[{"embeddable":true,"href":"https:\/\/demkohome.pl\/en\/wp-json\/wp\/v2\/comments?post=446"}],"wp:featuredmedia":[{"embeddable":true,"href":"https:\/\/demkohome.pl\/en\/wp-json\/wp\/v2\/media\/136372"}],"wp:attachment":[{"href":"https:\/\/demkohome.pl\/en\/wp-json\/wp\/v2\/media?parent=446"}],"wp:term":[{"taxonomy":"product_brand","embeddable":true,"href":"https:\/\/demkohome.pl\/en\/wp-json\/wp\/v2\/product_brand?post=446"},{"taxonomy":"product_cat","embeddable":true,"href":"https:\/\/demkohome.pl\/en\/wp-json\/wp\/v2\/product_cat?post=446"},{"taxonomy":"product_tag","embeddable":true,"href":"https:\/\/demkohome.pl\/en\/wp-json\/wp\/v2\/product_tag?post=446"}],"curies":[{"name":"wp","href":"https:\/\/api.w.org\/{rel}","templated":true}]}}