{"id":460,"date":"2024-04-09T11:57:18","date_gmt":"2024-04-09T09:57:18","guid":{"rendered":"https:\/\/demkohome.pl\/produkt\/szafka-kuchenna-dolna-40-cm-dalia-biala\/"},"modified":"2026-05-02T09:17:02","modified_gmt":"2026-05-02T07:17:02","slug":"szafka-kuchenna-dolna-40-cm-dalia-biala","status":"publish","type":"product","link":"https:\/\/demkohome.pl\/en\/product\/szafka-kuchenna-dolna-40-cm-dalia-biala\/","title":{"rendered":"Standing kitchen cabinet 40 cm Dalia"},"content":{"rendered":"<h3 data-start=\"0\" data-end=\"120\">Szafka kuchenna 40 cm z wysokim po\u0142yskiem to funkcjonalne i uniwersalne rozwi\u0105zanie do codziennego u\u017cytkowania w kuchni.<\/h3>\n<p data-start=\"122\" data-end=\"377\">Szafka zosta\u0142a zaprojektowana z my\u015bl\u0105 o wygodnym przechowywaniu i optymalnym wykorzystaniu przestrzeni. Szeroko\u015b\u0107 40 cm zapewnia wi\u0119ksz\u0105 pojemno\u015b\u0107 ni\u017c w\u0119\u017csze modu\u0142y, dzi\u0119ki czemu bez problemu pomie\u015bcisz naczynia, produkty spo\u017cywcze czy akcesoria kuchenne.<\/p>\n<p data-start=\"379\" data-end=\"405\">Funkcjonalno\u015b\u0107 na co dzie\u0144<\/p>\n<p data-start=\"407\" data-end=\"644\">Wn\u0119trze szafki umo\u017cliwia wygodn\u0105 organizacj\u0119 przechowywanych rzeczy i szybki dost\u0119p do nich. To praktyczne rozwi\u0105zanie zar\u00f3wno na garnki, patelnie, jak i zapasy czy \u015brodki czysto\u015bci \u2013 wszystko mo\u017cesz mie\u0107 uporz\u0105dkowane i zawsze pod r\u0119k\u0105.<\/p>\n<p data-start=\"646\" data-end=\"681\">Uniwersalny wymiar do ka\u017cdej kuchni<\/p>\n<p data-start=\"683\" data-end=\"940\">Szafka ta sprawdzi si\u0119 zar\u00f3wno jako pojedynczy element, jak i cz\u0119\u015b\u0107 wi\u0119kszej zabudowy kuchennej. Jej uniwersalny rozmiar pozwala na \u0142atwe dopasowanie do r\u00f3\u017cnych uk\u0142ad\u00f3w \u2013 od kompaktowych kuchni po wi\u0119ksze, bardziej rozbudowane przestrzenie.<\/p>\n<p data-start=\"942\" data-end=\"974\">Nowoczesny design kolekcji Dalia<\/p>\n<p data-start=\"976\" data-end=\"1200\">Fronty w wysokim po\u0142ysku nadaj\u0105 meblowi elegancki, nowoczesny charakter i optycznie rozja\u015bniaj\u0105 wn\u0119trze. G\u0142adka, b\u0142yszcz\u0105ca powierzchnia odbija \u015bwiat\u0142o, co sprawia, \u017ce kuchnia wydaje si\u0119 bardziej przestronna i uporz\u0105dkowana.<\/p>\n<p data-start=\"1202\" data-end=\"1370\">Minimalistyczna forma sprawia, \u017ce szafka doskonale komponuje si\u0119 z wieloma stylami aran\u017cacyjnymi \u2013 od nowoczesnego, przez <strong>minimalistyczny, a\u017c po elegancki styl glamour.<\/strong><\/p>\n<p data-start=\"1372\" data-end=\"1423\" data-is-last-node=\"\" data-is-only-node=\"\"><strong>Dalia \u2013 estetyka i wygoda w codziennym u\u017cytkowaniu.<\/strong><\/p>\n<p><img loading=\"lazy\" decoding=\"async\" class=\"alignnone wp-image-136372 size-full\" src=\"https:\/\/demkohome.pl\/wp-content\/uploads\/2025\/08\/DALIA-aranzacja-zestaw.jpg\" alt=\"\" width=\"2560\" height=\"1707\" srcset=\"https:\/\/demkohome.pl\/wp-content\/uploads\/2025\/08\/DALIA-aranzacja-zestaw.jpg 2560w, https:\/\/demkohome.pl\/wp-content\/uploads\/2025\/08\/DALIA-aranzacja-zestaw-300x200.jpg 300w, https:\/\/demkohome.pl\/wp-content\/uploads\/2025\/08\/DALIA-aranzacja-zestaw-1024x683.jpg 1024w, https:\/\/demkohome.pl\/wp-content\/uploads\/2025\/08\/DALIA-aranzacja-zestaw-768x512.jpg 768w, https:\/\/demkohome.pl\/wp-content\/uploads\/2025\/08\/DALIA-aranzacja-zestaw-1536x1024.jpg 1536w, https:\/\/demkohome.pl\/wp-content\/uploads\/2025\/08\/DALIA-aranzacja-zestaw-2048x1366.jpg 2048w, https:\/\/demkohome.pl\/wp-content\/uploads\/2025\/08\/DALIA-aranzacja-zestaw-18x12.jpg 18w, https:\/\/demkohome.pl\/wp-content\/uploads\/2025\/08\/DALIA-aranzacja-zestaw-600x400.jpg 600w\" sizes=\"auto, (max-width: 2560px) 100vw, 2560px\" \/><\/p>\n<p>&nbsp;<\/p>\n<h4 data-start=\"680\" data-end=\"734\"><span style=\"color: #000000;\">Product Dimensions:<\/span><\/h4>\n<table class=\"o-product-features\" role=\"presentation\">\n<tbody>\n<tr class=\"m-product-attr-row\">\n<th class=\"m-product-attr-row__name\" scope=\"row\">\n<h6>Produkt po z\u0142o\u017ceniu: szeroko\u015b\u0107 (w cm)<\/h6>\n<\/th>\n<td class=\"m-product-attr-row__value\">\n<h6>40<\/h6>\n<\/td>\n<\/tr>\n<tr class=\"m-product-attr-row\">\n<th class=\"m-product-attr-row__name\" scope=\"row\">\n<h6>Produkt po z\u0142o\u017ceniu: g\u0142\u0119boko\u015b\u0107 (w cm)<\/h6>\n<\/th>\n<td class=\"m-product-attr-row__value\">\n<h6>56<\/h6>\n<\/td>\n<\/tr>\n<tr class=\"m-product-attr-row\">\n<th class=\"m-product-attr-row__name\" scope=\"row\">\n<h6>Produkt po z\u0142o\u017ceniu: wysoko\u015b\u0107 (w cm)<\/h6>\n<\/th>\n<td class=\"m-product-attr-row__value\">\n<h6>86,6<\/h6>\n<\/td>\n<\/tr>\n<tr class=\"m-product-attr-row\">\n<th class=\"m-product-attr-row__name\" scope=\"row\">\n<h6>Produkt w opakowaniu: waga (w kg)<\/h6>\n<\/th>\n<td class=\"m-product-attr-row__value\">\n<h6>20,5<\/h6>\n<\/td>\n<\/tr>\n<\/tbody>\n<\/table>\n<p>&nbsp;<\/p>\n<p data-start=\"1372\" data-end=\"1423\" data-is-last-node=\"\" data-is-only-node=\"\"><strong><img loading=\"lazy\" decoding=\"async\" class=\"alignleft wp-image-756763\" src=\"https:\/\/demkohome.pl\/wp-content\/uploads\/2024\/04\/dalia-zwykle-szafki-3-1-300x300.png\" alt=\"\" width=\"610\" height=\"610\" srcset=\"https:\/\/demkohome.pl\/wp-content\/uploads\/2024\/04\/dalia-zwykle-szafki-3-1-300x300.png 300w, https:\/\/demkohome.pl\/wp-content\/uploads\/2024\/04\/dalia-zwykle-szafki-3-1-1024x1024.png 1024w, https:\/\/demkohome.pl\/wp-content\/uploads\/2024\/04\/dalia-zwykle-szafki-3-1-150x150.png 150w, https:\/\/demkohome.pl\/wp-content\/uploads\/2024\/04\/dalia-zwykle-szafki-3-1-768x768.png 768w, https:\/\/demkohome.pl\/wp-content\/uploads\/2024\/04\/dalia-zwykle-szafki-3-1-1536x1536.png 1536w, https:\/\/demkohome.pl\/wp-content\/uploads\/2024\/04\/dalia-zwykle-szafki-3-1-12x12.png 12w, https:\/\/demkohome.pl\/wp-content\/uploads\/2024\/04\/dalia-zwykle-szafki-3-1-600x600.png 600w, https:\/\/demkohome.pl\/wp-content\/uploads\/2024\/04\/dalia-zwykle-szafki-3-1-100x100.png 100w, https:\/\/demkohome.pl\/wp-content\/uploads\/2024\/04\/dalia-zwykle-szafki-3-1.png 2048w\" sizes=\"auto, (max-width: 610px) 100vw, 610px\" \/><\/strong><\/p>","protected":false},"excerpt":{"rendered":"<p>Szafka kuchenna 40 cm z wysokim po\u0142yskiem to funkcjonalne i uniwersalne rozwi\u0105zanie do codziennego u\u017cytkowania w kuchni. Szafka zosta\u0142a zaprojektowana (&#8230;)<\/p>","protected":false},"featured_media":10217,"comment_status":"open","ping_status":"closed","template":"","meta":{"_acf_changed":false,"inline_featured_image":false},"product_brand":[],"product_cat":[119,302,140,65,137,139,106,107],"product_tag":[],"class_list":{"0":"post-460","1":"product","2":"type-product","3":"status-publish","4":"has-post-thumbnail","6":"product_cat-dalia","7":"product_cat-kuchnia-pomieszczenia","8":"product_cat-kuchnia","9":"product_cat-meble-kuchenne","10":"product_cat-meble-systemowe","11":"product_cat-pomieszczenia","12":"product_cat-szafki-kuchenne","13":"product_cat-szafki-kuchenne-stojace","14":"product_shipping_class-przesylka-dpd-15-pln","15":"collection-dalia","17":"first","18":"instock","19":"shipping-taxable","20":"purchasable","21":"product-type-simple"},"acf":[],"yoast_head":"<!-- This site is optimized with the Yoast SEO plugin v27.4 - https:\/\/yoast.com\/product\/yoast-seo-wordpress\/ -->\n<title>Szafka kuchenna stoj\u0105ca 40 cm Dalia - Demko Home<\/title>\n<meta name=\"robots\" content=\"index, follow, max-snippet:-1, max-image-preview:large, max-video-preview:-1\" \/>\n<link rel=\"canonical\" href=\"https:\/\/demkohome.pl\/en\/product\/szafka-kuchenna-dolna-40-cm-dalia-biala\/\" \/>\n<meta property=\"og:locale\" content=\"en_US\" \/>\n<meta property=\"og:type\" content=\"article\" \/>\n<meta property=\"og:title\" content=\"Szafka kuchenna stoj\u0105ca 40 cm Dalia - Demko Home\" \/>\n<meta property=\"og:description\" content=\"Szafka kuchenna 40 cm z wysokim po\u0142yskiem to funkcjonalne i uniwersalne rozwi\u0105zanie do codziennego u\u017cytkowania w kuchni. Szafka zosta\u0142a zaprojektowana (...)\" \/>\n<meta property=\"og:url\" content=\"https:\/\/demkohome.pl\/en\/product\/szafka-kuchenna-dolna-40-cm-dalia-biala\/\" \/>\n<meta property=\"og:site_name\" content=\"Demko Home\" \/>\n<meta property=\"article:modified_time\" content=\"2026-05-02T07:17:02+00:00\" \/>\n<meta property=\"og:image\" content=\"https:\/\/demkohome.pl\/wp-content\/uploads\/2023\/08\/Szafka-kuchenna-dolna-40-cm-Dalia-bialy-front-szary-korpus-szafka-stojaca-zamknieta-Meble-Okmed-Demko.jpg\" \/>\n\t<meta property=\"og:image:width\" content=\"1024\" \/>\n\t<meta property=\"og:image:height\" content=\"1024\" \/>\n\t<meta property=\"og:image:type\" content=\"image\/jpeg\" \/>\n<meta name=\"twitter:card\" content=\"summary_large_image\" \/>\n<meta name=\"twitter:label1\" content=\"Est. reading time\" \/>\n\t<meta name=\"twitter:data1\" content=\"3 minutes\" \/>\n<script type=\"application\/ld+json\" class=\"yoast-schema-graph\">{\"@context\":\"https:\\\/\\\/schema.org\",\"@graph\":[{\"@type\":\"WebPage\",\"@id\":\"https:\\\/\\\/demkohome.pl\\\/produkt\\\/szafka-kuchenna-dolna-40-cm-dalia-biala\\\/\",\"url\":\"https:\\\/\\\/demkohome.pl\\\/produkt\\\/szafka-kuchenna-dolna-40-cm-dalia-biala\\\/\",\"name\":\"Szafka kuchenna stoj\u0105ca 40 cm Dalia - Demko Home\",\"isPartOf\":{\"@id\":\"https:\\\/\\\/demkohome.pl\\\/#website\"},\"primaryImageOfPage\":{\"@id\":\"https:\\\/\\\/demkohome.pl\\\/produkt\\\/szafka-kuchenna-dolna-40-cm-dalia-biala\\\/#primaryimage\"},\"image\":{\"@id\":\"https:\\\/\\\/demkohome.pl\\\/produkt\\\/szafka-kuchenna-dolna-40-cm-dalia-biala\\\/#primaryimage\"},\"thumbnailUrl\":\"https:\\\/\\\/demkohome.pl\\\/wp-content\\\/uploads\\\/2023\\\/08\\\/Szafka-kuchenna-dolna-40-cm-Dalia-bialy-front-szary-korpus-szafka-stojaca-zamknieta-Meble-Okmed-Demko.jpg\",\"datePublished\":\"2024-04-09T09:57:18+00:00\",\"dateModified\":\"2026-05-02T07:17:02+00:00\",\"breadcrumb\":{\"@id\":\"https:\\\/\\\/demkohome.pl\\\/produkt\\\/szafka-kuchenna-dolna-40-cm-dalia-biala\\\/#breadcrumb\"},\"inLanguage\":\"en-US\",\"potentialAction\":[{\"@type\":\"ReadAction\",\"target\":[\"https:\\\/\\\/demkohome.pl\\\/produkt\\\/szafka-kuchenna-dolna-40-cm-dalia-biala\\\/\"]}]},{\"@type\":\"ImageObject\",\"inLanguage\":\"en-US\",\"@id\":\"https:\\\/\\\/demkohome.pl\\\/produkt\\\/szafka-kuchenna-dolna-40-cm-dalia-biala\\\/#primaryimage\",\"url\":\"https:\\\/\\\/demkohome.pl\\\/wp-content\\\/uploads\\\/2023\\\/08\\\/Szafka-kuchenna-dolna-40-cm-Dalia-bialy-front-szary-korpus-szafka-stojaca-zamknieta-Meble-Okmed-Demko.jpg\",\"contentUrl\":\"https:\\\/\\\/demkohome.pl\\\/wp-content\\\/uploads\\\/2023\\\/08\\\/Szafka-kuchenna-dolna-40-cm-Dalia-bialy-front-szary-korpus-szafka-stojaca-zamknieta-Meble-Okmed-Demko.jpg\",\"width\":1024,\"height\":1024,\"caption\":\"Szafka kuchenna dolna 40 cm Dalia bialy front szary korpus szafka stojaca zamknieta Meble Okmed Demko\"},{\"@type\":\"BreadcrumbList\",\"@id\":\"https:\\\/\\\/demkohome.pl\\\/produkt\\\/szafka-kuchenna-dolna-40-cm-dalia-biala\\\/#breadcrumb\",\"itemListElement\":[{\"@type\":\"ListItem\",\"position\":1,\"name\":\"Strona g\u0142\u00f3wna\",\"item\":\"https:\\\/\\\/demkohome.pl\\\/\"},{\"@type\":\"ListItem\",\"position\":2,\"name\":\"Sklep\",\"item\":\"https:\\\/\\\/demkohome.pl\\\/sklep\\\/\"},{\"@type\":\"ListItem\",\"position\":3,\"name\":\"Szafka kuchenna stoj\u0105ca 40 cm Dalia\"}]},{\"@type\":\"WebSite\",\"@id\":\"https:\\\/\\\/demkohome.pl\\\/#website\",\"url\":\"https:\\\/\\\/demkohome.pl\\\/\",\"name\":\"Demko Home\",\"description\":\"Make it simple\",\"publisher\":{\"@id\":\"https:\\\/\\\/demkohome.pl\\\/#organization\"},\"potentialAction\":[{\"@type\":\"SearchAction\",\"target\":{\"@type\":\"EntryPoint\",\"urlTemplate\":\"https:\\\/\\\/demkohome.pl\\\/?s={search_term_string}\"},\"query-input\":{\"@type\":\"PropertyValueSpecification\",\"valueRequired\":true,\"valueName\":\"search_term_string\"}}],\"inLanguage\":\"en-US\"},{\"@type\":\"Organization\",\"@id\":\"https:\\\/\\\/demkohome.pl\\\/#organization\",\"name\":\"Demko Home\",\"url\":\"https:\\\/\\\/demkohome.pl\\\/\",\"logo\":{\"@type\":\"ImageObject\",\"inLanguage\":\"en-US\",\"@id\":\"https:\\\/\\\/demkohome.pl\\\/#\\\/schema\\\/logo\\\/image\\\/\",\"url\":\"https:\\\/\\\/demkohome.pl\\\/wp-content\\\/uploads\\\/2026\\\/03\\\/cropped-3.png\",\"contentUrl\":\"https:\\\/\\\/demkohome.pl\\\/wp-content\\\/uploads\\\/2026\\\/03\\\/cropped-3.png\",\"width\":250,\"height\":63,\"caption\":\"Demko Home\"},\"image\":{\"@id\":\"https:\\\/\\\/demkohome.pl\\\/#\\\/schema\\\/logo\\\/image\\\/\"}}]}<\/script>\n<!-- \/ Yoast SEO plugin. -->","yoast_head_json":{"title":"Szafka kuchenna stoj\u0105ca 40 cm Dalia - Demko Home","robots":{"index":"index","follow":"follow","max-snippet":"max-snippet:-1","max-image-preview":"max-image-preview:large","max-video-preview":"max-video-preview:-1"},"canonical":"https:\/\/demkohome.pl\/en\/product\/szafka-kuchenna-dolna-40-cm-dalia-biala\/","og_locale":"en_US","og_type":"article","og_title":"Szafka kuchenna stoj\u0105ca 40 cm Dalia - Demko Home","og_description":"Szafka kuchenna 40 cm z wysokim po\u0142yskiem to funkcjonalne i uniwersalne rozwi\u0105zanie do codziennego u\u017cytkowania w kuchni. Szafka zosta\u0142a zaprojektowana (...)","og_url":"https:\/\/demkohome.pl\/en\/product\/szafka-kuchenna-dolna-40-cm-dalia-biala\/","og_site_name":"Demko Home","article_modified_time":"2026-05-02T07:17:02+00:00","og_image":[{"width":1024,"height":1024,"url":"https:\/\/demkohome.pl\/wp-content\/uploads\/2023\/08\/Szafka-kuchenna-dolna-40-cm-Dalia-bialy-front-szary-korpus-szafka-stojaca-zamknieta-Meble-Okmed-Demko.jpg","type":"image\/jpeg"}],"twitter_card":"summary_large_image","twitter_misc":{"Est. reading time":"3 minutes"},"schema":{"@context":"https:\/\/schema.org","@graph":[{"@type":"WebPage","@id":"https:\/\/demkohome.pl\/produkt\/szafka-kuchenna-dolna-40-cm-dalia-biala\/","url":"https:\/\/demkohome.pl\/produkt\/szafka-kuchenna-dolna-40-cm-dalia-biala\/","name":"Szafka kuchenna stoj\u0105ca 40 cm Dalia - Demko Home","isPartOf":{"@id":"https:\/\/demkohome.pl\/#website"},"primaryImageOfPage":{"@id":"https:\/\/demkohome.pl\/produkt\/szafka-kuchenna-dolna-40-cm-dalia-biala\/#primaryimage"},"image":{"@id":"https:\/\/demkohome.pl\/produkt\/szafka-kuchenna-dolna-40-cm-dalia-biala\/#primaryimage"},"thumbnailUrl":"https:\/\/demkohome.pl\/wp-content\/uploads\/2023\/08\/Szafka-kuchenna-dolna-40-cm-Dalia-bialy-front-szary-korpus-szafka-stojaca-zamknieta-Meble-Okmed-Demko.jpg","datePublished":"2024-04-09T09:57:18+00:00","dateModified":"2026-05-02T07:17:02+00:00","breadcrumb":{"@id":"https:\/\/demkohome.pl\/produkt\/szafka-kuchenna-dolna-40-cm-dalia-biala\/#breadcrumb"},"inLanguage":"en-US","potentialAction":[{"@type":"ReadAction","target":["https:\/\/demkohome.pl\/produkt\/szafka-kuchenna-dolna-40-cm-dalia-biala\/"]}]},{"@type":"ImageObject","inLanguage":"en-US","@id":"https:\/\/demkohome.pl\/produkt\/szafka-kuchenna-dolna-40-cm-dalia-biala\/#primaryimage","url":"https:\/\/demkohome.pl\/wp-content\/uploads\/2023\/08\/Szafka-kuchenna-dolna-40-cm-Dalia-bialy-front-szary-korpus-szafka-stojaca-zamknieta-Meble-Okmed-Demko.jpg","contentUrl":"https:\/\/demkohome.pl\/wp-content\/uploads\/2023\/08\/Szafka-kuchenna-dolna-40-cm-Dalia-bialy-front-szary-korpus-szafka-stojaca-zamknieta-Meble-Okmed-Demko.jpg","width":1024,"height":1024,"caption":"Szafka kuchenna dolna 40 cm Dalia bialy front szary korpus szafka stojaca zamknieta Meble Okmed Demko"},{"@type":"BreadcrumbList","@id":"https:\/\/demkohome.pl\/produkt\/szafka-kuchenna-dolna-40-cm-dalia-biala\/#breadcrumb","itemListElement":[{"@type":"ListItem","position":1,"name":"Strona g\u0142\u00f3wna","item":"https:\/\/demkohome.pl\/"},{"@type":"ListItem","position":2,"name":"Sklep","item":"https:\/\/demkohome.pl\/sklep\/"},{"@type":"ListItem","position":3,"name":"Szafka kuchenna stoj\u0105ca 40 cm Dalia"}]},{"@type":"WebSite","@id":"https:\/\/demkohome.pl\/#website","url":"https:\/\/demkohome.pl\/","name":"Demko Home","description":"Make it simple","publisher":{"@id":"https:\/\/demkohome.pl\/#organization"},"potentialAction":[{"@type":"SearchAction","target":{"@type":"EntryPoint","urlTemplate":"https:\/\/demkohome.pl\/?s={search_term_string}"},"query-input":{"@type":"PropertyValueSpecification","valueRequired":true,"valueName":"search_term_string"}}],"inLanguage":"en-US"},{"@type":"Organization","@id":"https:\/\/demkohome.pl\/#organization","name":"Demko Home","url":"https:\/\/demkohome.pl\/","logo":{"@type":"ImageObject","inLanguage":"en-US","@id":"https:\/\/demkohome.pl\/#\/schema\/logo\/image\/","url":"https:\/\/demkohome.pl\/wp-content\/uploads\/2026\/03\/cropped-3.png","contentUrl":"https:\/\/demkohome.pl\/wp-content\/uploads\/2026\/03\/cropped-3.png","width":250,"height":63,"caption":"Demko Home"},"image":{"@id":"https:\/\/demkohome.pl\/#\/schema\/logo\/image\/"}}]}},"_links":{"self":[{"href":"https:\/\/demkohome.pl\/en\/wp-json\/wp\/v2\/product\/460","targetHints":{"allow":["GET"]}}],"collection":[{"href":"https:\/\/demkohome.pl\/en\/wp-json\/wp\/v2\/product"}],"about":[{"href":"https:\/\/demkohome.pl\/en\/wp-json\/wp\/v2\/types\/product"}],"replies":[{"embeddable":true,"href":"https:\/\/demkohome.pl\/en\/wp-json\/wp\/v2\/comments?post=460"}],"wp:featuredmedia":[{"embeddable":true,"href":"https:\/\/demkohome.pl\/en\/wp-json\/wp\/v2\/media\/10217"}],"wp:attachment":[{"href":"https:\/\/demkohome.pl\/en\/wp-json\/wp\/v2\/media?parent=460"}],"wp:term":[{"taxonomy":"product_brand","embeddable":true,"href":"https:\/\/demkohome.pl\/en\/wp-json\/wp\/v2\/product_brand?post=460"},{"taxonomy":"product_cat","embeddable":true,"href":"https:\/\/demkohome.pl\/en\/wp-json\/wp\/v2\/product_cat?post=460"},{"taxonomy":"product_tag","embeddable":true,"href":"https:\/\/demkohome.pl\/en\/wp-json\/wp\/v2\/product_tag?post=460"}],"curies":[{"name":"wp","href":"https:\/\/api.w.org\/{rel}","templated":true}]}}