{"id":4807,"date":"2023-08-28T13:14:07","date_gmt":"2023-08-28T11:14:07","guid":{"rendered":"https:\/\/demkohome.pl\/produkt\/stolik-vega\/"},"modified":"2026-04-23T17:11:37","modified_gmt":"2026-04-23T15:11:37","slug":"stolik-vega","status":"publish","type":"product","link":"https:\/\/demkohome.pl\/en\/product\/stolik-vega\/","title":{"rendered":"Vega coffee table"},"content":{"rendered":"<div style=\"font-family: 'Noto Sans', sans-serif; font-size: 17px;\">\n<h2>Versatility and elegance: coffee table for the room Vega in two variants<\/h2>\n<p>Do you need a coffee table that complements the living room space? The Vega coffee table proposal is a must have for any modern room arrangement. The functionality of the piece of furniture is based on its compact dimensions of 76 x 45.5 x 56 cm, and its availability in two color variants that will ensure the coziness of your lounge corner. The body in the color of artisan oak, combined with white elements and fronts in a matte finish, will add spaciousness to the space. In turn, the dark color of its counterpart maintained in shades of gray, tones down the composition perfectly complementing arrangements maintained in Scandinavian or industrial style. The compact size of the table, and the functional shelf, guarantee easy access to stored items, and the spacious rectangular top allows you to conveniently place cups with coffee or plates with cake.<\/p>\n<h3>Elegance in proportions: Low coffee table with high functionality<\/h3>\n<p>The Vega coffee table has been consciously designed. Its optimal height provides free access to the tabletop and shelf even from low sofas, and the minimalist body with straight lines gives elegance to the arrangement. The carcass made of durable chipboard with a thickness of 16 mm and solid legs affect the high stability of the table protecting it from wobbling, or the consequences of an inadvertent hit. Covering the edges with ABS material provides even greater protection of the table from abrasion and mechanical damage, affecting its long-term functionality.<\/p>\n<h3>The offer includes:<\/h3>\n<ul>\n<li>Vega coffee table packed in one package<\/li>\n<li>Assembly instructions in Polish<\/li>\n<li>Accessories necessary for self-assembly<\/li>\n<\/ul>\n<div class=\"container\">\n<div class=\"row\">\n<h3>Coffee table for the room in the example arrangement Vega<\/h3>\n<p><img decoding=\"async\" style=\"width: 100%; border-radius: 5px; box-shadow: 0px 0px 5px rgba(0, 0, 0, 0.1); display: block; object-fit: cover; margin-top: 30px; margin-bottom: 30px;\" src=\"https:\/\/demkohome.pl\/wp-content\/uploads\/2023\/08\/Kolekcja-mebli-do-salonu-Vega-w-kolorach-szarosci-dab-artisan-Meble-Okmed-Demko.jpg\" alt=\"Zdj\u0119cie 1\" \/><\/p>\n<\/div>\n<\/div>\n<\/div>","protected":false},"excerpt":{"rendered":"<p>Uniwersalno\u015b\u0107 i elegancja: Stolik kawowy do pokoju Vega w dw\u00f3ch wariantach Potrzebujesz stolika, kt\u00f3ry dope\u0142ni przestrze\u0144 salonu? Propozycja stolika kawowy (&#8230;)<\/p>","protected":false},"featured_media":8480,"comment_status":"open","ping_status":"closed","template":"","meta":{"_acf_changed":false,"inline_featured_image":false},"product_brand":[],"product_cat":[528,194],"product_tag":[],"class_list":{"0":"post-4807","1":"product","2":"type-product","3":"status-publish","4":"has-post-thumbnail","6":"product_cat-black-friday","7":"product_cat-stoliki-en","8":"product_shipping_class-przesylka-dpd-15-pln","9":"collection-vega","11":"first","12":"instock","13":"shipping-taxable","14":"purchasable","15":"product-type-variable"},"acf":[],"yoast_head":"<!-- This site is optimized with the Yoast SEO plugin v27.4 - https:\/\/yoast.com\/product\/yoast-seo-wordpress\/ -->\n<title>Stolik kawowy Vega - Demko Home<\/title>\n<meta name=\"robots\" content=\"index, follow, max-snippet:-1, max-image-preview:large, max-video-preview:-1\" \/>\n<link rel=\"canonical\" href=\"https:\/\/demkohome.pl\/en\/product\/stolik-vega\/\" \/>\n<meta property=\"og:locale\" content=\"en_US\" \/>\n<meta property=\"og:type\" content=\"article\" \/>\n<meta property=\"og:title\" content=\"Stolik kawowy Vega - Demko Home\" \/>\n<meta property=\"og:description\" content=\"Uniwersalno\u015b\u0107 i elegancja: Stolik kawowy do pokoju Vega w dw\u00f3ch wariantach Potrzebujesz stolika, kt\u00f3ry dope\u0142ni przestrze\u0144 salonu? Propozycja stolika kawowy (...)\" \/>\n<meta property=\"og:url\" content=\"https:\/\/demkohome.pl\/en\/product\/stolik-vega\/\" \/>\n<meta property=\"og:site_name\" content=\"Demko Home\" \/>\n<meta property=\"article:modified_time\" content=\"2026-04-23T15:11:37+00:00\" \/>\n<meta property=\"og:image\" content=\"https:\/\/demkohome.pl\/wp-content\/uploads\/2023\/08\/Stolik-kawowy-Vega-kolor-dab-artisan-oraz-bialy-Meble-Okmed-Demko.jpg\" \/>\n\t<meta property=\"og:image:width\" content=\"1920\" \/>\n\t<meta property=\"og:image:height\" content=\"1920\" \/>\n\t<meta property=\"og:image:type\" content=\"image\/jpeg\" \/>\n<meta name=\"twitter:card\" content=\"summary_large_image\" \/>\n<meta name=\"twitter:label1\" content=\"Est. reading time\" \/>\n\t<meta name=\"twitter:data1\" content=\"3 minutes\" \/>\n<script type=\"application\/ld+json\" class=\"yoast-schema-graph\">{\"@context\":\"https:\\\/\\\/schema.org\",\"@graph\":[{\"@type\":\"WebPage\",\"@id\":\"https:\\\/\\\/demkohome.pl\\\/produkt\\\/stolik-vega\\\/\",\"url\":\"https:\\\/\\\/demkohome.pl\\\/produkt\\\/stolik-vega\\\/\",\"name\":\"Stolik kawowy Vega - Demko Home\",\"isPartOf\":{\"@id\":\"https:\\\/\\\/demkohome.pl\\\/#website\"},\"primaryImageOfPage\":{\"@id\":\"https:\\\/\\\/demkohome.pl\\\/produkt\\\/stolik-vega\\\/#primaryimage\"},\"image\":{\"@id\":\"https:\\\/\\\/demkohome.pl\\\/produkt\\\/stolik-vega\\\/#primaryimage\"},\"thumbnailUrl\":\"https:\\\/\\\/demkohome.pl\\\/wp-content\\\/uploads\\\/2023\\\/08\\\/Stolik-kawowy-Vega-kolor-dab-artisan-oraz-bialy-Meble-Okmed-Demko.jpg\",\"datePublished\":\"2023-08-28T11:14:07+00:00\",\"dateModified\":\"2026-04-23T15:11:37+00:00\",\"breadcrumb\":{\"@id\":\"https:\\\/\\\/demkohome.pl\\\/produkt\\\/stolik-vega\\\/#breadcrumb\"},\"inLanguage\":\"en-US\",\"potentialAction\":[{\"@type\":\"ReadAction\",\"target\":[\"https:\\\/\\\/demkohome.pl\\\/produkt\\\/stolik-vega\\\/\"]}]},{\"@type\":\"ImageObject\",\"inLanguage\":\"en-US\",\"@id\":\"https:\\\/\\\/demkohome.pl\\\/produkt\\\/stolik-vega\\\/#primaryimage\",\"url\":\"https:\\\/\\\/demkohome.pl\\\/wp-content\\\/uploads\\\/2023\\\/08\\\/Stolik-kawowy-Vega-kolor-dab-artisan-oraz-bialy-Meble-Okmed-Demko.jpg\",\"contentUrl\":\"https:\\\/\\\/demkohome.pl\\\/wp-content\\\/uploads\\\/2023\\\/08\\\/Stolik-kawowy-Vega-kolor-dab-artisan-oraz-bialy-Meble-Okmed-Demko.jpg\",\"width\":1920,\"height\":1920,\"caption\":\"Stolik kawowy Vega kolor dab artisan oraz bialy Meble Okmed Demko\"},{\"@type\":\"BreadcrumbList\",\"@id\":\"https:\\\/\\\/demkohome.pl\\\/produkt\\\/stolik-vega\\\/#breadcrumb\",\"itemListElement\":[{\"@type\":\"ListItem\",\"position\":1,\"name\":\"Strona g\u0142\u00f3wna\",\"item\":\"https:\\\/\\\/demkohome.pl\\\/\"},{\"@type\":\"ListItem\",\"position\":2,\"name\":\"Sklep\",\"item\":\"https:\\\/\\\/demkohome.pl\\\/sklep\\\/\"},{\"@type\":\"ListItem\",\"position\":3,\"name\":\"Stolik kawowy Vega\"}]},{\"@type\":\"WebSite\",\"@id\":\"https:\\\/\\\/demkohome.pl\\\/#website\",\"url\":\"https:\\\/\\\/demkohome.pl\\\/\",\"name\":\"Demko Home\",\"description\":\"Make it simple\",\"publisher\":{\"@id\":\"https:\\\/\\\/demkohome.pl\\\/#organization\"},\"potentialAction\":[{\"@type\":\"SearchAction\",\"target\":{\"@type\":\"EntryPoint\",\"urlTemplate\":\"https:\\\/\\\/demkohome.pl\\\/?s={search_term_string}\"},\"query-input\":{\"@type\":\"PropertyValueSpecification\",\"valueRequired\":true,\"valueName\":\"search_term_string\"}}],\"inLanguage\":\"en-US\"},{\"@type\":\"Organization\",\"@id\":\"https:\\\/\\\/demkohome.pl\\\/#organization\",\"name\":\"Demko Home\",\"url\":\"https:\\\/\\\/demkohome.pl\\\/\",\"logo\":{\"@type\":\"ImageObject\",\"inLanguage\":\"en-US\",\"@id\":\"https:\\\/\\\/demkohome.pl\\\/#\\\/schema\\\/logo\\\/image\\\/\",\"url\":\"https:\\\/\\\/demkohome.pl\\\/wp-content\\\/uploads\\\/2026\\\/03\\\/cropped-3.png\",\"contentUrl\":\"https:\\\/\\\/demkohome.pl\\\/wp-content\\\/uploads\\\/2026\\\/03\\\/cropped-3.png\",\"width\":250,\"height\":63,\"caption\":\"Demko Home\"},\"image\":{\"@id\":\"https:\\\/\\\/demkohome.pl\\\/#\\\/schema\\\/logo\\\/image\\\/\"}}]}<\/script>\n<!-- \/ Yoast SEO plugin. -->","yoast_head_json":{"title":"Stolik kawowy Vega - Demko Home","robots":{"index":"index","follow":"follow","max-snippet":"max-snippet:-1","max-image-preview":"max-image-preview:large","max-video-preview":"max-video-preview:-1"},"canonical":"https:\/\/demkohome.pl\/en\/product\/stolik-vega\/","og_locale":"en_US","og_type":"article","og_title":"Stolik kawowy Vega - Demko Home","og_description":"Uniwersalno\u015b\u0107 i elegancja: Stolik kawowy do pokoju Vega w dw\u00f3ch wariantach Potrzebujesz stolika, kt\u00f3ry dope\u0142ni przestrze\u0144 salonu? Propozycja stolika kawowy (...)","og_url":"https:\/\/demkohome.pl\/en\/product\/stolik-vega\/","og_site_name":"Demko Home","article_modified_time":"2026-04-23T15:11:37+00:00","og_image":[{"width":1920,"height":1920,"url":"https:\/\/demkohome.pl\/wp-content\/uploads\/2023\/08\/Stolik-kawowy-Vega-kolor-dab-artisan-oraz-bialy-Meble-Okmed-Demko.jpg","type":"image\/jpeg"}],"twitter_card":"summary_large_image","twitter_misc":{"Est. reading time":"3 minutes"},"schema":{"@context":"https:\/\/schema.org","@graph":[{"@type":"WebPage","@id":"https:\/\/demkohome.pl\/produkt\/stolik-vega\/","url":"https:\/\/demkohome.pl\/produkt\/stolik-vega\/","name":"Stolik kawowy Vega - Demko Home","isPartOf":{"@id":"https:\/\/demkohome.pl\/#website"},"primaryImageOfPage":{"@id":"https:\/\/demkohome.pl\/produkt\/stolik-vega\/#primaryimage"},"image":{"@id":"https:\/\/demkohome.pl\/produkt\/stolik-vega\/#primaryimage"},"thumbnailUrl":"https:\/\/demkohome.pl\/wp-content\/uploads\/2023\/08\/Stolik-kawowy-Vega-kolor-dab-artisan-oraz-bialy-Meble-Okmed-Demko.jpg","datePublished":"2023-08-28T11:14:07+00:00","dateModified":"2026-04-23T15:11:37+00:00","breadcrumb":{"@id":"https:\/\/demkohome.pl\/produkt\/stolik-vega\/#breadcrumb"},"inLanguage":"en-US","potentialAction":[{"@type":"ReadAction","target":["https:\/\/demkohome.pl\/produkt\/stolik-vega\/"]}]},{"@type":"ImageObject","inLanguage":"en-US","@id":"https:\/\/demkohome.pl\/produkt\/stolik-vega\/#primaryimage","url":"https:\/\/demkohome.pl\/wp-content\/uploads\/2023\/08\/Stolik-kawowy-Vega-kolor-dab-artisan-oraz-bialy-Meble-Okmed-Demko.jpg","contentUrl":"https:\/\/demkohome.pl\/wp-content\/uploads\/2023\/08\/Stolik-kawowy-Vega-kolor-dab-artisan-oraz-bialy-Meble-Okmed-Demko.jpg","width":1920,"height":1920,"caption":"Stolik kawowy Vega kolor dab artisan oraz bialy Meble Okmed Demko"},{"@type":"BreadcrumbList","@id":"https:\/\/demkohome.pl\/produkt\/stolik-vega\/#breadcrumb","itemListElement":[{"@type":"ListItem","position":1,"name":"Strona g\u0142\u00f3wna","item":"https:\/\/demkohome.pl\/"},{"@type":"ListItem","position":2,"name":"Sklep","item":"https:\/\/demkohome.pl\/sklep\/"},{"@type":"ListItem","position":3,"name":"Stolik kawowy Vega"}]},{"@type":"WebSite","@id":"https:\/\/demkohome.pl\/#website","url":"https:\/\/demkohome.pl\/","name":"Demko Home","description":"Make it simple","publisher":{"@id":"https:\/\/demkohome.pl\/#organization"},"potentialAction":[{"@type":"SearchAction","target":{"@type":"EntryPoint","urlTemplate":"https:\/\/demkohome.pl\/?s={search_term_string}"},"query-input":{"@type":"PropertyValueSpecification","valueRequired":true,"valueName":"search_term_string"}}],"inLanguage":"en-US"},{"@type":"Organization","@id":"https:\/\/demkohome.pl\/#organization","name":"Demko Home","url":"https:\/\/demkohome.pl\/","logo":{"@type":"ImageObject","inLanguage":"en-US","@id":"https:\/\/demkohome.pl\/#\/schema\/logo\/image\/","url":"https:\/\/demkohome.pl\/wp-content\/uploads\/2026\/03\/cropped-3.png","contentUrl":"https:\/\/demkohome.pl\/wp-content\/uploads\/2026\/03\/cropped-3.png","width":250,"height":63,"caption":"Demko Home"},"image":{"@id":"https:\/\/demkohome.pl\/#\/schema\/logo\/image\/"}}]}},"_links":{"self":[{"href":"https:\/\/demkohome.pl\/en\/wp-json\/wp\/v2\/product\/4807","targetHints":{"allow":["GET"]}}],"collection":[{"href":"https:\/\/demkohome.pl\/en\/wp-json\/wp\/v2\/product"}],"about":[{"href":"https:\/\/demkohome.pl\/en\/wp-json\/wp\/v2\/types\/product"}],"replies":[{"embeddable":true,"href":"https:\/\/demkohome.pl\/en\/wp-json\/wp\/v2\/comments?post=4807"}],"wp:featuredmedia":[{"embeddable":true,"href":"https:\/\/demkohome.pl\/en\/wp-json\/wp\/v2\/media\/8480"}],"wp:attachment":[{"href":"https:\/\/demkohome.pl\/en\/wp-json\/wp\/v2\/media?parent=4807"}],"wp:term":[{"taxonomy":"product_brand","embeddable":true,"href":"https:\/\/demkohome.pl\/en\/wp-json\/wp\/v2\/product_brand?post=4807"},{"taxonomy":"product_cat","embeddable":true,"href":"https:\/\/demkohome.pl\/en\/wp-json\/wp\/v2\/product_cat?post=4807"},{"taxonomy":"product_tag","embeddable":true,"href":"https:\/\/demkohome.pl\/en\/wp-json\/wp\/v2\/product_tag?post=4807"}],"curies":[{"name":"wp","href":"https:\/\/api.w.org\/{rel}","templated":true}]}}