{"id":481,"date":"2024-04-09T11:57:15","date_gmt":"2024-04-09T09:57:15","guid":{"rendered":"https:\/\/demkohome.pl\/produkt\/szafka-kuchenna-dolna-slupek-60-cm-dalia-biala\/"},"modified":"2026-05-02T09:17:02","modified_gmt":"2026-05-02T07:17:02","slug":"szafka-kuchenna-dolna-slupek-60-cm-dalia-biala","status":"publish","type":"product","link":"https:\/\/demkohome.pl\/en\/product\/szafka-kuchenna-dolna-slupek-60-cm-dalia-biala\/","title":{"rendered":"Kitchen cabinet standing 60 cm pillar with oven cavity Dalia"},"content":{"rendered":"<h3 data-start=\"0\" data-end=\"204\">Szafka kuchenna stoj\u0105ca 60 cm \u2013 s\u0142upek z wn\u0119k\u0105 na piekarnik Dalia to funkcjonalne i nowoczesne rozwi\u0105zanie, kt\u00f3re pozwala na wygodn\u0105 zabudow\u0119 sprz\u0119tu AGD oraz efektywne wykorzystanie przestrzeni w kuchni.<\/h3>\n<p data-start=\"206\" data-end=\"535\">Szafka zosta\u0142a zaprojektowana z my\u015bl\u0105 o ergonomii i wygodzie u\u017cytkowania. Specjalnie wydzielona wn\u0119ka umo\u017cliwia monta\u017c piekarnika na optymalnej wysoko\u015bci, co znacz\u0105co u\u0142atwia codzienne korzystanie z urz\u0105dzenia. Dodatkowe przestrzenie nad i pod wn\u0119k\u0105 zapewniaj\u0105 miejsce do przechowywania naczy\u0144, akcesori\u00f3w kuchennych lub zapas\u00f3w.<\/p>\n<p data-start=\"537\" data-end=\"563\">Funkcjonalno\u015b\u0107 na co dzie\u0144<\/p>\n<p data-start=\"565\" data-end=\"812\">Przemy\u015blany uk\u0142ad s\u0142upka pozwala na wygodn\u0105 organizacj\u0119 kuchni. Umieszczenie piekarnika w zabudowie na wysoko\u015bci wzroku zwi\u0119ksza komfort i bezpiecze\u0144stwo u\u017cytkowania, a zamykane cz\u0119\u015bci szafki pomagaj\u0105 utrzyma\u0107 porz\u0105dek i estetyczny wygl\u0105d wn\u0119trza.<\/p>\n<p data-start=\"814\" data-end=\"845\">Idealne dopasowanie do zabudowy<\/p>\n<p data-start=\"847\" data-end=\"1069\">S\u0142upek Dalia doskonale sprawdzi si\u0119 jako element nowoczesnej zabudowy kuchennej. Mo\u017ce by\u0107 \u0142\u0105czony z innymi modu\u0142ami, tworz\u0105c sp\u00f3jn\u0105 i funkcjonaln\u0105 przestrze\u0144 dopasowan\u0105 do indywidualnych potrzeb.<\/p>\n<p data-start=\"1071\" data-end=\"1103\">Nowoczesny design kolekcji Dalia<\/p>\n<p data-start=\"1105\" data-end=\"1265\">Fronty w wysokim po\u0142ysku nadaj\u0105 meblowi elegancki i nowoczesny charakter. B\u0142yszcz\u0105ca powierzchnia odbija \u015bwiat\u0142o, optycznie powi\u0119kszaj\u0105c i rozja\u015bniaj\u0105c wn\u0119trze.<\/p>\n<p data-start=\"1267\" data-end=\"1460\">Minimalistyczna forma w po\u0142\u0105czeniu z g\u0142adkimi, l\u015bni\u0105cymi frontami sprawia, \u017ce szafka \u015bwietnie wpisuje si\u0119 w r\u00f3\u017cne style aran\u017cacyjne \u2013 <strong>od nowoczesnego i minimalistycznego, po eleganckie wn\u0119trza.<\/strong><\/p>\n<p data-start=\"1462\" data-end=\"1529\" data-is-last-node=\"\" data-is-only-node=\"\"><strong>Dalia \u2013 funkcjonalna zabudowa, kt\u00f3ra podnosi komfort Twojej kuchni.<\/strong><\/p>\n<p><img loading=\"lazy\" decoding=\"async\" class=\"alignnone wp-image-136372 size-full\" src=\"https:\/\/demkohome.pl\/wp-content\/uploads\/2025\/08\/DALIA-aranzacja-zestaw.jpg\" alt=\"\" width=\"2560\" height=\"1707\" srcset=\"https:\/\/demkohome.pl\/wp-content\/uploads\/2025\/08\/DALIA-aranzacja-zestaw.jpg 2560w, https:\/\/demkohome.pl\/wp-content\/uploads\/2025\/08\/DALIA-aranzacja-zestaw-300x200.jpg 300w, https:\/\/demkohome.pl\/wp-content\/uploads\/2025\/08\/DALIA-aranzacja-zestaw-1024x683.jpg 1024w, https:\/\/demkohome.pl\/wp-content\/uploads\/2025\/08\/DALIA-aranzacja-zestaw-768x512.jpg 768w, https:\/\/demkohome.pl\/wp-content\/uploads\/2025\/08\/DALIA-aranzacja-zestaw-1536x1024.jpg 1536w, https:\/\/demkohome.pl\/wp-content\/uploads\/2025\/08\/DALIA-aranzacja-zestaw-2048x1366.jpg 2048w, https:\/\/demkohome.pl\/wp-content\/uploads\/2025\/08\/DALIA-aranzacja-zestaw-18x12.jpg 18w, https:\/\/demkohome.pl\/wp-content\/uploads\/2025\/08\/DALIA-aranzacja-zestaw-600x400.jpg 600w\" sizes=\"auto, (max-width: 2560px) 100vw, 2560px\" \/><\/p>\n<p>&nbsp;<\/p>\n<h4 data-start=\"680\" data-end=\"734\"><span style=\"color: #000000;\">Product Dimensions:<\/span><\/h4>\n<table class=\"o-product-features\" role=\"presentation\">\n<tbody>\n<tr class=\"m-product-attr-row\">\n<th class=\"m-product-attr-row__name\" scope=\"row\">\n<h6>Produkt po z\u0142o\u017ceniu: szeroko\u015b\u0107 (w cm)<\/h6>\n<\/th>\n<td class=\"m-product-attr-row__value\">\n<h6>60<\/h6>\n<\/td>\n<\/tr>\n<tr class=\"m-product-attr-row\">\n<th class=\"m-product-attr-row__name\" scope=\"row\">\n<h6>Produkt po z\u0142o\u017ceniu: g\u0142\u0119boko\u015b\u0107 (w cm)<\/h6>\n<\/th>\n<td class=\"m-product-attr-row__value\">\n<h6>56<\/h6>\n<\/td>\n<\/tr>\n<tr class=\"m-product-attr-row\">\n<th class=\"m-product-attr-row__name\" scope=\"row\">\n<h6>Produkt po z\u0142o\u017ceniu: wysoko\u015b\u0107 (w cm)<\/h6>\n<\/th>\n<td class=\"m-product-attr-row__value\">\n<h6>242<\/h6>\n<\/td>\n<\/tr>\n<tr class=\"m-product-attr-row\">\n<th class=\"m-product-attr-row__name\" scope=\"row\">\n<h6>Produkt w opakowaniu: waga (w kg)<\/h6>\n<\/th>\n<td class=\"m-product-attr-row__value\">\n<h6>70,5<\/h6>\n<\/td>\n<\/tr>\n<\/tbody>\n<\/table>\n<p data-start=\"1462\" data-end=\"1529\" data-is-last-node=\"\" data-is-only-node=\"\"><strong><br \/>\n<img loading=\"lazy\" decoding=\"async\" class=\"alignleft wp-image-756768\" src=\"https:\/\/demkohome.pl\/wp-content\/uploads\/2024\/04\/81-cm-2048-x-4000-px-2-102x300.png\" alt=\"\" width=\"610\" height=\"1787\" srcset=\"https:\/\/demkohome.pl\/wp-content\/uploads\/2024\/04\/81-cm-2048-x-4000-px-2-102x300.png 102w, https:\/\/demkohome.pl\/wp-content\/uploads\/2024\/04\/81-cm-2048-x-4000-px-2-350x1024.png 350w, https:\/\/demkohome.pl\/wp-content\/uploads\/2024\/04\/81-cm-2048-x-4000-px-2-768x2250.png 768w, https:\/\/demkohome.pl\/wp-content\/uploads\/2024\/04\/81-cm-2048-x-4000-px-2-524x1536.png 524w, https:\/\/demkohome.pl\/wp-content\/uploads\/2024\/04\/81-cm-2048-x-4000-px-2-699x2048.png 699w, https:\/\/demkohome.pl\/wp-content\/uploads\/2024\/04\/81-cm-2048-x-4000-px-2-4x12.png 4w, https:\/\/demkohome.pl\/wp-content\/uploads\/2024\/04\/81-cm-2048-x-4000-px-2-300x879.png 300w, https:\/\/demkohome.pl\/wp-content\/uploads\/2024\/04\/81-cm-2048-x-4000-px-2-600x1758.png 600w, https:\/\/demkohome.pl\/wp-content\/uploads\/2024\/04\/81-cm-2048-x-4000-px-2-scaled.png 874w\" sizes=\"auto, (max-width: 610px) 100vw, 610px\" \/><br \/>\n<\/strong><\/p>","protected":false},"excerpt":{"rendered":"<p>Szafka kuchenna stoj\u0105ca 60 cm \u2013 s\u0142upek z wn\u0119k\u0105 na piekarnik Dalia to funkcjonalne i nowoczesne rozwi\u0105zanie, kt\u00f3re pozwala na (&#8230;)<\/p>","protected":false},"featured_media":5979,"comment_status":"open","ping_status":"closed","template":"","meta":{"_acf_changed":false,"inline_featured_image":false},"product_brand":[],"product_cat":[119,140,302,65,137,139,106,109,107],"product_tag":[],"class_list":{"0":"post-481","1":"product","2":"type-product","3":"status-publish","4":"has-post-thumbnail","6":"product_cat-dalia","7":"product_cat-kuchnia","8":"product_cat-kuchnia-pomieszczenia","9":"product_cat-meble-kuchenne","10":"product_cat-meble-systemowe","11":"product_cat-pomieszczenia","12":"product_cat-szafki-kuchenne","13":"product_cat-szafki-kuchenne-narozne","14":"product_cat-szafki-kuchenne-stojace","15":"product_shipping_class-paleta-245cm-x-80cm","16":"collection-dalia","18":"first","19":"instock","20":"shipping-taxable","21":"purchasable","22":"product-type-simple"},"acf":[],"yoast_head":"<!-- This site is optimized with the Yoast SEO plugin v27.4 - https:\/\/yoast.com\/product\/yoast-seo-wordpress\/ -->\n<title>Szafka kuchenna stoj\u0105ca 60 cm s\u0142upek z wn\u0119k\u0105 na piekarnik Dalia - Demko Home<\/title>\n<meta name=\"robots\" content=\"index, follow, max-snippet:-1, max-image-preview:large, max-video-preview:-1\" \/>\n<link rel=\"canonical\" href=\"https:\/\/demkohome.pl\/en\/product\/szafka-kuchenna-dolna-slupek-60-cm-dalia-biala\/\" \/>\n<meta property=\"og:locale\" content=\"en_US\" \/>\n<meta property=\"og:type\" content=\"article\" \/>\n<meta property=\"og:title\" content=\"Szafka kuchenna stoj\u0105ca 60 cm s\u0142upek z wn\u0119k\u0105 na piekarnik Dalia - Demko Home\" \/>\n<meta property=\"og:description\" content=\"Szafka kuchenna stoj\u0105ca 60 cm \u2013 s\u0142upek z wn\u0119k\u0105 na piekarnik Dalia to funkcjonalne i nowoczesne rozwi\u0105zanie, kt\u00f3re pozwala na (...)\" \/>\n<meta property=\"og:url\" content=\"https:\/\/demkohome.pl\/en\/product\/szafka-kuchenna-dolna-slupek-60-cm-dalia-biala\/\" \/>\n<meta property=\"og:site_name\" content=\"Demko Home\" \/>\n<meta property=\"article:modified_time\" content=\"2026-05-02T07:17:02+00:00\" \/>\n<meta property=\"og:image\" content=\"https:\/\/demkohome.pl\/wp-content\/uploads\/2023\/08\/Szafka-kuchenna-slupek-stojaca-60-cm-z-wneka-na-piekarnik-zamkniete-drzwiczki-kolekcja-Dalia-od-Meble-Okmed-Demko-5907736138173.jpg\" \/>\n\t<meta property=\"og:image:width\" content=\"1920\" \/>\n\t<meta property=\"og:image:height\" content=\"1920\" \/>\n\t<meta property=\"og:image:type\" content=\"image\/jpeg\" \/>\n<meta name=\"twitter:card\" content=\"summary_large_image\" \/>\n<meta name=\"twitter:label1\" content=\"Est. reading time\" \/>\n\t<meta name=\"twitter:data1\" content=\"3 minutes\" \/>\n<script type=\"application\/ld+json\" class=\"yoast-schema-graph\">{\"@context\":\"https:\\\/\\\/schema.org\",\"@graph\":[{\"@type\":\"WebPage\",\"@id\":\"https:\\\/\\\/demkohome.pl\\\/produkt\\\/szafka-kuchenna-dolna-slupek-60-cm-dalia-biala\\\/\",\"url\":\"https:\\\/\\\/demkohome.pl\\\/produkt\\\/szafka-kuchenna-dolna-slupek-60-cm-dalia-biala\\\/\",\"name\":\"Szafka kuchenna stoj\u0105ca 60 cm s\u0142upek z wn\u0119k\u0105 na piekarnik Dalia - Demko Home\",\"isPartOf\":{\"@id\":\"https:\\\/\\\/demkohome.pl\\\/#website\"},\"primaryImageOfPage\":{\"@id\":\"https:\\\/\\\/demkohome.pl\\\/produkt\\\/szafka-kuchenna-dolna-slupek-60-cm-dalia-biala\\\/#primaryimage\"},\"image\":{\"@id\":\"https:\\\/\\\/demkohome.pl\\\/produkt\\\/szafka-kuchenna-dolna-slupek-60-cm-dalia-biala\\\/#primaryimage\"},\"thumbnailUrl\":\"https:\\\/\\\/demkohome.pl\\\/wp-content\\\/uploads\\\/2023\\\/08\\\/Szafka-kuchenna-slupek-stojaca-60-cm-z-wneka-na-piekarnik-zamkniete-drzwiczki-kolekcja-Dalia-od-Meble-Okmed-Demko-5907736138173.jpg\",\"datePublished\":\"2024-04-09T09:57:15+00:00\",\"dateModified\":\"2026-05-02T07:17:02+00:00\",\"breadcrumb\":{\"@id\":\"https:\\\/\\\/demkohome.pl\\\/produkt\\\/szafka-kuchenna-dolna-slupek-60-cm-dalia-biala\\\/#breadcrumb\"},\"inLanguage\":\"en-US\",\"potentialAction\":[{\"@type\":\"ReadAction\",\"target\":[\"https:\\\/\\\/demkohome.pl\\\/produkt\\\/szafka-kuchenna-dolna-slupek-60-cm-dalia-biala\\\/\"]}]},{\"@type\":\"ImageObject\",\"inLanguage\":\"en-US\",\"@id\":\"https:\\\/\\\/demkohome.pl\\\/produkt\\\/szafka-kuchenna-dolna-slupek-60-cm-dalia-biala\\\/#primaryimage\",\"url\":\"https:\\\/\\\/demkohome.pl\\\/wp-content\\\/uploads\\\/2023\\\/08\\\/Szafka-kuchenna-slupek-stojaca-60-cm-z-wneka-na-piekarnik-zamkniete-drzwiczki-kolekcja-Dalia-od-Meble-Okmed-Demko-5907736138173.jpg\",\"contentUrl\":\"https:\\\/\\\/demkohome.pl\\\/wp-content\\\/uploads\\\/2023\\\/08\\\/Szafka-kuchenna-slupek-stojaca-60-cm-z-wneka-na-piekarnik-zamkniete-drzwiczki-kolekcja-Dalia-od-Meble-Okmed-Demko-5907736138173.jpg\",\"width\":1920,\"height\":1920,\"caption\":\"Szafka kuchenna s\u0142upek stoj\u0105ca 60 cm z wn\u0119ka na piekarnik zamkniete drzwiczki kolekcja Dalia od Meble Okmed Demko 5907736138173\"},{\"@type\":\"BreadcrumbList\",\"@id\":\"https:\\\/\\\/demkohome.pl\\\/produkt\\\/szafka-kuchenna-dolna-slupek-60-cm-dalia-biala\\\/#breadcrumb\",\"itemListElement\":[{\"@type\":\"ListItem\",\"position\":1,\"name\":\"Strona g\u0142\u00f3wna\",\"item\":\"https:\\\/\\\/demkohome.pl\\\/\"},{\"@type\":\"ListItem\",\"position\":2,\"name\":\"Sklep\",\"item\":\"https:\\\/\\\/demkohome.pl\\\/sklep\\\/\"},{\"@type\":\"ListItem\",\"position\":3,\"name\":\"Szafka kuchenna stoj\u0105ca 60 cm s\u0142upek z wn\u0119k\u0105 na piekarnik Dalia\"}]},{\"@type\":\"WebSite\",\"@id\":\"https:\\\/\\\/demkohome.pl\\\/#website\",\"url\":\"https:\\\/\\\/demkohome.pl\\\/\",\"name\":\"Demko Home\",\"description\":\"Make it simple\",\"publisher\":{\"@id\":\"https:\\\/\\\/demkohome.pl\\\/#organization\"},\"potentialAction\":[{\"@type\":\"SearchAction\",\"target\":{\"@type\":\"EntryPoint\",\"urlTemplate\":\"https:\\\/\\\/demkohome.pl\\\/?s={search_term_string}\"},\"query-input\":{\"@type\":\"PropertyValueSpecification\",\"valueRequired\":true,\"valueName\":\"search_term_string\"}}],\"inLanguage\":\"en-US\"},{\"@type\":\"Organization\",\"@id\":\"https:\\\/\\\/demkohome.pl\\\/#organization\",\"name\":\"Demko Home\",\"url\":\"https:\\\/\\\/demkohome.pl\\\/\",\"logo\":{\"@type\":\"ImageObject\",\"inLanguage\":\"en-US\",\"@id\":\"https:\\\/\\\/demkohome.pl\\\/#\\\/schema\\\/logo\\\/image\\\/\",\"url\":\"https:\\\/\\\/demkohome.pl\\\/wp-content\\\/uploads\\\/2026\\\/03\\\/cropped-3.png\",\"contentUrl\":\"https:\\\/\\\/demkohome.pl\\\/wp-content\\\/uploads\\\/2026\\\/03\\\/cropped-3.png\",\"width\":250,\"height\":63,\"caption\":\"Demko Home\"},\"image\":{\"@id\":\"https:\\\/\\\/demkohome.pl\\\/#\\\/schema\\\/logo\\\/image\\\/\"}}]}<\/script>\n<!-- \/ Yoast SEO plugin. -->","yoast_head_json":{"title":"Szafka kuchenna stoj\u0105ca 60 cm s\u0142upek z wn\u0119k\u0105 na piekarnik Dalia - Demko Home","robots":{"index":"index","follow":"follow","max-snippet":"max-snippet:-1","max-image-preview":"max-image-preview:large","max-video-preview":"max-video-preview:-1"},"canonical":"https:\/\/demkohome.pl\/en\/product\/szafka-kuchenna-dolna-slupek-60-cm-dalia-biala\/","og_locale":"en_US","og_type":"article","og_title":"Szafka kuchenna stoj\u0105ca 60 cm s\u0142upek z wn\u0119k\u0105 na piekarnik Dalia - Demko Home","og_description":"Szafka kuchenna stoj\u0105ca 60 cm \u2013 s\u0142upek z wn\u0119k\u0105 na piekarnik Dalia to funkcjonalne i nowoczesne rozwi\u0105zanie, kt\u00f3re pozwala na (...)","og_url":"https:\/\/demkohome.pl\/en\/product\/szafka-kuchenna-dolna-slupek-60-cm-dalia-biala\/","og_site_name":"Demko Home","article_modified_time":"2026-05-02T07:17:02+00:00","og_image":[{"width":1920,"height":1920,"url":"https:\/\/demkohome.pl\/wp-content\/uploads\/2023\/08\/Szafka-kuchenna-slupek-stojaca-60-cm-z-wneka-na-piekarnik-zamkniete-drzwiczki-kolekcja-Dalia-od-Meble-Okmed-Demko-5907736138173.jpg","type":"image\/jpeg"}],"twitter_card":"summary_large_image","twitter_misc":{"Est. reading time":"3 minutes"},"schema":{"@context":"https:\/\/schema.org","@graph":[{"@type":"WebPage","@id":"https:\/\/demkohome.pl\/produkt\/szafka-kuchenna-dolna-slupek-60-cm-dalia-biala\/","url":"https:\/\/demkohome.pl\/produkt\/szafka-kuchenna-dolna-slupek-60-cm-dalia-biala\/","name":"Szafka kuchenna stoj\u0105ca 60 cm s\u0142upek z wn\u0119k\u0105 na piekarnik Dalia - Demko Home","isPartOf":{"@id":"https:\/\/demkohome.pl\/#website"},"primaryImageOfPage":{"@id":"https:\/\/demkohome.pl\/produkt\/szafka-kuchenna-dolna-slupek-60-cm-dalia-biala\/#primaryimage"},"image":{"@id":"https:\/\/demkohome.pl\/produkt\/szafka-kuchenna-dolna-slupek-60-cm-dalia-biala\/#primaryimage"},"thumbnailUrl":"https:\/\/demkohome.pl\/wp-content\/uploads\/2023\/08\/Szafka-kuchenna-slupek-stojaca-60-cm-z-wneka-na-piekarnik-zamkniete-drzwiczki-kolekcja-Dalia-od-Meble-Okmed-Demko-5907736138173.jpg","datePublished":"2024-04-09T09:57:15+00:00","dateModified":"2026-05-02T07:17:02+00:00","breadcrumb":{"@id":"https:\/\/demkohome.pl\/produkt\/szafka-kuchenna-dolna-slupek-60-cm-dalia-biala\/#breadcrumb"},"inLanguage":"en-US","potentialAction":[{"@type":"ReadAction","target":["https:\/\/demkohome.pl\/produkt\/szafka-kuchenna-dolna-slupek-60-cm-dalia-biala\/"]}]},{"@type":"ImageObject","inLanguage":"en-US","@id":"https:\/\/demkohome.pl\/produkt\/szafka-kuchenna-dolna-slupek-60-cm-dalia-biala\/#primaryimage","url":"https:\/\/demkohome.pl\/wp-content\/uploads\/2023\/08\/Szafka-kuchenna-slupek-stojaca-60-cm-z-wneka-na-piekarnik-zamkniete-drzwiczki-kolekcja-Dalia-od-Meble-Okmed-Demko-5907736138173.jpg","contentUrl":"https:\/\/demkohome.pl\/wp-content\/uploads\/2023\/08\/Szafka-kuchenna-slupek-stojaca-60-cm-z-wneka-na-piekarnik-zamkniete-drzwiczki-kolekcja-Dalia-od-Meble-Okmed-Demko-5907736138173.jpg","width":1920,"height":1920,"caption":"Szafka kuchenna s\u0142upek stoj\u0105ca 60 cm z wn\u0119ka na piekarnik zamkniete drzwiczki kolekcja Dalia od Meble Okmed Demko 5907736138173"},{"@type":"BreadcrumbList","@id":"https:\/\/demkohome.pl\/produkt\/szafka-kuchenna-dolna-slupek-60-cm-dalia-biala\/#breadcrumb","itemListElement":[{"@type":"ListItem","position":1,"name":"Strona g\u0142\u00f3wna","item":"https:\/\/demkohome.pl\/"},{"@type":"ListItem","position":2,"name":"Sklep","item":"https:\/\/demkohome.pl\/sklep\/"},{"@type":"ListItem","position":3,"name":"Szafka kuchenna stoj\u0105ca 60 cm s\u0142upek z wn\u0119k\u0105 na piekarnik Dalia"}]},{"@type":"WebSite","@id":"https:\/\/demkohome.pl\/#website","url":"https:\/\/demkohome.pl\/","name":"Demko Home","description":"Make it simple","publisher":{"@id":"https:\/\/demkohome.pl\/#organization"},"potentialAction":[{"@type":"SearchAction","target":{"@type":"EntryPoint","urlTemplate":"https:\/\/demkohome.pl\/?s={search_term_string}"},"query-input":{"@type":"PropertyValueSpecification","valueRequired":true,"valueName":"search_term_string"}}],"inLanguage":"en-US"},{"@type":"Organization","@id":"https:\/\/demkohome.pl\/#organization","name":"Demko Home","url":"https:\/\/demkohome.pl\/","logo":{"@type":"ImageObject","inLanguage":"en-US","@id":"https:\/\/demkohome.pl\/#\/schema\/logo\/image\/","url":"https:\/\/demkohome.pl\/wp-content\/uploads\/2026\/03\/cropped-3.png","contentUrl":"https:\/\/demkohome.pl\/wp-content\/uploads\/2026\/03\/cropped-3.png","width":250,"height":63,"caption":"Demko Home"},"image":{"@id":"https:\/\/demkohome.pl\/#\/schema\/logo\/image\/"}}]}},"_links":{"self":[{"href":"https:\/\/demkohome.pl\/en\/wp-json\/wp\/v2\/product\/481","targetHints":{"allow":["GET"]}}],"collection":[{"href":"https:\/\/demkohome.pl\/en\/wp-json\/wp\/v2\/product"}],"about":[{"href":"https:\/\/demkohome.pl\/en\/wp-json\/wp\/v2\/types\/product"}],"replies":[{"embeddable":true,"href":"https:\/\/demkohome.pl\/en\/wp-json\/wp\/v2\/comments?post=481"}],"wp:featuredmedia":[{"embeddable":true,"href":"https:\/\/demkohome.pl\/en\/wp-json\/wp\/v2\/media\/5979"}],"wp:attachment":[{"href":"https:\/\/demkohome.pl\/en\/wp-json\/wp\/v2\/media?parent=481"}],"wp:term":[{"taxonomy":"product_brand","embeddable":true,"href":"https:\/\/demkohome.pl\/en\/wp-json\/wp\/v2\/product_brand?post=481"},{"taxonomy":"product_cat","embeddable":true,"href":"https:\/\/demkohome.pl\/en\/wp-json\/wp\/v2\/product_cat?post=481"},{"taxonomy":"product_tag","embeddable":true,"href":"https:\/\/demkohome.pl\/en\/wp-json\/wp\/v2\/product_tag?post=481"}],"curies":[{"name":"wp","href":"https:\/\/api.w.org\/{rel}","templated":true}]}}