{"id":502,"date":"2024-04-09T11:57:11","date_gmt":"2024-04-09T09:57:11","guid":{"rendered":"https:\/\/demkohome.pl\/produkt\/szafka-kuchenna-dolna-60-cm-dalia-biala\/"},"modified":"2026-04-23T09:17:15","modified_gmt":"2026-04-23T07:17:15","slug":"szafka-kuchenna-dolna-60-cm-dalia-biala","status":"publish","type":"product","link":"https:\/\/demkohome.pl\/en\/product\/szafka-kuchenna-dolna-60-cm-dalia-biala\/","title":{"rendered":"Standing kitchen cabinet 60 cm Dalia"},"content":{"rendered":"<h3 data-start=\"0\" data-end=\"124\">Szafka kuchenna stoj\u0105ca 60 cm Dalia to uniwersalne i funkcjonalne rozwi\u0105zanie, kt\u00f3re doskonale sprawdzi si\u0119 w ka\u017cdej kuchni.<\/h3>\n<p data-start=\"126\" data-end=\"387\">Szafka zosta\u0142a zaprojektowana z my\u015bl\u0105 o wygodnym przechowywaniu i optymalnym wykorzystaniu przestrzeni. Pojemne wn\u0119trze umo\u017cliwia uporz\u0105dkowanie naczy\u0144, produkt\u00f3w spo\u017cywczych oraz akcesori\u00f3w kuchennych, zapewniaj\u0105c \u0142atwy dost\u0119p do wszystkich niezb\u0119dnych rzeczy.<\/p>\n<p data-start=\"389\" data-end=\"415\">Funkcjonalno\u015b\u0107 na co dzie\u0144<\/p>\n<p data-start=\"417\" data-end=\"631\">Przemy\u015blana konstrukcja szafki pozwala na wygodn\u0105 organizacj\u0119 i utrzymanie porz\u0105dku w kuchni. To praktyczne miejsce do przechowywania zar\u00f3wno wi\u0119kszych element\u00f3w, jak garnki czy patelnie, jak i codziennych zapas\u00f3w.<\/p>\n<p data-start=\"633\" data-end=\"668\">Uniwersalny wymiar do ka\u017cdej kuchni<\/p>\n<p data-start=\"670\" data-end=\"899\">Szafka ta standardowy modu\u0142, kt\u00f3ry mo\u017cna \u0142atwo dopasowa\u0107 do wi\u0119kszo\u015bci uk\u0142ad\u00f3w kuchennych. Sprawdzi si\u0119 zar\u00f3wno jako pojedynczy element, jak i cz\u0119\u015b\u0107 wi\u0119kszej zabudowy, tworz\u0105c sp\u00f3jn\u0105 i funkcjonaln\u0105 przestrze\u0144.<\/p>\n<p data-start=\"901\" data-end=\"933\">Nowoczesny design kolekcji Dalia<\/p>\n<p data-start=\"935\" data-end=\"1110\">Fronty w wysokim po\u0142ysku nadaj\u0105 meblowi elegancki i nowoczesny charakter. G\u0142adka, b\u0142yszcz\u0105ca powierzchnia odbija \u015bwiat\u0142o, optycznie rozja\u015bniaj\u0105c wn\u0119trze i nadaj\u0105c mu lekko\u015bci.<\/p>\n<p data-start=\"1112\" data-end=\"1279\">Minimalistyczna forma sprawia, \u017ce szafka doskonale komponuje si\u0119 z r\u00f3\u017cnymi stylami aran\u017cacyjnymi \u2013 <strong>od nowoczesnego i minimalistycznego, po bardziej eleganckie wn\u0119trza.<\/strong><\/p>\n<p data-start=\"1281\" data-end=\"1338\" data-is-last-node=\"\" data-is-only-node=\"\"><strong>Dalia \u2013 prostota, kt\u00f3ra idzie w parze z funkcjonalno\u015bci\u0105.<br \/>\n<img loading=\"lazy\" decoding=\"async\" class=\"alignnone wp-image-136372 size-full\" src=\"https:\/\/demkohome.pl\/wp-content\/uploads\/2025\/08\/DALIA-aranzacja-zestaw.jpg\" alt=\"\" width=\"2560\" height=\"1707\" srcset=\"https:\/\/demkohome.pl\/wp-content\/uploads\/2025\/08\/DALIA-aranzacja-zestaw.jpg 2560w, https:\/\/demkohome.pl\/wp-content\/uploads\/2025\/08\/DALIA-aranzacja-zestaw-300x200.jpg 300w, https:\/\/demkohome.pl\/wp-content\/uploads\/2025\/08\/DALIA-aranzacja-zestaw-1024x683.jpg 1024w, https:\/\/demkohome.pl\/wp-content\/uploads\/2025\/08\/DALIA-aranzacja-zestaw-768x512.jpg 768w, https:\/\/demkohome.pl\/wp-content\/uploads\/2025\/08\/DALIA-aranzacja-zestaw-1536x1024.jpg 1536w, https:\/\/demkohome.pl\/wp-content\/uploads\/2025\/08\/DALIA-aranzacja-zestaw-2048x1366.jpg 2048w, https:\/\/demkohome.pl\/wp-content\/uploads\/2025\/08\/DALIA-aranzacja-zestaw-18x12.jpg 18w, https:\/\/demkohome.pl\/wp-content\/uploads\/2025\/08\/DALIA-aranzacja-zestaw-600x400.jpg 600w\" sizes=\"auto, (max-width: 2560px) 100vw, 2560px\" \/><br \/>\n<\/strong><\/p>\n<h4 data-start=\"680\" data-end=\"734\"><span style=\"color: #000000;\">Product Dimensions:<\/span><\/h4>\n<table class=\"o-product-features\" role=\"presentation\">\n<tbody>\n<tr class=\"m-product-attr-row\">\n<th class=\"m-product-attr-row__name\" scope=\"row\">\n<h6>Produkt po z\u0142o\u017ceniu: szeroko\u015b\u0107 (w cm)<\/h6>\n<\/th>\n<td class=\"m-product-attr-row__value\">\n<h6>60<\/h6>\n<\/td>\n<\/tr>\n<tr class=\"m-product-attr-row\">\n<th class=\"m-product-attr-row__name\" scope=\"row\">\n<h6>Produkt po z\u0142o\u017ceniu: g\u0142\u0119boko\u015b\u0107 (w cm)<\/h6>\n<\/th>\n<td class=\"m-product-attr-row__value\">\n<h6>56<\/h6>\n<\/td>\n<\/tr>\n<tr class=\"m-product-attr-row\">\n<th class=\"m-product-attr-row__name\" scope=\"row\">\n<h6>Produkt po z\u0142o\u017ceniu: wysoko\u015b\u0107 (w cm)<\/h6>\n<\/th>\n<td class=\"m-product-attr-row__value\">\n<h6>86,6<\/h6>\n<\/td>\n<\/tr>\n<tr class=\"m-product-attr-row\">\n<th class=\"m-product-attr-row__name\" scope=\"row\">\n<h6>Produkt w opakowaniu: waga (w kg)<\/h6>\n<\/th>\n<td class=\"m-product-attr-row__value\">\n<h6>26<\/h6>\n<\/td>\n<\/tr>\n<\/tbody>\n<\/table>\n<p data-start=\"1281\" data-end=\"1338\" data-is-last-node=\"\" data-is-only-node=\"\"><strong><img loading=\"lazy\" decoding=\"async\" class=\"alignleft wp-image-756775\" src=\"https:\/\/demkohome.pl\/wp-content\/uploads\/2024\/04\/dalia-zwykle-szafki-9-300x300.png\" alt=\"\" width=\"610\" height=\"610\" srcset=\"https:\/\/demkohome.pl\/wp-content\/uploads\/2024\/04\/dalia-zwykle-szafki-9-300x300.png 300w, https:\/\/demkohome.pl\/wp-content\/uploads\/2024\/04\/dalia-zwykle-szafki-9-1024x1024.png 1024w, https:\/\/demkohome.pl\/wp-content\/uploads\/2024\/04\/dalia-zwykle-szafki-9-150x150.png 150w, https:\/\/demkohome.pl\/wp-content\/uploads\/2024\/04\/dalia-zwykle-szafki-9-768x768.png 768w, https:\/\/demkohome.pl\/wp-content\/uploads\/2024\/04\/dalia-zwykle-szafki-9-1536x1536.png 1536w, https:\/\/demkohome.pl\/wp-content\/uploads\/2024\/04\/dalia-zwykle-szafki-9-12x12.png 12w, https:\/\/demkohome.pl\/wp-content\/uploads\/2024\/04\/dalia-zwykle-szafki-9-600x600.png 600w, https:\/\/demkohome.pl\/wp-content\/uploads\/2024\/04\/dalia-zwykle-szafki-9-100x100.png 100w, https:\/\/demkohome.pl\/wp-content\/uploads\/2024\/04\/dalia-zwykle-szafki-9.png 2048w\" sizes=\"auto, (max-width: 610px) 100vw, 610px\" \/><\/strong><\/p>","protected":false},"excerpt":{"rendered":"<p>Szafka kuchenna stoj\u0105ca 60 cm Dalia to uniwersalne i funkcjonalne rozwi\u0105zanie, kt\u00f3re doskonale sprawdzi si\u0119 w ka\u017cdej kuchni. Szafka zosta\u0142a (&#8230;)<\/p>","protected":false},"featured_media":10195,"comment_status":"open","ping_status":"closed","template":"","meta":{"_acf_changed":false,"inline_featured_image":false},"product_brand":[],"product_cat":[119,302,140,111,65,300,137,139,317,106,107],"product_tag":[],"class_list":{"0":"post-502","1":"product","2":"type-product","3":"status-publish","4":"has-post-thumbnail","6":"product_cat-dalia","7":"product_cat-kuchnia-pomieszczenia","8":"product_cat-kuchnia","9":"product_cat-kuchnie-modulowe","10":"product_cat-meble-kuchenne","11":"product_cat-meble-kuchenne-meble","12":"product_cat-meble-systemowe","13":"product_cat-pomieszczenia","14":"product_cat-szafki-meble-kuchenne-meble","15":"product_cat-szafki-kuchenne","16":"product_cat-szafki-kuchenne-stojace","17":"product_shipping_class-paczka-st-x-1","18":"collection-dalia","20":"first","21":"instock","22":"shipping-taxable","23":"purchasable","24":"product-type-simple"},"acf":[],"yoast_head":"<!-- This site is optimized with the Yoast SEO plugin v27.4 - https:\/\/yoast.com\/product\/yoast-seo-wordpress\/ -->\n<title>Szafka kuchenna stoj\u0105ca 60 cm Dalia - Demko Home<\/title>\n<meta name=\"robots\" content=\"index, follow, max-snippet:-1, max-image-preview:large, max-video-preview:-1\" \/>\n<link rel=\"canonical\" href=\"https:\/\/demkohome.pl\/en\/product\/szafka-kuchenna-dolna-60-cm-dalia-biala\/\" \/>\n<meta property=\"og:locale\" content=\"en_US\" \/>\n<meta property=\"og:type\" content=\"article\" \/>\n<meta property=\"og:title\" content=\"Szafka kuchenna stoj\u0105ca 60 cm Dalia - Demko Home\" \/>\n<meta property=\"og:description\" content=\"Szafka kuchenna stoj\u0105ca 60 cm Dalia to uniwersalne i funkcjonalne rozwi\u0105zanie, kt\u00f3re doskonale sprawdzi si\u0119 w ka\u017cdej kuchni. Szafka zosta\u0142a (...)\" \/>\n<meta property=\"og:url\" content=\"https:\/\/demkohome.pl\/en\/product\/szafka-kuchenna-dolna-60-cm-dalia-biala\/\" \/>\n<meta property=\"og:site_name\" content=\"Demko Home\" \/>\n<meta property=\"article:modified_time\" content=\"2026-04-23T07:17:15+00:00\" \/>\n<meta property=\"og:image\" content=\"https:\/\/demkohome.pl\/wp-content\/uploads\/2023\/08\/Szafka-kuchenna-stojaca-60-cm-Dalia-bialy-kolor-frontow-zamknieta-Meble-Okmed-Demko.jpg\" \/>\n\t<meta property=\"og:image:width\" content=\"1024\" \/>\n\t<meta property=\"og:image:height\" content=\"1024\" \/>\n\t<meta property=\"og:image:type\" content=\"image\/jpeg\" \/>\n<meta name=\"twitter:card\" content=\"summary_large_image\" \/>\n<meta name=\"twitter:label1\" content=\"Est. reading time\" \/>\n\t<meta name=\"twitter:data1\" content=\"3 minutes\" \/>\n<script type=\"application\/ld+json\" class=\"yoast-schema-graph\">{\"@context\":\"https:\\\/\\\/schema.org\",\"@graph\":[{\"@type\":\"WebPage\",\"@id\":\"https:\\\/\\\/demkohome.pl\\\/produkt\\\/szafka-kuchenna-dolna-60-cm-dalia-biala\\\/\",\"url\":\"https:\\\/\\\/demkohome.pl\\\/produkt\\\/szafka-kuchenna-dolna-60-cm-dalia-biala\\\/\",\"name\":\"Szafka kuchenna stoj\u0105ca 60 cm Dalia - Demko Home\",\"isPartOf\":{\"@id\":\"https:\\\/\\\/demkohome.pl\\\/#website\"},\"primaryImageOfPage\":{\"@id\":\"https:\\\/\\\/demkohome.pl\\\/produkt\\\/szafka-kuchenna-dolna-60-cm-dalia-biala\\\/#primaryimage\"},\"image\":{\"@id\":\"https:\\\/\\\/demkohome.pl\\\/produkt\\\/szafka-kuchenna-dolna-60-cm-dalia-biala\\\/#primaryimage\"},\"thumbnailUrl\":\"https:\\\/\\\/demkohome.pl\\\/wp-content\\\/uploads\\\/2023\\\/08\\\/Szafka-kuchenna-stojaca-60-cm-Dalia-bialy-kolor-frontow-zamknieta-Meble-Okmed-Demko.jpg\",\"datePublished\":\"2024-04-09T09:57:11+00:00\",\"dateModified\":\"2026-04-23T07:17:15+00:00\",\"breadcrumb\":{\"@id\":\"https:\\\/\\\/demkohome.pl\\\/produkt\\\/szafka-kuchenna-dolna-60-cm-dalia-biala\\\/#breadcrumb\"},\"inLanguage\":\"en-US\",\"potentialAction\":[{\"@type\":\"ReadAction\",\"target\":[\"https:\\\/\\\/demkohome.pl\\\/produkt\\\/szafka-kuchenna-dolna-60-cm-dalia-biala\\\/\"]}]},{\"@type\":\"ImageObject\",\"inLanguage\":\"en-US\",\"@id\":\"https:\\\/\\\/demkohome.pl\\\/produkt\\\/szafka-kuchenna-dolna-60-cm-dalia-biala\\\/#primaryimage\",\"url\":\"https:\\\/\\\/demkohome.pl\\\/wp-content\\\/uploads\\\/2023\\\/08\\\/Szafka-kuchenna-stojaca-60-cm-Dalia-bialy-kolor-frontow-zamknieta-Meble-Okmed-Demko.jpg\",\"contentUrl\":\"https:\\\/\\\/demkohome.pl\\\/wp-content\\\/uploads\\\/2023\\\/08\\\/Szafka-kuchenna-stojaca-60-cm-Dalia-bialy-kolor-frontow-zamknieta-Meble-Okmed-Demko.jpg\",\"width\":1024,\"height\":1024,\"caption\":\"Szafka kuchenna stoj\u0105ca 60 cm Dalia bialy kolor frontow zamknieta Meble Okmed Demko\"},{\"@type\":\"BreadcrumbList\",\"@id\":\"https:\\\/\\\/demkohome.pl\\\/produkt\\\/szafka-kuchenna-dolna-60-cm-dalia-biala\\\/#breadcrumb\",\"itemListElement\":[{\"@type\":\"ListItem\",\"position\":1,\"name\":\"Strona g\u0142\u00f3wna\",\"item\":\"https:\\\/\\\/demkohome.pl\\\/\"},{\"@type\":\"ListItem\",\"position\":2,\"name\":\"Sklep\",\"item\":\"https:\\\/\\\/demkohome.pl\\\/sklep\\\/\"},{\"@type\":\"ListItem\",\"position\":3,\"name\":\"Szafka kuchenna stoj\u0105ca 60 cm Dalia\"}]},{\"@type\":\"WebSite\",\"@id\":\"https:\\\/\\\/demkohome.pl\\\/#website\",\"url\":\"https:\\\/\\\/demkohome.pl\\\/\",\"name\":\"Demko Home\",\"description\":\"Make it simple\",\"publisher\":{\"@id\":\"https:\\\/\\\/demkohome.pl\\\/#organization\"},\"potentialAction\":[{\"@type\":\"SearchAction\",\"target\":{\"@type\":\"EntryPoint\",\"urlTemplate\":\"https:\\\/\\\/demkohome.pl\\\/?s={search_term_string}\"},\"query-input\":{\"@type\":\"PropertyValueSpecification\",\"valueRequired\":true,\"valueName\":\"search_term_string\"}}],\"inLanguage\":\"en-US\"},{\"@type\":\"Organization\",\"@id\":\"https:\\\/\\\/demkohome.pl\\\/#organization\",\"name\":\"Demko Home\",\"url\":\"https:\\\/\\\/demkohome.pl\\\/\",\"logo\":{\"@type\":\"ImageObject\",\"inLanguage\":\"en-US\",\"@id\":\"https:\\\/\\\/demkohome.pl\\\/#\\\/schema\\\/logo\\\/image\\\/\",\"url\":\"https:\\\/\\\/demkohome.pl\\\/wp-content\\\/uploads\\\/2026\\\/03\\\/cropped-3.png\",\"contentUrl\":\"https:\\\/\\\/demkohome.pl\\\/wp-content\\\/uploads\\\/2026\\\/03\\\/cropped-3.png\",\"width\":250,\"height\":63,\"caption\":\"Demko Home\"},\"image\":{\"@id\":\"https:\\\/\\\/demkohome.pl\\\/#\\\/schema\\\/logo\\\/image\\\/\"}}]}<\/script>\n<!-- \/ Yoast SEO plugin. -->","yoast_head_json":{"title":"Szafka kuchenna stoj\u0105ca 60 cm Dalia - Demko Home","robots":{"index":"index","follow":"follow","max-snippet":"max-snippet:-1","max-image-preview":"max-image-preview:large","max-video-preview":"max-video-preview:-1"},"canonical":"https:\/\/demkohome.pl\/en\/product\/szafka-kuchenna-dolna-60-cm-dalia-biala\/","og_locale":"en_US","og_type":"article","og_title":"Szafka kuchenna stoj\u0105ca 60 cm Dalia - Demko Home","og_description":"Szafka kuchenna stoj\u0105ca 60 cm Dalia to uniwersalne i funkcjonalne rozwi\u0105zanie, kt\u00f3re doskonale sprawdzi si\u0119 w ka\u017cdej kuchni. Szafka zosta\u0142a (...)","og_url":"https:\/\/demkohome.pl\/en\/product\/szafka-kuchenna-dolna-60-cm-dalia-biala\/","og_site_name":"Demko Home","article_modified_time":"2026-04-23T07:17:15+00:00","og_image":[{"width":1024,"height":1024,"url":"https:\/\/demkohome.pl\/wp-content\/uploads\/2023\/08\/Szafka-kuchenna-stojaca-60-cm-Dalia-bialy-kolor-frontow-zamknieta-Meble-Okmed-Demko.jpg","type":"image\/jpeg"}],"twitter_card":"summary_large_image","twitter_misc":{"Est. reading time":"3 minutes"},"schema":{"@context":"https:\/\/schema.org","@graph":[{"@type":"WebPage","@id":"https:\/\/demkohome.pl\/produkt\/szafka-kuchenna-dolna-60-cm-dalia-biala\/","url":"https:\/\/demkohome.pl\/produkt\/szafka-kuchenna-dolna-60-cm-dalia-biala\/","name":"Szafka kuchenna stoj\u0105ca 60 cm Dalia - Demko Home","isPartOf":{"@id":"https:\/\/demkohome.pl\/#website"},"primaryImageOfPage":{"@id":"https:\/\/demkohome.pl\/produkt\/szafka-kuchenna-dolna-60-cm-dalia-biala\/#primaryimage"},"image":{"@id":"https:\/\/demkohome.pl\/produkt\/szafka-kuchenna-dolna-60-cm-dalia-biala\/#primaryimage"},"thumbnailUrl":"https:\/\/demkohome.pl\/wp-content\/uploads\/2023\/08\/Szafka-kuchenna-stojaca-60-cm-Dalia-bialy-kolor-frontow-zamknieta-Meble-Okmed-Demko.jpg","datePublished":"2024-04-09T09:57:11+00:00","dateModified":"2026-04-23T07:17:15+00:00","breadcrumb":{"@id":"https:\/\/demkohome.pl\/produkt\/szafka-kuchenna-dolna-60-cm-dalia-biala\/#breadcrumb"},"inLanguage":"en-US","potentialAction":[{"@type":"ReadAction","target":["https:\/\/demkohome.pl\/produkt\/szafka-kuchenna-dolna-60-cm-dalia-biala\/"]}]},{"@type":"ImageObject","inLanguage":"en-US","@id":"https:\/\/demkohome.pl\/produkt\/szafka-kuchenna-dolna-60-cm-dalia-biala\/#primaryimage","url":"https:\/\/demkohome.pl\/wp-content\/uploads\/2023\/08\/Szafka-kuchenna-stojaca-60-cm-Dalia-bialy-kolor-frontow-zamknieta-Meble-Okmed-Demko.jpg","contentUrl":"https:\/\/demkohome.pl\/wp-content\/uploads\/2023\/08\/Szafka-kuchenna-stojaca-60-cm-Dalia-bialy-kolor-frontow-zamknieta-Meble-Okmed-Demko.jpg","width":1024,"height":1024,"caption":"Szafka kuchenna stoj\u0105ca 60 cm Dalia bialy kolor frontow zamknieta Meble Okmed Demko"},{"@type":"BreadcrumbList","@id":"https:\/\/demkohome.pl\/produkt\/szafka-kuchenna-dolna-60-cm-dalia-biala\/#breadcrumb","itemListElement":[{"@type":"ListItem","position":1,"name":"Strona g\u0142\u00f3wna","item":"https:\/\/demkohome.pl\/"},{"@type":"ListItem","position":2,"name":"Sklep","item":"https:\/\/demkohome.pl\/sklep\/"},{"@type":"ListItem","position":3,"name":"Szafka kuchenna stoj\u0105ca 60 cm Dalia"}]},{"@type":"WebSite","@id":"https:\/\/demkohome.pl\/#website","url":"https:\/\/demkohome.pl\/","name":"Demko Home","description":"Make it simple","publisher":{"@id":"https:\/\/demkohome.pl\/#organization"},"potentialAction":[{"@type":"SearchAction","target":{"@type":"EntryPoint","urlTemplate":"https:\/\/demkohome.pl\/?s={search_term_string}"},"query-input":{"@type":"PropertyValueSpecification","valueRequired":true,"valueName":"search_term_string"}}],"inLanguage":"en-US"},{"@type":"Organization","@id":"https:\/\/demkohome.pl\/#organization","name":"Demko Home","url":"https:\/\/demkohome.pl\/","logo":{"@type":"ImageObject","inLanguage":"en-US","@id":"https:\/\/demkohome.pl\/#\/schema\/logo\/image\/","url":"https:\/\/demkohome.pl\/wp-content\/uploads\/2026\/03\/cropped-3.png","contentUrl":"https:\/\/demkohome.pl\/wp-content\/uploads\/2026\/03\/cropped-3.png","width":250,"height":63,"caption":"Demko Home"},"image":{"@id":"https:\/\/demkohome.pl\/#\/schema\/logo\/image\/"}}]}},"_links":{"self":[{"href":"https:\/\/demkohome.pl\/en\/wp-json\/wp\/v2\/product\/502","targetHints":{"allow":["GET"]}}],"collection":[{"href":"https:\/\/demkohome.pl\/en\/wp-json\/wp\/v2\/product"}],"about":[{"href":"https:\/\/demkohome.pl\/en\/wp-json\/wp\/v2\/types\/product"}],"replies":[{"embeddable":true,"href":"https:\/\/demkohome.pl\/en\/wp-json\/wp\/v2\/comments?post=502"}],"wp:featuredmedia":[{"embeddable":true,"href":"https:\/\/demkohome.pl\/en\/wp-json\/wp\/v2\/media\/10195"}],"wp:attachment":[{"href":"https:\/\/demkohome.pl\/en\/wp-json\/wp\/v2\/media?parent=502"}],"wp:term":[{"taxonomy":"product_brand","embeddable":true,"href":"https:\/\/demkohome.pl\/en\/wp-json\/wp\/v2\/product_brand?post=502"},{"taxonomy":"product_cat","embeddable":true,"href":"https:\/\/demkohome.pl\/en\/wp-json\/wp\/v2\/product_cat?post=502"},{"taxonomy":"product_tag","embeddable":true,"href":"https:\/\/demkohome.pl\/en\/wp-json\/wp\/v2\/product_tag?post=502"}],"curies":[{"name":"wp","href":"https:\/\/api.w.org\/{rel}","templated":true}]}}