{"id":509,"date":"2024-04-09T11:36:19","date_gmt":"2024-04-09T09:36:19","guid":{"rendered":"https:\/\/demkohome.pl\/produkt\/szafka-kuchenna-piekarnik-dolna-60-cm-dalia-biala\/"},"modified":"2026-04-19T09:17:10","modified_gmt":"2026-04-19T07:17:10","slug":"szafka-kuchenna-piekarnik-dolna-60-cm-dalia-biala","status":"publish","type":"product","link":"https:\/\/demkohome.pl\/en\/product\/szafka-kuchenna-piekarnik-dolna-60-cm-dalia-biala\/","title":{"rendered":"Kitchen cabinet oven standing 60 cm Dalia"},"content":{"rendered":"<div style=\"font-family: 'Noto Sans', sans-serif; font-size: 17px;\">\n<h2>Kitchen oven cabinet 60 cm Dalia<\/h2>\n<p>Are you considering changing your oven? Or maybe an entire kitchen segment? The Dalia collection, together with the 60 cm standing kitchen oven cabinet, is a proposal for those who value functionality and modern design. The design of the oven cabinet (60 x 86.6 x 56 cm) was created using the universal dimensions of built-in ovens, thanks to which they are perfectly matched to the dimensions of the cabinet.In addition, the simple geometric shapes of the solid and graphite-white color scheme make the cabinet fit perfectly into a variety of kitchen arrangements. The cabinet can also be easily adjusted to the ground and ensure its aesthetic appearance. This is made possible by adjustable legs and high pedestals. In addition, the solid construction of the solid is made of laminated board, and the edges are finished with durable PVC material that guarantees resistance to mechanical damage and easy maintenance. Kitchen cabinet for oven 60 cm Dalia is simply a good choice. The cabinet does not include a countertop. It is possible to buy any of the three color variants from <a href=\"https:\/\/demkohome.pl\/en\/product-category\/meble-kuchenne\/blaty-kuchenne\/\">sides of kitchen countertops<\/a>.<\/p>\n<h3>Use additional cabinets from the Dalia line and create your own kitchen composition<\/h3>\n<div class=\"container\">\n<div class=\"row\"><img decoding=\"async\" style=\"width: 100%; border-radius: 5px; box-shadow: 0px 0px 5px rgba(0, 0, 0, 0.1); display: block; object-fit: cover; margin-top: 30px; margin-bottom: 30px;\" src=\"https:\/\/demkohome.pl\/wp-content\/uploads\/2024\/01\/Kolekcja-mebli-kuchennych-DALIA-aranzacja-rozbudowana-Meble-Okmed-2.jpg\" alt=\"Zdj\u0119cie 1\" \/><\/div>\n<\/div>\n<p>Do you have a larger kitchen space to arrange? No problem - just enrich the 60 cm kitchen oven cabinet with additional Dalia cabinets, which will work perfectly even in a room with a really large area. Dalia is a flexible set that you can easily adjust to your needs, as well as the size and layout of your kitchen.<\/p>\n<\/div>","protected":false},"excerpt":{"rendered":"<p>Szafka kuchenna na piekarnik 60 cm Dalia Rozwa\u017casz zmian\u0119 piekarnika? A mo\u017ce ca\u0142ego segmentu kuchennego? Kolekcja Dalia, wraz ze stoj\u0105c\u0105 (&#8230;)<\/p>","protected":false},"featured_media":10185,"comment_status":"open","ping_status":"closed","template":"","meta":{"_acf_changed":false,"inline_featured_image":false},"product_brand":[],"product_cat":[119,140,65,137,139,106,107],"product_tag":[],"class_list":{"0":"post-509","1":"product","2":"type-product","3":"status-publish","4":"has-post-thumbnail","6":"product_cat-dalia","7":"product_cat-kuchnia","8":"product_cat-meble-kuchenne","9":"product_cat-meble-systemowe","10":"product_cat-pomieszczenia","11":"product_cat-szafki-kuchenne","12":"product_cat-szafki-kuchenne-stojace","13":"product_shipping_class-przesylka-dpd-15-pln","14":"collection-dalia","16":"first","17":"instock","18":"shipping-taxable","19":"purchasable","20":"product-type-simple"},"acf":[],"yoast_head":"<!-- This site is optimized with the Yoast SEO plugin v27.4 - https:\/\/yoast.com\/product\/yoast-seo-wordpress\/ -->\n<title>Szafka kuchenna piekarnik stoj\u0105ca 60 cm Dalia - Demko Home<\/title>\n<meta name=\"robots\" content=\"index, follow, max-snippet:-1, max-image-preview:large, max-video-preview:-1\" \/>\n<link rel=\"canonical\" href=\"https:\/\/demkohome.pl\/en\/product\/szafka-kuchenna-piekarnik-dolna-60-cm-dalia-biala\/\" \/>\n<meta property=\"og:locale\" content=\"en_US\" \/>\n<meta property=\"og:type\" content=\"article\" \/>\n<meta property=\"og:title\" content=\"Szafka kuchenna piekarnik stoj\u0105ca 60 cm Dalia - Demko Home\" \/>\n<meta property=\"og:description\" content=\"Szafka kuchenna na piekarnik 60 cm Dalia Rozwa\u017casz zmian\u0119 piekarnika? A mo\u017ce ca\u0142ego segmentu kuchennego? Kolekcja Dalia, wraz ze stoj\u0105c\u0105 (...)\" \/>\n<meta property=\"og:url\" content=\"https:\/\/demkohome.pl\/en\/product\/szafka-kuchenna-piekarnik-dolna-60-cm-dalia-biala\/\" \/>\n<meta property=\"og:site_name\" content=\"Demko Home\" \/>\n<meta property=\"article:modified_time\" content=\"2026-04-19T07:17:10+00:00\" \/>\n<meta property=\"og:image\" content=\"https:\/\/demkohome.pl\/wp-content\/uploads\/2023\/08\/Szafka-kuchenna-piekarnik-60-cm-Dalia-zamknieta-Meble-Okmed-Demko.jpg\" \/>\n\t<meta property=\"og:image:width\" content=\"1024\" \/>\n\t<meta property=\"og:image:height\" content=\"1024\" \/>\n\t<meta property=\"og:image:type\" content=\"image\/jpeg\" \/>\n<meta name=\"twitter:card\" content=\"summary_large_image\" \/>\n<meta name=\"twitter:label1\" content=\"Est. reading time\" \/>\n\t<meta name=\"twitter:data1\" content=\"3 minutes\" \/>\n<script type=\"application\/ld+json\" class=\"yoast-schema-graph\">{\"@context\":\"https:\\\/\\\/schema.org\",\"@graph\":[{\"@type\":\"WebPage\",\"@id\":\"https:\\\/\\\/demkohome.pl\\\/produkt\\\/szafka-kuchenna-piekarnik-dolna-60-cm-dalia-biala\\\/\",\"url\":\"https:\\\/\\\/demkohome.pl\\\/produkt\\\/szafka-kuchenna-piekarnik-dolna-60-cm-dalia-biala\\\/\",\"name\":\"Szafka kuchenna piekarnik stoj\u0105ca 60 cm Dalia - Demko Home\",\"isPartOf\":{\"@id\":\"https:\\\/\\\/demkohome.pl\\\/#website\"},\"primaryImageOfPage\":{\"@id\":\"https:\\\/\\\/demkohome.pl\\\/produkt\\\/szafka-kuchenna-piekarnik-dolna-60-cm-dalia-biala\\\/#primaryimage\"},\"image\":{\"@id\":\"https:\\\/\\\/demkohome.pl\\\/produkt\\\/szafka-kuchenna-piekarnik-dolna-60-cm-dalia-biala\\\/#primaryimage\"},\"thumbnailUrl\":\"https:\\\/\\\/demkohome.pl\\\/wp-content\\\/uploads\\\/2023\\\/08\\\/Szafka-kuchenna-piekarnik-60-cm-Dalia-zamknieta-Meble-Okmed-Demko.jpg\",\"datePublished\":\"2024-04-09T09:36:19+00:00\",\"dateModified\":\"2026-04-19T07:17:10+00:00\",\"breadcrumb\":{\"@id\":\"https:\\\/\\\/demkohome.pl\\\/produkt\\\/szafka-kuchenna-piekarnik-dolna-60-cm-dalia-biala\\\/#breadcrumb\"},\"inLanguage\":\"en-US\",\"potentialAction\":[{\"@type\":\"ReadAction\",\"target\":[\"https:\\\/\\\/demkohome.pl\\\/produkt\\\/szafka-kuchenna-piekarnik-dolna-60-cm-dalia-biala\\\/\"]}]},{\"@type\":\"ImageObject\",\"inLanguage\":\"en-US\",\"@id\":\"https:\\\/\\\/demkohome.pl\\\/produkt\\\/szafka-kuchenna-piekarnik-dolna-60-cm-dalia-biala\\\/#primaryimage\",\"url\":\"https:\\\/\\\/demkohome.pl\\\/wp-content\\\/uploads\\\/2023\\\/08\\\/Szafka-kuchenna-piekarnik-60-cm-Dalia-zamknieta-Meble-Okmed-Demko.jpg\",\"contentUrl\":\"https:\\\/\\\/demkohome.pl\\\/wp-content\\\/uploads\\\/2023\\\/08\\\/Szafka-kuchenna-piekarnik-60-cm-Dalia-zamknieta-Meble-Okmed-Demko.jpg\",\"width\":1024,\"height\":1024,\"caption\":\"Szafka kuchenna piekarnik 60 cm Dalia zamkni\u0119ta Meble Okmed Demko\"},{\"@type\":\"BreadcrumbList\",\"@id\":\"https:\\\/\\\/demkohome.pl\\\/produkt\\\/szafka-kuchenna-piekarnik-dolna-60-cm-dalia-biala\\\/#breadcrumb\",\"itemListElement\":[{\"@type\":\"ListItem\",\"position\":1,\"name\":\"Strona g\u0142\u00f3wna\",\"item\":\"https:\\\/\\\/demkohome.pl\\\/\"},{\"@type\":\"ListItem\",\"position\":2,\"name\":\"Sklep\",\"item\":\"https:\\\/\\\/demkohome.pl\\\/sklep\\\/\"},{\"@type\":\"ListItem\",\"position\":3,\"name\":\"Szafka kuchenna piekarnik stoj\u0105ca 60 cm Dalia\"}]},{\"@type\":\"WebSite\",\"@id\":\"https:\\\/\\\/demkohome.pl\\\/#website\",\"url\":\"https:\\\/\\\/demkohome.pl\\\/\",\"name\":\"Demko Home\",\"description\":\"Make it simple\",\"publisher\":{\"@id\":\"https:\\\/\\\/demkohome.pl\\\/#organization\"},\"potentialAction\":[{\"@type\":\"SearchAction\",\"target\":{\"@type\":\"EntryPoint\",\"urlTemplate\":\"https:\\\/\\\/demkohome.pl\\\/?s={search_term_string}\"},\"query-input\":{\"@type\":\"PropertyValueSpecification\",\"valueRequired\":true,\"valueName\":\"search_term_string\"}}],\"inLanguage\":\"en-US\"},{\"@type\":\"Organization\",\"@id\":\"https:\\\/\\\/demkohome.pl\\\/#organization\",\"name\":\"Demko Home\",\"url\":\"https:\\\/\\\/demkohome.pl\\\/\",\"logo\":{\"@type\":\"ImageObject\",\"inLanguage\":\"en-US\",\"@id\":\"https:\\\/\\\/demkohome.pl\\\/#\\\/schema\\\/logo\\\/image\\\/\",\"url\":\"https:\\\/\\\/demkohome.pl\\\/wp-content\\\/uploads\\\/2026\\\/03\\\/cropped-3.png\",\"contentUrl\":\"https:\\\/\\\/demkohome.pl\\\/wp-content\\\/uploads\\\/2026\\\/03\\\/cropped-3.png\",\"width\":250,\"height\":63,\"caption\":\"Demko Home\"},\"image\":{\"@id\":\"https:\\\/\\\/demkohome.pl\\\/#\\\/schema\\\/logo\\\/image\\\/\"}}]}<\/script>\n<!-- \/ Yoast SEO plugin. -->","yoast_head_json":{"title":"Szafka kuchenna piekarnik stoj\u0105ca 60 cm Dalia - Demko Home","robots":{"index":"index","follow":"follow","max-snippet":"max-snippet:-1","max-image-preview":"max-image-preview:large","max-video-preview":"max-video-preview:-1"},"canonical":"https:\/\/demkohome.pl\/en\/product\/szafka-kuchenna-piekarnik-dolna-60-cm-dalia-biala\/","og_locale":"en_US","og_type":"article","og_title":"Szafka kuchenna piekarnik stoj\u0105ca 60 cm Dalia - Demko Home","og_description":"Szafka kuchenna na piekarnik 60 cm Dalia Rozwa\u017casz zmian\u0119 piekarnika? A mo\u017ce ca\u0142ego segmentu kuchennego? Kolekcja Dalia, wraz ze stoj\u0105c\u0105 (...)","og_url":"https:\/\/demkohome.pl\/en\/product\/szafka-kuchenna-piekarnik-dolna-60-cm-dalia-biala\/","og_site_name":"Demko Home","article_modified_time":"2026-04-19T07:17:10+00:00","og_image":[{"width":1024,"height":1024,"url":"https:\/\/demkohome.pl\/wp-content\/uploads\/2023\/08\/Szafka-kuchenna-piekarnik-60-cm-Dalia-zamknieta-Meble-Okmed-Demko.jpg","type":"image\/jpeg"}],"twitter_card":"summary_large_image","twitter_misc":{"Est. reading time":"3 minutes"},"schema":{"@context":"https:\/\/schema.org","@graph":[{"@type":"WebPage","@id":"https:\/\/demkohome.pl\/produkt\/szafka-kuchenna-piekarnik-dolna-60-cm-dalia-biala\/","url":"https:\/\/demkohome.pl\/produkt\/szafka-kuchenna-piekarnik-dolna-60-cm-dalia-biala\/","name":"Szafka kuchenna piekarnik stoj\u0105ca 60 cm Dalia - Demko Home","isPartOf":{"@id":"https:\/\/demkohome.pl\/#website"},"primaryImageOfPage":{"@id":"https:\/\/demkohome.pl\/produkt\/szafka-kuchenna-piekarnik-dolna-60-cm-dalia-biala\/#primaryimage"},"image":{"@id":"https:\/\/demkohome.pl\/produkt\/szafka-kuchenna-piekarnik-dolna-60-cm-dalia-biala\/#primaryimage"},"thumbnailUrl":"https:\/\/demkohome.pl\/wp-content\/uploads\/2023\/08\/Szafka-kuchenna-piekarnik-60-cm-Dalia-zamknieta-Meble-Okmed-Demko.jpg","datePublished":"2024-04-09T09:36:19+00:00","dateModified":"2026-04-19T07:17:10+00:00","breadcrumb":{"@id":"https:\/\/demkohome.pl\/produkt\/szafka-kuchenna-piekarnik-dolna-60-cm-dalia-biala\/#breadcrumb"},"inLanguage":"en-US","potentialAction":[{"@type":"ReadAction","target":["https:\/\/demkohome.pl\/produkt\/szafka-kuchenna-piekarnik-dolna-60-cm-dalia-biala\/"]}]},{"@type":"ImageObject","inLanguage":"en-US","@id":"https:\/\/demkohome.pl\/produkt\/szafka-kuchenna-piekarnik-dolna-60-cm-dalia-biala\/#primaryimage","url":"https:\/\/demkohome.pl\/wp-content\/uploads\/2023\/08\/Szafka-kuchenna-piekarnik-60-cm-Dalia-zamknieta-Meble-Okmed-Demko.jpg","contentUrl":"https:\/\/demkohome.pl\/wp-content\/uploads\/2023\/08\/Szafka-kuchenna-piekarnik-60-cm-Dalia-zamknieta-Meble-Okmed-Demko.jpg","width":1024,"height":1024,"caption":"Szafka kuchenna piekarnik 60 cm Dalia zamkni\u0119ta Meble Okmed Demko"},{"@type":"BreadcrumbList","@id":"https:\/\/demkohome.pl\/produkt\/szafka-kuchenna-piekarnik-dolna-60-cm-dalia-biala\/#breadcrumb","itemListElement":[{"@type":"ListItem","position":1,"name":"Strona g\u0142\u00f3wna","item":"https:\/\/demkohome.pl\/"},{"@type":"ListItem","position":2,"name":"Sklep","item":"https:\/\/demkohome.pl\/sklep\/"},{"@type":"ListItem","position":3,"name":"Szafka kuchenna piekarnik stoj\u0105ca 60 cm Dalia"}]},{"@type":"WebSite","@id":"https:\/\/demkohome.pl\/#website","url":"https:\/\/demkohome.pl\/","name":"Demko Home","description":"Make it simple","publisher":{"@id":"https:\/\/demkohome.pl\/#organization"},"potentialAction":[{"@type":"SearchAction","target":{"@type":"EntryPoint","urlTemplate":"https:\/\/demkohome.pl\/?s={search_term_string}"},"query-input":{"@type":"PropertyValueSpecification","valueRequired":true,"valueName":"search_term_string"}}],"inLanguage":"en-US"},{"@type":"Organization","@id":"https:\/\/demkohome.pl\/#organization","name":"Demko Home","url":"https:\/\/demkohome.pl\/","logo":{"@type":"ImageObject","inLanguage":"en-US","@id":"https:\/\/demkohome.pl\/#\/schema\/logo\/image\/","url":"https:\/\/demkohome.pl\/wp-content\/uploads\/2026\/03\/cropped-3.png","contentUrl":"https:\/\/demkohome.pl\/wp-content\/uploads\/2026\/03\/cropped-3.png","width":250,"height":63,"caption":"Demko Home"},"image":{"@id":"https:\/\/demkohome.pl\/#\/schema\/logo\/image\/"}}]}},"_links":{"self":[{"href":"https:\/\/demkohome.pl\/en\/wp-json\/wp\/v2\/product\/509","targetHints":{"allow":["GET"]}}],"collection":[{"href":"https:\/\/demkohome.pl\/en\/wp-json\/wp\/v2\/product"}],"about":[{"href":"https:\/\/demkohome.pl\/en\/wp-json\/wp\/v2\/types\/product"}],"replies":[{"embeddable":true,"href":"https:\/\/demkohome.pl\/en\/wp-json\/wp\/v2\/comments?post=509"}],"wp:featuredmedia":[{"embeddable":true,"href":"https:\/\/demkohome.pl\/en\/wp-json\/wp\/v2\/media\/10185"}],"wp:attachment":[{"href":"https:\/\/demkohome.pl\/en\/wp-json\/wp\/v2\/media?parent=509"}],"wp:term":[{"taxonomy":"product_brand","embeddable":true,"href":"https:\/\/demkohome.pl\/en\/wp-json\/wp\/v2\/product_brand?post=509"},{"taxonomy":"product_cat","embeddable":true,"href":"https:\/\/demkohome.pl\/en\/wp-json\/wp\/v2\/product_cat?post=509"},{"taxonomy":"product_tag","embeddable":true,"href":"https:\/\/demkohome.pl\/en\/wp-json\/wp\/v2\/product_tag?post=509"}],"curies":[{"name":"wp","href":"https:\/\/api.w.org\/{rel}","templated":true}]}}