{"id":539931,"date":"2025-12-29T12:48:41","date_gmt":"2025-12-29T11:48:41","guid":{"rendered":"https:\/\/demkohome.pl\/?post_type=product&#038;p=539931"},"modified":"2026-04-17T11:40:36","modified_gmt":"2026-04-17T09:40:36","slug":"szafka-nocna-roma","status":"publish","type":"product","link":"https:\/\/demkohome.pl\/en\/product\/szafka-nocna-roma\/","title":{"rendered":"Szafka nocna Roma"},"content":{"rendered":"<h3 data-start=\"0\" data-end=\"135\">Szafka nocna Roma to nowoczesny mebel, kt\u00f3ry \u0142\u0105czy funkcjonalno\u015b\u0107 z wyrazistym designem inspirowanym aktualnymi trendami wn\u0119trzarskimi.<\/h3>\n<p data-start=\"137\" data-end=\"439\">Zosta\u0142a zaprojektowana z my\u015bl\u0105 o wygodnym u\u017cytkowaniu przy \u0142\u00f3\u017cku oraz estetycznym uzupe\u0142nieniu przestrzeni w sypialni. Praktyczny uk\u0142ad z dwiema szufladami pozwala na przechowywanie najpotrzebniejszych przedmiot\u00f3w, takich jak ksi\u0105\u017cki, akcesoria czy drobiazgi, pomagaj\u0105c utrzyma\u0107 porz\u0105dek i organizacj\u0119.<\/p>\n<p data-start=\"441\" data-end=\"661\">Charakterystycznym elementem szafki s\u0105 fronty w dekorze jode\u0142ki, kt\u00f3re nadaj\u0105 meblowi elegancji i subtelnej dekoracyjno\u015bci. Wz\u00f3r ten wprowadza do wn\u0119trza rytm i g\u0142\u0119bi\u0119, zachowuj\u0105c jednocze\u015bnie nowoczesny charakter bry\u0142y.<\/p>\n<p data-start=\"663\" data-end=\"930\">Czarny korpus stanowi wyra\u017any kontrast dla jasnych front\u00f3w, podkre\u015blaj\u0105c <strong>loftowy<\/strong> styl szafki i nadaj\u0105c jej wyrazisto\u015bci. Takie zestawienie kolorystyczne sprawia, \u017ce mebel doskonale komponuje si\u0119 zar\u00f3wno z <strong>nowoczesnymi, jak i bardziej klasycznymi aran\u017cacjami sypialni<\/strong>.<\/p>\n<p data-start=\"932\" data-end=\"1106\">Minimalistyczna forma oraz staranne wyko\u0144czenie sprawiaj\u0105, \u017ce szafka prezentuje si\u0119 lekko i elegancko, a jednocze\u015bnie pozostaje praktycznym elementem codziennego u\u017cytkowania.<\/p>\n<p data-start=\"1108\" data-end=\"1258\" data-is-last-node=\"\" data-is-only-node=\"\"><strong>Roma to propozycja dla os\u00f3b, kt\u00f3re szukaj\u0105 stylowej i funkcjonalnej szafki nocnej, dopasowanej do wsp\u00f3\u0142czesnych wn\u0119trz i r\u00f3\u017cnych styl\u00f3w aran\u017cacyjnych.<\/strong><\/p>\n<p data-start=\"66\" data-end=\"589\">\n<p data-start=\"66\" data-end=\"589\">\n<p data-start=\"66\" data-end=\"589\"><img loading=\"lazy\" decoding=\"async\" class=\"alignnone wp-image-520063 size-full\" src=\"https:\/\/demkohome.pl\/wp-content\/uploads\/2025\/12\/Gemini_Generated_Image_ol75p3ol75p3ol75.png\" alt=\"\" width=\"2272\" height=\"1888\" srcset=\"https:\/\/demkohome.pl\/wp-content\/uploads\/2025\/12\/Gemini_Generated_Image_ol75p3ol75p3ol75.png 2272w, https:\/\/demkohome.pl\/wp-content\/uploads\/2025\/12\/Gemini_Generated_Image_ol75p3ol75p3ol75-300x249.png 300w, https:\/\/demkohome.pl\/wp-content\/uploads\/2025\/12\/Gemini_Generated_Image_ol75p3ol75p3ol75-1024x851.png 1024w, https:\/\/demkohome.pl\/wp-content\/uploads\/2025\/12\/Gemini_Generated_Image_ol75p3ol75p3ol75-768x638.png 768w, https:\/\/demkohome.pl\/wp-content\/uploads\/2025\/12\/Gemini_Generated_Image_ol75p3ol75p3ol75-1536x1276.png 1536w, https:\/\/demkohome.pl\/wp-content\/uploads\/2025\/12\/Gemini_Generated_Image_ol75p3ol75p3ol75-2048x1702.png 2048w, https:\/\/demkohome.pl\/wp-content\/uploads\/2025\/12\/Gemini_Generated_Image_ol75p3ol75p3ol75-14x12.png 14w, https:\/\/demkohome.pl\/wp-content\/uploads\/2025\/12\/Gemini_Generated_Image_ol75p3ol75p3ol75-600x499.png 600w\" sizes=\"auto, (max-width: 2272px) 100vw, 2272px\" \/><\/p>\n<p data-start=\"66\" data-end=\"589\">\n<h4 data-start=\"680\" data-end=\"734\"><span style=\"color: #000000;\">Product Dimensions:<\/span><\/h4>\n<table class=\"o-product-features\" role=\"presentation\">\n<tbody>\n<tr class=\"m-product-attr-row\">\n<th class=\"m-product-attr-row__name\" scope=\"row\">\n<h6>Produkt po z\u0142o\u017ceniu: szeroko\u015b\u0107 (w cm)<\/h6>\n<\/th>\n<td class=\"m-product-attr-row__value\">\n<h6>85<\/h6>\n<\/td>\n<\/tr>\n<tr class=\"m-product-attr-row\">\n<th class=\"m-product-attr-row__name\" scope=\"row\">\n<h6>Produkt po z\u0142o\u017ceniu: g\u0142\u0119boko\u015b\u0107 (w cm)<\/h6>\n<\/th>\n<td class=\"m-product-attr-row__value\">\n<h6>38<\/h6>\n<\/td>\n<\/tr>\n<tr class=\"m-product-attr-row\">\n<th class=\"m-product-attr-row__name\" scope=\"row\">\n<h6>Produkt po z\u0142o\u017ceniu: wysoko\u015b\u0107 (w cm)<\/h6>\n<\/th>\n<td class=\"m-product-attr-row__value\">\n<h6>90<\/h6>\n<\/td>\n<\/tr>\n<tr class=\"m-product-attr-row\">\n<th class=\"m-product-attr-row__name\" scope=\"row\">\n<h6>Produkt w opakowaniu: waga (w kg)<\/h6>\n<\/th>\n<td class=\"m-product-attr-row__value\">\n<h6>42<\/h6>\n<\/td>\n<\/tr>\n<\/tbody>\n<\/table>\n<p><img loading=\"lazy\" decoding=\"async\" class=\"alignleft wp-image-746762\" src=\"https:\/\/demkohome.pl\/wp-content\/uploads\/2025\/12\/81-cm-4000-x-2048-px-3-300x154.png\" alt=\"\" width=\"1269\" height=\"650\" srcset=\"https:\/\/demkohome.pl\/wp-content\/uploads\/2025\/12\/81-cm-4000-x-2048-px-3-300x154.png 300w, https:\/\/demkohome.pl\/wp-content\/uploads\/2025\/12\/81-cm-4000-x-2048-px-3-1024x524.png 1024w, https:\/\/demkohome.pl\/wp-content\/uploads\/2025\/12\/81-cm-4000-x-2048-px-3-768x393.png 768w, https:\/\/demkohome.pl\/wp-content\/uploads\/2025\/12\/81-cm-4000-x-2048-px-3-1536x786.png 1536w, https:\/\/demkohome.pl\/wp-content\/uploads\/2025\/12\/81-cm-4000-x-2048-px-3-2048x1049.png 2048w, https:\/\/demkohome.pl\/wp-content\/uploads\/2025\/12\/81-cm-4000-x-2048-px-3-18x9.png 18w, https:\/\/demkohome.pl\/wp-content\/uploads\/2025\/12\/81-cm-4000-x-2048-px-3-600x307.png 600w\" sizes=\"auto, (max-width: 1269px) 100vw, 1269px\" \/><\/p>","protected":false},"excerpt":{"rendered":"<p>Szafka nocna Roma to nowoczesny mebel, kt\u00f3ry \u0142\u0105czy funkcjonalno\u015b\u0107 z wyrazistym designem inspirowanym aktualnymi trendami wn\u0119trzarskimi. Zosta\u0142a zaprojektowana z my\u015bl\u0105 (&#8230;)<\/p>","protected":false},"featured_media":520067,"comment_status":"open","ping_status":"closed","template":"","meta":{"_acf_changed":false,"inline_featured_image":false},"product_brand":[],"product_cat":[307,127,308,130],"product_tag":[],"class_list":{"0":"post-539931","1":"product","2":"type-product","3":"status-publish","4":"has-post-thumbnail","6":"product_cat-meble-pokojowe-meble","7":"product_cat-meble-pokojowe","8":"product_cat-szafki-meble-pokojowe-meble","9":"product_cat-szafki","10":"product_shipping_class-paczka-st-x-1","11":"collection-roma-pokoj","13":"first","14":"instock","15":"shipping-taxable","16":"purchasable","17":"product-type-simple"},"acf":[],"yoast_head":"<!-- This site is optimized with the Yoast SEO plugin v27.4 - https:\/\/yoast.com\/product\/yoast-seo-wordpress\/ -->\n<title>Szafka nocna Roma - Demko Home<\/title>\n<meta name=\"description\" content=\"Szafka nocna Roma to nowoczesny mebel, kt\u00f3ry \u0142\u0105czy funkcjonalno\u015b\u0107 z wyrazistym designem inspirowanym aktualnymi trendami wn\u0119trzarskimi.\" \/>\n<meta name=\"robots\" content=\"index, follow, max-snippet:-1, max-image-preview:large, max-video-preview:-1\" \/>\n<link rel=\"canonical\" href=\"https:\/\/demkohome.pl\/en\/product\/szafka-nocna-roma\/\" \/>\n<meta property=\"og:locale\" content=\"en_US\" \/>\n<meta property=\"og:type\" content=\"article\" \/>\n<meta property=\"og:title\" content=\"Szafka nocna Roma jode\u0142ka\" \/>\n<meta property=\"og:description\" content=\"Szafka nocna Roma to nowoczesny mebel, kt\u00f3ry \u0142\u0105czy funkcjonalno\u015b\u0107 z wyrazistym designem inspirowanym aktualnymi trendami wn\u0119trzarskimi.\" \/>\n<meta property=\"og:url\" content=\"https:\/\/demkohome.pl\/en\/product\/szafka-nocna-roma\/\" \/>\n<meta property=\"og:site_name\" content=\"Demko Home\" \/>\n<meta property=\"article:modified_time\" content=\"2026-04-17T09:40:36+00:00\" \/>\n<meta property=\"og:image\" content=\"https:\/\/demkohome.pl\/wp-content\/uploads\/2025\/12\/Sz.-pok.-ROMA-Szafka-Nocna-S2-JodelkaCzarnyFSC-scaled.jpg\" \/>\n\t<meta property=\"og:image:width\" content=\"2560\" \/>\n\t<meta property=\"og:image:height\" content=\"1741\" \/>\n\t<meta property=\"og:image:type\" content=\"image\/jpeg\" \/>\n<meta name=\"twitter:card\" content=\"summary_large_image\" \/>\n<meta name=\"twitter:title\" content=\"Szafka nocna Roma jode\u0142ka\" \/>\n<meta name=\"twitter:description\" content=\"Szafka nocna Roma to nowoczesny mebel, kt\u00f3ry \u0142\u0105czy funkcjonalno\u015b\u0107 z wyrazistym designem inspirowanym aktualnymi trendami wn\u0119trzarskimi.\" \/>\n<meta name=\"twitter:image\" content=\"https:\/\/demkohome.pl\/wp-content\/uploads\/2025\/12\/Sz.-pok.-ROMA-Szafka-Nocna-S2-JodelkaCzarnyFSC-scaled.jpg\" \/>\n<meta name=\"twitter:label1\" content=\"Est. reading time\" \/>\n\t<meta name=\"twitter:data1\" content=\"3 minutes\" \/>\n<script type=\"application\/ld+json\" class=\"yoast-schema-graph\">{\"@context\":\"https:\\\/\\\/schema.org\",\"@graph\":[{\"@type\":\"WebPage\",\"@id\":\"https:\\\/\\\/demkohome.pl\\\/produkt\\\/szafka-nocna-roma\\\/\",\"url\":\"https:\\\/\\\/demkohome.pl\\\/produkt\\\/szafka-nocna-roma\\\/\",\"name\":\"Szafka nocna Roma - Demko Home\",\"isPartOf\":{\"@id\":\"https:\\\/\\\/demkohome.pl\\\/#website\"},\"primaryImageOfPage\":{\"@id\":\"https:\\\/\\\/demkohome.pl\\\/produkt\\\/szafka-nocna-roma\\\/#primaryimage\"},\"image\":{\"@id\":\"https:\\\/\\\/demkohome.pl\\\/produkt\\\/szafka-nocna-roma\\\/#primaryimage\"},\"thumbnailUrl\":\"https:\\\/\\\/demkohome.pl\\\/wp-content\\\/uploads\\\/2025\\\/12\\\/Sz.-pok.-ROMA-Szafka-Nocna-S2-JodelkaCzarnyFSC-scaled.jpg\",\"datePublished\":\"2025-12-29T11:48:41+00:00\",\"dateModified\":\"2026-04-17T09:40:36+00:00\",\"description\":\"Szafka nocna Roma to nowoczesny mebel, kt\u00f3ry \u0142\u0105czy funkcjonalno\u015b\u0107 z wyrazistym designem inspirowanym aktualnymi trendami wn\u0119trzarskimi.\",\"breadcrumb\":{\"@id\":\"https:\\\/\\\/demkohome.pl\\\/produkt\\\/szafka-nocna-roma\\\/#breadcrumb\"},\"inLanguage\":\"en-US\",\"potentialAction\":[{\"@type\":\"ReadAction\",\"target\":[\"https:\\\/\\\/demkohome.pl\\\/produkt\\\/szafka-nocna-roma\\\/\"]}]},{\"@type\":\"ImageObject\",\"inLanguage\":\"en-US\",\"@id\":\"https:\\\/\\\/demkohome.pl\\\/produkt\\\/szafka-nocna-roma\\\/#primaryimage\",\"url\":\"https:\\\/\\\/demkohome.pl\\\/wp-content\\\/uploads\\\/2025\\\/12\\\/Sz.-pok.-ROMA-Szafka-Nocna-S2-JodelkaCzarnyFSC-scaled.jpg\",\"contentUrl\":\"https:\\\/\\\/demkohome.pl\\\/wp-content\\\/uploads\\\/2025\\\/12\\\/Sz.-pok.-ROMA-Szafka-Nocna-S2-JodelkaCzarnyFSC-scaled.jpg\",\"width\":2560,\"height\":1741},{\"@type\":\"BreadcrumbList\",\"@id\":\"https:\\\/\\\/demkohome.pl\\\/produkt\\\/szafka-nocna-roma\\\/#breadcrumb\",\"itemListElement\":[{\"@type\":\"ListItem\",\"position\":1,\"name\":\"Strona g\u0142\u00f3wna\",\"item\":\"https:\\\/\\\/demkohome.pl\\\/\"},{\"@type\":\"ListItem\",\"position\":2,\"name\":\"Sklep\",\"item\":\"https:\\\/\\\/demkohome.pl\\\/sklep\\\/\"},{\"@type\":\"ListItem\",\"position\":3,\"name\":\"Szafka nocna Roma\"}]},{\"@type\":\"WebSite\",\"@id\":\"https:\\\/\\\/demkohome.pl\\\/#website\",\"url\":\"https:\\\/\\\/demkohome.pl\\\/\",\"name\":\"Demko Home\",\"description\":\"Make it simple\",\"publisher\":{\"@id\":\"https:\\\/\\\/demkohome.pl\\\/#organization\"},\"potentialAction\":[{\"@type\":\"SearchAction\",\"target\":{\"@type\":\"EntryPoint\",\"urlTemplate\":\"https:\\\/\\\/demkohome.pl\\\/?s={search_term_string}\"},\"query-input\":{\"@type\":\"PropertyValueSpecification\",\"valueRequired\":true,\"valueName\":\"search_term_string\"}}],\"inLanguage\":\"en-US\"},{\"@type\":\"Organization\",\"@id\":\"https:\\\/\\\/demkohome.pl\\\/#organization\",\"name\":\"Demko Home\",\"url\":\"https:\\\/\\\/demkohome.pl\\\/\",\"logo\":{\"@type\":\"ImageObject\",\"inLanguage\":\"en-US\",\"@id\":\"https:\\\/\\\/demkohome.pl\\\/#\\\/schema\\\/logo\\\/image\\\/\",\"url\":\"https:\\\/\\\/demkohome.pl\\\/wp-content\\\/uploads\\\/2026\\\/03\\\/cropped-3.png\",\"contentUrl\":\"https:\\\/\\\/demkohome.pl\\\/wp-content\\\/uploads\\\/2026\\\/03\\\/cropped-3.png\",\"width\":250,\"height\":63,\"caption\":\"Demko Home\"},\"image\":{\"@id\":\"https:\\\/\\\/demkohome.pl\\\/#\\\/schema\\\/logo\\\/image\\\/\"}}]}<\/script>\n<!-- \/ Yoast SEO plugin. -->","yoast_head_json":{"title":"Szafka nocna Roma - Demko Home","description":"Szafka nocna Roma to nowoczesny mebel, kt\u00f3ry \u0142\u0105czy funkcjonalno\u015b\u0107 z wyrazistym designem inspirowanym aktualnymi trendami wn\u0119trzarskimi.","robots":{"index":"index","follow":"follow","max-snippet":"max-snippet:-1","max-image-preview":"max-image-preview:large","max-video-preview":"max-video-preview:-1"},"canonical":"https:\/\/demkohome.pl\/en\/product\/szafka-nocna-roma\/","og_locale":"en_US","og_type":"article","og_title":"Szafka nocna Roma jode\u0142ka","og_description":"Szafka nocna Roma to nowoczesny mebel, kt\u00f3ry \u0142\u0105czy funkcjonalno\u015b\u0107 z wyrazistym designem inspirowanym aktualnymi trendami wn\u0119trzarskimi.","og_url":"https:\/\/demkohome.pl\/en\/product\/szafka-nocna-roma\/","og_site_name":"Demko Home","article_modified_time":"2026-04-17T09:40:36+00:00","og_image":[{"width":2560,"height":1741,"url":"https:\/\/demkohome.pl\/wp-content\/uploads\/2025\/12\/Sz.-pok.-ROMA-Szafka-Nocna-S2-JodelkaCzarnyFSC-scaled.jpg","type":"image\/jpeg"}],"twitter_card":"summary_large_image","twitter_title":"Szafka nocna Roma jode\u0142ka","twitter_description":"Szafka nocna Roma to nowoczesny mebel, kt\u00f3ry \u0142\u0105czy funkcjonalno\u015b\u0107 z wyrazistym designem inspirowanym aktualnymi trendami wn\u0119trzarskimi.","twitter_image":"https:\/\/demkohome.pl\/wp-content\/uploads\/2025\/12\/Sz.-pok.-ROMA-Szafka-Nocna-S2-JodelkaCzarnyFSC-scaled.jpg","twitter_misc":{"Est. reading time":"3 minutes"},"schema":{"@context":"https:\/\/schema.org","@graph":[{"@type":"WebPage","@id":"https:\/\/demkohome.pl\/produkt\/szafka-nocna-roma\/","url":"https:\/\/demkohome.pl\/produkt\/szafka-nocna-roma\/","name":"Szafka nocna Roma - Demko Home","isPartOf":{"@id":"https:\/\/demkohome.pl\/#website"},"primaryImageOfPage":{"@id":"https:\/\/demkohome.pl\/produkt\/szafka-nocna-roma\/#primaryimage"},"image":{"@id":"https:\/\/demkohome.pl\/produkt\/szafka-nocna-roma\/#primaryimage"},"thumbnailUrl":"https:\/\/demkohome.pl\/wp-content\/uploads\/2025\/12\/Sz.-pok.-ROMA-Szafka-Nocna-S2-JodelkaCzarnyFSC-scaled.jpg","datePublished":"2025-12-29T11:48:41+00:00","dateModified":"2026-04-17T09:40:36+00:00","description":"Szafka nocna Roma to nowoczesny mebel, kt\u00f3ry \u0142\u0105czy funkcjonalno\u015b\u0107 z wyrazistym designem inspirowanym aktualnymi trendami wn\u0119trzarskimi.","breadcrumb":{"@id":"https:\/\/demkohome.pl\/produkt\/szafka-nocna-roma\/#breadcrumb"},"inLanguage":"en-US","potentialAction":[{"@type":"ReadAction","target":["https:\/\/demkohome.pl\/produkt\/szafka-nocna-roma\/"]}]},{"@type":"ImageObject","inLanguage":"en-US","@id":"https:\/\/demkohome.pl\/produkt\/szafka-nocna-roma\/#primaryimage","url":"https:\/\/demkohome.pl\/wp-content\/uploads\/2025\/12\/Sz.-pok.-ROMA-Szafka-Nocna-S2-JodelkaCzarnyFSC-scaled.jpg","contentUrl":"https:\/\/demkohome.pl\/wp-content\/uploads\/2025\/12\/Sz.-pok.-ROMA-Szafka-Nocna-S2-JodelkaCzarnyFSC-scaled.jpg","width":2560,"height":1741},{"@type":"BreadcrumbList","@id":"https:\/\/demkohome.pl\/produkt\/szafka-nocna-roma\/#breadcrumb","itemListElement":[{"@type":"ListItem","position":1,"name":"Strona g\u0142\u00f3wna","item":"https:\/\/demkohome.pl\/"},{"@type":"ListItem","position":2,"name":"Sklep","item":"https:\/\/demkohome.pl\/sklep\/"},{"@type":"ListItem","position":3,"name":"Szafka nocna Roma"}]},{"@type":"WebSite","@id":"https:\/\/demkohome.pl\/#website","url":"https:\/\/demkohome.pl\/","name":"Demko Home","description":"Make it simple","publisher":{"@id":"https:\/\/demkohome.pl\/#organization"},"potentialAction":[{"@type":"SearchAction","target":{"@type":"EntryPoint","urlTemplate":"https:\/\/demkohome.pl\/?s={search_term_string}"},"query-input":{"@type":"PropertyValueSpecification","valueRequired":true,"valueName":"search_term_string"}}],"inLanguage":"en-US"},{"@type":"Organization","@id":"https:\/\/demkohome.pl\/#organization","name":"Demko Home","url":"https:\/\/demkohome.pl\/","logo":{"@type":"ImageObject","inLanguage":"en-US","@id":"https:\/\/demkohome.pl\/#\/schema\/logo\/image\/","url":"https:\/\/demkohome.pl\/wp-content\/uploads\/2026\/03\/cropped-3.png","contentUrl":"https:\/\/demkohome.pl\/wp-content\/uploads\/2026\/03\/cropped-3.png","width":250,"height":63,"caption":"Demko Home"},"image":{"@id":"https:\/\/demkohome.pl\/#\/schema\/logo\/image\/"}}]}},"_links":{"self":[{"href":"https:\/\/demkohome.pl\/en\/wp-json\/wp\/v2\/product\/539931","targetHints":{"allow":["GET"]}}],"collection":[{"href":"https:\/\/demkohome.pl\/en\/wp-json\/wp\/v2\/product"}],"about":[{"href":"https:\/\/demkohome.pl\/en\/wp-json\/wp\/v2\/types\/product"}],"replies":[{"embeddable":true,"href":"https:\/\/demkohome.pl\/en\/wp-json\/wp\/v2\/comments?post=539931"}],"wp:featuredmedia":[{"embeddable":true,"href":"https:\/\/demkohome.pl\/en\/wp-json\/wp\/v2\/media\/520067"}],"wp:attachment":[{"href":"https:\/\/demkohome.pl\/en\/wp-json\/wp\/v2\/media?parent=539931"}],"wp:term":[{"taxonomy":"product_brand","embeddable":true,"href":"https:\/\/demkohome.pl\/en\/wp-json\/wp\/v2\/product_brand?post=539931"},{"taxonomy":"product_cat","embeddable":true,"href":"https:\/\/demkohome.pl\/en\/wp-json\/wp\/v2\/product_cat?post=539931"},{"taxonomy":"product_tag","embeddable":true,"href":"https:\/\/demkohome.pl\/en\/wp-json\/wp\/v2\/product_tag?post=539931"}],"curies":[{"name":"wp","href":"https:\/\/api.w.org\/{rel}","templated":true}]}}