{"id":544,"date":"2024-04-09T11:36:11","date_gmt":"2024-04-09T09:36:11","guid":{"rendered":"https:\/\/demkohome.pl\/produkt\/szafka-kuchenna-gorna-60-cm-dalia-biala\/"},"modified":"2026-04-20T03:17:13","modified_gmt":"2026-04-20T01:17:13","slug":"szafka-kuchenna-gorna-60-cm-dalia-biala","status":"publish","type":"product","link":"https:\/\/demkohome.pl\/en\/product\/szafka-kuchenna-gorna-60-cm-dalia-biala\/","title":{"rendered":"Kitchen wall cabinet 60 cm Dalia"},"content":{"rendered":"<div style=\"font-family: 'Noto Sans', sans-serif; font-size: 17px;\">\n<h2>Single door kitchen wall cabinet 60 cm Dalia<\/h2>\n<p>Planning to refresh your kitchen and looking for interesting aesthetic inspiration? With its minimalist design, the kitchen wall cabinet 60 cm from the Dalia collection will bring a modern and elegant touch to your kitchen. The body of the cabinet made of quality laminated board with a thickness of 16 mm ensures durability and stability. The classic white of the fronts with a striking gloss contrasts with the graphite color of the body, creating a harmonious and stylish whole. The 60 cm wall cabinet is not only an aesthetic addition to the kitchen space, but also a functional solution. Equipped with GTV hinges and a functional silent closure, it ensures smooth and noiseless closing. Two capacious shelves, dividing the cabinet into three functional parts, allow you to store plates, spices or other kitchen essentials. In addition, the possibility of mounting the door on the right or left side gives complete flexibility in the arrangement to the user's requirements. The whole unit is made of moisture-resistant laminated board with a thickness of 16 mm, ensuring the durability of the product for years. Single-door kitchen wall cabinet 60 cm Dalia is another combination of aesthetics and functionality.<\/p>\n<h3>Add to the 60 cm upper cabinet further solids from the Dalia collection<\/h3>\n<div class=\"container\">\n<div class=\"row\"><img decoding=\"async\" style=\"width: 100%; border-radius: 5px; box-shadow: 0px 0px 5px rgba(0, 0, 0, 0.1); display: block; object-fit: cover; margin-top: 30px; margin-bottom: 30px;\" src=\"https:\/\/demkohome.pl\/wp-content\/uploads\/2024\/01\/Kolekcja-mebli-kuchennych-DALIA-aranzacja-rozbudowana-Meble-Okmed-2.jpg\" alt=\"Zdj\u0119cie 1\" \/><\/div>\n<\/div>\n<\/div>\n<div style=\"font-family: 'Noto Sans', sans-serif; font-size: 17px;\">Kitchen cabinets from the Dalia line are the perfect solution for both smaller and larger kitchen spaces, allowing flexible adaptation to a variety of room specifics. Thanks to their functional design and wide range of sizes, both top, bottom and <a href=\"https:\/\/demkohome.pl\/en\/product-category\/meble-kuchenne\/blaty-kuchenne\/\">tops<\/a> offer practical and aesthetic solutions. Regardless of the size of the room, Dalia is a versatile proposal that will allow you to make optimal use of the available space and create an elegant and ergonomic environment for preparing meals and spending time in the kitchen.<\/div>\n<p>&nbsp;<\/p>\n<p>&nbsp;<\/p>","protected":false},"excerpt":{"rendered":"<p>Jednodrzwiowa szafka kuchenna wisz\u0105ca 60 cm Dalia Planujesz od\u015bwie\u017cy\u0107 swoj\u0105 kuchnie i szukasz ciekawych inspiracji estetycznych? Dzi\u0119ki swojemu minimalistycznemu designowi, (&#8230;)<\/p>","protected":false},"featured_media":10165,"comment_status":"open","ping_status":"closed","template":"","meta":{"_acf_changed":false,"inline_featured_image":false},"product_brand":[],"product_cat":[119,140,65,137,139,108],"product_tag":[],"class_list":{"0":"post-544","1":"product","2":"type-product","3":"status-publish","4":"has-post-thumbnail","6":"product_cat-dalia","7":"product_cat-kuchnia","8":"product_cat-meble-kuchenne","9":"product_cat-meble-systemowe","10":"product_cat-pomieszczenia","11":"product_cat-szafki-kuchenne-wiszace","12":"product_shipping_class-przesylka-dpd-15-pln","13":"collection-dalia","15":"first","16":"instock","17":"shipping-taxable","18":"purchasable","19":"product-type-simple"},"acf":[],"yoast_head":"<!-- This site is optimized with the Yoast SEO plugin v27.4 - https:\/\/yoast.com\/product\/yoast-seo-wordpress\/ -->\n<title>Szafka kuchenna wisz\u0105ca 60 cm Dalia - Demko Home<\/title>\n<meta name=\"robots\" content=\"index, follow, max-snippet:-1, max-image-preview:large, max-video-preview:-1\" \/>\n<link rel=\"canonical\" href=\"https:\/\/demkohome.pl\/en\/product\/szafka-kuchenna-gorna-60-cm-dalia-biala\/\" \/>\n<meta property=\"og:locale\" content=\"en_US\" \/>\n<meta property=\"og:type\" content=\"article\" \/>\n<meta property=\"og:title\" content=\"Szafka kuchenna wisz\u0105ca 60 cm Dalia - Demko Home\" \/>\n<meta property=\"og:description\" content=\"Jednodrzwiowa szafka kuchenna wisz\u0105ca 60 cm Dalia Planujesz od\u015bwie\u017cy\u0107 swoj\u0105 kuchnie i szukasz ciekawych inspiracji estetycznych? Dzi\u0119ki swojemu minimalistycznemu designowi, (...)\" \/>\n<meta property=\"og:url\" content=\"https:\/\/demkohome.pl\/en\/product\/szafka-kuchenna-gorna-60-cm-dalia-biala\/\" \/>\n<meta property=\"og:site_name\" content=\"Demko Home\" \/>\n<meta property=\"article:modified_time\" content=\"2026-04-20T01:17:13+00:00\" \/>\n<meta property=\"og:image\" content=\"https:\/\/demkohome.pl\/wp-content\/uploads\/2023\/08\/Szafka-kuchenna-wiszaca-60-cm-Dalia-biale-fronty-zamknieta-Meble-Okmed-Demko.jpg\" \/>\n\t<meta property=\"og:image:width\" content=\"1024\" \/>\n\t<meta property=\"og:image:height\" content=\"1024\" \/>\n\t<meta property=\"og:image:type\" content=\"image\/jpeg\" \/>\n<meta name=\"twitter:card\" content=\"summary_large_image\" \/>\n<meta name=\"twitter:label1\" content=\"Est. reading time\" \/>\n\t<meta name=\"twitter:data1\" content=\"3 minutes\" \/>\n<script type=\"application\/ld+json\" class=\"yoast-schema-graph\">{\"@context\":\"https:\\\/\\\/schema.org\",\"@graph\":[{\"@type\":\"WebPage\",\"@id\":\"https:\\\/\\\/demkohome.pl\\\/produkt\\\/szafka-kuchenna-gorna-60-cm-dalia-biala\\\/\",\"url\":\"https:\\\/\\\/demkohome.pl\\\/produkt\\\/szafka-kuchenna-gorna-60-cm-dalia-biala\\\/\",\"name\":\"Szafka kuchenna wisz\u0105ca 60 cm Dalia - Demko Home\",\"isPartOf\":{\"@id\":\"https:\\\/\\\/demkohome.pl\\\/#website\"},\"primaryImageOfPage\":{\"@id\":\"https:\\\/\\\/demkohome.pl\\\/produkt\\\/szafka-kuchenna-gorna-60-cm-dalia-biala\\\/#primaryimage\"},\"image\":{\"@id\":\"https:\\\/\\\/demkohome.pl\\\/produkt\\\/szafka-kuchenna-gorna-60-cm-dalia-biala\\\/#primaryimage\"},\"thumbnailUrl\":\"https:\\\/\\\/demkohome.pl\\\/wp-content\\\/uploads\\\/2023\\\/08\\\/Szafka-kuchenna-wiszaca-60-cm-Dalia-biale-fronty-zamknieta-Meble-Okmed-Demko.jpg\",\"datePublished\":\"2024-04-09T09:36:11+00:00\",\"dateModified\":\"2026-04-20T01:17:13+00:00\",\"breadcrumb\":{\"@id\":\"https:\\\/\\\/demkohome.pl\\\/produkt\\\/szafka-kuchenna-gorna-60-cm-dalia-biala\\\/#breadcrumb\"},\"inLanguage\":\"en-US\",\"potentialAction\":[{\"@type\":\"ReadAction\",\"target\":[\"https:\\\/\\\/demkohome.pl\\\/produkt\\\/szafka-kuchenna-gorna-60-cm-dalia-biala\\\/\"]}]},{\"@type\":\"ImageObject\",\"inLanguage\":\"en-US\",\"@id\":\"https:\\\/\\\/demkohome.pl\\\/produkt\\\/szafka-kuchenna-gorna-60-cm-dalia-biala\\\/#primaryimage\",\"url\":\"https:\\\/\\\/demkohome.pl\\\/wp-content\\\/uploads\\\/2023\\\/08\\\/Szafka-kuchenna-wiszaca-60-cm-Dalia-biale-fronty-zamknieta-Meble-Okmed-Demko.jpg\",\"contentUrl\":\"https:\\\/\\\/demkohome.pl\\\/wp-content\\\/uploads\\\/2023\\\/08\\\/Szafka-kuchenna-wiszaca-60-cm-Dalia-biale-fronty-zamknieta-Meble-Okmed-Demko.jpg\",\"width\":1024,\"height\":1024,\"caption\":\"Szafka kuchenna wisz\u0105ca 60 cm Dalia biale fronty zamknieta Meble Okmed Demko\"},{\"@type\":\"BreadcrumbList\",\"@id\":\"https:\\\/\\\/demkohome.pl\\\/produkt\\\/szafka-kuchenna-gorna-60-cm-dalia-biala\\\/#breadcrumb\",\"itemListElement\":[{\"@type\":\"ListItem\",\"position\":1,\"name\":\"Strona g\u0142\u00f3wna\",\"item\":\"https:\\\/\\\/demkohome.pl\\\/\"},{\"@type\":\"ListItem\",\"position\":2,\"name\":\"Sklep\",\"item\":\"https:\\\/\\\/demkohome.pl\\\/sklep\\\/\"},{\"@type\":\"ListItem\",\"position\":3,\"name\":\"Szafka kuchenna wisz\u0105ca 60 cm Dalia\"}]},{\"@type\":\"WebSite\",\"@id\":\"https:\\\/\\\/demkohome.pl\\\/#website\",\"url\":\"https:\\\/\\\/demkohome.pl\\\/\",\"name\":\"Demko Home\",\"description\":\"Make it simple\",\"publisher\":{\"@id\":\"https:\\\/\\\/demkohome.pl\\\/#organization\"},\"potentialAction\":[{\"@type\":\"SearchAction\",\"target\":{\"@type\":\"EntryPoint\",\"urlTemplate\":\"https:\\\/\\\/demkohome.pl\\\/?s={search_term_string}\"},\"query-input\":{\"@type\":\"PropertyValueSpecification\",\"valueRequired\":true,\"valueName\":\"search_term_string\"}}],\"inLanguage\":\"en-US\"},{\"@type\":\"Organization\",\"@id\":\"https:\\\/\\\/demkohome.pl\\\/#organization\",\"name\":\"Demko Home\",\"url\":\"https:\\\/\\\/demkohome.pl\\\/\",\"logo\":{\"@type\":\"ImageObject\",\"inLanguage\":\"en-US\",\"@id\":\"https:\\\/\\\/demkohome.pl\\\/#\\\/schema\\\/logo\\\/image\\\/\",\"url\":\"https:\\\/\\\/demkohome.pl\\\/wp-content\\\/uploads\\\/2026\\\/03\\\/cropped-3.png\",\"contentUrl\":\"https:\\\/\\\/demkohome.pl\\\/wp-content\\\/uploads\\\/2026\\\/03\\\/cropped-3.png\",\"width\":250,\"height\":63,\"caption\":\"Demko Home\"},\"image\":{\"@id\":\"https:\\\/\\\/demkohome.pl\\\/#\\\/schema\\\/logo\\\/image\\\/\"}}]}<\/script>\n<!-- \/ Yoast SEO plugin. -->","yoast_head_json":{"title":"Szafka kuchenna wisz\u0105ca 60 cm Dalia - Demko Home","robots":{"index":"index","follow":"follow","max-snippet":"max-snippet:-1","max-image-preview":"max-image-preview:large","max-video-preview":"max-video-preview:-1"},"canonical":"https:\/\/demkohome.pl\/en\/product\/szafka-kuchenna-gorna-60-cm-dalia-biala\/","og_locale":"en_US","og_type":"article","og_title":"Szafka kuchenna wisz\u0105ca 60 cm Dalia - Demko Home","og_description":"Jednodrzwiowa szafka kuchenna wisz\u0105ca 60 cm Dalia Planujesz od\u015bwie\u017cy\u0107 swoj\u0105 kuchnie i szukasz ciekawych inspiracji estetycznych? Dzi\u0119ki swojemu minimalistycznemu designowi, (...)","og_url":"https:\/\/demkohome.pl\/en\/product\/szafka-kuchenna-gorna-60-cm-dalia-biala\/","og_site_name":"Demko Home","article_modified_time":"2026-04-20T01:17:13+00:00","og_image":[{"width":1024,"height":1024,"url":"https:\/\/demkohome.pl\/wp-content\/uploads\/2023\/08\/Szafka-kuchenna-wiszaca-60-cm-Dalia-biale-fronty-zamknieta-Meble-Okmed-Demko.jpg","type":"image\/jpeg"}],"twitter_card":"summary_large_image","twitter_misc":{"Est. reading time":"3 minutes"},"schema":{"@context":"https:\/\/schema.org","@graph":[{"@type":"WebPage","@id":"https:\/\/demkohome.pl\/produkt\/szafka-kuchenna-gorna-60-cm-dalia-biala\/","url":"https:\/\/demkohome.pl\/produkt\/szafka-kuchenna-gorna-60-cm-dalia-biala\/","name":"Szafka kuchenna wisz\u0105ca 60 cm Dalia - Demko Home","isPartOf":{"@id":"https:\/\/demkohome.pl\/#website"},"primaryImageOfPage":{"@id":"https:\/\/demkohome.pl\/produkt\/szafka-kuchenna-gorna-60-cm-dalia-biala\/#primaryimage"},"image":{"@id":"https:\/\/demkohome.pl\/produkt\/szafka-kuchenna-gorna-60-cm-dalia-biala\/#primaryimage"},"thumbnailUrl":"https:\/\/demkohome.pl\/wp-content\/uploads\/2023\/08\/Szafka-kuchenna-wiszaca-60-cm-Dalia-biale-fronty-zamknieta-Meble-Okmed-Demko.jpg","datePublished":"2024-04-09T09:36:11+00:00","dateModified":"2026-04-20T01:17:13+00:00","breadcrumb":{"@id":"https:\/\/demkohome.pl\/produkt\/szafka-kuchenna-gorna-60-cm-dalia-biala\/#breadcrumb"},"inLanguage":"en-US","potentialAction":[{"@type":"ReadAction","target":["https:\/\/demkohome.pl\/produkt\/szafka-kuchenna-gorna-60-cm-dalia-biala\/"]}]},{"@type":"ImageObject","inLanguage":"en-US","@id":"https:\/\/demkohome.pl\/produkt\/szafka-kuchenna-gorna-60-cm-dalia-biala\/#primaryimage","url":"https:\/\/demkohome.pl\/wp-content\/uploads\/2023\/08\/Szafka-kuchenna-wiszaca-60-cm-Dalia-biale-fronty-zamknieta-Meble-Okmed-Demko.jpg","contentUrl":"https:\/\/demkohome.pl\/wp-content\/uploads\/2023\/08\/Szafka-kuchenna-wiszaca-60-cm-Dalia-biale-fronty-zamknieta-Meble-Okmed-Demko.jpg","width":1024,"height":1024,"caption":"Szafka kuchenna wisz\u0105ca 60 cm Dalia biale fronty zamknieta Meble Okmed Demko"},{"@type":"BreadcrumbList","@id":"https:\/\/demkohome.pl\/produkt\/szafka-kuchenna-gorna-60-cm-dalia-biala\/#breadcrumb","itemListElement":[{"@type":"ListItem","position":1,"name":"Strona g\u0142\u00f3wna","item":"https:\/\/demkohome.pl\/"},{"@type":"ListItem","position":2,"name":"Sklep","item":"https:\/\/demkohome.pl\/sklep\/"},{"@type":"ListItem","position":3,"name":"Szafka kuchenna wisz\u0105ca 60 cm Dalia"}]},{"@type":"WebSite","@id":"https:\/\/demkohome.pl\/#website","url":"https:\/\/demkohome.pl\/","name":"Demko Home","description":"Make it simple","publisher":{"@id":"https:\/\/demkohome.pl\/#organization"},"potentialAction":[{"@type":"SearchAction","target":{"@type":"EntryPoint","urlTemplate":"https:\/\/demkohome.pl\/?s={search_term_string}"},"query-input":{"@type":"PropertyValueSpecification","valueRequired":true,"valueName":"search_term_string"}}],"inLanguage":"en-US"},{"@type":"Organization","@id":"https:\/\/demkohome.pl\/#organization","name":"Demko Home","url":"https:\/\/demkohome.pl\/","logo":{"@type":"ImageObject","inLanguage":"en-US","@id":"https:\/\/demkohome.pl\/#\/schema\/logo\/image\/","url":"https:\/\/demkohome.pl\/wp-content\/uploads\/2026\/03\/cropped-3.png","contentUrl":"https:\/\/demkohome.pl\/wp-content\/uploads\/2026\/03\/cropped-3.png","width":250,"height":63,"caption":"Demko Home"},"image":{"@id":"https:\/\/demkohome.pl\/#\/schema\/logo\/image\/"}}]}},"_links":{"self":[{"href":"https:\/\/demkohome.pl\/en\/wp-json\/wp\/v2\/product\/544","targetHints":{"allow":["GET"]}}],"collection":[{"href":"https:\/\/demkohome.pl\/en\/wp-json\/wp\/v2\/product"}],"about":[{"href":"https:\/\/demkohome.pl\/en\/wp-json\/wp\/v2\/types\/product"}],"replies":[{"embeddable":true,"href":"https:\/\/demkohome.pl\/en\/wp-json\/wp\/v2\/comments?post=544"}],"wp:featuredmedia":[{"embeddable":true,"href":"https:\/\/demkohome.pl\/en\/wp-json\/wp\/v2\/media\/10165"}],"wp:attachment":[{"href":"https:\/\/demkohome.pl\/en\/wp-json\/wp\/v2\/media?parent=544"}],"wp:term":[{"taxonomy":"product_brand","embeddable":true,"href":"https:\/\/demkohome.pl\/en\/wp-json\/wp\/v2\/product_brand?post=544"},{"taxonomy":"product_cat","embeddable":true,"href":"https:\/\/demkohome.pl\/en\/wp-json\/wp\/v2\/product_cat?post=544"},{"taxonomy":"product_tag","embeddable":true,"href":"https:\/\/demkohome.pl\/en\/wp-json\/wp\/v2\/product_tag?post=544"}],"curies":[{"name":"wp","href":"https:\/\/api.w.org\/{rel}","templated":true}]}}