{"id":605,"date":"2024-05-07T21:59:28","date_gmt":"2024-05-07T19:59:28","guid":{"rendered":"https:\/\/demkohome.pl\/produkt\/rubic-5\/"},"modified":"2026-04-18T03:17:06","modified_gmt":"2026-04-18T01:17:06","slug":"nadstawka-na-szafe-30-cm-rubic","status":"publish","type":"product","link":"https:\/\/demkohome.pl\/en\/product\/nadstawka-na-szafe-30-cm-rubic\/","title":{"rendered":"Closet extension 30 cm Rubic"},"content":{"rendered":"<h2>Closet extension 30 cm Rubic<\/h2>\n<p><strong style=\"font-family: 'Noto Sans',sans-serif; color: #111111; font-size: 17px;\">Do you dream of an organized and stylish closet? <\/strong><br \/>\n<span style=\"font-family: 'Noto Sans',sans-serif; color: #111111; font-size: 17px;\"><br \/>\nRubic 30 cm cabinet extension is the perfect solution for you! Produced by a Polish manufacturer, guarantees the highest quality and support of local businesses. The timeless design of the extension will perfectly fit into any space, adding elegance and functionality to your closet. Thanks to the sturdy 16 mm thick laminated particleboard, black plastic handle and hydraulic hinges, the product is not only durable, but also practical for everyday use. The extension was created in accordance with FSC standards, which proves its environmental friendliness. The ability to expand with other products from the Rubic series allows you to create a coherent and functional storage system. Choose the Rubic 30 cm closet extension and enjoy perfectly organized space!<\/span><\/p>\n<figure id=\"attachment_5776\" aria-describedby=\"caption-attachment-5776\" style=\"width: 1024px\" class=\"wp-caption alignnone\"><img loading=\"lazy\" decoding=\"async\" class=\"wp-image-5776 size-large\" src=\"https:\/\/demkohome.pl\/wp-content\/uploads\/2024\/02\/System-szaf-modulowych-Rubic-kolor-Dab-Warmia-bialy-od-producenta-Meble-Okmed-Demko-1024x665.jpg\" alt=\"System szaf modulowych Rubic kolor D\u0105b Warmia bialy od producenta Meble Okmed Demko\" width=\"1024\" height=\"665\" srcset=\"https:\/\/demkohome.pl\/wp-content\/uploads\/2024\/02\/System-szaf-modulowych-Rubic-kolor-Dab-Warmia-bialy-od-producenta-Meble-Okmed-Demko-1024x665.jpg 1024w, https:\/\/demkohome.pl\/wp-content\/uploads\/2024\/02\/System-szaf-modulowych-Rubic-kolor-Dab-Warmia-bialy-od-producenta-Meble-Okmed-Demko-300x195.jpg 300w, https:\/\/demkohome.pl\/wp-content\/uploads\/2024\/02\/System-szaf-modulowych-Rubic-kolor-Dab-Warmia-bialy-od-producenta-Meble-Okmed-Demko-600x389.jpg 600w, https:\/\/demkohome.pl\/wp-content\/uploads\/2024\/02\/System-szaf-modulowych-Rubic-kolor-Dab-Warmia-bialy-od-producenta-Meble-Okmed-Demko-768x498.jpg 768w, https:\/\/demkohome.pl\/wp-content\/uploads\/2024\/02\/System-szaf-modulowych-Rubic-kolor-Dab-Warmia-bialy-od-producenta-Meble-Okmed-Demko-1536x997.jpg 1536w, https:\/\/demkohome.pl\/wp-content\/uploads\/2024\/02\/System-szaf-modulowych-Rubic-kolor-Dab-Warmia-bialy-od-producenta-Meble-Okmed-Demko.jpg 1664w\" sizes=\"auto, (max-width: 1024px) 100vw, 1024px\" \/><figcaption id=\"caption-attachment-5776\" class=\"wp-caption-text\"><span style=\"font-family: 'Noto Sans',sans-serif; color: #111111; font-size: 17px;\"><br \/><strong>Rubic collection is the perfect solution for you!<\/strong><br \/>With furniture from a Polish manufacturer, you can be sure that you are getting the highest quality.<\/p>\n<p>The timeless design of the Rubic collection makes it fit perfectly into any interior, giving it a modern character and elegance. Sturdy 16 mm thick laminated particleboard guarantees durability and resistance to damage, while black plastic handles add a stylish finishing touch.\u00a0<br \/>Rubic collection is not only about aesthetics, but above all functionality. Modular design allows you to easily adapt the furniture to your needs and space, so you can create the perfect storage system for your dressing room. The ability to expand with more pieces from the Rubic series means that your closet can grow with you and your needs.<\/p>\n<p>Don't wait, choose the Rubic collection and enjoy a perfectly organized, stylish and functional space every day!<\/span><\/figcaption><\/figure>","protected":false},"excerpt":{"rendered":"<p>Nadstawka na szaf\u0119 30 cm Rubic Czy marzysz o uporz\u0105dkowanej i stylowej garderobie? Nadstawka na szaf\u0119 30 cm Rubic to (&#8230;)<\/p>","protected":false},"featured_media":10595,"comment_status":"open","ping_status":"closed","template":"","meta":{"_acf_changed":false,"inline_featured_image":false},"product_brand":[],"product_cat":[127,144,139,130],"product_tag":[],"class_list":{"0":"post-605","1":"product","2":"type-product","3":"status-publish","4":"has-post-thumbnail","6":"product_cat-meble-pokojowe","7":"product_cat-pokoj","8":"product_cat-pomieszczenia","9":"product_cat-szafki","10":"product_shipping_class-paczka-st-x-1","11":"collection-rubic","13":"first","14":"instock","15":"shipping-taxable","16":"purchasable","17":"product-type-simple"},"acf":[],"yoast_head":"<!-- This site is optimized with the Yoast SEO plugin v27.4 - https:\/\/yoast.com\/product\/yoast-seo-wordpress\/ -->\n<title>Nadstawka na szaf\u0119 30 cm Rubic - Demko Home<\/title>\n<meta name=\"robots\" content=\"index, follow, max-snippet:-1, max-image-preview:large, max-video-preview:-1\" \/>\n<link rel=\"canonical\" href=\"https:\/\/demkohome.pl\/en\/product\/nadstawka-na-szafe-30-cm-rubic\/\" \/>\n<meta property=\"og:locale\" content=\"en_US\" \/>\n<meta property=\"og:type\" content=\"article\" \/>\n<meta property=\"og:title\" content=\"Nadstawka na szaf\u0119 30 cm Rubic - Demko Home\" \/>\n<meta property=\"og:description\" content=\"Nadstawka na szaf\u0119 30 cm Rubic Czy marzysz o uporz\u0105dkowanej i stylowej garderobie? Nadstawka na szaf\u0119 30 cm Rubic to (...)\" \/>\n<meta property=\"og:url\" content=\"https:\/\/demkohome.pl\/en\/product\/nadstawka-na-szafe-30-cm-rubic\/\" \/>\n<meta property=\"og:site_name\" content=\"Demko Home\" \/>\n<meta property=\"article:modified_time\" content=\"2026-04-18T01:17:06+00:00\" \/>\n<meta property=\"og:image\" content=\"https:\/\/demkohome.pl\/wp-content\/uploads\/2024\/04\/Nadstawka-na-sza-30-cm-Rubic-Dab-Warmia_Bialy-czarne-elementy-Meble-Okmed-Demko-Home.jpg\" \/>\n\t<meta property=\"og:image:width\" content=\"1024\" \/>\n\t<meta property=\"og:image:height\" content=\"1024\" \/>\n\t<meta property=\"og:image:type\" content=\"image\/jpeg\" \/>\n<meta name=\"twitter:card\" content=\"summary_large_image\" \/>\n<meta name=\"twitter:label1\" content=\"Est. reading time\" \/>\n\t<meta name=\"twitter:data1\" content=\"3 minutes\" \/>\n<script type=\"application\/ld+json\" class=\"yoast-schema-graph\">{\"@context\":\"https:\\\/\\\/schema.org\",\"@graph\":[{\"@type\":\"WebPage\",\"@id\":\"https:\\\/\\\/demkohome.pl\\\/produkt\\\/nadstawka-na-szafe-30-cm-rubic\\\/\",\"url\":\"https:\\\/\\\/demkohome.pl\\\/produkt\\\/nadstawka-na-szafe-30-cm-rubic\\\/\",\"name\":\"Nadstawka na szaf\u0119 30 cm Rubic - Demko Home\",\"isPartOf\":{\"@id\":\"https:\\\/\\\/demkohome.pl\\\/#website\"},\"primaryImageOfPage\":{\"@id\":\"https:\\\/\\\/demkohome.pl\\\/produkt\\\/nadstawka-na-szafe-30-cm-rubic\\\/#primaryimage\"},\"image\":{\"@id\":\"https:\\\/\\\/demkohome.pl\\\/produkt\\\/nadstawka-na-szafe-30-cm-rubic\\\/#primaryimage\"},\"thumbnailUrl\":\"https:\\\/\\\/demkohome.pl\\\/wp-content\\\/uploads\\\/2024\\\/04\\\/Nadstawka-na-sza-30-cm-Rubic-Dab-Warmia_Bialy-czarne-elementy-Meble-Okmed-Demko-Home.jpg\",\"datePublished\":\"2024-05-07T19:59:28+00:00\",\"dateModified\":\"2026-04-18T01:17:06+00:00\",\"breadcrumb\":{\"@id\":\"https:\\\/\\\/demkohome.pl\\\/produkt\\\/nadstawka-na-szafe-30-cm-rubic\\\/#breadcrumb\"},\"inLanguage\":\"en-US\",\"potentialAction\":[{\"@type\":\"ReadAction\",\"target\":[\"https:\\\/\\\/demkohome.pl\\\/produkt\\\/nadstawka-na-szafe-30-cm-rubic\\\/\"]}]},{\"@type\":\"ImageObject\",\"inLanguage\":\"en-US\",\"@id\":\"https:\\\/\\\/demkohome.pl\\\/produkt\\\/nadstawka-na-szafe-30-cm-rubic\\\/#primaryimage\",\"url\":\"https:\\\/\\\/demkohome.pl\\\/wp-content\\\/uploads\\\/2024\\\/04\\\/Nadstawka-na-sza-30-cm-Rubic-Dab-Warmia_Bialy-czarne-elementy-Meble-Okmed-Demko-Home.jpg\",\"contentUrl\":\"https:\\\/\\\/demkohome.pl\\\/wp-content\\\/uploads\\\/2024\\\/04\\\/Nadstawka-na-sza-30-cm-Rubic-Dab-Warmia_Bialy-czarne-elementy-Meble-Okmed-Demko-Home.jpg\",\"width\":1024,\"height\":1024,\"caption\":\"Nadstawka na sza 30 cm Rubic D\u0105b Warmia_Bia\u0142y czarne elementy Meble Okmed Demko Home\"},{\"@type\":\"BreadcrumbList\",\"@id\":\"https:\\\/\\\/demkohome.pl\\\/produkt\\\/nadstawka-na-szafe-30-cm-rubic\\\/#breadcrumb\",\"itemListElement\":[{\"@type\":\"ListItem\",\"position\":1,\"name\":\"Strona g\u0142\u00f3wna\",\"item\":\"https:\\\/\\\/demkohome.pl\\\/\"},{\"@type\":\"ListItem\",\"position\":2,\"name\":\"Sklep\",\"item\":\"https:\\\/\\\/demkohome.pl\\\/sklep\\\/\"},{\"@type\":\"ListItem\",\"position\":3,\"name\":\"Nadstawka na szaf\u0119 30 cm Rubic\"}]},{\"@type\":\"WebSite\",\"@id\":\"https:\\\/\\\/demkohome.pl\\\/#website\",\"url\":\"https:\\\/\\\/demkohome.pl\\\/\",\"name\":\"Demko Home\",\"description\":\"Make it simple\",\"publisher\":{\"@id\":\"https:\\\/\\\/demkohome.pl\\\/#organization\"},\"potentialAction\":[{\"@type\":\"SearchAction\",\"target\":{\"@type\":\"EntryPoint\",\"urlTemplate\":\"https:\\\/\\\/demkohome.pl\\\/?s={search_term_string}\"},\"query-input\":{\"@type\":\"PropertyValueSpecification\",\"valueRequired\":true,\"valueName\":\"search_term_string\"}}],\"inLanguage\":\"en-US\"},{\"@type\":\"Organization\",\"@id\":\"https:\\\/\\\/demkohome.pl\\\/#organization\",\"name\":\"Demko Home\",\"url\":\"https:\\\/\\\/demkohome.pl\\\/\",\"logo\":{\"@type\":\"ImageObject\",\"inLanguage\":\"en-US\",\"@id\":\"https:\\\/\\\/demkohome.pl\\\/#\\\/schema\\\/logo\\\/image\\\/\",\"url\":\"https:\\\/\\\/demkohome.pl\\\/wp-content\\\/uploads\\\/2026\\\/03\\\/cropped-3.png\",\"contentUrl\":\"https:\\\/\\\/demkohome.pl\\\/wp-content\\\/uploads\\\/2026\\\/03\\\/cropped-3.png\",\"width\":250,\"height\":63,\"caption\":\"Demko Home\"},\"image\":{\"@id\":\"https:\\\/\\\/demkohome.pl\\\/#\\\/schema\\\/logo\\\/image\\\/\"}}]}<\/script>\n<!-- \/ Yoast SEO plugin. -->","yoast_head_json":{"title":"Nadstawka na szaf\u0119 30 cm Rubic - Demko Home","robots":{"index":"index","follow":"follow","max-snippet":"max-snippet:-1","max-image-preview":"max-image-preview:large","max-video-preview":"max-video-preview:-1"},"canonical":"https:\/\/demkohome.pl\/en\/product\/nadstawka-na-szafe-30-cm-rubic\/","og_locale":"en_US","og_type":"article","og_title":"Nadstawka na szaf\u0119 30 cm Rubic - Demko Home","og_description":"Nadstawka na szaf\u0119 30 cm Rubic Czy marzysz o uporz\u0105dkowanej i stylowej garderobie? Nadstawka na szaf\u0119 30 cm Rubic to (...)","og_url":"https:\/\/demkohome.pl\/en\/product\/nadstawka-na-szafe-30-cm-rubic\/","og_site_name":"Demko Home","article_modified_time":"2026-04-18T01:17:06+00:00","og_image":[{"width":1024,"height":1024,"url":"https:\/\/demkohome.pl\/wp-content\/uploads\/2024\/04\/Nadstawka-na-sza-30-cm-Rubic-Dab-Warmia_Bialy-czarne-elementy-Meble-Okmed-Demko-Home.jpg","type":"image\/jpeg"}],"twitter_card":"summary_large_image","twitter_misc":{"Est. reading time":"3 minutes"},"schema":{"@context":"https:\/\/schema.org","@graph":[{"@type":"WebPage","@id":"https:\/\/demkohome.pl\/produkt\/nadstawka-na-szafe-30-cm-rubic\/","url":"https:\/\/demkohome.pl\/produkt\/nadstawka-na-szafe-30-cm-rubic\/","name":"Nadstawka na szaf\u0119 30 cm Rubic - Demko Home","isPartOf":{"@id":"https:\/\/demkohome.pl\/#website"},"primaryImageOfPage":{"@id":"https:\/\/demkohome.pl\/produkt\/nadstawka-na-szafe-30-cm-rubic\/#primaryimage"},"image":{"@id":"https:\/\/demkohome.pl\/produkt\/nadstawka-na-szafe-30-cm-rubic\/#primaryimage"},"thumbnailUrl":"https:\/\/demkohome.pl\/wp-content\/uploads\/2024\/04\/Nadstawka-na-sza-30-cm-Rubic-Dab-Warmia_Bialy-czarne-elementy-Meble-Okmed-Demko-Home.jpg","datePublished":"2024-05-07T19:59:28+00:00","dateModified":"2026-04-18T01:17:06+00:00","breadcrumb":{"@id":"https:\/\/demkohome.pl\/produkt\/nadstawka-na-szafe-30-cm-rubic\/#breadcrumb"},"inLanguage":"en-US","potentialAction":[{"@type":"ReadAction","target":["https:\/\/demkohome.pl\/produkt\/nadstawka-na-szafe-30-cm-rubic\/"]}]},{"@type":"ImageObject","inLanguage":"en-US","@id":"https:\/\/demkohome.pl\/produkt\/nadstawka-na-szafe-30-cm-rubic\/#primaryimage","url":"https:\/\/demkohome.pl\/wp-content\/uploads\/2024\/04\/Nadstawka-na-sza-30-cm-Rubic-Dab-Warmia_Bialy-czarne-elementy-Meble-Okmed-Demko-Home.jpg","contentUrl":"https:\/\/demkohome.pl\/wp-content\/uploads\/2024\/04\/Nadstawka-na-sza-30-cm-Rubic-Dab-Warmia_Bialy-czarne-elementy-Meble-Okmed-Demko-Home.jpg","width":1024,"height":1024,"caption":"Nadstawka na sza 30 cm Rubic D\u0105b Warmia_Bia\u0142y czarne elementy Meble Okmed Demko Home"},{"@type":"BreadcrumbList","@id":"https:\/\/demkohome.pl\/produkt\/nadstawka-na-szafe-30-cm-rubic\/#breadcrumb","itemListElement":[{"@type":"ListItem","position":1,"name":"Strona g\u0142\u00f3wna","item":"https:\/\/demkohome.pl\/"},{"@type":"ListItem","position":2,"name":"Sklep","item":"https:\/\/demkohome.pl\/sklep\/"},{"@type":"ListItem","position":3,"name":"Nadstawka na szaf\u0119 30 cm Rubic"}]},{"@type":"WebSite","@id":"https:\/\/demkohome.pl\/#website","url":"https:\/\/demkohome.pl\/","name":"Demko Home","description":"Make it simple","publisher":{"@id":"https:\/\/demkohome.pl\/#organization"},"potentialAction":[{"@type":"SearchAction","target":{"@type":"EntryPoint","urlTemplate":"https:\/\/demkohome.pl\/?s={search_term_string}"},"query-input":{"@type":"PropertyValueSpecification","valueRequired":true,"valueName":"search_term_string"}}],"inLanguage":"en-US"},{"@type":"Organization","@id":"https:\/\/demkohome.pl\/#organization","name":"Demko Home","url":"https:\/\/demkohome.pl\/","logo":{"@type":"ImageObject","inLanguage":"en-US","@id":"https:\/\/demkohome.pl\/#\/schema\/logo\/image\/","url":"https:\/\/demkohome.pl\/wp-content\/uploads\/2026\/03\/cropped-3.png","contentUrl":"https:\/\/demkohome.pl\/wp-content\/uploads\/2026\/03\/cropped-3.png","width":250,"height":63,"caption":"Demko Home"},"image":{"@id":"https:\/\/demkohome.pl\/#\/schema\/logo\/image\/"}}]}},"_links":{"self":[{"href":"https:\/\/demkohome.pl\/en\/wp-json\/wp\/v2\/product\/605","targetHints":{"allow":["GET"]}}],"collection":[{"href":"https:\/\/demkohome.pl\/en\/wp-json\/wp\/v2\/product"}],"about":[{"href":"https:\/\/demkohome.pl\/en\/wp-json\/wp\/v2\/types\/product"}],"replies":[{"embeddable":true,"href":"https:\/\/demkohome.pl\/en\/wp-json\/wp\/v2\/comments?post=605"}],"wp:featuredmedia":[{"embeddable":true,"href":"https:\/\/demkohome.pl\/en\/wp-json\/wp\/v2\/media\/10595"}],"wp:attachment":[{"href":"https:\/\/demkohome.pl\/en\/wp-json\/wp\/v2\/media?parent=605"}],"wp:term":[{"taxonomy":"product_brand","embeddable":true,"href":"https:\/\/demkohome.pl\/en\/wp-json\/wp\/v2\/product_brand?post=605"},{"taxonomy":"product_cat","embeddable":true,"href":"https:\/\/demkohome.pl\/en\/wp-json\/wp\/v2\/product_cat?post=605"},{"taxonomy":"product_tag","embeddable":true,"href":"https:\/\/demkohome.pl\/en\/wp-json\/wp\/v2\/product_tag?post=605"}],"curies":[{"name":"wp","href":"https:\/\/api.w.org\/{rel}","templated":true}]}}