{"id":626,"date":"2024-05-01T09:08:15","date_gmt":"2024-05-01T07:08:15","guid":{"rendered":"https:\/\/demkohome.pl\/produkt\/segment-kuchenny-vanessa\/"},"modified":"2026-04-12T03:17:10","modified_gmt":"2026-04-12T01:17:10","slug":"segment-kuchenny-vanessa","status":"publish","type":"product","link":"https:\/\/demkohome.pl\/en\/product\/segment-kuchenny-vanessa\/","title":{"rendered":"Vanessa kitchen furniture set 200 cm"},"content":{"rendered":"<h2>Vanessa kitchen furniture - fall in love with the stylish combination of vanilla and sonoma oak<\/h2>\n<p>There are solutions on the interior market that will never go out of fashion. Among such are certainly kitchens maintained in vanilla and natural wood colors. Pure vanilla is versatile and elegant, and if it is combined with wood, it also becomes cozy. Such a combination is our Vanessa kitchen furniture, in which vanilla is accompanied by the popular sonoma oak. This is an exceptionally stylish set, which will work perfectly in modern arrangements, as well as in the Scandinavian style, which has been highly appreciated in recent years. So if you are looking for an idea for a kitchen that captivates with harmony and timeless style, the Vanessa kitchen furniture set will certainly meet your expectations.<\/p>\n<h3>Vanessa kitchen furniture set - the perfect choice for a small kitchen<\/h3>\n<p>Wondering how to decorate a small kitchen? We have good news for you - kitchen furniture in the color scheme of oak sonoma and white is exactly what you need. After all, it has not been known for a long time that vanilla is especially recommended for tight interiors. This color reflects light, so it can optically enlarge the room. In the Vanessa kitchen it is subtly broken by sonoma oak. This noble style of light oak has a dose of versatility and is very popular.<\/p>\n<p>In the case of Vanessa kitchen, however, color is not everything! After all, the cabinets in this collection are equipped with high-gloss finished fronts. These, in turn, are among the most fashionable, and by the way - just like vanilla - they reflect light, thus visually brightening the interior. So the combination of vanilla and gloss seems to be an ideal arrangement, right?<\/p>\n<h3>Modular kitchen with expansion option<\/h3>\n<p>What if your kitchen is slightly larger than the Vanessa furniture set? Absolutely this is not a problem. After all, you can freely expand the set with other cabinets from this collection. So this is a modular kitchen, which you can easily adapt to yourself and your interior.<\/p>\n<h3>Vanessa kitchen furniture, or thoughtful design in a really solid way<\/h3>\n<p>Choosing a kitchen with a stylish design is only half the battle. After all, its functionality is also equally important - after all, it is on this that the entire arrangement depends on whether it turns out to be practical and comfortable to use. In this aspect, Vanessa kitchen furniture also performs impressively. The layout of the set has been carefully thought out, so that the whole set is a roomy, responsive to kitchen needs.<\/p>\n<p>Vanessa kitchen furniture set is also uncompromising quality. Solid boards used in the carcasses and damage-resistant fronts are a guarantee that the cabinets will keep their excellent condition for many years - check it out and see for yourself!<\/p>","protected":false},"excerpt":{"rendered":"<p>Meble kuchenne Vanessa \u2013 zakochaj si\u0119 w stylowym po\u0142\u0105czeniu wanilii i d\u0119bu sonoma Na rynku wn\u0119trzarskim istniej\u0105 rozwi\u0105zania, kt\u00f3re nigdy (&#8230;)<\/p>","protected":false},"featured_media":481661,"comment_status":"open","ping_status":"closed","template":"","meta":{"_acf_changed":false,"inline_featured_image":false},"product_brand":[],"product_cat":[65,110],"product_tag":[],"class_list":{"0":"post-626","1":"product","2":"type-product","3":"status-publish","4":"has-post-thumbnail","6":"product_cat-meble-kuchenne","7":"product_cat-zestawy-mebli-kuchennych","8":"product_shipping_class-paleta-120cmx80cm","9":"collection-vanessa","11":"first","12":"instock","13":"shipping-taxable","14":"purchasable","15":"product-type-simple"},"acf":[],"yoast_head":"<!-- This site is optimized with the Yoast SEO plugin v27.1.1 - https:\/\/yoast.com\/product\/yoast-seo-wordpress\/ -->\n<title>Meble kuchenne Vanessa - bia\u0142y akryl, d\u0105b sonoma | OKMED<\/title>\n<meta name=\"robots\" content=\"index, follow, max-snippet:-1, max-image-preview:large, max-video-preview:-1\" \/>\n<link rel=\"canonical\" href=\"https:\/\/demkohome.pl\/en\/product\/segment-kuchenny-vanessa\/\" \/>\n<meta property=\"og:locale\" content=\"en_US\" \/>\n<meta property=\"og:type\" content=\"article\" \/>\n<meta property=\"og:title\" content=\"Meble kuchenne Vanessa - bia\u0142y akryl, d\u0105b sonoma | OKMED\" \/>\n<meta property=\"og:description\" content=\"Meble kuchenne Vanessa \u2013 zakochaj si\u0119 w stylowym po\u0142\u0105czeniu wanilii i d\u0119bu sonoma Na rynku wn\u0119trzarskim istniej\u0105 rozwi\u0105zania, kt\u00f3re nigdy (...)\" \/>\n<meta property=\"og:url\" content=\"https:\/\/demkohome.pl\/en\/product\/segment-kuchenny-vanessa\/\" \/>\n<meta property=\"og:site_name\" content=\"Demko Home\" \/>\n<meta property=\"article:modified_time\" content=\"2026-04-12T01:17:10+00:00\" \/>\n<meta property=\"og:image\" content=\"https:\/\/demkohome.pl\/wp-content\/uploads\/2025\/11\/wmremove-transformed-5-1024x709.png\" \/>\n\t<meta property=\"og:image:width\" content=\"1024\" \/>\n\t<meta property=\"og:image:height\" content=\"709\" \/>\n\t<meta property=\"og:image:type\" content=\"image\/png\" \/>\n<meta name=\"twitter:card\" content=\"summary_large_image\" \/>\n<meta name=\"twitter:label1\" content=\"Est. reading time\" \/>\n\t<meta name=\"twitter:data1\" content=\"4 minutes\" \/>\n<script type=\"application\/ld+json\" class=\"yoast-schema-graph\">{\"@context\":\"https:\/\/schema.org\",\"@graph\":[{\"@type\":\"WebPage\",\"@id\":\"https:\/\/demkohome.pl\/produkt\/segment-kuchenny-vanessa\/\",\"url\":\"https:\/\/demkohome.pl\/produkt\/segment-kuchenny-vanessa\/\",\"name\":\"Meble kuchenne Vanessa - bia\u0142y akryl, d\u0105b sonoma | OKMED\",\"isPartOf\":{\"@id\":\"https:\/\/demkohome.pl\/#website\"},\"primaryImageOfPage\":{\"@id\":\"https:\/\/demkohome.pl\/produkt\/segment-kuchenny-vanessa\/#primaryimage\"},\"image\":{\"@id\":\"https:\/\/demkohome.pl\/produkt\/segment-kuchenny-vanessa\/#primaryimage\"},\"thumbnailUrl\":\"https:\/\/demkohome.pl\/wp-content\/uploads\/2025\/11\/wmremove-transformed-5.png\",\"datePublished\":\"2024-05-01T07:08:15+00:00\",\"dateModified\":\"2026-04-12T01:17:10+00:00\",\"breadcrumb\":{\"@id\":\"https:\/\/demkohome.pl\/produkt\/segment-kuchenny-vanessa\/#breadcrumb\"},\"inLanguage\":\"en-US\",\"potentialAction\":[{\"@type\":\"ReadAction\",\"target\":[\"https:\/\/demkohome.pl\/produkt\/segment-kuchenny-vanessa\/\"]}]},{\"@type\":\"ImageObject\",\"inLanguage\":\"en-US\",\"@id\":\"https:\/\/demkohome.pl\/produkt\/segment-kuchenny-vanessa\/#primaryimage\",\"url\":\"https:\/\/demkohome.pl\/wp-content\/uploads\/2025\/11\/wmremove-transformed-5.png\",\"contentUrl\":\"https:\/\/demkohome.pl\/wp-content\/uploads\/2025\/11\/wmremove-transformed-5.png\",\"width\":2496,\"height\":1728},{\"@type\":\"BreadcrumbList\",\"@id\":\"https:\/\/demkohome.pl\/produkt\/segment-kuchenny-vanessa\/#breadcrumb\",\"itemListElement\":[{\"@type\":\"ListItem\",\"position\":1,\"name\":\"Strona g\u0142\u00f3wna\",\"item\":\"https:\/\/demkohome.pl\/\"},{\"@type\":\"ListItem\",\"position\":2,\"name\":\"Sklep\",\"item\":\"https:\/\/demkohome.pl\/sklep\/\"},{\"@type\":\"ListItem\",\"position\":3,\"name\":\"Zestaw mebli kuchennych 200 cm Vanessa\"}]},{\"@type\":\"WebSite\",\"@id\":\"https:\/\/demkohome.pl\/#website\",\"url\":\"https:\/\/demkohome.pl\/\",\"name\":\"Demko Home\",\"description\":\"Make it simple\",\"publisher\":{\"@id\":\"https:\/\/demkohome.pl\/#organization\"},\"potentialAction\":[{\"@type\":\"SearchAction\",\"target\":{\"@type\":\"EntryPoint\",\"urlTemplate\":\"https:\/\/demkohome.pl\/?s={search_term_string}\"},\"query-input\":{\"@type\":\"PropertyValueSpecification\",\"valueRequired\":true,\"valueName\":\"search_term_string\"}}],\"inLanguage\":\"en-US\"},{\"@type\":\"Organization\",\"@id\":\"https:\/\/demkohome.pl\/#organization\",\"name\":\"Demko Home\",\"url\":\"https:\/\/demkohome.pl\/\",\"logo\":{\"@type\":\"ImageObject\",\"inLanguage\":\"en-US\",\"@id\":\"https:\/\/demkohome.pl\/#\/schema\/logo\/image\/\",\"url\":\"https:\/\/demkohome.pl\/wp-content\/uploads\/2026\/03\/cropped-3.png\",\"contentUrl\":\"https:\/\/demkohome.pl\/wp-content\/uploads\/2026\/03\/cropped-3.png\",\"width\":250,\"height\":63,\"caption\":\"Demko Home\"},\"image\":{\"@id\":\"https:\/\/demkohome.pl\/#\/schema\/logo\/image\/\"}}]}<\/script>\n<!-- \/ Yoast SEO plugin. -->","yoast_head_json":{"title":"Meble kuchenne Vanessa - bia\u0142y akryl, d\u0105b sonoma | OKMED","robots":{"index":"index","follow":"follow","max-snippet":"max-snippet:-1","max-image-preview":"max-image-preview:large","max-video-preview":"max-video-preview:-1"},"canonical":"https:\/\/demkohome.pl\/en\/product\/segment-kuchenny-vanessa\/","og_locale":"en_US","og_type":"article","og_title":"Meble kuchenne Vanessa - bia\u0142y akryl, d\u0105b sonoma | OKMED","og_description":"Meble kuchenne Vanessa \u2013 zakochaj si\u0119 w stylowym po\u0142\u0105czeniu wanilii i d\u0119bu sonoma Na rynku wn\u0119trzarskim istniej\u0105 rozwi\u0105zania, kt\u00f3re nigdy (...)","og_url":"https:\/\/demkohome.pl\/en\/product\/segment-kuchenny-vanessa\/","og_site_name":"Demko Home","article_modified_time":"2026-04-12T01:17:10+00:00","og_image":[{"width":1024,"height":709,"url":"https:\/\/demkohome.pl\/wp-content\/uploads\/2025\/11\/wmremove-transformed-5-1024x709.png","type":"image\/png"}],"twitter_card":"summary_large_image","twitter_misc":{"Est. reading time":"4 minutes"},"schema":{"@context":"https:\/\/schema.org","@graph":[{"@type":"WebPage","@id":"https:\/\/demkohome.pl\/produkt\/segment-kuchenny-vanessa\/","url":"https:\/\/demkohome.pl\/produkt\/segment-kuchenny-vanessa\/","name":"Meble kuchenne Vanessa - bia\u0142y akryl, d\u0105b sonoma | OKMED","isPartOf":{"@id":"https:\/\/demkohome.pl\/#website"},"primaryImageOfPage":{"@id":"https:\/\/demkohome.pl\/produkt\/segment-kuchenny-vanessa\/#primaryimage"},"image":{"@id":"https:\/\/demkohome.pl\/produkt\/segment-kuchenny-vanessa\/#primaryimage"},"thumbnailUrl":"https:\/\/demkohome.pl\/wp-content\/uploads\/2025\/11\/wmremove-transformed-5.png","datePublished":"2024-05-01T07:08:15+00:00","dateModified":"2026-04-12T01:17:10+00:00","breadcrumb":{"@id":"https:\/\/demkohome.pl\/produkt\/segment-kuchenny-vanessa\/#breadcrumb"},"inLanguage":"en-US","potentialAction":[{"@type":"ReadAction","target":["https:\/\/demkohome.pl\/produkt\/segment-kuchenny-vanessa\/"]}]},{"@type":"ImageObject","inLanguage":"en-US","@id":"https:\/\/demkohome.pl\/produkt\/segment-kuchenny-vanessa\/#primaryimage","url":"https:\/\/demkohome.pl\/wp-content\/uploads\/2025\/11\/wmremove-transformed-5.png","contentUrl":"https:\/\/demkohome.pl\/wp-content\/uploads\/2025\/11\/wmremove-transformed-5.png","width":2496,"height":1728},{"@type":"BreadcrumbList","@id":"https:\/\/demkohome.pl\/produkt\/segment-kuchenny-vanessa\/#breadcrumb","itemListElement":[{"@type":"ListItem","position":1,"name":"Strona g\u0142\u00f3wna","item":"https:\/\/demkohome.pl\/"},{"@type":"ListItem","position":2,"name":"Sklep","item":"https:\/\/demkohome.pl\/sklep\/"},{"@type":"ListItem","position":3,"name":"Zestaw mebli kuchennych 200 cm Vanessa"}]},{"@type":"WebSite","@id":"https:\/\/demkohome.pl\/#website","url":"https:\/\/demkohome.pl\/","name":"Demko Home","description":"Make it simple","publisher":{"@id":"https:\/\/demkohome.pl\/#organization"},"potentialAction":[{"@type":"SearchAction","target":{"@type":"EntryPoint","urlTemplate":"https:\/\/demkohome.pl\/?s={search_term_string}"},"query-input":{"@type":"PropertyValueSpecification","valueRequired":true,"valueName":"search_term_string"}}],"inLanguage":"en-US"},{"@type":"Organization","@id":"https:\/\/demkohome.pl\/#organization","name":"Demko Home","url":"https:\/\/demkohome.pl\/","logo":{"@type":"ImageObject","inLanguage":"en-US","@id":"https:\/\/demkohome.pl\/#\/schema\/logo\/image\/","url":"https:\/\/demkohome.pl\/wp-content\/uploads\/2026\/03\/cropped-3.png","contentUrl":"https:\/\/demkohome.pl\/wp-content\/uploads\/2026\/03\/cropped-3.png","width":250,"height":63,"caption":"Demko Home"},"image":{"@id":"https:\/\/demkohome.pl\/#\/schema\/logo\/image\/"}}]}},"_links":{"self":[{"href":"https:\/\/demkohome.pl\/en\/wp-json\/wp\/v2\/product\/626","targetHints":{"allow":["GET"]}}],"collection":[{"href":"https:\/\/demkohome.pl\/en\/wp-json\/wp\/v2\/product"}],"about":[{"href":"https:\/\/demkohome.pl\/en\/wp-json\/wp\/v2\/types\/product"}],"replies":[{"embeddable":true,"href":"https:\/\/demkohome.pl\/en\/wp-json\/wp\/v2\/comments?post=626"}],"wp:featuredmedia":[{"embeddable":true,"href":"https:\/\/demkohome.pl\/en\/wp-json\/wp\/v2\/media\/481661"}],"wp:attachment":[{"href":"https:\/\/demkohome.pl\/en\/wp-json\/wp\/v2\/media?parent=626"}],"wp:term":[{"taxonomy":"product_brand","embeddable":true,"href":"https:\/\/demkohome.pl\/en\/wp-json\/wp\/v2\/product_brand?post=626"},{"taxonomy":"product_cat","embeddable":true,"href":"https:\/\/demkohome.pl\/en\/wp-json\/wp\/v2\/product_cat?post=626"},{"taxonomy":"product_tag","embeddable":true,"href":"https:\/\/demkohome.pl\/en\/wp-json\/wp\/v2\/product_tag?post=626"}],"curies":[{"name":"wp","href":"https:\/\/api.w.org\/{rel}","templated":true}]}}