{"id":633,"date":"2023-08-25T00:31:39","date_gmt":"2023-08-24T22:31:39","guid":{"rendered":"https:\/\/demkohome.pl\/produkt\/szafka-kuchenna-dolna-15-cm-vanessa\/"},"modified":"2026-04-20T03:17:19","modified_gmt":"2026-04-20T01:17:19","slug":"szafka-kuchenna-dolna-15-cm-vanessa","status":"publish","type":"product","link":"https:\/\/demkohome.pl\/en\/product\/szafka-kuchenna-dolna-15-cm-vanessa\/","title":{"rendered":"Vanessa standing kitchen cabinet 15 cm"},"content":{"rendered":"<div style=\"font-family: 'Noto Sans', sans-serif; font-size: 17px;\">\n<h2>Vanessa standing kitchen cabinet 15 cm - functionality in a compact size<\/h2>\n<p>Are you looking for a solution that will efficiently use the available space in your kitchen? The 15 cm standing kitchen cabinet from the Vanessa collection is the perfect solution. Its simple, modern design and high-quality workmanship make it not only practical, but also an aesthetic element of the interior.<\/p>\n<h3>Compact size, high functionality<\/h3>\n<p>The 15 cm standing kitchen cabinet from the Vanessa collection is an excellent choice for small kitchens or as a complement to larger kitchen furniture sets. Its dimensions: 15 x 81 x 56 cm allow efficient use of even the smallest spaces. The cabinet offers enough space to store the necessary kitchen accessories, so everything you need is always at hand.<\/p>\n<h3>Elegant design and solid workmanship<\/h3>\n<p>Standing kitchen cabinet 15 cm from the Vanessa collection is distinguished by a simple, modern design that blends perfectly with a variety of interior designs. The body in the shade of Sonoma oak harmonizes with white glossy fronts, creating an elegant and functional whole. Minimalist handles and careful workmanship make the cabinet not only aesthetically pleasing, but also durable and solid.<\/p>\n<h3>Standing kitchen cabinet 15 cm - oak Sonoma in the collection of modular furniture Vanessa<\/h3>\n<p>The 15 cm standing kitchen cabinet from the Vanessa collection, like the rest of this line, has a body made of laminated particleboard in the shade of Sonoma oak. This is a characteristic feature of the collection, which allows you to harmoniously combine different furniture modules. The ability to arrange the cabinet independently allows you to add an elegant and functional accent to any kitchen.<\/p>\n<\/div>","protected":false},"excerpt":{"rendered":"<p>Szafka kuchenna stoj\u0105ca 15 cm Vanessa \u2014 funkcjonalno\u015b\u0107 w kompaktowym rozmiarze Poszukujesz rozwi\u0105zania, kt\u00f3re efektywnie wykorzysta dost\u0119pn\u0105 przestrze\u0144 w Twojej (&#8230;)<\/p>","protected":false},"featured_media":10657,"comment_status":"open","ping_status":"closed","template":"","meta":{"_acf_changed":false,"inline_featured_image":false},"product_brand":[],"product_cat":[140,65,137,139,106,107,116],"product_tag":[],"class_list":{"0":"post-633","1":"product","2":"type-product","3":"status-publish","4":"has-post-thumbnail","6":"product_cat-kuchnia","7":"product_cat-meble-kuchenne","8":"product_cat-meble-systemowe","9":"product_cat-pomieszczenia","10":"product_cat-szafki-kuchenne","11":"product_cat-szafki-kuchenne-stojace","12":"product_cat-vanessa","13":"product_shipping_class-przesylka-dpd-15-pln","14":"collection-vanessa","16":"first","17":"outofstock","18":"shipping-taxable","19":"purchasable","20":"product-type-simple"},"acf":[],"yoast_head":"<!-- This site is optimized with the Yoast SEO plugin v27.4 - https:\/\/yoast.com\/product\/yoast-seo-wordpress\/ -->\n<title>Szafka kuchenna stoj\u0105ca 15 cm Vanessa - Demko Home<\/title>\n<meta name=\"robots\" content=\"index, follow, max-snippet:-1, max-image-preview:large, max-video-preview:-1\" \/>\n<link rel=\"canonical\" href=\"https:\/\/demkohome.pl\/en\/product\/szafka-kuchenna-dolna-15-cm-vanessa\/\" \/>\n<meta property=\"og:locale\" content=\"en_US\" \/>\n<meta property=\"og:type\" content=\"article\" \/>\n<meta property=\"og:title\" content=\"Szafka kuchenna stoj\u0105ca 15 cm Vanessa - Demko Home\" \/>\n<meta property=\"og:description\" content=\"Szafka kuchenna stoj\u0105ca 15 cm Vanessa \u2014 funkcjonalno\u015b\u0107 w kompaktowym rozmiarze Poszukujesz rozwi\u0105zania, kt\u00f3re efektywnie wykorzysta dost\u0119pn\u0105 przestrze\u0144 w Twojej (...)\" \/>\n<meta property=\"og:url\" content=\"https:\/\/demkohome.pl\/en\/product\/szafka-kuchenna-dolna-15-cm-vanessa\/\" \/>\n<meta property=\"og:site_name\" content=\"Demko Home\" \/>\n<meta property=\"article:modified_time\" content=\"2026-04-20T01:17:19+00:00\" \/>\n<meta property=\"og:image\" content=\"https:\/\/demkohome.pl\/wp-content\/uploads\/2023\/08\/Szafka-dolna-15-cm-Vanessa-Meble-Okmed-Demko-Home-kolor-dab-sonoma.jpg\" \/>\n\t<meta property=\"og:image:width\" content=\"1024\" \/>\n\t<meta property=\"og:image:height\" content=\"1024\" \/>\n\t<meta property=\"og:image:type\" content=\"image\/jpeg\" \/>\n<meta name=\"twitter:card\" content=\"summary_large_image\" \/>\n<meta name=\"twitter:label1\" content=\"Est. reading time\" \/>\n\t<meta name=\"twitter:data1\" content=\"3 minutes\" \/>\n<script type=\"application\/ld+json\" class=\"yoast-schema-graph\">{\"@context\":\"https:\\\/\\\/schema.org\",\"@graph\":[{\"@type\":\"WebPage\",\"@id\":\"https:\\\/\\\/demkohome.pl\\\/produkt\\\/szafka-kuchenna-dolna-15-cm-vanessa\\\/\",\"url\":\"https:\\\/\\\/demkohome.pl\\\/produkt\\\/szafka-kuchenna-dolna-15-cm-vanessa\\\/\",\"name\":\"Szafka kuchenna stoj\u0105ca 15 cm Vanessa - Demko Home\",\"isPartOf\":{\"@id\":\"https:\\\/\\\/demkohome.pl\\\/#website\"},\"primaryImageOfPage\":{\"@id\":\"https:\\\/\\\/demkohome.pl\\\/produkt\\\/szafka-kuchenna-dolna-15-cm-vanessa\\\/#primaryimage\"},\"image\":{\"@id\":\"https:\\\/\\\/demkohome.pl\\\/produkt\\\/szafka-kuchenna-dolna-15-cm-vanessa\\\/#primaryimage\"},\"thumbnailUrl\":\"https:\\\/\\\/demkohome.pl\\\/wp-content\\\/uploads\\\/2023\\\/08\\\/Szafka-dolna-15-cm-Vanessa-Meble-Okmed-Demko-Home-kolor-dab-sonoma.jpg\",\"datePublished\":\"2023-08-24T22:31:39+00:00\",\"dateModified\":\"2026-04-20T01:17:19+00:00\",\"breadcrumb\":{\"@id\":\"https:\\\/\\\/demkohome.pl\\\/produkt\\\/szafka-kuchenna-dolna-15-cm-vanessa\\\/#breadcrumb\"},\"inLanguage\":\"en-US\",\"potentialAction\":[{\"@type\":\"ReadAction\",\"target\":[\"https:\\\/\\\/demkohome.pl\\\/produkt\\\/szafka-kuchenna-dolna-15-cm-vanessa\\\/\"]}]},{\"@type\":\"ImageObject\",\"inLanguage\":\"en-US\",\"@id\":\"https:\\\/\\\/demkohome.pl\\\/produkt\\\/szafka-kuchenna-dolna-15-cm-vanessa\\\/#primaryimage\",\"url\":\"https:\\\/\\\/demkohome.pl\\\/wp-content\\\/uploads\\\/2023\\\/08\\\/Szafka-dolna-15-cm-Vanessa-Meble-Okmed-Demko-Home-kolor-dab-sonoma.jpg\",\"contentUrl\":\"https:\\\/\\\/demkohome.pl\\\/wp-content\\\/uploads\\\/2023\\\/08\\\/Szafka-dolna-15-cm-Vanessa-Meble-Okmed-Demko-Home-kolor-dab-sonoma.jpg\",\"width\":1024,\"height\":1024,\"caption\":\"Szafka dolna 15 cm Vanessa Meble Okmed Demko Home kolor d\u0105b sonoma\"},{\"@type\":\"BreadcrumbList\",\"@id\":\"https:\\\/\\\/demkohome.pl\\\/produkt\\\/szafka-kuchenna-dolna-15-cm-vanessa\\\/#breadcrumb\",\"itemListElement\":[{\"@type\":\"ListItem\",\"position\":1,\"name\":\"Strona g\u0142\u00f3wna\",\"item\":\"https:\\\/\\\/demkohome.pl\\\/\"},{\"@type\":\"ListItem\",\"position\":2,\"name\":\"Sklep\",\"item\":\"https:\\\/\\\/demkohome.pl\\\/sklep\\\/\"},{\"@type\":\"ListItem\",\"position\":3,\"name\":\"Szafka kuchenna stoj\u0105ca 15 cm Vanessa\"}]},{\"@type\":\"WebSite\",\"@id\":\"https:\\\/\\\/demkohome.pl\\\/#website\",\"url\":\"https:\\\/\\\/demkohome.pl\\\/\",\"name\":\"Demko Home\",\"description\":\"Make it simple\",\"publisher\":{\"@id\":\"https:\\\/\\\/demkohome.pl\\\/#organization\"},\"potentialAction\":[{\"@type\":\"SearchAction\",\"target\":{\"@type\":\"EntryPoint\",\"urlTemplate\":\"https:\\\/\\\/demkohome.pl\\\/?s={search_term_string}\"},\"query-input\":{\"@type\":\"PropertyValueSpecification\",\"valueRequired\":true,\"valueName\":\"search_term_string\"}}],\"inLanguage\":\"en-US\"},{\"@type\":\"Organization\",\"@id\":\"https:\\\/\\\/demkohome.pl\\\/#organization\",\"name\":\"Demko Home\",\"url\":\"https:\\\/\\\/demkohome.pl\\\/\",\"logo\":{\"@type\":\"ImageObject\",\"inLanguage\":\"en-US\",\"@id\":\"https:\\\/\\\/demkohome.pl\\\/#\\\/schema\\\/logo\\\/image\\\/\",\"url\":\"https:\\\/\\\/demkohome.pl\\\/wp-content\\\/uploads\\\/2026\\\/03\\\/cropped-3.png\",\"contentUrl\":\"https:\\\/\\\/demkohome.pl\\\/wp-content\\\/uploads\\\/2026\\\/03\\\/cropped-3.png\",\"width\":250,\"height\":63,\"caption\":\"Demko Home\"},\"image\":{\"@id\":\"https:\\\/\\\/demkohome.pl\\\/#\\\/schema\\\/logo\\\/image\\\/\"}}]}<\/script>\n<!-- \/ Yoast SEO plugin. -->","yoast_head_json":{"title":"Szafka kuchenna stoj\u0105ca 15 cm Vanessa - Demko Home","robots":{"index":"index","follow":"follow","max-snippet":"max-snippet:-1","max-image-preview":"max-image-preview:large","max-video-preview":"max-video-preview:-1"},"canonical":"https:\/\/demkohome.pl\/en\/product\/szafka-kuchenna-dolna-15-cm-vanessa\/","og_locale":"en_US","og_type":"article","og_title":"Szafka kuchenna stoj\u0105ca 15 cm Vanessa - Demko Home","og_description":"Szafka kuchenna stoj\u0105ca 15 cm Vanessa \u2014 funkcjonalno\u015b\u0107 w kompaktowym rozmiarze Poszukujesz rozwi\u0105zania, kt\u00f3re efektywnie wykorzysta dost\u0119pn\u0105 przestrze\u0144 w Twojej (...)","og_url":"https:\/\/demkohome.pl\/en\/product\/szafka-kuchenna-dolna-15-cm-vanessa\/","og_site_name":"Demko Home","article_modified_time":"2026-04-20T01:17:19+00:00","og_image":[{"width":1024,"height":1024,"url":"https:\/\/demkohome.pl\/wp-content\/uploads\/2023\/08\/Szafka-dolna-15-cm-Vanessa-Meble-Okmed-Demko-Home-kolor-dab-sonoma.jpg","type":"image\/jpeg"}],"twitter_card":"summary_large_image","twitter_misc":{"Est. reading time":"3 minutes"},"schema":{"@context":"https:\/\/schema.org","@graph":[{"@type":"WebPage","@id":"https:\/\/demkohome.pl\/produkt\/szafka-kuchenna-dolna-15-cm-vanessa\/","url":"https:\/\/demkohome.pl\/produkt\/szafka-kuchenna-dolna-15-cm-vanessa\/","name":"Szafka kuchenna stoj\u0105ca 15 cm Vanessa - Demko Home","isPartOf":{"@id":"https:\/\/demkohome.pl\/#website"},"primaryImageOfPage":{"@id":"https:\/\/demkohome.pl\/produkt\/szafka-kuchenna-dolna-15-cm-vanessa\/#primaryimage"},"image":{"@id":"https:\/\/demkohome.pl\/produkt\/szafka-kuchenna-dolna-15-cm-vanessa\/#primaryimage"},"thumbnailUrl":"https:\/\/demkohome.pl\/wp-content\/uploads\/2023\/08\/Szafka-dolna-15-cm-Vanessa-Meble-Okmed-Demko-Home-kolor-dab-sonoma.jpg","datePublished":"2023-08-24T22:31:39+00:00","dateModified":"2026-04-20T01:17:19+00:00","breadcrumb":{"@id":"https:\/\/demkohome.pl\/produkt\/szafka-kuchenna-dolna-15-cm-vanessa\/#breadcrumb"},"inLanguage":"en-US","potentialAction":[{"@type":"ReadAction","target":["https:\/\/demkohome.pl\/produkt\/szafka-kuchenna-dolna-15-cm-vanessa\/"]}]},{"@type":"ImageObject","inLanguage":"en-US","@id":"https:\/\/demkohome.pl\/produkt\/szafka-kuchenna-dolna-15-cm-vanessa\/#primaryimage","url":"https:\/\/demkohome.pl\/wp-content\/uploads\/2023\/08\/Szafka-dolna-15-cm-Vanessa-Meble-Okmed-Demko-Home-kolor-dab-sonoma.jpg","contentUrl":"https:\/\/demkohome.pl\/wp-content\/uploads\/2023\/08\/Szafka-dolna-15-cm-Vanessa-Meble-Okmed-Demko-Home-kolor-dab-sonoma.jpg","width":1024,"height":1024,"caption":"Szafka dolna 15 cm Vanessa Meble Okmed Demko Home kolor d\u0105b sonoma"},{"@type":"BreadcrumbList","@id":"https:\/\/demkohome.pl\/produkt\/szafka-kuchenna-dolna-15-cm-vanessa\/#breadcrumb","itemListElement":[{"@type":"ListItem","position":1,"name":"Strona g\u0142\u00f3wna","item":"https:\/\/demkohome.pl\/"},{"@type":"ListItem","position":2,"name":"Sklep","item":"https:\/\/demkohome.pl\/sklep\/"},{"@type":"ListItem","position":3,"name":"Szafka kuchenna stoj\u0105ca 15 cm Vanessa"}]},{"@type":"WebSite","@id":"https:\/\/demkohome.pl\/#website","url":"https:\/\/demkohome.pl\/","name":"Demko Home","description":"Make it simple","publisher":{"@id":"https:\/\/demkohome.pl\/#organization"},"potentialAction":[{"@type":"SearchAction","target":{"@type":"EntryPoint","urlTemplate":"https:\/\/demkohome.pl\/?s={search_term_string}"},"query-input":{"@type":"PropertyValueSpecification","valueRequired":true,"valueName":"search_term_string"}}],"inLanguage":"en-US"},{"@type":"Organization","@id":"https:\/\/demkohome.pl\/#organization","name":"Demko Home","url":"https:\/\/demkohome.pl\/","logo":{"@type":"ImageObject","inLanguage":"en-US","@id":"https:\/\/demkohome.pl\/#\/schema\/logo\/image\/","url":"https:\/\/demkohome.pl\/wp-content\/uploads\/2026\/03\/cropped-3.png","contentUrl":"https:\/\/demkohome.pl\/wp-content\/uploads\/2026\/03\/cropped-3.png","width":250,"height":63,"caption":"Demko Home"},"image":{"@id":"https:\/\/demkohome.pl\/#\/schema\/logo\/image\/"}}]}},"_links":{"self":[{"href":"https:\/\/demkohome.pl\/en\/wp-json\/wp\/v2\/product\/633","targetHints":{"allow":["GET"]}}],"collection":[{"href":"https:\/\/demkohome.pl\/en\/wp-json\/wp\/v2\/product"}],"about":[{"href":"https:\/\/demkohome.pl\/en\/wp-json\/wp\/v2\/types\/product"}],"replies":[{"embeddable":true,"href":"https:\/\/demkohome.pl\/en\/wp-json\/wp\/v2\/comments?post=633"}],"wp:featuredmedia":[{"embeddable":true,"href":"https:\/\/demkohome.pl\/en\/wp-json\/wp\/v2\/media\/10657"}],"wp:attachment":[{"href":"https:\/\/demkohome.pl\/en\/wp-json\/wp\/v2\/media?parent=633"}],"wp:term":[{"taxonomy":"product_brand","embeddable":true,"href":"https:\/\/demkohome.pl\/en\/wp-json\/wp\/v2\/product_brand?post=633"},{"taxonomy":"product_cat","embeddable":true,"href":"https:\/\/demkohome.pl\/en\/wp-json\/wp\/v2\/product_cat?post=633"},{"taxonomy":"product_tag","embeddable":true,"href":"https:\/\/demkohome.pl\/en\/wp-json\/wp\/v2\/product_tag?post=633"}],"curies":[{"name":"wp","href":"https:\/\/api.w.org\/{rel}","templated":true}]}}