{"id":638,"date":"2024-05-01T09:08:28","date_gmt":"2024-05-01T07:08:28","guid":{"rendered":"https:\/\/demkohome.pl\/produkt\/szafka-kuchenna-dolna-30-cm-vanessa\/"},"modified":"2026-04-24T15:16:54","modified_gmt":"2026-04-24T13:16:54","slug":"szafka-kuchenna-dolna-30-cm-vanessa","status":"publish","type":"product","link":"https:\/\/demkohome.pl\/en\/product\/szafka-kuchenna-dolna-30-cm-vanessa\/","title":{"rendered":"Vanessa standing kitchen cabinet 30 cm"},"content":{"rendered":"<div style=\"font-family: 'Noto Sans', sans-serif; font-size: 17px;\">\n<h2>Standing kitchen cabinet 30 cm from the Vanessa collection - indispensable in a well-designed interior<\/h2>\n<p>Are you looking for solutions to furnish a kitchen characterized by a stylish but unobtrusive design? Decide on a 30 cm kitchen cabinet from the Vanessa collection and see that some duos are doomed to success. We combined glossy white fronts with laminated particleboard in the shade of Sonoma oak, getting a piece of furniture that is functional and in line with current interior trends. Its undoubted advantage is a simple and detail-saving shape. This is a solution that clearly increases the arrangement possibilities of the proposed furniture for the kitchen.<\/p>\n<h3>A small piece of furniture with great functionality<\/h3>\n<p>Both cooking and preparing meals are more enjoyable in an orderly interior. Wanting to have the necessary kitchen accessories at your fingertips, prudently plan the space. One of the most popular solutions is to install capacious and functional furniture, such as the 30 cm standing kitchen cabinet in Sonoma oak. The product is characterized by a small size: 30 x 56 x 81 cm and can be arranged in rooms of any size. A huge advantage of the proposed cabinet is the silent closing mechanism.<\/p>\n<p>It is worth knowing that the furniture does not have a top. Such a solution translates into the versatility of the cabinet. As well as the ability to choose the desired direction of opening the door.<\/p>\n<h3>Exceptional design and attention to detail<\/h3>\n<p>Simple and sparingly detailed, the solid has great potential. This is proven by the 30 cm standing kitchen cabinet. The characteristic beauty of the body in the shade of Sonoma oak is highlighted by white glossy fronts. The furniture owes its elegant design to the abandonment of decorative details. The cabinet from the Vanessa collection has minimalist handles. Created with modernist and Scandinavian style in mind, it will also be a beautiful complement to minimalist, glamorous and elegant interiors.<\/p>\n<h3>Standing kitchen cabinet 30 cm - oak Sonoma in the collection of modular furniture Vanessa<\/h3>\n<p>The 30 cm standing kitchen cabinet, like the other cabinets designed as part of the Vanessa collection, has a body in the shade of Sonoma oak. This is a common feature of the set and the reason why modular cabinets are worth combining with each other. However, if you do not have such a need, arrange the proposed furniture independently. As a free-standing cabinet it will look really impressive.<\/p>\n<\/div>","protected":false},"excerpt":{"rendered":"<p>Szafka kuchenna stoj\u0105ca 30 cm z kolekcji Vanessa \u2014 niezb\u0119dna w dobrze zaprojektowanym wn\u0119trzu Szukasz rozwi\u0105za\u0144, dzi\u0119ki kt\u00f3rym urz\u0105dzisz kuchni\u0119 (&#8230;)<\/p>","protected":false},"featured_media":10655,"comment_status":"open","ping_status":"closed","template":"","meta":{"_acf_changed":false,"inline_featured_image":false},"product_brand":[],"product_cat":[528,140,65,137,139,106,107,116],"product_tag":[],"class_list":{"0":"post-638","1":"product","2":"type-product","3":"status-publish","4":"has-post-thumbnail","6":"product_cat-black-friday","7":"product_cat-kuchnia","8":"product_cat-meble-kuchenne","9":"product_cat-meble-systemowe","10":"product_cat-pomieszczenia","11":"product_cat-szafki-kuchenne","12":"product_cat-szafki-kuchenne-stojace","13":"product_cat-vanessa","14":"product_shipping_class-przesylka-dpd-15-pln","15":"collection-vanessa","17":"first","18":"instock","19":"shipping-taxable","20":"purchasable","21":"product-type-simple"},"acf":[],"yoast_head":"<!-- This site is optimized with the Yoast SEO plugin v27.4 - https:\/\/yoast.com\/product\/yoast-seo-wordpress\/ -->\n<title>Szafka kuchenna stoj\u0105ca 30 cm - d\u0105b sonoma | VANESSA | OKMED<\/title>\n<meta name=\"robots\" content=\"index, follow, max-snippet:-1, max-image-preview:large, max-video-preview:-1\" \/>\n<link rel=\"canonical\" href=\"https:\/\/demkohome.pl\/en\/product\/szafka-kuchenna-dolna-30-cm-vanessa\/\" \/>\n<meta property=\"og:locale\" content=\"en_US\" \/>\n<meta property=\"og:type\" content=\"article\" \/>\n<meta property=\"og:title\" content=\"Szafka kuchenna stoj\u0105ca 30 cm - d\u0105b sonoma | VANESSA | OKMED\" \/>\n<meta property=\"og:description\" content=\"Szafka kuchenna stoj\u0105ca 30 cm z kolekcji Vanessa \u2014 niezb\u0119dna w dobrze zaprojektowanym wn\u0119trzu Szukasz rozwi\u0105za\u0144, dzi\u0119ki kt\u00f3rym urz\u0105dzisz kuchni\u0119 (...)\" \/>\n<meta property=\"og:url\" content=\"https:\/\/demkohome.pl\/en\/product\/szafka-kuchenna-dolna-30-cm-vanessa\/\" \/>\n<meta property=\"og:site_name\" content=\"Demko Home\" \/>\n<meta property=\"article:modified_time\" content=\"2026-04-24T13:16:54+00:00\" \/>\n<meta property=\"og:image\" content=\"https:\/\/demkohome.pl\/wp-content\/uploads\/2024\/05\/Kuchenna-szafka-wiszaca-30-cm-Vanessa-Meble-Okmed-Demko-Home-bialy-dab-sonoma.jpg\" \/>\n\t<meta property=\"og:image:width\" content=\"1024\" \/>\n\t<meta property=\"og:image:height\" content=\"1024\" \/>\n\t<meta property=\"og:image:type\" content=\"image\/jpeg\" \/>\n<meta name=\"twitter:card\" content=\"summary_large_image\" \/>\n<meta name=\"twitter:label1\" content=\"Est. reading time\" \/>\n\t<meta name=\"twitter:data1\" content=\"3 minutes\" \/>\n<script type=\"application\/ld+json\" class=\"yoast-schema-graph\">{\"@context\":\"https:\\\/\\\/schema.org\",\"@graph\":[{\"@type\":\"WebPage\",\"@id\":\"https:\\\/\\\/demkohome.pl\\\/produkt\\\/szafka-kuchenna-dolna-30-cm-vanessa\\\/\",\"url\":\"https:\\\/\\\/demkohome.pl\\\/produkt\\\/szafka-kuchenna-dolna-30-cm-vanessa\\\/\",\"name\":\"Szafka kuchenna stoj\u0105ca 30 cm - d\u0105b sonoma | VANESSA | OKMED\",\"isPartOf\":{\"@id\":\"https:\\\/\\\/demkohome.pl\\\/#website\"},\"primaryImageOfPage\":{\"@id\":\"https:\\\/\\\/demkohome.pl\\\/produkt\\\/szafka-kuchenna-dolna-30-cm-vanessa\\\/#primaryimage\"},\"image\":{\"@id\":\"https:\\\/\\\/demkohome.pl\\\/produkt\\\/szafka-kuchenna-dolna-30-cm-vanessa\\\/#primaryimage\"},\"thumbnailUrl\":\"https:\\\/\\\/demkohome.pl\\\/wp-content\\\/uploads\\\/2024\\\/05\\\/Kuchenna-szafka-wiszaca-30-cm-Vanessa-Meble-Okmed-Demko-Home-bialy-dab-sonoma.jpg\",\"datePublished\":\"2024-05-01T07:08:28+00:00\",\"dateModified\":\"2026-04-24T13:16:54+00:00\",\"breadcrumb\":{\"@id\":\"https:\\\/\\\/demkohome.pl\\\/produkt\\\/szafka-kuchenna-dolna-30-cm-vanessa\\\/#breadcrumb\"},\"inLanguage\":\"en-US\",\"potentialAction\":[{\"@type\":\"ReadAction\",\"target\":[\"https:\\\/\\\/demkohome.pl\\\/produkt\\\/szafka-kuchenna-dolna-30-cm-vanessa\\\/\"]}]},{\"@type\":\"ImageObject\",\"inLanguage\":\"en-US\",\"@id\":\"https:\\\/\\\/demkohome.pl\\\/produkt\\\/szafka-kuchenna-dolna-30-cm-vanessa\\\/#primaryimage\",\"url\":\"https:\\\/\\\/demkohome.pl\\\/wp-content\\\/uploads\\\/2024\\\/05\\\/Kuchenna-szafka-wiszaca-30-cm-Vanessa-Meble-Okmed-Demko-Home-bialy-dab-sonoma.jpg\",\"contentUrl\":\"https:\\\/\\\/demkohome.pl\\\/wp-content\\\/uploads\\\/2024\\\/05\\\/Kuchenna-szafka-wiszaca-30-cm-Vanessa-Meble-Okmed-Demko-Home-bialy-dab-sonoma.jpg\",\"width\":1024,\"height\":1024,\"caption\":\"Kuchenna szafka wisz\u0105ca 30 cm Vanessa Meble Okmed Demko Home bialy d\u0105b sonoma\"},{\"@type\":\"BreadcrumbList\",\"@id\":\"https:\\\/\\\/demkohome.pl\\\/produkt\\\/szafka-kuchenna-dolna-30-cm-vanessa\\\/#breadcrumb\",\"itemListElement\":[{\"@type\":\"ListItem\",\"position\":1,\"name\":\"Strona g\u0142\u00f3wna\",\"item\":\"https:\\\/\\\/demkohome.pl\\\/\"},{\"@type\":\"ListItem\",\"position\":2,\"name\":\"Sklep\",\"item\":\"https:\\\/\\\/demkohome.pl\\\/sklep\\\/\"},{\"@type\":\"ListItem\",\"position\":3,\"name\":\"Szafka kuchenna stoj\u0105ca 30 cm Vanessa\"}]},{\"@type\":\"WebSite\",\"@id\":\"https:\\\/\\\/demkohome.pl\\\/#website\",\"url\":\"https:\\\/\\\/demkohome.pl\\\/\",\"name\":\"Demko Home\",\"description\":\"Make it simple\",\"publisher\":{\"@id\":\"https:\\\/\\\/demkohome.pl\\\/#organization\"},\"potentialAction\":[{\"@type\":\"SearchAction\",\"target\":{\"@type\":\"EntryPoint\",\"urlTemplate\":\"https:\\\/\\\/demkohome.pl\\\/?s={search_term_string}\"},\"query-input\":{\"@type\":\"PropertyValueSpecification\",\"valueRequired\":true,\"valueName\":\"search_term_string\"}}],\"inLanguage\":\"en-US\"},{\"@type\":\"Organization\",\"@id\":\"https:\\\/\\\/demkohome.pl\\\/#organization\",\"name\":\"Demko Home\",\"url\":\"https:\\\/\\\/demkohome.pl\\\/\",\"logo\":{\"@type\":\"ImageObject\",\"inLanguage\":\"en-US\",\"@id\":\"https:\\\/\\\/demkohome.pl\\\/#\\\/schema\\\/logo\\\/image\\\/\",\"url\":\"https:\\\/\\\/demkohome.pl\\\/wp-content\\\/uploads\\\/2026\\\/03\\\/cropped-3.png\",\"contentUrl\":\"https:\\\/\\\/demkohome.pl\\\/wp-content\\\/uploads\\\/2026\\\/03\\\/cropped-3.png\",\"width\":250,\"height\":63,\"caption\":\"Demko Home\"},\"image\":{\"@id\":\"https:\\\/\\\/demkohome.pl\\\/#\\\/schema\\\/logo\\\/image\\\/\"}}]}<\/script>\n<!-- \/ Yoast SEO plugin. -->","yoast_head_json":{"title":"Szafka kuchenna stoj\u0105ca 30 cm - d\u0105b sonoma | VANESSA | OKMED","robots":{"index":"index","follow":"follow","max-snippet":"max-snippet:-1","max-image-preview":"max-image-preview:large","max-video-preview":"max-video-preview:-1"},"canonical":"https:\/\/demkohome.pl\/en\/product\/szafka-kuchenna-dolna-30-cm-vanessa\/","og_locale":"en_US","og_type":"article","og_title":"Szafka kuchenna stoj\u0105ca 30 cm - d\u0105b sonoma | VANESSA | OKMED","og_description":"Szafka kuchenna stoj\u0105ca 30 cm z kolekcji Vanessa \u2014 niezb\u0119dna w dobrze zaprojektowanym wn\u0119trzu Szukasz rozwi\u0105za\u0144, dzi\u0119ki kt\u00f3rym urz\u0105dzisz kuchni\u0119 (...)","og_url":"https:\/\/demkohome.pl\/en\/product\/szafka-kuchenna-dolna-30-cm-vanessa\/","og_site_name":"Demko Home","article_modified_time":"2026-04-24T13:16:54+00:00","og_image":[{"width":1024,"height":1024,"url":"https:\/\/demkohome.pl\/wp-content\/uploads\/2024\/05\/Kuchenna-szafka-wiszaca-30-cm-Vanessa-Meble-Okmed-Demko-Home-bialy-dab-sonoma.jpg","type":"image\/jpeg"}],"twitter_card":"summary_large_image","twitter_misc":{"Est. reading time":"3 minutes"},"schema":{"@context":"https:\/\/schema.org","@graph":[{"@type":"WebPage","@id":"https:\/\/demkohome.pl\/produkt\/szafka-kuchenna-dolna-30-cm-vanessa\/","url":"https:\/\/demkohome.pl\/produkt\/szafka-kuchenna-dolna-30-cm-vanessa\/","name":"Szafka kuchenna stoj\u0105ca 30 cm - d\u0105b sonoma | VANESSA | OKMED","isPartOf":{"@id":"https:\/\/demkohome.pl\/#website"},"primaryImageOfPage":{"@id":"https:\/\/demkohome.pl\/produkt\/szafka-kuchenna-dolna-30-cm-vanessa\/#primaryimage"},"image":{"@id":"https:\/\/demkohome.pl\/produkt\/szafka-kuchenna-dolna-30-cm-vanessa\/#primaryimage"},"thumbnailUrl":"https:\/\/demkohome.pl\/wp-content\/uploads\/2024\/05\/Kuchenna-szafka-wiszaca-30-cm-Vanessa-Meble-Okmed-Demko-Home-bialy-dab-sonoma.jpg","datePublished":"2024-05-01T07:08:28+00:00","dateModified":"2026-04-24T13:16:54+00:00","breadcrumb":{"@id":"https:\/\/demkohome.pl\/produkt\/szafka-kuchenna-dolna-30-cm-vanessa\/#breadcrumb"},"inLanguage":"en-US","potentialAction":[{"@type":"ReadAction","target":["https:\/\/demkohome.pl\/produkt\/szafka-kuchenna-dolna-30-cm-vanessa\/"]}]},{"@type":"ImageObject","inLanguage":"en-US","@id":"https:\/\/demkohome.pl\/produkt\/szafka-kuchenna-dolna-30-cm-vanessa\/#primaryimage","url":"https:\/\/demkohome.pl\/wp-content\/uploads\/2024\/05\/Kuchenna-szafka-wiszaca-30-cm-Vanessa-Meble-Okmed-Demko-Home-bialy-dab-sonoma.jpg","contentUrl":"https:\/\/demkohome.pl\/wp-content\/uploads\/2024\/05\/Kuchenna-szafka-wiszaca-30-cm-Vanessa-Meble-Okmed-Demko-Home-bialy-dab-sonoma.jpg","width":1024,"height":1024,"caption":"Kuchenna szafka wisz\u0105ca 30 cm Vanessa Meble Okmed Demko Home bialy d\u0105b sonoma"},{"@type":"BreadcrumbList","@id":"https:\/\/demkohome.pl\/produkt\/szafka-kuchenna-dolna-30-cm-vanessa\/#breadcrumb","itemListElement":[{"@type":"ListItem","position":1,"name":"Strona g\u0142\u00f3wna","item":"https:\/\/demkohome.pl\/"},{"@type":"ListItem","position":2,"name":"Sklep","item":"https:\/\/demkohome.pl\/sklep\/"},{"@type":"ListItem","position":3,"name":"Szafka kuchenna stoj\u0105ca 30 cm Vanessa"}]},{"@type":"WebSite","@id":"https:\/\/demkohome.pl\/#website","url":"https:\/\/demkohome.pl\/","name":"Demko Home","description":"Make it simple","publisher":{"@id":"https:\/\/demkohome.pl\/#organization"},"potentialAction":[{"@type":"SearchAction","target":{"@type":"EntryPoint","urlTemplate":"https:\/\/demkohome.pl\/?s={search_term_string}"},"query-input":{"@type":"PropertyValueSpecification","valueRequired":true,"valueName":"search_term_string"}}],"inLanguage":"en-US"},{"@type":"Organization","@id":"https:\/\/demkohome.pl\/#organization","name":"Demko Home","url":"https:\/\/demkohome.pl\/","logo":{"@type":"ImageObject","inLanguage":"en-US","@id":"https:\/\/demkohome.pl\/#\/schema\/logo\/image\/","url":"https:\/\/demkohome.pl\/wp-content\/uploads\/2026\/03\/cropped-3.png","contentUrl":"https:\/\/demkohome.pl\/wp-content\/uploads\/2026\/03\/cropped-3.png","width":250,"height":63,"caption":"Demko Home"},"image":{"@id":"https:\/\/demkohome.pl\/#\/schema\/logo\/image\/"}}]}},"_links":{"self":[{"href":"https:\/\/demkohome.pl\/en\/wp-json\/wp\/v2\/product\/638","targetHints":{"allow":["GET"]}}],"collection":[{"href":"https:\/\/demkohome.pl\/en\/wp-json\/wp\/v2\/product"}],"about":[{"href":"https:\/\/demkohome.pl\/en\/wp-json\/wp\/v2\/types\/product"}],"replies":[{"embeddable":true,"href":"https:\/\/demkohome.pl\/en\/wp-json\/wp\/v2\/comments?post=638"}],"wp:featuredmedia":[{"embeddable":true,"href":"https:\/\/demkohome.pl\/en\/wp-json\/wp\/v2\/media\/10655"}],"wp:attachment":[{"href":"https:\/\/demkohome.pl\/en\/wp-json\/wp\/v2\/media?parent=638"}],"wp:term":[{"taxonomy":"product_brand","embeddable":true,"href":"https:\/\/demkohome.pl\/en\/wp-json\/wp\/v2\/product_brand?post=638"},{"taxonomy":"product_cat","embeddable":true,"href":"https:\/\/demkohome.pl\/en\/wp-json\/wp\/v2\/product_cat?post=638"},{"taxonomy":"product_tag","embeddable":true,"href":"https:\/\/demkohome.pl\/en\/wp-json\/wp\/v2\/product_tag?post=638"}],"curies":[{"name":"wp","href":"https:\/\/api.w.org\/{rel}","templated":true}]}}