{"id":653,"date":"2024-05-01T09:08:25","date_gmt":"2024-05-01T07:08:25","guid":{"rendered":"https:\/\/demkohome.pl\/produkt\/szafka-kuchenna-dolna-40-cm-z-trzema-szufladami-vanessa\/"},"modified":"2026-04-24T15:16:57","modified_gmt":"2026-04-24T13:16:57","slug":"szafka-kuchenna-dolna-40-cm-z-trzema-szufladami-vanessa","status":"publish","type":"product","link":"https:\/\/demkohome.pl\/en\/product\/szafka-kuchenna-dolna-40-cm-z-trzema-szufladami-vanessa\/","title":{"rendered":"Standing kitchen cabinet 40 cm with 3 drawers Vanessa"},"content":{"rendered":"<div style=\"font-family: 'Noto Sans', sans-serif; font-size: 17px;\">\n<h2>Kitchen cabinet with drawers 40 cm Vanessa - a functional complement to the arrangement<\/h2>\n<p>The kitchen is one of the most important rooms in any home. Cleverly designed, it combines functionality, aesthetics and durability for years. In its arrangement can not lack the right equipment. In response to your needs, we created the Vanessa furniture collection, which includes the offered 40 cm kitchen cabinet with drawers. This is a practical proposal distinguished by an eye-pleasing design and excellent quality.<\/p>\n<h3>Standing cabinet with drawers that will complement the kitchen's built-ins<\/h3>\n<p>The kitchen cabinet we offer from the Vanessa collection is a compact piece of furniture that will delight you with its capacity. It consists of 3 practical drawers, in which you can successfully store kitchen accessories, spices and cutlery. This solution is directly created for small rooms and kitchenettes. However, there is no denying that it looks equally impressive in spacious interiors. In a kitchen where everything you need is at your fingertips, cooking can be very pleasant!<\/p>\n<h3>Cabinet with drawers - timeless design in a modern way<\/h3>\n<p>Kitchens decorated with taste attract the eye. We closely follow interior trends, so we have prepared furniture that is distinguished by thoughtful design. Standing kitchen cabinet 40 cm with drawers is a model that will complement almost any interior, regardless of the style in which it is decorated. The furniture consists of a solid body in the fashionable shade of oak sonoma. The whole is complemented by modern white fronts with elegant gloss. For your convenience, the drawers are equipped with subtle handles, which will facilitate the daily use of the furniture.<\/p>\n<h3>Kitchen cabinet 40 cm with drawers - the quality you deserve<\/h3>\n<p>Standing cabinets in the kitchen are an absolute must-have accessory. Certainly, you buy them with long-term use in mind. Choosing the presented cabinet with drawers, you bet on the highest quality. We create our furniture from high-quality materials. Advanced machinery allows us to refine them in even the smallest details. We are confident that with the help of the offered cabinet you will create a functional and fashionable arrangement!<\/p>\n<\/div>","protected":false},"excerpt":{"rendered":"<p>Szafka kuchenna z szufladami 40 cm Vanessa \u2014 funkcjonalne dope\u0142nienie aran\u017cacji Kuchnia jest jednym z najwa\u017cniejszych pomieszcze\u0144 w ka\u017cdym domu. (&#8230;)<\/p>","protected":false},"featured_media":11661,"comment_status":"open","ping_status":"closed","template":"","meta":{"_acf_changed":false,"inline_featured_image":false},"product_brand":[],"product_cat":[528,140,65,137,139,106,107,116],"product_tag":[],"class_list":{"0":"post-653","1":"product","2":"type-product","3":"status-publish","4":"has-post-thumbnail","6":"product_cat-black-friday","7":"product_cat-kuchnia","8":"product_cat-meble-kuchenne","9":"product_cat-meble-systemowe","10":"product_cat-pomieszczenia","11":"product_cat-szafki-kuchenne","12":"product_cat-szafki-kuchenne-stojace","13":"product_cat-vanessa","14":"product_shipping_class-przesylka-dpd-15-pln","15":"collection-vanessa","17":"first","18":"instock","19":"shipping-taxable","20":"purchasable","21":"product-type-simple"},"acf":[],"yoast_head":"<!-- This site is optimized with the Yoast SEO plugin v27.4 - https:\/\/yoast.com\/product\/yoast-seo-wordpress\/ -->\n<title>Szafka kuchenna 40 cm z szufladami - bia\u0142y akryl\/d\u0105b sonoma | VANESSA | OKMED<\/title>\n<meta name=\"robots\" content=\"index, follow, max-snippet:-1, max-image-preview:large, max-video-preview:-1\" \/>\n<link rel=\"canonical\" href=\"https:\/\/demkohome.pl\/en\/product\/szafka-kuchenna-dolna-40-cm-z-trzema-szufladami-vanessa\/\" \/>\n<meta property=\"og:locale\" content=\"en_US\" \/>\n<meta property=\"og:type\" content=\"article\" \/>\n<meta property=\"og:title\" content=\"Szafka kuchenna 40 cm z szufladami - bia\u0142y akryl\/d\u0105b sonoma | VANESSA | OKMED\" \/>\n<meta property=\"og:description\" content=\"Szafka kuchenna z szufladami 40 cm Vanessa \u2014 funkcjonalne dope\u0142nienie aran\u017cacji Kuchnia jest jednym z najwa\u017cniejszych pomieszcze\u0144 w ka\u017cdym domu. (...)\" \/>\n<meta property=\"og:url\" content=\"https:\/\/demkohome.pl\/en\/product\/szafka-kuchenna-dolna-40-cm-z-trzema-szufladami-vanessa\/\" \/>\n<meta property=\"og:site_name\" content=\"Demko Home\" \/>\n<meta property=\"article:modified_time\" content=\"2026-04-24T13:16:57+00:00\" \/>\n<meta property=\"og:image\" content=\"https:\/\/demkohome.pl\/wp-content\/uploads\/2024\/05\/Untitled-image.png\" \/>\n\t<meta property=\"og:image:width\" content=\"868\" \/>\n\t<meta property=\"og:image:height\" content=\"871\" \/>\n\t<meta property=\"og:image:type\" content=\"image\/png\" \/>\n<meta name=\"twitter:card\" content=\"summary_large_image\" \/>\n<meta name=\"twitter:label1\" content=\"Est. reading time\" \/>\n\t<meta name=\"twitter:data1\" content=\"3 minutes\" \/>\n<script type=\"application\/ld+json\" class=\"yoast-schema-graph\">{\"@context\":\"https:\\\/\\\/schema.org\",\"@graph\":[{\"@type\":\"WebPage\",\"@id\":\"https:\\\/\\\/demkohome.pl\\\/produkt\\\/szafka-kuchenna-dolna-40-cm-z-trzema-szufladami-vanessa\\\/\",\"url\":\"https:\\\/\\\/demkohome.pl\\\/produkt\\\/szafka-kuchenna-dolna-40-cm-z-trzema-szufladami-vanessa\\\/\",\"name\":\"Szafka kuchenna 40 cm z szufladami - bia\u0142y akryl\\\/d\u0105b sonoma | VANESSA | OKMED\",\"isPartOf\":{\"@id\":\"https:\\\/\\\/demkohome.pl\\\/#website\"},\"primaryImageOfPage\":{\"@id\":\"https:\\\/\\\/demkohome.pl\\\/produkt\\\/szafka-kuchenna-dolna-40-cm-z-trzema-szufladami-vanessa\\\/#primaryimage\"},\"image\":{\"@id\":\"https:\\\/\\\/demkohome.pl\\\/produkt\\\/szafka-kuchenna-dolna-40-cm-z-trzema-szufladami-vanessa\\\/#primaryimage\"},\"thumbnailUrl\":\"https:\\\/\\\/demkohome.pl\\\/wp-content\\\/uploads\\\/2024\\\/05\\\/Untitled-image.png\",\"datePublished\":\"2024-05-01T07:08:25+00:00\",\"dateModified\":\"2026-04-24T13:16:57+00:00\",\"breadcrumb\":{\"@id\":\"https:\\\/\\\/demkohome.pl\\\/produkt\\\/szafka-kuchenna-dolna-40-cm-z-trzema-szufladami-vanessa\\\/#breadcrumb\"},\"inLanguage\":\"en-US\",\"potentialAction\":[{\"@type\":\"ReadAction\",\"target\":[\"https:\\\/\\\/demkohome.pl\\\/produkt\\\/szafka-kuchenna-dolna-40-cm-z-trzema-szufladami-vanessa\\\/\"]}]},{\"@type\":\"ImageObject\",\"inLanguage\":\"en-US\",\"@id\":\"https:\\\/\\\/demkohome.pl\\\/produkt\\\/szafka-kuchenna-dolna-40-cm-z-trzema-szufladami-vanessa\\\/#primaryimage\",\"url\":\"https:\\\/\\\/demkohome.pl\\\/wp-content\\\/uploads\\\/2024\\\/05\\\/Untitled-image.png\",\"contentUrl\":\"https:\\\/\\\/demkohome.pl\\\/wp-content\\\/uploads\\\/2024\\\/05\\\/Untitled-image.png\",\"width\":868,\"height\":871},{\"@type\":\"BreadcrumbList\",\"@id\":\"https:\\\/\\\/demkohome.pl\\\/produkt\\\/szafka-kuchenna-dolna-40-cm-z-trzema-szufladami-vanessa\\\/#breadcrumb\",\"itemListElement\":[{\"@type\":\"ListItem\",\"position\":1,\"name\":\"Strona g\u0142\u00f3wna\",\"item\":\"https:\\\/\\\/demkohome.pl\\\/\"},{\"@type\":\"ListItem\",\"position\":2,\"name\":\"Sklep\",\"item\":\"https:\\\/\\\/demkohome.pl\\\/sklep\\\/\"},{\"@type\":\"ListItem\",\"position\":3,\"name\":\"Szafka kuchenna stoj\u0105ca 40 cm z 3 szufladami Vanessa\"}]},{\"@type\":\"WebSite\",\"@id\":\"https:\\\/\\\/demkohome.pl\\\/#website\",\"url\":\"https:\\\/\\\/demkohome.pl\\\/\",\"name\":\"Demko Home\",\"description\":\"Make it simple\",\"publisher\":{\"@id\":\"https:\\\/\\\/demkohome.pl\\\/#organization\"},\"potentialAction\":[{\"@type\":\"SearchAction\",\"target\":{\"@type\":\"EntryPoint\",\"urlTemplate\":\"https:\\\/\\\/demkohome.pl\\\/?s={search_term_string}\"},\"query-input\":{\"@type\":\"PropertyValueSpecification\",\"valueRequired\":true,\"valueName\":\"search_term_string\"}}],\"inLanguage\":\"en-US\"},{\"@type\":\"Organization\",\"@id\":\"https:\\\/\\\/demkohome.pl\\\/#organization\",\"name\":\"Demko Home\",\"url\":\"https:\\\/\\\/demkohome.pl\\\/\",\"logo\":{\"@type\":\"ImageObject\",\"inLanguage\":\"en-US\",\"@id\":\"https:\\\/\\\/demkohome.pl\\\/#\\\/schema\\\/logo\\\/image\\\/\",\"url\":\"https:\\\/\\\/demkohome.pl\\\/wp-content\\\/uploads\\\/2026\\\/03\\\/cropped-3.png\",\"contentUrl\":\"https:\\\/\\\/demkohome.pl\\\/wp-content\\\/uploads\\\/2026\\\/03\\\/cropped-3.png\",\"width\":250,\"height\":63,\"caption\":\"Demko Home\"},\"image\":{\"@id\":\"https:\\\/\\\/demkohome.pl\\\/#\\\/schema\\\/logo\\\/image\\\/\"}}]}<\/script>\n<!-- \/ Yoast SEO plugin. -->","yoast_head_json":{"title":"Szafka kuchenna 40 cm z szufladami - bia\u0142y akryl\/d\u0105b sonoma | VANESSA | OKMED","robots":{"index":"index","follow":"follow","max-snippet":"max-snippet:-1","max-image-preview":"max-image-preview:large","max-video-preview":"max-video-preview:-1"},"canonical":"https:\/\/demkohome.pl\/en\/product\/szafka-kuchenna-dolna-40-cm-z-trzema-szufladami-vanessa\/","og_locale":"en_US","og_type":"article","og_title":"Szafka kuchenna 40 cm z szufladami - bia\u0142y akryl\/d\u0105b sonoma | VANESSA | OKMED","og_description":"Szafka kuchenna z szufladami 40 cm Vanessa \u2014 funkcjonalne dope\u0142nienie aran\u017cacji Kuchnia jest jednym z najwa\u017cniejszych pomieszcze\u0144 w ka\u017cdym domu. (...)","og_url":"https:\/\/demkohome.pl\/en\/product\/szafka-kuchenna-dolna-40-cm-z-trzema-szufladami-vanessa\/","og_site_name":"Demko Home","article_modified_time":"2026-04-24T13:16:57+00:00","og_image":[{"width":868,"height":871,"url":"https:\/\/demkohome.pl\/wp-content\/uploads\/2024\/05\/Untitled-image.png","type":"image\/png"}],"twitter_card":"summary_large_image","twitter_misc":{"Est. reading time":"3 minutes"},"schema":{"@context":"https:\/\/schema.org","@graph":[{"@type":"WebPage","@id":"https:\/\/demkohome.pl\/produkt\/szafka-kuchenna-dolna-40-cm-z-trzema-szufladami-vanessa\/","url":"https:\/\/demkohome.pl\/produkt\/szafka-kuchenna-dolna-40-cm-z-trzema-szufladami-vanessa\/","name":"Szafka kuchenna 40 cm z szufladami - bia\u0142y akryl\/d\u0105b sonoma | VANESSA | OKMED","isPartOf":{"@id":"https:\/\/demkohome.pl\/#website"},"primaryImageOfPage":{"@id":"https:\/\/demkohome.pl\/produkt\/szafka-kuchenna-dolna-40-cm-z-trzema-szufladami-vanessa\/#primaryimage"},"image":{"@id":"https:\/\/demkohome.pl\/produkt\/szafka-kuchenna-dolna-40-cm-z-trzema-szufladami-vanessa\/#primaryimage"},"thumbnailUrl":"https:\/\/demkohome.pl\/wp-content\/uploads\/2024\/05\/Untitled-image.png","datePublished":"2024-05-01T07:08:25+00:00","dateModified":"2026-04-24T13:16:57+00:00","breadcrumb":{"@id":"https:\/\/demkohome.pl\/produkt\/szafka-kuchenna-dolna-40-cm-z-trzema-szufladami-vanessa\/#breadcrumb"},"inLanguage":"en-US","potentialAction":[{"@type":"ReadAction","target":["https:\/\/demkohome.pl\/produkt\/szafka-kuchenna-dolna-40-cm-z-trzema-szufladami-vanessa\/"]}]},{"@type":"ImageObject","inLanguage":"en-US","@id":"https:\/\/demkohome.pl\/produkt\/szafka-kuchenna-dolna-40-cm-z-trzema-szufladami-vanessa\/#primaryimage","url":"https:\/\/demkohome.pl\/wp-content\/uploads\/2024\/05\/Untitled-image.png","contentUrl":"https:\/\/demkohome.pl\/wp-content\/uploads\/2024\/05\/Untitled-image.png","width":868,"height":871},{"@type":"BreadcrumbList","@id":"https:\/\/demkohome.pl\/produkt\/szafka-kuchenna-dolna-40-cm-z-trzema-szufladami-vanessa\/#breadcrumb","itemListElement":[{"@type":"ListItem","position":1,"name":"Strona g\u0142\u00f3wna","item":"https:\/\/demkohome.pl\/"},{"@type":"ListItem","position":2,"name":"Sklep","item":"https:\/\/demkohome.pl\/sklep\/"},{"@type":"ListItem","position":3,"name":"Szafka kuchenna stoj\u0105ca 40 cm z 3 szufladami Vanessa"}]},{"@type":"WebSite","@id":"https:\/\/demkohome.pl\/#website","url":"https:\/\/demkohome.pl\/","name":"Demko Home","description":"Make it simple","publisher":{"@id":"https:\/\/demkohome.pl\/#organization"},"potentialAction":[{"@type":"SearchAction","target":{"@type":"EntryPoint","urlTemplate":"https:\/\/demkohome.pl\/?s={search_term_string}"},"query-input":{"@type":"PropertyValueSpecification","valueRequired":true,"valueName":"search_term_string"}}],"inLanguage":"en-US"},{"@type":"Organization","@id":"https:\/\/demkohome.pl\/#organization","name":"Demko Home","url":"https:\/\/demkohome.pl\/","logo":{"@type":"ImageObject","inLanguage":"en-US","@id":"https:\/\/demkohome.pl\/#\/schema\/logo\/image\/","url":"https:\/\/demkohome.pl\/wp-content\/uploads\/2026\/03\/cropped-3.png","contentUrl":"https:\/\/demkohome.pl\/wp-content\/uploads\/2026\/03\/cropped-3.png","width":250,"height":63,"caption":"Demko Home"},"image":{"@id":"https:\/\/demkohome.pl\/#\/schema\/logo\/image\/"}}]}},"_links":{"self":[{"href":"https:\/\/demkohome.pl\/en\/wp-json\/wp\/v2\/product\/653","targetHints":{"allow":["GET"]}}],"collection":[{"href":"https:\/\/demkohome.pl\/en\/wp-json\/wp\/v2\/product"}],"about":[{"href":"https:\/\/demkohome.pl\/en\/wp-json\/wp\/v2\/types\/product"}],"replies":[{"embeddable":true,"href":"https:\/\/demkohome.pl\/en\/wp-json\/wp\/v2\/comments?post=653"}],"wp:featuredmedia":[{"embeddable":true,"href":"https:\/\/demkohome.pl\/en\/wp-json\/wp\/v2\/media\/11661"}],"wp:attachment":[{"href":"https:\/\/demkohome.pl\/en\/wp-json\/wp\/v2\/media?parent=653"}],"wp:term":[{"taxonomy":"product_brand","embeddable":true,"href":"https:\/\/demkohome.pl\/en\/wp-json\/wp\/v2\/product_brand?post=653"},{"taxonomy":"product_cat","embeddable":true,"href":"https:\/\/demkohome.pl\/en\/wp-json\/wp\/v2\/product_cat?post=653"},{"taxonomy":"product_tag","embeddable":true,"href":"https:\/\/demkohome.pl\/en\/wp-json\/wp\/v2\/product_tag?post=653"}],"curies":[{"name":"wp","href":"https:\/\/api.w.org\/{rel}","templated":true}]}}