{"id":663,"date":"2024-05-01T09:08:23","date_gmt":"2024-05-01T07:08:23","guid":{"rendered":"https:\/\/demkohome.pl\/produkt\/szafka-kuchenna-dolna-60-cm-vanessa\/"},"modified":"2026-04-24T15:16:57","modified_gmt":"2026-04-24T13:16:57","slug":"szafka-kuchenna-dolna-60-cm-vanessa","status":"publish","type":"product","link":"https:\/\/demkohome.pl\/en\/product\/szafka-kuchenna-dolna-60-cm-vanessa\/","title":{"rendered":"Vanessa standing kitchen cabinet 60 cm"},"content":{"rendered":"<div style=\"font-family: 'Noto Sans', sans-serif; font-size: 17px;\">\n<h2>Kitchen standing cabinet 60 cm - a remarkable piece of furniture for your interior<\/h2>\n<p>The functionality and design of the kitchen largely depend on the equipment you put in the design. It has been known for a long time that a rationally developed space makes it easier to prepare meals. It also makes you want to spend time in it. So make sure that your kitchen arrangement includes a kitchen standing cabinet 60 cm from the Vanessa collection. This is a proposal designed for people who want to enjoy cooking in an aesthetically pleasing environment.<\/p>\n<h3>Practical kitchen cabinet from the Vanessa collection with a wide range of uses<\/h3>\n<p>In a functional kitchen there is no shortage of utensils, crockery and small appliances. Wondering where to accommodate all this? Certainly, a two-door white kitchen cabinet 60 cm will prove helpful. It is equipped with practical shelves, on which you can freely arrange accessories or dry food products. Noteworthy is its universal character. You can combine it with other items from the Vanessa collection. In this way you will create an original built-in. Our proposal will allow you to customize the equipment according to your individual needs.<\/p>\n<h3>Standing kitchen cabinet 60 cm - modern sonoma oak accompanied by timeless white<\/h3>\n<p>We are well aware of the fact that kitchen equipment must create a harmonious whole. That is why the Vanessa collection could not miss a standing cabinet with a simple form. It will work perfectly in many arrangements. The model we offer consists of an elegant body in the color of oak sonoma and double doors in original glossy white. The whole is complemented by subtle, symmetrically arranged handles.<\/p>\n<h3>Kitchen standing cabinet 60 cm - premium quality at an attractive price<\/h3>\n<p>The standing cabinet we present was made from the best materials available on the market. As a result, you can be sure that it will stay with you for many years. We approach the production process with special care. We create our furniture with respect for the environment. The offered cabinet is FSC\u00ae certified, which means that we support responsible forest management. Bet on proven solutions - choose a cabinet from our offer!<\/p>\n<\/div>","protected":false},"excerpt":{"rendered":"<p>Kuchenna szafka stoj\u0105ca 60 cm \u2014 niebanalny mebel do Twojego wn\u0119trza Funkcjonalno\u015b\u0107 i design kuchni w du\u017cym stopniu zale\u017c\u0105 od (&#8230;)<\/p>","protected":false},"featured_media":10647,"comment_status":"open","ping_status":"closed","template":"","meta":{"_acf_changed":false,"inline_featured_image":false},"product_brand":[],"product_cat":[528,140,65,137,139,106,107,116],"product_tag":[],"class_list":{"0":"post-663","1":"product","2":"type-product","3":"status-publish","4":"has-post-thumbnail","6":"product_cat-black-friday","7":"product_cat-kuchnia","8":"product_cat-meble-kuchenne","9":"product_cat-meble-systemowe","10":"product_cat-pomieszczenia","11":"product_cat-szafki-kuchenne","12":"product_cat-szafki-kuchenne-stojace","13":"product_cat-vanessa","14":"product_shipping_class-przesylka-dpd-15-pln","15":"collection-vanessa","17":"first","18":"instock","19":"shipping-taxable","20":"purchasable","21":"product-type-simple"},"acf":[],"yoast_head":"<!-- This site is optimized with the Yoast SEO plugin v27.4 - https:\/\/yoast.com\/product\/yoast-seo-wordpress\/ -->\n<title>Szafka kuchenna stoj\u0105ca 60 cm - bia\u0142y akryl\/d\u0105b sonoma | VANESSA | OKMED<\/title>\n<meta name=\"robots\" content=\"index, follow, max-snippet:-1, max-image-preview:large, max-video-preview:-1\" \/>\n<link rel=\"canonical\" href=\"https:\/\/demkohome.pl\/en\/product\/szafka-kuchenna-dolna-60-cm-vanessa\/\" \/>\n<meta property=\"og:locale\" content=\"en_US\" \/>\n<meta property=\"og:type\" content=\"article\" \/>\n<meta property=\"og:title\" content=\"Szafka kuchenna stoj\u0105ca 60 cm - bia\u0142y akryl\/d\u0105b sonoma | VANESSA | OKMED\" \/>\n<meta property=\"og:description\" content=\"Kuchenna szafka stoj\u0105ca 60 cm \u2014 niebanalny mebel do Twojego wn\u0119trza Funkcjonalno\u015b\u0107 i design kuchni w du\u017cym stopniu zale\u017c\u0105 od (...)\" \/>\n<meta property=\"og:url\" content=\"https:\/\/demkohome.pl\/en\/product\/szafka-kuchenna-dolna-60-cm-vanessa\/\" \/>\n<meta property=\"og:site_name\" content=\"Demko Home\" \/>\n<meta property=\"article:modified_time\" content=\"2026-04-24T13:16:57+00:00\" \/>\n<meta property=\"og:image\" content=\"https:\/\/demkohome.pl\/wp-content\/uploads\/2024\/05\/Szafka-kuchenna-dolna-o-60-cm-szerokosci-Vanessa-w-kolorze-bialy-i-dab-sonoma-od-Demko-Home-Meble-Okmed.jpg\" \/>\n\t<meta property=\"og:image:width\" content=\"1024\" \/>\n\t<meta property=\"og:image:height\" content=\"1024\" \/>\n\t<meta property=\"og:image:type\" content=\"image\/jpeg\" \/>\n<meta name=\"twitter:card\" content=\"summary_large_image\" \/>\n<meta name=\"twitter:label1\" content=\"Est. reading time\" \/>\n\t<meta name=\"twitter:data1\" content=\"3 minutes\" \/>\n<script type=\"application\/ld+json\" class=\"yoast-schema-graph\">{\"@context\":\"https:\\\/\\\/schema.org\",\"@graph\":[{\"@type\":\"WebPage\",\"@id\":\"https:\\\/\\\/demkohome.pl\\\/produkt\\\/szafka-kuchenna-dolna-60-cm-vanessa\\\/\",\"url\":\"https:\\\/\\\/demkohome.pl\\\/produkt\\\/szafka-kuchenna-dolna-60-cm-vanessa\\\/\",\"name\":\"Szafka kuchenna stoj\u0105ca 60 cm - bia\u0142y akryl\\\/d\u0105b sonoma | VANESSA | OKMED\",\"isPartOf\":{\"@id\":\"https:\\\/\\\/demkohome.pl\\\/#website\"},\"primaryImageOfPage\":{\"@id\":\"https:\\\/\\\/demkohome.pl\\\/produkt\\\/szafka-kuchenna-dolna-60-cm-vanessa\\\/#primaryimage\"},\"image\":{\"@id\":\"https:\\\/\\\/demkohome.pl\\\/produkt\\\/szafka-kuchenna-dolna-60-cm-vanessa\\\/#primaryimage\"},\"thumbnailUrl\":\"https:\\\/\\\/demkohome.pl\\\/wp-content\\\/uploads\\\/2024\\\/05\\\/Szafka-kuchenna-dolna-o-60-cm-szerokosci-Vanessa-w-kolorze-bialy-i-dab-sonoma-od-Demko-Home-Meble-Okmed.jpg\",\"datePublished\":\"2024-05-01T07:08:23+00:00\",\"dateModified\":\"2026-04-24T13:16:57+00:00\",\"breadcrumb\":{\"@id\":\"https:\\\/\\\/demkohome.pl\\\/produkt\\\/szafka-kuchenna-dolna-60-cm-vanessa\\\/#breadcrumb\"},\"inLanguage\":\"en-US\",\"potentialAction\":[{\"@type\":\"ReadAction\",\"target\":[\"https:\\\/\\\/demkohome.pl\\\/produkt\\\/szafka-kuchenna-dolna-60-cm-vanessa\\\/\"]}]},{\"@type\":\"ImageObject\",\"inLanguage\":\"en-US\",\"@id\":\"https:\\\/\\\/demkohome.pl\\\/produkt\\\/szafka-kuchenna-dolna-60-cm-vanessa\\\/#primaryimage\",\"url\":\"https:\\\/\\\/demkohome.pl\\\/wp-content\\\/uploads\\\/2024\\\/05\\\/Szafka-kuchenna-dolna-o-60-cm-szerokosci-Vanessa-w-kolorze-bialy-i-dab-sonoma-od-Demko-Home-Meble-Okmed.jpg\",\"contentUrl\":\"https:\\\/\\\/demkohome.pl\\\/wp-content\\\/uploads\\\/2024\\\/05\\\/Szafka-kuchenna-dolna-o-60-cm-szerokosci-Vanessa-w-kolorze-bialy-i-dab-sonoma-od-Demko-Home-Meble-Okmed.jpg\",\"width\":1024,\"height\":1024,\"caption\":\"Szafka kuchenna dolna o 60 cm szeroko\u015bci Vanessa w kolorze bialy i d\u0105b sonoma od Demko Home Meble Okmed\"},{\"@type\":\"BreadcrumbList\",\"@id\":\"https:\\\/\\\/demkohome.pl\\\/produkt\\\/szafka-kuchenna-dolna-60-cm-vanessa\\\/#breadcrumb\",\"itemListElement\":[{\"@type\":\"ListItem\",\"position\":1,\"name\":\"Strona g\u0142\u00f3wna\",\"item\":\"https:\\\/\\\/demkohome.pl\\\/\"},{\"@type\":\"ListItem\",\"position\":2,\"name\":\"Sklep\",\"item\":\"https:\\\/\\\/demkohome.pl\\\/sklep\\\/\"},{\"@type\":\"ListItem\",\"position\":3,\"name\":\"Szafka kuchenna stoj\u0105ca 60 cm Vanessa\"}]},{\"@type\":\"WebSite\",\"@id\":\"https:\\\/\\\/demkohome.pl\\\/#website\",\"url\":\"https:\\\/\\\/demkohome.pl\\\/\",\"name\":\"Demko Home\",\"description\":\"Make it simple\",\"publisher\":{\"@id\":\"https:\\\/\\\/demkohome.pl\\\/#organization\"},\"potentialAction\":[{\"@type\":\"SearchAction\",\"target\":{\"@type\":\"EntryPoint\",\"urlTemplate\":\"https:\\\/\\\/demkohome.pl\\\/?s={search_term_string}\"},\"query-input\":{\"@type\":\"PropertyValueSpecification\",\"valueRequired\":true,\"valueName\":\"search_term_string\"}}],\"inLanguage\":\"en-US\"},{\"@type\":\"Organization\",\"@id\":\"https:\\\/\\\/demkohome.pl\\\/#organization\",\"name\":\"Demko Home\",\"url\":\"https:\\\/\\\/demkohome.pl\\\/\",\"logo\":{\"@type\":\"ImageObject\",\"inLanguage\":\"en-US\",\"@id\":\"https:\\\/\\\/demkohome.pl\\\/#\\\/schema\\\/logo\\\/image\\\/\",\"url\":\"https:\\\/\\\/demkohome.pl\\\/wp-content\\\/uploads\\\/2026\\\/03\\\/cropped-3.png\",\"contentUrl\":\"https:\\\/\\\/demkohome.pl\\\/wp-content\\\/uploads\\\/2026\\\/03\\\/cropped-3.png\",\"width\":250,\"height\":63,\"caption\":\"Demko Home\"},\"image\":{\"@id\":\"https:\\\/\\\/demkohome.pl\\\/#\\\/schema\\\/logo\\\/image\\\/\"}}]}<\/script>\n<!-- \/ Yoast SEO plugin. -->","yoast_head_json":{"title":"Szafka kuchenna stoj\u0105ca 60 cm - bia\u0142y akryl\/d\u0105b sonoma | VANESSA | OKMED","robots":{"index":"index","follow":"follow","max-snippet":"max-snippet:-1","max-image-preview":"max-image-preview:large","max-video-preview":"max-video-preview:-1"},"canonical":"https:\/\/demkohome.pl\/en\/product\/szafka-kuchenna-dolna-60-cm-vanessa\/","og_locale":"en_US","og_type":"article","og_title":"Szafka kuchenna stoj\u0105ca 60 cm - bia\u0142y akryl\/d\u0105b sonoma | VANESSA | OKMED","og_description":"Kuchenna szafka stoj\u0105ca 60 cm \u2014 niebanalny mebel do Twojego wn\u0119trza Funkcjonalno\u015b\u0107 i design kuchni w du\u017cym stopniu zale\u017c\u0105 od (...)","og_url":"https:\/\/demkohome.pl\/en\/product\/szafka-kuchenna-dolna-60-cm-vanessa\/","og_site_name":"Demko Home","article_modified_time":"2026-04-24T13:16:57+00:00","og_image":[{"width":1024,"height":1024,"url":"https:\/\/demkohome.pl\/wp-content\/uploads\/2024\/05\/Szafka-kuchenna-dolna-o-60-cm-szerokosci-Vanessa-w-kolorze-bialy-i-dab-sonoma-od-Demko-Home-Meble-Okmed.jpg","type":"image\/jpeg"}],"twitter_card":"summary_large_image","twitter_misc":{"Est. reading time":"3 minutes"},"schema":{"@context":"https:\/\/schema.org","@graph":[{"@type":"WebPage","@id":"https:\/\/demkohome.pl\/produkt\/szafka-kuchenna-dolna-60-cm-vanessa\/","url":"https:\/\/demkohome.pl\/produkt\/szafka-kuchenna-dolna-60-cm-vanessa\/","name":"Szafka kuchenna stoj\u0105ca 60 cm - bia\u0142y akryl\/d\u0105b sonoma | VANESSA | OKMED","isPartOf":{"@id":"https:\/\/demkohome.pl\/#website"},"primaryImageOfPage":{"@id":"https:\/\/demkohome.pl\/produkt\/szafka-kuchenna-dolna-60-cm-vanessa\/#primaryimage"},"image":{"@id":"https:\/\/demkohome.pl\/produkt\/szafka-kuchenna-dolna-60-cm-vanessa\/#primaryimage"},"thumbnailUrl":"https:\/\/demkohome.pl\/wp-content\/uploads\/2024\/05\/Szafka-kuchenna-dolna-o-60-cm-szerokosci-Vanessa-w-kolorze-bialy-i-dab-sonoma-od-Demko-Home-Meble-Okmed.jpg","datePublished":"2024-05-01T07:08:23+00:00","dateModified":"2026-04-24T13:16:57+00:00","breadcrumb":{"@id":"https:\/\/demkohome.pl\/produkt\/szafka-kuchenna-dolna-60-cm-vanessa\/#breadcrumb"},"inLanguage":"en-US","potentialAction":[{"@type":"ReadAction","target":["https:\/\/demkohome.pl\/produkt\/szafka-kuchenna-dolna-60-cm-vanessa\/"]}]},{"@type":"ImageObject","inLanguage":"en-US","@id":"https:\/\/demkohome.pl\/produkt\/szafka-kuchenna-dolna-60-cm-vanessa\/#primaryimage","url":"https:\/\/demkohome.pl\/wp-content\/uploads\/2024\/05\/Szafka-kuchenna-dolna-o-60-cm-szerokosci-Vanessa-w-kolorze-bialy-i-dab-sonoma-od-Demko-Home-Meble-Okmed.jpg","contentUrl":"https:\/\/demkohome.pl\/wp-content\/uploads\/2024\/05\/Szafka-kuchenna-dolna-o-60-cm-szerokosci-Vanessa-w-kolorze-bialy-i-dab-sonoma-od-Demko-Home-Meble-Okmed.jpg","width":1024,"height":1024,"caption":"Szafka kuchenna dolna o 60 cm szeroko\u015bci Vanessa w kolorze bialy i d\u0105b sonoma od Demko Home Meble Okmed"},{"@type":"BreadcrumbList","@id":"https:\/\/demkohome.pl\/produkt\/szafka-kuchenna-dolna-60-cm-vanessa\/#breadcrumb","itemListElement":[{"@type":"ListItem","position":1,"name":"Strona g\u0142\u00f3wna","item":"https:\/\/demkohome.pl\/"},{"@type":"ListItem","position":2,"name":"Sklep","item":"https:\/\/demkohome.pl\/sklep\/"},{"@type":"ListItem","position":3,"name":"Szafka kuchenna stoj\u0105ca 60 cm Vanessa"}]},{"@type":"WebSite","@id":"https:\/\/demkohome.pl\/#website","url":"https:\/\/demkohome.pl\/","name":"Demko Home","description":"Make it simple","publisher":{"@id":"https:\/\/demkohome.pl\/#organization"},"potentialAction":[{"@type":"SearchAction","target":{"@type":"EntryPoint","urlTemplate":"https:\/\/demkohome.pl\/?s={search_term_string}"},"query-input":{"@type":"PropertyValueSpecification","valueRequired":true,"valueName":"search_term_string"}}],"inLanguage":"en-US"},{"@type":"Organization","@id":"https:\/\/demkohome.pl\/#organization","name":"Demko Home","url":"https:\/\/demkohome.pl\/","logo":{"@type":"ImageObject","inLanguage":"en-US","@id":"https:\/\/demkohome.pl\/#\/schema\/logo\/image\/","url":"https:\/\/demkohome.pl\/wp-content\/uploads\/2026\/03\/cropped-3.png","contentUrl":"https:\/\/demkohome.pl\/wp-content\/uploads\/2026\/03\/cropped-3.png","width":250,"height":63,"caption":"Demko Home"},"image":{"@id":"https:\/\/demkohome.pl\/#\/schema\/logo\/image\/"}}]}},"_links":{"self":[{"href":"https:\/\/demkohome.pl\/en\/wp-json\/wp\/v2\/product\/663","targetHints":{"allow":["GET"]}}],"collection":[{"href":"https:\/\/demkohome.pl\/en\/wp-json\/wp\/v2\/product"}],"about":[{"href":"https:\/\/demkohome.pl\/en\/wp-json\/wp\/v2\/types\/product"}],"replies":[{"embeddable":true,"href":"https:\/\/demkohome.pl\/en\/wp-json\/wp\/v2\/comments?post=663"}],"wp:featuredmedia":[{"embeddable":true,"href":"https:\/\/demkohome.pl\/en\/wp-json\/wp\/v2\/media\/10647"}],"wp:attachment":[{"href":"https:\/\/demkohome.pl\/en\/wp-json\/wp\/v2\/media?parent=663"}],"wp:term":[{"taxonomy":"product_brand","embeddable":true,"href":"https:\/\/demkohome.pl\/en\/wp-json\/wp\/v2\/product_brand?post=663"},{"taxonomy":"product_cat","embeddable":true,"href":"https:\/\/demkohome.pl\/en\/wp-json\/wp\/v2\/product_cat?post=663"},{"taxonomy":"product_tag","embeddable":true,"href":"https:\/\/demkohome.pl\/en\/wp-json\/wp\/v2\/product_tag?post=663"}],"curies":[{"name":"wp","href":"https:\/\/api.w.org\/{rel}","templated":true}]}}