{"id":678,"date":"2024-05-01T09:08:21","date_gmt":"2024-05-01T07:08:21","guid":{"rendered":"https:\/\/demkohome.pl\/produkt\/szafka-kuchenna-dolna-60-cm-z-trzema-szufladami-vanessa\/"},"modified":"2026-04-24T15:16:57","modified_gmt":"2026-04-24T13:16:57","slug":"szafka-kuchenna-dolna-60-cm-z-trzema-szufladami-vanessa","status":"publish","type":"product","link":"https:\/\/demkohome.pl\/en\/product\/szafka-kuchenna-dolna-60-cm-z-trzema-szufladami-vanessa\/","title":{"rendered":"Standing kitchen cabinet 60 cm with 3 drawers Vanessa"},"content":{"rendered":"<div style=\"font-family: 'Noto Sans', sans-serif; font-size: 17px;\">\n<h2>Standing kitchen cabinet 60 cm with 3 drawers from the Vanessa collection - a combination of spaciousness and functionality<\/h2>\n<p>Do you dream of a kitchen that combines elegance and practicality? Standing kitchen cabinet 60 cm with 3 drawers from the Vanessa collection is the perfect choice. With white glossy fronts and laminated particleboard in the shade of Sonoma oak, this piece of furniture is not only aesthetically pleasing, but also extremely functional. The simple, minimalist form makes the cabinet fit perfectly into various kitchen arrangements.<\/p>\n<h3>Practicality in every kitchen<\/h3>\n<p>Well-planned kitchen space significantly affects its functionality and convenience. Standing kitchen cabinet 60 cm with 3 drawers from the Vanessa collection is a solution that will allow you to make optimal use of the available space. Its dimensions: 60 x 81 x 56 cm make the cabinet ideal for both large and small kitchens. Three capacious drawers allow you to conveniently store various kitchen accessories, so everything you need is always at hand.<br \/>\nOne of the key advantages of the cabinet is the silent closing mechanism, which provides comfort and adds elegance to any kitchen.<\/p>\n<h3>Aesthetics and precision workmanship<\/h3>\n<p>Standing kitchen cabinet 60 cm with 3 drawers from the Vanessa collection is distinguished by its elegant design and attention to detail. The body in the shade of Sonoma oak perfectly harmonizes with white glossy fronts, creating a harmonious and modern whole. Giving up decorative details in favor of simple, modern handles gives the furniture a unique character. The cabinet will be perfect for interiors maintained in modernist, Scandinavian, minimalist, glamorous and elegant styles.<\/p>\n<h3>Standing kitchen cabinet 60 cm with 3 drawers - oak Sonoma in the collection of modular furniture Vanessa<\/h3>\n<p>The 60 cm standing kitchen cabinet with 3 drawers from the Vanessa collection, like other elements of this set, has a body in the shade of Sonoma oak. This is a characteristic feature of this collection, which allows you to harmoniously combine different modules. However, if you prefer individual solutions, the free-standing cabinet will also look great, adding elegance and functionality to your kitchen.<\/p>\n<\/div>","protected":false},"excerpt":{"rendered":"<p>Szafka kuchenna stoj\u0105ca 60 cm z 3 szufladami z kolekcji Vanessa \u2014 po\u0142\u0105czenie przestronno\u015bci i funkcjonalno\u015bci Marzysz o kuchni, kt\u00f3ra (&#8230;)<\/p>","protected":false},"featured_media":10633,"comment_status":"open","ping_status":"closed","template":"","meta":{"_acf_changed":false,"inline_featured_image":false},"product_brand":[],"product_cat":[528,140,65,137,139,106,107,116],"product_tag":[],"class_list":{"0":"post-678","1":"product","2":"type-product","3":"status-publish","4":"has-post-thumbnail","6":"product_cat-black-friday","7":"product_cat-kuchnia","8":"product_cat-meble-kuchenne","9":"product_cat-meble-systemowe","10":"product_cat-pomieszczenia","11":"product_cat-szafki-kuchenne","12":"product_cat-szafki-kuchenne-stojace","13":"product_cat-vanessa","14":"product_shipping_class-przesylka-dpd-15-pln","15":"collection-vanessa","17":"first","18":"instock","19":"shipping-taxable","20":"purchasable","21":"product-type-simple"},"acf":[],"yoast_head":"<!-- This site is optimized with the Yoast SEO plugin v27.4 - https:\/\/yoast.com\/product\/yoast-seo-wordpress\/ -->\n<title>Szafka kuchenna stoj\u0105ca 60 cm z 3 szufladami Vanessa - Demko Home<\/title>\n<meta name=\"robots\" content=\"index, follow, max-snippet:-1, max-image-preview:large, max-video-preview:-1\" \/>\n<link rel=\"canonical\" href=\"https:\/\/demkohome.pl\/en\/product\/szafka-kuchenna-dolna-60-cm-z-trzema-szufladami-vanessa\/\" \/>\n<meta property=\"og:locale\" content=\"en_US\" \/>\n<meta property=\"og:type\" content=\"article\" \/>\n<meta property=\"og:title\" content=\"Szafka kuchenna stoj\u0105ca 60 cm z 3 szufladami Vanessa - Demko Home\" \/>\n<meta property=\"og:description\" content=\"Szafka kuchenna stoj\u0105ca 60 cm z 3 szufladami z kolekcji Vanessa \u2014 po\u0142\u0105czenie przestronno\u015bci i funkcjonalno\u015bci Marzysz o kuchni, kt\u00f3ra (...)\" \/>\n<meta property=\"og:url\" content=\"https:\/\/demkohome.pl\/en\/product\/szafka-kuchenna-dolna-60-cm-z-trzema-szufladami-vanessa\/\" \/>\n<meta property=\"og:site_name\" content=\"Demko Home\" \/>\n<meta property=\"article:modified_time\" content=\"2026-04-24T13:16:57+00:00\" \/>\n<meta property=\"og:image\" content=\"https:\/\/demkohome.pl\/wp-content\/uploads\/2024\/05\/Szafka-kuchenna-dolna-60-cm-z-trzema-szufladami-Vanessa-Demko-Home-Meble-Okmed-kolor-bialy-dab-sonoma.jpg\" \/>\n\t<meta property=\"og:image:width\" content=\"1024\" \/>\n\t<meta property=\"og:image:height\" content=\"1024\" \/>\n\t<meta property=\"og:image:type\" content=\"image\/jpeg\" \/>\n<meta name=\"twitter:card\" content=\"summary_large_image\" \/>\n<meta name=\"twitter:label1\" content=\"Est. reading time\" \/>\n\t<meta name=\"twitter:data1\" content=\"3 minutes\" \/>\n<script type=\"application\/ld+json\" class=\"yoast-schema-graph\">{\"@context\":\"https:\\\/\\\/schema.org\",\"@graph\":[{\"@type\":\"WebPage\",\"@id\":\"https:\\\/\\\/demkohome.pl\\\/produkt\\\/szafka-kuchenna-dolna-60-cm-z-trzema-szufladami-vanessa\\\/\",\"url\":\"https:\\\/\\\/demkohome.pl\\\/produkt\\\/szafka-kuchenna-dolna-60-cm-z-trzema-szufladami-vanessa\\\/\",\"name\":\"Szafka kuchenna stoj\u0105ca 60 cm z 3 szufladami Vanessa - Demko Home\",\"isPartOf\":{\"@id\":\"https:\\\/\\\/demkohome.pl\\\/#website\"},\"primaryImageOfPage\":{\"@id\":\"https:\\\/\\\/demkohome.pl\\\/produkt\\\/szafka-kuchenna-dolna-60-cm-z-trzema-szufladami-vanessa\\\/#primaryimage\"},\"image\":{\"@id\":\"https:\\\/\\\/demkohome.pl\\\/produkt\\\/szafka-kuchenna-dolna-60-cm-z-trzema-szufladami-vanessa\\\/#primaryimage\"},\"thumbnailUrl\":\"https:\\\/\\\/demkohome.pl\\\/wp-content\\\/uploads\\\/2024\\\/05\\\/Szafka-kuchenna-dolna-60-cm-z-trzema-szufladami-Vanessa-Demko-Home-Meble-Okmed-kolor-bialy-dab-sonoma.jpg\",\"datePublished\":\"2024-05-01T07:08:21+00:00\",\"dateModified\":\"2026-04-24T13:16:57+00:00\",\"breadcrumb\":{\"@id\":\"https:\\\/\\\/demkohome.pl\\\/produkt\\\/szafka-kuchenna-dolna-60-cm-z-trzema-szufladami-vanessa\\\/#breadcrumb\"},\"inLanguage\":\"en-US\",\"potentialAction\":[{\"@type\":\"ReadAction\",\"target\":[\"https:\\\/\\\/demkohome.pl\\\/produkt\\\/szafka-kuchenna-dolna-60-cm-z-trzema-szufladami-vanessa\\\/\"]}]},{\"@type\":\"ImageObject\",\"inLanguage\":\"en-US\",\"@id\":\"https:\\\/\\\/demkohome.pl\\\/produkt\\\/szafka-kuchenna-dolna-60-cm-z-trzema-szufladami-vanessa\\\/#primaryimage\",\"url\":\"https:\\\/\\\/demkohome.pl\\\/wp-content\\\/uploads\\\/2024\\\/05\\\/Szafka-kuchenna-dolna-60-cm-z-trzema-szufladami-Vanessa-Demko-Home-Meble-Okmed-kolor-bialy-dab-sonoma.jpg\",\"contentUrl\":\"https:\\\/\\\/demkohome.pl\\\/wp-content\\\/uploads\\\/2024\\\/05\\\/Szafka-kuchenna-dolna-60-cm-z-trzema-szufladami-Vanessa-Demko-Home-Meble-Okmed-kolor-bialy-dab-sonoma.jpg\",\"width\":1024,\"height\":1024,\"caption\":\"Szafka kuchenna dolna 60 cm z trzema szufladami Vanessa Demko Home Meble Okmed kolor bialy d\u0105b sonoma\"},{\"@type\":\"BreadcrumbList\",\"@id\":\"https:\\\/\\\/demkohome.pl\\\/produkt\\\/szafka-kuchenna-dolna-60-cm-z-trzema-szufladami-vanessa\\\/#breadcrumb\",\"itemListElement\":[{\"@type\":\"ListItem\",\"position\":1,\"name\":\"Strona g\u0142\u00f3wna\",\"item\":\"https:\\\/\\\/demkohome.pl\\\/\"},{\"@type\":\"ListItem\",\"position\":2,\"name\":\"Sklep\",\"item\":\"https:\\\/\\\/demkohome.pl\\\/sklep\\\/\"},{\"@type\":\"ListItem\",\"position\":3,\"name\":\"Szafka kuchenna stoj\u0105ca 60 cm z 3 szufladami Vanessa\"}]},{\"@type\":\"WebSite\",\"@id\":\"https:\\\/\\\/demkohome.pl\\\/#website\",\"url\":\"https:\\\/\\\/demkohome.pl\\\/\",\"name\":\"Demko Home\",\"description\":\"Make it simple\",\"publisher\":{\"@id\":\"https:\\\/\\\/demkohome.pl\\\/#organization\"},\"potentialAction\":[{\"@type\":\"SearchAction\",\"target\":{\"@type\":\"EntryPoint\",\"urlTemplate\":\"https:\\\/\\\/demkohome.pl\\\/?s={search_term_string}\"},\"query-input\":{\"@type\":\"PropertyValueSpecification\",\"valueRequired\":true,\"valueName\":\"search_term_string\"}}],\"inLanguage\":\"en-US\"},{\"@type\":\"Organization\",\"@id\":\"https:\\\/\\\/demkohome.pl\\\/#organization\",\"name\":\"Demko Home\",\"url\":\"https:\\\/\\\/demkohome.pl\\\/\",\"logo\":{\"@type\":\"ImageObject\",\"inLanguage\":\"en-US\",\"@id\":\"https:\\\/\\\/demkohome.pl\\\/#\\\/schema\\\/logo\\\/image\\\/\",\"url\":\"https:\\\/\\\/demkohome.pl\\\/wp-content\\\/uploads\\\/2026\\\/03\\\/cropped-3.png\",\"contentUrl\":\"https:\\\/\\\/demkohome.pl\\\/wp-content\\\/uploads\\\/2026\\\/03\\\/cropped-3.png\",\"width\":250,\"height\":63,\"caption\":\"Demko Home\"},\"image\":{\"@id\":\"https:\\\/\\\/demkohome.pl\\\/#\\\/schema\\\/logo\\\/image\\\/\"}}]}<\/script>\n<!-- \/ Yoast SEO plugin. -->","yoast_head_json":{"title":"Szafka kuchenna stoj\u0105ca 60 cm z 3 szufladami Vanessa - Demko Home","robots":{"index":"index","follow":"follow","max-snippet":"max-snippet:-1","max-image-preview":"max-image-preview:large","max-video-preview":"max-video-preview:-1"},"canonical":"https:\/\/demkohome.pl\/en\/product\/szafka-kuchenna-dolna-60-cm-z-trzema-szufladami-vanessa\/","og_locale":"en_US","og_type":"article","og_title":"Szafka kuchenna stoj\u0105ca 60 cm z 3 szufladami Vanessa - Demko Home","og_description":"Szafka kuchenna stoj\u0105ca 60 cm z 3 szufladami z kolekcji Vanessa \u2014 po\u0142\u0105czenie przestronno\u015bci i funkcjonalno\u015bci Marzysz o kuchni, kt\u00f3ra (...)","og_url":"https:\/\/demkohome.pl\/en\/product\/szafka-kuchenna-dolna-60-cm-z-trzema-szufladami-vanessa\/","og_site_name":"Demko Home","article_modified_time":"2026-04-24T13:16:57+00:00","og_image":[{"width":1024,"height":1024,"url":"https:\/\/demkohome.pl\/wp-content\/uploads\/2024\/05\/Szafka-kuchenna-dolna-60-cm-z-trzema-szufladami-Vanessa-Demko-Home-Meble-Okmed-kolor-bialy-dab-sonoma.jpg","type":"image\/jpeg"}],"twitter_card":"summary_large_image","twitter_misc":{"Est. reading time":"3 minutes"},"schema":{"@context":"https:\/\/schema.org","@graph":[{"@type":"WebPage","@id":"https:\/\/demkohome.pl\/produkt\/szafka-kuchenna-dolna-60-cm-z-trzema-szufladami-vanessa\/","url":"https:\/\/demkohome.pl\/produkt\/szafka-kuchenna-dolna-60-cm-z-trzema-szufladami-vanessa\/","name":"Szafka kuchenna stoj\u0105ca 60 cm z 3 szufladami Vanessa - Demko Home","isPartOf":{"@id":"https:\/\/demkohome.pl\/#website"},"primaryImageOfPage":{"@id":"https:\/\/demkohome.pl\/produkt\/szafka-kuchenna-dolna-60-cm-z-trzema-szufladami-vanessa\/#primaryimage"},"image":{"@id":"https:\/\/demkohome.pl\/produkt\/szafka-kuchenna-dolna-60-cm-z-trzema-szufladami-vanessa\/#primaryimage"},"thumbnailUrl":"https:\/\/demkohome.pl\/wp-content\/uploads\/2024\/05\/Szafka-kuchenna-dolna-60-cm-z-trzema-szufladami-Vanessa-Demko-Home-Meble-Okmed-kolor-bialy-dab-sonoma.jpg","datePublished":"2024-05-01T07:08:21+00:00","dateModified":"2026-04-24T13:16:57+00:00","breadcrumb":{"@id":"https:\/\/demkohome.pl\/produkt\/szafka-kuchenna-dolna-60-cm-z-trzema-szufladami-vanessa\/#breadcrumb"},"inLanguage":"en-US","potentialAction":[{"@type":"ReadAction","target":["https:\/\/demkohome.pl\/produkt\/szafka-kuchenna-dolna-60-cm-z-trzema-szufladami-vanessa\/"]}]},{"@type":"ImageObject","inLanguage":"en-US","@id":"https:\/\/demkohome.pl\/produkt\/szafka-kuchenna-dolna-60-cm-z-trzema-szufladami-vanessa\/#primaryimage","url":"https:\/\/demkohome.pl\/wp-content\/uploads\/2024\/05\/Szafka-kuchenna-dolna-60-cm-z-trzema-szufladami-Vanessa-Demko-Home-Meble-Okmed-kolor-bialy-dab-sonoma.jpg","contentUrl":"https:\/\/demkohome.pl\/wp-content\/uploads\/2024\/05\/Szafka-kuchenna-dolna-60-cm-z-trzema-szufladami-Vanessa-Demko-Home-Meble-Okmed-kolor-bialy-dab-sonoma.jpg","width":1024,"height":1024,"caption":"Szafka kuchenna dolna 60 cm z trzema szufladami Vanessa Demko Home Meble Okmed kolor bialy d\u0105b sonoma"},{"@type":"BreadcrumbList","@id":"https:\/\/demkohome.pl\/produkt\/szafka-kuchenna-dolna-60-cm-z-trzema-szufladami-vanessa\/#breadcrumb","itemListElement":[{"@type":"ListItem","position":1,"name":"Strona g\u0142\u00f3wna","item":"https:\/\/demkohome.pl\/"},{"@type":"ListItem","position":2,"name":"Sklep","item":"https:\/\/demkohome.pl\/sklep\/"},{"@type":"ListItem","position":3,"name":"Szafka kuchenna stoj\u0105ca 60 cm z 3 szufladami Vanessa"}]},{"@type":"WebSite","@id":"https:\/\/demkohome.pl\/#website","url":"https:\/\/demkohome.pl\/","name":"Demko Home","description":"Make it simple","publisher":{"@id":"https:\/\/demkohome.pl\/#organization"},"potentialAction":[{"@type":"SearchAction","target":{"@type":"EntryPoint","urlTemplate":"https:\/\/demkohome.pl\/?s={search_term_string}"},"query-input":{"@type":"PropertyValueSpecification","valueRequired":true,"valueName":"search_term_string"}}],"inLanguage":"en-US"},{"@type":"Organization","@id":"https:\/\/demkohome.pl\/#organization","name":"Demko Home","url":"https:\/\/demkohome.pl\/","logo":{"@type":"ImageObject","inLanguage":"en-US","@id":"https:\/\/demkohome.pl\/#\/schema\/logo\/image\/","url":"https:\/\/demkohome.pl\/wp-content\/uploads\/2026\/03\/cropped-3.png","contentUrl":"https:\/\/demkohome.pl\/wp-content\/uploads\/2026\/03\/cropped-3.png","width":250,"height":63,"caption":"Demko Home"},"image":{"@id":"https:\/\/demkohome.pl\/#\/schema\/logo\/image\/"}}]}},"_links":{"self":[{"href":"https:\/\/demkohome.pl\/en\/wp-json\/wp\/v2\/product\/678","targetHints":{"allow":["GET"]}}],"collection":[{"href":"https:\/\/demkohome.pl\/en\/wp-json\/wp\/v2\/product"}],"about":[{"href":"https:\/\/demkohome.pl\/en\/wp-json\/wp\/v2\/types\/product"}],"replies":[{"embeddable":true,"href":"https:\/\/demkohome.pl\/en\/wp-json\/wp\/v2\/comments?post=678"}],"wp:featuredmedia":[{"embeddable":true,"href":"https:\/\/demkohome.pl\/en\/wp-json\/wp\/v2\/media\/10633"}],"wp:attachment":[{"href":"https:\/\/demkohome.pl\/en\/wp-json\/wp\/v2\/media?parent=678"}],"wp:term":[{"taxonomy":"product_brand","embeddable":true,"href":"https:\/\/demkohome.pl\/en\/wp-json\/wp\/v2\/product_brand?post=678"},{"taxonomy":"product_cat","embeddable":true,"href":"https:\/\/demkohome.pl\/en\/wp-json\/wp\/v2\/product_cat?post=678"},{"taxonomy":"product_tag","embeddable":true,"href":"https:\/\/demkohome.pl\/en\/wp-json\/wp\/v2\/product_tag?post=678"}],"curies":[{"name":"wp","href":"https:\/\/api.w.org\/{rel}","templated":true}]}}